{"id":25269,"date":"2025-01-08T07:39:51","date_gmt":"2025-01-08T07:39:51","guid":{"rendered":"https:\/\/elevatesurf.ch\/product\/bobby-5-panels\/"},"modified":"2025-03-05T00:31:42","modified_gmt":"2025-03-05T00:31:42","slug":"bobby-5-panels","status":"publish","type":"product","link":"https:\/\/elevatesurf.ch\/fr\/product\/bobby-5-panels\/","title":{"rendered":"Bobby 5 panels"},"content":{"rendered":"<h2>Infos &#038; Eigenschaften Bobby 5 Panels<\/h2>\n<p>Unsere BOBBYs sind keine gew\u00f6hnlichen M\u00fctzen.<br \/>\nSie bestehen aus dem gleichen Material wie unsere technischen Boardshorts und sind so konzipiert, dass sie leicht, schnell trocknend und resistent gegen UV-Strahlen und Salzwasser sind.<\/p>\n<p>Diese 5-Panel-Version verf\u00fcgt \u00fcber Mesh-Eins\u00e4tze auf beiden Seiten, um die Luftzirkulation zu verbessern und \u00dcberhitzung an warmen Sommertagen zu verhindern.<\/p>\n<p>Die Passform ist ebenfalls f\u00fcr Bewegung ausgelegt:<br \/>\nDie BOBBY 5-PANEL-Version sitzt n\u00e4her am Kopf und h\u00e4lt besser bei starkem Wind und Wellen als unsere Standard-BOBBY.<br \/>\nSie ist daf\u00fcr gemacht, den ganzen Tag drau\u00dfen zu verbringen:<br \/>\nVor, w\u00e4hrend und nach deinen Sessions.<\/p>\n","protected":false},"excerpt":{"rendered":"<p>Unsere BOBBYs sind keine gew\u00f6hnlichen M\u00fctzen.<br \/>\nSie bestehen aus dem gleichen Material wie unsere technischen Boardshorts und sind so konzipiert, dass sie leicht, schnell trocknend und resistent gegen UV-Strahlen und Salzwasser sind.<\/p>\n","protected":false},"featured_media":25270,"comment_status":"closed","ping_status":"open","template":"","meta":[],"product_cat":[833,838],"product_tag":[],"class_list":{"0":"post-25269","1":"product","2":"type-product","3":"status-publish","4":"has-post-thumbnail","6":"product_cat-apparel","7":"product_cat-headwear","8":"pa_couleur-black","9":"pa_couleur-pale-khaki","10":"product_brand-manera-suisse-combinaison-neoprene","12":"first","13":"onbackorder","14":"purchasable","15":"product-type-variable"},"yoast_head":"<!-- This site is optimized with the Yoast SEO plugin v22.8 - https:\/\/yoast.com\/wordpress\/plugins\/seo\/ -->\n<title>Bobby 5 panels - Elevatesurf<\/title>\n<meta name=\"description\" content=\"Elevatesurf Bobby 5 panels\" \/>\n<meta name=\"robots\" content=\"index, follow, max-snippet:-1, max-image-preview:large, max-video-preview:-1\" \/>\n<link rel=\"canonical\" href=\"https:\/\/elevatesurf.ch\/fr\/product\/bobby-5-panels\/\" \/>\n<meta property=\"og:locale\" content=\"fr_FR\" \/>\n<meta property=\"og:type\" content=\"article\" \/>\n<meta property=\"og:title\" content=\"Bobby 5 panels - Elevatesurf\" \/>\n<meta property=\"og:description\" content=\"Elevatesurf Bobby 5 panels\" \/>\n<meta property=\"og:url\" content=\"https:\/\/elevatesurf.ch\/fr\/product\/bobby-5-panels\/\" \/>\n<meta property=\"og:site_name\" content=\"Elevatesurf\" \/>\n<meta property=\"article:modified_time\" content=\"2025-03-05T00:31:42+00:00\" \/>\n<meta property=\"og:image\" content=\"https:\/\/elevatesurf.ch\/wp-content\/uploads\/2025\/01\/Bobby-5-Pannles-Black.png\" \/>\n\t<meta property=\"og:image:width\" content=\"1080\" \/>\n\t<meta property=\"og:image:height\" content=\"1080\" \/>\n\t<meta property=\"og:image:type\" content=\"image\/png\" \/>\n<meta name=\"twitter:card\" content=\"summary_large_image\" \/>\n<meta name=\"twitter:label1\" content=\"Dur\u00e9e de lecture estim\u00e9e\" \/>\n\t<meta name=\"twitter:data1\" content=\"1 minute\" \/>\n<script type=\"application\/ld+json\" class=\"yoast-schema-graph\">{\"@context\":\"https:\/\/schema.org\",\"@graph\":[{\"@type\":[\"WebPage\",\"ItemPage\"],\"@id\":\"https:\/\/elevatesurf.ch\/product\/bobby-5-panels\/\",\"url\":\"https:\/\/elevatesurf.ch\/product\/bobby-5-panels\/\",\"name\":\"Bobby 5 panels - Elevatesurf\",\"isPartOf\":{\"@id\":\"https:\/\/elevatesurf.ch\/#website\"},\"primaryImageOfPage\":{\"@id\":\"https:\/\/elevatesurf.ch\/product\/bobby-5-panels\/#primaryimage\"},\"image\":{\"@id\":\"https:\/\/elevatesurf.ch\/product\/bobby-5-panels\/#primaryimage\"},\"thumbnailUrl\":\"https:\/\/elevatesurf.ch\/wp-content\/uploads\/2025\/01\/Bobby-5-Pannles-Black.png\",\"datePublished\":\"2025-01-08T07:39:51+00:00\",\"dateModified\":\"2025-03-05T00:31:42+00:00\",\"description\":\"Elevatesurf Bobby 5 panels\",\"breadcrumb\":{\"@id\":\"https:\/\/elevatesurf.ch\/product\/bobby-5-panels\/#breadcrumb\"},\"inLanguage\":\"fr-FR\",\"potentialAction\":[{\"@type\":\"ReadAction\",\"target\":[\"https:\/\/elevatesurf.ch\/product\/bobby-5-panels\/\"]}]},{\"@type\":\"ImageObject\",\"inLanguage\":\"fr-FR\",\"@id\":\"https:\/\/elevatesurf.ch\/product\/bobby-5-panels\/#primaryimage\",\"url\":\"https:\/\/elevatesurf.ch\/wp-content\/uploads\/2025\/01\/Bobby-5-Pannles-Black.png\",\"contentUrl\":\"https:\/\/elevatesurf.ch\/wp-content\/uploads\/2025\/01\/Bobby-5-Pannles-Black.png\",\"width\":1080,\"height\":1080},{\"@type\":\"BreadcrumbList\",\"@id\":\"https:\/\/elevatesurf.ch\/product\/bobby-5-panels\/#breadcrumb\",\"itemListElement\":[{\"@type\":\"ListItem\",\"position\":1,\"name\":\"Accueil\",\"item\":\"https:\/\/elevatesurf.ch\/\"},{\"@type\":\"ListItem\",\"position\":2,\"name\":\"Shop &#8211; \u00c9levez Votre Exp\u00e9rience de Surf avec Notre Collection\",\"item\":\"https:\/\/elevatesurf.ch\/shop\/\"},{\"@type\":\"ListItem\",\"position\":3,\"name\":\"Bobby 5 panels\"}]},{\"@type\":\"WebSite\",\"@id\":\"https:\/\/elevatesurf.ch\/#website\",\"url\":\"https:\/\/elevatesurf.ch\/\",\"name\":\"Elevatesurf\",\"description\":\"Surfez vers de nouveaux sommets avec ElevateSurf ! Kiteshop, Wingshop\",\"publisher\":{\"@id\":\"https:\/\/elevatesurf.ch\/#organization\"},\"potentialAction\":[{\"@type\":\"SearchAction\",\"target\":{\"@type\":\"EntryPoint\",\"urlTemplate\":\"https:\/\/elevatesurf.ch\/?s={search_term_string}\"},\"query-input\":\"required name=search_term_string\"}],\"inLanguage\":\"fr-FR\"},{\"@type\":\"Organization\",\"@id\":\"https:\/\/elevatesurf.ch\/#organization\",\"name\":\"Elevatesurf\",\"url\":\"https:\/\/elevatesurf.ch\/\",\"logo\":{\"@type\":\"ImageObject\",\"inLanguage\":\"fr-FR\",\"@id\":\"https:\/\/elevatesurf.ch\/#\/schema\/logo\/image\/\",\"url\":\"https:\/\/elevatesurf.ch\/wp-content\/uploads\/2024\/06\/67c2ec70-bdf5-4c14-898a-ded5b2051398.jpg\",\"contentUrl\":\"https:\/\/elevatesurf.ch\/wp-content\/uploads\/2024\/06\/67c2ec70-bdf5-4c14-898a-ded5b2051398.jpg\",\"width\":1024,\"height\":1024,\"caption\":\"Elevatesurf\"},\"image\":{\"@id\":\"https:\/\/elevatesurf.ch\/#\/schema\/logo\/image\/\"},\"sameAs\":[\"https:\/\/www.instagram.com\/elevate__surf\/\"]}]}<\/script>\n<!-- \/ Yoast SEO plugin. -->","yoast_head_json":{"title":"Bobby 5 panels - Elevatesurf","description":"Elevatesurf Bobby 5 panels","robots":{"index":"index","follow":"follow","max-snippet":"max-snippet:-1","max-image-preview":"max-image-preview:large","max-video-preview":"max-video-preview:-1"},"canonical":"https:\/\/elevatesurf.ch\/fr\/product\/bobby-5-panels\/","og_locale":"fr_FR","og_type":"article","og_title":"Bobby 5 panels - Elevatesurf","og_description":"Elevatesurf Bobby 5 panels","og_url":"https:\/\/elevatesurf.ch\/fr\/product\/bobby-5-panels\/","og_site_name":"Elevatesurf","article_modified_time":"2025-03-05T00:31:42+00:00","og_image":[{"width":1080,"height":1080,"url":"https:\/\/elevatesurf.ch\/wp-content\/uploads\/2025\/01\/Bobby-5-Pannles-Black.png","type":"image\/png"}],"twitter_card":"summary_large_image","twitter_misc":{"Dur\u00e9e de lecture estim\u00e9e":"1 minute"},"schema":{"@context":"https:\/\/schema.org","@graph":[{"@type":["WebPage","ItemPage"],"@id":"https:\/\/elevatesurf.ch\/product\/bobby-5-panels\/","url":"https:\/\/elevatesurf.ch\/product\/bobby-5-panels\/","name":"Bobby 5 panels - Elevatesurf","isPartOf":{"@id":"https:\/\/elevatesurf.ch\/#website"},"primaryImageOfPage":{"@id":"https:\/\/elevatesurf.ch\/product\/bobby-5-panels\/#primaryimage"},"image":{"@id":"https:\/\/elevatesurf.ch\/product\/bobby-5-panels\/#primaryimage"},"thumbnailUrl":"https:\/\/elevatesurf.ch\/wp-content\/uploads\/2025\/01\/Bobby-5-Pannles-Black.png","datePublished":"2025-01-08T07:39:51+00:00","dateModified":"2025-03-05T00:31:42+00:00","description":"Elevatesurf Bobby 5 panels","breadcrumb":{"@id":"https:\/\/elevatesurf.ch\/product\/bobby-5-panels\/#breadcrumb"},"inLanguage":"fr-FR","potentialAction":[{"@type":"ReadAction","target":["https:\/\/elevatesurf.ch\/product\/bobby-5-panels\/"]}]},{"@type":"ImageObject","inLanguage":"fr-FR","@id":"https:\/\/elevatesurf.ch\/product\/bobby-5-panels\/#primaryimage","url":"https:\/\/elevatesurf.ch\/wp-content\/uploads\/2025\/01\/Bobby-5-Pannles-Black.png","contentUrl":"https:\/\/elevatesurf.ch\/wp-content\/uploads\/2025\/01\/Bobby-5-Pannles-Black.png","width":1080,"height":1080},{"@type":"BreadcrumbList","@id":"https:\/\/elevatesurf.ch\/product\/bobby-5-panels\/#breadcrumb","itemListElement":[{"@type":"ListItem","position":1,"name":"Accueil","item":"https:\/\/elevatesurf.ch\/"},{"@type":"ListItem","position":2,"name":"Shop &#8211; \u00c9levez Votre Exp\u00e9rience de Surf avec Notre Collection","item":"https:\/\/elevatesurf.ch\/shop\/"},{"@type":"ListItem","position":3,"name":"Bobby 5 panels"}]},{"@type":"WebSite","@id":"https:\/\/elevatesurf.ch\/#website","url":"https:\/\/elevatesurf.ch\/","name":"Elevatesurf","description":"Surfez vers de nouveaux sommets avec ElevateSurf ! Kiteshop, Wingshop","publisher":{"@id":"https:\/\/elevatesurf.ch\/#organization"},"potentialAction":[{"@type":"SearchAction","target":{"@type":"EntryPoint","urlTemplate":"https:\/\/elevatesurf.ch\/?s={search_term_string}"},"query-input":"required name=search_term_string"}],"inLanguage":"fr-FR"},{"@type":"Organization","@id":"https:\/\/elevatesurf.ch\/#organization","name":"Elevatesurf","url":"https:\/\/elevatesurf.ch\/","logo":{"@type":"ImageObject","inLanguage":"fr-FR","@id":"https:\/\/elevatesurf.ch\/#\/schema\/logo\/image\/","url":"https:\/\/elevatesurf.ch\/wp-content\/uploads\/2024\/06\/67c2ec70-bdf5-4c14-898a-ded5b2051398.jpg","contentUrl":"https:\/\/elevatesurf.ch\/wp-content\/uploads\/2024\/06\/67c2ec70-bdf5-4c14-898a-ded5b2051398.jpg","width":1024,"height":1024,"caption":"Elevatesurf"},"image":{"@id":"https:\/\/elevatesurf.ch\/#\/schema\/logo\/image\/"},"sameAs":["https:\/\/www.instagram.com\/elevate__surf\/"]}]}},"_links":{"self":[{"href":"https:\/\/elevatesurf.ch\/fr\/wp-json\/wp\/v2\/product\/25269","targetHints":{"allow":["GET"]}}],"collection":[{"href":"https:\/\/elevatesurf.ch\/fr\/wp-json\/wp\/v2\/product"}],"about":[{"href":"https:\/\/elevatesurf.ch\/fr\/wp-json\/wp\/v2\/types\/product"}],"replies":[{"embeddable":true,"href":"https:\/\/elevatesurf.ch\/fr\/wp-json\/wp\/v2\/comments?post=25269"}],"wp:featuredmedia":[{"embeddable":true,"href":"https:\/\/elevatesurf.ch\/fr\/wp-json\/wp\/v2\/media\/25270"}],"wp:attachment":[{"href":"https:\/\/elevatesurf.ch\/fr\/wp-json\/wp\/v2\/media?parent=25269"}],"wp:term":[{"taxonomy":"product_cat","embeddable":true,"href":"https:\/\/elevatesurf.ch\/fr\/wp-json\/wp\/v2\/product_cat?post=25269"},{"taxonomy":"product_tag","embeddable":true,"href":"https:\/\/elevatesurf.ch\/fr\/wp-json\/wp\/v2\/product_tag?post=25269"}],"curies":[{"name":"wp","href":"https:\/\/api.w.org\/{rel}","templated":true}]}}