{"id":25311,"date":"2025-01-08T07:40:15","date_gmt":"2025-01-08T07:40:15","guid":{"rendered":"https:\/\/elevatesurf.ch\/product\/mast-top-plate-2024\/"},"modified":"2025-02-20T00:31:27","modified_gmt":"2025-02-20T00:31:27","slug":"mast-top-plate-2024","status":"publish","type":"product","link":"https:\/\/elevatesurf.ch\/fr\/product\/mast-top-plate-2024\/","title":{"rendered":"MAST TOP PLATE 2024"},"content":{"rendered":"<h2>Mast Top Plate<\/h2>\n<p>Die Mastkopf-Teile werden aus massiven Bl\u00f6cken aus 6061 Aluminium gefertigt.<br \/>\nDie Genauigkeit der CNC stellt sicher, dass die Geometrie der Verbindung perfekt ist.<br \/>\nEdelstahleins\u00e4tze werden systematisch verwendet, um die Haltbarkeit der Befestigungsverbindungen zu gew\u00e4hrleisten.<\/p>\n<p>Die Top Plate ist inzwischen Standard auf dem Markt und kompatibel mit jedem Board, das \u00fcber ein Twin-Tracks-System verf\u00fcgt.<br \/>\nDer Abstand, den wir f\u00fcr die vier Schrauben verwenden, betr\u00e4gt 160\u00d790 mm, aber unsere neueste Version bietet auch eine Option f\u00fcr 165\u00d790 mm.<\/p>\n<h3>ALUMINIUM 6063 &amp; 6061<\/h3>\n<p>Diese Aluminiumlegierung bietet sehr gute mechanische Eigenschaften und kann auf vielf\u00e4ltige Weise verarbeitet werden, w\u00e4hrend sie eine nat\u00fcrliche Korrosionsbest\u00e4ndigkeit bietet.<\/p>\n<p>Unsere aus einem Extrusionsprozess hergestellten Aluminiumprofile nutzen dieses homogene Material optimal, um perfekte Steifigkeit sowohl bei Torsion als auch bei Biegung zu gew\u00e4hrleisten.<br \/>\nAlle Bereiche, die mit anderen Metallen oder Kohlefaserteilen in Kontakt stehen, sind ordnungsgem\u00e4\u00df gegen galvanische Reaktionen isoliert.<\/p>\n<p>Das Bearbeiten von Aluminiumbl\u00f6cken 6061 garantiert h\u00f6chste Genauigkeit und bewahrt die mechanischen Eigenschaften dieser h\u00f6herwertigen Aluminiumlegierung.<br \/>\nAlle Teile sind vollst\u00e4ndig eloxiert, und Edelstahleins\u00e4tze werden mit Isoliergel versehen, wenn eine Befestigung erforderlich ist.<\/p>\n","protected":false},"excerpt":{"rendered":"<p>Die Mast Top Plate wird \u00fcber ein Zwei-Schrauben-System am Mast befestigt.<br \/>\nCNC-gefr\u00e4ste Teile aus 6061 Aluminium sorgen f\u00fcr pr\u00e4zise Geometrie und Edelstahleins\u00e4tze gew\u00e4hrleisten eine langlebige Verbindung.<br \/>\nPerfekte Passform und Haltbarkeit sind garantiert.<\/p>\n","protected":false},"featured_media":25312,"comment_status":"closed","ping_status":"open","template":"","meta":[],"product_cat":[668,847,845,846,587,138],"product_tag":[],"class_list":{"0":"post-25311","1":"product","2":"type-product","3":"status-publish","4":"has-post-thumbnail","6":"product_cat-kite-foil","7":"product_cat-masts-surf-foil","8":"product_cat-masts-kite-foil","9":"product_cat-masts-wing-foil","10":"product_cat-surf-foil","11":"product_cat-wingfoil-suisse-acheter","12":"pa_saison-543","13":"product_brand-f-one-neuchatel","15":"first","16":"onbackorder","17":"purchasable","18":"product-type-simple"},"yoast_head":"<!-- This site is optimized with the Yoast SEO plugin v22.8 - https:\/\/yoast.com\/wordpress\/plugins\/seo\/ -->\n<title>MAST TOP PLATE 2024 - Elevatesurf<\/title>\n<meta name=\"description\" content=\"Elevatesurf MAST TOP PLATE 2024\" \/>\n<meta name=\"robots\" content=\"index, follow, max-snippet:-1, max-image-preview:large, max-video-preview:-1\" \/>\n<link rel=\"canonical\" href=\"https:\/\/elevatesurf.ch\/fr\/product\/mast-top-plate-2024\/\" \/>\n<meta property=\"og:locale\" content=\"fr_FR\" \/>\n<meta property=\"og:type\" content=\"article\" \/>\n<meta property=\"og:title\" content=\"MAST TOP PLATE 2024 - Elevatesurf\" \/>\n<meta property=\"og:description\" content=\"Elevatesurf MAST TOP PLATE 2024\" \/>\n<meta property=\"og:url\" content=\"https:\/\/elevatesurf.ch\/fr\/product\/mast-top-plate-2024\/\" \/>\n<meta property=\"og:site_name\" content=\"Elevatesurf\" \/>\n<meta property=\"article:modified_time\" content=\"2025-02-20T00:31:27+00:00\" \/>\n<meta property=\"og:image\" content=\"https:\/\/elevatesurf.ch\/wp-content\/uploads\/2025\/01\/MAST-TOP-PLATE.png\" \/>\n\t<meta property=\"og:image:width\" content=\"1080\" \/>\n\t<meta property=\"og:image:height\" content=\"1080\" \/>\n\t<meta property=\"og:image:type\" content=\"image\/png\" \/>\n<meta name=\"twitter:card\" content=\"summary_large_image\" \/>\n<meta name=\"twitter:label1\" content=\"Dur\u00e9e de lecture estim\u00e9e\" \/>\n\t<meta name=\"twitter:data1\" content=\"1 minute\" \/>\n<script type=\"application\/ld+json\" class=\"yoast-schema-graph\">{\"@context\":\"https:\/\/schema.org\",\"@graph\":[{\"@type\":[\"WebPage\",\"ItemPage\"],\"@id\":\"https:\/\/elevatesurf.ch\/product\/mast-top-plate-2024\/\",\"url\":\"https:\/\/elevatesurf.ch\/product\/mast-top-plate-2024\/\",\"name\":\"MAST TOP PLATE 2024 - Elevatesurf\",\"isPartOf\":{\"@id\":\"https:\/\/elevatesurf.ch\/#website\"},\"primaryImageOfPage\":{\"@id\":\"https:\/\/elevatesurf.ch\/product\/mast-top-plate-2024\/#primaryimage\"},\"image\":{\"@id\":\"https:\/\/elevatesurf.ch\/product\/mast-top-plate-2024\/#primaryimage\"},\"thumbnailUrl\":\"https:\/\/elevatesurf.ch\/wp-content\/uploads\/2025\/01\/MAST-TOP-PLATE.png\",\"datePublished\":\"2025-01-08T07:40:15+00:00\",\"dateModified\":\"2025-02-20T00:31:27+00:00\",\"description\":\"Elevatesurf MAST TOP PLATE 2024\",\"breadcrumb\":{\"@id\":\"https:\/\/elevatesurf.ch\/product\/mast-top-plate-2024\/#breadcrumb\"},\"inLanguage\":\"fr-FR\",\"potentialAction\":[{\"@type\":\"ReadAction\",\"target\":[\"https:\/\/elevatesurf.ch\/product\/mast-top-plate-2024\/\"]}]},{\"@type\":\"ImageObject\",\"inLanguage\":\"fr-FR\",\"@id\":\"https:\/\/elevatesurf.ch\/product\/mast-top-plate-2024\/#primaryimage\",\"url\":\"https:\/\/elevatesurf.ch\/wp-content\/uploads\/2025\/01\/MAST-TOP-PLATE.png\",\"contentUrl\":\"https:\/\/elevatesurf.ch\/wp-content\/uploads\/2025\/01\/MAST-TOP-PLATE.png\",\"width\":1080,\"height\":1080},{\"@type\":\"BreadcrumbList\",\"@id\":\"https:\/\/elevatesurf.ch\/product\/mast-top-plate-2024\/#breadcrumb\",\"itemListElement\":[{\"@type\":\"ListItem\",\"position\":1,\"name\":\"Accueil\",\"item\":\"https:\/\/elevatesurf.ch\/\"},{\"@type\":\"ListItem\",\"position\":2,\"name\":\"Shop &#8211; \u00c9levez Votre Exp\u00e9rience de Surf avec Notre Collection\",\"item\":\"https:\/\/elevatesurf.ch\/shop\/\"},{\"@type\":\"ListItem\",\"position\":3,\"name\":\"MAST TOP PLATE 2024\"}]},{\"@type\":\"WebSite\",\"@id\":\"https:\/\/elevatesurf.ch\/#website\",\"url\":\"https:\/\/elevatesurf.ch\/\",\"name\":\"Elevatesurf\",\"description\":\"Surfez vers de nouveaux sommets avec ElevateSurf ! Kiteshop, Wingshop\",\"publisher\":{\"@id\":\"https:\/\/elevatesurf.ch\/#organization\"},\"potentialAction\":[{\"@type\":\"SearchAction\",\"target\":{\"@type\":\"EntryPoint\",\"urlTemplate\":\"https:\/\/elevatesurf.ch\/?s={search_term_string}\"},\"query-input\":\"required name=search_term_string\"}],\"inLanguage\":\"fr-FR\"},{\"@type\":\"Organization\",\"@id\":\"https:\/\/elevatesurf.ch\/#organization\",\"name\":\"Elevatesurf\",\"url\":\"https:\/\/elevatesurf.ch\/\",\"logo\":{\"@type\":\"ImageObject\",\"inLanguage\":\"fr-FR\",\"@id\":\"https:\/\/elevatesurf.ch\/#\/schema\/logo\/image\/\",\"url\":\"https:\/\/elevatesurf.ch\/wp-content\/uploads\/2024\/06\/67c2ec70-bdf5-4c14-898a-ded5b2051398.jpg\",\"contentUrl\":\"https:\/\/elevatesurf.ch\/wp-content\/uploads\/2024\/06\/67c2ec70-bdf5-4c14-898a-ded5b2051398.jpg\",\"width\":1024,\"height\":1024,\"caption\":\"Elevatesurf\"},\"image\":{\"@id\":\"https:\/\/elevatesurf.ch\/#\/schema\/logo\/image\/\"},\"sameAs\":[\"https:\/\/www.instagram.com\/elevate__surf\/\"]}]}<\/script>\n<!-- \/ Yoast SEO plugin. -->","yoast_head_json":{"title":"MAST TOP PLATE 2024 - Elevatesurf","description":"Elevatesurf MAST TOP PLATE 2024","robots":{"index":"index","follow":"follow","max-snippet":"max-snippet:-1","max-image-preview":"max-image-preview:large","max-video-preview":"max-video-preview:-1"},"canonical":"https:\/\/elevatesurf.ch\/fr\/product\/mast-top-plate-2024\/","og_locale":"fr_FR","og_type":"article","og_title":"MAST TOP PLATE 2024 - Elevatesurf","og_description":"Elevatesurf MAST TOP PLATE 2024","og_url":"https:\/\/elevatesurf.ch\/fr\/product\/mast-top-plate-2024\/","og_site_name":"Elevatesurf","article_modified_time":"2025-02-20T00:31:27+00:00","og_image":[{"width":1080,"height":1080,"url":"https:\/\/elevatesurf.ch\/wp-content\/uploads\/2025\/01\/MAST-TOP-PLATE.png","type":"image\/png"}],"twitter_card":"summary_large_image","twitter_misc":{"Dur\u00e9e de lecture estim\u00e9e":"1 minute"},"schema":{"@context":"https:\/\/schema.org","@graph":[{"@type":["WebPage","ItemPage"],"@id":"https:\/\/elevatesurf.ch\/product\/mast-top-plate-2024\/","url":"https:\/\/elevatesurf.ch\/product\/mast-top-plate-2024\/","name":"MAST TOP PLATE 2024 - Elevatesurf","isPartOf":{"@id":"https:\/\/elevatesurf.ch\/#website"},"primaryImageOfPage":{"@id":"https:\/\/elevatesurf.ch\/product\/mast-top-plate-2024\/#primaryimage"},"image":{"@id":"https:\/\/elevatesurf.ch\/product\/mast-top-plate-2024\/#primaryimage"},"thumbnailUrl":"https:\/\/elevatesurf.ch\/wp-content\/uploads\/2025\/01\/MAST-TOP-PLATE.png","datePublished":"2025-01-08T07:40:15+00:00","dateModified":"2025-02-20T00:31:27+00:00","description":"Elevatesurf MAST TOP PLATE 2024","breadcrumb":{"@id":"https:\/\/elevatesurf.ch\/product\/mast-top-plate-2024\/#breadcrumb"},"inLanguage":"fr-FR","potentialAction":[{"@type":"ReadAction","target":["https:\/\/elevatesurf.ch\/product\/mast-top-plate-2024\/"]}]},{"@type":"ImageObject","inLanguage":"fr-FR","@id":"https:\/\/elevatesurf.ch\/product\/mast-top-plate-2024\/#primaryimage","url":"https:\/\/elevatesurf.ch\/wp-content\/uploads\/2025\/01\/MAST-TOP-PLATE.png","contentUrl":"https:\/\/elevatesurf.ch\/wp-content\/uploads\/2025\/01\/MAST-TOP-PLATE.png","width":1080,"height":1080},{"@type":"BreadcrumbList","@id":"https:\/\/elevatesurf.ch\/product\/mast-top-plate-2024\/#breadcrumb","itemListElement":[{"@type":"ListItem","position":1,"name":"Accueil","item":"https:\/\/elevatesurf.ch\/"},{"@type":"ListItem","position":2,"name":"Shop &#8211; \u00c9levez Votre Exp\u00e9rience de Surf avec Notre Collection","item":"https:\/\/elevatesurf.ch\/shop\/"},{"@type":"ListItem","position":3,"name":"MAST TOP PLATE 2024"}]},{"@type":"WebSite","@id":"https:\/\/elevatesurf.ch\/#website","url":"https:\/\/elevatesurf.ch\/","name":"Elevatesurf","description":"Surfez vers de nouveaux sommets avec ElevateSurf ! Kiteshop, Wingshop","publisher":{"@id":"https:\/\/elevatesurf.ch\/#organization"},"potentialAction":[{"@type":"SearchAction","target":{"@type":"EntryPoint","urlTemplate":"https:\/\/elevatesurf.ch\/?s={search_term_string}"},"query-input":"required name=search_term_string"}],"inLanguage":"fr-FR"},{"@type":"Organization","@id":"https:\/\/elevatesurf.ch\/#organization","name":"Elevatesurf","url":"https:\/\/elevatesurf.ch\/","logo":{"@type":"ImageObject","inLanguage":"fr-FR","@id":"https:\/\/elevatesurf.ch\/#\/schema\/logo\/image\/","url":"https:\/\/elevatesurf.ch\/wp-content\/uploads\/2024\/06\/67c2ec70-bdf5-4c14-898a-ded5b2051398.jpg","contentUrl":"https:\/\/elevatesurf.ch\/wp-content\/uploads\/2024\/06\/67c2ec70-bdf5-4c14-898a-ded5b2051398.jpg","width":1024,"height":1024,"caption":"Elevatesurf"},"image":{"@id":"https:\/\/elevatesurf.ch\/#\/schema\/logo\/image\/"},"sameAs":["https:\/\/www.instagram.com\/elevate__surf\/"]}]}},"_links":{"self":[{"href":"https:\/\/elevatesurf.ch\/fr\/wp-json\/wp\/v2\/product\/25311","targetHints":{"allow":["GET"]}}],"collection":[{"href":"https:\/\/elevatesurf.ch\/fr\/wp-json\/wp\/v2\/product"}],"about":[{"href":"https:\/\/elevatesurf.ch\/fr\/wp-json\/wp\/v2\/types\/product"}],"replies":[{"embeddable":true,"href":"https:\/\/elevatesurf.ch\/fr\/wp-json\/wp\/v2\/comments?post=25311"}],"wp:featuredmedia":[{"embeddable":true,"href":"https:\/\/elevatesurf.ch\/fr\/wp-json\/wp\/v2\/media\/25312"}],"wp:attachment":[{"href":"https:\/\/elevatesurf.ch\/fr\/wp-json\/wp\/v2\/media?parent=25311"}],"wp:term":[{"taxonomy":"product_cat","embeddable":true,"href":"https:\/\/elevatesurf.ch\/fr\/wp-json\/wp\/v2\/product_cat?post=25311"},{"taxonomy":"product_tag","embeddable":true,"href":"https:\/\/elevatesurf.ch\/fr\/wp-json\/wp\/v2\/product_tag?post=25311"}],"curies":[{"name":"wp","href":"https:\/\/api.w.org\/{rel}","templated":true}]}}