{"id":25876,"date":"2025-04-01T05:07:54","date_gmt":"2025-04-01T05:07:54","guid":{"rendered":"https:\/\/elevatesurf.ch\/product\/restube-active-icemint\/"},"modified":"2025-06-19T00:00:21","modified_gmt":"2025-06-19T00:00:21","slug":"restube-active-icemint","status":"publish","type":"product","link":"https:\/\/elevatesurf.ch\/fr\/product\/restube-active-icemint\/","title":{"rendered":"Restube active (icemint)"},"content":{"rendered":"<p>F\u00fcr vielseitigen &amp; sportlichen Einsatz. Ob beim Schwimmen oder Stand-Up Paddeln, im Training oder selbstbewusst im Wettkampf. Einfach in der Tasche verstaut am G\u00fcrtel tragen, damit du dich noch mehr auf den exklusiven Moment konzentrieren kannst. Ein Zug am hochwertigen Ausl\u00f6ser bl\u00e4st die gelbe Restube-Boje in Sekunden auf. Aufgeblasen bietet Restube active genug Auftrieb (75 N) f\u00fcr einen Erwachsenen. Einfach souver\u00e4n dar\u00fcber lehnen und der Kopf bleibt entspannt \u00fcber dem Wasser. Mache mit Nachdruck auf dich aufmerksam, indem du mit der Boje winkst oder sie hinter dir herziehst. Du kannst den kraftvollen Auftrieb auch mit anderen teilen, indem du die Boje weitergibst. Wiederverwendbar durch Einschrauben einer neuen original 16g CO2-Patrone, einfach zu packen.<\/p>\n<p>&#8211; Auch mit dem Mundventil aufblasbar<br \/>\n&#8211; Ausserordentlich komfortabel zu tragen bei aktivem Sport<br \/>\n&#8211; Horizontal und vertikal befestigbar<br \/>\n&#8211; &lsquo;Active Belt&rsquo; (austauschbar, 120 x 2,5 cm) samt &lsquo;Positionierungsstab&rsquo;<br \/>\n&#8211; Ausl\u00f6segriff ist zugleich eine Pfeife<br \/>\n&#8211; Kleines Fach in der Kappe (nicht wasserdicht)<\/p>\n<p>F\u00dcR DIESE WASSERAKTIVIT\u00c4TEN EMPFOHLEN:<br \/>\nSPORTLICHES SCHWIMMEN | KANU &amp; KAJAK | ANGELN | AN BORD | FREIWASSERSCHWIMMEN | RUDERN | STAND-UP-PADDLING INNERHALB DER UFERZONE! | TRIATHLON<\/p>\n<p>Restube READY: Ja<br \/>\nAuftrieb: 75N (~7.5kg)<br \/>\nL\u00e4nge: 65 cm<br \/>\nDurchmesser: 13 cm<br \/>\nGewicht: 195 g<br \/>\nAusl\u00f6sungen: Bis zu 100 Ausl\u00f6sungen<br \/>\nUrsprungsland: Deutschland<br \/>\nLieferumfang: 1x Restube active inkl. 16g CO2 Ersatzpatronen, 1x Bedienungsanleitung<\/p>\n","protected":false},"excerpt":{"rendered":"<p>F\u00fcr vielseitigen &amp; sportlichen Einsatz. Ob beim Schwimmen oder Stand-Up Paddeln, im Training oder selbstbewusst im Wettkampf. Einfach in der Tasche verstaut am G\u00fcrtel tragen, damit du dich noch mehr auf den exklusiven Moment konzentrieren kannst. Ein Zug am hochwertigen Ausl\u00f6ser bl\u00e4st die gelbe Restube-Boje in Sekunden auf. Aufgeblasen bietet Restube active genug Auftrieb (75 [&hellip;]<\/p>\n","protected":false},"featured_media":25875,"comment_status":"open","ping_status":"closed","template":"","meta":[],"product_cat":[977,978],"product_tag":[],"class_list":{"0":"post-25876","1":"product","2":"type-product","3":"status-publish","4":"has-post-thumbnail","6":"product_cat-accessoires","7":"product_cat-safety-accessoires","8":"product_brand-indiana-suisse","10":"first","11":"outofstock","12":"shipping-taxable","13":"purchasable","14":"product-type-simple"},"yoast_head":"<!-- This site is optimized with the Yoast SEO plugin v22.8 - https:\/\/yoast.com\/wordpress\/plugins\/seo\/ -->\n<title>Restube active (icemint) - Elevatesurf<\/title>\n<meta name=\"description\" content=\"Elevatesurf Restube active (icemint)\" \/>\n<meta name=\"robots\" content=\"index, follow, max-snippet:-1, max-image-preview:large, max-video-preview:-1\" \/>\n<link rel=\"canonical\" href=\"https:\/\/elevatesurf.ch\/fr\/product\/restube-active-icemint\/\" \/>\n<meta property=\"og:locale\" content=\"fr_FR\" \/>\n<meta property=\"og:type\" content=\"article\" \/>\n<meta property=\"og:title\" content=\"Restube active (icemint) - Elevatesurf\" \/>\n<meta property=\"og:description\" content=\"Elevatesurf Restube active (icemint)\" \/>\n<meta property=\"og:url\" content=\"https:\/\/elevatesurf.ch\/fr\/product\/restube-active-icemint\/\" \/>\n<meta property=\"og:site_name\" content=\"Elevatesurf\" \/>\n<meta property=\"article:modified_time\" content=\"2025-06-19T00:00:21+00:00\" \/>\n<meta property=\"og:image\" content=\"https:\/\/elevatesurf.ch\/wp-content\/uploads\/2025\/04\/RT_01201_HI_Restube_active_honey_icemint_inflated_-1.jpg\" \/>\n\t<meta property=\"og:image:width\" content=\"1065\" \/>\n\t<meta property=\"og:image:height\" content=\"1065\" \/>\n\t<meta property=\"og:image:type\" content=\"image\/jpeg\" \/>\n<meta name=\"twitter:card\" content=\"summary_large_image\" \/>\n<meta name=\"twitter:label1\" content=\"Dur\u00e9e de lecture estim\u00e9e\" \/>\n\t<meta name=\"twitter:data1\" content=\"1 minute\" \/>\n<script type=\"application\/ld+json\" class=\"yoast-schema-graph\">{\"@context\":\"https:\/\/schema.org\",\"@graph\":[{\"@type\":[\"WebPage\",\"ItemPage\"],\"@id\":\"https:\/\/elevatesurf.ch\/product\/restube-active-icemint\/\",\"url\":\"https:\/\/elevatesurf.ch\/product\/restube-active-icemint\/\",\"name\":\"Restube active (icemint) - Elevatesurf\",\"isPartOf\":{\"@id\":\"https:\/\/elevatesurf.ch\/#website\"},\"primaryImageOfPage\":{\"@id\":\"https:\/\/elevatesurf.ch\/product\/restube-active-icemint\/#primaryimage\"},\"image\":{\"@id\":\"https:\/\/elevatesurf.ch\/product\/restube-active-icemint\/#primaryimage\"},\"thumbnailUrl\":\"https:\/\/elevatesurf.ch\/wp-content\/uploads\/2025\/04\/RT_01201_HI_Restube_active_honey_icemint_inflated_-1.jpg\",\"datePublished\":\"2025-04-01T05:07:54+00:00\",\"dateModified\":\"2025-06-19T00:00:21+00:00\",\"description\":\"Elevatesurf Restube active (icemint)\",\"breadcrumb\":{\"@id\":\"https:\/\/elevatesurf.ch\/product\/restube-active-icemint\/#breadcrumb\"},\"inLanguage\":\"fr-FR\",\"potentialAction\":[{\"@type\":\"ReadAction\",\"target\":[\"https:\/\/elevatesurf.ch\/product\/restube-active-icemint\/\"]}]},{\"@type\":\"ImageObject\",\"inLanguage\":\"fr-FR\",\"@id\":\"https:\/\/elevatesurf.ch\/product\/restube-active-icemint\/#primaryimage\",\"url\":\"https:\/\/elevatesurf.ch\/wp-content\/uploads\/2025\/04\/RT_01201_HI_Restube_active_honey_icemint_inflated_-1.jpg\",\"contentUrl\":\"https:\/\/elevatesurf.ch\/wp-content\/uploads\/2025\/04\/RT_01201_HI_Restube_active_honey_icemint_inflated_-1.jpg\",\"width\":1065,\"height\":1065},{\"@type\":\"BreadcrumbList\",\"@id\":\"https:\/\/elevatesurf.ch\/product\/restube-active-icemint\/#breadcrumb\",\"itemListElement\":[{\"@type\":\"ListItem\",\"position\":1,\"name\":\"Accueil\",\"item\":\"https:\/\/elevatesurf.ch\/\"},{\"@type\":\"ListItem\",\"position\":2,\"name\":\"Shop &#8211; \u00c9levez Votre Exp\u00e9rience de Surf avec Notre Collection\",\"item\":\"https:\/\/elevatesurf.ch\/shop\/\"},{\"@type\":\"ListItem\",\"position\":3,\"name\":\"Restube active (icemint)\"}]},{\"@type\":\"WebSite\",\"@id\":\"https:\/\/elevatesurf.ch\/#website\",\"url\":\"https:\/\/elevatesurf.ch\/\",\"name\":\"Elevatesurf\",\"description\":\"Surfez vers de nouveaux sommets avec ElevateSurf ! Kiteshop, Wingshop\",\"publisher\":{\"@id\":\"https:\/\/elevatesurf.ch\/#organization\"},\"potentialAction\":[{\"@type\":\"SearchAction\",\"target\":{\"@type\":\"EntryPoint\",\"urlTemplate\":\"https:\/\/elevatesurf.ch\/?s={search_term_string}\"},\"query-input\":\"required name=search_term_string\"}],\"inLanguage\":\"fr-FR\"},{\"@type\":\"Organization\",\"@id\":\"https:\/\/elevatesurf.ch\/#organization\",\"name\":\"Elevatesurf\",\"url\":\"https:\/\/elevatesurf.ch\/\",\"logo\":{\"@type\":\"ImageObject\",\"inLanguage\":\"fr-FR\",\"@id\":\"https:\/\/elevatesurf.ch\/#\/schema\/logo\/image\/\",\"url\":\"https:\/\/elevatesurf.ch\/wp-content\/uploads\/2024\/06\/67c2ec70-bdf5-4c14-898a-ded5b2051398.jpg\",\"contentUrl\":\"https:\/\/elevatesurf.ch\/wp-content\/uploads\/2024\/06\/67c2ec70-bdf5-4c14-898a-ded5b2051398.jpg\",\"width\":1024,\"height\":1024,\"caption\":\"Elevatesurf\"},\"image\":{\"@id\":\"https:\/\/elevatesurf.ch\/#\/schema\/logo\/image\/\"},\"sameAs\":[\"https:\/\/www.instagram.com\/elevate__surf\/\"]}]}<\/script>\n<!-- \/ Yoast SEO plugin. -->","yoast_head_json":{"title":"Restube active (icemint) - Elevatesurf","description":"Elevatesurf Restube active (icemint)","robots":{"index":"index","follow":"follow","max-snippet":"max-snippet:-1","max-image-preview":"max-image-preview:large","max-video-preview":"max-video-preview:-1"},"canonical":"https:\/\/elevatesurf.ch\/fr\/product\/restube-active-icemint\/","og_locale":"fr_FR","og_type":"article","og_title":"Restube active (icemint) - Elevatesurf","og_description":"Elevatesurf Restube active (icemint)","og_url":"https:\/\/elevatesurf.ch\/fr\/product\/restube-active-icemint\/","og_site_name":"Elevatesurf","article_modified_time":"2025-06-19T00:00:21+00:00","og_image":[{"width":1065,"height":1065,"url":"https:\/\/elevatesurf.ch\/wp-content\/uploads\/2025\/04\/RT_01201_HI_Restube_active_honey_icemint_inflated_-1.jpg","type":"image\/jpeg"}],"twitter_card":"summary_large_image","twitter_misc":{"Dur\u00e9e de lecture estim\u00e9e":"1 minute"},"schema":{"@context":"https:\/\/schema.org","@graph":[{"@type":["WebPage","ItemPage"],"@id":"https:\/\/elevatesurf.ch\/product\/restube-active-icemint\/","url":"https:\/\/elevatesurf.ch\/product\/restube-active-icemint\/","name":"Restube active (icemint) - Elevatesurf","isPartOf":{"@id":"https:\/\/elevatesurf.ch\/#website"},"primaryImageOfPage":{"@id":"https:\/\/elevatesurf.ch\/product\/restube-active-icemint\/#primaryimage"},"image":{"@id":"https:\/\/elevatesurf.ch\/product\/restube-active-icemint\/#primaryimage"},"thumbnailUrl":"https:\/\/elevatesurf.ch\/wp-content\/uploads\/2025\/04\/RT_01201_HI_Restube_active_honey_icemint_inflated_-1.jpg","datePublished":"2025-04-01T05:07:54+00:00","dateModified":"2025-06-19T00:00:21+00:00","description":"Elevatesurf Restube active (icemint)","breadcrumb":{"@id":"https:\/\/elevatesurf.ch\/product\/restube-active-icemint\/#breadcrumb"},"inLanguage":"fr-FR","potentialAction":[{"@type":"ReadAction","target":["https:\/\/elevatesurf.ch\/product\/restube-active-icemint\/"]}]},{"@type":"ImageObject","inLanguage":"fr-FR","@id":"https:\/\/elevatesurf.ch\/product\/restube-active-icemint\/#primaryimage","url":"https:\/\/elevatesurf.ch\/wp-content\/uploads\/2025\/04\/RT_01201_HI_Restube_active_honey_icemint_inflated_-1.jpg","contentUrl":"https:\/\/elevatesurf.ch\/wp-content\/uploads\/2025\/04\/RT_01201_HI_Restube_active_honey_icemint_inflated_-1.jpg","width":1065,"height":1065},{"@type":"BreadcrumbList","@id":"https:\/\/elevatesurf.ch\/product\/restube-active-icemint\/#breadcrumb","itemListElement":[{"@type":"ListItem","position":1,"name":"Accueil","item":"https:\/\/elevatesurf.ch\/"},{"@type":"ListItem","position":2,"name":"Shop &#8211; \u00c9levez Votre Exp\u00e9rience de Surf avec Notre Collection","item":"https:\/\/elevatesurf.ch\/shop\/"},{"@type":"ListItem","position":3,"name":"Restube active (icemint)"}]},{"@type":"WebSite","@id":"https:\/\/elevatesurf.ch\/#website","url":"https:\/\/elevatesurf.ch\/","name":"Elevatesurf","description":"Surfez vers de nouveaux sommets avec ElevateSurf ! Kiteshop, Wingshop","publisher":{"@id":"https:\/\/elevatesurf.ch\/#organization"},"potentialAction":[{"@type":"SearchAction","target":{"@type":"EntryPoint","urlTemplate":"https:\/\/elevatesurf.ch\/?s={search_term_string}"},"query-input":"required name=search_term_string"}],"inLanguage":"fr-FR"},{"@type":"Organization","@id":"https:\/\/elevatesurf.ch\/#organization","name":"Elevatesurf","url":"https:\/\/elevatesurf.ch\/","logo":{"@type":"ImageObject","inLanguage":"fr-FR","@id":"https:\/\/elevatesurf.ch\/#\/schema\/logo\/image\/","url":"https:\/\/elevatesurf.ch\/wp-content\/uploads\/2024\/06\/67c2ec70-bdf5-4c14-898a-ded5b2051398.jpg","contentUrl":"https:\/\/elevatesurf.ch\/wp-content\/uploads\/2024\/06\/67c2ec70-bdf5-4c14-898a-ded5b2051398.jpg","width":1024,"height":1024,"caption":"Elevatesurf"},"image":{"@id":"https:\/\/elevatesurf.ch\/#\/schema\/logo\/image\/"},"sameAs":["https:\/\/www.instagram.com\/elevate__surf\/"]}]}},"_links":{"self":[{"href":"https:\/\/elevatesurf.ch\/fr\/wp-json\/wp\/v2\/product\/25876","targetHints":{"allow":["GET"]}}],"collection":[{"href":"https:\/\/elevatesurf.ch\/fr\/wp-json\/wp\/v2\/product"}],"about":[{"href":"https:\/\/elevatesurf.ch\/fr\/wp-json\/wp\/v2\/types\/product"}],"replies":[{"embeddable":true,"href":"https:\/\/elevatesurf.ch\/fr\/wp-json\/wp\/v2\/comments?post=25876"}],"wp:featuredmedia":[{"embeddable":true,"href":"https:\/\/elevatesurf.ch\/fr\/wp-json\/wp\/v2\/media\/25875"}],"wp:attachment":[{"href":"https:\/\/elevatesurf.ch\/fr\/wp-json\/wp\/v2\/media?parent=25876"}],"wp:term":[{"taxonomy":"product_cat","embeddable":true,"href":"https:\/\/elevatesurf.ch\/fr\/wp-json\/wp\/v2\/product_cat?post=25876"},{"taxonomy":"product_tag","embeddable":true,"href":"https:\/\/elevatesurf.ch\/fr\/wp-json\/wp\/v2\/product_tag?post=25876"}],"curies":[{"name":"wp","href":"https:\/\/api.w.org\/{rel}","templated":true}]}}