{"id":25878,"date":"2025-04-01T05:08:01","date_gmt":"2025-04-01T05:08:01","guid":{"rendered":"https:\/\/elevatesurf.ch\/product\/restube-extreme-lime-green\/"},"modified":"2025-06-19T00:00:21","modified_gmt":"2025-06-19T00:00:21","slug":"restube-extreme-lime-green","status":"publish","type":"product","link":"https:\/\/elevatesurf.ch\/fr\/product\/restube-extreme-lime-green\/","title":{"rendered":"Restube extreme (lime green)"},"content":{"rendered":"<p>F\u00fcr raue Bedingungen. Ob beim Kite- und Windsurfen, Wellenreiten oder im professionellen Einsatz: Restube extreme kannst du einfach immer in der Tasche verstaut und am G\u00fcrtel oder direkt am Trapez befestigt tragen. So kannst du besser einzigartige Momente genie\u00dfen. Ein kontrollierter Zug am Ausl\u00f6ser bl\u00e4st die gelbe Restube-Boje in Sekunden auf. Aufgeblasen bietet Restube extreme genug Auftrieb (75 N) f\u00fcr einen Erwachsenen. Einfach souver\u00e4n dar\u00fcber lehnen und der Kopf bleibt entspannt \u00fcber dem Wasser, ohne dass du viel Kraft aufbringen musst. Mache mit Nachdruck auf dich aufmerksam, indem du mit der Boje winkst oder sie hinter dir herziehst. Du kannst mit Restube extreme auch hervorragend durch Wellen tauchen. Teile den starken Auftrieb mit anderen, indem du die Boje weitergibst. Restube extreme ist wiederverwendbar durch Einschrauben einer neuen original 16g CO2-Patrone und mit etwas \u00dcbung einfach zu packen.<\/p>\n<p>&#8211; Auch mit dem Mundventil aufblasbar<br \/>\n&#8211; Extra robustes Bojen- &amp; Taschen-Material<br \/>\n&#8211; Robuster Splintverschluss<br \/>\n&#8211; Flexible Anbringung an Equipment (Trapez, Gurtzeug, Holster)<br \/>\n&#8211; Horizontal und vertikal befestigbar an Gurten bis 7 cm Breite<br \/>\n&#8211; Inklusive G\u00fcrtel (120 x 3 cm), &lsquo;Positionierungsstab&rsquo; nachr\u00fcstbar (nicht beiliegend)<br \/>\n&#8211; Hochwertiger Ausl\u00f6segriff ist zugleich eine Pfeife<br \/>\n&#8211; Reissverschlussfach (nicht wasserdicht)<\/p>\n<p>F\u00dcR DIESE WASSERAKTIVIT\u00c4TEN EMPFOHLEN:<br \/>\nKITESURFEN | STAND-UP-PADDLING (FLUSS &amp; WELLEN) INNERHALB DER UFERZONE!| SURFEN | WINDSURFEN<\/p>\n<p>Restube READY: Ja<br \/>\nAuftrieb: 75N (~7.5kg)<br \/>\nL\u00e4nge: 65 cm<br \/>\nDurchmesser: 13 cm<br \/>\nGewicht: 225 g<br \/>\nAusl\u00f6sungen: Bis zu 200 Ausl\u00f6sungen<br \/>\nUrsprungsland: Deutschland<br \/>\nLieferumfang: 1x Restube extreme inkl. 16g CO2 Ersatzpatronen, 1x Bedienungsanleitung<\/p>\n","protected":false},"excerpt":{"rendered":"<p>F\u00fcr raue Bedingungen. Ob beim Kite- und Windsurfen, Wellenreiten oder im professionellen Einsatz: Restube extreme kannst du einfach immer in der Tasche verstaut und am G\u00fcrtel oder direkt am Trapez befestigt tragen. So kannst du besser einzigartige Momente genie\u00dfen. Ein kontrollierter Zug am Ausl\u00f6ser bl\u00e4st die gelbe Restube-Boje in Sekunden auf. Aufgeblasen bietet Restube extreme [&hellip;]<\/p>\n","protected":false},"featured_media":25877,"comment_status":"open","ping_status":"closed","template":"","meta":[],"product_cat":[977,978],"product_tag":[],"class_list":{"0":"post-25878","1":"product","2":"type-product","3":"status-publish","4":"has-post-thumbnail","6":"product_cat-accessoires","7":"product_cat-safety-accessoires","8":"product_brand-indiana-suisse","10":"first","11":"outofstock","12":"shipping-taxable","13":"purchasable","14":"product-type-simple"},"yoast_head":"<!-- This site is optimized with the Yoast SEO plugin v22.8 - https:\/\/yoast.com\/wordpress\/plugins\/seo\/ -->\n<title>Restube extreme (lime green) - Elevatesurf<\/title>\n<meta name=\"description\" content=\"Elevatesurf Restube extreme (lime green)\" \/>\n<meta name=\"robots\" content=\"index, follow, max-snippet:-1, max-image-preview:large, max-video-preview:-1\" \/>\n<link rel=\"canonical\" href=\"https:\/\/elevatesurf.ch\/fr\/product\/restube-extreme-lime-green\/\" \/>\n<meta property=\"og:locale\" content=\"fr_FR\" \/>\n<meta property=\"og:type\" content=\"article\" \/>\n<meta property=\"og:title\" content=\"Restube extreme (lime green) - Elevatesurf\" \/>\n<meta property=\"og:description\" content=\"Elevatesurf Restube extreme (lime green)\" \/>\n<meta property=\"og:url\" content=\"https:\/\/elevatesurf.ch\/fr\/product\/restube-extreme-lime-green\/\" \/>\n<meta property=\"og:site_name\" content=\"Elevatesurf\" \/>\n<meta property=\"article:modified_time\" content=\"2025-06-19T00:00:21+00:00\" \/>\n<meta property=\"og:image\" content=\"https:\/\/elevatesurf.ch\/wp-content\/uploads\/2025\/04\/RT_01301_LG_Restube_extreme_lime_green_inflated_.jpg\" \/>\n\t<meta property=\"og:image:width\" content=\"1065\" \/>\n\t<meta property=\"og:image:height\" content=\"1065\" \/>\n\t<meta property=\"og:image:type\" content=\"image\/jpeg\" \/>\n<meta name=\"twitter:card\" content=\"summary_large_image\" \/>\n<meta name=\"twitter:label1\" content=\"Dur\u00e9e de lecture estim\u00e9e\" \/>\n\t<meta name=\"twitter:data1\" content=\"1 minute\" \/>\n<script type=\"application\/ld+json\" class=\"yoast-schema-graph\">{\"@context\":\"https:\/\/schema.org\",\"@graph\":[{\"@type\":[\"WebPage\",\"ItemPage\"],\"@id\":\"https:\/\/elevatesurf.ch\/product\/restube-extreme-lime-green\/\",\"url\":\"https:\/\/elevatesurf.ch\/product\/restube-extreme-lime-green\/\",\"name\":\"Restube extreme (lime green) - Elevatesurf\",\"isPartOf\":{\"@id\":\"https:\/\/elevatesurf.ch\/#website\"},\"primaryImageOfPage\":{\"@id\":\"https:\/\/elevatesurf.ch\/product\/restube-extreme-lime-green\/#primaryimage\"},\"image\":{\"@id\":\"https:\/\/elevatesurf.ch\/product\/restube-extreme-lime-green\/#primaryimage\"},\"thumbnailUrl\":\"https:\/\/elevatesurf.ch\/wp-content\/uploads\/2025\/04\/RT_01301_LG_Restube_extreme_lime_green_inflated_.jpg\",\"datePublished\":\"2025-04-01T05:08:01+00:00\",\"dateModified\":\"2025-06-19T00:00:21+00:00\",\"description\":\"Elevatesurf Restube extreme (lime green)\",\"breadcrumb\":{\"@id\":\"https:\/\/elevatesurf.ch\/product\/restube-extreme-lime-green\/#breadcrumb\"},\"inLanguage\":\"fr-FR\",\"potentialAction\":[{\"@type\":\"ReadAction\",\"target\":[\"https:\/\/elevatesurf.ch\/product\/restube-extreme-lime-green\/\"]}]},{\"@type\":\"ImageObject\",\"inLanguage\":\"fr-FR\",\"@id\":\"https:\/\/elevatesurf.ch\/product\/restube-extreme-lime-green\/#primaryimage\",\"url\":\"https:\/\/elevatesurf.ch\/wp-content\/uploads\/2025\/04\/RT_01301_LG_Restube_extreme_lime_green_inflated_.jpg\",\"contentUrl\":\"https:\/\/elevatesurf.ch\/wp-content\/uploads\/2025\/04\/RT_01301_LG_Restube_extreme_lime_green_inflated_.jpg\",\"width\":1065,\"height\":1065},{\"@type\":\"BreadcrumbList\",\"@id\":\"https:\/\/elevatesurf.ch\/product\/restube-extreme-lime-green\/#breadcrumb\",\"itemListElement\":[{\"@type\":\"ListItem\",\"position\":1,\"name\":\"Accueil\",\"item\":\"https:\/\/elevatesurf.ch\/\"},{\"@type\":\"ListItem\",\"position\":2,\"name\":\"Shop &#8211; \u00c9levez Votre Exp\u00e9rience de Surf avec Notre Collection\",\"item\":\"https:\/\/elevatesurf.ch\/shop\/\"},{\"@type\":\"ListItem\",\"position\":3,\"name\":\"Restube extreme (lime green)\"}]},{\"@type\":\"WebSite\",\"@id\":\"https:\/\/elevatesurf.ch\/#website\",\"url\":\"https:\/\/elevatesurf.ch\/\",\"name\":\"Elevatesurf\",\"description\":\"Surfez vers de nouveaux sommets avec ElevateSurf ! Kiteshop, Wingshop\",\"publisher\":{\"@id\":\"https:\/\/elevatesurf.ch\/#organization\"},\"potentialAction\":[{\"@type\":\"SearchAction\",\"target\":{\"@type\":\"EntryPoint\",\"urlTemplate\":\"https:\/\/elevatesurf.ch\/?s={search_term_string}\"},\"query-input\":\"required name=search_term_string\"}],\"inLanguage\":\"fr-FR\"},{\"@type\":\"Organization\",\"@id\":\"https:\/\/elevatesurf.ch\/#organization\",\"name\":\"Elevatesurf\",\"url\":\"https:\/\/elevatesurf.ch\/\",\"logo\":{\"@type\":\"ImageObject\",\"inLanguage\":\"fr-FR\",\"@id\":\"https:\/\/elevatesurf.ch\/#\/schema\/logo\/image\/\",\"url\":\"https:\/\/elevatesurf.ch\/wp-content\/uploads\/2024\/06\/67c2ec70-bdf5-4c14-898a-ded5b2051398.jpg\",\"contentUrl\":\"https:\/\/elevatesurf.ch\/wp-content\/uploads\/2024\/06\/67c2ec70-bdf5-4c14-898a-ded5b2051398.jpg\",\"width\":1024,\"height\":1024,\"caption\":\"Elevatesurf\"},\"image\":{\"@id\":\"https:\/\/elevatesurf.ch\/#\/schema\/logo\/image\/\"},\"sameAs\":[\"https:\/\/www.instagram.com\/elevate__surf\/\"]}]}<\/script>\n<!-- \/ Yoast SEO plugin. -->","yoast_head_json":{"title":"Restube extreme (lime green) - Elevatesurf","description":"Elevatesurf Restube extreme (lime green)","robots":{"index":"index","follow":"follow","max-snippet":"max-snippet:-1","max-image-preview":"max-image-preview:large","max-video-preview":"max-video-preview:-1"},"canonical":"https:\/\/elevatesurf.ch\/fr\/product\/restube-extreme-lime-green\/","og_locale":"fr_FR","og_type":"article","og_title":"Restube extreme (lime green) - Elevatesurf","og_description":"Elevatesurf Restube extreme (lime green)","og_url":"https:\/\/elevatesurf.ch\/fr\/product\/restube-extreme-lime-green\/","og_site_name":"Elevatesurf","article_modified_time":"2025-06-19T00:00:21+00:00","og_image":[{"width":1065,"height":1065,"url":"https:\/\/elevatesurf.ch\/wp-content\/uploads\/2025\/04\/RT_01301_LG_Restube_extreme_lime_green_inflated_.jpg","type":"image\/jpeg"}],"twitter_card":"summary_large_image","twitter_misc":{"Dur\u00e9e de lecture estim\u00e9e":"1 minute"},"schema":{"@context":"https:\/\/schema.org","@graph":[{"@type":["WebPage","ItemPage"],"@id":"https:\/\/elevatesurf.ch\/product\/restube-extreme-lime-green\/","url":"https:\/\/elevatesurf.ch\/product\/restube-extreme-lime-green\/","name":"Restube extreme (lime green) - Elevatesurf","isPartOf":{"@id":"https:\/\/elevatesurf.ch\/#website"},"primaryImageOfPage":{"@id":"https:\/\/elevatesurf.ch\/product\/restube-extreme-lime-green\/#primaryimage"},"image":{"@id":"https:\/\/elevatesurf.ch\/product\/restube-extreme-lime-green\/#primaryimage"},"thumbnailUrl":"https:\/\/elevatesurf.ch\/wp-content\/uploads\/2025\/04\/RT_01301_LG_Restube_extreme_lime_green_inflated_.jpg","datePublished":"2025-04-01T05:08:01+00:00","dateModified":"2025-06-19T00:00:21+00:00","description":"Elevatesurf Restube extreme (lime green)","breadcrumb":{"@id":"https:\/\/elevatesurf.ch\/product\/restube-extreme-lime-green\/#breadcrumb"},"inLanguage":"fr-FR","potentialAction":[{"@type":"ReadAction","target":["https:\/\/elevatesurf.ch\/product\/restube-extreme-lime-green\/"]}]},{"@type":"ImageObject","inLanguage":"fr-FR","@id":"https:\/\/elevatesurf.ch\/product\/restube-extreme-lime-green\/#primaryimage","url":"https:\/\/elevatesurf.ch\/wp-content\/uploads\/2025\/04\/RT_01301_LG_Restube_extreme_lime_green_inflated_.jpg","contentUrl":"https:\/\/elevatesurf.ch\/wp-content\/uploads\/2025\/04\/RT_01301_LG_Restube_extreme_lime_green_inflated_.jpg","width":1065,"height":1065},{"@type":"BreadcrumbList","@id":"https:\/\/elevatesurf.ch\/product\/restube-extreme-lime-green\/#breadcrumb","itemListElement":[{"@type":"ListItem","position":1,"name":"Accueil","item":"https:\/\/elevatesurf.ch\/"},{"@type":"ListItem","position":2,"name":"Shop &#8211; \u00c9levez Votre Exp\u00e9rience de Surf avec Notre Collection","item":"https:\/\/elevatesurf.ch\/shop\/"},{"@type":"ListItem","position":3,"name":"Restube extreme (lime green)"}]},{"@type":"WebSite","@id":"https:\/\/elevatesurf.ch\/#website","url":"https:\/\/elevatesurf.ch\/","name":"Elevatesurf","description":"Surfez vers de nouveaux sommets avec ElevateSurf ! Kiteshop, Wingshop","publisher":{"@id":"https:\/\/elevatesurf.ch\/#organization"},"potentialAction":[{"@type":"SearchAction","target":{"@type":"EntryPoint","urlTemplate":"https:\/\/elevatesurf.ch\/?s={search_term_string}"},"query-input":"required name=search_term_string"}],"inLanguage":"fr-FR"},{"@type":"Organization","@id":"https:\/\/elevatesurf.ch\/#organization","name":"Elevatesurf","url":"https:\/\/elevatesurf.ch\/","logo":{"@type":"ImageObject","inLanguage":"fr-FR","@id":"https:\/\/elevatesurf.ch\/#\/schema\/logo\/image\/","url":"https:\/\/elevatesurf.ch\/wp-content\/uploads\/2024\/06\/67c2ec70-bdf5-4c14-898a-ded5b2051398.jpg","contentUrl":"https:\/\/elevatesurf.ch\/wp-content\/uploads\/2024\/06\/67c2ec70-bdf5-4c14-898a-ded5b2051398.jpg","width":1024,"height":1024,"caption":"Elevatesurf"},"image":{"@id":"https:\/\/elevatesurf.ch\/#\/schema\/logo\/image\/"},"sameAs":["https:\/\/www.instagram.com\/elevate__surf\/"]}]}},"_links":{"self":[{"href":"https:\/\/elevatesurf.ch\/fr\/wp-json\/wp\/v2\/product\/25878","targetHints":{"allow":["GET"]}}],"collection":[{"href":"https:\/\/elevatesurf.ch\/fr\/wp-json\/wp\/v2\/product"}],"about":[{"href":"https:\/\/elevatesurf.ch\/fr\/wp-json\/wp\/v2\/types\/product"}],"replies":[{"embeddable":true,"href":"https:\/\/elevatesurf.ch\/fr\/wp-json\/wp\/v2\/comments?post=25878"}],"wp:featuredmedia":[{"embeddable":true,"href":"https:\/\/elevatesurf.ch\/fr\/wp-json\/wp\/v2\/media\/25877"}],"wp:attachment":[{"href":"https:\/\/elevatesurf.ch\/fr\/wp-json\/wp\/v2\/media?parent=25878"}],"wp:term":[{"taxonomy":"product_cat","embeddable":true,"href":"https:\/\/elevatesurf.ch\/fr\/wp-json\/wp\/v2\/product_cat?post=25878"},{"taxonomy":"product_tag","embeddable":true,"href":"https:\/\/elevatesurf.ch\/fr\/wp-json\/wp\/v2\/product_tag?post=25878"}],"curies":[{"name":"wp","href":"https:\/\/api.w.org\/{rel}","templated":true}]}}