{"id":25882,"date":"2025-04-01T05:08:27","date_gmt":"2025-04-01T05:08:27","guid":{"rendered":"https:\/\/elevatesurf.ch\/product\/indiana-foil-hp-lw-carbon-mast-72-cm-extra-solid\/"},"modified":"2025-06-19T00:00:27","modified_gmt":"2025-06-19T00:00:27","slug":"indiana-foil-hp-lw-carbon-mast-72-cm-extra-solid","status":"publish","type":"product","link":"https:\/\/elevatesurf.ch\/fr\/product\/indiana-foil-hp-lw-carbon-mast-72-cm-extra-solid\/","title":{"rendered":"Indiana Foil HP LW Carbon Mast 72 cm Extra Solid"},"content":{"rendered":"<p>Das LW steht f\u00fcr low weight bzw. leichtes Gewicht. Und der Name ist Programm, denn der Mast ist der leichteste und steifste Produktionsmast auf dem Markt. Das 18 mm \u00abbullet nose\u00bb Profil erm\u00f6glicht es dem High Performance Pre-Preg Carbon Masten perfekt durchs Wasser zu schneiden und beh\u00e4lt gleichzeitig die Steifheit in Beugung und Drehung. Die abgerundete Nose des Profils hilft dabei die laminare Str\u00f6mung optimal in allen Winkelbewegungen zu halten. Was soviel heisst wie, keine performance Abstriche in scharfen Turns und bei choppy Konditionen.<br \/>\nDer LW-Mast ist produziert von der Schweizer Firma Carbo-Link AG, welche sehr bekannt ist f\u00fcr high-end Carbon Produkte f\u00fcr die Formel1 und den Americas Cup.<\/p>\n<p>Die Platte hat einen 90x160mm Lochabstand<\/p>\n<p>Der 72er Mast eignet sich sehr gut zum Foilen und ist ein gro\u00dfartiges Werkzeug f\u00fcr flache Gew\u00e4sser beim Wing-, Kite- und Surf-Foilen. Er hat auch eine gute Gr\u00f6\u00dfe f\u00fcr das Downwind-SUP-Foiling.<\/p>\n","protected":false},"excerpt":{"rendered":"<p>Das LW steht f\u00fcr low weight bzw. leichtes Gewicht. Und der Name ist Programm, denn der Mast ist der leichteste und steifste Produktionsmast auf dem Markt. Das 18 mm \u00abbullet nose\u00bb Profil erm\u00f6glicht es dem High Performance Pre-Preg Carbon Masten perfekt durchs Wasser zu schneiden und beh\u00e4lt gleichzeitig die Steifheit in Beugung und Drehung. Die [&hellip;]<\/p>\n","protected":false},"featured_media":25881,"comment_status":"open","ping_status":"closed","template":"","meta":[],"product_cat":[1015,138],"product_tag":[],"class_list":{"0":"post-25882","1":"product","2":"type-product","3":"status-publish","4":"has-post-thumbnail","6":"product_cat-mats","7":"product_cat-wingfoil-suisse-acheter","8":"product_brand-indiana-suisse","10":"first","11":"instock","12":"shipping-taxable","13":"purchasable","14":"product-type-simple"},"yoast_head":"<!-- This site is optimized with the Yoast SEO plugin v22.8 - https:\/\/yoast.com\/wordpress\/plugins\/seo\/ -->\n<title>Indiana Foil HP LW Carbon Mast 72 cm Extra Solid - Elevatesurf<\/title>\n<meta name=\"description\" content=\"Elevatesurf Indiana Foil HP LW Carbon Mast 72 cm Extra Solid\" \/>\n<meta name=\"robots\" content=\"index, follow, max-snippet:-1, max-image-preview:large, max-video-preview:-1\" \/>\n<link rel=\"canonical\" href=\"https:\/\/elevatesurf.ch\/fr\/product\/indiana-foil-hp-lw-carbon-mast-72-cm-extra-solid\/\" \/>\n<meta property=\"og:locale\" content=\"fr_FR\" \/>\n<meta property=\"og:type\" content=\"article\" \/>\n<meta property=\"og:title\" content=\"Indiana Foil HP LW Carbon Mast 72 cm Extra Solid - Elevatesurf\" \/>\n<meta property=\"og:description\" content=\"Elevatesurf Indiana Foil HP LW Carbon Mast 72 cm Extra Solid\" \/>\n<meta property=\"og:url\" content=\"https:\/\/elevatesurf.ch\/fr\/product\/indiana-foil-hp-lw-carbon-mast-72-cm-extra-solid\/\" \/>\n<meta property=\"og:site_name\" content=\"Elevatesurf\" \/>\n<meta property=\"article:modified_time\" content=\"2025-06-19T00:00:27+00:00\" \/>\n<meta name=\"twitter:card\" content=\"summary_large_image\" \/>\n<meta name=\"twitter:label1\" content=\"Dur\u00e9e de lecture estim\u00e9e\" \/>\n\t<meta name=\"twitter:data1\" content=\"1 minute\" \/>\n<script type=\"application\/ld+json\" class=\"yoast-schema-graph\">{\"@context\":\"https:\/\/schema.org\",\"@graph\":[{\"@type\":[\"WebPage\",\"ItemPage\"],\"@id\":\"https:\/\/elevatesurf.ch\/product\/indiana-foil-hp-lw-carbon-mast-72-cm-extra-solid\/\",\"url\":\"https:\/\/elevatesurf.ch\/product\/indiana-foil-hp-lw-carbon-mast-72-cm-extra-solid\/\",\"name\":\"Indiana Foil HP LW Carbon Mast 72 cm Extra Solid - Elevatesurf\",\"isPartOf\":{\"@id\":\"https:\/\/elevatesurf.ch\/#website\"},\"primaryImageOfPage\":{\"@id\":\"https:\/\/elevatesurf.ch\/product\/indiana-foil-hp-lw-carbon-mast-72-cm-extra-solid\/#primaryimage\"},\"image\":{\"@id\":\"https:\/\/elevatesurf.ch\/product\/indiana-foil-hp-lw-carbon-mast-72-cm-extra-solid\/#primaryimage\"},\"thumbnailUrl\":\"https:\/\/elevatesurf.ch\/wp-content\/uploads\/2025\/04\/3540SM_Indiana_Foil_HP_Carbon_Mast_72cm__2.png\",\"datePublished\":\"2025-04-01T05:08:27+00:00\",\"dateModified\":\"2025-06-19T00:00:27+00:00\",\"description\":\"Elevatesurf Indiana Foil HP LW Carbon Mast 72 cm Extra Solid\",\"breadcrumb\":{\"@id\":\"https:\/\/elevatesurf.ch\/product\/indiana-foil-hp-lw-carbon-mast-72-cm-extra-solid\/#breadcrumb\"},\"inLanguage\":\"fr-FR\",\"potentialAction\":[{\"@type\":\"ReadAction\",\"target\":[\"https:\/\/elevatesurf.ch\/product\/indiana-foil-hp-lw-carbon-mast-72-cm-extra-solid\/\"]}]},{\"@type\":\"ImageObject\",\"inLanguage\":\"fr-FR\",\"@id\":\"https:\/\/elevatesurf.ch\/product\/indiana-foil-hp-lw-carbon-mast-72-cm-extra-solid\/#primaryimage\",\"url\":\"https:\/\/elevatesurf.ch\/wp-content\/uploads\/2025\/04\/3540SM_Indiana_Foil_HP_Carbon_Mast_72cm__2.png\",\"contentUrl\":\"https:\/\/elevatesurf.ch\/wp-content\/uploads\/2025\/04\/3540SM_Indiana_Foil_HP_Carbon_Mast_72cm__2.png\",\"width\":1800,\"height\":1800},{\"@type\":\"BreadcrumbList\",\"@id\":\"https:\/\/elevatesurf.ch\/product\/indiana-foil-hp-lw-carbon-mast-72-cm-extra-solid\/#breadcrumb\",\"itemListElement\":[{\"@type\":\"ListItem\",\"position\":1,\"name\":\"Accueil\",\"item\":\"https:\/\/elevatesurf.ch\/\"},{\"@type\":\"ListItem\",\"position\":2,\"name\":\"Shop &#8211; \u00c9levez Votre Exp\u00e9rience de Surf avec Notre Collection\",\"item\":\"https:\/\/elevatesurf.ch\/shop\/\"},{\"@type\":\"ListItem\",\"position\":3,\"name\":\"Indiana Foil HP LW Carbon Mast 72 cm Extra Solid\"}]},{\"@type\":\"WebSite\",\"@id\":\"https:\/\/elevatesurf.ch\/#website\",\"url\":\"https:\/\/elevatesurf.ch\/\",\"name\":\"Elevatesurf\",\"description\":\"Surfez vers de nouveaux sommets avec ElevateSurf ! Kiteshop, Wingshop\",\"publisher\":{\"@id\":\"https:\/\/elevatesurf.ch\/#organization\"},\"potentialAction\":[{\"@type\":\"SearchAction\",\"target\":{\"@type\":\"EntryPoint\",\"urlTemplate\":\"https:\/\/elevatesurf.ch\/?s={search_term_string}\"},\"query-input\":\"required name=search_term_string\"}],\"inLanguage\":\"fr-FR\"},{\"@type\":\"Organization\",\"@id\":\"https:\/\/elevatesurf.ch\/#organization\",\"name\":\"Elevatesurf\",\"url\":\"https:\/\/elevatesurf.ch\/\",\"logo\":{\"@type\":\"ImageObject\",\"inLanguage\":\"fr-FR\",\"@id\":\"https:\/\/elevatesurf.ch\/#\/schema\/logo\/image\/\",\"url\":\"https:\/\/elevatesurf.ch\/wp-content\/uploads\/2024\/06\/67c2ec70-bdf5-4c14-898a-ded5b2051398.jpg\",\"contentUrl\":\"https:\/\/elevatesurf.ch\/wp-content\/uploads\/2024\/06\/67c2ec70-bdf5-4c14-898a-ded5b2051398.jpg\",\"width\":1024,\"height\":1024,\"caption\":\"Elevatesurf\"},\"image\":{\"@id\":\"https:\/\/elevatesurf.ch\/#\/schema\/logo\/image\/\"},\"sameAs\":[\"https:\/\/www.instagram.com\/elevate__surf\/\"]}]}<\/script>\n<!-- \/ Yoast SEO plugin. -->","yoast_head_json":{"title":"Indiana Foil HP LW Carbon Mast 72 cm Extra Solid - Elevatesurf","description":"Elevatesurf Indiana Foil HP LW Carbon Mast 72 cm Extra Solid","robots":{"index":"index","follow":"follow","max-snippet":"max-snippet:-1","max-image-preview":"max-image-preview:large","max-video-preview":"max-video-preview:-1"},"canonical":"https:\/\/elevatesurf.ch\/fr\/product\/indiana-foil-hp-lw-carbon-mast-72-cm-extra-solid\/","og_locale":"fr_FR","og_type":"article","og_title":"Indiana Foil HP LW Carbon Mast 72 cm Extra Solid - Elevatesurf","og_description":"Elevatesurf Indiana Foil HP LW Carbon Mast 72 cm Extra Solid","og_url":"https:\/\/elevatesurf.ch\/fr\/product\/indiana-foil-hp-lw-carbon-mast-72-cm-extra-solid\/","og_site_name":"Elevatesurf","article_modified_time":"2025-06-19T00:00:27+00:00","twitter_card":"summary_large_image","twitter_misc":{"Dur\u00e9e de lecture estim\u00e9e":"1 minute"},"schema":{"@context":"https:\/\/schema.org","@graph":[{"@type":["WebPage","ItemPage"],"@id":"https:\/\/elevatesurf.ch\/product\/indiana-foil-hp-lw-carbon-mast-72-cm-extra-solid\/","url":"https:\/\/elevatesurf.ch\/product\/indiana-foil-hp-lw-carbon-mast-72-cm-extra-solid\/","name":"Indiana Foil HP LW Carbon Mast 72 cm Extra Solid - Elevatesurf","isPartOf":{"@id":"https:\/\/elevatesurf.ch\/#website"},"primaryImageOfPage":{"@id":"https:\/\/elevatesurf.ch\/product\/indiana-foil-hp-lw-carbon-mast-72-cm-extra-solid\/#primaryimage"},"image":{"@id":"https:\/\/elevatesurf.ch\/product\/indiana-foil-hp-lw-carbon-mast-72-cm-extra-solid\/#primaryimage"},"thumbnailUrl":"https:\/\/elevatesurf.ch\/wp-content\/uploads\/2025\/04\/3540SM_Indiana_Foil_HP_Carbon_Mast_72cm__2.png","datePublished":"2025-04-01T05:08:27+00:00","dateModified":"2025-06-19T00:00:27+00:00","description":"Elevatesurf Indiana Foil HP LW Carbon Mast 72 cm Extra Solid","breadcrumb":{"@id":"https:\/\/elevatesurf.ch\/product\/indiana-foil-hp-lw-carbon-mast-72-cm-extra-solid\/#breadcrumb"},"inLanguage":"fr-FR","potentialAction":[{"@type":"ReadAction","target":["https:\/\/elevatesurf.ch\/product\/indiana-foil-hp-lw-carbon-mast-72-cm-extra-solid\/"]}]},{"@type":"ImageObject","inLanguage":"fr-FR","@id":"https:\/\/elevatesurf.ch\/product\/indiana-foil-hp-lw-carbon-mast-72-cm-extra-solid\/#primaryimage","url":"https:\/\/elevatesurf.ch\/wp-content\/uploads\/2025\/04\/3540SM_Indiana_Foil_HP_Carbon_Mast_72cm__2.png","contentUrl":"https:\/\/elevatesurf.ch\/wp-content\/uploads\/2025\/04\/3540SM_Indiana_Foil_HP_Carbon_Mast_72cm__2.png","width":1800,"height":1800},{"@type":"BreadcrumbList","@id":"https:\/\/elevatesurf.ch\/product\/indiana-foil-hp-lw-carbon-mast-72-cm-extra-solid\/#breadcrumb","itemListElement":[{"@type":"ListItem","position":1,"name":"Accueil","item":"https:\/\/elevatesurf.ch\/"},{"@type":"ListItem","position":2,"name":"Shop &#8211; \u00c9levez Votre Exp\u00e9rience de Surf avec Notre Collection","item":"https:\/\/elevatesurf.ch\/shop\/"},{"@type":"ListItem","position":3,"name":"Indiana Foil HP LW Carbon Mast 72 cm Extra Solid"}]},{"@type":"WebSite","@id":"https:\/\/elevatesurf.ch\/#website","url":"https:\/\/elevatesurf.ch\/","name":"Elevatesurf","description":"Surfez vers de nouveaux sommets avec ElevateSurf ! Kiteshop, Wingshop","publisher":{"@id":"https:\/\/elevatesurf.ch\/#organization"},"potentialAction":[{"@type":"SearchAction","target":{"@type":"EntryPoint","urlTemplate":"https:\/\/elevatesurf.ch\/?s={search_term_string}"},"query-input":"required name=search_term_string"}],"inLanguage":"fr-FR"},{"@type":"Organization","@id":"https:\/\/elevatesurf.ch\/#organization","name":"Elevatesurf","url":"https:\/\/elevatesurf.ch\/","logo":{"@type":"ImageObject","inLanguage":"fr-FR","@id":"https:\/\/elevatesurf.ch\/#\/schema\/logo\/image\/","url":"https:\/\/elevatesurf.ch\/wp-content\/uploads\/2024\/06\/67c2ec70-bdf5-4c14-898a-ded5b2051398.jpg","contentUrl":"https:\/\/elevatesurf.ch\/wp-content\/uploads\/2024\/06\/67c2ec70-bdf5-4c14-898a-ded5b2051398.jpg","width":1024,"height":1024,"caption":"Elevatesurf"},"image":{"@id":"https:\/\/elevatesurf.ch\/#\/schema\/logo\/image\/"},"sameAs":["https:\/\/www.instagram.com\/elevate__surf\/"]}]}},"_links":{"self":[{"href":"https:\/\/elevatesurf.ch\/fr\/wp-json\/wp\/v2\/product\/25882","targetHints":{"allow":["GET"]}}],"collection":[{"href":"https:\/\/elevatesurf.ch\/fr\/wp-json\/wp\/v2\/product"}],"about":[{"href":"https:\/\/elevatesurf.ch\/fr\/wp-json\/wp\/v2\/types\/product"}],"replies":[{"embeddable":true,"href":"https:\/\/elevatesurf.ch\/fr\/wp-json\/wp\/v2\/comments?post=25882"}],"wp:featuredmedia":[{"embeddable":true,"href":"https:\/\/elevatesurf.ch\/fr\/wp-json\/wp\/v2\/media\/25881"}],"wp:attachment":[{"href":"https:\/\/elevatesurf.ch\/fr\/wp-json\/wp\/v2\/media?parent=25882"}],"wp:term":[{"taxonomy":"product_cat","embeddable":true,"href":"https:\/\/elevatesurf.ch\/fr\/wp-json\/wp\/v2\/product_cat?post=25882"},{"taxonomy":"product_tag","embeddable":true,"href":"https:\/\/elevatesurf.ch\/fr\/wp-json\/wp\/v2\/product_tag?post=25882"}],"curies":[{"name":"wp","href":"https:\/\/api.w.org\/{rel}","templated":true}]}}