{"id":25891,"date":"2025-04-01T05:09:04","date_gmt":"2025-04-01T05:09:04","guid":{"rendered":"https:\/\/elevatesurf.ch\/product\/indiana-95-pump-foil-magic\/"},"modified":"2025-06-19T00:00:32","modified_gmt":"2025-06-19T00:00:32","slug":"indiana-95-pump-foil-magic","status":"publish","type":"product","link":"https:\/\/elevatesurf.ch\/fr\/product\/indiana-95-pump-foil-magic\/","title":{"rendered":"Indiana 95 Pump Foil Magic"},"content":{"rendered":"<p>Entwickelt f\u00fcr ambitionierte bis fortgeschrittene Dockstart-Pumpfoiler, ist das Indiana 95 Pumpfoil Magic das leichteste Produktions Pumpfoil-Board auf dem Markt.<br \/>\nDank der innovativen PMI-Schaum-Technologie kombiniert es \u00fcberragende Leichtigkeit mit der Strapazierf\u00e4higkeit herk\u00f6mmlicher Konstruktionen.<br \/>\nDas Croc-Skin-Pad bietet hervorragenden Grip und sorgt f\u00fcr ein sicheres Fahrgef\u00fchl. Mit einem Ma\u00df von 95 cm L\u00e4nge, 42 cm Breite und einer Dicke von 3,5 cm bei einem Volumen von 11.8 Litern, ist dieses Board perfekt f\u00fcr Fahrer, die auf der Suche nach einem sehr kleinen, sehr leichten und steifen Board sind.<br \/>\nACHTUNG:&nbsp; Das maximal erlaubte Gewicht der Riders ist 60kg.&nbsp;&nbsp;<br \/>\n&nbsp;<br \/>\nSchlanke Outline:Dank der schlankeren Outline ist das Board reaktionsfreudiger und agiler, sodass das Board h\u00e4rter und enger gecarved werden kann, ohne bef\u00fcrchten zu m\u00fcssen, dass die Rails h\u00e4ngen bleiben.<br \/>\n&nbsp;<br \/>\n32 cm Lio-Tec-Schienen:Die 32 cm langen, verstellbaren Tracks bieten einen grossen Spielraum zur Feinabstimmung des Foils, basierend auf Gr\u00f6\u00dfe, K\u00f6nnen und pers\u00f6nlichem Geschmack.<br \/>\n&nbsp;<br \/>\nKonkaves Deck:Das konkave Deck sorgt f\u00fcr ein verbessertes Drehverhalten sowie eine progressiveres \u201eHeel to Toe\u201c Feeling. Es hilft auch bei der richtigen Fu\u00dfplatzierung, da man ein besseres Gef\u00fchl f\u00fcr die Kontur des Decks und die ideale Position bekommt.<br \/>\n&nbsp;<br \/>\nGrab-Rails:Die Grab-Rails geben beim Start einen sichereren Halt auf dem Board und dank des zus\u00e4tzlichen Volumens an den Rails ist das Board steifer und st\u00e4rker.<br \/>\n&nbsp;<br \/>\nBackpack:Um den Transport des Pumpfoil-Setups zum Startplatz zu erleichtern, werden die Magic 95 Boards mit dem passgenauen 95 cm Backpack geliefert in dem nicht nur das Board, sondern auch ein Foil und der Rest der Ausr\u00fcstung Platz finden.<br \/>\n&nbsp;<br \/>\nCroc-Skin-Pad:Das Croc-Skin-Pad bietet hervorragenden Halt, erm\u00f6glichen aber dennoch eine einfache Anpassung der Position.<br \/>\n&nbsp;<\/p>\n","protected":false},"excerpt":{"rendered":"<p>Entwickelt f\u00fcr ambitionierte bis fortgeschrittene Dockstart-Pumpfoiler, ist das Indiana 95 Pumpfoil Magic das leichteste Produktions Pumpfoil-Board auf dem Markt. Dank der innovativen PMI-Schaum-Technologie kombiniert es \u00fcberragende Leichtigkeit mit der Strapazierf\u00e4higkeit herk\u00f6mmlicher Konstruktionen. Das Croc-Skin-Pad bietet hervorragenden Grip und sorgt f\u00fcr ein sicheres Fahrgef\u00fchl. Mit einem Ma\u00df von 95 cm L\u00e4nge, 42 cm Breite und einer [&hellip;]<\/p>\n","protected":false},"featured_media":25890,"comment_status":"open","ping_status":"closed","template":"","meta":[],"product_cat":[594,138],"product_tag":[],"class_list":{"0":"post-25891","1":"product","2":"type-product","3":"status-publish","4":"has-post-thumbnail","6":"product_cat-planches","7":"product_cat-wingfoil-suisse-acheter","8":"product_brand-indiana-suisse","10":"first","11":"instock","12":"shipping-taxable","13":"purchasable","14":"product-type-simple"},"yoast_head":"<!-- This site is optimized with the Yoast SEO plugin v22.8 - https:\/\/yoast.com\/wordpress\/plugins\/seo\/ -->\n<title>Indiana 95 Pump Foil Magic - Elevatesurf<\/title>\n<meta name=\"description\" content=\"Elevatesurf Indiana 95 Pump Foil Magic\" \/>\n<meta name=\"robots\" content=\"index, follow, max-snippet:-1, max-image-preview:large, max-video-preview:-1\" \/>\n<link rel=\"canonical\" href=\"https:\/\/elevatesurf.ch\/fr\/product\/indiana-95-pump-foil-magic\/\" \/>\n<meta property=\"og:locale\" content=\"fr_FR\" \/>\n<meta property=\"og:type\" content=\"article\" \/>\n<meta property=\"og:title\" content=\"Indiana 95 Pump Foil Magic - Elevatesurf\" \/>\n<meta property=\"og:description\" content=\"Elevatesurf Indiana 95 Pump Foil Magic\" \/>\n<meta property=\"og:url\" content=\"https:\/\/elevatesurf.ch\/fr\/product\/indiana-95-pump-foil-magic\/\" \/>\n<meta property=\"og:site_name\" content=\"Elevatesurf\" \/>\n<meta property=\"article:modified_time\" content=\"2025-06-19T00:00:32+00:00\" \/>\n<meta name=\"twitter:card\" content=\"summary_large_image\" \/>\n<meta name=\"twitter:label1\" content=\"Dur\u00e9e de lecture estim\u00e9e\" \/>\n\t<meta name=\"twitter:data1\" content=\"1 minute\" \/>\n<script type=\"application\/ld+json\" class=\"yoast-schema-graph\">{\"@context\":\"https:\/\/schema.org\",\"@graph\":[{\"@type\":[\"WebPage\",\"ItemPage\"],\"@id\":\"https:\/\/elevatesurf.ch\/product\/indiana-95-pump-foil-magic\/\",\"url\":\"https:\/\/elevatesurf.ch\/product\/indiana-95-pump-foil-magic\/\",\"name\":\"Indiana 95 Pump Foil Magic - Elevatesurf\",\"isPartOf\":{\"@id\":\"https:\/\/elevatesurf.ch\/#website\"},\"primaryImageOfPage\":{\"@id\":\"https:\/\/elevatesurf.ch\/product\/indiana-95-pump-foil-magic\/#primaryimage\"},\"image\":{\"@id\":\"https:\/\/elevatesurf.ch\/product\/indiana-95-pump-foil-magic\/#primaryimage\"},\"thumbnailUrl\":\"https:\/\/elevatesurf.ch\/wp-content\/uploads\/2025\/04\/indiana_pump_foil_95_magic.png\",\"datePublished\":\"2025-04-01T05:09:04+00:00\",\"dateModified\":\"2025-06-19T00:00:32+00:00\",\"description\":\"Elevatesurf Indiana 95 Pump Foil Magic\",\"breadcrumb\":{\"@id\":\"https:\/\/elevatesurf.ch\/product\/indiana-95-pump-foil-magic\/#breadcrumb\"},\"inLanguage\":\"fr-FR\",\"potentialAction\":[{\"@type\":\"ReadAction\",\"target\":[\"https:\/\/elevatesurf.ch\/product\/indiana-95-pump-foil-magic\/\"]}]},{\"@type\":\"ImageObject\",\"inLanguage\":\"fr-FR\",\"@id\":\"https:\/\/elevatesurf.ch\/product\/indiana-95-pump-foil-magic\/#primaryimage\",\"url\":\"https:\/\/elevatesurf.ch\/wp-content\/uploads\/2025\/04\/indiana_pump_foil_95_magic.png\",\"contentUrl\":\"https:\/\/elevatesurf.ch\/wp-content\/uploads\/2025\/04\/indiana_pump_foil_95_magic.png\",\"width\":1300,\"height\":1300},{\"@type\":\"BreadcrumbList\",\"@id\":\"https:\/\/elevatesurf.ch\/product\/indiana-95-pump-foil-magic\/#breadcrumb\",\"itemListElement\":[{\"@type\":\"ListItem\",\"position\":1,\"name\":\"Accueil\",\"item\":\"https:\/\/elevatesurf.ch\/\"},{\"@type\":\"ListItem\",\"position\":2,\"name\":\"Shop &#8211; \u00c9levez Votre Exp\u00e9rience de Surf avec Notre Collection\",\"item\":\"https:\/\/elevatesurf.ch\/shop\/\"},{\"@type\":\"ListItem\",\"position\":3,\"name\":\"Indiana 95 Pump Foil Magic\"}]},{\"@type\":\"WebSite\",\"@id\":\"https:\/\/elevatesurf.ch\/#website\",\"url\":\"https:\/\/elevatesurf.ch\/\",\"name\":\"Elevatesurf\",\"description\":\"Surfez vers de nouveaux sommets avec ElevateSurf ! Kiteshop, Wingshop\",\"publisher\":{\"@id\":\"https:\/\/elevatesurf.ch\/#organization\"},\"potentialAction\":[{\"@type\":\"SearchAction\",\"target\":{\"@type\":\"EntryPoint\",\"urlTemplate\":\"https:\/\/elevatesurf.ch\/?s={search_term_string}\"},\"query-input\":\"required name=search_term_string\"}],\"inLanguage\":\"fr-FR\"},{\"@type\":\"Organization\",\"@id\":\"https:\/\/elevatesurf.ch\/#organization\",\"name\":\"Elevatesurf\",\"url\":\"https:\/\/elevatesurf.ch\/\",\"logo\":{\"@type\":\"ImageObject\",\"inLanguage\":\"fr-FR\",\"@id\":\"https:\/\/elevatesurf.ch\/#\/schema\/logo\/image\/\",\"url\":\"https:\/\/elevatesurf.ch\/wp-content\/uploads\/2024\/06\/67c2ec70-bdf5-4c14-898a-ded5b2051398.jpg\",\"contentUrl\":\"https:\/\/elevatesurf.ch\/wp-content\/uploads\/2024\/06\/67c2ec70-bdf5-4c14-898a-ded5b2051398.jpg\",\"width\":1024,\"height\":1024,\"caption\":\"Elevatesurf\"},\"image\":{\"@id\":\"https:\/\/elevatesurf.ch\/#\/schema\/logo\/image\/\"},\"sameAs\":[\"https:\/\/www.instagram.com\/elevate__surf\/\"]}]}<\/script>\n<!-- \/ Yoast SEO plugin. -->","yoast_head_json":{"title":"Indiana 95 Pump Foil Magic - Elevatesurf","description":"Elevatesurf Indiana 95 Pump Foil Magic","robots":{"index":"index","follow":"follow","max-snippet":"max-snippet:-1","max-image-preview":"max-image-preview:large","max-video-preview":"max-video-preview:-1"},"canonical":"https:\/\/elevatesurf.ch\/fr\/product\/indiana-95-pump-foil-magic\/","og_locale":"fr_FR","og_type":"article","og_title":"Indiana 95 Pump Foil Magic - Elevatesurf","og_description":"Elevatesurf Indiana 95 Pump Foil Magic","og_url":"https:\/\/elevatesurf.ch\/fr\/product\/indiana-95-pump-foil-magic\/","og_site_name":"Elevatesurf","article_modified_time":"2025-06-19T00:00:32+00:00","twitter_card":"summary_large_image","twitter_misc":{"Dur\u00e9e de lecture estim\u00e9e":"1 minute"},"schema":{"@context":"https:\/\/schema.org","@graph":[{"@type":["WebPage","ItemPage"],"@id":"https:\/\/elevatesurf.ch\/product\/indiana-95-pump-foil-magic\/","url":"https:\/\/elevatesurf.ch\/product\/indiana-95-pump-foil-magic\/","name":"Indiana 95 Pump Foil Magic - Elevatesurf","isPartOf":{"@id":"https:\/\/elevatesurf.ch\/#website"},"primaryImageOfPage":{"@id":"https:\/\/elevatesurf.ch\/product\/indiana-95-pump-foil-magic\/#primaryimage"},"image":{"@id":"https:\/\/elevatesurf.ch\/product\/indiana-95-pump-foil-magic\/#primaryimage"},"thumbnailUrl":"https:\/\/elevatesurf.ch\/wp-content\/uploads\/2025\/04\/indiana_pump_foil_95_magic.png","datePublished":"2025-04-01T05:09:04+00:00","dateModified":"2025-06-19T00:00:32+00:00","description":"Elevatesurf Indiana 95 Pump Foil Magic","breadcrumb":{"@id":"https:\/\/elevatesurf.ch\/product\/indiana-95-pump-foil-magic\/#breadcrumb"},"inLanguage":"fr-FR","potentialAction":[{"@type":"ReadAction","target":["https:\/\/elevatesurf.ch\/product\/indiana-95-pump-foil-magic\/"]}]},{"@type":"ImageObject","inLanguage":"fr-FR","@id":"https:\/\/elevatesurf.ch\/product\/indiana-95-pump-foil-magic\/#primaryimage","url":"https:\/\/elevatesurf.ch\/wp-content\/uploads\/2025\/04\/indiana_pump_foil_95_magic.png","contentUrl":"https:\/\/elevatesurf.ch\/wp-content\/uploads\/2025\/04\/indiana_pump_foil_95_magic.png","width":1300,"height":1300},{"@type":"BreadcrumbList","@id":"https:\/\/elevatesurf.ch\/product\/indiana-95-pump-foil-magic\/#breadcrumb","itemListElement":[{"@type":"ListItem","position":1,"name":"Accueil","item":"https:\/\/elevatesurf.ch\/"},{"@type":"ListItem","position":2,"name":"Shop &#8211; \u00c9levez Votre Exp\u00e9rience de Surf avec Notre Collection","item":"https:\/\/elevatesurf.ch\/shop\/"},{"@type":"ListItem","position":3,"name":"Indiana 95 Pump Foil Magic"}]},{"@type":"WebSite","@id":"https:\/\/elevatesurf.ch\/#website","url":"https:\/\/elevatesurf.ch\/","name":"Elevatesurf","description":"Surfez vers de nouveaux sommets avec ElevateSurf ! Kiteshop, Wingshop","publisher":{"@id":"https:\/\/elevatesurf.ch\/#organization"},"potentialAction":[{"@type":"SearchAction","target":{"@type":"EntryPoint","urlTemplate":"https:\/\/elevatesurf.ch\/?s={search_term_string}"},"query-input":"required name=search_term_string"}],"inLanguage":"fr-FR"},{"@type":"Organization","@id":"https:\/\/elevatesurf.ch\/#organization","name":"Elevatesurf","url":"https:\/\/elevatesurf.ch\/","logo":{"@type":"ImageObject","inLanguage":"fr-FR","@id":"https:\/\/elevatesurf.ch\/#\/schema\/logo\/image\/","url":"https:\/\/elevatesurf.ch\/wp-content\/uploads\/2024\/06\/67c2ec70-bdf5-4c14-898a-ded5b2051398.jpg","contentUrl":"https:\/\/elevatesurf.ch\/wp-content\/uploads\/2024\/06\/67c2ec70-bdf5-4c14-898a-ded5b2051398.jpg","width":1024,"height":1024,"caption":"Elevatesurf"},"image":{"@id":"https:\/\/elevatesurf.ch\/#\/schema\/logo\/image\/"},"sameAs":["https:\/\/www.instagram.com\/elevate__surf\/"]}]}},"_links":{"self":[{"href":"https:\/\/elevatesurf.ch\/fr\/wp-json\/wp\/v2\/product\/25891","targetHints":{"allow":["GET"]}}],"collection":[{"href":"https:\/\/elevatesurf.ch\/fr\/wp-json\/wp\/v2\/product"}],"about":[{"href":"https:\/\/elevatesurf.ch\/fr\/wp-json\/wp\/v2\/types\/product"}],"replies":[{"embeddable":true,"href":"https:\/\/elevatesurf.ch\/fr\/wp-json\/wp\/v2\/comments?post=25891"}],"wp:featuredmedia":[{"embeddable":true,"href":"https:\/\/elevatesurf.ch\/fr\/wp-json\/wp\/v2\/media\/25890"}],"wp:attachment":[{"href":"https:\/\/elevatesurf.ch\/fr\/wp-json\/wp\/v2\/media?parent=25891"}],"wp:term":[{"taxonomy":"product_cat","embeddable":true,"href":"https:\/\/elevatesurf.ch\/fr\/wp-json\/wp\/v2\/product_cat?post=25891"},{"taxonomy":"product_tag","embeddable":true,"href":"https:\/\/elevatesurf.ch\/fr\/wp-json\/wp\/v2\/product_tag?post=25891"}],"curies":[{"name":"wp","href":"https:\/\/api.w.org\/{rel}","templated":true}]}}