{"id":25898,"date":"2025-04-01T05:10:26","date_gmt":"2025-04-01T05:10:26","guid":{"rendered":"https:\/\/elevatesurf.ch\/product\/indiana-105-pump-foil-2\/"},"modified":"2025-06-19T00:00:32","modified_gmt":"2025-06-19T00:00:32","slug":"indiana-105-pump-foil-2","status":"publish","type":"product","link":"https:\/\/elevatesurf.ch\/fr\/product\/indiana-105-pump-foil-2\/","title":{"rendered":"Indiana 105 Pump Foil"},"content":{"rendered":"<p>Entdecke die vierte Generation der Indiana Pumpfoil-Boards!<br \/>\nUnser neuestes Board bringt dein Pumpfoilen richtig auf Touren! Mit einer schlanken Outline, einem konkaven Deck, die progressiv Bevelled Rails&nbsp;und einem abgerundeten \u201eV\u201c-Unterwasserschiff hast du ein sensationelles \u201eHeel to Toe\u201c-Feeling, viel Agilit\u00e4t und einfach die beste Touchdown-Recovery. Das Pumpfoil 105 cm ist perfekt f\u00fcr talentierte Anf\u00e4nger und fortgeschrittene Fahrer, die ein k\u00fcrzeres Board wollen, um easy Fortschritte zu machen.<br \/>\nWas ist neu im Vergleich zum 105er Vorg\u00e4ngermodel?<br \/>\nStrap Plugs: Die neuen Strap Plugs sind jetzt diagonal vorne und parallel hinten zur Zehenkante um 2,5 cm verschoben. Damit kannst du Straps benutzen, um richtig krass beim Wake Foilen durchzustarten oder coole Spr\u00fcnge beim Pump Foilen zu machen.<br \/>\nGewicht: Jetzt wiegt das Board 2,6 kg \u2013 ein kleines Upgrade von den 2,4 kg des Vorg\u00e4nger Modells.<br \/>\nStraps: Die beiden Straps gibt&rsquo;s separat zu kaufen. Du findest sie unter den zugeh\u00f6rigen Produkten: Indiana Velcro Footstrap<br \/>\nFeatures:<br \/>\nSchlanke Outline: Die neue Boardform macht alles noch reaktionsfreudiger und agiler. Du kannst h\u00e4rter und enger carven, ohne dass die Rail h\u00e4ngenbleibt.<br \/>\n32 cm Lio Tech-Schienen: Die verstellbaren 32 cm langen Tracks geben dir mega viel Flexibilit\u00e4t, um dein Fahrgef\u00fchl und die Performance des Boards auf deine Gr\u00f6\u00dfe, dein K\u00f6nnen und deinen Style anzupassen.<br \/>\nKonkaves Deck: Das konkave Deck sorgt f\u00fcr ein besseres Drehverhalten und ein cooleres \u201eHeel to Toe\u201c-Feeling. Au\u00dferdem hilft es dir, deinen Fu\u00df richtig zu platzieren, damit du ein Gef\u00fchl f\u00fcr die Kontur des Decks bekommst und die perfekte Position findest.<br \/>\nGrab Rails: Die Grab Rails geben dir beim Start den sicheren Halt, den du brauchst, und machen das Board gleichzeitig steifer und stabiler.<br \/>\nPraktischer Rucksack: Der 2024 Pumpfoil-Rucksack macht&rsquo;s super einfach, dein Set zum Spot zu bringen. Er hat genug Platz f\u00fcr das Board, das Foil und die gesamte Ausr\u00fcstung.<br \/>\nCroc-Skin-Pad: Die genialen Croc-Skin-Pads bieten dir richtig guten Halt und du kannst dennoch easy deine Position anpassen.<br \/>\n&nbsp;<br \/>\n&nbsp;<\/p>\n","protected":false},"excerpt":{"rendered":"<p>Entdecke die vierte Generation der Indiana Pumpfoil-Boards! Unser neuestes Board bringt dein Pumpfoilen richtig auf Touren! Mit einer schlanken Outline, einem konkaven Deck, die progressiv Bevelled Rails&nbsp;und einem abgerundeten \u201eV\u201c-Unterwasserschiff hast du ein sensationelles \u201eHeel to Toe\u201c-Feeling, viel Agilit\u00e4t und einfach die beste Touchdown-Recovery. Das Pumpfoil 105 cm ist perfekt f\u00fcr talentierte Anf\u00e4nger und fortgeschrittene [&hellip;]<\/p>\n","protected":false},"featured_media":25897,"comment_status":"open","ping_status":"closed","template":"","meta":[],"product_cat":[594,138],"product_tag":[],"class_list":{"0":"post-25898","1":"product","2":"type-product","3":"status-publish","4":"has-post-thumbnail","6":"product_cat-planches","7":"product_cat-wingfoil-suisse-acheter","8":"product_brand-indiana-suisse","10":"first","11":"instock","12":"shipping-taxable","13":"purchasable","14":"product-type-simple"},"yoast_head":"<!-- This site is optimized with the Yoast SEO plugin v22.8 - https:\/\/yoast.com\/wordpress\/plugins\/seo\/ -->\n<title>Indiana 105 Pump Foil - Elevatesurf<\/title>\n<meta name=\"description\" content=\"Elevatesurf Indiana 105 Pump Foil\" \/>\n<meta name=\"robots\" content=\"index, follow, max-snippet:-1, max-image-preview:large, max-video-preview:-1\" \/>\n<link rel=\"canonical\" href=\"https:\/\/elevatesurf.ch\/fr\/product\/indiana-105-pump-foil-2\/\" \/>\n<meta property=\"og:locale\" content=\"fr_FR\" \/>\n<meta property=\"og:type\" content=\"article\" \/>\n<meta property=\"og:title\" content=\"Indiana 105 Pump Foil - Elevatesurf\" \/>\n<meta property=\"og:description\" content=\"Elevatesurf Indiana 105 Pump Foil\" \/>\n<meta property=\"og:url\" content=\"https:\/\/elevatesurf.ch\/fr\/product\/indiana-105-pump-foil-2\/\" \/>\n<meta property=\"og:site_name\" content=\"Elevatesurf\" \/>\n<meta property=\"article:modified_time\" content=\"2025-06-19T00:00:32+00:00\" \/>\n<meta name=\"twitter:card\" content=\"summary_large_image\" \/>\n<meta name=\"twitter:label1\" content=\"Dur\u00e9e de lecture estim\u00e9e\" \/>\n\t<meta name=\"twitter:data1\" content=\"2 minutes\" \/>\n<script type=\"application\/ld+json\" class=\"yoast-schema-graph\">{\"@context\":\"https:\/\/schema.org\",\"@graph\":[{\"@type\":[\"WebPage\",\"ItemPage\"],\"@id\":\"https:\/\/elevatesurf.ch\/product\/indiana-105-pump-foil-2\/\",\"url\":\"https:\/\/elevatesurf.ch\/product\/indiana-105-pump-foil-2\/\",\"name\":\"Indiana 105 Pump Foil - Elevatesurf\",\"isPartOf\":{\"@id\":\"https:\/\/elevatesurf.ch\/#website\"},\"primaryImageOfPage\":{\"@id\":\"https:\/\/elevatesurf.ch\/product\/indiana-105-pump-foil-2\/#primaryimage\"},\"image\":{\"@id\":\"https:\/\/elevatesurf.ch\/product\/indiana-105-pump-foil-2\/#primaryimage\"},\"thumbnailUrl\":\"https:\/\/elevatesurf.ch\/wp-content\/uploads\/2025\/04\/indiana_pump_foil_105_carbon_2.5-5_ohne_straps.png\",\"datePublished\":\"2025-04-01T05:10:26+00:00\",\"dateModified\":\"2025-06-19T00:00:32+00:00\",\"description\":\"Elevatesurf Indiana 105 Pump Foil\",\"breadcrumb\":{\"@id\":\"https:\/\/elevatesurf.ch\/product\/indiana-105-pump-foil-2\/#breadcrumb\"},\"inLanguage\":\"fr-FR\",\"potentialAction\":[{\"@type\":\"ReadAction\",\"target\":[\"https:\/\/elevatesurf.ch\/product\/indiana-105-pump-foil-2\/\"]}]},{\"@type\":\"ImageObject\",\"inLanguage\":\"fr-FR\",\"@id\":\"https:\/\/elevatesurf.ch\/product\/indiana-105-pump-foil-2\/#primaryimage\",\"url\":\"https:\/\/elevatesurf.ch\/wp-content\/uploads\/2025\/04\/indiana_pump_foil_105_carbon_2.5-5_ohne_straps.png\",\"contentUrl\":\"https:\/\/elevatesurf.ch\/wp-content\/uploads\/2025\/04\/indiana_pump_foil_105_carbon_2.5-5_ohne_straps.png\",\"width\":1300,\"height\":1300},{\"@type\":\"BreadcrumbList\",\"@id\":\"https:\/\/elevatesurf.ch\/product\/indiana-105-pump-foil-2\/#breadcrumb\",\"itemListElement\":[{\"@type\":\"ListItem\",\"position\":1,\"name\":\"Accueil\",\"item\":\"https:\/\/elevatesurf.ch\/\"},{\"@type\":\"ListItem\",\"position\":2,\"name\":\"Shop &#8211; \u00c9levez Votre Exp\u00e9rience de Surf avec Notre Collection\",\"item\":\"https:\/\/elevatesurf.ch\/shop\/\"},{\"@type\":\"ListItem\",\"position\":3,\"name\":\"Indiana 105 Pump Foil\"}]},{\"@type\":\"WebSite\",\"@id\":\"https:\/\/elevatesurf.ch\/#website\",\"url\":\"https:\/\/elevatesurf.ch\/\",\"name\":\"Elevatesurf\",\"description\":\"Surfez vers de nouveaux sommets avec ElevateSurf ! Kiteshop, Wingshop\",\"publisher\":{\"@id\":\"https:\/\/elevatesurf.ch\/#organization\"},\"potentialAction\":[{\"@type\":\"SearchAction\",\"target\":{\"@type\":\"EntryPoint\",\"urlTemplate\":\"https:\/\/elevatesurf.ch\/?s={search_term_string}\"},\"query-input\":\"required name=search_term_string\"}],\"inLanguage\":\"fr-FR\"},{\"@type\":\"Organization\",\"@id\":\"https:\/\/elevatesurf.ch\/#organization\",\"name\":\"Elevatesurf\",\"url\":\"https:\/\/elevatesurf.ch\/\",\"logo\":{\"@type\":\"ImageObject\",\"inLanguage\":\"fr-FR\",\"@id\":\"https:\/\/elevatesurf.ch\/#\/schema\/logo\/image\/\",\"url\":\"https:\/\/elevatesurf.ch\/wp-content\/uploads\/2024\/06\/67c2ec70-bdf5-4c14-898a-ded5b2051398.jpg\",\"contentUrl\":\"https:\/\/elevatesurf.ch\/wp-content\/uploads\/2024\/06\/67c2ec70-bdf5-4c14-898a-ded5b2051398.jpg\",\"width\":1024,\"height\":1024,\"caption\":\"Elevatesurf\"},\"image\":{\"@id\":\"https:\/\/elevatesurf.ch\/#\/schema\/logo\/image\/\"},\"sameAs\":[\"https:\/\/www.instagram.com\/elevate__surf\/\"]}]}<\/script>\n<!-- \/ Yoast SEO plugin. -->","yoast_head_json":{"title":"Indiana 105 Pump Foil - Elevatesurf","description":"Elevatesurf Indiana 105 Pump Foil","robots":{"index":"index","follow":"follow","max-snippet":"max-snippet:-1","max-image-preview":"max-image-preview:large","max-video-preview":"max-video-preview:-1"},"canonical":"https:\/\/elevatesurf.ch\/fr\/product\/indiana-105-pump-foil-2\/","og_locale":"fr_FR","og_type":"article","og_title":"Indiana 105 Pump Foil - Elevatesurf","og_description":"Elevatesurf Indiana 105 Pump Foil","og_url":"https:\/\/elevatesurf.ch\/fr\/product\/indiana-105-pump-foil-2\/","og_site_name":"Elevatesurf","article_modified_time":"2025-06-19T00:00:32+00:00","twitter_card":"summary_large_image","twitter_misc":{"Dur\u00e9e de lecture estim\u00e9e":"2 minutes"},"schema":{"@context":"https:\/\/schema.org","@graph":[{"@type":["WebPage","ItemPage"],"@id":"https:\/\/elevatesurf.ch\/product\/indiana-105-pump-foil-2\/","url":"https:\/\/elevatesurf.ch\/product\/indiana-105-pump-foil-2\/","name":"Indiana 105 Pump Foil - Elevatesurf","isPartOf":{"@id":"https:\/\/elevatesurf.ch\/#website"},"primaryImageOfPage":{"@id":"https:\/\/elevatesurf.ch\/product\/indiana-105-pump-foil-2\/#primaryimage"},"image":{"@id":"https:\/\/elevatesurf.ch\/product\/indiana-105-pump-foil-2\/#primaryimage"},"thumbnailUrl":"https:\/\/elevatesurf.ch\/wp-content\/uploads\/2025\/04\/indiana_pump_foil_105_carbon_2.5-5_ohne_straps.png","datePublished":"2025-04-01T05:10:26+00:00","dateModified":"2025-06-19T00:00:32+00:00","description":"Elevatesurf Indiana 105 Pump Foil","breadcrumb":{"@id":"https:\/\/elevatesurf.ch\/product\/indiana-105-pump-foil-2\/#breadcrumb"},"inLanguage":"fr-FR","potentialAction":[{"@type":"ReadAction","target":["https:\/\/elevatesurf.ch\/product\/indiana-105-pump-foil-2\/"]}]},{"@type":"ImageObject","inLanguage":"fr-FR","@id":"https:\/\/elevatesurf.ch\/product\/indiana-105-pump-foil-2\/#primaryimage","url":"https:\/\/elevatesurf.ch\/wp-content\/uploads\/2025\/04\/indiana_pump_foil_105_carbon_2.5-5_ohne_straps.png","contentUrl":"https:\/\/elevatesurf.ch\/wp-content\/uploads\/2025\/04\/indiana_pump_foil_105_carbon_2.5-5_ohne_straps.png","width":1300,"height":1300},{"@type":"BreadcrumbList","@id":"https:\/\/elevatesurf.ch\/product\/indiana-105-pump-foil-2\/#breadcrumb","itemListElement":[{"@type":"ListItem","position":1,"name":"Accueil","item":"https:\/\/elevatesurf.ch\/"},{"@type":"ListItem","position":2,"name":"Shop &#8211; \u00c9levez Votre Exp\u00e9rience de Surf avec Notre Collection","item":"https:\/\/elevatesurf.ch\/shop\/"},{"@type":"ListItem","position":3,"name":"Indiana 105 Pump Foil"}]},{"@type":"WebSite","@id":"https:\/\/elevatesurf.ch\/#website","url":"https:\/\/elevatesurf.ch\/","name":"Elevatesurf","description":"Surfez vers de nouveaux sommets avec ElevateSurf ! Kiteshop, Wingshop","publisher":{"@id":"https:\/\/elevatesurf.ch\/#organization"},"potentialAction":[{"@type":"SearchAction","target":{"@type":"EntryPoint","urlTemplate":"https:\/\/elevatesurf.ch\/?s={search_term_string}"},"query-input":"required name=search_term_string"}],"inLanguage":"fr-FR"},{"@type":"Organization","@id":"https:\/\/elevatesurf.ch\/#organization","name":"Elevatesurf","url":"https:\/\/elevatesurf.ch\/","logo":{"@type":"ImageObject","inLanguage":"fr-FR","@id":"https:\/\/elevatesurf.ch\/#\/schema\/logo\/image\/","url":"https:\/\/elevatesurf.ch\/wp-content\/uploads\/2024\/06\/67c2ec70-bdf5-4c14-898a-ded5b2051398.jpg","contentUrl":"https:\/\/elevatesurf.ch\/wp-content\/uploads\/2024\/06\/67c2ec70-bdf5-4c14-898a-ded5b2051398.jpg","width":1024,"height":1024,"caption":"Elevatesurf"},"image":{"@id":"https:\/\/elevatesurf.ch\/#\/schema\/logo\/image\/"},"sameAs":["https:\/\/www.instagram.com\/elevate__surf\/"]}]}},"_links":{"self":[{"href":"https:\/\/elevatesurf.ch\/fr\/wp-json\/wp\/v2\/product\/25898","targetHints":{"allow":["GET"]}}],"collection":[{"href":"https:\/\/elevatesurf.ch\/fr\/wp-json\/wp\/v2\/product"}],"about":[{"href":"https:\/\/elevatesurf.ch\/fr\/wp-json\/wp\/v2\/types\/product"}],"replies":[{"embeddable":true,"href":"https:\/\/elevatesurf.ch\/fr\/wp-json\/wp\/v2\/comments?post=25898"}],"wp:featuredmedia":[{"embeddable":true,"href":"https:\/\/elevatesurf.ch\/fr\/wp-json\/wp\/v2\/media\/25897"}],"wp:attachment":[{"href":"https:\/\/elevatesurf.ch\/fr\/wp-json\/wp\/v2\/media?parent=25898"}],"wp:term":[{"taxonomy":"product_cat","embeddable":true,"href":"https:\/\/elevatesurf.ch\/fr\/wp-json\/wp\/v2\/product_cat?post=25898"},{"taxonomy":"product_tag","embeddable":true,"href":"https:\/\/elevatesurf.ch\/fr\/wp-json\/wp\/v2\/product_tag?post=25898"}],"curies":[{"name":"wp","href":"https:\/\/api.w.org\/{rel}","templated":true}]}}