{"id":25908,"date":"2025-04-01T05:11:01","date_gmt":"2025-04-01T05:11:01","guid":{"rendered":"https:\/\/elevatesurf.ch\/product\/indiana-pump-foil-condor-m-complete-carbon-mast\/"},"modified":"2025-06-19T00:00:32","modified_gmt":"2025-06-19T00:00:32","slug":"indiana-pump-foil-condor-m-complete-carbon-mast","status":"publish","type":"product","link":"https:\/\/elevatesurf.ch\/fr\/product\/indiana-pump-foil-condor-m-complete-carbon-mast\/","title":{"rendered":"Indiana Pump Foil Condor M Complete (Carbon Mast)"},"content":{"rendered":"<p>Entdecke eine neue Dimension des Dockstartens und Pumpfoilings mit dem Condor M! Dieser Frontwing ist speziell f\u00fcr anspruchsvolle Pumpfoiler entwickelt, die nach erstklassiger Leistung und unvergleichlicher Kontrolle suchen. Mit einer Spannweite von 1260 mm und einer Fl\u00e4che von 1737 cm\u00b2 ist der Condor M aus jeder Lebenslage zu dockstarten und liefert die perfekte Kombination aus sicherem Auftrieb und spielerischer Agilit\u00e4t.<br \/>\nGebacken in der Stahlmold aus 100% Carbon und PVC-Schaum, bietet der Condor M ein aussergew\u00f6hnlich leichtes Gewicht und eine hohe Steifigkeit. Das schlanke Mittelprofil mit einer Chordl\u00e4nge von 176 mm und einer Dicke von 22,4 mm sorgt mit einem Streckungsverh\u00e4ltnis (AR) von 9.14 f\u00fcr eine hohe Effizienz. Der Condor M beeindruckt durch einen m\u00fchelosen Start aus jeder Position und seinem genialen Glide. Dank seiner Agilit\u00e4t macht das Wakethiefing sehr viel Spass.<br \/>\nErm\u00f6glicht wurde dies durch einen speziell computersimulierten Profil\u00fcbergang zu den Tips des Fl\u00fcgels. Die pr\u00e4zise Konstruktion minimiert den Widerstand und maximiert die Effizienz und Agilit\u00e4t. Ideal f\u00fcr Foiler, die sowohl Geschwindigkeit als auch spielerische Kontrolle suchen.&nbsp;<br \/>\nIm Set mit dem Drive 75 Carbon Mast kombiniert mit dem Marlin S Stabilizer und dem XS\/XXS Tail ist das Foil perfect fortgeschrittene Fahrer werden lange Freude an diesem Fl\u00fcgel haben m\u00f6chten.<br \/>\n&nbsp;<\/p>\n","protected":false},"excerpt":{"rendered":"<p>Entdecke eine neue Dimension des Dockstartens und Pumpfoilings mit dem Condor M! Dieser Frontwing ist speziell f\u00fcr anspruchsvolle Pumpfoiler entwickelt, die nach erstklassiger Leistung und unvergleichlicher Kontrolle suchen. Mit einer Spannweite von 1260 mm und einer Fl\u00e4che von 1737 cm\u00b2 ist der Condor M aus jeder Lebenslage zu dockstarten und liefert die perfekte Kombination aus [&hellip;]<\/p>\n","protected":false},"featured_media":25907,"comment_status":"open","ping_status":"closed","template":"","meta":[],"product_cat":[616,1005,1004],"product_tag":[],"class_list":{"0":"post-25908","1":"product","2":"type-product","3":"status-publish","4":"has-post-thumbnail","6":"product_cat-foils-wingfoil","7":"product_cat-foils-complete","8":"product_cat-monobloc-foils","9":"product_brand-indiana-suisse","11":"first","12":"instock","13":"shipping-taxable","14":"purchasable","15":"product-type-simple"},"yoast_head":"<!-- This site is optimized with the Yoast SEO plugin v22.8 - https:\/\/yoast.com\/wordpress\/plugins\/seo\/ -->\n<title>Indiana Pump Foil Condor M Complete (Carbon Mast) - Elevatesurf<\/title>\n<meta name=\"description\" content=\"Elevatesurf Indiana Pump Foil Condor M Complete (Carbon Mast)\" \/>\n<meta name=\"robots\" content=\"index, follow, max-snippet:-1, max-image-preview:large, max-video-preview:-1\" \/>\n<link rel=\"canonical\" href=\"https:\/\/elevatesurf.ch\/fr\/product\/indiana-pump-foil-condor-m-complete-carbon-mast\/\" \/>\n<meta property=\"og:locale\" content=\"fr_FR\" \/>\n<meta property=\"og:type\" content=\"article\" \/>\n<meta property=\"og:title\" content=\"Indiana Pump Foil Condor M Complete (Carbon Mast) - Elevatesurf\" \/>\n<meta property=\"og:description\" content=\"Elevatesurf Indiana Pump Foil Condor M Complete (Carbon Mast)\" \/>\n<meta property=\"og:url\" content=\"https:\/\/elevatesurf.ch\/fr\/product\/indiana-pump-foil-condor-m-complete-carbon-mast\/\" \/>\n<meta property=\"og:site_name\" content=\"Elevatesurf\" \/>\n<meta property=\"article:modified_time\" content=\"2025-06-19T00:00:32+00:00\" \/>\n<meta name=\"twitter:card\" content=\"summary_large_image\" \/>\n<meta name=\"twitter:label1\" content=\"Dur\u00e9e de lecture estim\u00e9e\" \/>\n\t<meta name=\"twitter:data1\" content=\"1 minute\" \/>\n<script type=\"application\/ld+json\" class=\"yoast-schema-graph\">{\"@context\":\"https:\/\/schema.org\",\"@graph\":[{\"@type\":[\"WebPage\",\"ItemPage\"],\"@id\":\"https:\/\/elevatesurf.ch\/product\/indiana-pump-foil-condor-m-complete-carbon-mast\/\",\"url\":\"https:\/\/elevatesurf.ch\/product\/indiana-pump-foil-condor-m-complete-carbon-mast\/\",\"name\":\"Indiana Pump Foil Condor M Complete (Carbon Mast) - Elevatesurf\",\"isPartOf\":{\"@id\":\"https:\/\/elevatesurf.ch\/#website\"},\"primaryImageOfPage\":{\"@id\":\"https:\/\/elevatesurf.ch\/product\/indiana-pump-foil-condor-m-complete-carbon-mast\/#primaryimage\"},\"image\":{\"@id\":\"https:\/\/elevatesurf.ch\/product\/indiana-pump-foil-condor-m-complete-carbon-mast\/#primaryimage\"},\"thumbnailUrl\":\"https:\/\/elevatesurf.ch\/wp-content\/uploads\/2025\/04\/3621sq_indiana_pump_foil_condor_m_complete_carbon.png\",\"datePublished\":\"2025-04-01T05:11:01+00:00\",\"dateModified\":\"2025-06-19T00:00:32+00:00\",\"description\":\"Elevatesurf Indiana Pump Foil Condor M Complete (Carbon Mast)\",\"breadcrumb\":{\"@id\":\"https:\/\/elevatesurf.ch\/product\/indiana-pump-foil-condor-m-complete-carbon-mast\/#breadcrumb\"},\"inLanguage\":\"fr-FR\",\"potentialAction\":[{\"@type\":\"ReadAction\",\"target\":[\"https:\/\/elevatesurf.ch\/product\/indiana-pump-foil-condor-m-complete-carbon-mast\/\"]}]},{\"@type\":\"ImageObject\",\"inLanguage\":\"fr-FR\",\"@id\":\"https:\/\/elevatesurf.ch\/product\/indiana-pump-foil-condor-m-complete-carbon-mast\/#primaryimage\",\"url\":\"https:\/\/elevatesurf.ch\/wp-content\/uploads\/2025\/04\/3621sq_indiana_pump_foil_condor_m_complete_carbon.png\",\"contentUrl\":\"https:\/\/elevatesurf.ch\/wp-content\/uploads\/2025\/04\/3621sq_indiana_pump_foil_condor_m_complete_carbon.png\",\"width\":1300,\"height\":1004},{\"@type\":\"BreadcrumbList\",\"@id\":\"https:\/\/elevatesurf.ch\/product\/indiana-pump-foil-condor-m-complete-carbon-mast\/#breadcrumb\",\"itemListElement\":[{\"@type\":\"ListItem\",\"position\":1,\"name\":\"Accueil\",\"item\":\"https:\/\/elevatesurf.ch\/\"},{\"@type\":\"ListItem\",\"position\":2,\"name\":\"Shop &#8211; \u00c9levez Votre Exp\u00e9rience de Surf avec Notre Collection\",\"item\":\"https:\/\/elevatesurf.ch\/shop\/\"},{\"@type\":\"ListItem\",\"position\":3,\"name\":\"Indiana Pump Foil Condor M Complete (Carbon Mast)\"}]},{\"@type\":\"WebSite\",\"@id\":\"https:\/\/elevatesurf.ch\/#website\",\"url\":\"https:\/\/elevatesurf.ch\/\",\"name\":\"Elevatesurf\",\"description\":\"Surfez vers de nouveaux sommets avec ElevateSurf ! Kiteshop, Wingshop\",\"publisher\":{\"@id\":\"https:\/\/elevatesurf.ch\/#organization\"},\"potentialAction\":[{\"@type\":\"SearchAction\",\"target\":{\"@type\":\"EntryPoint\",\"urlTemplate\":\"https:\/\/elevatesurf.ch\/?s={search_term_string}\"},\"query-input\":\"required name=search_term_string\"}],\"inLanguage\":\"fr-FR\"},{\"@type\":\"Organization\",\"@id\":\"https:\/\/elevatesurf.ch\/#organization\",\"name\":\"Elevatesurf\",\"url\":\"https:\/\/elevatesurf.ch\/\",\"logo\":{\"@type\":\"ImageObject\",\"inLanguage\":\"fr-FR\",\"@id\":\"https:\/\/elevatesurf.ch\/#\/schema\/logo\/image\/\",\"url\":\"https:\/\/elevatesurf.ch\/wp-content\/uploads\/2024\/06\/67c2ec70-bdf5-4c14-898a-ded5b2051398.jpg\",\"contentUrl\":\"https:\/\/elevatesurf.ch\/wp-content\/uploads\/2024\/06\/67c2ec70-bdf5-4c14-898a-ded5b2051398.jpg\",\"width\":1024,\"height\":1024,\"caption\":\"Elevatesurf\"},\"image\":{\"@id\":\"https:\/\/elevatesurf.ch\/#\/schema\/logo\/image\/\"},\"sameAs\":[\"https:\/\/www.instagram.com\/elevate__surf\/\"]}]}<\/script>\n<!-- \/ Yoast SEO plugin. -->","yoast_head_json":{"title":"Indiana Pump Foil Condor M Complete (Carbon Mast) - Elevatesurf","description":"Elevatesurf Indiana Pump Foil Condor M Complete (Carbon Mast)","robots":{"index":"index","follow":"follow","max-snippet":"max-snippet:-1","max-image-preview":"max-image-preview:large","max-video-preview":"max-video-preview:-1"},"canonical":"https:\/\/elevatesurf.ch\/fr\/product\/indiana-pump-foil-condor-m-complete-carbon-mast\/","og_locale":"fr_FR","og_type":"article","og_title":"Indiana Pump Foil Condor M Complete (Carbon Mast) - Elevatesurf","og_description":"Elevatesurf Indiana Pump Foil Condor M Complete (Carbon Mast)","og_url":"https:\/\/elevatesurf.ch\/fr\/product\/indiana-pump-foil-condor-m-complete-carbon-mast\/","og_site_name":"Elevatesurf","article_modified_time":"2025-06-19T00:00:32+00:00","twitter_card":"summary_large_image","twitter_misc":{"Dur\u00e9e de lecture estim\u00e9e":"1 minute"},"schema":{"@context":"https:\/\/schema.org","@graph":[{"@type":["WebPage","ItemPage"],"@id":"https:\/\/elevatesurf.ch\/product\/indiana-pump-foil-condor-m-complete-carbon-mast\/","url":"https:\/\/elevatesurf.ch\/product\/indiana-pump-foil-condor-m-complete-carbon-mast\/","name":"Indiana Pump Foil Condor M Complete (Carbon Mast) - Elevatesurf","isPartOf":{"@id":"https:\/\/elevatesurf.ch\/#website"},"primaryImageOfPage":{"@id":"https:\/\/elevatesurf.ch\/product\/indiana-pump-foil-condor-m-complete-carbon-mast\/#primaryimage"},"image":{"@id":"https:\/\/elevatesurf.ch\/product\/indiana-pump-foil-condor-m-complete-carbon-mast\/#primaryimage"},"thumbnailUrl":"https:\/\/elevatesurf.ch\/wp-content\/uploads\/2025\/04\/3621sq_indiana_pump_foil_condor_m_complete_carbon.png","datePublished":"2025-04-01T05:11:01+00:00","dateModified":"2025-06-19T00:00:32+00:00","description":"Elevatesurf Indiana Pump Foil Condor M Complete (Carbon Mast)","breadcrumb":{"@id":"https:\/\/elevatesurf.ch\/product\/indiana-pump-foil-condor-m-complete-carbon-mast\/#breadcrumb"},"inLanguage":"fr-FR","potentialAction":[{"@type":"ReadAction","target":["https:\/\/elevatesurf.ch\/product\/indiana-pump-foil-condor-m-complete-carbon-mast\/"]}]},{"@type":"ImageObject","inLanguage":"fr-FR","@id":"https:\/\/elevatesurf.ch\/product\/indiana-pump-foil-condor-m-complete-carbon-mast\/#primaryimage","url":"https:\/\/elevatesurf.ch\/wp-content\/uploads\/2025\/04\/3621sq_indiana_pump_foil_condor_m_complete_carbon.png","contentUrl":"https:\/\/elevatesurf.ch\/wp-content\/uploads\/2025\/04\/3621sq_indiana_pump_foil_condor_m_complete_carbon.png","width":1300,"height":1004},{"@type":"BreadcrumbList","@id":"https:\/\/elevatesurf.ch\/product\/indiana-pump-foil-condor-m-complete-carbon-mast\/#breadcrumb","itemListElement":[{"@type":"ListItem","position":1,"name":"Accueil","item":"https:\/\/elevatesurf.ch\/"},{"@type":"ListItem","position":2,"name":"Shop &#8211; \u00c9levez Votre Exp\u00e9rience de Surf avec Notre Collection","item":"https:\/\/elevatesurf.ch\/shop\/"},{"@type":"ListItem","position":3,"name":"Indiana Pump Foil Condor M Complete (Carbon Mast)"}]},{"@type":"WebSite","@id":"https:\/\/elevatesurf.ch\/#website","url":"https:\/\/elevatesurf.ch\/","name":"Elevatesurf","description":"Surfez vers de nouveaux sommets avec ElevateSurf ! Kiteshop, Wingshop","publisher":{"@id":"https:\/\/elevatesurf.ch\/#organization"},"potentialAction":[{"@type":"SearchAction","target":{"@type":"EntryPoint","urlTemplate":"https:\/\/elevatesurf.ch\/?s={search_term_string}"},"query-input":"required name=search_term_string"}],"inLanguage":"fr-FR"},{"@type":"Organization","@id":"https:\/\/elevatesurf.ch\/#organization","name":"Elevatesurf","url":"https:\/\/elevatesurf.ch\/","logo":{"@type":"ImageObject","inLanguage":"fr-FR","@id":"https:\/\/elevatesurf.ch\/#\/schema\/logo\/image\/","url":"https:\/\/elevatesurf.ch\/wp-content\/uploads\/2024\/06\/67c2ec70-bdf5-4c14-898a-ded5b2051398.jpg","contentUrl":"https:\/\/elevatesurf.ch\/wp-content\/uploads\/2024\/06\/67c2ec70-bdf5-4c14-898a-ded5b2051398.jpg","width":1024,"height":1024,"caption":"Elevatesurf"},"image":{"@id":"https:\/\/elevatesurf.ch\/#\/schema\/logo\/image\/"},"sameAs":["https:\/\/www.instagram.com\/elevate__surf\/"]}]}},"_links":{"self":[{"href":"https:\/\/elevatesurf.ch\/fr\/wp-json\/wp\/v2\/product\/25908","targetHints":{"allow":["GET"]}}],"collection":[{"href":"https:\/\/elevatesurf.ch\/fr\/wp-json\/wp\/v2\/product"}],"about":[{"href":"https:\/\/elevatesurf.ch\/fr\/wp-json\/wp\/v2\/types\/product"}],"replies":[{"embeddable":true,"href":"https:\/\/elevatesurf.ch\/fr\/wp-json\/wp\/v2\/comments?post=25908"}],"wp:featuredmedia":[{"embeddable":true,"href":"https:\/\/elevatesurf.ch\/fr\/wp-json\/wp\/v2\/media\/25907"}],"wp:attachment":[{"href":"https:\/\/elevatesurf.ch\/fr\/wp-json\/wp\/v2\/media?parent=25908"}],"wp:term":[{"taxonomy":"product_cat","embeddable":true,"href":"https:\/\/elevatesurf.ch\/fr\/wp-json\/wp\/v2\/product_cat?post=25908"},{"taxonomy":"product_tag","embeddable":true,"href":"https:\/\/elevatesurf.ch\/fr\/wp-json\/wp\/v2\/product_tag?post=25908"}],"curies":[{"name":"wp","href":"https:\/\/api.w.org\/{rel}","templated":true}]}}