{"id":25934,"date":"2025-04-01T05:12:14","date_gmt":"2025-04-01T05:12:14","guid":{"rendered":"https:\/\/elevatesurf.ch\/product\/indiana-wingfoil-1190-p-complete-alu-charger\/"},"modified":"2025-06-19T00:00:33","modified_gmt":"2025-06-19T00:00:33","slug":"indiana-wingfoil-1190-p-complete-alu-charger","status":"publish","type":"product","link":"https:\/\/elevatesurf.ch\/fr\/product\/indiana-wingfoil-1190-p-complete-alu-charger\/","title":{"rendered":"Indiana Wingfoil 1190 P Complete Alu Charger"},"content":{"rendered":"<p>Das ultimative Wing Foil Leichtwind-Setup.Der 1190P Frontwing hat eine extrem niedrige Startgeschwindigkeit und erm\u00f6glicht es bei sehr leichtem Wind zu starten.<br \/>\nDas Setup umfasst den HP 520 Stabilizer und die HP Alu Fuselage 710. Die Fuselage kann auf maximale Stabilit\u00e4t eingestellt werden, indem die l\u00e4ngste Stab-Position w\u00e4hlt. Das Erlernen des Startes wird damit sehr leicht. Verbessert man sein Niveau, kann man die Fuselage verk\u00fcrzen, indem der Stabilizer weiter vorne montiert wird. Die Pump-Effizienz und die Agilit\u00e4t werden damit gesteigert. Dieses Setup wird mit dem neuen steifen Charger 75cm Aluminiummast zu einem g\u00fcnstigen Preis geliefert.<br \/>\n&nbsp;<br \/>\nDieses vielseitige Setup kann nicht nur zum Wingfoiling, sondern auch zum Dockstarten und Leichtwind-Downwind-SUP-Foilen verwendet werden. Vor allem schwerere Rider (90 kg+) k\u00f6nnen auf diesem Foil lernen und zum n\u00e4chsten Level aufsteigen.<br \/>\nPflege der Aluteile:<br \/>\nDie Verbindungen und Schrauben nach jedem Gebrauch einfach mit S\u00fc\u00dfwasser absp\u00fclen.<br \/>\nWenn das Foil l\u00e4nger nicht benutzt wird, ist es am besten, sie komplett auseinanderzubauen.Regelm\u00e4\u00dfig die Anoden in der Alu-Grundplatte und im Adapter checken. Die bauen sich nach einer Weile ab, das ist normal. Bei Nutzung des Foils im Salzwasser passiert das schneller. Die Anoden sollten ausgetauscht werden, wenn sie gebrochen oder rissig sind.<br \/>\nVor dem Zusammenbauen unbedingt alle Schrauben mit einer d\u00fcnnen Schicht Tef-Gel bestreichen. Das hilft, dass sie nicht rosten oder festbacken!<\/p>\n","protected":false},"excerpt":{"rendered":"<p>Das ultimative Wing Foil Leichtwind-Setup.Der 1190P Frontwing hat eine extrem niedrige Startgeschwindigkeit und erm\u00f6glicht es bei sehr leichtem Wind zu starten. Das Setup umfasst den HP 520 Stabilizer und die HP Alu Fuselage 710. Die Fuselage kann auf maximale Stabilit\u00e4t eingestellt werden, indem die l\u00e4ngste Stab-Position w\u00e4hlt. Das Erlernen des Startes wird damit sehr leicht. [&hellip;]<\/p>\n","protected":false},"featured_media":25933,"comment_status":"open","ping_status":"closed","template":"","meta":[],"product_cat":[643,138],"product_tag":[],"class_list":{"0":"post-25934","1":"product","2":"type-product","3":"status-publish","4":"has-post-thumbnail","6":"product_cat-foils","7":"product_cat-wingfoil-suisse-acheter","8":"product_brand-indiana-suisse","10":"first","11":"instock","12":"shipping-taxable","13":"purchasable","14":"product-type-simple"},"yoast_head":"<!-- This site is optimized with the Yoast SEO plugin v22.8 - https:\/\/yoast.com\/wordpress\/plugins\/seo\/ -->\n<title>Indiana Wingfoil 1190 P Complete Alu Charger - Elevatesurf<\/title>\n<meta name=\"description\" content=\"Elevatesurf Indiana Wingfoil 1190 P Complete Alu Charger\" \/>\n<meta name=\"robots\" content=\"index, follow, max-snippet:-1, max-image-preview:large, max-video-preview:-1\" \/>\n<link rel=\"canonical\" href=\"https:\/\/elevatesurf.ch\/fr\/product\/indiana-wingfoil-1190-p-complete-alu-charger\/\" \/>\n<meta property=\"og:locale\" content=\"fr_FR\" \/>\n<meta property=\"og:type\" content=\"article\" \/>\n<meta property=\"og:title\" content=\"Indiana Wingfoil 1190 P Complete Alu Charger - Elevatesurf\" \/>\n<meta property=\"og:description\" content=\"Elevatesurf Indiana Wingfoil 1190 P Complete Alu Charger\" \/>\n<meta property=\"og:url\" content=\"https:\/\/elevatesurf.ch\/fr\/product\/indiana-wingfoil-1190-p-complete-alu-charger\/\" \/>\n<meta property=\"og:site_name\" content=\"Elevatesurf\" \/>\n<meta property=\"article:modified_time\" content=\"2025-06-19T00:00:33+00:00\" \/>\n<meta name=\"twitter:card\" content=\"summary_large_image\" \/>\n<meta name=\"twitter:label1\" content=\"Dur\u00e9e de lecture estim\u00e9e\" \/>\n\t<meta name=\"twitter:data1\" content=\"1 minute\" \/>\n<script type=\"application\/ld+json\" class=\"yoast-schema-graph\">{\"@context\":\"https:\/\/schema.org\",\"@graph\":[{\"@type\":[\"WebPage\",\"ItemPage\"],\"@id\":\"https:\/\/elevatesurf.ch\/product\/indiana-wingfoil-1190-p-complete-alu-charger\/\",\"url\":\"https:\/\/elevatesurf.ch\/product\/indiana-wingfoil-1190-p-complete-alu-charger\/\",\"name\":\"Indiana Wingfoil 1190 P Complete Alu Charger - Elevatesurf\",\"isPartOf\":{\"@id\":\"https:\/\/elevatesurf.ch\/#website\"},\"primaryImageOfPage\":{\"@id\":\"https:\/\/elevatesurf.ch\/product\/indiana-wingfoil-1190-p-complete-alu-charger\/#primaryimage\"},\"image\":{\"@id\":\"https:\/\/elevatesurf.ch\/product\/indiana-wingfoil-1190-p-complete-alu-charger\/#primaryimage\"},\"thumbnailUrl\":\"https:\/\/elevatesurf.ch\/wp-content\/uploads\/2025\/04\/3609sm_wingfoil_1190_p_complete.png\",\"datePublished\":\"2025-04-01T05:12:14+00:00\",\"dateModified\":\"2025-06-19T00:00:33+00:00\",\"description\":\"Elevatesurf Indiana Wingfoil 1190 P Complete Alu Charger\",\"breadcrumb\":{\"@id\":\"https:\/\/elevatesurf.ch\/product\/indiana-wingfoil-1190-p-complete-alu-charger\/#breadcrumb\"},\"inLanguage\":\"fr-FR\",\"potentialAction\":[{\"@type\":\"ReadAction\",\"target\":[\"https:\/\/elevatesurf.ch\/product\/indiana-wingfoil-1190-p-complete-alu-charger\/\"]}]},{\"@type\":\"ImageObject\",\"inLanguage\":\"fr-FR\",\"@id\":\"https:\/\/elevatesurf.ch\/product\/indiana-wingfoil-1190-p-complete-alu-charger\/#primaryimage\",\"url\":\"https:\/\/elevatesurf.ch\/wp-content\/uploads\/2025\/04\/3609sm_wingfoil_1190_p_complete.png\",\"contentUrl\":\"https:\/\/elevatesurf.ch\/wp-content\/uploads\/2025\/04\/3609sm_wingfoil_1190_p_complete.png\",\"width\":1682,\"height\":1300},{\"@type\":\"BreadcrumbList\",\"@id\":\"https:\/\/elevatesurf.ch\/product\/indiana-wingfoil-1190-p-complete-alu-charger\/#breadcrumb\",\"itemListElement\":[{\"@type\":\"ListItem\",\"position\":1,\"name\":\"Accueil\",\"item\":\"https:\/\/elevatesurf.ch\/\"},{\"@type\":\"ListItem\",\"position\":2,\"name\":\"Shop &#8211; \u00c9levez Votre Exp\u00e9rience de Surf avec Notre Collection\",\"item\":\"https:\/\/elevatesurf.ch\/shop\/\"},{\"@type\":\"ListItem\",\"position\":3,\"name\":\"Indiana Wingfoil 1190 P Complete Alu Charger\"}]},{\"@type\":\"WebSite\",\"@id\":\"https:\/\/elevatesurf.ch\/#website\",\"url\":\"https:\/\/elevatesurf.ch\/\",\"name\":\"Elevatesurf\",\"description\":\"Surfez vers de nouveaux sommets avec ElevateSurf ! Kiteshop, Wingshop\",\"publisher\":{\"@id\":\"https:\/\/elevatesurf.ch\/#organization\"},\"potentialAction\":[{\"@type\":\"SearchAction\",\"target\":{\"@type\":\"EntryPoint\",\"urlTemplate\":\"https:\/\/elevatesurf.ch\/?s={search_term_string}\"},\"query-input\":\"required name=search_term_string\"}],\"inLanguage\":\"fr-FR\"},{\"@type\":\"Organization\",\"@id\":\"https:\/\/elevatesurf.ch\/#organization\",\"name\":\"Elevatesurf\",\"url\":\"https:\/\/elevatesurf.ch\/\",\"logo\":{\"@type\":\"ImageObject\",\"inLanguage\":\"fr-FR\",\"@id\":\"https:\/\/elevatesurf.ch\/#\/schema\/logo\/image\/\",\"url\":\"https:\/\/elevatesurf.ch\/wp-content\/uploads\/2024\/06\/67c2ec70-bdf5-4c14-898a-ded5b2051398.jpg\",\"contentUrl\":\"https:\/\/elevatesurf.ch\/wp-content\/uploads\/2024\/06\/67c2ec70-bdf5-4c14-898a-ded5b2051398.jpg\",\"width\":1024,\"height\":1024,\"caption\":\"Elevatesurf\"},\"image\":{\"@id\":\"https:\/\/elevatesurf.ch\/#\/schema\/logo\/image\/\"},\"sameAs\":[\"https:\/\/www.instagram.com\/elevate__surf\/\"]}]}<\/script>\n<!-- \/ Yoast SEO plugin. -->","yoast_head_json":{"title":"Indiana Wingfoil 1190 P Complete Alu Charger - Elevatesurf","description":"Elevatesurf Indiana Wingfoil 1190 P Complete Alu Charger","robots":{"index":"index","follow":"follow","max-snippet":"max-snippet:-1","max-image-preview":"max-image-preview:large","max-video-preview":"max-video-preview:-1"},"canonical":"https:\/\/elevatesurf.ch\/fr\/product\/indiana-wingfoil-1190-p-complete-alu-charger\/","og_locale":"fr_FR","og_type":"article","og_title":"Indiana Wingfoil 1190 P Complete Alu Charger - Elevatesurf","og_description":"Elevatesurf Indiana Wingfoil 1190 P Complete Alu Charger","og_url":"https:\/\/elevatesurf.ch\/fr\/product\/indiana-wingfoil-1190-p-complete-alu-charger\/","og_site_name":"Elevatesurf","article_modified_time":"2025-06-19T00:00:33+00:00","twitter_card":"summary_large_image","twitter_misc":{"Dur\u00e9e de lecture estim\u00e9e":"1 minute"},"schema":{"@context":"https:\/\/schema.org","@graph":[{"@type":["WebPage","ItemPage"],"@id":"https:\/\/elevatesurf.ch\/product\/indiana-wingfoil-1190-p-complete-alu-charger\/","url":"https:\/\/elevatesurf.ch\/product\/indiana-wingfoil-1190-p-complete-alu-charger\/","name":"Indiana Wingfoil 1190 P Complete Alu Charger - Elevatesurf","isPartOf":{"@id":"https:\/\/elevatesurf.ch\/#website"},"primaryImageOfPage":{"@id":"https:\/\/elevatesurf.ch\/product\/indiana-wingfoil-1190-p-complete-alu-charger\/#primaryimage"},"image":{"@id":"https:\/\/elevatesurf.ch\/product\/indiana-wingfoil-1190-p-complete-alu-charger\/#primaryimage"},"thumbnailUrl":"https:\/\/elevatesurf.ch\/wp-content\/uploads\/2025\/04\/3609sm_wingfoil_1190_p_complete.png","datePublished":"2025-04-01T05:12:14+00:00","dateModified":"2025-06-19T00:00:33+00:00","description":"Elevatesurf Indiana Wingfoil 1190 P Complete Alu Charger","breadcrumb":{"@id":"https:\/\/elevatesurf.ch\/product\/indiana-wingfoil-1190-p-complete-alu-charger\/#breadcrumb"},"inLanguage":"fr-FR","potentialAction":[{"@type":"ReadAction","target":["https:\/\/elevatesurf.ch\/product\/indiana-wingfoil-1190-p-complete-alu-charger\/"]}]},{"@type":"ImageObject","inLanguage":"fr-FR","@id":"https:\/\/elevatesurf.ch\/product\/indiana-wingfoil-1190-p-complete-alu-charger\/#primaryimage","url":"https:\/\/elevatesurf.ch\/wp-content\/uploads\/2025\/04\/3609sm_wingfoil_1190_p_complete.png","contentUrl":"https:\/\/elevatesurf.ch\/wp-content\/uploads\/2025\/04\/3609sm_wingfoil_1190_p_complete.png","width":1682,"height":1300},{"@type":"BreadcrumbList","@id":"https:\/\/elevatesurf.ch\/product\/indiana-wingfoil-1190-p-complete-alu-charger\/#breadcrumb","itemListElement":[{"@type":"ListItem","position":1,"name":"Accueil","item":"https:\/\/elevatesurf.ch\/"},{"@type":"ListItem","position":2,"name":"Shop &#8211; \u00c9levez Votre Exp\u00e9rience de Surf avec Notre Collection","item":"https:\/\/elevatesurf.ch\/shop\/"},{"@type":"ListItem","position":3,"name":"Indiana Wingfoil 1190 P Complete Alu Charger"}]},{"@type":"WebSite","@id":"https:\/\/elevatesurf.ch\/#website","url":"https:\/\/elevatesurf.ch\/","name":"Elevatesurf","description":"Surfez vers de nouveaux sommets avec ElevateSurf ! Kiteshop, Wingshop","publisher":{"@id":"https:\/\/elevatesurf.ch\/#organization"},"potentialAction":[{"@type":"SearchAction","target":{"@type":"EntryPoint","urlTemplate":"https:\/\/elevatesurf.ch\/?s={search_term_string}"},"query-input":"required name=search_term_string"}],"inLanguage":"fr-FR"},{"@type":"Organization","@id":"https:\/\/elevatesurf.ch\/#organization","name":"Elevatesurf","url":"https:\/\/elevatesurf.ch\/","logo":{"@type":"ImageObject","inLanguage":"fr-FR","@id":"https:\/\/elevatesurf.ch\/#\/schema\/logo\/image\/","url":"https:\/\/elevatesurf.ch\/wp-content\/uploads\/2024\/06\/67c2ec70-bdf5-4c14-898a-ded5b2051398.jpg","contentUrl":"https:\/\/elevatesurf.ch\/wp-content\/uploads\/2024\/06\/67c2ec70-bdf5-4c14-898a-ded5b2051398.jpg","width":1024,"height":1024,"caption":"Elevatesurf"},"image":{"@id":"https:\/\/elevatesurf.ch\/#\/schema\/logo\/image\/"},"sameAs":["https:\/\/www.instagram.com\/elevate__surf\/"]}]}},"_links":{"self":[{"href":"https:\/\/elevatesurf.ch\/fr\/wp-json\/wp\/v2\/product\/25934","targetHints":{"allow":["GET"]}}],"collection":[{"href":"https:\/\/elevatesurf.ch\/fr\/wp-json\/wp\/v2\/product"}],"about":[{"href":"https:\/\/elevatesurf.ch\/fr\/wp-json\/wp\/v2\/types\/product"}],"replies":[{"embeddable":true,"href":"https:\/\/elevatesurf.ch\/fr\/wp-json\/wp\/v2\/comments?post=25934"}],"wp:featuredmedia":[{"embeddable":true,"href":"https:\/\/elevatesurf.ch\/fr\/wp-json\/wp\/v2\/media\/25933"}],"wp:attachment":[{"href":"https:\/\/elevatesurf.ch\/fr\/wp-json\/wp\/v2\/media?parent=25934"}],"wp:term":[{"taxonomy":"product_cat","embeddable":true,"href":"https:\/\/elevatesurf.ch\/fr\/wp-json\/wp\/v2\/product_cat?post=25934"},{"taxonomy":"product_tag","embeddable":true,"href":"https:\/\/elevatesurf.ch\/fr\/wp-json\/wp\/v2\/product_tag?post=25934"}],"curies":[{"name":"wp","href":"https:\/\/api.w.org\/{rel}","templated":true}]}}