{"id":25936,"date":"2025-04-01T05:12:23","date_gmt":"2025-04-01T05:12:23","guid":{"rendered":"https:\/\/elevatesurf.ch\/product\/indiana-wingfoil-964-m-ar-complete-alu-charger\/"},"modified":"2025-06-19T00:00:33","modified_gmt":"2025-06-19T00:00:33","slug":"indiana-wingfoil-964-m-ar-complete-alu-charger","status":"publish","type":"product","link":"https:\/\/elevatesurf.ch\/fr\/product\/indiana-wingfoil-964-m-ar-complete-alu-charger\/","title":{"rendered":"Indiana Wingfoil 964 M-AR Complete Alu Charger"},"content":{"rendered":"<p>Die tolle Kombination f\u00fcr ambitionierte schwerere Fahrer und leichte Einsteiger. Dieses Komplettset besteht aus dem M-AR 964-Frontfl\u00fcgel in Kombination mit dem kleineren 370 Stabilisator auf der 710-Alu-Fuselage.&nbsp; Das Setup etwas schneller und agiler als das 1054 Complete Set.<br \/>\nDieses Setup wird mit dem neuen steifen Charger 85cm Aluminiummast zu einem g\u00fcnstigen Preis geliefert.<br \/>\nM-AR ist unsere Mid-Aspect-Ratio-Serie, die prim\u00e4r f\u00fcrs Wingfoilen designt ist. Die Fl\u00fcgel funktionieren in einem breiten Spektrum von Bedingungen, von Flachwasser zu Wellen und garantieren Spa\u00df f\u00fcr Einsteiger und Experten.<br \/>\nDas Design ist sehr benutzerfreundlich mit einem fr\u00fchen Takeoff und einer niedrigen Stallgeschwindigkeit. Das Verhalten ist sehr angenehm und kontrollierbar. Die M-AR Frontwings sind sehr schnell und verf\u00fcgen mit genau der richtigen Prise Agilit\u00e4t und Stabilit\u00e4t ausgezeichnete Allrounder Eigenschaften. Beim Carven haben die Fl\u00fcgel eine herausragende Tip Breach Recovery, was bedeutet, dass die Spitzen die Wasseroberfl\u00e4che durchbrechen k\u00f6nnen, ohne Luft zu ziehen und einen unliebsamen Str\u00f6mungsabriss zu produzieren.<br \/>\nPflege der Aluteile:<br \/>\nDie Verbindungen und Schrauben nach jedem Gebrauch einfach mit S\u00fc\u00dfwasser absp\u00fclen.<br \/>\nWenn das Foil l\u00e4nger nicht benutzt wird, ist es am besten, sie komplett auseinanderzubauen.Regelm\u00e4\u00dfig die Anoden in der Alu-Grundplatte und im Adapter checken. Die bauen sich nach einer Weile ab, das ist normal. Bei Nutzung des Foils im Salzwasser passiert das schneller. Die Anoden sollten ausgetauscht werden, wenn sie gebrochen oder rissig sind.<br \/>\nVor dem Zusammenbauen unbedingt alle Schrauben mit einer d\u00fcnnen Schicht Tef-Gel bestreichen. Das hilft, dass sie nicht rosten oder festbacken!<br \/>\n&nbsp;<\/p>\n","protected":false},"excerpt":{"rendered":"<p>Die tolle Kombination f\u00fcr ambitionierte schwerere Fahrer und leichte Einsteiger. Dieses Komplettset besteht aus dem M-AR 964-Frontfl\u00fcgel in Kombination mit dem kleineren 370 Stabilisator auf der 710-Alu-Fuselage.&nbsp; Das Setup etwas schneller und agiler als das 1054 Complete Set. Dieses Setup wird mit dem neuen steifen Charger 85cm Aluminiummast zu einem g\u00fcnstigen Preis geliefert. M-AR ist [&hellip;]<\/p>\n","protected":false},"featured_media":25935,"comment_status":"open","ping_status":"closed","template":"","meta":[],"product_cat":[643,138],"product_tag":[],"class_list":{"0":"post-25936","1":"product","2":"type-product","3":"status-publish","4":"has-post-thumbnail","6":"product_cat-foils","7":"product_cat-wingfoil-suisse-acheter","8":"product_brand-indiana-suisse","10":"first","11":"instock","12":"shipping-taxable","13":"purchasable","14":"product-type-simple"},"yoast_head":"<!-- This site is optimized with the Yoast SEO plugin v22.8 - https:\/\/yoast.com\/wordpress\/plugins\/seo\/ -->\n<title>Indiana Wingfoil 964 M-AR Complete Alu Charger - Elevatesurf<\/title>\n<meta name=\"description\" content=\"Elevatesurf Indiana Wingfoil 964 M-AR Complete Alu Charger\" \/>\n<meta name=\"robots\" content=\"index, follow, max-snippet:-1, max-image-preview:large, max-video-preview:-1\" \/>\n<link rel=\"canonical\" href=\"https:\/\/elevatesurf.ch\/fr\/product\/indiana-wingfoil-964-m-ar-complete-alu-charger\/\" \/>\n<meta property=\"og:locale\" content=\"fr_FR\" \/>\n<meta property=\"og:type\" content=\"article\" \/>\n<meta property=\"og:title\" content=\"Indiana Wingfoil 964 M-AR Complete Alu Charger - Elevatesurf\" \/>\n<meta property=\"og:description\" content=\"Elevatesurf Indiana Wingfoil 964 M-AR Complete Alu Charger\" \/>\n<meta property=\"og:url\" content=\"https:\/\/elevatesurf.ch\/fr\/product\/indiana-wingfoil-964-m-ar-complete-alu-charger\/\" \/>\n<meta property=\"og:site_name\" content=\"Elevatesurf\" \/>\n<meta property=\"article:modified_time\" content=\"2025-06-19T00:00:33+00:00\" \/>\n<meta name=\"twitter:card\" content=\"summary_large_image\" \/>\n<meta name=\"twitter:label1\" content=\"Dur\u00e9e de lecture estim\u00e9e\" \/>\n\t<meta name=\"twitter:data1\" content=\"1 minute\" \/>\n<script type=\"application\/ld+json\" class=\"yoast-schema-graph\">{\"@context\":\"https:\/\/schema.org\",\"@graph\":[{\"@type\":[\"WebPage\",\"ItemPage\"],\"@id\":\"https:\/\/elevatesurf.ch\/product\/indiana-wingfoil-964-m-ar-complete-alu-charger\/\",\"url\":\"https:\/\/elevatesurf.ch\/product\/indiana-wingfoil-964-m-ar-complete-alu-charger\/\",\"name\":\"Indiana Wingfoil 964 M-AR Complete Alu Charger - Elevatesurf\",\"isPartOf\":{\"@id\":\"https:\/\/elevatesurf.ch\/#website\"},\"primaryImageOfPage\":{\"@id\":\"https:\/\/elevatesurf.ch\/product\/indiana-wingfoil-964-m-ar-complete-alu-charger\/#primaryimage\"},\"image\":{\"@id\":\"https:\/\/elevatesurf.ch\/product\/indiana-wingfoil-964-m-ar-complete-alu-charger\/#primaryimage\"},\"thumbnailUrl\":\"https:\/\/elevatesurf.ch\/wp-content\/uploads\/2025\/04\/3613sm_wingfoil_964_m-ar_complete.png\",\"datePublished\":\"2025-04-01T05:12:23+00:00\",\"dateModified\":\"2025-06-19T00:00:33+00:00\",\"description\":\"Elevatesurf Indiana Wingfoil 964 M-AR Complete Alu Charger\",\"breadcrumb\":{\"@id\":\"https:\/\/elevatesurf.ch\/product\/indiana-wingfoil-964-m-ar-complete-alu-charger\/#breadcrumb\"},\"inLanguage\":\"fr-FR\",\"potentialAction\":[{\"@type\":\"ReadAction\",\"target\":[\"https:\/\/elevatesurf.ch\/product\/indiana-wingfoil-964-m-ar-complete-alu-charger\/\"]}]},{\"@type\":\"ImageObject\",\"inLanguage\":\"fr-FR\",\"@id\":\"https:\/\/elevatesurf.ch\/product\/indiana-wingfoil-964-m-ar-complete-alu-charger\/#primaryimage\",\"url\":\"https:\/\/elevatesurf.ch\/wp-content\/uploads\/2025\/04\/3613sm_wingfoil_964_m-ar_complete.png\",\"contentUrl\":\"https:\/\/elevatesurf.ch\/wp-content\/uploads\/2025\/04\/3613sm_wingfoil_964_m-ar_complete.png\",\"width\":1682,\"height\":1300},{\"@type\":\"BreadcrumbList\",\"@id\":\"https:\/\/elevatesurf.ch\/product\/indiana-wingfoil-964-m-ar-complete-alu-charger\/#breadcrumb\",\"itemListElement\":[{\"@type\":\"ListItem\",\"position\":1,\"name\":\"Accueil\",\"item\":\"https:\/\/elevatesurf.ch\/\"},{\"@type\":\"ListItem\",\"position\":2,\"name\":\"Shop &#8211; \u00c9levez Votre Exp\u00e9rience de Surf avec Notre Collection\",\"item\":\"https:\/\/elevatesurf.ch\/shop\/\"},{\"@type\":\"ListItem\",\"position\":3,\"name\":\"Indiana Wingfoil 964 M-AR Complete Alu Charger\"}]},{\"@type\":\"WebSite\",\"@id\":\"https:\/\/elevatesurf.ch\/#website\",\"url\":\"https:\/\/elevatesurf.ch\/\",\"name\":\"Elevatesurf\",\"description\":\"Surfez vers de nouveaux sommets avec ElevateSurf ! Kiteshop, Wingshop\",\"publisher\":{\"@id\":\"https:\/\/elevatesurf.ch\/#organization\"},\"potentialAction\":[{\"@type\":\"SearchAction\",\"target\":{\"@type\":\"EntryPoint\",\"urlTemplate\":\"https:\/\/elevatesurf.ch\/?s={search_term_string}\"},\"query-input\":\"required name=search_term_string\"}],\"inLanguage\":\"fr-FR\"},{\"@type\":\"Organization\",\"@id\":\"https:\/\/elevatesurf.ch\/#organization\",\"name\":\"Elevatesurf\",\"url\":\"https:\/\/elevatesurf.ch\/\",\"logo\":{\"@type\":\"ImageObject\",\"inLanguage\":\"fr-FR\",\"@id\":\"https:\/\/elevatesurf.ch\/#\/schema\/logo\/image\/\",\"url\":\"https:\/\/elevatesurf.ch\/wp-content\/uploads\/2024\/06\/67c2ec70-bdf5-4c14-898a-ded5b2051398.jpg\",\"contentUrl\":\"https:\/\/elevatesurf.ch\/wp-content\/uploads\/2024\/06\/67c2ec70-bdf5-4c14-898a-ded5b2051398.jpg\",\"width\":1024,\"height\":1024,\"caption\":\"Elevatesurf\"},\"image\":{\"@id\":\"https:\/\/elevatesurf.ch\/#\/schema\/logo\/image\/\"},\"sameAs\":[\"https:\/\/www.instagram.com\/elevate__surf\/\"]}]}<\/script>\n<!-- \/ Yoast SEO plugin. -->","yoast_head_json":{"title":"Indiana Wingfoil 964 M-AR Complete Alu Charger - Elevatesurf","description":"Elevatesurf Indiana Wingfoil 964 M-AR Complete Alu Charger","robots":{"index":"index","follow":"follow","max-snippet":"max-snippet:-1","max-image-preview":"max-image-preview:large","max-video-preview":"max-video-preview:-1"},"canonical":"https:\/\/elevatesurf.ch\/fr\/product\/indiana-wingfoil-964-m-ar-complete-alu-charger\/","og_locale":"fr_FR","og_type":"article","og_title":"Indiana Wingfoil 964 M-AR Complete Alu Charger - Elevatesurf","og_description":"Elevatesurf Indiana Wingfoil 964 M-AR Complete Alu Charger","og_url":"https:\/\/elevatesurf.ch\/fr\/product\/indiana-wingfoil-964-m-ar-complete-alu-charger\/","og_site_name":"Elevatesurf","article_modified_time":"2025-06-19T00:00:33+00:00","twitter_card":"summary_large_image","twitter_misc":{"Dur\u00e9e de lecture estim\u00e9e":"1 minute"},"schema":{"@context":"https:\/\/schema.org","@graph":[{"@type":["WebPage","ItemPage"],"@id":"https:\/\/elevatesurf.ch\/product\/indiana-wingfoil-964-m-ar-complete-alu-charger\/","url":"https:\/\/elevatesurf.ch\/product\/indiana-wingfoil-964-m-ar-complete-alu-charger\/","name":"Indiana Wingfoil 964 M-AR Complete Alu Charger - Elevatesurf","isPartOf":{"@id":"https:\/\/elevatesurf.ch\/#website"},"primaryImageOfPage":{"@id":"https:\/\/elevatesurf.ch\/product\/indiana-wingfoil-964-m-ar-complete-alu-charger\/#primaryimage"},"image":{"@id":"https:\/\/elevatesurf.ch\/product\/indiana-wingfoil-964-m-ar-complete-alu-charger\/#primaryimage"},"thumbnailUrl":"https:\/\/elevatesurf.ch\/wp-content\/uploads\/2025\/04\/3613sm_wingfoil_964_m-ar_complete.png","datePublished":"2025-04-01T05:12:23+00:00","dateModified":"2025-06-19T00:00:33+00:00","description":"Elevatesurf Indiana Wingfoil 964 M-AR Complete Alu Charger","breadcrumb":{"@id":"https:\/\/elevatesurf.ch\/product\/indiana-wingfoil-964-m-ar-complete-alu-charger\/#breadcrumb"},"inLanguage":"fr-FR","potentialAction":[{"@type":"ReadAction","target":["https:\/\/elevatesurf.ch\/product\/indiana-wingfoil-964-m-ar-complete-alu-charger\/"]}]},{"@type":"ImageObject","inLanguage":"fr-FR","@id":"https:\/\/elevatesurf.ch\/product\/indiana-wingfoil-964-m-ar-complete-alu-charger\/#primaryimage","url":"https:\/\/elevatesurf.ch\/wp-content\/uploads\/2025\/04\/3613sm_wingfoil_964_m-ar_complete.png","contentUrl":"https:\/\/elevatesurf.ch\/wp-content\/uploads\/2025\/04\/3613sm_wingfoil_964_m-ar_complete.png","width":1682,"height":1300},{"@type":"BreadcrumbList","@id":"https:\/\/elevatesurf.ch\/product\/indiana-wingfoil-964-m-ar-complete-alu-charger\/#breadcrumb","itemListElement":[{"@type":"ListItem","position":1,"name":"Accueil","item":"https:\/\/elevatesurf.ch\/"},{"@type":"ListItem","position":2,"name":"Shop &#8211; \u00c9levez Votre Exp\u00e9rience de Surf avec Notre Collection","item":"https:\/\/elevatesurf.ch\/shop\/"},{"@type":"ListItem","position":3,"name":"Indiana Wingfoil 964 M-AR Complete Alu Charger"}]},{"@type":"WebSite","@id":"https:\/\/elevatesurf.ch\/#website","url":"https:\/\/elevatesurf.ch\/","name":"Elevatesurf","description":"Surfez vers de nouveaux sommets avec ElevateSurf ! Kiteshop, Wingshop","publisher":{"@id":"https:\/\/elevatesurf.ch\/#organization"},"potentialAction":[{"@type":"SearchAction","target":{"@type":"EntryPoint","urlTemplate":"https:\/\/elevatesurf.ch\/?s={search_term_string}"},"query-input":"required name=search_term_string"}],"inLanguage":"fr-FR"},{"@type":"Organization","@id":"https:\/\/elevatesurf.ch\/#organization","name":"Elevatesurf","url":"https:\/\/elevatesurf.ch\/","logo":{"@type":"ImageObject","inLanguage":"fr-FR","@id":"https:\/\/elevatesurf.ch\/#\/schema\/logo\/image\/","url":"https:\/\/elevatesurf.ch\/wp-content\/uploads\/2024\/06\/67c2ec70-bdf5-4c14-898a-ded5b2051398.jpg","contentUrl":"https:\/\/elevatesurf.ch\/wp-content\/uploads\/2024\/06\/67c2ec70-bdf5-4c14-898a-ded5b2051398.jpg","width":1024,"height":1024,"caption":"Elevatesurf"},"image":{"@id":"https:\/\/elevatesurf.ch\/#\/schema\/logo\/image\/"},"sameAs":["https:\/\/www.instagram.com\/elevate__surf\/"]}]}},"_links":{"self":[{"href":"https:\/\/elevatesurf.ch\/fr\/wp-json\/wp\/v2\/product\/25936","targetHints":{"allow":["GET"]}}],"collection":[{"href":"https:\/\/elevatesurf.ch\/fr\/wp-json\/wp\/v2\/product"}],"about":[{"href":"https:\/\/elevatesurf.ch\/fr\/wp-json\/wp\/v2\/types\/product"}],"replies":[{"embeddable":true,"href":"https:\/\/elevatesurf.ch\/fr\/wp-json\/wp\/v2\/comments?post=25936"}],"wp:featuredmedia":[{"embeddable":true,"href":"https:\/\/elevatesurf.ch\/fr\/wp-json\/wp\/v2\/media\/25935"}],"wp:attachment":[{"href":"https:\/\/elevatesurf.ch\/fr\/wp-json\/wp\/v2\/media?parent=25936"}],"wp:term":[{"taxonomy":"product_cat","embeddable":true,"href":"https:\/\/elevatesurf.ch\/fr\/wp-json\/wp\/v2\/product_cat?post=25936"},{"taxonomy":"product_tag","embeddable":true,"href":"https:\/\/elevatesurf.ch\/fr\/wp-json\/wp\/v2\/product_tag?post=25936"}],"curies":[{"name":"wp","href":"https:\/\/api.w.org\/{rel}","templated":true}]}}