{"id":25944,"date":"2025-04-01T05:12:35","date_gmt":"2025-04-01T05:12:35","guid":{"rendered":"https:\/\/elevatesurf.ch\/product\/indiana-wing-foil-barracuda-m-complete-carbon-mast\/"},"modified":"2025-06-19T00:00:33","modified_gmt":"2025-06-19T00:00:33","slug":"indiana-wing-foil-barracuda-m-complete-carbon-mast","status":"publish","type":"product","link":"https:\/\/elevatesurf.ch\/fr\/product\/indiana-wing-foil-barracuda-m-complete-carbon-mast\/","title":{"rendered":"Indiana Wing Foil Barracuda M Complete (Carbon Mast)"},"content":{"rendered":"<p>Der Barracuda M High Aspect Front Wing ist f\u00fcr Foiler entwickelt, die sich nach extremer Effizienz und Geschwindigkeit sehnen. Dieser Frontwing bietet aussergew\u00f6hnliche Leistung unter verschiedensten Bedingungen.<br \/>\nDer Barracuda M Frontwing hat eine Fl\u00e4che von 850 cm2, eine Spannweite von 950 mm und eine Aspect Ratio von 10.6 und ist somit ein perfekter High-Aspect Frontwing f\u00fcr Wingfoil, Downwind, Surffoil und Pumpfoil auf Pro-Level.<br \/>\nDieses Set mit dem Drive 85 Carbon Mast kombiniert mit dem Barracuda S Stabilizer und dem M\/S Tail ist super effizient und einfach zu pumpen.<br \/>\nHauptmerkmale:<br \/>\nExtrem effizientes Gleiten:&nbsp;Das hohe Seitenverh\u00e4ltnis des Barracuda M von 10,6 verbessert die F\u00e4higkeit, m\u00fchelos durch das Wasser zu gleiten. Der maximale Lift und das sehr direkte Pumping-Gef\u00fchl erlauben es sich voll auf den Downwinder oder Speed-Record zu konzentrieren.<br \/>\nHohe Geschwindigkeiten sind m\u00f6glich:&nbsp;Der Barracuda M wurde f\u00fcr Leistung entwickelt und erm\u00f6glicht es, beeindruckende Geschwindigkeiten zu erreichen. Damit ist er perfekt f\u00fcr Adrenalinjunkies, die ihre Grenzen ausloten und einen Speedrausch erleben m\u00f6chten.<br \/>\nMonobloc-System:&nbsp;Der Barracuda M verf\u00fcgt \u00fcber ein integriertes Design und ist direkt in den Rumpf eingebaut. Dadurch wird eine solide Verbindung hergestellt, die die allgemeine Stabilit\u00e4t und Reaktionsf\u00e4higkeit verbessert. Diese nahtlose Konstruktion reduziert den Widerstand erheblich.<br \/>\nGulwing-Shape:&nbsp;Die Gulwing-Form des Barracuda M ist der beste Kompromiss aus Leistung und Stabilit\u00e4t. In der Mitte gerade f\u00fcr maximale Leistung beim Gleiten und dann eine Biegung nach unten mit einem Recurve an den Tips bietet eine progressive Seitenstabilit\u00e4t. Das hat zufolge das der Barracuda M sehr stabil gerade aus fliegt, aber trotzdem sich progressiv steuern l\u00e4sst in den Kurven.<\/p>\n","protected":false},"excerpt":{"rendered":"<p>Der Barracuda M High Aspect Front Wing ist f\u00fcr Foiler entwickelt, die sich nach extremer Effizienz und Geschwindigkeit sehnen. Dieser Frontwing bietet aussergew\u00f6hnliche Leistung unter verschiedensten Bedingungen. Der Barracuda M Frontwing hat eine Fl\u00e4che von 850 cm2, eine Spannweite von 950 mm und eine Aspect Ratio von 10.6 und ist somit ein perfekter High-Aspect Frontwing [&hellip;]<\/p>\n","protected":false},"featured_media":25943,"comment_status":"open","ping_status":"closed","template":"","meta":[],"product_cat":[616,1005,1004],"product_tag":[],"class_list":{"0":"post-25944","1":"product","2":"type-product","3":"status-publish","4":"has-post-thumbnail","6":"product_cat-foils-wingfoil","7":"product_cat-foils-complete","8":"product_cat-monobloc-foils","9":"product_brand-indiana-suisse","11":"first","12":"instock","13":"shipping-taxable","14":"purchasable","15":"product-type-simple"},"yoast_head":"<!-- This site is optimized with the Yoast SEO plugin v22.8 - https:\/\/yoast.com\/wordpress\/plugins\/seo\/ -->\n<title>Indiana Wing Foil Barracuda M Complete (Carbon Mast) - Elevatesurf<\/title>\n<meta name=\"description\" content=\"Elevatesurf Indiana Wing Foil Barracuda M Complete (Carbon Mast)\" \/>\n<meta name=\"robots\" content=\"index, follow, max-snippet:-1, max-image-preview:large, max-video-preview:-1\" \/>\n<link rel=\"canonical\" href=\"https:\/\/elevatesurf.ch\/fr\/product\/indiana-wing-foil-barracuda-m-complete-carbon-mast\/\" \/>\n<meta property=\"og:locale\" content=\"fr_FR\" \/>\n<meta property=\"og:type\" content=\"article\" \/>\n<meta property=\"og:title\" content=\"Indiana Wing Foil Barracuda M Complete (Carbon Mast) - Elevatesurf\" \/>\n<meta property=\"og:description\" content=\"Elevatesurf Indiana Wing Foil Barracuda M Complete (Carbon Mast)\" \/>\n<meta property=\"og:url\" content=\"https:\/\/elevatesurf.ch\/fr\/product\/indiana-wing-foil-barracuda-m-complete-carbon-mast\/\" \/>\n<meta property=\"og:site_name\" content=\"Elevatesurf\" \/>\n<meta property=\"article:modified_time\" content=\"2025-06-19T00:00:33+00:00\" \/>\n<meta name=\"twitter:card\" content=\"summary_large_image\" \/>\n<meta name=\"twitter:label1\" content=\"Dur\u00e9e de lecture estim\u00e9e\" \/>\n\t<meta name=\"twitter:data1\" content=\"1 minute\" \/>\n<script type=\"application\/ld+json\" class=\"yoast-schema-graph\">{\"@context\":\"https:\/\/schema.org\",\"@graph\":[{\"@type\":[\"WebPage\",\"ItemPage\"],\"@id\":\"https:\/\/elevatesurf.ch\/product\/indiana-wing-foil-barracuda-m-complete-carbon-mast\/\",\"url\":\"https:\/\/elevatesurf.ch\/product\/indiana-wing-foil-barracuda-m-complete-carbon-mast\/\",\"name\":\"Indiana Wing Foil Barracuda M Complete (Carbon Mast) - Elevatesurf\",\"isPartOf\":{\"@id\":\"https:\/\/elevatesurf.ch\/#website\"},\"primaryImageOfPage\":{\"@id\":\"https:\/\/elevatesurf.ch\/product\/indiana-wing-foil-barracuda-m-complete-carbon-mast\/#primaryimage\"},\"image\":{\"@id\":\"https:\/\/elevatesurf.ch\/product\/indiana-wing-foil-barracuda-m-complete-carbon-mast\/#primaryimage\"},\"thumbnailUrl\":\"https:\/\/elevatesurf.ch\/wp-content\/uploads\/2025\/04\/3626sq_indiana_wing_foil_barracuda_m_complete_carbon.png\",\"datePublished\":\"2025-04-01T05:12:35+00:00\",\"dateModified\":\"2025-06-19T00:00:33+00:00\",\"description\":\"Elevatesurf Indiana Wing Foil Barracuda M Complete (Carbon Mast)\",\"breadcrumb\":{\"@id\":\"https:\/\/elevatesurf.ch\/product\/indiana-wing-foil-barracuda-m-complete-carbon-mast\/#breadcrumb\"},\"inLanguage\":\"fr-FR\",\"potentialAction\":[{\"@type\":\"ReadAction\",\"target\":[\"https:\/\/elevatesurf.ch\/product\/indiana-wing-foil-barracuda-m-complete-carbon-mast\/\"]}]},{\"@type\":\"ImageObject\",\"inLanguage\":\"fr-FR\",\"@id\":\"https:\/\/elevatesurf.ch\/product\/indiana-wing-foil-barracuda-m-complete-carbon-mast\/#primaryimage\",\"url\":\"https:\/\/elevatesurf.ch\/wp-content\/uploads\/2025\/04\/3626sq_indiana_wing_foil_barracuda_m_complete_carbon.png\",\"contentUrl\":\"https:\/\/elevatesurf.ch\/wp-content\/uploads\/2025\/04\/3626sq_indiana_wing_foil_barracuda_m_complete_carbon.png\",\"width\":1300,\"height\":1004},{\"@type\":\"BreadcrumbList\",\"@id\":\"https:\/\/elevatesurf.ch\/product\/indiana-wing-foil-barracuda-m-complete-carbon-mast\/#breadcrumb\",\"itemListElement\":[{\"@type\":\"ListItem\",\"position\":1,\"name\":\"Accueil\",\"item\":\"https:\/\/elevatesurf.ch\/\"},{\"@type\":\"ListItem\",\"position\":2,\"name\":\"Shop &#8211; \u00c9levez Votre Exp\u00e9rience de Surf avec Notre Collection\",\"item\":\"https:\/\/elevatesurf.ch\/shop\/\"},{\"@type\":\"ListItem\",\"position\":3,\"name\":\"Indiana Wing Foil Barracuda M Complete (Carbon Mast)\"}]},{\"@type\":\"WebSite\",\"@id\":\"https:\/\/elevatesurf.ch\/#website\",\"url\":\"https:\/\/elevatesurf.ch\/\",\"name\":\"Elevatesurf\",\"description\":\"Surfez vers de nouveaux sommets avec ElevateSurf ! Kiteshop, Wingshop\",\"publisher\":{\"@id\":\"https:\/\/elevatesurf.ch\/#organization\"},\"potentialAction\":[{\"@type\":\"SearchAction\",\"target\":{\"@type\":\"EntryPoint\",\"urlTemplate\":\"https:\/\/elevatesurf.ch\/?s={search_term_string}\"},\"query-input\":\"required name=search_term_string\"}],\"inLanguage\":\"fr-FR\"},{\"@type\":\"Organization\",\"@id\":\"https:\/\/elevatesurf.ch\/#organization\",\"name\":\"Elevatesurf\",\"url\":\"https:\/\/elevatesurf.ch\/\",\"logo\":{\"@type\":\"ImageObject\",\"inLanguage\":\"fr-FR\",\"@id\":\"https:\/\/elevatesurf.ch\/#\/schema\/logo\/image\/\",\"url\":\"https:\/\/elevatesurf.ch\/wp-content\/uploads\/2024\/06\/67c2ec70-bdf5-4c14-898a-ded5b2051398.jpg\",\"contentUrl\":\"https:\/\/elevatesurf.ch\/wp-content\/uploads\/2024\/06\/67c2ec70-bdf5-4c14-898a-ded5b2051398.jpg\",\"width\":1024,\"height\":1024,\"caption\":\"Elevatesurf\"},\"image\":{\"@id\":\"https:\/\/elevatesurf.ch\/#\/schema\/logo\/image\/\"},\"sameAs\":[\"https:\/\/www.instagram.com\/elevate__surf\/\"]}]}<\/script>\n<!-- \/ Yoast SEO plugin. -->","yoast_head_json":{"title":"Indiana Wing Foil Barracuda M Complete (Carbon Mast) - Elevatesurf","description":"Elevatesurf Indiana Wing Foil Barracuda M Complete (Carbon Mast)","robots":{"index":"index","follow":"follow","max-snippet":"max-snippet:-1","max-image-preview":"max-image-preview:large","max-video-preview":"max-video-preview:-1"},"canonical":"https:\/\/elevatesurf.ch\/fr\/product\/indiana-wing-foil-barracuda-m-complete-carbon-mast\/","og_locale":"fr_FR","og_type":"article","og_title":"Indiana Wing Foil Barracuda M Complete (Carbon Mast) - Elevatesurf","og_description":"Elevatesurf Indiana Wing Foil Barracuda M Complete (Carbon Mast)","og_url":"https:\/\/elevatesurf.ch\/fr\/product\/indiana-wing-foil-barracuda-m-complete-carbon-mast\/","og_site_name":"Elevatesurf","article_modified_time":"2025-06-19T00:00:33+00:00","twitter_card":"summary_large_image","twitter_misc":{"Dur\u00e9e de lecture estim\u00e9e":"1 minute"},"schema":{"@context":"https:\/\/schema.org","@graph":[{"@type":["WebPage","ItemPage"],"@id":"https:\/\/elevatesurf.ch\/product\/indiana-wing-foil-barracuda-m-complete-carbon-mast\/","url":"https:\/\/elevatesurf.ch\/product\/indiana-wing-foil-barracuda-m-complete-carbon-mast\/","name":"Indiana Wing Foil Barracuda M Complete (Carbon Mast) - Elevatesurf","isPartOf":{"@id":"https:\/\/elevatesurf.ch\/#website"},"primaryImageOfPage":{"@id":"https:\/\/elevatesurf.ch\/product\/indiana-wing-foil-barracuda-m-complete-carbon-mast\/#primaryimage"},"image":{"@id":"https:\/\/elevatesurf.ch\/product\/indiana-wing-foil-barracuda-m-complete-carbon-mast\/#primaryimage"},"thumbnailUrl":"https:\/\/elevatesurf.ch\/wp-content\/uploads\/2025\/04\/3626sq_indiana_wing_foil_barracuda_m_complete_carbon.png","datePublished":"2025-04-01T05:12:35+00:00","dateModified":"2025-06-19T00:00:33+00:00","description":"Elevatesurf Indiana Wing Foil Barracuda M Complete (Carbon Mast)","breadcrumb":{"@id":"https:\/\/elevatesurf.ch\/product\/indiana-wing-foil-barracuda-m-complete-carbon-mast\/#breadcrumb"},"inLanguage":"fr-FR","potentialAction":[{"@type":"ReadAction","target":["https:\/\/elevatesurf.ch\/product\/indiana-wing-foil-barracuda-m-complete-carbon-mast\/"]}]},{"@type":"ImageObject","inLanguage":"fr-FR","@id":"https:\/\/elevatesurf.ch\/product\/indiana-wing-foil-barracuda-m-complete-carbon-mast\/#primaryimage","url":"https:\/\/elevatesurf.ch\/wp-content\/uploads\/2025\/04\/3626sq_indiana_wing_foil_barracuda_m_complete_carbon.png","contentUrl":"https:\/\/elevatesurf.ch\/wp-content\/uploads\/2025\/04\/3626sq_indiana_wing_foil_barracuda_m_complete_carbon.png","width":1300,"height":1004},{"@type":"BreadcrumbList","@id":"https:\/\/elevatesurf.ch\/product\/indiana-wing-foil-barracuda-m-complete-carbon-mast\/#breadcrumb","itemListElement":[{"@type":"ListItem","position":1,"name":"Accueil","item":"https:\/\/elevatesurf.ch\/"},{"@type":"ListItem","position":2,"name":"Shop &#8211; \u00c9levez Votre Exp\u00e9rience de Surf avec Notre Collection","item":"https:\/\/elevatesurf.ch\/shop\/"},{"@type":"ListItem","position":3,"name":"Indiana Wing Foil Barracuda M Complete (Carbon Mast)"}]},{"@type":"WebSite","@id":"https:\/\/elevatesurf.ch\/#website","url":"https:\/\/elevatesurf.ch\/","name":"Elevatesurf","description":"Surfez vers de nouveaux sommets avec ElevateSurf ! Kiteshop, Wingshop","publisher":{"@id":"https:\/\/elevatesurf.ch\/#organization"},"potentialAction":[{"@type":"SearchAction","target":{"@type":"EntryPoint","urlTemplate":"https:\/\/elevatesurf.ch\/?s={search_term_string}"},"query-input":"required name=search_term_string"}],"inLanguage":"fr-FR"},{"@type":"Organization","@id":"https:\/\/elevatesurf.ch\/#organization","name":"Elevatesurf","url":"https:\/\/elevatesurf.ch\/","logo":{"@type":"ImageObject","inLanguage":"fr-FR","@id":"https:\/\/elevatesurf.ch\/#\/schema\/logo\/image\/","url":"https:\/\/elevatesurf.ch\/wp-content\/uploads\/2024\/06\/67c2ec70-bdf5-4c14-898a-ded5b2051398.jpg","contentUrl":"https:\/\/elevatesurf.ch\/wp-content\/uploads\/2024\/06\/67c2ec70-bdf5-4c14-898a-ded5b2051398.jpg","width":1024,"height":1024,"caption":"Elevatesurf"},"image":{"@id":"https:\/\/elevatesurf.ch\/#\/schema\/logo\/image\/"},"sameAs":["https:\/\/www.instagram.com\/elevate__surf\/"]}]}},"_links":{"self":[{"href":"https:\/\/elevatesurf.ch\/fr\/wp-json\/wp\/v2\/product\/25944","targetHints":{"allow":["GET"]}}],"collection":[{"href":"https:\/\/elevatesurf.ch\/fr\/wp-json\/wp\/v2\/product"}],"about":[{"href":"https:\/\/elevatesurf.ch\/fr\/wp-json\/wp\/v2\/types\/product"}],"replies":[{"embeddable":true,"href":"https:\/\/elevatesurf.ch\/fr\/wp-json\/wp\/v2\/comments?post=25944"}],"wp:featuredmedia":[{"embeddable":true,"href":"https:\/\/elevatesurf.ch\/fr\/wp-json\/wp\/v2\/media\/25943"}],"wp:attachment":[{"href":"https:\/\/elevatesurf.ch\/fr\/wp-json\/wp\/v2\/media?parent=25944"}],"wp:term":[{"taxonomy":"product_cat","embeddable":true,"href":"https:\/\/elevatesurf.ch\/fr\/wp-json\/wp\/v2\/product_cat?post=25944"},{"taxonomy":"product_tag","embeddable":true,"href":"https:\/\/elevatesurf.ch\/fr\/wp-json\/wp\/v2\/product_tag?post=25944"}],"curies":[{"name":"wp","href":"https:\/\/api.w.org\/{rel}","templated":true}]}}