{"id":25955,"date":"2025-04-01T05:13:45","date_gmt":"2025-04-01T05:13:45","guid":{"rendered":"https:\/\/elevatesurf.ch\/product\/indiana-pump-foil-manta-xl-complete-alu-mast\/"},"modified":"2025-06-19T00:00:33","modified_gmt":"2025-06-19T00:00:33","slug":"indiana-pump-foil-manta-xl-complete-alu-mast","status":"publish","type":"product","link":"https:\/\/elevatesurf.ch\/fr\/product\/indiana-pump-foil-manta-xl-complete-alu-mast\/","title":{"rendered":"Indiana Pump Foil Manta XL Complete (Alu Mast)"},"content":{"rendered":"<p>Der Indiana Foil HP Front Wing Manta XL wurde vom Indiana Foil-Entwicklungsteam als Supergleiter konzipiert. Es ist exact der Manta XL, nur mit neuem Namen und Grafik. Es ist die Wahl f\u00fcr Dockstarter, die m\u00f6glichst lange pumpen und weite Strecken zur\u00fccklegen m\u00f6chten. &nbsp;Im Set mit dem Manta L Stabilizer, 610 Heavy Duty V2 Fuselage und dem neuen Charger Alu Mast ist es das perfecte Set f\u00fcr ambitionierte Anf\u00e4nger und Intermediate Pumpfoiler.<br \/>\nUnser Ambassador Jerome Baudoux pumpte mit dem Manta XL als erster Mensch \u00fcber 1.5 Stunden.<br \/>\nDer Manta XL&nbsp; macht lange strecken sehr einfach. Selbst nicht so erfahrene oder fitte Fahrer schaffen es, damit mehr als eine Minute ununterbrochen zu pumpen.<\/p>\n","protected":false},"excerpt":{"rendered":"<p>Der Indiana Foil HP Front Wing Manta XL wurde vom Indiana Foil-Entwicklungsteam als Supergleiter konzipiert. Es ist exact der Manta XL, nur mit neuem Namen und Grafik. Es ist die Wahl f\u00fcr Dockstarter, die m\u00f6glichst lange pumpen und weite Strecken zur\u00fccklegen m\u00f6chten. &nbsp;Im Set mit dem Manta L Stabilizer, 610 Heavy Duty V2 Fuselage und [&hellip;]<\/p>\n","protected":false},"featured_media":25954,"comment_status":"open","ping_status":"closed","template":"","meta":[],"product_cat":[643,138],"product_tag":[],"class_list":{"0":"post-25955","1":"product","2":"type-product","3":"status-publish","4":"has-post-thumbnail","6":"product_cat-foils","7":"product_cat-wingfoil-suisse-acheter","8":"product_brand-indiana-suisse","10":"first","11":"instock","12":"shipping-taxable","13":"purchasable","14":"product-type-simple"},"yoast_head":"<!-- This site is optimized with the Yoast SEO plugin v22.8 - https:\/\/yoast.com\/wordpress\/plugins\/seo\/ -->\n<title>Indiana Pump Foil Manta XL Complete (Alu Mast) - Elevatesurf<\/title>\n<meta name=\"description\" content=\"Elevatesurf Indiana Pump Foil Manta XL Complete (Alu Mast)\" \/>\n<meta name=\"robots\" content=\"index, follow, max-snippet:-1, max-image-preview:large, max-video-preview:-1\" \/>\n<link rel=\"canonical\" href=\"https:\/\/elevatesurf.ch\/fr\/product\/indiana-pump-foil-manta-xl-complete-alu-mast\/\" \/>\n<meta property=\"og:locale\" content=\"fr_FR\" \/>\n<meta property=\"og:type\" content=\"article\" \/>\n<meta property=\"og:title\" content=\"Indiana Pump Foil Manta XL Complete (Alu Mast) - Elevatesurf\" \/>\n<meta property=\"og:description\" content=\"Elevatesurf Indiana Pump Foil Manta XL Complete (Alu Mast)\" \/>\n<meta property=\"og:url\" content=\"https:\/\/elevatesurf.ch\/fr\/product\/indiana-pump-foil-manta-xl-complete-alu-mast\/\" \/>\n<meta property=\"og:site_name\" content=\"Elevatesurf\" \/>\n<meta property=\"article:modified_time\" content=\"2025-06-19T00:00:33+00:00\" \/>\n<meta name=\"twitter:card\" content=\"summary_large_image\" \/>\n<meta name=\"twitter:label1\" content=\"Dur\u00e9e de lecture estim\u00e9e\" \/>\n\t<meta name=\"twitter:data1\" content=\"1 minute\" \/>\n<script type=\"application\/ld+json\" class=\"yoast-schema-graph\">{\"@context\":\"https:\/\/schema.org\",\"@graph\":[{\"@type\":[\"WebPage\",\"ItemPage\"],\"@id\":\"https:\/\/elevatesurf.ch\/product\/indiana-pump-foil-manta-xl-complete-alu-mast\/\",\"url\":\"https:\/\/elevatesurf.ch\/product\/indiana-pump-foil-manta-xl-complete-alu-mast\/\",\"name\":\"Indiana Pump Foil Manta XL Complete (Alu Mast) - Elevatesurf\",\"isPartOf\":{\"@id\":\"https:\/\/elevatesurf.ch\/#website\"},\"primaryImageOfPage\":{\"@id\":\"https:\/\/elevatesurf.ch\/product\/indiana-pump-foil-manta-xl-complete-alu-mast\/#primaryimage\"},\"image\":{\"@id\":\"https:\/\/elevatesurf.ch\/product\/indiana-pump-foil-manta-xl-complete-alu-mast\/#primaryimage\"},\"thumbnailUrl\":\"https:\/\/elevatesurf.ch\/wp-content\/uploads\/2025\/04\/3629sq_indiana_pump_foil_manta_xl_complete_alu-1.png\",\"datePublished\":\"2025-04-01T05:13:45+00:00\",\"dateModified\":\"2025-06-19T00:00:33+00:00\",\"description\":\"Elevatesurf Indiana Pump Foil Manta XL Complete (Alu Mast)\",\"breadcrumb\":{\"@id\":\"https:\/\/elevatesurf.ch\/product\/indiana-pump-foil-manta-xl-complete-alu-mast\/#breadcrumb\"},\"inLanguage\":\"fr-FR\",\"potentialAction\":[{\"@type\":\"ReadAction\",\"target\":[\"https:\/\/elevatesurf.ch\/product\/indiana-pump-foil-manta-xl-complete-alu-mast\/\"]}]},{\"@type\":\"ImageObject\",\"inLanguage\":\"fr-FR\",\"@id\":\"https:\/\/elevatesurf.ch\/product\/indiana-pump-foil-manta-xl-complete-alu-mast\/#primaryimage\",\"url\":\"https:\/\/elevatesurf.ch\/wp-content\/uploads\/2025\/04\/3629sq_indiana_pump_foil_manta_xl_complete_alu-1.png\",\"contentUrl\":\"https:\/\/elevatesurf.ch\/wp-content\/uploads\/2025\/04\/3629sq_indiana_pump_foil_manta_xl_complete_alu-1.png\",\"width\":1300,\"height\":1004},{\"@type\":\"BreadcrumbList\",\"@id\":\"https:\/\/elevatesurf.ch\/product\/indiana-pump-foil-manta-xl-complete-alu-mast\/#breadcrumb\",\"itemListElement\":[{\"@type\":\"ListItem\",\"position\":1,\"name\":\"Accueil\",\"item\":\"https:\/\/elevatesurf.ch\/\"},{\"@type\":\"ListItem\",\"position\":2,\"name\":\"Shop &#8211; \u00c9levez Votre Exp\u00e9rience de Surf avec Notre Collection\",\"item\":\"https:\/\/elevatesurf.ch\/shop\/\"},{\"@type\":\"ListItem\",\"position\":3,\"name\":\"Indiana Pump Foil Manta XL Complete (Alu Mast)\"}]},{\"@type\":\"WebSite\",\"@id\":\"https:\/\/elevatesurf.ch\/#website\",\"url\":\"https:\/\/elevatesurf.ch\/\",\"name\":\"Elevatesurf\",\"description\":\"Surfez vers de nouveaux sommets avec ElevateSurf ! Kiteshop, Wingshop\",\"publisher\":{\"@id\":\"https:\/\/elevatesurf.ch\/#organization\"},\"potentialAction\":[{\"@type\":\"SearchAction\",\"target\":{\"@type\":\"EntryPoint\",\"urlTemplate\":\"https:\/\/elevatesurf.ch\/?s={search_term_string}\"},\"query-input\":\"required name=search_term_string\"}],\"inLanguage\":\"fr-FR\"},{\"@type\":\"Organization\",\"@id\":\"https:\/\/elevatesurf.ch\/#organization\",\"name\":\"Elevatesurf\",\"url\":\"https:\/\/elevatesurf.ch\/\",\"logo\":{\"@type\":\"ImageObject\",\"inLanguage\":\"fr-FR\",\"@id\":\"https:\/\/elevatesurf.ch\/#\/schema\/logo\/image\/\",\"url\":\"https:\/\/elevatesurf.ch\/wp-content\/uploads\/2024\/06\/67c2ec70-bdf5-4c14-898a-ded5b2051398.jpg\",\"contentUrl\":\"https:\/\/elevatesurf.ch\/wp-content\/uploads\/2024\/06\/67c2ec70-bdf5-4c14-898a-ded5b2051398.jpg\",\"width\":1024,\"height\":1024,\"caption\":\"Elevatesurf\"},\"image\":{\"@id\":\"https:\/\/elevatesurf.ch\/#\/schema\/logo\/image\/\"},\"sameAs\":[\"https:\/\/www.instagram.com\/elevate__surf\/\"]}]}<\/script>\n<!-- \/ Yoast SEO plugin. -->","yoast_head_json":{"title":"Indiana Pump Foil Manta XL Complete (Alu Mast) - Elevatesurf","description":"Elevatesurf Indiana Pump Foil Manta XL Complete (Alu Mast)","robots":{"index":"index","follow":"follow","max-snippet":"max-snippet:-1","max-image-preview":"max-image-preview:large","max-video-preview":"max-video-preview:-1"},"canonical":"https:\/\/elevatesurf.ch\/fr\/product\/indiana-pump-foil-manta-xl-complete-alu-mast\/","og_locale":"fr_FR","og_type":"article","og_title":"Indiana Pump Foil Manta XL Complete (Alu Mast) - Elevatesurf","og_description":"Elevatesurf Indiana Pump Foil Manta XL Complete (Alu Mast)","og_url":"https:\/\/elevatesurf.ch\/fr\/product\/indiana-pump-foil-manta-xl-complete-alu-mast\/","og_site_name":"Elevatesurf","article_modified_time":"2025-06-19T00:00:33+00:00","twitter_card":"summary_large_image","twitter_misc":{"Dur\u00e9e de lecture estim\u00e9e":"1 minute"},"schema":{"@context":"https:\/\/schema.org","@graph":[{"@type":["WebPage","ItemPage"],"@id":"https:\/\/elevatesurf.ch\/product\/indiana-pump-foil-manta-xl-complete-alu-mast\/","url":"https:\/\/elevatesurf.ch\/product\/indiana-pump-foil-manta-xl-complete-alu-mast\/","name":"Indiana Pump Foil Manta XL Complete (Alu Mast) - Elevatesurf","isPartOf":{"@id":"https:\/\/elevatesurf.ch\/#website"},"primaryImageOfPage":{"@id":"https:\/\/elevatesurf.ch\/product\/indiana-pump-foil-manta-xl-complete-alu-mast\/#primaryimage"},"image":{"@id":"https:\/\/elevatesurf.ch\/product\/indiana-pump-foil-manta-xl-complete-alu-mast\/#primaryimage"},"thumbnailUrl":"https:\/\/elevatesurf.ch\/wp-content\/uploads\/2025\/04\/3629sq_indiana_pump_foil_manta_xl_complete_alu-1.png","datePublished":"2025-04-01T05:13:45+00:00","dateModified":"2025-06-19T00:00:33+00:00","description":"Elevatesurf Indiana Pump Foil Manta XL Complete (Alu Mast)","breadcrumb":{"@id":"https:\/\/elevatesurf.ch\/product\/indiana-pump-foil-manta-xl-complete-alu-mast\/#breadcrumb"},"inLanguage":"fr-FR","potentialAction":[{"@type":"ReadAction","target":["https:\/\/elevatesurf.ch\/product\/indiana-pump-foil-manta-xl-complete-alu-mast\/"]}]},{"@type":"ImageObject","inLanguage":"fr-FR","@id":"https:\/\/elevatesurf.ch\/product\/indiana-pump-foil-manta-xl-complete-alu-mast\/#primaryimage","url":"https:\/\/elevatesurf.ch\/wp-content\/uploads\/2025\/04\/3629sq_indiana_pump_foil_manta_xl_complete_alu-1.png","contentUrl":"https:\/\/elevatesurf.ch\/wp-content\/uploads\/2025\/04\/3629sq_indiana_pump_foil_manta_xl_complete_alu-1.png","width":1300,"height":1004},{"@type":"BreadcrumbList","@id":"https:\/\/elevatesurf.ch\/product\/indiana-pump-foil-manta-xl-complete-alu-mast\/#breadcrumb","itemListElement":[{"@type":"ListItem","position":1,"name":"Accueil","item":"https:\/\/elevatesurf.ch\/"},{"@type":"ListItem","position":2,"name":"Shop &#8211; \u00c9levez Votre Exp\u00e9rience de Surf avec Notre Collection","item":"https:\/\/elevatesurf.ch\/shop\/"},{"@type":"ListItem","position":3,"name":"Indiana Pump Foil Manta XL Complete (Alu Mast)"}]},{"@type":"WebSite","@id":"https:\/\/elevatesurf.ch\/#website","url":"https:\/\/elevatesurf.ch\/","name":"Elevatesurf","description":"Surfez vers de nouveaux sommets avec ElevateSurf ! Kiteshop, Wingshop","publisher":{"@id":"https:\/\/elevatesurf.ch\/#organization"},"potentialAction":[{"@type":"SearchAction","target":{"@type":"EntryPoint","urlTemplate":"https:\/\/elevatesurf.ch\/?s={search_term_string}"},"query-input":"required name=search_term_string"}],"inLanguage":"fr-FR"},{"@type":"Organization","@id":"https:\/\/elevatesurf.ch\/#organization","name":"Elevatesurf","url":"https:\/\/elevatesurf.ch\/","logo":{"@type":"ImageObject","inLanguage":"fr-FR","@id":"https:\/\/elevatesurf.ch\/#\/schema\/logo\/image\/","url":"https:\/\/elevatesurf.ch\/wp-content\/uploads\/2024\/06\/67c2ec70-bdf5-4c14-898a-ded5b2051398.jpg","contentUrl":"https:\/\/elevatesurf.ch\/wp-content\/uploads\/2024\/06\/67c2ec70-bdf5-4c14-898a-ded5b2051398.jpg","width":1024,"height":1024,"caption":"Elevatesurf"},"image":{"@id":"https:\/\/elevatesurf.ch\/#\/schema\/logo\/image\/"},"sameAs":["https:\/\/www.instagram.com\/elevate__surf\/"]}]}},"_links":{"self":[{"href":"https:\/\/elevatesurf.ch\/fr\/wp-json\/wp\/v2\/product\/25955","targetHints":{"allow":["GET"]}}],"collection":[{"href":"https:\/\/elevatesurf.ch\/fr\/wp-json\/wp\/v2\/product"}],"about":[{"href":"https:\/\/elevatesurf.ch\/fr\/wp-json\/wp\/v2\/types\/product"}],"replies":[{"embeddable":true,"href":"https:\/\/elevatesurf.ch\/fr\/wp-json\/wp\/v2\/comments?post=25955"}],"wp:featuredmedia":[{"embeddable":true,"href":"https:\/\/elevatesurf.ch\/fr\/wp-json\/wp\/v2\/media\/25954"}],"wp:attachment":[{"href":"https:\/\/elevatesurf.ch\/fr\/wp-json\/wp\/v2\/media?parent=25955"}],"wp:term":[{"taxonomy":"product_cat","embeddable":true,"href":"https:\/\/elevatesurf.ch\/fr\/wp-json\/wp\/v2\/product_cat?post=25955"},{"taxonomy":"product_tag","embeddable":true,"href":"https:\/\/elevatesurf.ch\/fr\/wp-json\/wp\/v2\/product_tag?post=25955"}],"curies":[{"name":"wp","href":"https:\/\/api.w.org\/{rel}","templated":true}]}}