{"id":25971,"date":"2025-04-01T05:14:31","date_gmt":"2025-04-01T05:14:31","guid":{"rendered":"https:\/\/elevatesurf.ch\/product\/indiana-foil-hp-stabilizer-marlin-xs\/"},"modified":"2025-06-19T00:00:34","modified_gmt":"2025-06-19T00:00:34","slug":"indiana-foil-hp-stabilizer-marlin-xs","status":"publish","type":"product","link":"https:\/\/elevatesurf.ch\/fr\/product\/indiana-foil-hp-stabilizer-marlin-xs\/","title":{"rendered":"Indiana Foil HP Stabilizer Marlin XS"},"content":{"rendered":"<p>Der Marlin XS Stabilizer hat ein spezifisches Profil f\u00fcr bessere Kontrolle und Beschleunigung. Egal, ob man durch die Wellen carvt oder enge Turns macht, die Stabilit\u00e4t und Kontrolle, die dieser Stabilizer bietet, wird man lieben.<br \/>\nMit einem d\u00fcnnen Profil, das auf Geschwindigkeit ausgelegt ist, wird man schneller Wellen erwischen und m\u00fchelos cruisen. Dieses Design reduziert den Widerstand, sodass jeder Carve fl\u00fcssig und effizient ist \u2013 perfekt f\u00fcr Foiler, die schnelle und enge Carves in der Welle wollen.<br \/>\nDie anhedrale Form bietet besseren Grip und gibt das Vertrauen, auch bei schwierigen Bedingungen die Spur zu halten. Das bedeutet, dass das Foil auch in schnellen Wellen das Gef\u00fchl von Kontrolle gibt.<br \/>\nIdeal f\u00fcr die kleinsten Front-Wings und leichtesten Fahrer, bietet dieser Stabilizer eine Agilit\u00e4t und Reaktionsfreude, die es erm\u00f6glicht, das volle Potenzial in den Wellen auszusch\u00f6pfen. F\u00fcr schwerere Fahrer bietet er ein looses Gef\u00fchl, das mehr Freiheit und Beweglichkeit gibt, um sich dem individuellen Stil anzupassen.<\/p>\n","protected":false},"excerpt":{"rendered":"<p>Der Marlin XS Stabilizer hat ein spezifisches Profil f\u00fcr bessere Kontrolle und Beschleunigung. Egal, ob man durch die Wellen carvt oder enge Turns macht, die Stabilit\u00e4t und Kontrolle, die dieser Stabilizer bietet, wird man lieben. Mit einem d\u00fcnnen Profil, das auf Geschwindigkeit ausgelegt ist, wird man schneller Wellen erwischen und m\u00fchelos cruisen. Dieses Design reduziert [&hellip;]<\/p>\n","protected":false},"featured_media":25970,"comment_status":"open","ping_status":"closed","template":"","meta":[],"product_cat":[1014,138],"product_tag":[],"class_list":{"0":"post-25971","1":"product","2":"type-product","3":"status-publish","4":"has-post-thumbnail","6":"product_cat-stab","7":"product_cat-wingfoil-suisse-acheter","8":"product_brand-indiana-suisse","10":"first","11":"outofstock","12":"shipping-taxable","13":"purchasable","14":"product-type-simple"},"yoast_head":"<!-- This site is optimized with the Yoast SEO plugin v22.8 - https:\/\/yoast.com\/wordpress\/plugins\/seo\/ -->\n<title>Indiana Foil HP Stabilizer Marlin XS - Elevatesurf<\/title>\n<meta name=\"description\" content=\"Elevatesurf Indiana Foil HP Stabilizer Marlin XS\" \/>\n<meta name=\"robots\" content=\"index, follow, max-snippet:-1, max-image-preview:large, max-video-preview:-1\" \/>\n<link rel=\"canonical\" href=\"https:\/\/elevatesurf.ch\/fr\/product\/indiana-foil-hp-stabilizer-marlin-xs\/\" \/>\n<meta property=\"og:locale\" content=\"fr_FR\" \/>\n<meta property=\"og:type\" content=\"article\" \/>\n<meta property=\"og:title\" content=\"Indiana Foil HP Stabilizer Marlin XS - Elevatesurf\" \/>\n<meta property=\"og:description\" content=\"Elevatesurf Indiana Foil HP Stabilizer Marlin XS\" \/>\n<meta property=\"og:url\" content=\"https:\/\/elevatesurf.ch\/fr\/product\/indiana-foil-hp-stabilizer-marlin-xs\/\" \/>\n<meta property=\"og:site_name\" content=\"Elevatesurf\" \/>\n<meta property=\"article:modified_time\" content=\"2025-06-19T00:00:34+00:00\" \/>\n<meta name=\"twitter:card\" content=\"summary_large_image\" \/>\n<meta name=\"twitter:label1\" content=\"Dur\u00e9e de lecture estim\u00e9e\" \/>\n\t<meta name=\"twitter:data1\" content=\"1 minute\" \/>\n<script type=\"application\/ld+json\" class=\"yoast-schema-graph\">{\"@context\":\"https:\/\/schema.org\",\"@graph\":[{\"@type\":[\"WebPage\",\"ItemPage\"],\"@id\":\"https:\/\/elevatesurf.ch\/product\/indiana-foil-hp-stabilizer-marlin-xs\/\",\"url\":\"https:\/\/elevatesurf.ch\/product\/indiana-foil-hp-stabilizer-marlin-xs\/\",\"name\":\"Indiana Foil HP Stabilizer Marlin XS - Elevatesurf\",\"isPartOf\":{\"@id\":\"https:\/\/elevatesurf.ch\/#website\"},\"primaryImageOfPage\":{\"@id\":\"https:\/\/elevatesurf.ch\/product\/indiana-foil-hp-stabilizer-marlin-xs\/#primaryimage\"},\"image\":{\"@id\":\"https:\/\/elevatesurf.ch\/product\/indiana-foil-hp-stabilizer-marlin-xs\/#primaryimage\"},\"thumbnailUrl\":\"https:\/\/elevatesurf.ch\/wp-content\/uploads\/2025\/04\/3568sr_indiana_marlin_xs_stabilizer_top.png\",\"datePublished\":\"2025-04-01T05:14:31+00:00\",\"dateModified\":\"2025-06-19T00:00:34+00:00\",\"description\":\"Elevatesurf Indiana Foil HP Stabilizer Marlin XS\",\"breadcrumb\":{\"@id\":\"https:\/\/elevatesurf.ch\/product\/indiana-foil-hp-stabilizer-marlin-xs\/#breadcrumb\"},\"inLanguage\":\"fr-FR\",\"potentialAction\":[{\"@type\":\"ReadAction\",\"target\":[\"https:\/\/elevatesurf.ch\/product\/indiana-foil-hp-stabilizer-marlin-xs\/\"]}]},{\"@type\":\"ImageObject\",\"inLanguage\":\"fr-FR\",\"@id\":\"https:\/\/elevatesurf.ch\/product\/indiana-foil-hp-stabilizer-marlin-xs\/#primaryimage\",\"url\":\"https:\/\/elevatesurf.ch\/wp-content\/uploads\/2025\/04\/3568sr_indiana_marlin_xs_stabilizer_top.png\",\"contentUrl\":\"https:\/\/elevatesurf.ch\/wp-content\/uploads\/2025\/04\/3568sr_indiana_marlin_xs_stabilizer_top.png\",\"width\":1300,\"height\":975},{\"@type\":\"BreadcrumbList\",\"@id\":\"https:\/\/elevatesurf.ch\/product\/indiana-foil-hp-stabilizer-marlin-xs\/#breadcrumb\",\"itemListElement\":[{\"@type\":\"ListItem\",\"position\":1,\"name\":\"Accueil\",\"item\":\"https:\/\/elevatesurf.ch\/\"},{\"@type\":\"ListItem\",\"position\":2,\"name\":\"Shop &#8211; \u00c9levez Votre Exp\u00e9rience de Surf avec Notre Collection\",\"item\":\"https:\/\/elevatesurf.ch\/shop\/\"},{\"@type\":\"ListItem\",\"position\":3,\"name\":\"Indiana Foil HP Stabilizer Marlin XS\"}]},{\"@type\":\"WebSite\",\"@id\":\"https:\/\/elevatesurf.ch\/#website\",\"url\":\"https:\/\/elevatesurf.ch\/\",\"name\":\"Elevatesurf\",\"description\":\"Surfez vers de nouveaux sommets avec ElevateSurf ! Kiteshop, Wingshop\",\"publisher\":{\"@id\":\"https:\/\/elevatesurf.ch\/#organization\"},\"potentialAction\":[{\"@type\":\"SearchAction\",\"target\":{\"@type\":\"EntryPoint\",\"urlTemplate\":\"https:\/\/elevatesurf.ch\/?s={search_term_string}\"},\"query-input\":\"required name=search_term_string\"}],\"inLanguage\":\"fr-FR\"},{\"@type\":\"Organization\",\"@id\":\"https:\/\/elevatesurf.ch\/#organization\",\"name\":\"Elevatesurf\",\"url\":\"https:\/\/elevatesurf.ch\/\",\"logo\":{\"@type\":\"ImageObject\",\"inLanguage\":\"fr-FR\",\"@id\":\"https:\/\/elevatesurf.ch\/#\/schema\/logo\/image\/\",\"url\":\"https:\/\/elevatesurf.ch\/wp-content\/uploads\/2024\/06\/67c2ec70-bdf5-4c14-898a-ded5b2051398.jpg\",\"contentUrl\":\"https:\/\/elevatesurf.ch\/wp-content\/uploads\/2024\/06\/67c2ec70-bdf5-4c14-898a-ded5b2051398.jpg\",\"width\":1024,\"height\":1024,\"caption\":\"Elevatesurf\"},\"image\":{\"@id\":\"https:\/\/elevatesurf.ch\/#\/schema\/logo\/image\/\"},\"sameAs\":[\"https:\/\/www.instagram.com\/elevate__surf\/\"]}]}<\/script>\n<!-- \/ Yoast SEO plugin. -->","yoast_head_json":{"title":"Indiana Foil HP Stabilizer Marlin XS - Elevatesurf","description":"Elevatesurf Indiana Foil HP Stabilizer Marlin XS","robots":{"index":"index","follow":"follow","max-snippet":"max-snippet:-1","max-image-preview":"max-image-preview:large","max-video-preview":"max-video-preview:-1"},"canonical":"https:\/\/elevatesurf.ch\/fr\/product\/indiana-foil-hp-stabilizer-marlin-xs\/","og_locale":"fr_FR","og_type":"article","og_title":"Indiana Foil HP Stabilizer Marlin XS - Elevatesurf","og_description":"Elevatesurf Indiana Foil HP Stabilizer Marlin XS","og_url":"https:\/\/elevatesurf.ch\/fr\/product\/indiana-foil-hp-stabilizer-marlin-xs\/","og_site_name":"Elevatesurf","article_modified_time":"2025-06-19T00:00:34+00:00","twitter_card":"summary_large_image","twitter_misc":{"Dur\u00e9e de lecture estim\u00e9e":"1 minute"},"schema":{"@context":"https:\/\/schema.org","@graph":[{"@type":["WebPage","ItemPage"],"@id":"https:\/\/elevatesurf.ch\/product\/indiana-foil-hp-stabilizer-marlin-xs\/","url":"https:\/\/elevatesurf.ch\/product\/indiana-foil-hp-stabilizer-marlin-xs\/","name":"Indiana Foil HP Stabilizer Marlin XS - Elevatesurf","isPartOf":{"@id":"https:\/\/elevatesurf.ch\/#website"},"primaryImageOfPage":{"@id":"https:\/\/elevatesurf.ch\/product\/indiana-foil-hp-stabilizer-marlin-xs\/#primaryimage"},"image":{"@id":"https:\/\/elevatesurf.ch\/product\/indiana-foil-hp-stabilizer-marlin-xs\/#primaryimage"},"thumbnailUrl":"https:\/\/elevatesurf.ch\/wp-content\/uploads\/2025\/04\/3568sr_indiana_marlin_xs_stabilizer_top.png","datePublished":"2025-04-01T05:14:31+00:00","dateModified":"2025-06-19T00:00:34+00:00","description":"Elevatesurf Indiana Foil HP Stabilizer Marlin XS","breadcrumb":{"@id":"https:\/\/elevatesurf.ch\/product\/indiana-foil-hp-stabilizer-marlin-xs\/#breadcrumb"},"inLanguage":"fr-FR","potentialAction":[{"@type":"ReadAction","target":["https:\/\/elevatesurf.ch\/product\/indiana-foil-hp-stabilizer-marlin-xs\/"]}]},{"@type":"ImageObject","inLanguage":"fr-FR","@id":"https:\/\/elevatesurf.ch\/product\/indiana-foil-hp-stabilizer-marlin-xs\/#primaryimage","url":"https:\/\/elevatesurf.ch\/wp-content\/uploads\/2025\/04\/3568sr_indiana_marlin_xs_stabilizer_top.png","contentUrl":"https:\/\/elevatesurf.ch\/wp-content\/uploads\/2025\/04\/3568sr_indiana_marlin_xs_stabilizer_top.png","width":1300,"height":975},{"@type":"BreadcrumbList","@id":"https:\/\/elevatesurf.ch\/product\/indiana-foil-hp-stabilizer-marlin-xs\/#breadcrumb","itemListElement":[{"@type":"ListItem","position":1,"name":"Accueil","item":"https:\/\/elevatesurf.ch\/"},{"@type":"ListItem","position":2,"name":"Shop &#8211; \u00c9levez Votre Exp\u00e9rience de Surf avec Notre Collection","item":"https:\/\/elevatesurf.ch\/shop\/"},{"@type":"ListItem","position":3,"name":"Indiana Foil HP Stabilizer Marlin XS"}]},{"@type":"WebSite","@id":"https:\/\/elevatesurf.ch\/#website","url":"https:\/\/elevatesurf.ch\/","name":"Elevatesurf","description":"Surfez vers de nouveaux sommets avec ElevateSurf ! Kiteshop, Wingshop","publisher":{"@id":"https:\/\/elevatesurf.ch\/#organization"},"potentialAction":[{"@type":"SearchAction","target":{"@type":"EntryPoint","urlTemplate":"https:\/\/elevatesurf.ch\/?s={search_term_string}"},"query-input":"required name=search_term_string"}],"inLanguage":"fr-FR"},{"@type":"Organization","@id":"https:\/\/elevatesurf.ch\/#organization","name":"Elevatesurf","url":"https:\/\/elevatesurf.ch\/","logo":{"@type":"ImageObject","inLanguage":"fr-FR","@id":"https:\/\/elevatesurf.ch\/#\/schema\/logo\/image\/","url":"https:\/\/elevatesurf.ch\/wp-content\/uploads\/2024\/06\/67c2ec70-bdf5-4c14-898a-ded5b2051398.jpg","contentUrl":"https:\/\/elevatesurf.ch\/wp-content\/uploads\/2024\/06\/67c2ec70-bdf5-4c14-898a-ded5b2051398.jpg","width":1024,"height":1024,"caption":"Elevatesurf"},"image":{"@id":"https:\/\/elevatesurf.ch\/#\/schema\/logo\/image\/"},"sameAs":["https:\/\/www.instagram.com\/elevate__surf\/"]}]}},"_links":{"self":[{"href":"https:\/\/elevatesurf.ch\/fr\/wp-json\/wp\/v2\/product\/25971","targetHints":{"allow":["GET"]}}],"collection":[{"href":"https:\/\/elevatesurf.ch\/fr\/wp-json\/wp\/v2\/product"}],"about":[{"href":"https:\/\/elevatesurf.ch\/fr\/wp-json\/wp\/v2\/types\/product"}],"replies":[{"embeddable":true,"href":"https:\/\/elevatesurf.ch\/fr\/wp-json\/wp\/v2\/comments?post=25971"}],"wp:featuredmedia":[{"embeddable":true,"href":"https:\/\/elevatesurf.ch\/fr\/wp-json\/wp\/v2\/media\/25970"}],"wp:attachment":[{"href":"https:\/\/elevatesurf.ch\/fr\/wp-json\/wp\/v2\/media?parent=25971"}],"wp:term":[{"taxonomy":"product_cat","embeddable":true,"href":"https:\/\/elevatesurf.ch\/fr\/wp-json\/wp\/v2\/product_cat?post=25971"},{"taxonomy":"product_tag","embeddable":true,"href":"https:\/\/elevatesurf.ch\/fr\/wp-json\/wp\/v2\/product_tag?post=25971"}],"curies":[{"name":"wp","href":"https:\/\/api.w.org\/{rel}","templated":true}]}}