{"id":26344,"date":"2026-05-10T15:53:41","date_gmt":"2026-05-10T15:53:41","guid":{"rendered":"https:\/\/elevatesurf.ch\/fr\/product\/plane-eagle-hm-carbon-890-monobloc-xxs-210-dw\/"},"modified":"2026-05-10T20:30:17","modified_gmt":"2026-05-10T20:30:17","slug":"plane-eagle-hm-carbon-890-monobloc-xxs-210-dw","status":"publish","type":"product","link":"https:\/\/elevatesurf.ch\/fr\/product\/plane-eagle-hm-carbon-890-monobloc-xxs-210-dw\/","title":{"rendered":"PLANE EAGLE HM CARBON 890 (MONOBLOC XXS 210 DW)"},"content":{"rendered":"<p class=\"MsoNormal\"><span>L\u2019EAGLE est le foil id\u00e9al pour tout rider \u00e0 la recherche de vitesse et de performance en downwind. Avec son profil tr\u00e8s fin et ses winglets, la tra\u00een\u00e9e induite de l\u2019EAGLE est r\u00e9duite au minimum. C\u2019est un foil tr\u00e8s efficient dont la portance vous permettra de rester au-dessus de l\u2019eau et de naviguer plus longtemps \u00e0 une vitesse importante et sans que le foil d\u00e9croche brusquement.<\/span><\/p>\n<\/p>\n<p class=\"MsoNormal\"><span>\u00a0<\/span><\/p>\n<p class=\"MsoNormal\"><span>Ses capacit\u00e9s au pr\u00e8s sont tout autant remarquables, apportant stabilit\u00e9, confort, et vitesse constante en wing foil. Le pumping est efficace et pr\u00e9cis, et les man\u0153uvres restent faciles dans toutes les conditions.<\/span><\/p>\n<\/p>\n<p class=\"MsoNormal\"><span>\u00a0<\/span><\/p>\n<p class=\"MsoNormal\"><span>Fabriqu\u00e9 en carbone pr\u00e9-preg avec la structure Monobloc, le foil est \u00e0 la fois tr\u00e8s l\u00e9ger et r\u00e9sistant. Cette configuration offre une meilleure transmission de la charge et une meilleure rigidit\u00e9 \u00e0 travers les diff\u00e9rentes parties pour un contr\u00f4le maximum. L\u2019utilisation de carbone Haut Module permet au foil de gagner davantage de raideur, ce qui le rend encore plus fiable et vous permet de r\u00e9aliser d\u2019incroyables prouesses \u00e0 chaque session. La connexion TITAN permet de raccorder un m\u00e2t en aluminium ou en carbone.<\/span><\/p>\n<\/p>\n<p class=\"MsoNormal\"><span>\u00a0<\/span><\/p>\n<p class=\"MsoNormal\"><span>Les foils EAGLE sont d\u00e9sormais disponibles en sept tailles, allant de 690 cm\u00b2 \u00e0 1290 cm\u00b2.<\/span><\/p>\n<\/p>\n<p class=\"MsoNormal\">\n<p class=\"MsoNormal\"><span>Les 890 cm\u00b2 et 990 cm\u00b2 sont des tailles polyvalentes qui satisferont un large \u00e9ventail de riders de niveau avanc\u00e9 \u00e0 la recherche de sensations grisantes et d\u2019une pure glisse en downwind.<\/span><\/p>\n<\/p>\n<p class=\"MsoNormal\"><span><\/span><\/p>\n<p class=\"MsoNormal\"><span>* Attention : Les downwinds n\u00e9cessitent une pr\u00e9paration physique, des dispositifs de s\u00e9curit\u00e9 appropri\u00e9s (leash, flashlight, gilet\u2026) et une assistance en mer. N\u2019essayez pas de faire un downwind seul ni sans entrainement ad\u00e9quat.<\/span><\/p><\/p>\n","protected":false},"excerpt":{"rendered":"<p class=\"p1\">Les foils de la gamme EAGLE sont con\u00e7us pour vous apporter un potentiel de vitesse \u00e9poustouflant, des sensations en downwind incomparables, et une formidable facult\u00e9 \u00e0 planer au-dessus de l\u2019eau infiniment.<\/p>\n<ul>\n<li>Incroyables capacit\u00e9s de vitesse et downwind<\/li>\n<li>Temps in\u00e9gal\u00e9 au-dessus de l\u2019eau<\/li>\n<li>Design fin et optimis\u00e9 pour une tra\u00een\u00e9e minimale<\/li>\n<\/ul>\n","protected":false},"featured_media":26342,"comment_status":"open","ping_status":"closed","template":"","meta":[],"product_cat":[1040,1046],"product_tag":[],"class_list":{"0":"post-26344","1":"product","2":"type-product","3":"status-publish","4":"has-post-thumbnail","6":"product_cat-foil","7":"product_cat-plane","8":"product_brand-f-one","10":"first","11":"outofstock","12":"shipping-taxable","13":"purchasable","14":"product-type-simple"},"yoast_head":"<!-- This site is optimized with the Yoast SEO plugin v22.8 - https:\/\/yoast.com\/wordpress\/plugins\/seo\/ -->\n<title>PLANE EAGLE HM CARBON 890 (MONOBLOC XXS 210 DW) - Elevatesurf<\/title>\n<meta name=\"description\" content=\"Elevatesurf PLANE EAGLE HM CARBON 890 (MONOBLOC XXS 210 DW)\" \/>\n<meta name=\"robots\" content=\"index, follow, max-snippet:-1, max-image-preview:large, max-video-preview:-1\" \/>\n<link rel=\"canonical\" href=\"https:\/\/elevatesurf.ch\/fr\/product\/plane-eagle-hm-carbon-890-monobloc-xxs-210-dw\/\" \/>\n<meta property=\"og:locale\" content=\"fr_FR\" \/>\n<meta property=\"og:type\" content=\"article\" \/>\n<meta property=\"og:title\" content=\"PLANE EAGLE HM CARBON 890 (MONOBLOC XXS 210 DW) - Elevatesurf\" \/>\n<meta property=\"og:description\" content=\"Elevatesurf PLANE EAGLE HM CARBON 890 (MONOBLOC XXS 210 DW)\" \/>\n<meta property=\"og:url\" content=\"https:\/\/elevatesurf.ch\/fr\/product\/plane-eagle-hm-carbon-890-monobloc-xxs-210-dw\/\" \/>\n<meta property=\"og:site_name\" content=\"Elevatesurf\" \/>\n<meta property=\"article:modified_time\" content=\"2026-05-10T20:30:17+00:00\" \/>\n<meta name=\"twitter:card\" content=\"summary_large_image\" \/>\n<meta name=\"twitter:label1\" content=\"Dur\u00e9e de lecture estim\u00e9e\" \/>\n\t<meta name=\"twitter:data1\" content=\"1 minute\" \/>\n<script type=\"application\/ld+json\" class=\"yoast-schema-graph\">{\"@context\":\"https:\/\/schema.org\",\"@graph\":[{\"@type\":[\"WebPage\",\"ItemPage\"],\"@id\":\"https:\/\/elevatesurf.ch\/fr\/product\/plane-eagle-hm-carbon-890-monobloc-xxs-210-dw\/\",\"url\":\"https:\/\/elevatesurf.ch\/fr\/product\/plane-eagle-hm-carbon-890-monobloc-xxs-210-dw\/\",\"name\":\"PLANE EAGLE HM CARBON 890 (MONOBLOC XXS 210 DW) - Elevatesurf\",\"isPartOf\":{\"@id\":\"https:\/\/elevatesurf.ch\/#website\"},\"primaryImageOfPage\":{\"@id\":\"https:\/\/elevatesurf.ch\/fr\/product\/plane-eagle-hm-carbon-890-monobloc-xxs-210-dw\/#primaryimage\"},\"image\":{\"@id\":\"https:\/\/elevatesurf.ch\/fr\/product\/plane-eagle-hm-carbon-890-monobloc-xxs-210-dw\/#primaryimage\"},\"thumbnailUrl\":\"https:\/\/elevatesurf.ch\/wp-content\/uploads\/2026\/05\/plane-eagle-hm-carbon-890-monobloc-xxs-210-dw.png\",\"datePublished\":\"2026-05-10T15:53:41+00:00\",\"dateModified\":\"2026-05-10T20:30:17+00:00\",\"description\":\"Elevatesurf PLANE EAGLE HM CARBON 890 (MONOBLOC XXS 210 DW)\",\"breadcrumb\":{\"@id\":\"https:\/\/elevatesurf.ch\/fr\/product\/plane-eagle-hm-carbon-890-monobloc-xxs-210-dw\/#breadcrumb\"},\"inLanguage\":\"fr-FR\",\"potentialAction\":[{\"@type\":\"ReadAction\",\"target\":[\"https:\/\/elevatesurf.ch\/fr\/product\/plane-eagle-hm-carbon-890-monobloc-xxs-210-dw\/\"]}]},{\"@type\":\"ImageObject\",\"inLanguage\":\"fr-FR\",\"@id\":\"https:\/\/elevatesurf.ch\/fr\/product\/plane-eagle-hm-carbon-890-monobloc-xxs-210-dw\/#primaryimage\",\"url\":\"https:\/\/elevatesurf.ch\/wp-content\/uploads\/2026\/05\/plane-eagle-hm-carbon-890-monobloc-xxs-210-dw.png\",\"contentUrl\":\"https:\/\/elevatesurf.ch\/wp-content\/uploads\/2026\/05\/plane-eagle-hm-carbon-890-monobloc-xxs-210-dw.png\",\"width\":2000,\"height\":2000},{\"@type\":\"BreadcrumbList\",\"@id\":\"https:\/\/elevatesurf.ch\/fr\/product\/plane-eagle-hm-carbon-890-monobloc-xxs-210-dw\/#breadcrumb\",\"itemListElement\":[{\"@type\":\"ListItem\",\"position\":1,\"name\":\"Accueil\",\"item\":\"https:\/\/elevatesurf.ch\/\"},{\"@type\":\"ListItem\",\"position\":2,\"name\":\"Shop &#8211; \u00c9levez Votre Exp\u00e9rience de Surf avec Notre Collection\",\"item\":\"https:\/\/elevatesurf.ch\/shop\/\"},{\"@type\":\"ListItem\",\"position\":3,\"name\":\"PLANE EAGLE HM CARBON 890 (MONOBLOC XXS 210 DW)\"}]},{\"@type\":\"WebSite\",\"@id\":\"https:\/\/elevatesurf.ch\/#website\",\"url\":\"https:\/\/elevatesurf.ch\/\",\"name\":\"Elevatesurf\",\"description\":\"Surfez vers de nouveaux sommets avec ElevateSurf ! Kiteshop, Wingshop\",\"publisher\":{\"@id\":\"https:\/\/elevatesurf.ch\/#organization\"},\"potentialAction\":[{\"@type\":\"SearchAction\",\"target\":{\"@type\":\"EntryPoint\",\"urlTemplate\":\"https:\/\/elevatesurf.ch\/?s={search_term_string}\"},\"query-input\":\"required name=search_term_string\"}],\"inLanguage\":\"fr-FR\"},{\"@type\":\"Organization\",\"@id\":\"https:\/\/elevatesurf.ch\/#organization\",\"name\":\"Elevatesurf\",\"url\":\"https:\/\/elevatesurf.ch\/\",\"logo\":{\"@type\":\"ImageObject\",\"inLanguage\":\"fr-FR\",\"@id\":\"https:\/\/elevatesurf.ch\/#\/schema\/logo\/image\/\",\"url\":\"https:\/\/elevatesurf.ch\/wp-content\/uploads\/2024\/06\/67c2ec70-bdf5-4c14-898a-ded5b2051398.jpg\",\"contentUrl\":\"https:\/\/elevatesurf.ch\/wp-content\/uploads\/2024\/06\/67c2ec70-bdf5-4c14-898a-ded5b2051398.jpg\",\"width\":1024,\"height\":1024,\"caption\":\"Elevatesurf\"},\"image\":{\"@id\":\"https:\/\/elevatesurf.ch\/#\/schema\/logo\/image\/\"},\"sameAs\":[\"https:\/\/www.instagram.com\/elevate__surf\/\"]}]}<\/script>\n<!-- \/ Yoast SEO plugin. -->","yoast_head_json":{"title":"PLANE EAGLE HM CARBON 890 (MONOBLOC XXS 210 DW) - Elevatesurf","description":"Elevatesurf PLANE EAGLE HM CARBON 890 (MONOBLOC XXS 210 DW)","robots":{"index":"index","follow":"follow","max-snippet":"max-snippet:-1","max-image-preview":"max-image-preview:large","max-video-preview":"max-video-preview:-1"},"canonical":"https:\/\/elevatesurf.ch\/fr\/product\/plane-eagle-hm-carbon-890-monobloc-xxs-210-dw\/","og_locale":"fr_FR","og_type":"article","og_title":"PLANE EAGLE HM CARBON 890 (MONOBLOC XXS 210 DW) - Elevatesurf","og_description":"Elevatesurf PLANE EAGLE HM CARBON 890 (MONOBLOC XXS 210 DW)","og_url":"https:\/\/elevatesurf.ch\/fr\/product\/plane-eagle-hm-carbon-890-monobloc-xxs-210-dw\/","og_site_name":"Elevatesurf","article_modified_time":"2026-05-10T20:30:17+00:00","twitter_card":"summary_large_image","twitter_misc":{"Dur\u00e9e de lecture estim\u00e9e":"1 minute"},"schema":{"@context":"https:\/\/schema.org","@graph":[{"@type":["WebPage","ItemPage"],"@id":"https:\/\/elevatesurf.ch\/fr\/product\/plane-eagle-hm-carbon-890-monobloc-xxs-210-dw\/","url":"https:\/\/elevatesurf.ch\/fr\/product\/plane-eagle-hm-carbon-890-monobloc-xxs-210-dw\/","name":"PLANE EAGLE HM CARBON 890 (MONOBLOC XXS 210 DW) - Elevatesurf","isPartOf":{"@id":"https:\/\/elevatesurf.ch\/#website"},"primaryImageOfPage":{"@id":"https:\/\/elevatesurf.ch\/fr\/product\/plane-eagle-hm-carbon-890-monobloc-xxs-210-dw\/#primaryimage"},"image":{"@id":"https:\/\/elevatesurf.ch\/fr\/product\/plane-eagle-hm-carbon-890-monobloc-xxs-210-dw\/#primaryimage"},"thumbnailUrl":"https:\/\/elevatesurf.ch\/wp-content\/uploads\/2026\/05\/plane-eagle-hm-carbon-890-monobloc-xxs-210-dw.png","datePublished":"2026-05-10T15:53:41+00:00","dateModified":"2026-05-10T20:30:17+00:00","description":"Elevatesurf PLANE EAGLE HM CARBON 890 (MONOBLOC XXS 210 DW)","breadcrumb":{"@id":"https:\/\/elevatesurf.ch\/fr\/product\/plane-eagle-hm-carbon-890-monobloc-xxs-210-dw\/#breadcrumb"},"inLanguage":"fr-FR","potentialAction":[{"@type":"ReadAction","target":["https:\/\/elevatesurf.ch\/fr\/product\/plane-eagle-hm-carbon-890-monobloc-xxs-210-dw\/"]}]},{"@type":"ImageObject","inLanguage":"fr-FR","@id":"https:\/\/elevatesurf.ch\/fr\/product\/plane-eagle-hm-carbon-890-monobloc-xxs-210-dw\/#primaryimage","url":"https:\/\/elevatesurf.ch\/wp-content\/uploads\/2026\/05\/plane-eagle-hm-carbon-890-monobloc-xxs-210-dw.png","contentUrl":"https:\/\/elevatesurf.ch\/wp-content\/uploads\/2026\/05\/plane-eagle-hm-carbon-890-monobloc-xxs-210-dw.png","width":2000,"height":2000},{"@type":"BreadcrumbList","@id":"https:\/\/elevatesurf.ch\/fr\/product\/plane-eagle-hm-carbon-890-monobloc-xxs-210-dw\/#breadcrumb","itemListElement":[{"@type":"ListItem","position":1,"name":"Accueil","item":"https:\/\/elevatesurf.ch\/"},{"@type":"ListItem","position":2,"name":"Shop &#8211; \u00c9levez Votre Exp\u00e9rience de Surf avec Notre Collection","item":"https:\/\/elevatesurf.ch\/shop\/"},{"@type":"ListItem","position":3,"name":"PLANE EAGLE HM CARBON 890 (MONOBLOC XXS 210 DW)"}]},{"@type":"WebSite","@id":"https:\/\/elevatesurf.ch\/#website","url":"https:\/\/elevatesurf.ch\/","name":"Elevatesurf","description":"Surfez vers de nouveaux sommets avec ElevateSurf ! Kiteshop, Wingshop","publisher":{"@id":"https:\/\/elevatesurf.ch\/#organization"},"potentialAction":[{"@type":"SearchAction","target":{"@type":"EntryPoint","urlTemplate":"https:\/\/elevatesurf.ch\/?s={search_term_string}"},"query-input":"required name=search_term_string"}],"inLanguage":"fr-FR"},{"@type":"Organization","@id":"https:\/\/elevatesurf.ch\/#organization","name":"Elevatesurf","url":"https:\/\/elevatesurf.ch\/","logo":{"@type":"ImageObject","inLanguage":"fr-FR","@id":"https:\/\/elevatesurf.ch\/#\/schema\/logo\/image\/","url":"https:\/\/elevatesurf.ch\/wp-content\/uploads\/2024\/06\/67c2ec70-bdf5-4c14-898a-ded5b2051398.jpg","contentUrl":"https:\/\/elevatesurf.ch\/wp-content\/uploads\/2024\/06\/67c2ec70-bdf5-4c14-898a-ded5b2051398.jpg","width":1024,"height":1024,"caption":"Elevatesurf"},"image":{"@id":"https:\/\/elevatesurf.ch\/#\/schema\/logo\/image\/"},"sameAs":["https:\/\/www.instagram.com\/elevate__surf\/"]}]}},"_links":{"self":[{"href":"https:\/\/elevatesurf.ch\/fr\/wp-json\/wp\/v2\/product\/26344","targetHints":{"allow":["GET"]}}],"collection":[{"href":"https:\/\/elevatesurf.ch\/fr\/wp-json\/wp\/v2\/product"}],"about":[{"href":"https:\/\/elevatesurf.ch\/fr\/wp-json\/wp\/v2\/types\/product"}],"replies":[{"embeddable":true,"href":"https:\/\/elevatesurf.ch\/fr\/wp-json\/wp\/v2\/comments?post=26344"}],"wp:featuredmedia":[{"embeddable":true,"href":"https:\/\/elevatesurf.ch\/fr\/wp-json\/wp\/v2\/media\/26342"}],"wp:attachment":[{"href":"https:\/\/elevatesurf.ch\/fr\/wp-json\/wp\/v2\/media?parent=26344"}],"wp:term":[{"taxonomy":"product_cat","embeddable":true,"href":"https:\/\/elevatesurf.ch\/fr\/wp-json\/wp\/v2\/product_cat?post=26344"},{"taxonomy":"product_tag","embeddable":true,"href":"https:\/\/elevatesurf.ch\/fr\/wp-json\/wp\/v2\/product_tag?post=26344"}],"curies":[{"name":"wp","href":"https:\/\/api.w.org\/{rel}","templated":true}]}}