{"id":26464,"date":"2026-05-10T15:56:50","date_gmt":"2026-05-10T15:56:50","guid":{"rendered":"https:\/\/elevatesurf.ch\/fr\/product\/rocket-sup-dw-pro\/"},"modified":"2026-05-15T09:18:47","modified_gmt":"2026-05-15T09:18:47","slug":"rocket-sup-dw-pro","status":"publish","type":"product","link":"https:\/\/elevatesurf.ch\/fr\/product\/rocket-sup-dw-pro\/","title":{"rendered":"ROCKET SUP DW PRO"},"content":{"rendered":"<p>Avec une largeur plus \u00e9troite (17\u201d \u00e0 20\u201d), la ROCKET SUP DW PRO est destin\u00e9e \u00e0 ceux qui recherchent un maximum de performance dans leurs downwinds. Disponible en sept tailles avec des volumes allant de 90L \u00e0 140 L, cette planche offre une glisse exceptionnelle et des performances incroyables sur des foils plus petits et plus rapides.<\/p>\n<\/p>\n<p>Alors que son nouveau shape refl\u00e8te celui de la derni\u00e8re ROCKET SUP DW, la version PRO est plus \u00e9troite, sacrifiant ainsi un peu d\u2019accessibilit\u00e9 pour plus de vitesse et de glisse, ce qui en fait le choix id\u00e9al pour les riders exp\u00e9riment\u00e9s en downwind.<\/p>\n<\/p>\n<p>Ces planches sont tr\u00e8s stables gr\u00e2ce \u00e0 la distribution du volume optimis\u00e9e, \u00e0 leur outline parall\u00e8le et \u00e0 leurs rails carr\u00e9s sur la partie centrale. En cons\u00e9quent, la planche a beaucoup plus de glisse, ce qui est beaucoup plus facile pour la rame et le d\u00e9collage. Avec un nose et un bottom l\u00e9g\u00e8rement revus, la ROCKET SUP DW PRO est \u00e9galement plus tol\u00e9rante et plus intuitive pendant la phase de take-off.<\/p>\n<\/p>\n<p>Un kick large au niveau du tail permet au rider de pomper la planche sans plonger le tail dans l\u2019eau \u00e0 chaque mouvement. Une deuxi\u00e8me petite marche au niveau du kick arri\u00e8re sur la car\u00e8ne a \u00e9galement \u00e9t\u00e9 ajout\u00e9e, en plus de celle d\u00e9j\u00e0 pr\u00e9sente devant les twin tracks. Ces deux steps r\u00e9duisent efficacement la tra\u00een\u00e9e lors des acc\u00e9l\u00e9rations au take-off et des touchettes. Le deuxi\u00e8me step augmente encore plus la cr\u00e9ation d\u2019une rupture franche pour canaliser les \u00e9coulements vers l\u2019arri\u00e8re sans g\u00e9n\u00e9rer une tra\u00een\u00e9e excessive en mouvement. Il limite \u00e9galement la perte de vitesse lors des touchettes occasionnelles.<\/p>\n<\/p>\n<p>Une fois en l\u2019air, la ROCKET SUP DW PRO est extr\u00eamement intuitive, stable et confortable gr\u00e2ce \u00e0 une grande facilit\u00e9 au pumping et dans les turns. Le pont concave l\u00e9g\u00e8rement creus\u00e9 est d\u00e9sormais un peu plus prononc\u00e9 pour avoir plus de volume \u00e0 l\u2019avant et \u00e0 l\u2019arrive, tout en vous rapprochant plus du foil et permettant ainsi un excellent contr\u00f4le en vol.<\/p>\n<\/p>\n<p>La ROCKET SUP DW PRO est id\u00e9ale pour la houle courte et moyenne (comme la M\u00e9diterran\u00e9e), tandis que la ROCKET SUP DW COMP d\u00e9collera mieux dans les houles plus longues (pensez \u00e0 Oahu) qui sont plus rapides, n\u00e9cessitant une planche plus longue et encore plus \u00e9troite.<\/p>\n<\/p>\n<p>Cette board est \u00e9galement incroyable en wing dans le vent plus l\u00e9ger et peut tr\u00e8s bien surfer, m\u00eame dans de petites vagues. D\u00e9coller loin \u00e0 l\u2019ext\u00e9rieur sur des vagues non d\u00e9ferlantes et profiter de la maniabilit\u00e9 de la planche et de son feeling direct pour surfer jusqu\u2019au shore break.<\/p>\n<\/p>\n<p>La ROCKET SUP DW PRO est disponible en deux constructions : bambou ou carbone. Ce mod\u00e8le b\u00e9n\u00e9ficie d\u2019une construction ultra-l\u00e9g\u00e8re en bambou. En utilisant une couche de bambou uniquement sur le pont, cette construction a \u00e9t\u00e9 optimis\u00e9e pour garantir que la planche soit aussi l\u00e9g\u00e8re que possible, tout en assurant sa solidit\u00e9 et sa durabilit\u00e9. La sensation du foil est tr\u00e8s directe et le contr\u00f4le est absolu tout au long du downwind, m\u00eame \u00e0 grande vitesse.<\/p>\n<\/p>\n<p>Naturellement, la version en bambou est l\u00e9g\u00e8rement moins rigide que celle en carbone, en particulier lors du pumping, mais le potentiel de performance est sensiblement le m\u00eame puisque les deux planches ont le m\u00eame shape et le m\u00eame programme.<\/p>\n<\/p>\n<p>Un double rail saver ainsi qu\u2019une construction renforc\u00e9e le long des rails et autour du cockpit, prot\u00e8gent la planche des impacts et des coups de pagaie.<\/p>\n<\/p>\n<p>L\u2019\u00e9quilibre parfait entre glisse, \u00a0stabilit\u00e9, d\u00e9collages faciles et confort en vol, la ROCKET SUP DW PRO sera sans aucun doute votre nouvelle planche pr\u00e9f\u00e9r\u00e9e, que \u00e7a soit pour des sessions sur des plans d\u2019eau plats, une grosse houle en pleine mer, ou m\u00eame pour un peu de wing dans le vent l\u00e9ger.<\/p>\n<\/p>\n<p>*Attention : Les downwinds n\u00e9cessitent une pr\u00e9paration physique, des dispositifs de s\u00e9curit\u00e9 appropri\u00e9s (leash, flashlight, gilet\u2026) et une assistance en mer. N\u2019essayez pas de faire un downwind seul ni sans entrainement ad\u00e9quat.<\/p>\n","protected":false},"excerpt":{"rendered":"<p class=\"p1\">Ressentez des sensations spectaculaires et la libert\u00e9 d\u2019un long downwind avec la nouvelle ROCKET SUP DW PRO de F-ONE. Gr\u00e2ce \u00e0 son design optimis\u00e9, son shape retravaill\u00e9 et son choix de constructions ultra-l\u00e9g\u00e8res, d\u00e9collez plus vite que jamais et survolez la houle pendant des heures.<\/p>\n<ul class=\"ul1\">\n<li class=\"li1\"><span>Shape retravaill\u00e9 pour plus de glisse et de facilit\u00e9 au d\u00e9collage<\/span><\/li>\n<li class=\"li1\"><span>Design \u00e9troit pour une vitesse et des performances accrues<\/span><\/li>\n<li class=\"li1\"><span>Intuitive, stable et confortable<\/span><\/li>\n<li class=\"li1\"><span>Equilibre avant\/arri\u00e8re contr\u00f4l\u00e9\u00a0<\/span><\/li>\n<li class=\"li1\"><span>Destin\u00e9e aux riders exp\u00e9riment\u00e9s en downwind<\/span><\/li>\n<li class=\"li1\"><span>Disponible en bambou ou en carbone<\/span><\/li>\n<\/ul>\n","protected":false},"featured_media":26462,"comment_status":"open","ping_status":"closed","template":"","meta":[],"product_cat":[1080,1079],"product_tag":[],"class_list":{"0":"post-26464","1":"product","2":"type-product","3":"status-publish","4":"has-post-thumbnail","6":"product_cat-planches-dw","7":"product_cat-sup","8":"product_brand-f-one","10":"first","11":"instock","12":"shipping-taxable","13":"purchasable","14":"product-type-variable"},"yoast_head":"<!-- This site is optimized with the Yoast SEO plugin v22.8 - https:\/\/yoast.com\/wordpress\/plugins\/seo\/ -->\n<title>ROCKET SUP DW PRO | Elevatesurf<\/title>\n<meta name=\"description\" content=\"Ressentez des sensations spectaculaires et la libert\u00e9 d\u2019un long downwind avec la nouvel\u2026 Disponible chez Elevatesurf, shop wingfoil &amp; kitesurf \u00e0 Neuch\u00e2tel.\" \/>\n<meta name=\"robots\" content=\"index, follow, max-snippet:-1, max-image-preview:large, max-video-preview:-1\" \/>\n<link rel=\"canonical\" href=\"https:\/\/elevatesurf.ch\/fr\/product\/rocket-sup-dw-pro\/\" \/>\n<meta property=\"og:locale\" content=\"fr_FR\" \/>\n<meta property=\"og:type\" content=\"article\" \/>\n<meta property=\"og:title\" content=\"ROCKET SUP DW PRO | Elevatesurf\" \/>\n<meta property=\"og:description\" content=\"Ressentez des sensations spectaculaires et la libert\u00e9 d\u2019un long downwind avec la nouvel\u2026 Disponible chez Elevatesurf, shop wingfoil &amp; kitesurf \u00e0 Neuch\u00e2tel.\" \/>\n<meta property=\"og:url\" content=\"https:\/\/elevatesurf.ch\/fr\/product\/rocket-sup-dw-pro\/\" \/>\n<meta property=\"og:site_name\" content=\"Elevatesurf\" \/>\n<meta property=\"article:modified_time\" content=\"2026-05-15T09:18:47+00:00\" \/>\n<meta property=\"og:image\" content=\"https:\/\/elevatesurf.ch\/wp-content\/uploads\/2026\/05\/rocket-sup-dw-pro.jpg\" \/>\n\t<meta property=\"og:image:width\" content=\"2000\" \/>\n\t<meta property=\"og:image:height\" content=\"2000\" \/>\n\t<meta property=\"og:image:type\" content=\"image\/jpeg\" \/>\n<meta name=\"twitter:card\" content=\"summary_large_image\" \/>\n<meta name=\"twitter:label1\" content=\"Dur\u00e9e de lecture estim\u00e9e\" \/>\n\t<meta name=\"twitter:data1\" content=\"4 minutes\" \/>\n<script type=\"application\/ld+json\" class=\"yoast-schema-graph\">{\"@context\":\"https:\/\/schema.org\",\"@graph\":[{\"@type\":[\"WebPage\",\"ItemPage\"],\"@id\":\"https:\/\/elevatesurf.ch\/product\/rocket-sup-dw-pro\/\",\"url\":\"https:\/\/elevatesurf.ch\/product\/rocket-sup-dw-pro\/\",\"name\":\"ROCKET SUP DW PRO | Elevatesurf\",\"isPartOf\":{\"@id\":\"https:\/\/elevatesurf.ch\/#website\"},\"primaryImageOfPage\":{\"@id\":\"https:\/\/elevatesurf.ch\/product\/rocket-sup-dw-pro\/#primaryimage\"},\"image\":{\"@id\":\"https:\/\/elevatesurf.ch\/product\/rocket-sup-dw-pro\/#primaryimage\"},\"thumbnailUrl\":\"https:\/\/elevatesurf.ch\/wp-content\/uploads\/2026\/05\/rocket-sup-dw-pro.jpg\",\"datePublished\":\"2026-05-10T15:56:50+00:00\",\"dateModified\":\"2026-05-15T09:18:47+00:00\",\"description\":\"Ressentez des sensations spectaculaires et la libert\u00e9 d\u2019un long downwind avec la nouvel\u2026 Disponible chez Elevatesurf, shop wingfoil & kitesurf \u00e0 Neuch\u00e2tel.\",\"breadcrumb\":{\"@id\":\"https:\/\/elevatesurf.ch\/product\/rocket-sup-dw-pro\/#breadcrumb\"},\"inLanguage\":\"fr-FR\",\"potentialAction\":[{\"@type\":\"ReadAction\",\"target\":[\"https:\/\/elevatesurf.ch\/product\/rocket-sup-dw-pro\/\"]}]},{\"@type\":\"ImageObject\",\"inLanguage\":\"fr-FR\",\"@id\":\"https:\/\/elevatesurf.ch\/product\/rocket-sup-dw-pro\/#primaryimage\",\"url\":\"https:\/\/elevatesurf.ch\/wp-content\/uploads\/2026\/05\/rocket-sup-dw-pro.jpg\",\"contentUrl\":\"https:\/\/elevatesurf.ch\/wp-content\/uploads\/2026\/05\/rocket-sup-dw-pro.jpg\",\"width\":2000,\"height\":2000,\"caption\":\"F-One ROCKET SUP DW PRO | Elevatesurf\"},{\"@type\":\"BreadcrumbList\",\"@id\":\"https:\/\/elevatesurf.ch\/product\/rocket-sup-dw-pro\/#breadcrumb\",\"itemListElement\":[{\"@type\":\"ListItem\",\"position\":1,\"name\":\"Accueil\",\"item\":\"https:\/\/elevatesurf.ch\/\"},{\"@type\":\"ListItem\",\"position\":2,\"name\":\"Boutique \u2013 Wingfoil, Kitesurf &#038; Accessoires\",\"item\":\"https:\/\/elevatesurf.ch\/shop\/\"},{\"@type\":\"ListItem\",\"position\":3,\"name\":\"ROCKET SUP DW PRO\"}]},{\"@type\":\"WebSite\",\"@id\":\"https:\/\/elevatesurf.ch\/#website\",\"url\":\"https:\/\/elevatesurf.ch\/\",\"name\":\"Elevatesurf\",\"description\":\"Surfez vers de nouveaux sommets avec ElevateSurf ! Kiteshop, Wingshop\",\"publisher\":{\"@id\":\"https:\/\/elevatesurf.ch\/#organization\"},\"potentialAction\":[{\"@type\":\"SearchAction\",\"target\":{\"@type\":\"EntryPoint\",\"urlTemplate\":\"https:\/\/elevatesurf.ch\/?s={search_term_string}\"},\"query-input\":\"required name=search_term_string\"}],\"inLanguage\":\"fr-FR\"},{\"@type\":\"Organization\",\"@id\":\"https:\/\/elevatesurf.ch\/#organization\",\"name\":\"Elevatesurf\",\"url\":\"https:\/\/elevatesurf.ch\/\",\"logo\":{\"@type\":\"ImageObject\",\"inLanguage\":\"fr-FR\",\"@id\":\"https:\/\/elevatesurf.ch\/#\/schema\/logo\/image\/\",\"url\":\"https:\/\/elevatesurf.ch\/wp-content\/uploads\/2024\/06\/67c2ec70-bdf5-4c14-898a-ded5b2051398.jpg\",\"contentUrl\":\"https:\/\/elevatesurf.ch\/wp-content\/uploads\/2024\/06\/67c2ec70-bdf5-4c14-898a-ded5b2051398.jpg\",\"width\":1024,\"height\":1024,\"caption\":\"Elevatesurf\"},\"image\":{\"@id\":\"https:\/\/elevatesurf.ch\/#\/schema\/logo\/image\/\"},\"sameAs\":[\"https:\/\/www.instagram.com\/elevate__surf\/\"]}]}<\/script>\n<!-- \/ Yoast SEO plugin. -->","yoast_head_json":{"title":"ROCKET SUP DW PRO | Elevatesurf","description":"Ressentez des sensations spectaculaires et la libert\u00e9 d\u2019un long downwind avec la nouvel\u2026 Disponible chez Elevatesurf, shop wingfoil & kitesurf \u00e0 Neuch\u00e2tel.","robots":{"index":"index","follow":"follow","max-snippet":"max-snippet:-1","max-image-preview":"max-image-preview:large","max-video-preview":"max-video-preview:-1"},"canonical":"https:\/\/elevatesurf.ch\/fr\/product\/rocket-sup-dw-pro\/","og_locale":"fr_FR","og_type":"article","og_title":"ROCKET SUP DW PRO | Elevatesurf","og_description":"Ressentez des sensations spectaculaires et la libert\u00e9 d\u2019un long downwind avec la nouvel\u2026 Disponible chez Elevatesurf, shop wingfoil & kitesurf \u00e0 Neuch\u00e2tel.","og_url":"https:\/\/elevatesurf.ch\/fr\/product\/rocket-sup-dw-pro\/","og_site_name":"Elevatesurf","article_modified_time":"2026-05-15T09:18:47+00:00","og_image":[{"width":2000,"height":2000,"url":"https:\/\/elevatesurf.ch\/wp-content\/uploads\/2026\/05\/rocket-sup-dw-pro.jpg","type":"image\/jpeg"}],"twitter_card":"summary_large_image","twitter_misc":{"Dur\u00e9e de lecture estim\u00e9e":"4 minutes"},"schema":{"@context":"https:\/\/schema.org","@graph":[{"@type":["WebPage","ItemPage"],"@id":"https:\/\/elevatesurf.ch\/product\/rocket-sup-dw-pro\/","url":"https:\/\/elevatesurf.ch\/product\/rocket-sup-dw-pro\/","name":"ROCKET SUP DW PRO | Elevatesurf","isPartOf":{"@id":"https:\/\/elevatesurf.ch\/#website"},"primaryImageOfPage":{"@id":"https:\/\/elevatesurf.ch\/product\/rocket-sup-dw-pro\/#primaryimage"},"image":{"@id":"https:\/\/elevatesurf.ch\/product\/rocket-sup-dw-pro\/#primaryimage"},"thumbnailUrl":"https:\/\/elevatesurf.ch\/wp-content\/uploads\/2026\/05\/rocket-sup-dw-pro.jpg","datePublished":"2026-05-10T15:56:50+00:00","dateModified":"2026-05-15T09:18:47+00:00","description":"Ressentez des sensations spectaculaires et la libert\u00e9 d\u2019un long downwind avec la nouvel\u2026 Disponible chez Elevatesurf, shop wingfoil & kitesurf \u00e0 Neuch\u00e2tel.","breadcrumb":{"@id":"https:\/\/elevatesurf.ch\/product\/rocket-sup-dw-pro\/#breadcrumb"},"inLanguage":"fr-FR","potentialAction":[{"@type":"ReadAction","target":["https:\/\/elevatesurf.ch\/product\/rocket-sup-dw-pro\/"]}]},{"@type":"ImageObject","inLanguage":"fr-FR","@id":"https:\/\/elevatesurf.ch\/product\/rocket-sup-dw-pro\/#primaryimage","url":"https:\/\/elevatesurf.ch\/wp-content\/uploads\/2026\/05\/rocket-sup-dw-pro.jpg","contentUrl":"https:\/\/elevatesurf.ch\/wp-content\/uploads\/2026\/05\/rocket-sup-dw-pro.jpg","width":2000,"height":2000,"caption":"F-One ROCKET SUP DW PRO | Elevatesurf"},{"@type":"BreadcrumbList","@id":"https:\/\/elevatesurf.ch\/product\/rocket-sup-dw-pro\/#breadcrumb","itemListElement":[{"@type":"ListItem","position":1,"name":"Accueil","item":"https:\/\/elevatesurf.ch\/"},{"@type":"ListItem","position":2,"name":"Boutique \u2013 Wingfoil, Kitesurf &#038; Accessoires","item":"https:\/\/elevatesurf.ch\/shop\/"},{"@type":"ListItem","position":3,"name":"ROCKET SUP DW PRO"}]},{"@type":"WebSite","@id":"https:\/\/elevatesurf.ch\/#website","url":"https:\/\/elevatesurf.ch\/","name":"Elevatesurf","description":"Surfez vers de nouveaux sommets avec ElevateSurf ! Kiteshop, Wingshop","publisher":{"@id":"https:\/\/elevatesurf.ch\/#organization"},"potentialAction":[{"@type":"SearchAction","target":{"@type":"EntryPoint","urlTemplate":"https:\/\/elevatesurf.ch\/?s={search_term_string}"},"query-input":"required name=search_term_string"}],"inLanguage":"fr-FR"},{"@type":"Organization","@id":"https:\/\/elevatesurf.ch\/#organization","name":"Elevatesurf","url":"https:\/\/elevatesurf.ch\/","logo":{"@type":"ImageObject","inLanguage":"fr-FR","@id":"https:\/\/elevatesurf.ch\/#\/schema\/logo\/image\/","url":"https:\/\/elevatesurf.ch\/wp-content\/uploads\/2024\/06\/67c2ec70-bdf5-4c14-898a-ded5b2051398.jpg","contentUrl":"https:\/\/elevatesurf.ch\/wp-content\/uploads\/2024\/06\/67c2ec70-bdf5-4c14-898a-ded5b2051398.jpg","width":1024,"height":1024,"caption":"Elevatesurf"},"image":{"@id":"https:\/\/elevatesurf.ch\/#\/schema\/logo\/image\/"},"sameAs":["https:\/\/www.instagram.com\/elevate__surf\/"]}]}},"_links":{"self":[{"href":"https:\/\/elevatesurf.ch\/fr\/wp-json\/wp\/v2\/product\/26464","targetHints":{"allow":["GET"]}}],"collection":[{"href":"https:\/\/elevatesurf.ch\/fr\/wp-json\/wp\/v2\/product"}],"about":[{"href":"https:\/\/elevatesurf.ch\/fr\/wp-json\/wp\/v2\/types\/product"}],"replies":[{"embeddable":true,"href":"https:\/\/elevatesurf.ch\/fr\/wp-json\/wp\/v2\/comments?post=26464"}],"wp:featuredmedia":[{"embeddable":true,"href":"https:\/\/elevatesurf.ch\/fr\/wp-json\/wp\/v2\/media\/26462"}],"wp:attachment":[{"href":"https:\/\/elevatesurf.ch\/fr\/wp-json\/wp\/v2\/media?parent=26464"}],"wp:term":[{"taxonomy":"product_cat","embeddable":true,"href":"https:\/\/elevatesurf.ch\/fr\/wp-json\/wp\/v2\/product_cat?post=26464"},{"taxonomy":"product_tag","embeddable":true,"href":"https:\/\/elevatesurf.ch\/fr\/wp-json\/wp\/v2\/product_tag?post=26464"}],"curies":[{"name":"wp","href":"https:\/\/api.w.org\/{rel}","templated":true}]}}