{"id":26586,"date":"2026-05-10T15:59:28","date_gmt":"2026-05-10T15:59:28","guid":{"rendered":"https:\/\/elevatesurf.ch\/fr\/product\/plane-ic6-950-v3-pack-alu-mast-85-cm\/"},"modified":"2026-05-10T20:31:32","modified_gmt":"2026-05-10T20:31:32","slug":"plane-ic6-950-v3-pack-alu-mast-85-cm","status":"publish","type":"product","link":"https:\/\/elevatesurf.ch\/fr\/product\/plane-ic6-950-v3-pack-alu-mast-85-cm\/","title":{"rendered":"PLANE IC6 950 V3 + PACK ALU MAST 85 CM"},"content":{"rendered":"<p><span>Fabriqu\u00e9s avec notre technologie \u00ab Injected Carbon \u00bb, nos foils et stabilisateurs sont tr\u00e8s r\u00e9sistants et durables. Cette technologie rend nos foils IC6 beaucoup plus r\u00e9sistants aux chocs que ceux en carbone conventionnel. Le foil poss\u00e8de un insert en aluminium qui lui conf\u00e8re une r\u00e9sistance accrue et une meilleure rigidit\u00e9. Il est ensuite fix\u00e9 au fuselage via deux vis align\u00e9es et deux d\u00e9cal\u00e9es en lat\u00e9ral, cr\u00e9ant ainsi une g\u00e9om\u00e9trie qui assure un assemblage tr\u00e8s solide et rigide.<\/span><br \/><span>Ce foil est non seulement polyvalent mais \u00e9galement tr\u00e8s intuitif et pr\u00e9visible. Le take-off est tr\u00e8s progressif et le ride dans les airs est doux. Le contr\u00f4le de la vitesse et de la trajectoire est tr\u00e8s ais\u00e9, vous permettant de profiter au maximum de vos sessions freeride.<\/span><br \/><span>Sa surface est de 950 cm\u00b2, ce qui est id\u00e9al pour fournir une plage d\u2019utilisation maximale. Avec plus de portance, l\u2019IC6 V.3 est la meilleure option pour d\u00e9buter le foil et s\u2019amuser quel que soit votre niveau. Avec son design \u00e9labor\u00e9, il vous permettra un vol \u00e0 tr\u00e8s basse vitesse mais aussi des acc\u00e9l\u00e9rations en conservant une grande maniabilit\u00e9 et un potentiel de carving fantastique.<\/span><br \/><span>L\u2019IC6 950 V.3 est con\u00e7u pour tous ceux qui cherchent \u00e0 investir pour la premi\u00e8re fois dans du mat\u00e9riel offrant une grande marge de progression, ou \u00e0 ceux qui d\u00e9sirent un foil polyvalent garantissant beaucoup de satisfaction sur l\u2019eau.<\/span><br \/><span>Le fuselage et le m\u00e2t conseill\u00e9s sont en aluminium. Le m\u00e2t se connecte directement dans le fuselage. Le foil IC6 se r\u00e9v\u00e8le stable et \u00e9quilibr\u00e9, et peut \u00eatre \u00e9quip\u00e9 du fuselage aluminium 70cm pour le kite foil. Un fuselage 80cm existe \u00e9galement pour le windfoil.<\/span><\/p>\n","protected":false},"excerpt":{"rendered":"<p><span>L\u2019IC6 950 est tr\u00e8s accessible et offre un potentiel de progression surprenant. Ce foil est parfait pour d\u00e9buter mais \u00e9galement pour \u00e9voluer rapidement et pleinement dans cette discipline gr\u00e2ce \u00e0 sa polyvalence.<\/span><br \/><span>Aspect Ratio: 4.8<\/span><br \/><span>Plus accessible que jamais<\/span><br \/><span>Polyvalent, intuitif et pr\u00e9visible<\/span><br \/><span>Grande plage d\u2019utilisation<\/span><\/p>\n","protected":false},"featured_media":26580,"comment_status":"open","ping_status":"closed","template":"","meta":[],"product_cat":[1040,1046],"product_tag":[],"class_list":{"0":"post-26586","1":"product","2":"type-product","3":"status-publish","4":"has-post-thumbnail","6":"product_cat-foil","7":"product_cat-plane","8":"product_brand-f-one","10":"first","11":"outofstock","12":"shipping-taxable","13":"purchasable","14":"product-type-simple"},"yoast_head":"<!-- This site is optimized with the Yoast SEO plugin v22.8 - https:\/\/yoast.com\/wordpress\/plugins\/seo\/ -->\n<title>PLANE IC6 950 V3 + PACK ALU MAST 85 CM - Elevatesurf<\/title>\n<meta name=\"description\" content=\"Elevatesurf PLANE IC6 950 V3 + PACK ALU MAST 85 CM\" \/>\n<meta name=\"robots\" content=\"index, follow, max-snippet:-1, max-image-preview:large, max-video-preview:-1\" \/>\n<link rel=\"canonical\" href=\"https:\/\/elevatesurf.ch\/fr\/product\/plane-ic6-950-v3-pack-alu-mast-85-cm\/\" \/>\n<meta property=\"og:locale\" content=\"fr_FR\" \/>\n<meta property=\"og:type\" content=\"article\" \/>\n<meta property=\"og:title\" content=\"PLANE IC6 950 V3 + PACK ALU MAST 85 CM - Elevatesurf\" \/>\n<meta property=\"og:description\" content=\"Elevatesurf PLANE IC6 950 V3 + PACK ALU MAST 85 CM\" \/>\n<meta property=\"og:url\" content=\"https:\/\/elevatesurf.ch\/fr\/product\/plane-ic6-950-v3-pack-alu-mast-85-cm\/\" \/>\n<meta property=\"og:site_name\" content=\"Elevatesurf\" \/>\n<meta property=\"article:modified_time\" content=\"2026-05-10T20:31:32+00:00\" \/>\n<meta name=\"twitter:card\" content=\"summary_large_image\" \/>\n<meta name=\"twitter:label1\" content=\"Dur\u00e9e de lecture estim\u00e9e\" \/>\n\t<meta name=\"twitter:data1\" content=\"2 minutes\" \/>\n<script type=\"application\/ld+json\" class=\"yoast-schema-graph\">{\"@context\":\"https:\/\/schema.org\",\"@graph\":[{\"@type\":[\"WebPage\",\"ItemPage\"],\"@id\":\"https:\/\/elevatesurf.ch\/fr\/product\/plane-ic6-950-v3-pack-alu-mast-85-cm\/\",\"url\":\"https:\/\/elevatesurf.ch\/fr\/product\/plane-ic6-950-v3-pack-alu-mast-85-cm\/\",\"name\":\"PLANE IC6 950 V3 + PACK ALU MAST 85 CM - Elevatesurf\",\"isPartOf\":{\"@id\":\"https:\/\/elevatesurf.ch\/#website\"},\"primaryImageOfPage\":{\"@id\":\"https:\/\/elevatesurf.ch\/fr\/product\/plane-ic6-950-v3-pack-alu-mast-85-cm\/#primaryimage\"},\"image\":{\"@id\":\"https:\/\/elevatesurf.ch\/fr\/product\/plane-ic6-950-v3-pack-alu-mast-85-cm\/#primaryimage\"},\"thumbnailUrl\":\"https:\/\/elevatesurf.ch\/wp-content\/uploads\/2026\/05\/plane-ic6-950-v3-pack-alu-mast-85-cm.png\",\"datePublished\":\"2026-05-10T15:59:28+00:00\",\"dateModified\":\"2026-05-10T20:31:32+00:00\",\"description\":\"Elevatesurf PLANE IC6 950 V3 + PACK ALU MAST 85 CM\",\"breadcrumb\":{\"@id\":\"https:\/\/elevatesurf.ch\/fr\/product\/plane-ic6-950-v3-pack-alu-mast-85-cm\/#breadcrumb\"},\"inLanguage\":\"fr-FR\",\"potentialAction\":[{\"@type\":\"ReadAction\",\"target\":[\"https:\/\/elevatesurf.ch\/fr\/product\/plane-ic6-950-v3-pack-alu-mast-85-cm\/\"]}]},{\"@type\":\"ImageObject\",\"inLanguage\":\"fr-FR\",\"@id\":\"https:\/\/elevatesurf.ch\/fr\/product\/plane-ic6-950-v3-pack-alu-mast-85-cm\/#primaryimage\",\"url\":\"https:\/\/elevatesurf.ch\/wp-content\/uploads\/2026\/05\/plane-ic6-950-v3-pack-alu-mast-85-cm.png\",\"contentUrl\":\"https:\/\/elevatesurf.ch\/wp-content\/uploads\/2026\/05\/plane-ic6-950-v3-pack-alu-mast-85-cm.png\",\"width\":1200,\"height\":1200},{\"@type\":\"BreadcrumbList\",\"@id\":\"https:\/\/elevatesurf.ch\/fr\/product\/plane-ic6-950-v3-pack-alu-mast-85-cm\/#breadcrumb\",\"itemListElement\":[{\"@type\":\"ListItem\",\"position\":1,\"name\":\"Accueil\",\"item\":\"https:\/\/elevatesurf.ch\/\"},{\"@type\":\"ListItem\",\"position\":2,\"name\":\"Shop &#8211; \u00c9levez Votre Exp\u00e9rience de Surf avec Notre Collection\",\"item\":\"https:\/\/elevatesurf.ch\/shop\/\"},{\"@type\":\"ListItem\",\"position\":3,\"name\":\"PLANE IC6 950 V3 + PACK ALU MAST 85 CM\"}]},{\"@type\":\"WebSite\",\"@id\":\"https:\/\/elevatesurf.ch\/#website\",\"url\":\"https:\/\/elevatesurf.ch\/\",\"name\":\"Elevatesurf\",\"description\":\"Surfez vers de nouveaux sommets avec ElevateSurf ! Kiteshop, Wingshop\",\"publisher\":{\"@id\":\"https:\/\/elevatesurf.ch\/#organization\"},\"potentialAction\":[{\"@type\":\"SearchAction\",\"target\":{\"@type\":\"EntryPoint\",\"urlTemplate\":\"https:\/\/elevatesurf.ch\/?s={search_term_string}\"},\"query-input\":\"required name=search_term_string\"}],\"inLanguage\":\"fr-FR\"},{\"@type\":\"Organization\",\"@id\":\"https:\/\/elevatesurf.ch\/#organization\",\"name\":\"Elevatesurf\",\"url\":\"https:\/\/elevatesurf.ch\/\",\"logo\":{\"@type\":\"ImageObject\",\"inLanguage\":\"fr-FR\",\"@id\":\"https:\/\/elevatesurf.ch\/#\/schema\/logo\/image\/\",\"url\":\"https:\/\/elevatesurf.ch\/wp-content\/uploads\/2024\/06\/67c2ec70-bdf5-4c14-898a-ded5b2051398.jpg\",\"contentUrl\":\"https:\/\/elevatesurf.ch\/wp-content\/uploads\/2024\/06\/67c2ec70-bdf5-4c14-898a-ded5b2051398.jpg\",\"width\":1024,\"height\":1024,\"caption\":\"Elevatesurf\"},\"image\":{\"@id\":\"https:\/\/elevatesurf.ch\/#\/schema\/logo\/image\/\"},\"sameAs\":[\"https:\/\/www.instagram.com\/elevate__surf\/\"]}]}<\/script>\n<!-- \/ Yoast SEO plugin. -->","yoast_head_json":{"title":"PLANE IC6 950 V3 + PACK ALU MAST 85 CM - Elevatesurf","description":"Elevatesurf PLANE IC6 950 V3 + PACK ALU MAST 85 CM","robots":{"index":"index","follow":"follow","max-snippet":"max-snippet:-1","max-image-preview":"max-image-preview:large","max-video-preview":"max-video-preview:-1"},"canonical":"https:\/\/elevatesurf.ch\/fr\/product\/plane-ic6-950-v3-pack-alu-mast-85-cm\/","og_locale":"fr_FR","og_type":"article","og_title":"PLANE IC6 950 V3 + PACK ALU MAST 85 CM - Elevatesurf","og_description":"Elevatesurf PLANE IC6 950 V3 + PACK ALU MAST 85 CM","og_url":"https:\/\/elevatesurf.ch\/fr\/product\/plane-ic6-950-v3-pack-alu-mast-85-cm\/","og_site_name":"Elevatesurf","article_modified_time":"2026-05-10T20:31:32+00:00","twitter_card":"summary_large_image","twitter_misc":{"Dur\u00e9e de lecture estim\u00e9e":"2 minutes"},"schema":{"@context":"https:\/\/schema.org","@graph":[{"@type":["WebPage","ItemPage"],"@id":"https:\/\/elevatesurf.ch\/fr\/product\/plane-ic6-950-v3-pack-alu-mast-85-cm\/","url":"https:\/\/elevatesurf.ch\/fr\/product\/plane-ic6-950-v3-pack-alu-mast-85-cm\/","name":"PLANE IC6 950 V3 + PACK ALU MAST 85 CM - Elevatesurf","isPartOf":{"@id":"https:\/\/elevatesurf.ch\/#website"},"primaryImageOfPage":{"@id":"https:\/\/elevatesurf.ch\/fr\/product\/plane-ic6-950-v3-pack-alu-mast-85-cm\/#primaryimage"},"image":{"@id":"https:\/\/elevatesurf.ch\/fr\/product\/plane-ic6-950-v3-pack-alu-mast-85-cm\/#primaryimage"},"thumbnailUrl":"https:\/\/elevatesurf.ch\/wp-content\/uploads\/2026\/05\/plane-ic6-950-v3-pack-alu-mast-85-cm.png","datePublished":"2026-05-10T15:59:28+00:00","dateModified":"2026-05-10T20:31:32+00:00","description":"Elevatesurf PLANE IC6 950 V3 + PACK ALU MAST 85 CM","breadcrumb":{"@id":"https:\/\/elevatesurf.ch\/fr\/product\/plane-ic6-950-v3-pack-alu-mast-85-cm\/#breadcrumb"},"inLanguage":"fr-FR","potentialAction":[{"@type":"ReadAction","target":["https:\/\/elevatesurf.ch\/fr\/product\/plane-ic6-950-v3-pack-alu-mast-85-cm\/"]}]},{"@type":"ImageObject","inLanguage":"fr-FR","@id":"https:\/\/elevatesurf.ch\/fr\/product\/plane-ic6-950-v3-pack-alu-mast-85-cm\/#primaryimage","url":"https:\/\/elevatesurf.ch\/wp-content\/uploads\/2026\/05\/plane-ic6-950-v3-pack-alu-mast-85-cm.png","contentUrl":"https:\/\/elevatesurf.ch\/wp-content\/uploads\/2026\/05\/plane-ic6-950-v3-pack-alu-mast-85-cm.png","width":1200,"height":1200},{"@type":"BreadcrumbList","@id":"https:\/\/elevatesurf.ch\/fr\/product\/plane-ic6-950-v3-pack-alu-mast-85-cm\/#breadcrumb","itemListElement":[{"@type":"ListItem","position":1,"name":"Accueil","item":"https:\/\/elevatesurf.ch\/"},{"@type":"ListItem","position":2,"name":"Shop &#8211; \u00c9levez Votre Exp\u00e9rience de Surf avec Notre Collection","item":"https:\/\/elevatesurf.ch\/shop\/"},{"@type":"ListItem","position":3,"name":"PLANE IC6 950 V3 + PACK ALU MAST 85 CM"}]},{"@type":"WebSite","@id":"https:\/\/elevatesurf.ch\/#website","url":"https:\/\/elevatesurf.ch\/","name":"Elevatesurf","description":"Surfez vers de nouveaux sommets avec ElevateSurf ! Kiteshop, Wingshop","publisher":{"@id":"https:\/\/elevatesurf.ch\/#organization"},"potentialAction":[{"@type":"SearchAction","target":{"@type":"EntryPoint","urlTemplate":"https:\/\/elevatesurf.ch\/?s={search_term_string}"},"query-input":"required name=search_term_string"}],"inLanguage":"fr-FR"},{"@type":"Organization","@id":"https:\/\/elevatesurf.ch\/#organization","name":"Elevatesurf","url":"https:\/\/elevatesurf.ch\/","logo":{"@type":"ImageObject","inLanguage":"fr-FR","@id":"https:\/\/elevatesurf.ch\/#\/schema\/logo\/image\/","url":"https:\/\/elevatesurf.ch\/wp-content\/uploads\/2024\/06\/67c2ec70-bdf5-4c14-898a-ded5b2051398.jpg","contentUrl":"https:\/\/elevatesurf.ch\/wp-content\/uploads\/2024\/06\/67c2ec70-bdf5-4c14-898a-ded5b2051398.jpg","width":1024,"height":1024,"caption":"Elevatesurf"},"image":{"@id":"https:\/\/elevatesurf.ch\/#\/schema\/logo\/image\/"},"sameAs":["https:\/\/www.instagram.com\/elevate__surf\/"]}]}},"_links":{"self":[{"href":"https:\/\/elevatesurf.ch\/fr\/wp-json\/wp\/v2\/product\/26586","targetHints":{"allow":["GET"]}}],"collection":[{"href":"https:\/\/elevatesurf.ch\/fr\/wp-json\/wp\/v2\/product"}],"about":[{"href":"https:\/\/elevatesurf.ch\/fr\/wp-json\/wp\/v2\/types\/product"}],"replies":[{"embeddable":true,"href":"https:\/\/elevatesurf.ch\/fr\/wp-json\/wp\/v2\/comments?post=26586"}],"wp:featuredmedia":[{"embeddable":true,"href":"https:\/\/elevatesurf.ch\/fr\/wp-json\/wp\/v2\/media\/26580"}],"wp:attachment":[{"href":"https:\/\/elevatesurf.ch\/fr\/wp-json\/wp\/v2\/media?parent=26586"}],"wp:term":[{"taxonomy":"product_cat","embeddable":true,"href":"https:\/\/elevatesurf.ch\/fr\/wp-json\/wp\/v2\/product_cat?post=26586"},{"taxonomy":"product_tag","embeddable":true,"href":"https:\/\/elevatesurf.ch\/fr\/wp-json\/wp\/v2\/product_tag?post=26586"}],"curies":[{"name":"wp","href":"https:\/\/api.w.org\/{rel}","templated":true}]}}