{"id":26756,"date":"2026-05-10T16:03:54","date_gmt":"2026-05-10T16:03:54","guid":{"rendered":"https:\/\/elevatesurf.ch\/fr\/product\/rocket-free-surf\/"},"modified":"2026-05-10T20:32:12","modified_gmt":"2026-05-10T20:32:12","slug":"rocket-free-surf","status":"publish","type":"product","link":"https:\/\/elevatesurf.ch\/fr\/product\/rocket-free-surf\/","title":{"rendered":"ROCKET FREE SURF"},"content":{"rendered":"<p class=\"MsoNormal\">Avec l&rsquo;\u00e9mergence de nouvelles disciplines telles que la K-Wing et la pocket wing, qui offrent la libert\u00e9 de rider avec un minimum d&rsquo;encombrement, beaucoup se tourneront naturellement vers le surf au large, pour carver les vagues ou les bumps avec style et pr\u00e9cision. Cette planche est con\u00e7ue exactement pour cela : elle vous offre la stabilit\u00e9 dont vous avez besoin au take-off, tout en \u00e9tant enti\u00e8rement d\u00e9di\u00e9e au carving une fois que vous \u00eates en l\u2019air.<\/p>\n<\/p>\n<p class=\"MsoNormal\">Ainsi, la ROCKET FREE SURF reprend tout ce qui a fait le succ\u00e8s de la ROCKET SURF PRONE : un outline allong\u00e9 qui facilite les take-offs, une r\u00e9partition optimis\u00e9e du volume et un rake soigneusement r\u00e9gl\u00e9 qui cr\u00e9e un appui parfait des pieds avant\/arri\u00e8re. Combin\u00e9 \u00e0 une \u00e9paisseur r\u00e9duite, cela offre un excellent contr\u00f4le en vol.<\/p>\n<\/p>\n<p class=\"MsoNormal\">Le rocker tendu <a><\/a>facilite la prise de vitesse au take-off tandis que les bevels lat\u00e9raux rendent les touchettes plus tol\u00e9rantes et permettent des turns plus agressifs et engag\u00e9s. Le nose l\u00e9g\u00e8rement plus plat am\u00e9liore \u00e0 la fois le contr\u00f4le et l&rsquo;efficacit\u00e9 au pumping, tandis que le nose et le tail effil\u00e9s facilitent la maniabilit\u00e9 et \u00e9vitent de toucher l\u2019eau lors des virages.<\/p>\n<\/p>\n<p class=\"MsoNormal\">Le step arri\u00e8re et le kicktail lib\u00e8rent les \u00e9coulements et augmentent l&rsquo;amplitude au pumping. Enfin, le pont a \u00e9t\u00e9 l\u00e9g\u00e8rement \u00e9largi et revu afin d&rsquo;am\u00e9liorer le placement des pieds et la stabilit\u00e9 g\u00e9n\u00e9rale.<\/p>\n<\/p>\n<p class=\"MsoNormal\">Compar\u00e9e \u00e0 la FREE DOWNWIND, la FREE SURF est une planche plus agile gr\u00e2ce \u00e0 son nose et sa car\u00e8ne effil\u00e9s, son \u00e9paisseur r\u00e9duite et son appui \u00e9quilibr\u00e9 sous les pieds. Cette combinaison offre une excellente stabilit\u00e9 en pitch, m\u00eame lors des virages les plus puissants.<\/p>\n<\/p>\n<p class=\"MsoNormal\">Construite avec notre Bamboo Deck Construction, la planche reste l\u00e9g\u00e8re et r\u00e9active tout en conservant solidit\u00e9 et durabilit\u00e9. La sensation du foil est tr\u00e8s directe et le contr\u00f4le est absolu, m\u00eame \u00e0 grande vitesse.<\/p>\n<\/p>\n<p class=\"MsoNormal\">Disponible de 5\u20192 \u00e0 6\u201911 (47L \u00e0 91L), la ROCKET FREE SURF ravira les riders \u00e0 la recherche d\u2019une planche joueuse et maniable, offrant un take-off facile et une glisse excellente pour aller enchainer les virages dans toutes les conditions.<\/p><\/p>\n","protected":false},"excerpt":{"rendered":"<p class=\"MsoNormal\"><i><span lang=\"en-us\" xml:lang=\"en-us\">Flowing freely through infinity<\/span><\/i><\/p>\n<p class=\"MsoNormal\"><i><span lang=\"en-us\" xml:lang=\"en-us\"><\/span><\/i><\/p>\n<p class=\"MsoNormal\">La nouvelle ROCKET FREE SURF allie glisse, maniabilit\u00e9 et contr\u00f4le dans un design affin\u00e9, parfait pour surfer la houle, les bumps ou le clapot, avec ou sans aile. Accessible, r\u00e9active et ultra agr\u00e9able en vol, c\u2019est la board id\u00e9ale pour le prone surf foil, la pocket wing, la K-Wing ou le foil assist.<\/p>\n<ul>\n<li class=\"MsoNormal\"><strong>Con\u00e7ue pour\u00a0<span>carver avec un contr\u00f4le exceptionnel, que vous poussiez fort sur le rail ou que vous surfiez simplement avec du flow<\/span><span><\/span><\/strong><\/li>\n<li class=\"MsoNormal\"><strong><span>Shape compact et allong\u00e9\u00a0<\/span><span>pour une glisse efficace et un surf lib\u00e9r\u00e9<\/span><span><\/span><\/strong><\/li>\n<li class=\"MsoNormal\"><strong><span>Excellent contr\u00f4le\u00a0<\/span><span>et tr\u00e8s bonne maniabilit\u00e9 en vol pour enchainer les turns<\/span><span><\/span><\/strong><\/li>\n<li class=\"MsoNormal\"><strong><span>Acc\u00e9l\u00e9ration\u00a0<\/span><span>rapide et d\u00e9collage facile m\u00eame sous-toil\u00e9<\/span><span><\/span><\/strong><\/li>\n<li class=\"MsoNormal\"><strong><span>Construction\u00a0<\/span><span>l\u00e9g\u00e8re en bambou pour des sensations directes<\/span><\/strong><span><\/span><\/li>\n<\/ul>\n<p><b><\/b><\/p>\n","protected":false},"featured_media":26754,"comment_status":"open","ping_status":"closed","template":"","meta":[],"product_cat":[1020],"product_tag":[],"class_list":{"0":"post-26756","1":"product","2":"type-product","3":"status-publish","4":"has-post-thumbnail","6":"product_cat-foilboard","7":"product_brand-f-one","9":"first","10":"instock","11":"shipping-taxable","12":"purchasable","13":"product-type-variable"},"yoast_head":"<!-- This site is optimized with the Yoast SEO plugin v22.8 - https:\/\/yoast.com\/wordpress\/plugins\/seo\/ -->\n<title>ROCKET FREE SURF - Elevatesurf<\/title>\n<meta name=\"description\" content=\"Elevatesurf ROCKET FREE SURF\" \/>\n<meta name=\"robots\" content=\"index, follow, max-snippet:-1, max-image-preview:large, max-video-preview:-1\" \/>\n<link rel=\"canonical\" href=\"https:\/\/elevatesurf.ch\/fr\/product\/rocket-free-surf\/\" \/>\n<meta property=\"og:locale\" content=\"fr_FR\" \/>\n<meta property=\"og:type\" content=\"article\" \/>\n<meta property=\"og:title\" content=\"ROCKET FREE SURF - Elevatesurf\" \/>\n<meta property=\"og:description\" content=\"Elevatesurf ROCKET FREE SURF\" \/>\n<meta property=\"og:url\" content=\"https:\/\/elevatesurf.ch\/fr\/product\/rocket-free-surf\/\" \/>\n<meta property=\"og:site_name\" content=\"Elevatesurf\" \/>\n<meta property=\"article:modified_time\" content=\"2026-05-10T20:32:12+00:00\" \/>\n<meta name=\"twitter:card\" content=\"summary_large_image\" \/>\n<meta name=\"twitter:label1\" content=\"Dur\u00e9e de lecture estim\u00e9e\" \/>\n\t<meta name=\"twitter:data1\" content=\"2 minutes\" \/>\n<script type=\"application\/ld+json\" class=\"yoast-schema-graph\">{\"@context\":\"https:\/\/schema.org\",\"@graph\":[{\"@type\":[\"WebPage\",\"ItemPage\"],\"@id\":\"https:\/\/elevatesurf.ch\/fr\/product\/rocket-free-surf\/\",\"url\":\"https:\/\/elevatesurf.ch\/fr\/product\/rocket-free-surf\/\",\"name\":\"ROCKET FREE SURF - Elevatesurf\",\"isPartOf\":{\"@id\":\"https:\/\/elevatesurf.ch\/#website\"},\"primaryImageOfPage\":{\"@id\":\"https:\/\/elevatesurf.ch\/fr\/product\/rocket-free-surf\/#primaryimage\"},\"image\":{\"@id\":\"https:\/\/elevatesurf.ch\/fr\/product\/rocket-free-surf\/#primaryimage\"},\"thumbnailUrl\":\"https:\/\/elevatesurf.ch\/wp-content\/uploads\/2026\/05\/rocket-free-surf.png\",\"datePublished\":\"2026-05-10T16:03:54+00:00\",\"dateModified\":\"2026-05-10T20:32:12+00:00\",\"description\":\"Elevatesurf ROCKET FREE SURF\",\"breadcrumb\":{\"@id\":\"https:\/\/elevatesurf.ch\/fr\/product\/rocket-free-surf\/#breadcrumb\"},\"inLanguage\":\"fr-FR\",\"potentialAction\":[{\"@type\":\"ReadAction\",\"target\":[\"https:\/\/elevatesurf.ch\/fr\/product\/rocket-free-surf\/\"]}]},{\"@type\":\"ImageObject\",\"inLanguage\":\"fr-FR\",\"@id\":\"https:\/\/elevatesurf.ch\/fr\/product\/rocket-free-surf\/#primaryimage\",\"url\":\"https:\/\/elevatesurf.ch\/wp-content\/uploads\/2026\/05\/rocket-free-surf.png\",\"contentUrl\":\"https:\/\/elevatesurf.ch\/wp-content\/uploads\/2026\/05\/rocket-free-surf.png\",\"width\":2000,\"height\":2000},{\"@type\":\"BreadcrumbList\",\"@id\":\"https:\/\/elevatesurf.ch\/fr\/product\/rocket-free-surf\/#breadcrumb\",\"itemListElement\":[{\"@type\":\"ListItem\",\"position\":1,\"name\":\"Accueil\",\"item\":\"https:\/\/elevatesurf.ch\/\"},{\"@type\":\"ListItem\",\"position\":2,\"name\":\"Shop &#8211; \u00c9levez Votre Exp\u00e9rience de Surf avec Notre Collection\",\"item\":\"https:\/\/elevatesurf.ch\/shop\/\"},{\"@type\":\"ListItem\",\"position\":3,\"name\":\"ROCKET FREE SURF\"}]},{\"@type\":\"WebSite\",\"@id\":\"https:\/\/elevatesurf.ch\/#website\",\"url\":\"https:\/\/elevatesurf.ch\/\",\"name\":\"Elevatesurf\",\"description\":\"Surfez vers de nouveaux sommets avec ElevateSurf ! Kiteshop, Wingshop\",\"publisher\":{\"@id\":\"https:\/\/elevatesurf.ch\/#organization\"},\"potentialAction\":[{\"@type\":\"SearchAction\",\"target\":{\"@type\":\"EntryPoint\",\"urlTemplate\":\"https:\/\/elevatesurf.ch\/?s={search_term_string}\"},\"query-input\":\"required name=search_term_string\"}],\"inLanguage\":\"fr-FR\"},{\"@type\":\"Organization\",\"@id\":\"https:\/\/elevatesurf.ch\/#organization\",\"name\":\"Elevatesurf\",\"url\":\"https:\/\/elevatesurf.ch\/\",\"logo\":{\"@type\":\"ImageObject\",\"inLanguage\":\"fr-FR\",\"@id\":\"https:\/\/elevatesurf.ch\/#\/schema\/logo\/image\/\",\"url\":\"https:\/\/elevatesurf.ch\/wp-content\/uploads\/2024\/06\/67c2ec70-bdf5-4c14-898a-ded5b2051398.jpg\",\"contentUrl\":\"https:\/\/elevatesurf.ch\/wp-content\/uploads\/2024\/06\/67c2ec70-bdf5-4c14-898a-ded5b2051398.jpg\",\"width\":1024,\"height\":1024,\"caption\":\"Elevatesurf\"},\"image\":{\"@id\":\"https:\/\/elevatesurf.ch\/#\/schema\/logo\/image\/\"},\"sameAs\":[\"https:\/\/www.instagram.com\/elevate__surf\/\"]}]}<\/script>\n<!-- \/ Yoast SEO plugin. -->","yoast_head_json":{"title":"ROCKET FREE SURF - Elevatesurf","description":"Elevatesurf ROCKET FREE SURF","robots":{"index":"index","follow":"follow","max-snippet":"max-snippet:-1","max-image-preview":"max-image-preview:large","max-video-preview":"max-video-preview:-1"},"canonical":"https:\/\/elevatesurf.ch\/fr\/product\/rocket-free-surf\/","og_locale":"fr_FR","og_type":"article","og_title":"ROCKET FREE SURF - Elevatesurf","og_description":"Elevatesurf ROCKET FREE SURF","og_url":"https:\/\/elevatesurf.ch\/fr\/product\/rocket-free-surf\/","og_site_name":"Elevatesurf","article_modified_time":"2026-05-10T20:32:12+00:00","twitter_card":"summary_large_image","twitter_misc":{"Dur\u00e9e de lecture estim\u00e9e":"2 minutes"},"schema":{"@context":"https:\/\/schema.org","@graph":[{"@type":["WebPage","ItemPage"],"@id":"https:\/\/elevatesurf.ch\/fr\/product\/rocket-free-surf\/","url":"https:\/\/elevatesurf.ch\/fr\/product\/rocket-free-surf\/","name":"ROCKET FREE SURF - Elevatesurf","isPartOf":{"@id":"https:\/\/elevatesurf.ch\/#website"},"primaryImageOfPage":{"@id":"https:\/\/elevatesurf.ch\/fr\/product\/rocket-free-surf\/#primaryimage"},"image":{"@id":"https:\/\/elevatesurf.ch\/fr\/product\/rocket-free-surf\/#primaryimage"},"thumbnailUrl":"https:\/\/elevatesurf.ch\/wp-content\/uploads\/2026\/05\/rocket-free-surf.png","datePublished":"2026-05-10T16:03:54+00:00","dateModified":"2026-05-10T20:32:12+00:00","description":"Elevatesurf ROCKET FREE SURF","breadcrumb":{"@id":"https:\/\/elevatesurf.ch\/fr\/product\/rocket-free-surf\/#breadcrumb"},"inLanguage":"fr-FR","potentialAction":[{"@type":"ReadAction","target":["https:\/\/elevatesurf.ch\/fr\/product\/rocket-free-surf\/"]}]},{"@type":"ImageObject","inLanguage":"fr-FR","@id":"https:\/\/elevatesurf.ch\/fr\/product\/rocket-free-surf\/#primaryimage","url":"https:\/\/elevatesurf.ch\/wp-content\/uploads\/2026\/05\/rocket-free-surf.png","contentUrl":"https:\/\/elevatesurf.ch\/wp-content\/uploads\/2026\/05\/rocket-free-surf.png","width":2000,"height":2000},{"@type":"BreadcrumbList","@id":"https:\/\/elevatesurf.ch\/fr\/product\/rocket-free-surf\/#breadcrumb","itemListElement":[{"@type":"ListItem","position":1,"name":"Accueil","item":"https:\/\/elevatesurf.ch\/"},{"@type":"ListItem","position":2,"name":"Shop &#8211; \u00c9levez Votre Exp\u00e9rience de Surf avec Notre Collection","item":"https:\/\/elevatesurf.ch\/shop\/"},{"@type":"ListItem","position":3,"name":"ROCKET FREE SURF"}]},{"@type":"WebSite","@id":"https:\/\/elevatesurf.ch\/#website","url":"https:\/\/elevatesurf.ch\/","name":"Elevatesurf","description":"Surfez vers de nouveaux sommets avec ElevateSurf ! Kiteshop, Wingshop","publisher":{"@id":"https:\/\/elevatesurf.ch\/#organization"},"potentialAction":[{"@type":"SearchAction","target":{"@type":"EntryPoint","urlTemplate":"https:\/\/elevatesurf.ch\/?s={search_term_string}"},"query-input":"required name=search_term_string"}],"inLanguage":"fr-FR"},{"@type":"Organization","@id":"https:\/\/elevatesurf.ch\/#organization","name":"Elevatesurf","url":"https:\/\/elevatesurf.ch\/","logo":{"@type":"ImageObject","inLanguage":"fr-FR","@id":"https:\/\/elevatesurf.ch\/#\/schema\/logo\/image\/","url":"https:\/\/elevatesurf.ch\/wp-content\/uploads\/2024\/06\/67c2ec70-bdf5-4c14-898a-ded5b2051398.jpg","contentUrl":"https:\/\/elevatesurf.ch\/wp-content\/uploads\/2024\/06\/67c2ec70-bdf5-4c14-898a-ded5b2051398.jpg","width":1024,"height":1024,"caption":"Elevatesurf"},"image":{"@id":"https:\/\/elevatesurf.ch\/#\/schema\/logo\/image\/"},"sameAs":["https:\/\/www.instagram.com\/elevate__surf\/"]}]}},"_links":{"self":[{"href":"https:\/\/elevatesurf.ch\/fr\/wp-json\/wp\/v2\/product\/26756","targetHints":{"allow":["GET"]}}],"collection":[{"href":"https:\/\/elevatesurf.ch\/fr\/wp-json\/wp\/v2\/product"}],"about":[{"href":"https:\/\/elevatesurf.ch\/fr\/wp-json\/wp\/v2\/types\/product"}],"replies":[{"embeddable":true,"href":"https:\/\/elevatesurf.ch\/fr\/wp-json\/wp\/v2\/comments?post=26756"}],"wp:featuredmedia":[{"embeddable":true,"href":"https:\/\/elevatesurf.ch\/fr\/wp-json\/wp\/v2\/media\/26754"}],"wp:attachment":[{"href":"https:\/\/elevatesurf.ch\/fr\/wp-json\/wp\/v2\/media?parent=26756"}],"wp:term":[{"taxonomy":"product_cat","embeddable":true,"href":"https:\/\/elevatesurf.ch\/fr\/wp-json\/wp\/v2\/product_cat?post=26756"},{"taxonomy":"product_tag","embeddable":true,"href":"https:\/\/elevatesurf.ch\/fr\/wp-json\/wp\/v2\/product_tag?post=26756"}],"curies":[{"name":"wp","href":"https:\/\/api.w.org\/{rel}","templated":true}]}}