{"id":26898,"date":"2026-05-10T16:07:18","date_gmt":"2026-05-10T16:07:18","guid":{"rendered":"https:\/\/elevatesurf.ch\/fr\/product\/rocket-wing-midlength\/"},"modified":"2026-05-10T20:32:54","modified_gmt":"2026-05-10T20:32:54","slug":"rocket-wing-midlength","status":"publish","type":"product","link":"https:\/\/elevatesurf.ch\/fr\/product\/rocket-wing-midlength\/","title":{"rendered":"ROCKET WING MIDLENGTH"},"content":{"rendered":"<p class=\"p1\"><span><span>En troquant de l\u2019\u00e9paisseur pour plus de longueur, cette nouvelle version de la MIDLENGTH offre d\u00e9sormais un meilleur \u00e9quilibre et une meilleure glisse dans le vent l\u00e9ger. L\u2019am\u00e9lioration de la r\u00e9partition du volume, en particulier au niveau du nose, apporte une plus grande stabilit\u00e9, tandis que la car\u00e8ne plus arrondie \u00e0 l\u2019avant am\u00e9liore la glisse, ce qui permet des take-offs et des touchettes tout en douceur.<\/span><\/span><\/p>\n<p class=\"p1\"><span><span>\u00a0<\/span><\/span><\/p>\n<p class=\"p1\"><span><span>Gr\u00e2ce \u00e0 un tail l\u00e9g\u00e8rement plus large, la stabilit\u00e9 est pr\u00e9serv\u00e9e tandis que l\u2019outline fin et les rails parall\u00e8les favorisent la glisse et la vitesse au d\u00e9collage. Le step sur la car\u00e8ne pr\u00e8s du tail cr\u00e9e une rupture franche pour canaliser les \u00e9coulements vers l\u2019arri\u00e8re sans g\u00e9n\u00e9rer une tra\u00een\u00e9e excessive en mouvement. La suppression du deuxi\u00e8me step, auparavant situ\u00e9 plus au centre devant les twin tracks, rend la planche compatible avec les Foil Drives.<\/span><\/span><\/p>\n<p class=\"p1\"><span><span>\u00a0<\/span><\/span><\/p>\n<p class=\"p1\"><span><span>Le design retravaill\u00e9 de la planche permet de r\u00e9duire le volume de chaque taille de planche par rapport \u00e0 la premi\u00e8re \u00e9dition. Par exemple, l\u2019ancienne MIDLENGTH de 5\u201910 \u00e9quivaut \u00e0 une 6\u20192 dans cette nouvelle gamme, b\u00e9n\u00e9ficiant d\u2019un volume de 95 litres contre 120 pour la m\u00eame taille auparavant.<\/span><\/span><\/p>\n<p class=\"p1\"><span><span>\u00a0<\/span><\/span><\/p>\n<p class=\"p1\"><span><span>Les nouvelles MIDLENGTH continuent de briller dans les vents l\u00e9gers, mais de nombreux riders les appr\u00e9cieront dans une vari\u00e9t\u00e9 de conditions gr\u00e2ce \u00e0 leur faible largeur. La largeur r\u00e9duite facilite \u00e9galement le carving et la prise d\u2019angle. Ces planches peuvent maintenant \u00eatre utilis\u00e9es comme SUP par les riders avanc\u00e9s qui recherchent des shapes agiles dans les vagues ou pour les downwinds courts.<\/span><\/span><\/p>\n<p class=\"p1\"><span><span>\u00a0<\/span><\/span><\/p>\n<p class=\"p1\"><span><span>La ROCKET MIDLENGTH b\u00e9n\u00e9ficie d\u2019une construction ultral\u00e9g\u00e8re en bambou. En utilisant une couche de bambou uniquement sur le pont, cette construction a \u00e9t\u00e9 optimis\u00e9e pour garantir que la planche soit aussi l\u00e9g\u00e8re que possible, tout en assurant sa solidit\u00e9 et sa durabilit\u00e9. La sensation du foil est tr\u00e8s directe et le contr\u00f4le est absolu, m\u00eame \u00e0 grande vitesse.<\/span><\/span><\/p>\n<p class=\"p1\"><span><span>\u00a0<\/span><\/span><\/p>\n<p class=\"p1\"><span><span>Tr\u00e8s accessible, la ROCKET WING MIDLENGTH est le meilleur choix pour les riders qui veulent profiter au maximum de chaque session dans le vent l\u00e9ger.<\/span><\/span><\/p>\n","protected":false},"excerpt":{"rendered":"<p class=\"p1\">Avec un shape affin\u00e9 et une longueur accrue, les nouvelles ROCKET WING MIDLENGTH offrent une stabilit\u00e9 renforc\u00e9e et une\u00a0meilleure glisse, ce qui en fait la planche parfaite pour des sessions dans le petit temps.\u00a0<span class=\"Apple-converted-space\">\u00a0<\/span>La gamme a \u00e9galement \u00e9t\u00e9 \u00e9largie, allant maintenant de 5\u201910 \u00e0 6\u201910 et offrant ainsi encore plus d\u2019options pour s\u2019adapter aux diff\u00e9rents styles et conditions.<\/p>\n<ul class=\"ul1\">\n<li class=\"li1\"><span>Le meilleur choix pour le vent l\u00e9ger<\/span><\/li>\n<li class=\"li1\"><span>Nouveau shape pour plus de glisse, de stabilit\u00e9 et un meilleur contr\u00f4le du foil<\/span><\/li>\n<li class=\"li1\"><span>Gamme de volumes et de tailles \u00e9largie<\/span><\/li>\n<li class=\"li1\"><span>Construction l\u00e9g\u00e8re en bambou pour des sensations directes<\/span><\/li>\n<\/ul>\n","protected":false},"featured_media":26896,"comment_status":"open","ping_status":"closed","template":"","meta":[],"product_cat":[1020],"product_tag":[],"class_list":{"0":"post-26898","1":"product","2":"type-product","3":"status-publish","4":"has-post-thumbnail","6":"product_cat-foilboard","7":"product_brand-f-one","9":"first","10":"instock","11":"shipping-taxable","12":"purchasable","13":"product-type-variable"},"yoast_head":"<!-- This site is optimized with the Yoast SEO plugin v22.8 - https:\/\/yoast.com\/wordpress\/plugins\/seo\/ -->\n<title>ROCKET WING MIDLENGTH - Elevatesurf<\/title>\n<meta name=\"description\" content=\"Elevatesurf ROCKET WING MIDLENGTH\" \/>\n<meta name=\"robots\" content=\"index, follow, max-snippet:-1, max-image-preview:large, max-video-preview:-1\" \/>\n<link rel=\"canonical\" href=\"https:\/\/elevatesurf.ch\/fr\/product\/rocket-wing-midlength\/\" \/>\n<meta property=\"og:locale\" content=\"fr_FR\" \/>\n<meta property=\"og:type\" content=\"article\" \/>\n<meta property=\"og:title\" content=\"ROCKET WING MIDLENGTH - Elevatesurf\" \/>\n<meta property=\"og:description\" content=\"Elevatesurf ROCKET WING MIDLENGTH\" \/>\n<meta property=\"og:url\" content=\"https:\/\/elevatesurf.ch\/fr\/product\/rocket-wing-midlength\/\" \/>\n<meta property=\"og:site_name\" content=\"Elevatesurf\" \/>\n<meta property=\"article:modified_time\" content=\"2026-05-10T20:32:54+00:00\" \/>\n<meta name=\"twitter:card\" content=\"summary_large_image\" \/>\n<meta name=\"twitter:label1\" content=\"Dur\u00e9e de lecture estim\u00e9e\" \/>\n\t<meta name=\"twitter:data1\" content=\"2 minutes\" \/>\n<script type=\"application\/ld+json\" class=\"yoast-schema-graph\">{\"@context\":\"https:\/\/schema.org\",\"@graph\":[{\"@type\":[\"WebPage\",\"ItemPage\"],\"@id\":\"https:\/\/elevatesurf.ch\/fr\/product\/rocket-wing-midlength\/\",\"url\":\"https:\/\/elevatesurf.ch\/fr\/product\/rocket-wing-midlength\/\",\"name\":\"ROCKET WING MIDLENGTH - Elevatesurf\",\"isPartOf\":{\"@id\":\"https:\/\/elevatesurf.ch\/#website\"},\"primaryImageOfPage\":{\"@id\":\"https:\/\/elevatesurf.ch\/fr\/product\/rocket-wing-midlength\/#primaryimage\"},\"image\":{\"@id\":\"https:\/\/elevatesurf.ch\/fr\/product\/rocket-wing-midlength\/#primaryimage\"},\"thumbnailUrl\":\"https:\/\/elevatesurf.ch\/wp-content\/uploads\/2026\/05\/rocket-wing-midlength.jpg\",\"datePublished\":\"2026-05-10T16:07:18+00:00\",\"dateModified\":\"2026-05-10T20:32:54+00:00\",\"description\":\"Elevatesurf ROCKET WING MIDLENGTH\",\"breadcrumb\":{\"@id\":\"https:\/\/elevatesurf.ch\/fr\/product\/rocket-wing-midlength\/#breadcrumb\"},\"inLanguage\":\"fr-FR\",\"potentialAction\":[{\"@type\":\"ReadAction\",\"target\":[\"https:\/\/elevatesurf.ch\/fr\/product\/rocket-wing-midlength\/\"]}]},{\"@type\":\"ImageObject\",\"inLanguage\":\"fr-FR\",\"@id\":\"https:\/\/elevatesurf.ch\/fr\/product\/rocket-wing-midlength\/#primaryimage\",\"url\":\"https:\/\/elevatesurf.ch\/wp-content\/uploads\/2026\/05\/rocket-wing-midlength.jpg\",\"contentUrl\":\"https:\/\/elevatesurf.ch\/wp-content\/uploads\/2026\/05\/rocket-wing-midlength.jpg\",\"width\":800,\"height\":800},{\"@type\":\"BreadcrumbList\",\"@id\":\"https:\/\/elevatesurf.ch\/fr\/product\/rocket-wing-midlength\/#breadcrumb\",\"itemListElement\":[{\"@type\":\"ListItem\",\"position\":1,\"name\":\"Accueil\",\"item\":\"https:\/\/elevatesurf.ch\/\"},{\"@type\":\"ListItem\",\"position\":2,\"name\":\"Shop &#8211; \u00c9levez Votre Exp\u00e9rience de Surf avec Notre Collection\",\"item\":\"https:\/\/elevatesurf.ch\/shop\/\"},{\"@type\":\"ListItem\",\"position\":3,\"name\":\"ROCKET WING MIDLENGTH\"}]},{\"@type\":\"WebSite\",\"@id\":\"https:\/\/elevatesurf.ch\/#website\",\"url\":\"https:\/\/elevatesurf.ch\/\",\"name\":\"Elevatesurf\",\"description\":\"Surfez vers de nouveaux sommets avec ElevateSurf ! Kiteshop, Wingshop\",\"publisher\":{\"@id\":\"https:\/\/elevatesurf.ch\/#organization\"},\"potentialAction\":[{\"@type\":\"SearchAction\",\"target\":{\"@type\":\"EntryPoint\",\"urlTemplate\":\"https:\/\/elevatesurf.ch\/?s={search_term_string}\"},\"query-input\":\"required name=search_term_string\"}],\"inLanguage\":\"fr-FR\"},{\"@type\":\"Organization\",\"@id\":\"https:\/\/elevatesurf.ch\/#organization\",\"name\":\"Elevatesurf\",\"url\":\"https:\/\/elevatesurf.ch\/\",\"logo\":{\"@type\":\"ImageObject\",\"inLanguage\":\"fr-FR\",\"@id\":\"https:\/\/elevatesurf.ch\/#\/schema\/logo\/image\/\",\"url\":\"https:\/\/elevatesurf.ch\/wp-content\/uploads\/2024\/06\/67c2ec70-bdf5-4c14-898a-ded5b2051398.jpg\",\"contentUrl\":\"https:\/\/elevatesurf.ch\/wp-content\/uploads\/2024\/06\/67c2ec70-bdf5-4c14-898a-ded5b2051398.jpg\",\"width\":1024,\"height\":1024,\"caption\":\"Elevatesurf\"},\"image\":{\"@id\":\"https:\/\/elevatesurf.ch\/#\/schema\/logo\/image\/\"},\"sameAs\":[\"https:\/\/www.instagram.com\/elevate__surf\/\"]}]}<\/script>\n<!-- \/ Yoast SEO plugin. -->","yoast_head_json":{"title":"ROCKET WING MIDLENGTH - Elevatesurf","description":"Elevatesurf ROCKET WING MIDLENGTH","robots":{"index":"index","follow":"follow","max-snippet":"max-snippet:-1","max-image-preview":"max-image-preview:large","max-video-preview":"max-video-preview:-1"},"canonical":"https:\/\/elevatesurf.ch\/fr\/product\/rocket-wing-midlength\/","og_locale":"fr_FR","og_type":"article","og_title":"ROCKET WING MIDLENGTH - Elevatesurf","og_description":"Elevatesurf ROCKET WING MIDLENGTH","og_url":"https:\/\/elevatesurf.ch\/fr\/product\/rocket-wing-midlength\/","og_site_name":"Elevatesurf","article_modified_time":"2026-05-10T20:32:54+00:00","twitter_card":"summary_large_image","twitter_misc":{"Dur\u00e9e de lecture estim\u00e9e":"2 minutes"},"schema":{"@context":"https:\/\/schema.org","@graph":[{"@type":["WebPage","ItemPage"],"@id":"https:\/\/elevatesurf.ch\/fr\/product\/rocket-wing-midlength\/","url":"https:\/\/elevatesurf.ch\/fr\/product\/rocket-wing-midlength\/","name":"ROCKET WING MIDLENGTH - Elevatesurf","isPartOf":{"@id":"https:\/\/elevatesurf.ch\/#website"},"primaryImageOfPage":{"@id":"https:\/\/elevatesurf.ch\/fr\/product\/rocket-wing-midlength\/#primaryimage"},"image":{"@id":"https:\/\/elevatesurf.ch\/fr\/product\/rocket-wing-midlength\/#primaryimage"},"thumbnailUrl":"https:\/\/elevatesurf.ch\/wp-content\/uploads\/2026\/05\/rocket-wing-midlength.jpg","datePublished":"2026-05-10T16:07:18+00:00","dateModified":"2026-05-10T20:32:54+00:00","description":"Elevatesurf ROCKET WING MIDLENGTH","breadcrumb":{"@id":"https:\/\/elevatesurf.ch\/fr\/product\/rocket-wing-midlength\/#breadcrumb"},"inLanguage":"fr-FR","potentialAction":[{"@type":"ReadAction","target":["https:\/\/elevatesurf.ch\/fr\/product\/rocket-wing-midlength\/"]}]},{"@type":"ImageObject","inLanguage":"fr-FR","@id":"https:\/\/elevatesurf.ch\/fr\/product\/rocket-wing-midlength\/#primaryimage","url":"https:\/\/elevatesurf.ch\/wp-content\/uploads\/2026\/05\/rocket-wing-midlength.jpg","contentUrl":"https:\/\/elevatesurf.ch\/wp-content\/uploads\/2026\/05\/rocket-wing-midlength.jpg","width":800,"height":800},{"@type":"BreadcrumbList","@id":"https:\/\/elevatesurf.ch\/fr\/product\/rocket-wing-midlength\/#breadcrumb","itemListElement":[{"@type":"ListItem","position":1,"name":"Accueil","item":"https:\/\/elevatesurf.ch\/"},{"@type":"ListItem","position":2,"name":"Shop &#8211; \u00c9levez Votre Exp\u00e9rience de Surf avec Notre Collection","item":"https:\/\/elevatesurf.ch\/shop\/"},{"@type":"ListItem","position":3,"name":"ROCKET WING MIDLENGTH"}]},{"@type":"WebSite","@id":"https:\/\/elevatesurf.ch\/#website","url":"https:\/\/elevatesurf.ch\/","name":"Elevatesurf","description":"Surfez vers de nouveaux sommets avec ElevateSurf ! Kiteshop, Wingshop","publisher":{"@id":"https:\/\/elevatesurf.ch\/#organization"},"potentialAction":[{"@type":"SearchAction","target":{"@type":"EntryPoint","urlTemplate":"https:\/\/elevatesurf.ch\/?s={search_term_string}"},"query-input":"required name=search_term_string"}],"inLanguage":"fr-FR"},{"@type":"Organization","@id":"https:\/\/elevatesurf.ch\/#organization","name":"Elevatesurf","url":"https:\/\/elevatesurf.ch\/","logo":{"@type":"ImageObject","inLanguage":"fr-FR","@id":"https:\/\/elevatesurf.ch\/#\/schema\/logo\/image\/","url":"https:\/\/elevatesurf.ch\/wp-content\/uploads\/2024\/06\/67c2ec70-bdf5-4c14-898a-ded5b2051398.jpg","contentUrl":"https:\/\/elevatesurf.ch\/wp-content\/uploads\/2024\/06\/67c2ec70-bdf5-4c14-898a-ded5b2051398.jpg","width":1024,"height":1024,"caption":"Elevatesurf"},"image":{"@id":"https:\/\/elevatesurf.ch\/#\/schema\/logo\/image\/"},"sameAs":["https:\/\/www.instagram.com\/elevate__surf\/"]}]}},"_links":{"self":[{"href":"https:\/\/elevatesurf.ch\/fr\/wp-json\/wp\/v2\/product\/26898","targetHints":{"allow":["GET"]}}],"collection":[{"href":"https:\/\/elevatesurf.ch\/fr\/wp-json\/wp\/v2\/product"}],"about":[{"href":"https:\/\/elevatesurf.ch\/fr\/wp-json\/wp\/v2\/types\/product"}],"replies":[{"embeddable":true,"href":"https:\/\/elevatesurf.ch\/fr\/wp-json\/wp\/v2\/comments?post=26898"}],"wp:featuredmedia":[{"embeddable":true,"href":"https:\/\/elevatesurf.ch\/fr\/wp-json\/wp\/v2\/media\/26896"}],"wp:attachment":[{"href":"https:\/\/elevatesurf.ch\/fr\/wp-json\/wp\/v2\/media?parent=26898"}],"wp:term":[{"taxonomy":"product_cat","embeddable":true,"href":"https:\/\/elevatesurf.ch\/fr\/wp-json\/wp\/v2\/product_cat?post=26898"},{"taxonomy":"product_tag","embeddable":true,"href":"https:\/\/elevatesurf.ch\/fr\/wp-json\/wp\/v2\/product_tag?post=26898"}],"curies":[{"name":"wp","href":"https:\/\/api.w.org\/{rel}","templated":true}]}}