{"id":26959,"date":"2026-05-10T16:08:33","date_gmt":"2026-05-10T16:08:33","guid":{"rendered":"https:\/\/elevatesurf.ch\/fr\/product\/plane-gravity-fct-1800-stab-r275\/"},"modified":"2026-05-10T20:33:10","modified_gmt":"2026-05-10T20:33:10","slug":"plane-gravity-fct-1800-stab-r275","status":"publish","type":"product","link":"https:\/\/elevatesurf.ch\/fr\/product\/plane-gravity-fct-1800-stab-r275\/","title":{"rendered":"PLANE GRAVITY FCT 1800 (STAB R275)"},"content":{"rendered":"","protected":false},"excerpt":{"rendered":"<p>Les foils de la gamme GRAVITY FCT sont con\u00e7us pour fournir une portance rassurante avec un d\u00e9collage progressif et en douceur. La GRAVITY FCT est id\u00e9ale pour d\u00e9buter et progresser.<\/p>\n<ul>\n<li><span>Aspect Ratio: 5.0<\/span><\/li>\n<li><span>Accessible et fiable<\/span><\/li>\n<li><span>D\u00e9collage en douceur et progressif \u00e0 basse vitesse<\/span><\/li>\n<li><span>Stabilit\u00e9 et portance<\/span><\/li>\n<li><span>Bon contr\u00f4le de la vitesse<\/span><\/li>\n<\/ul>\n","protected":false},"featured_media":26955,"comment_status":"open","ping_status":"closed","template":"","meta":[],"product_cat":[1040,1046],"product_tag":[],"class_list":{"0":"post-26959","1":"product","2":"type-product","3":"status-publish","4":"has-post-thumbnail","6":"product_cat-foil","7":"product_cat-plane","8":"product_brand-f-one","10":"first","11":"instock","12":"shipping-taxable","13":"purchasable","14":"product-type-simple"},"yoast_head":"<!-- This site is optimized with the Yoast SEO plugin v22.8 - https:\/\/yoast.com\/wordpress\/plugins\/seo\/ -->\n<title>PLANE GRAVITY FCT 1800 (STAB R275) - Elevatesurf<\/title>\n<meta name=\"description\" content=\"Elevatesurf PLANE GRAVITY FCT 1800 (STAB R275)\" \/>\n<meta name=\"robots\" content=\"index, follow, max-snippet:-1, max-image-preview:large, max-video-preview:-1\" \/>\n<link rel=\"canonical\" href=\"https:\/\/elevatesurf.ch\/fr\/product\/plane-gravity-fct-1800-stab-r275\/\" \/>\n<meta property=\"og:locale\" content=\"fr_FR\" \/>\n<meta property=\"og:type\" content=\"article\" \/>\n<meta property=\"og:title\" content=\"PLANE GRAVITY FCT 1800 (STAB R275) - Elevatesurf\" \/>\n<meta property=\"og:description\" content=\"Elevatesurf PLANE GRAVITY FCT 1800 (STAB R275)\" \/>\n<meta property=\"og:url\" content=\"https:\/\/elevatesurf.ch\/fr\/product\/plane-gravity-fct-1800-stab-r275\/\" \/>\n<meta property=\"og:site_name\" content=\"Elevatesurf\" \/>\n<meta property=\"article:modified_time\" content=\"2026-05-10T20:33:10+00:00\" \/>\n<meta name=\"twitter:card\" content=\"summary_large_image\" \/>\n<script type=\"application\/ld+json\" class=\"yoast-schema-graph\">{\"@context\":\"https:\/\/schema.org\",\"@graph\":[{\"@type\":[\"WebPage\",\"ItemPage\"],\"@id\":\"https:\/\/elevatesurf.ch\/fr\/product\/plane-gravity-fct-1800-stab-r275\/\",\"url\":\"https:\/\/elevatesurf.ch\/fr\/product\/plane-gravity-fct-1800-stab-r275\/\",\"name\":\"PLANE GRAVITY FCT 1800 (STAB R275) - Elevatesurf\",\"isPartOf\":{\"@id\":\"https:\/\/elevatesurf.ch\/#website\"},\"primaryImageOfPage\":{\"@id\":\"https:\/\/elevatesurf.ch\/fr\/product\/plane-gravity-fct-1800-stab-r275\/#primaryimage\"},\"image\":{\"@id\":\"https:\/\/elevatesurf.ch\/fr\/product\/plane-gravity-fct-1800-stab-r275\/#primaryimage\"},\"thumbnailUrl\":\"https:\/\/elevatesurf.ch\/wp-content\/uploads\/2026\/05\/plane-gravity-fct-1800-stab-r275.png\",\"datePublished\":\"2026-05-10T16:08:33+00:00\",\"dateModified\":\"2026-05-10T20:33:10+00:00\",\"description\":\"Elevatesurf PLANE GRAVITY FCT 1800 (STAB R275)\",\"breadcrumb\":{\"@id\":\"https:\/\/elevatesurf.ch\/fr\/product\/plane-gravity-fct-1800-stab-r275\/#breadcrumb\"},\"inLanguage\":\"fr-FR\",\"potentialAction\":[{\"@type\":\"ReadAction\",\"target\":[\"https:\/\/elevatesurf.ch\/fr\/product\/plane-gravity-fct-1800-stab-r275\/\"]}]},{\"@type\":\"ImageObject\",\"inLanguage\":\"fr-FR\",\"@id\":\"https:\/\/elevatesurf.ch\/fr\/product\/plane-gravity-fct-1800-stab-r275\/#primaryimage\",\"url\":\"https:\/\/elevatesurf.ch\/wp-content\/uploads\/2026\/05\/plane-gravity-fct-1800-stab-r275.png\",\"contentUrl\":\"https:\/\/elevatesurf.ch\/wp-content\/uploads\/2026\/05\/plane-gravity-fct-1800-stab-r275.png\",\"width\":800,\"height\":800},{\"@type\":\"BreadcrumbList\",\"@id\":\"https:\/\/elevatesurf.ch\/fr\/product\/plane-gravity-fct-1800-stab-r275\/#breadcrumb\",\"itemListElement\":[{\"@type\":\"ListItem\",\"position\":1,\"name\":\"Accueil\",\"item\":\"https:\/\/elevatesurf.ch\/\"},{\"@type\":\"ListItem\",\"position\":2,\"name\":\"Shop &#8211; \u00c9levez Votre Exp\u00e9rience de Surf avec Notre Collection\",\"item\":\"https:\/\/elevatesurf.ch\/shop\/\"},{\"@type\":\"ListItem\",\"position\":3,\"name\":\"PLANE GRAVITY FCT 1800 (STAB R275)\"}]},{\"@type\":\"WebSite\",\"@id\":\"https:\/\/elevatesurf.ch\/#website\",\"url\":\"https:\/\/elevatesurf.ch\/\",\"name\":\"Elevatesurf\",\"description\":\"Surfez vers de nouveaux sommets avec ElevateSurf ! Kiteshop, Wingshop\",\"publisher\":{\"@id\":\"https:\/\/elevatesurf.ch\/#organization\"},\"potentialAction\":[{\"@type\":\"SearchAction\",\"target\":{\"@type\":\"EntryPoint\",\"urlTemplate\":\"https:\/\/elevatesurf.ch\/?s={search_term_string}\"},\"query-input\":\"required name=search_term_string\"}],\"inLanguage\":\"fr-FR\"},{\"@type\":\"Organization\",\"@id\":\"https:\/\/elevatesurf.ch\/#organization\",\"name\":\"Elevatesurf\",\"url\":\"https:\/\/elevatesurf.ch\/\",\"logo\":{\"@type\":\"ImageObject\",\"inLanguage\":\"fr-FR\",\"@id\":\"https:\/\/elevatesurf.ch\/#\/schema\/logo\/image\/\",\"url\":\"https:\/\/elevatesurf.ch\/wp-content\/uploads\/2024\/06\/67c2ec70-bdf5-4c14-898a-ded5b2051398.jpg\",\"contentUrl\":\"https:\/\/elevatesurf.ch\/wp-content\/uploads\/2024\/06\/67c2ec70-bdf5-4c14-898a-ded5b2051398.jpg\",\"width\":1024,\"height\":1024,\"caption\":\"Elevatesurf\"},\"image\":{\"@id\":\"https:\/\/elevatesurf.ch\/#\/schema\/logo\/image\/\"},\"sameAs\":[\"https:\/\/www.instagram.com\/elevate__surf\/\"]}]}<\/script>\n<!-- \/ Yoast SEO plugin. -->","yoast_head_json":{"title":"PLANE GRAVITY FCT 1800 (STAB R275) - Elevatesurf","description":"Elevatesurf PLANE GRAVITY FCT 1800 (STAB R275)","robots":{"index":"index","follow":"follow","max-snippet":"max-snippet:-1","max-image-preview":"max-image-preview:large","max-video-preview":"max-video-preview:-1"},"canonical":"https:\/\/elevatesurf.ch\/fr\/product\/plane-gravity-fct-1800-stab-r275\/","og_locale":"fr_FR","og_type":"article","og_title":"PLANE GRAVITY FCT 1800 (STAB R275) - Elevatesurf","og_description":"Elevatesurf PLANE GRAVITY FCT 1800 (STAB R275)","og_url":"https:\/\/elevatesurf.ch\/fr\/product\/plane-gravity-fct-1800-stab-r275\/","og_site_name":"Elevatesurf","article_modified_time":"2026-05-10T20:33:10+00:00","twitter_card":"summary_large_image","schema":{"@context":"https:\/\/schema.org","@graph":[{"@type":["WebPage","ItemPage"],"@id":"https:\/\/elevatesurf.ch\/fr\/product\/plane-gravity-fct-1800-stab-r275\/","url":"https:\/\/elevatesurf.ch\/fr\/product\/plane-gravity-fct-1800-stab-r275\/","name":"PLANE GRAVITY FCT 1800 (STAB R275) - Elevatesurf","isPartOf":{"@id":"https:\/\/elevatesurf.ch\/#website"},"primaryImageOfPage":{"@id":"https:\/\/elevatesurf.ch\/fr\/product\/plane-gravity-fct-1800-stab-r275\/#primaryimage"},"image":{"@id":"https:\/\/elevatesurf.ch\/fr\/product\/plane-gravity-fct-1800-stab-r275\/#primaryimage"},"thumbnailUrl":"https:\/\/elevatesurf.ch\/wp-content\/uploads\/2026\/05\/plane-gravity-fct-1800-stab-r275.png","datePublished":"2026-05-10T16:08:33+00:00","dateModified":"2026-05-10T20:33:10+00:00","description":"Elevatesurf PLANE GRAVITY FCT 1800 (STAB R275)","breadcrumb":{"@id":"https:\/\/elevatesurf.ch\/fr\/product\/plane-gravity-fct-1800-stab-r275\/#breadcrumb"},"inLanguage":"fr-FR","potentialAction":[{"@type":"ReadAction","target":["https:\/\/elevatesurf.ch\/fr\/product\/plane-gravity-fct-1800-stab-r275\/"]}]},{"@type":"ImageObject","inLanguage":"fr-FR","@id":"https:\/\/elevatesurf.ch\/fr\/product\/plane-gravity-fct-1800-stab-r275\/#primaryimage","url":"https:\/\/elevatesurf.ch\/wp-content\/uploads\/2026\/05\/plane-gravity-fct-1800-stab-r275.png","contentUrl":"https:\/\/elevatesurf.ch\/wp-content\/uploads\/2026\/05\/plane-gravity-fct-1800-stab-r275.png","width":800,"height":800},{"@type":"BreadcrumbList","@id":"https:\/\/elevatesurf.ch\/fr\/product\/plane-gravity-fct-1800-stab-r275\/#breadcrumb","itemListElement":[{"@type":"ListItem","position":1,"name":"Accueil","item":"https:\/\/elevatesurf.ch\/"},{"@type":"ListItem","position":2,"name":"Shop &#8211; \u00c9levez Votre Exp\u00e9rience de Surf avec Notre Collection","item":"https:\/\/elevatesurf.ch\/shop\/"},{"@type":"ListItem","position":3,"name":"PLANE GRAVITY FCT 1800 (STAB R275)"}]},{"@type":"WebSite","@id":"https:\/\/elevatesurf.ch\/#website","url":"https:\/\/elevatesurf.ch\/","name":"Elevatesurf","description":"Surfez vers de nouveaux sommets avec ElevateSurf ! Kiteshop, Wingshop","publisher":{"@id":"https:\/\/elevatesurf.ch\/#organization"},"potentialAction":[{"@type":"SearchAction","target":{"@type":"EntryPoint","urlTemplate":"https:\/\/elevatesurf.ch\/?s={search_term_string}"},"query-input":"required name=search_term_string"}],"inLanguage":"fr-FR"},{"@type":"Organization","@id":"https:\/\/elevatesurf.ch\/#organization","name":"Elevatesurf","url":"https:\/\/elevatesurf.ch\/","logo":{"@type":"ImageObject","inLanguage":"fr-FR","@id":"https:\/\/elevatesurf.ch\/#\/schema\/logo\/image\/","url":"https:\/\/elevatesurf.ch\/wp-content\/uploads\/2024\/06\/67c2ec70-bdf5-4c14-898a-ded5b2051398.jpg","contentUrl":"https:\/\/elevatesurf.ch\/wp-content\/uploads\/2024\/06\/67c2ec70-bdf5-4c14-898a-ded5b2051398.jpg","width":1024,"height":1024,"caption":"Elevatesurf"},"image":{"@id":"https:\/\/elevatesurf.ch\/#\/schema\/logo\/image\/"},"sameAs":["https:\/\/www.instagram.com\/elevate__surf\/"]}]}},"_links":{"self":[{"href":"https:\/\/elevatesurf.ch\/fr\/wp-json\/wp\/v2\/product\/26959","targetHints":{"allow":["GET"]}}],"collection":[{"href":"https:\/\/elevatesurf.ch\/fr\/wp-json\/wp\/v2\/product"}],"about":[{"href":"https:\/\/elevatesurf.ch\/fr\/wp-json\/wp\/v2\/types\/product"}],"replies":[{"embeddable":true,"href":"https:\/\/elevatesurf.ch\/fr\/wp-json\/wp\/v2\/comments?post=26959"}],"wp:featuredmedia":[{"embeddable":true,"href":"https:\/\/elevatesurf.ch\/fr\/wp-json\/wp\/v2\/media\/26955"}],"wp:attachment":[{"href":"https:\/\/elevatesurf.ch\/fr\/wp-json\/wp\/v2\/media?parent=26959"}],"wp:term":[{"taxonomy":"product_cat","embeddable":true,"href":"https:\/\/elevatesurf.ch\/fr\/wp-json\/wp\/v2\/product_cat?post=26959"},{"taxonomy":"product_tag","embeddable":true,"href":"https:\/\/elevatesurf.ch\/fr\/wp-json\/wp\/v2\/product_tag?post=26959"}],"curies":[{"name":"wp","href":"https:\/\/api.w.org\/{rel}","templated":true}]}}