{"id":27203,"date":"2026-05-10T16:14:01","date_gmt":"2026-05-10T16:14:01","guid":{"rendered":"https:\/\/elevatesurf.ch\/fr\/product\/slice-bamboo\/"},"modified":"2026-05-10T20:34:15","modified_gmt":"2026-05-10T20:34:15","slug":"slice-bamboo","status":"publish","type":"product","link":"https:\/\/elevatesurf.ch\/fr\/product\/slice-bamboo\/","title":{"rendered":"SLICE BAMBOO"},"content":{"rendered":"<p>Avec son format compact, ses rails fins, son kick marqu\u00e9 sur le rocker, et son channel prononc\u00e9 sur la car\u00e8ne, la SLICE BAMBOO poss\u00e8de tous les attributs pour briller en freestyle et faciliter les tricks. Elle offre un pop naturel et puissant, un contr\u00f4le a\u00e9rien fantastique, et des r\u00e9ceptions facilit\u00e9es.<\/p>\n<p>Avec une car\u00e8ne tr\u00e8s planante et un outline assez parall\u00e8le, la SLICE BAMBOO poss\u00e8de un d\u00e9part au planing et des aptitudes pour remonter au pr\u00e8s remarquables. Avec ses rails parall\u00e8les et son rocker tendu, les acc\u00e9l\u00e9rations sont plus faciles et le mouvement dans l\u2019eau plus rapide et efficace, permettant ainsi de passer avec aisance les sections plus molles de la vague.<\/p>\n<p>Les rails fins apportent \u00e9galement un contr\u00f4le excellent et dynamique dans les turns, et un crantage sans effort dans le clapot. Pr\u00e9visible et joueuse en surf, cette planche est ainsi tr\u00e8s accessible, et son shape compact la rend tr\u00e8s facile pour tourner dans les petites vagues.<\/p>\n<p>Le passage de rail \u00e0 tail est doux et permet d\u2019initier plus facilement les turns. Coupl\u00e9 avec son nose arrondi, le channel unique sur la car\u00e8ne avec un double concave vous aident pendant les figures strapless et offrent une meilleure maniabilit\u00e9 et plus de confort dans les vagues.<\/p>\n<p>La construction Full Bamboo utilise les propri\u00e9t\u00e9s naturelles du bambou pour obtenir une construction solide, l\u00e9g\u00e8re et fiable. La SLICE BAMBOO b\u00e9n\u00e9ficie d\u2019une couche unique de bambou sur la car\u00e8ne et de deux couches sur le pont pour plus de r\u00e9sistance et la durabilit\u00e9.<\/p>\n<p>La gamme comprend 3 tailles : 5\u20191, 5\u20193 et 5\u20195. Toutes les tailles sont \u00e9quip\u00e9es d\u2019un pad arri\u00e8re, d\u2019inserts de foot straps et d\u2019un set d\u2019ailerons Futures F4 437 Thruster. Un front pad ou middle pad en option peuvent \u00eatre ajout\u00e9s si besoin.<\/p>\n<p>Accessible, polyvalente et active, la SLICE BAMBOO est excellente pour les nouveaux riders strapless, les personnes recherchant de la stabilit\u00e9 pour s\u2019entrainer aux transitions, ou pour tous ceux qui veulent faire un peu de tout, que \u00e7a soit \u00e0 la fois rider dans les vagues et r\u00e9aliser quelques airs.<\/p>\n<p>Cette planche est \u00e9galement particuli\u00e8rement adapt\u00e9e aux petites et moyennes vagues et excelle lorsque les conditions sont onshore et que les vagues ne sont pas trop puissantes.<\/p>\n","protected":false},"excerpt":{"rendered":"<p>Un incontournable dans notre gamme de surfs, la SLICE BAMBOO est une planche compacte offrant d\u2019excellentes sensations en strapless freestyle, mais aussi en surf dans les petites \u00e0 moyennes vagues.<\/p>\n<p>D\u00e9part au planing facilit\u00e9<\/p>\n<p>Excellent pop et contr\u00f4le total lors des sauts<\/p>\n<p>Tr\u00e8s stable et excellente remont\u00e9e au vent<\/p>\n<p>Active et joueuse en surf<\/p>\n","protected":false},"featured_media":27201,"comment_status":"open","ping_status":"closed","template":"","meta":[],"product_cat":[1045,134],"product_tag":[],"class_list":{"0":"post-27203","1":"product","2":"type-product","3":"status-publish","4":"has-post-thumbnail","6":"product_cat-surf","7":"product_cat-kites","8":"product_brand-f-one","10":"first","11":"instock","12":"shipping-taxable","13":"purchasable","14":"product-type-variable"},"yoast_head":"<!-- This site is optimized with the Yoast SEO plugin v22.8 - https:\/\/yoast.com\/wordpress\/plugins\/seo\/ -->\n<title>SLICE BAMBOO - Elevatesurf<\/title>\n<meta name=\"description\" content=\"Elevatesurf SLICE BAMBOO\" \/>\n<meta name=\"robots\" content=\"index, follow, max-snippet:-1, max-image-preview:large, max-video-preview:-1\" \/>\n<link rel=\"canonical\" href=\"https:\/\/elevatesurf.ch\/fr\/product\/slice-bamboo\/\" \/>\n<meta property=\"og:locale\" content=\"fr_FR\" \/>\n<meta property=\"og:type\" content=\"article\" \/>\n<meta property=\"og:title\" content=\"SLICE BAMBOO - Elevatesurf\" \/>\n<meta property=\"og:description\" content=\"Elevatesurf SLICE BAMBOO\" \/>\n<meta property=\"og:url\" content=\"https:\/\/elevatesurf.ch\/fr\/product\/slice-bamboo\/\" \/>\n<meta property=\"og:site_name\" content=\"Elevatesurf\" \/>\n<meta property=\"article:modified_time\" content=\"2026-05-10T20:34:15+00:00\" \/>\n<meta name=\"twitter:card\" content=\"summary_large_image\" \/>\n<meta name=\"twitter:label1\" content=\"Dur\u00e9e de lecture estim\u00e9e\" \/>\n\t<meta name=\"twitter:data1\" content=\"2 minutes\" \/>\n<script type=\"application\/ld+json\" class=\"yoast-schema-graph\">{\"@context\":\"https:\/\/schema.org\",\"@graph\":[{\"@type\":[\"WebPage\",\"ItemPage\"],\"@id\":\"https:\/\/elevatesurf.ch\/fr\/product\/slice-bamboo\/\",\"url\":\"https:\/\/elevatesurf.ch\/fr\/product\/slice-bamboo\/\",\"name\":\"SLICE BAMBOO - Elevatesurf\",\"isPartOf\":{\"@id\":\"https:\/\/elevatesurf.ch\/#website\"},\"primaryImageOfPage\":{\"@id\":\"https:\/\/elevatesurf.ch\/fr\/product\/slice-bamboo\/#primaryimage\"},\"image\":{\"@id\":\"https:\/\/elevatesurf.ch\/fr\/product\/slice-bamboo\/#primaryimage\"},\"thumbnailUrl\":\"https:\/\/elevatesurf.ch\/wp-content\/uploads\/2026\/05\/slice-bamboo-scaled.jpg\",\"datePublished\":\"2026-05-10T16:14:01+00:00\",\"dateModified\":\"2026-05-10T20:34:15+00:00\",\"description\":\"Elevatesurf SLICE BAMBOO\",\"breadcrumb\":{\"@id\":\"https:\/\/elevatesurf.ch\/fr\/product\/slice-bamboo\/#breadcrumb\"},\"inLanguage\":\"fr-FR\",\"potentialAction\":[{\"@type\":\"ReadAction\",\"target\":[\"https:\/\/elevatesurf.ch\/fr\/product\/slice-bamboo\/\"]}]},{\"@type\":\"ImageObject\",\"inLanguage\":\"fr-FR\",\"@id\":\"https:\/\/elevatesurf.ch\/fr\/product\/slice-bamboo\/#primaryimage\",\"url\":\"https:\/\/elevatesurf.ch\/wp-content\/uploads\/2026\/05\/slice-bamboo-scaled.jpg\",\"contentUrl\":\"https:\/\/elevatesurf.ch\/wp-content\/uploads\/2026\/05\/slice-bamboo-scaled.jpg\",\"width\":2560,\"height\":2560},{\"@type\":\"BreadcrumbList\",\"@id\":\"https:\/\/elevatesurf.ch\/fr\/product\/slice-bamboo\/#breadcrumb\",\"itemListElement\":[{\"@type\":\"ListItem\",\"position\":1,\"name\":\"Accueil\",\"item\":\"https:\/\/elevatesurf.ch\/\"},{\"@type\":\"ListItem\",\"position\":2,\"name\":\"Shop &#8211; \u00c9levez Votre Exp\u00e9rience de Surf avec Notre Collection\",\"item\":\"https:\/\/elevatesurf.ch\/shop\/\"},{\"@type\":\"ListItem\",\"position\":3,\"name\":\"SLICE BAMBOO\"}]},{\"@type\":\"WebSite\",\"@id\":\"https:\/\/elevatesurf.ch\/#website\",\"url\":\"https:\/\/elevatesurf.ch\/\",\"name\":\"Elevatesurf\",\"description\":\"Surfez vers de nouveaux sommets avec ElevateSurf ! Kiteshop, Wingshop\",\"publisher\":{\"@id\":\"https:\/\/elevatesurf.ch\/#organization\"},\"potentialAction\":[{\"@type\":\"SearchAction\",\"target\":{\"@type\":\"EntryPoint\",\"urlTemplate\":\"https:\/\/elevatesurf.ch\/?s={search_term_string}\"},\"query-input\":\"required name=search_term_string\"}],\"inLanguage\":\"fr-FR\"},{\"@type\":\"Organization\",\"@id\":\"https:\/\/elevatesurf.ch\/#organization\",\"name\":\"Elevatesurf\",\"url\":\"https:\/\/elevatesurf.ch\/\",\"logo\":{\"@type\":\"ImageObject\",\"inLanguage\":\"fr-FR\",\"@id\":\"https:\/\/elevatesurf.ch\/#\/schema\/logo\/image\/\",\"url\":\"https:\/\/elevatesurf.ch\/wp-content\/uploads\/2024\/06\/67c2ec70-bdf5-4c14-898a-ded5b2051398.jpg\",\"contentUrl\":\"https:\/\/elevatesurf.ch\/wp-content\/uploads\/2024\/06\/67c2ec70-bdf5-4c14-898a-ded5b2051398.jpg\",\"width\":1024,\"height\":1024,\"caption\":\"Elevatesurf\"},\"image\":{\"@id\":\"https:\/\/elevatesurf.ch\/#\/schema\/logo\/image\/\"},\"sameAs\":[\"https:\/\/www.instagram.com\/elevate__surf\/\"]}]}<\/script>\n<!-- \/ Yoast SEO plugin. -->","yoast_head_json":{"title":"SLICE BAMBOO - Elevatesurf","description":"Elevatesurf SLICE BAMBOO","robots":{"index":"index","follow":"follow","max-snippet":"max-snippet:-1","max-image-preview":"max-image-preview:large","max-video-preview":"max-video-preview:-1"},"canonical":"https:\/\/elevatesurf.ch\/fr\/product\/slice-bamboo\/","og_locale":"fr_FR","og_type":"article","og_title":"SLICE BAMBOO - Elevatesurf","og_description":"Elevatesurf SLICE BAMBOO","og_url":"https:\/\/elevatesurf.ch\/fr\/product\/slice-bamboo\/","og_site_name":"Elevatesurf","article_modified_time":"2026-05-10T20:34:15+00:00","twitter_card":"summary_large_image","twitter_misc":{"Dur\u00e9e de lecture estim\u00e9e":"2 minutes"},"schema":{"@context":"https:\/\/schema.org","@graph":[{"@type":["WebPage","ItemPage"],"@id":"https:\/\/elevatesurf.ch\/fr\/product\/slice-bamboo\/","url":"https:\/\/elevatesurf.ch\/fr\/product\/slice-bamboo\/","name":"SLICE BAMBOO - Elevatesurf","isPartOf":{"@id":"https:\/\/elevatesurf.ch\/#website"},"primaryImageOfPage":{"@id":"https:\/\/elevatesurf.ch\/fr\/product\/slice-bamboo\/#primaryimage"},"image":{"@id":"https:\/\/elevatesurf.ch\/fr\/product\/slice-bamboo\/#primaryimage"},"thumbnailUrl":"https:\/\/elevatesurf.ch\/wp-content\/uploads\/2026\/05\/slice-bamboo-scaled.jpg","datePublished":"2026-05-10T16:14:01+00:00","dateModified":"2026-05-10T20:34:15+00:00","description":"Elevatesurf SLICE BAMBOO","breadcrumb":{"@id":"https:\/\/elevatesurf.ch\/fr\/product\/slice-bamboo\/#breadcrumb"},"inLanguage":"fr-FR","potentialAction":[{"@type":"ReadAction","target":["https:\/\/elevatesurf.ch\/fr\/product\/slice-bamboo\/"]}]},{"@type":"ImageObject","inLanguage":"fr-FR","@id":"https:\/\/elevatesurf.ch\/fr\/product\/slice-bamboo\/#primaryimage","url":"https:\/\/elevatesurf.ch\/wp-content\/uploads\/2026\/05\/slice-bamboo-scaled.jpg","contentUrl":"https:\/\/elevatesurf.ch\/wp-content\/uploads\/2026\/05\/slice-bamboo-scaled.jpg","width":2560,"height":2560},{"@type":"BreadcrumbList","@id":"https:\/\/elevatesurf.ch\/fr\/product\/slice-bamboo\/#breadcrumb","itemListElement":[{"@type":"ListItem","position":1,"name":"Accueil","item":"https:\/\/elevatesurf.ch\/"},{"@type":"ListItem","position":2,"name":"Shop &#8211; \u00c9levez Votre Exp\u00e9rience de Surf avec Notre Collection","item":"https:\/\/elevatesurf.ch\/shop\/"},{"@type":"ListItem","position":3,"name":"SLICE BAMBOO"}]},{"@type":"WebSite","@id":"https:\/\/elevatesurf.ch\/#website","url":"https:\/\/elevatesurf.ch\/","name":"Elevatesurf","description":"Surfez vers de nouveaux sommets avec ElevateSurf ! Kiteshop, Wingshop","publisher":{"@id":"https:\/\/elevatesurf.ch\/#organization"},"potentialAction":[{"@type":"SearchAction","target":{"@type":"EntryPoint","urlTemplate":"https:\/\/elevatesurf.ch\/?s={search_term_string}"},"query-input":"required name=search_term_string"}],"inLanguage":"fr-FR"},{"@type":"Organization","@id":"https:\/\/elevatesurf.ch\/#organization","name":"Elevatesurf","url":"https:\/\/elevatesurf.ch\/","logo":{"@type":"ImageObject","inLanguage":"fr-FR","@id":"https:\/\/elevatesurf.ch\/#\/schema\/logo\/image\/","url":"https:\/\/elevatesurf.ch\/wp-content\/uploads\/2024\/06\/67c2ec70-bdf5-4c14-898a-ded5b2051398.jpg","contentUrl":"https:\/\/elevatesurf.ch\/wp-content\/uploads\/2024\/06\/67c2ec70-bdf5-4c14-898a-ded5b2051398.jpg","width":1024,"height":1024,"caption":"Elevatesurf"},"image":{"@id":"https:\/\/elevatesurf.ch\/#\/schema\/logo\/image\/"},"sameAs":["https:\/\/www.instagram.com\/elevate__surf\/"]}]}},"_links":{"self":[{"href":"https:\/\/elevatesurf.ch\/fr\/wp-json\/wp\/v2\/product\/27203","targetHints":{"allow":["GET"]}}],"collection":[{"href":"https:\/\/elevatesurf.ch\/fr\/wp-json\/wp\/v2\/product"}],"about":[{"href":"https:\/\/elevatesurf.ch\/fr\/wp-json\/wp\/v2\/types\/product"}],"replies":[{"embeddable":true,"href":"https:\/\/elevatesurf.ch\/fr\/wp-json\/wp\/v2\/comments?post=27203"}],"wp:featuredmedia":[{"embeddable":true,"href":"https:\/\/elevatesurf.ch\/fr\/wp-json\/wp\/v2\/media\/27201"}],"wp:attachment":[{"href":"https:\/\/elevatesurf.ch\/fr\/wp-json\/wp\/v2\/media?parent=27203"}],"wp:term":[{"taxonomy":"product_cat","embeddable":true,"href":"https:\/\/elevatesurf.ch\/fr\/wp-json\/wp\/v2\/product_cat?post=27203"},{"taxonomy":"product_tag","embeddable":true,"href":"https:\/\/elevatesurf.ch\/fr\/wp-json\/wp\/v2\/product_tag?post=27203"}],"curies":[{"name":"wp","href":"https:\/\/api.w.org\/{rel}","templated":true}]}}