{"id":27471,"date":"2026-05-10T17:12:53","date_gmt":"2026-05-10T17:12:53","guid":{"rendered":"https:\/\/elevatesurf.ch\/fr\/product\/quest\/"},"modified":"2026-05-10T20:34:39","modified_gmt":"2026-05-10T20:34:39","slug":"quest","status":"publish","type":"product","link":"https:\/\/elevatesurf.ch\/fr\/product\/quest\/","title":{"rendered":"QUEST"},"content":{"rendered":"<ul>\n<li>Accessible, confortable et intuitive : excellente capacit\u00e9 de depower, contr\u00f4le et stabilit\u00e9 accrus, et grande douceur m\u00eame dans des conditions difficiles.<\/li>\n<li>Pliage facilit\u00e9 et volume compact : spi plus souple et lignes plus courtes pour un rangement facilit\u00e9 et un volume r\u00e9duit une fois pli\u00e9e.<\/li>\n<li>Nouveau bridage double dynamique : pour un retour en barre ultra pr\u00e9cis et une gestion de la puissance intuitive.<\/li>\n<li>Points de connexion r\u00e9duit en A\/C : les bridages ne sont connect\u00e9s qu\u2019en deux points sur les extr\u00e9mit\u00e9s de la barre, sans ligne centrale \u00ab B \u00bb. Cela offre une libert\u00e9 totale de positions des mains sur la barre ainsi qu\u2019une r\u00e9duction des potentiels emm\u00ealages. \u2022<span> <\/span>Pack Assist : une nouvelle architecture du bridage permet de r\u00e9duire drastiquement la tension des brides pendant la phase de packing. Le packing est plus rapide, plus efficace et plus confortable. \u2022<span> <\/span>Nouvelle barre verticale : pour une meilleure prise en main, plus de confort et un depower maximum. \u2022<span> <\/span>Libert\u00e9 d\u2019explorer : con\u00e7ue pour ceux qui privil\u00e9gient le confort et le downwind plut\u00f4t que la vitesse et la remont\u00e9e au vent ultime.<\/li>\n<\/ul>\n<p>Gr\u00e2ce \u00e0 son spi plus souple, \u00e0 ses lignes plus courtes et \u00e0 un panneautage simplifi\u00e9, la QUEST est l\u00e9g\u00e8re, douce dans les turns, et tr\u00e8s facile \u00e0 ranger et \u00e0 red\u00e9ployer. Avec son depower exceptionnel, sa facilit\u00e9 de pumping et sa stabilit\u00e9 remarquable, elle reste toujours pr\u00e9visible et rassurante, m\u00eame lorsque les conditions se corsent. Moins rapide que la FRIGATE, elle compense largement par son confort et son contr\u00f4le, pour vous permettre d\u2019aller chercher les bumps en toute confiance.<\/p>\n<p>La QUEST introduit un nouveau bridage double dynamique (\u00ab Double Dynamic Bridle System \u00bb), qui rend l\u2019aile plus directe, plus simple \u00e0 piloter, et qui r\u00e9duit encore plus le risque d\u2019emm\u00ealage. Ce syst\u00e8me offre un contr\u00f4le de la puissance ais\u00e9 et intuitif, ainsi qu\u2019un retour pr\u00e9cis en barre.<\/p>\n<p>Les d\u00e9butants appr\u00e9cieront le ressenti renforc\u00e9 au niveau de la main arri\u00e8re et le depower facile qui simplifie les premiers runs, tandis que les riders plus exp\u00e9riment\u00e9s profiteront d\u2019un compromis l\u00e9g\u00e8ret\u00e9 \/ performance de haut vol, et de l\u2019\u00e9quilibre naturel de l\u2019aile.<\/p>\n<p>La nouvelle barre ergonomique am\u00e9liore la prise en main et le confort tout en gardant une configuration simple et efficace, pour une sensation de contr\u00f4le totale. Cette barre verticale augmente \u00e9galement la capacit\u00e9 de depower, permettant de piloter la QUEST plus efficacement<\/p>\n","protected":false},"excerpt":{"rendered":"<p>La QUEST, la nouvelle pocket wing de F-ONE, a \u00e9t\u00e9 con\u00e7ue pour ces moments o\u00f9 l\u2019on veut simplement partir au large, suivre les bumps et se laisser porter. Accessible et intuitive, elle ouvre la pratique de la pocket wing et du downwind \u00e0 tous, des d\u00e9butants aux plus exp\u00e9riment\u00e9s.<\/p>\n","protected":false},"featured_media":27452,"comment_status":"open","ping_status":"closed","template":"","meta":[],"product_cat":[1020],"product_tag":[],"class_list":{"0":"post-27471","1":"product","2":"type-product","3":"status-publish","4":"has-post-thumbnail","6":"product_cat-foilboard","7":"product_brand-f-one","9":"first","10":"outofstock","11":"shipping-taxable","12":"product-type-variable"},"yoast_head":"<!-- This site is optimized with the Yoast SEO plugin v22.8 - https:\/\/yoast.com\/wordpress\/plugins\/seo\/ -->\n<title>QUEST - Elevatesurf<\/title>\n<meta name=\"description\" content=\"Elevatesurf QUEST\" \/>\n<meta name=\"robots\" content=\"index, follow, max-snippet:-1, max-image-preview:large, max-video-preview:-1\" \/>\n<link rel=\"canonical\" href=\"https:\/\/elevatesurf.ch\/fr\/product\/quest\/\" \/>\n<meta property=\"og:locale\" content=\"fr_FR\" \/>\n<meta property=\"og:type\" content=\"article\" \/>\n<meta property=\"og:title\" content=\"QUEST - Elevatesurf\" \/>\n<meta property=\"og:description\" content=\"Elevatesurf QUEST\" \/>\n<meta property=\"og:url\" content=\"https:\/\/elevatesurf.ch\/fr\/product\/quest\/\" \/>\n<meta property=\"og:site_name\" content=\"Elevatesurf\" \/>\n<meta property=\"article:modified_time\" content=\"2026-05-10T20:34:39+00:00\" \/>\n<meta name=\"twitter:card\" content=\"summary_large_image\" \/>\n<meta name=\"twitter:label1\" content=\"Dur\u00e9e de lecture estim\u00e9e\" \/>\n\t<meta name=\"twitter:data1\" content=\"2 minutes\" \/>\n<script type=\"application\/ld+json\" class=\"yoast-schema-graph\">{\"@context\":\"https:\/\/schema.org\",\"@graph\":[{\"@type\":[\"WebPage\",\"ItemPage\"],\"@id\":\"https:\/\/elevatesurf.ch\/fr\/product\/quest\/\",\"url\":\"https:\/\/elevatesurf.ch\/fr\/product\/quest\/\",\"name\":\"QUEST - Elevatesurf\",\"isPartOf\":{\"@id\":\"https:\/\/elevatesurf.ch\/#website\"},\"primaryImageOfPage\":{\"@id\":\"https:\/\/elevatesurf.ch\/fr\/product\/quest\/#primaryimage\"},\"image\":{\"@id\":\"https:\/\/elevatesurf.ch\/fr\/product\/quest\/#primaryimage\"},\"thumbnailUrl\":\"https:\/\/elevatesurf.ch\/wp-content\/uploads\/2026\/05\/quest-30.png\",\"datePublished\":\"2026-05-10T17:12:53+00:00\",\"dateModified\":\"2026-05-10T20:34:39+00:00\",\"description\":\"Elevatesurf QUEST\",\"breadcrumb\":{\"@id\":\"https:\/\/elevatesurf.ch\/fr\/product\/quest\/#breadcrumb\"},\"inLanguage\":\"fr-FR\",\"potentialAction\":[{\"@type\":\"ReadAction\",\"target\":[\"https:\/\/elevatesurf.ch\/fr\/product\/quest\/\"]}]},{\"@type\":\"ImageObject\",\"inLanguage\":\"fr-FR\",\"@id\":\"https:\/\/elevatesurf.ch\/fr\/product\/quest\/#primaryimage\",\"url\":\"https:\/\/elevatesurf.ch\/wp-content\/uploads\/2026\/05\/quest-30.png\",\"contentUrl\":\"https:\/\/elevatesurf.ch\/wp-content\/uploads\/2026\/05\/quest-30.png\",\"width\":2000,\"height\":2000},{\"@type\":\"BreadcrumbList\",\"@id\":\"https:\/\/elevatesurf.ch\/fr\/product\/quest\/#breadcrumb\",\"itemListElement\":[{\"@type\":\"ListItem\",\"position\":1,\"name\":\"Accueil\",\"item\":\"https:\/\/elevatesurf.ch\/\"},{\"@type\":\"ListItem\",\"position\":2,\"name\":\"Shop &#8211; \u00c9levez Votre Exp\u00e9rience de Surf avec Notre Collection\",\"item\":\"https:\/\/elevatesurf.ch\/shop\/\"},{\"@type\":\"ListItem\",\"position\":3,\"name\":\"QUEST\"}]},{\"@type\":\"WebSite\",\"@id\":\"https:\/\/elevatesurf.ch\/#website\",\"url\":\"https:\/\/elevatesurf.ch\/\",\"name\":\"Elevatesurf\",\"description\":\"Surfez vers de nouveaux sommets avec ElevateSurf ! Kiteshop, Wingshop\",\"publisher\":{\"@id\":\"https:\/\/elevatesurf.ch\/#organization\"},\"potentialAction\":[{\"@type\":\"SearchAction\",\"target\":{\"@type\":\"EntryPoint\",\"urlTemplate\":\"https:\/\/elevatesurf.ch\/?s={search_term_string}\"},\"query-input\":\"required name=search_term_string\"}],\"inLanguage\":\"fr-FR\"},{\"@type\":\"Organization\",\"@id\":\"https:\/\/elevatesurf.ch\/#organization\",\"name\":\"Elevatesurf\",\"url\":\"https:\/\/elevatesurf.ch\/\",\"logo\":{\"@type\":\"ImageObject\",\"inLanguage\":\"fr-FR\",\"@id\":\"https:\/\/elevatesurf.ch\/#\/schema\/logo\/image\/\",\"url\":\"https:\/\/elevatesurf.ch\/wp-content\/uploads\/2024\/06\/67c2ec70-bdf5-4c14-898a-ded5b2051398.jpg\",\"contentUrl\":\"https:\/\/elevatesurf.ch\/wp-content\/uploads\/2024\/06\/67c2ec70-bdf5-4c14-898a-ded5b2051398.jpg\",\"width\":1024,\"height\":1024,\"caption\":\"Elevatesurf\"},\"image\":{\"@id\":\"https:\/\/elevatesurf.ch\/#\/schema\/logo\/image\/\"},\"sameAs\":[\"https:\/\/www.instagram.com\/elevate__surf\/\"]}]}<\/script>\n<!-- \/ Yoast SEO plugin. -->","yoast_head_json":{"title":"QUEST - Elevatesurf","description":"Elevatesurf QUEST","robots":{"index":"index","follow":"follow","max-snippet":"max-snippet:-1","max-image-preview":"max-image-preview:large","max-video-preview":"max-video-preview:-1"},"canonical":"https:\/\/elevatesurf.ch\/fr\/product\/quest\/","og_locale":"fr_FR","og_type":"article","og_title":"QUEST - Elevatesurf","og_description":"Elevatesurf QUEST","og_url":"https:\/\/elevatesurf.ch\/fr\/product\/quest\/","og_site_name":"Elevatesurf","article_modified_time":"2026-05-10T20:34:39+00:00","twitter_card":"summary_large_image","twitter_misc":{"Dur\u00e9e de lecture estim\u00e9e":"2 minutes"},"schema":{"@context":"https:\/\/schema.org","@graph":[{"@type":["WebPage","ItemPage"],"@id":"https:\/\/elevatesurf.ch\/fr\/product\/quest\/","url":"https:\/\/elevatesurf.ch\/fr\/product\/quest\/","name":"QUEST - Elevatesurf","isPartOf":{"@id":"https:\/\/elevatesurf.ch\/#website"},"primaryImageOfPage":{"@id":"https:\/\/elevatesurf.ch\/fr\/product\/quest\/#primaryimage"},"image":{"@id":"https:\/\/elevatesurf.ch\/fr\/product\/quest\/#primaryimage"},"thumbnailUrl":"https:\/\/elevatesurf.ch\/wp-content\/uploads\/2026\/05\/quest-30.png","datePublished":"2026-05-10T17:12:53+00:00","dateModified":"2026-05-10T20:34:39+00:00","description":"Elevatesurf QUEST","breadcrumb":{"@id":"https:\/\/elevatesurf.ch\/fr\/product\/quest\/#breadcrumb"},"inLanguage":"fr-FR","potentialAction":[{"@type":"ReadAction","target":["https:\/\/elevatesurf.ch\/fr\/product\/quest\/"]}]},{"@type":"ImageObject","inLanguage":"fr-FR","@id":"https:\/\/elevatesurf.ch\/fr\/product\/quest\/#primaryimage","url":"https:\/\/elevatesurf.ch\/wp-content\/uploads\/2026\/05\/quest-30.png","contentUrl":"https:\/\/elevatesurf.ch\/wp-content\/uploads\/2026\/05\/quest-30.png","width":2000,"height":2000},{"@type":"BreadcrumbList","@id":"https:\/\/elevatesurf.ch\/fr\/product\/quest\/#breadcrumb","itemListElement":[{"@type":"ListItem","position":1,"name":"Accueil","item":"https:\/\/elevatesurf.ch\/"},{"@type":"ListItem","position":2,"name":"Shop &#8211; \u00c9levez Votre Exp\u00e9rience de Surf avec Notre Collection","item":"https:\/\/elevatesurf.ch\/shop\/"},{"@type":"ListItem","position":3,"name":"QUEST"}]},{"@type":"WebSite","@id":"https:\/\/elevatesurf.ch\/#website","url":"https:\/\/elevatesurf.ch\/","name":"Elevatesurf","description":"Surfez vers de nouveaux sommets avec ElevateSurf ! Kiteshop, Wingshop","publisher":{"@id":"https:\/\/elevatesurf.ch\/#organization"},"potentialAction":[{"@type":"SearchAction","target":{"@type":"EntryPoint","urlTemplate":"https:\/\/elevatesurf.ch\/?s={search_term_string}"},"query-input":"required name=search_term_string"}],"inLanguage":"fr-FR"},{"@type":"Organization","@id":"https:\/\/elevatesurf.ch\/#organization","name":"Elevatesurf","url":"https:\/\/elevatesurf.ch\/","logo":{"@type":"ImageObject","inLanguage":"fr-FR","@id":"https:\/\/elevatesurf.ch\/#\/schema\/logo\/image\/","url":"https:\/\/elevatesurf.ch\/wp-content\/uploads\/2024\/06\/67c2ec70-bdf5-4c14-898a-ded5b2051398.jpg","contentUrl":"https:\/\/elevatesurf.ch\/wp-content\/uploads\/2024\/06\/67c2ec70-bdf5-4c14-898a-ded5b2051398.jpg","width":1024,"height":1024,"caption":"Elevatesurf"},"image":{"@id":"https:\/\/elevatesurf.ch\/#\/schema\/logo\/image\/"},"sameAs":["https:\/\/www.instagram.com\/elevate__surf\/"]}]}},"_links":{"self":[{"href":"https:\/\/elevatesurf.ch\/fr\/wp-json\/wp\/v2\/product\/27471","targetHints":{"allow":["GET"]}}],"collection":[{"href":"https:\/\/elevatesurf.ch\/fr\/wp-json\/wp\/v2\/product"}],"about":[{"href":"https:\/\/elevatesurf.ch\/fr\/wp-json\/wp\/v2\/types\/product"}],"replies":[{"embeddable":true,"href":"https:\/\/elevatesurf.ch\/fr\/wp-json\/wp\/v2\/comments?post=27471"}],"wp:featuredmedia":[{"embeddable":true,"href":"https:\/\/elevatesurf.ch\/fr\/wp-json\/wp\/v2\/media\/27452"}],"wp:attachment":[{"href":"https:\/\/elevatesurf.ch\/fr\/wp-json\/wp\/v2\/media?parent=27471"}],"wp:term":[{"taxonomy":"product_cat","embeddable":true,"href":"https:\/\/elevatesurf.ch\/fr\/wp-json\/wp\/v2\/product_cat?post=27471"},{"taxonomy":"product_tag","embeddable":true,"href":"https:\/\/elevatesurf.ch\/fr\/wp-json\/wp\/v2\/product_tag?post=27471"}],"curies":[{"name":"wp","href":"https:\/\/api.w.org\/{rel}","templated":true}]}}