{"id":27527,"date":"2026-05-10T17:15:45","date_gmt":"2026-05-10T17:15:45","guid":{"rendered":"https:\/\/elevatesurf.ch\/fr\/product\/monobloc-tail-xs-220-mirage\/"},"modified":"2026-05-10T20:35:19","modified_gmt":"2026-05-10T20:35:19","slug":"monobloc-tail-xs-220-mirage","status":"publish","type":"product","link":"https:\/\/elevatesurf.ch\/fr\/product\/monobloc-tail-xs-220-mirage\/","title":{"rendered":"MONOBLOC\u00a0TAIL\u00a0XS 220 MIRAGE"},"content":{"rendered":"","protected":false},"excerpt":{"rendered":"<p>Rapide et agile, le Monobloc Tail XS 220 MIRAGE permet un niveau de glisse impressionnant avec une libert\u00e9 totale dans les courbes.<\/p>\n<p>&#8211; Glisse incroyable<br \/>&#8211; Libert\u00e9 totale dans les courbes<br \/>&#8211; Equilibre constant pour un contr\u00f4le parfait Facile \u00e0 tourner ainsi qu\u2019\u00e0 faire rouler d\u2019un rail \u00e0 l\u2019autre, il est le stab parfait pour les amateurs de carving qui appr\u00e9cieront sa grande maniabilit\u00e9.<\/p>\n<p>B\u00e9n\u00e9ficiant d\u2019un grand allongement et d\u2019un profil affin\u00e9, le Monobloc Tail XS 220 MIRAGE\u00a0d\u00e9livre des sensations de glisse plus pure en navigation et permet de belles acc\u00e9l\u00e9rations. Il d\u00e9livre un \u00e9quilibre (avant\/arri\u00e8re) constant quelle que soit la vitesse pour un contr\u00f4le accru \u00e0 tout instant. Ce stab performant et tr\u00e8s maniable est bien adapt\u00e9 aux ailes avant MIRAGE CARBON.<\/p>\n","protected":false},"featured_media":27526,"comment_status":"open","ping_status":"closed","template":"","meta":[],"product_cat":[1040,1043],"product_tag":[],"class_list":{"0":"post-27527","1":"product","2":"type-product","3":"status-publish","4":"has-post-thumbnail","6":"product_cat-foil","7":"product_cat-monoblocs","8":"product_brand-f-one","10":"first","11":"instock","12":"shipping-taxable","13":"purchasable","14":"product-type-simple"},"yoast_head":"<!-- This site is optimized with the Yoast SEO plugin v22.8 - https:\/\/yoast.com\/wordpress\/plugins\/seo\/ -->\n<title>MONOBLOC\u00a0TAIL\u00a0XS 220 MIRAGE - Elevatesurf<\/title>\n<meta name=\"description\" content=\"Elevatesurf MONOBLOC\u00a0TAIL\u00a0XS 220 MIRAGE\" \/>\n<meta name=\"robots\" content=\"index, follow, max-snippet:-1, max-image-preview:large, max-video-preview:-1\" \/>\n<link rel=\"canonical\" href=\"https:\/\/elevatesurf.ch\/fr\/product\/monobloc-tail-xs-220-mirage\/\" \/>\n<meta property=\"og:locale\" content=\"fr_FR\" \/>\n<meta property=\"og:type\" content=\"article\" \/>\n<meta property=\"og:title\" content=\"MONOBLOC\u00a0TAIL\u00a0XS 220 MIRAGE - Elevatesurf\" \/>\n<meta property=\"og:description\" content=\"Elevatesurf MONOBLOC\u00a0TAIL\u00a0XS 220 MIRAGE\" \/>\n<meta property=\"og:url\" content=\"https:\/\/elevatesurf.ch\/fr\/product\/monobloc-tail-xs-220-mirage\/\" \/>\n<meta property=\"og:site_name\" content=\"Elevatesurf\" \/>\n<meta property=\"article:modified_time\" content=\"2026-05-10T20:35:19+00:00\" \/>\n<meta name=\"twitter:card\" content=\"summary_large_image\" \/>\n<script type=\"application\/ld+json\" class=\"yoast-schema-graph\">{\"@context\":\"https:\/\/schema.org\",\"@graph\":[{\"@type\":[\"WebPage\",\"ItemPage\"],\"@id\":\"https:\/\/elevatesurf.ch\/fr\/product\/monobloc-tail-xs-220-mirage\/\",\"url\":\"https:\/\/elevatesurf.ch\/fr\/product\/monobloc-tail-xs-220-mirage\/\",\"name\":\"MONOBLOC\u00a0TAIL\u00a0XS 220 MIRAGE - Elevatesurf\",\"isPartOf\":{\"@id\":\"https:\/\/elevatesurf.ch\/#website\"},\"primaryImageOfPage\":{\"@id\":\"https:\/\/elevatesurf.ch\/fr\/product\/monobloc-tail-xs-220-mirage\/#primaryimage\"},\"image\":{\"@id\":\"https:\/\/elevatesurf.ch\/fr\/product\/monobloc-tail-xs-220-mirage\/#primaryimage\"},\"thumbnailUrl\":\"https:\/\/elevatesurf.ch\/wp-content\/uploads\/2026\/05\/monobloc-tail-xs-220-mirage.jpg\",\"datePublished\":\"2026-05-10T17:15:45+00:00\",\"dateModified\":\"2026-05-10T20:35:19+00:00\",\"description\":\"Elevatesurf MONOBLOC\u00a0TAIL\u00a0XS 220 MIRAGE\",\"breadcrumb\":{\"@id\":\"https:\/\/elevatesurf.ch\/fr\/product\/monobloc-tail-xs-220-mirage\/#breadcrumb\"},\"inLanguage\":\"fr-FR\",\"potentialAction\":[{\"@type\":\"ReadAction\",\"target\":[\"https:\/\/elevatesurf.ch\/fr\/product\/monobloc-tail-xs-220-mirage\/\"]}]},{\"@type\":\"ImageObject\",\"inLanguage\":\"fr-FR\",\"@id\":\"https:\/\/elevatesurf.ch\/fr\/product\/monobloc-tail-xs-220-mirage\/#primaryimage\",\"url\":\"https:\/\/elevatesurf.ch\/wp-content\/uploads\/2026\/05\/monobloc-tail-xs-220-mirage.jpg\",\"contentUrl\":\"https:\/\/elevatesurf.ch\/wp-content\/uploads\/2026\/05\/monobloc-tail-xs-220-mirage.jpg\",\"width\":2000,\"height\":2000},{\"@type\":\"BreadcrumbList\",\"@id\":\"https:\/\/elevatesurf.ch\/fr\/product\/monobloc-tail-xs-220-mirage\/#breadcrumb\",\"itemListElement\":[{\"@type\":\"ListItem\",\"position\":1,\"name\":\"Accueil\",\"item\":\"https:\/\/elevatesurf.ch\/\"},{\"@type\":\"ListItem\",\"position\":2,\"name\":\"Shop &#8211; \u00c9levez Votre Exp\u00e9rience de Surf avec Notre Collection\",\"item\":\"https:\/\/elevatesurf.ch\/shop\/\"},{\"@type\":\"ListItem\",\"position\":3,\"name\":\"MONOBLOC\u00a0TAIL\u00a0XS 220 MIRAGE\"}]},{\"@type\":\"WebSite\",\"@id\":\"https:\/\/elevatesurf.ch\/#website\",\"url\":\"https:\/\/elevatesurf.ch\/\",\"name\":\"Elevatesurf\",\"description\":\"Surfez vers de nouveaux sommets avec ElevateSurf ! Kiteshop, Wingshop\",\"publisher\":{\"@id\":\"https:\/\/elevatesurf.ch\/#organization\"},\"potentialAction\":[{\"@type\":\"SearchAction\",\"target\":{\"@type\":\"EntryPoint\",\"urlTemplate\":\"https:\/\/elevatesurf.ch\/?s={search_term_string}\"},\"query-input\":\"required name=search_term_string\"}],\"inLanguage\":\"fr-FR\"},{\"@type\":\"Organization\",\"@id\":\"https:\/\/elevatesurf.ch\/#organization\",\"name\":\"Elevatesurf\",\"url\":\"https:\/\/elevatesurf.ch\/\",\"logo\":{\"@type\":\"ImageObject\",\"inLanguage\":\"fr-FR\",\"@id\":\"https:\/\/elevatesurf.ch\/#\/schema\/logo\/image\/\",\"url\":\"https:\/\/elevatesurf.ch\/wp-content\/uploads\/2024\/06\/67c2ec70-bdf5-4c14-898a-ded5b2051398.jpg\",\"contentUrl\":\"https:\/\/elevatesurf.ch\/wp-content\/uploads\/2024\/06\/67c2ec70-bdf5-4c14-898a-ded5b2051398.jpg\",\"width\":1024,\"height\":1024,\"caption\":\"Elevatesurf\"},\"image\":{\"@id\":\"https:\/\/elevatesurf.ch\/#\/schema\/logo\/image\/\"},\"sameAs\":[\"https:\/\/www.instagram.com\/elevate__surf\/\"]}]}<\/script>\n<!-- \/ Yoast SEO plugin. -->","yoast_head_json":{"title":"MONOBLOC\u00a0TAIL\u00a0XS 220 MIRAGE - Elevatesurf","description":"Elevatesurf MONOBLOC\u00a0TAIL\u00a0XS 220 MIRAGE","robots":{"index":"index","follow":"follow","max-snippet":"max-snippet:-1","max-image-preview":"max-image-preview:large","max-video-preview":"max-video-preview:-1"},"canonical":"https:\/\/elevatesurf.ch\/fr\/product\/monobloc-tail-xs-220-mirage\/","og_locale":"fr_FR","og_type":"article","og_title":"MONOBLOC\u00a0TAIL\u00a0XS 220 MIRAGE - Elevatesurf","og_description":"Elevatesurf MONOBLOC\u00a0TAIL\u00a0XS 220 MIRAGE","og_url":"https:\/\/elevatesurf.ch\/fr\/product\/monobloc-tail-xs-220-mirage\/","og_site_name":"Elevatesurf","article_modified_time":"2026-05-10T20:35:19+00:00","twitter_card":"summary_large_image","schema":{"@context":"https:\/\/schema.org","@graph":[{"@type":["WebPage","ItemPage"],"@id":"https:\/\/elevatesurf.ch\/fr\/product\/monobloc-tail-xs-220-mirage\/","url":"https:\/\/elevatesurf.ch\/fr\/product\/monobloc-tail-xs-220-mirage\/","name":"MONOBLOC\u00a0TAIL\u00a0XS 220 MIRAGE - Elevatesurf","isPartOf":{"@id":"https:\/\/elevatesurf.ch\/#website"},"primaryImageOfPage":{"@id":"https:\/\/elevatesurf.ch\/fr\/product\/monobloc-tail-xs-220-mirage\/#primaryimage"},"image":{"@id":"https:\/\/elevatesurf.ch\/fr\/product\/monobloc-tail-xs-220-mirage\/#primaryimage"},"thumbnailUrl":"https:\/\/elevatesurf.ch\/wp-content\/uploads\/2026\/05\/monobloc-tail-xs-220-mirage.jpg","datePublished":"2026-05-10T17:15:45+00:00","dateModified":"2026-05-10T20:35:19+00:00","description":"Elevatesurf MONOBLOC\u00a0TAIL\u00a0XS 220 MIRAGE","breadcrumb":{"@id":"https:\/\/elevatesurf.ch\/fr\/product\/monobloc-tail-xs-220-mirage\/#breadcrumb"},"inLanguage":"fr-FR","potentialAction":[{"@type":"ReadAction","target":["https:\/\/elevatesurf.ch\/fr\/product\/monobloc-tail-xs-220-mirage\/"]}]},{"@type":"ImageObject","inLanguage":"fr-FR","@id":"https:\/\/elevatesurf.ch\/fr\/product\/monobloc-tail-xs-220-mirage\/#primaryimage","url":"https:\/\/elevatesurf.ch\/wp-content\/uploads\/2026\/05\/monobloc-tail-xs-220-mirage.jpg","contentUrl":"https:\/\/elevatesurf.ch\/wp-content\/uploads\/2026\/05\/monobloc-tail-xs-220-mirage.jpg","width":2000,"height":2000},{"@type":"BreadcrumbList","@id":"https:\/\/elevatesurf.ch\/fr\/product\/monobloc-tail-xs-220-mirage\/#breadcrumb","itemListElement":[{"@type":"ListItem","position":1,"name":"Accueil","item":"https:\/\/elevatesurf.ch\/"},{"@type":"ListItem","position":2,"name":"Shop &#8211; \u00c9levez Votre Exp\u00e9rience de Surf avec Notre Collection","item":"https:\/\/elevatesurf.ch\/shop\/"},{"@type":"ListItem","position":3,"name":"MONOBLOC\u00a0TAIL\u00a0XS 220 MIRAGE"}]},{"@type":"WebSite","@id":"https:\/\/elevatesurf.ch\/#website","url":"https:\/\/elevatesurf.ch\/","name":"Elevatesurf","description":"Surfez vers de nouveaux sommets avec ElevateSurf ! Kiteshop, Wingshop","publisher":{"@id":"https:\/\/elevatesurf.ch\/#organization"},"potentialAction":[{"@type":"SearchAction","target":{"@type":"EntryPoint","urlTemplate":"https:\/\/elevatesurf.ch\/?s={search_term_string}"},"query-input":"required name=search_term_string"}],"inLanguage":"fr-FR"},{"@type":"Organization","@id":"https:\/\/elevatesurf.ch\/#organization","name":"Elevatesurf","url":"https:\/\/elevatesurf.ch\/","logo":{"@type":"ImageObject","inLanguage":"fr-FR","@id":"https:\/\/elevatesurf.ch\/#\/schema\/logo\/image\/","url":"https:\/\/elevatesurf.ch\/wp-content\/uploads\/2024\/06\/67c2ec70-bdf5-4c14-898a-ded5b2051398.jpg","contentUrl":"https:\/\/elevatesurf.ch\/wp-content\/uploads\/2024\/06\/67c2ec70-bdf5-4c14-898a-ded5b2051398.jpg","width":1024,"height":1024,"caption":"Elevatesurf"},"image":{"@id":"https:\/\/elevatesurf.ch\/#\/schema\/logo\/image\/"},"sameAs":["https:\/\/www.instagram.com\/elevate__surf\/"]}]}},"_links":{"self":[{"href":"https:\/\/elevatesurf.ch\/fr\/wp-json\/wp\/v2\/product\/27527","targetHints":{"allow":["GET"]}}],"collection":[{"href":"https:\/\/elevatesurf.ch\/fr\/wp-json\/wp\/v2\/product"}],"about":[{"href":"https:\/\/elevatesurf.ch\/fr\/wp-json\/wp\/v2\/types\/product"}],"replies":[{"embeddable":true,"href":"https:\/\/elevatesurf.ch\/fr\/wp-json\/wp\/v2\/comments?post=27527"}],"wp:featuredmedia":[{"embeddable":true,"href":"https:\/\/elevatesurf.ch\/fr\/wp-json\/wp\/v2\/media\/27526"}],"wp:attachment":[{"href":"https:\/\/elevatesurf.ch\/fr\/wp-json\/wp\/v2\/media?parent=27527"}],"wp:term":[{"taxonomy":"product_cat","embeddable":true,"href":"https:\/\/elevatesurf.ch\/fr\/wp-json\/wp\/v2\/product_cat?post=27527"},{"taxonomy":"product_tag","embeddable":true,"href":"https:\/\/elevatesurf.ch\/fr\/wp-json\/wp\/v2\/product_tag?post=27527"}],"curies":[{"name":"wp","href":"https:\/\/api.w.org\/{rel}","templated":true}]}}