{"id":27533,"date":"2026-05-10T17:16:03","date_gmt":"2026-05-10T17:16:03","guid":{"rendered":"https:\/\/elevatesurf.ch\/fr\/product\/monobloc-tail-xxs-155-dw\/"},"modified":"2026-05-10T20:35:27","modified_gmt":"2026-05-10T20:35:27","slug":"monobloc-tail-xxs-155-dw","status":"publish","type":"product","link":"https:\/\/elevatesurf.ch\/fr\/product\/monobloc-tail-xxs-155-dw\/","title":{"rendered":"MONOBLOC TAIL XXS 155 DW"},"content":{"rendered":"<p>Monobloc Tail DW XS 135 + Monobloc Tail DW XXS 155<\/p>\n<\/p>\n<p>Avec un allongement \u00e9lev\u00e9 (10.0), ces nouveaux Monobloc Tails DW sont optimis\u00e9s pour offrir encore plus de glisse, un take-off plus progressif et des performances am\u00e9lior\u00e9es en plage basse, tout en assurant un ride stable et confortable ainsi qu\u2019une excellente stabilit\u00e9 \u00e0 vitesse \u00e9lev\u00e9e.<\/p>\n<p>Le fuselage plus long permet de gagner de la stabilit\u00e9 en pitch, ce qui est un grand avantage dans des conditions de vent fort o\u00f9 le foil traversera les bumps sans secousses ou surpuissance. Il offre aussi une meilleure projection vers l\u2019avant avec un pumping plus efficace.<\/p>\n<p>Leur surface r\u00e9duite permet de gagner en vitesse et r\u00e9activit\u00e9. Cela rend le foil plus joueur, permet de mieux connecter les bumps et de plus s\u2019amuser \u00e0 carver.<\/p>\n<p>L\u2019utilisation de carbone Ultra Haut Module (UHM) apporte une raideur maximale pour plus de performances et un incroyable contr\u00f4le gr\u00e2ce \u00e0 un retour d\u2019informations instantan\u00e9s.<\/p>\n","protected":false},"excerpt":{"rendered":"<p><em><strong>Feel the connection<\/strong><\/em><\/p>\n<p>Le Monobloc Tail DW apporte une vitesse am\u00e9lior\u00e9e, une meilleure stabilit\u00e9 et une meilleure projection vers l\u2019avant, am\u00e9liorant grandement l\u2019efficience et le fun de vos downwinds, car on performe mieux en se fatiguant moins.<\/p>\n<p>&#8211; Con\u00e7u pour des pratiquants de downwind aguerris<br \/>&#8211; Id\u00e9al naviguer \u00e0 pleine vitesse, les longs downwinds et les conditions plus solides<br \/>&#8211; Surface r\u00e9duite = Plus de vitesse \/ fuselage allong\u00e9 = Meilleure stabilit\u00e9<br \/>&#8211; Projection vers l\u2019avant maximale<\/p>\n","protected":false},"featured_media":27532,"comment_status":"open","ping_status":"closed","template":"","meta":[],"product_cat":[1040,1043],"product_tag":[],"class_list":{"0":"post-27533","1":"product","2":"type-product","3":"status-publish","4":"has-post-thumbnail","6":"product_cat-foil","7":"product_cat-monoblocs","8":"product_brand-f-one","10":"first","11":"instock","12":"shipping-taxable","13":"purchasable","14":"product-type-simple"},"yoast_head":"<!-- This site is optimized with the Yoast SEO plugin v22.8 - https:\/\/yoast.com\/wordpress\/plugins\/seo\/ -->\n<title>MONOBLOC TAIL XXS 155 DW - Elevatesurf<\/title>\n<meta name=\"description\" content=\"Elevatesurf MONOBLOC TAIL XXS 155 DW\" \/>\n<meta name=\"robots\" content=\"index, follow, max-snippet:-1, max-image-preview:large, max-video-preview:-1\" \/>\n<link rel=\"canonical\" href=\"https:\/\/elevatesurf.ch\/fr\/product\/monobloc-tail-xxs-155-dw\/\" \/>\n<meta property=\"og:locale\" content=\"fr_FR\" \/>\n<meta property=\"og:type\" content=\"article\" \/>\n<meta property=\"og:title\" content=\"MONOBLOC TAIL XXS 155 DW - Elevatesurf\" \/>\n<meta property=\"og:description\" content=\"Elevatesurf MONOBLOC TAIL XXS 155 DW\" \/>\n<meta property=\"og:url\" content=\"https:\/\/elevatesurf.ch\/fr\/product\/monobloc-tail-xxs-155-dw\/\" \/>\n<meta property=\"og:site_name\" content=\"Elevatesurf\" \/>\n<meta property=\"article:modified_time\" content=\"2026-05-10T20:35:27+00:00\" \/>\n<meta name=\"twitter:card\" content=\"summary_large_image\" \/>\n<meta name=\"twitter:label1\" content=\"Dur\u00e9e de lecture estim\u00e9e\" \/>\n\t<meta name=\"twitter:data1\" content=\"1 minute\" \/>\n<script type=\"application\/ld+json\" class=\"yoast-schema-graph\">{\"@context\":\"https:\/\/schema.org\",\"@graph\":[{\"@type\":[\"WebPage\",\"ItemPage\"],\"@id\":\"https:\/\/elevatesurf.ch\/fr\/product\/monobloc-tail-xxs-155-dw\/\",\"url\":\"https:\/\/elevatesurf.ch\/fr\/product\/monobloc-tail-xxs-155-dw\/\",\"name\":\"MONOBLOC TAIL XXS 155 DW - Elevatesurf\",\"isPartOf\":{\"@id\":\"https:\/\/elevatesurf.ch\/#website\"},\"primaryImageOfPage\":{\"@id\":\"https:\/\/elevatesurf.ch\/fr\/product\/monobloc-tail-xxs-155-dw\/#primaryimage\"},\"image\":{\"@id\":\"https:\/\/elevatesurf.ch\/fr\/product\/monobloc-tail-xxs-155-dw\/#primaryimage\"},\"thumbnailUrl\":\"https:\/\/elevatesurf.ch\/wp-content\/uploads\/2026\/05\/monobloc-tail-xxs-155-dw.jpg\",\"datePublished\":\"2026-05-10T17:16:03+00:00\",\"dateModified\":\"2026-05-10T20:35:27+00:00\",\"description\":\"Elevatesurf MONOBLOC TAIL XXS 155 DW\",\"breadcrumb\":{\"@id\":\"https:\/\/elevatesurf.ch\/fr\/product\/monobloc-tail-xxs-155-dw\/#breadcrumb\"},\"inLanguage\":\"fr-FR\",\"potentialAction\":[{\"@type\":\"ReadAction\",\"target\":[\"https:\/\/elevatesurf.ch\/fr\/product\/monobloc-tail-xxs-155-dw\/\"]}]},{\"@type\":\"ImageObject\",\"inLanguage\":\"fr-FR\",\"@id\":\"https:\/\/elevatesurf.ch\/fr\/product\/monobloc-tail-xxs-155-dw\/#primaryimage\",\"url\":\"https:\/\/elevatesurf.ch\/wp-content\/uploads\/2026\/05\/monobloc-tail-xxs-155-dw.jpg\",\"contentUrl\":\"https:\/\/elevatesurf.ch\/wp-content\/uploads\/2026\/05\/monobloc-tail-xxs-155-dw.jpg\",\"width\":2000,\"height\":2000},{\"@type\":\"BreadcrumbList\",\"@id\":\"https:\/\/elevatesurf.ch\/fr\/product\/monobloc-tail-xxs-155-dw\/#breadcrumb\",\"itemListElement\":[{\"@type\":\"ListItem\",\"position\":1,\"name\":\"Accueil\",\"item\":\"https:\/\/elevatesurf.ch\/\"},{\"@type\":\"ListItem\",\"position\":2,\"name\":\"Shop &#8211; \u00c9levez Votre Exp\u00e9rience de Surf avec Notre Collection\",\"item\":\"https:\/\/elevatesurf.ch\/shop\/\"},{\"@type\":\"ListItem\",\"position\":3,\"name\":\"MONOBLOC TAIL XXS 155 DW\"}]},{\"@type\":\"WebSite\",\"@id\":\"https:\/\/elevatesurf.ch\/#website\",\"url\":\"https:\/\/elevatesurf.ch\/\",\"name\":\"Elevatesurf\",\"description\":\"Surfez vers de nouveaux sommets avec ElevateSurf ! Kiteshop, Wingshop\",\"publisher\":{\"@id\":\"https:\/\/elevatesurf.ch\/#organization\"},\"potentialAction\":[{\"@type\":\"SearchAction\",\"target\":{\"@type\":\"EntryPoint\",\"urlTemplate\":\"https:\/\/elevatesurf.ch\/?s={search_term_string}\"},\"query-input\":\"required name=search_term_string\"}],\"inLanguage\":\"fr-FR\"},{\"@type\":\"Organization\",\"@id\":\"https:\/\/elevatesurf.ch\/#organization\",\"name\":\"Elevatesurf\",\"url\":\"https:\/\/elevatesurf.ch\/\",\"logo\":{\"@type\":\"ImageObject\",\"inLanguage\":\"fr-FR\",\"@id\":\"https:\/\/elevatesurf.ch\/#\/schema\/logo\/image\/\",\"url\":\"https:\/\/elevatesurf.ch\/wp-content\/uploads\/2024\/06\/67c2ec70-bdf5-4c14-898a-ded5b2051398.jpg\",\"contentUrl\":\"https:\/\/elevatesurf.ch\/wp-content\/uploads\/2024\/06\/67c2ec70-bdf5-4c14-898a-ded5b2051398.jpg\",\"width\":1024,\"height\":1024,\"caption\":\"Elevatesurf\"},\"image\":{\"@id\":\"https:\/\/elevatesurf.ch\/#\/schema\/logo\/image\/\"},\"sameAs\":[\"https:\/\/www.instagram.com\/elevate__surf\/\"]}]}<\/script>\n<!-- \/ Yoast SEO plugin. -->","yoast_head_json":{"title":"MONOBLOC TAIL XXS 155 DW - Elevatesurf","description":"Elevatesurf MONOBLOC TAIL XXS 155 DW","robots":{"index":"index","follow":"follow","max-snippet":"max-snippet:-1","max-image-preview":"max-image-preview:large","max-video-preview":"max-video-preview:-1"},"canonical":"https:\/\/elevatesurf.ch\/fr\/product\/monobloc-tail-xxs-155-dw\/","og_locale":"fr_FR","og_type":"article","og_title":"MONOBLOC TAIL XXS 155 DW - Elevatesurf","og_description":"Elevatesurf MONOBLOC TAIL XXS 155 DW","og_url":"https:\/\/elevatesurf.ch\/fr\/product\/monobloc-tail-xxs-155-dw\/","og_site_name":"Elevatesurf","article_modified_time":"2026-05-10T20:35:27+00:00","twitter_card":"summary_large_image","twitter_misc":{"Dur\u00e9e de lecture estim\u00e9e":"1 minute"},"schema":{"@context":"https:\/\/schema.org","@graph":[{"@type":["WebPage","ItemPage"],"@id":"https:\/\/elevatesurf.ch\/fr\/product\/monobloc-tail-xxs-155-dw\/","url":"https:\/\/elevatesurf.ch\/fr\/product\/monobloc-tail-xxs-155-dw\/","name":"MONOBLOC TAIL XXS 155 DW - Elevatesurf","isPartOf":{"@id":"https:\/\/elevatesurf.ch\/#website"},"primaryImageOfPage":{"@id":"https:\/\/elevatesurf.ch\/fr\/product\/monobloc-tail-xxs-155-dw\/#primaryimage"},"image":{"@id":"https:\/\/elevatesurf.ch\/fr\/product\/monobloc-tail-xxs-155-dw\/#primaryimage"},"thumbnailUrl":"https:\/\/elevatesurf.ch\/wp-content\/uploads\/2026\/05\/monobloc-tail-xxs-155-dw.jpg","datePublished":"2026-05-10T17:16:03+00:00","dateModified":"2026-05-10T20:35:27+00:00","description":"Elevatesurf MONOBLOC TAIL XXS 155 DW","breadcrumb":{"@id":"https:\/\/elevatesurf.ch\/fr\/product\/monobloc-tail-xxs-155-dw\/#breadcrumb"},"inLanguage":"fr-FR","potentialAction":[{"@type":"ReadAction","target":["https:\/\/elevatesurf.ch\/fr\/product\/monobloc-tail-xxs-155-dw\/"]}]},{"@type":"ImageObject","inLanguage":"fr-FR","@id":"https:\/\/elevatesurf.ch\/fr\/product\/monobloc-tail-xxs-155-dw\/#primaryimage","url":"https:\/\/elevatesurf.ch\/wp-content\/uploads\/2026\/05\/monobloc-tail-xxs-155-dw.jpg","contentUrl":"https:\/\/elevatesurf.ch\/wp-content\/uploads\/2026\/05\/monobloc-tail-xxs-155-dw.jpg","width":2000,"height":2000},{"@type":"BreadcrumbList","@id":"https:\/\/elevatesurf.ch\/fr\/product\/monobloc-tail-xxs-155-dw\/#breadcrumb","itemListElement":[{"@type":"ListItem","position":1,"name":"Accueil","item":"https:\/\/elevatesurf.ch\/"},{"@type":"ListItem","position":2,"name":"Shop &#8211; \u00c9levez Votre Exp\u00e9rience de Surf avec Notre Collection","item":"https:\/\/elevatesurf.ch\/shop\/"},{"@type":"ListItem","position":3,"name":"MONOBLOC TAIL XXS 155 DW"}]},{"@type":"WebSite","@id":"https:\/\/elevatesurf.ch\/#website","url":"https:\/\/elevatesurf.ch\/","name":"Elevatesurf","description":"Surfez vers de nouveaux sommets avec ElevateSurf ! Kiteshop, Wingshop","publisher":{"@id":"https:\/\/elevatesurf.ch\/#organization"},"potentialAction":[{"@type":"SearchAction","target":{"@type":"EntryPoint","urlTemplate":"https:\/\/elevatesurf.ch\/?s={search_term_string}"},"query-input":"required name=search_term_string"}],"inLanguage":"fr-FR"},{"@type":"Organization","@id":"https:\/\/elevatesurf.ch\/#organization","name":"Elevatesurf","url":"https:\/\/elevatesurf.ch\/","logo":{"@type":"ImageObject","inLanguage":"fr-FR","@id":"https:\/\/elevatesurf.ch\/#\/schema\/logo\/image\/","url":"https:\/\/elevatesurf.ch\/wp-content\/uploads\/2024\/06\/67c2ec70-bdf5-4c14-898a-ded5b2051398.jpg","contentUrl":"https:\/\/elevatesurf.ch\/wp-content\/uploads\/2024\/06\/67c2ec70-bdf5-4c14-898a-ded5b2051398.jpg","width":1024,"height":1024,"caption":"Elevatesurf"},"image":{"@id":"https:\/\/elevatesurf.ch\/#\/schema\/logo\/image\/"},"sameAs":["https:\/\/www.instagram.com\/elevate__surf\/"]}]}},"_links":{"self":[{"href":"https:\/\/elevatesurf.ch\/fr\/wp-json\/wp\/v2\/product\/27533","targetHints":{"allow":["GET"]}}],"collection":[{"href":"https:\/\/elevatesurf.ch\/fr\/wp-json\/wp\/v2\/product"}],"about":[{"href":"https:\/\/elevatesurf.ch\/fr\/wp-json\/wp\/v2\/types\/product"}],"replies":[{"embeddable":true,"href":"https:\/\/elevatesurf.ch\/fr\/wp-json\/wp\/v2\/comments?post=27533"}],"wp:featuredmedia":[{"embeddable":true,"href":"https:\/\/elevatesurf.ch\/fr\/wp-json\/wp\/v2\/media\/27532"}],"wp:attachment":[{"href":"https:\/\/elevatesurf.ch\/fr\/wp-json\/wp\/v2\/media?parent=27533"}],"wp:term":[{"taxonomy":"product_cat","embeddable":true,"href":"https:\/\/elevatesurf.ch\/fr\/wp-json\/wp\/v2\/product_cat?post=27533"},{"taxonomy":"product_tag","embeddable":true,"href":"https:\/\/elevatesurf.ch\/fr\/wp-json\/wp\/v2\/product_tag?post=27533"}],"curies":[{"name":"wp","href":"https:\/\/api.w.org\/{rel}","templated":true}]}}