{"id":27569,"date":"2026-05-10T17:17:55","date_gmt":"2026-05-10T17:17:55","guid":{"rendered":"https:\/\/elevatesurf.ch\/fr\/product\/uhm-carbon-mast-14-95-cm\/"},"modified":"2026-05-10T20:35:43","modified_gmt":"2026-05-10T20:35:43","slug":"uhm-carbon-mast-14-95-cm","status":"publish","type":"product","link":"https:\/\/elevatesurf.ch\/fr\/product\/uhm-carbon-mast-14-95-cm\/","title":{"rendered":"UHM CARBON MAST 14 &#8211; 95 CM"},"content":{"rendered":"<p>D\u00e8s le premier vol, vous ressentez la l\u00e9g\u00e8ret\u00e9, la r\u00e9activit\u00e9 et l&rsquo;efficacit\u00e9 de ce m\u00e2t. Son profil fin de 14 mm fend l&rsquo;eau avec aisance, r\u00e9duisant la tra\u00een\u00e9e et am\u00e9liorant votre capacit\u00e9 \u00e0 acc\u00e9l\u00e9rer, pomper et maintenir votre vitesse.\u00a0 Chaque impulsion est convertie en glisse et en vitesse imm\u00e9diate, vous donnant un contr\u00f4le total en downwind, freestyle ou freeride.<\/p>\n<p>Enti\u00e8rement moul\u00e9 et durci en une seule fois \u00e0 partir de carbone pr\u00e9-preg, sa construction monobloc int\u00e8gre la structure interne SPINE d\u00e9sormais renforc\u00e9e, et b\u00e9n\u00e9ficie de la Conception Structurelle Dynamique de F-ONE. Les couches de fibres de carbone ont \u00e9t\u00e9 soigneusement dispos\u00e9es \u00e0 des angles de 0\u00b0 dans le sens de la longueur pour optimiser la rigidit\u00e9 en flexion et \u00e0 environ 45\u00b0 pour optimiser la rigidit\u00e9 en torsion. Enfin, ce drapage carbone a \u00e9t\u00e9 finement ajust\u00e9 et optimis\u00e9 pour chaque longueur de m\u00e2t pour offrir les meilleures performances dans chaque sport.<\/p>\n<p>L\u2019utilisation du carbone UHM garantit une rigidit\u00e9 exceptionnelle et un contr\u00f4le pr\u00e9cis en flexion comme en torsion, offrant une maniabilit\u00e9 remarquable, une sensation directe, et toujours plus de performance.<\/p>\n<p>Ce m\u00e2t est \u00e9quip\u00e9 de notre nouvelle top plate et du nouveau pied de m\u00e2t TITAN 2 \u00e0 sa base. La top plate est compatible avec nos T-nuts verrouillables et comprend \u00e9galement notre syst\u00e8me \u00ab Quick-Attach \u00bb en forme de serrure pour un montage plus rapide. Le m\u00e2t est compatible avec la plupart des planches du march\u00e9 \u00e9quip\u00e9es du syst\u00e8me Twin-Tracks ainsi qu\u2019avec les ailes avant disposant de la nouvelle connexion TITAN 2.<\/p>\n<p>Disponible uniquement en 80 et 85\u202fcm, le m\u00e2t UHM Carbone 14 est le choix incontournable des riders \u00e0 la recherche de plus de rigidit\u00e9, stabilit\u00e9 et sensations.<\/p>\n","protected":false},"excerpt":{"rendered":"<p>Con\u00e7u pour les plus gros gabarits en qu\u00eate de plus de rigidit\u00e9, de l\u00e9g\u00e8ret\u00e9, de contr\u00f4le et de transmission d\u2019\u00e9nergie, le nouveau m\u00e2t UHM carbone 14 de F-ONE repousse encore les limites de la performance. Il reprend le m\u00eame profil fin du 14\u202fmm et la construction Monobloc que la version HM, mais int\u00e8gre un drapage sp\u00e9cifique en carbone Ultra Haut Module (UHM) qui le rend 28 % plus rigide pour une r\u00e9activit\u00e9 incomparable.<\/p>\n<ul>\n<li>Profil fin de 14 mm<\/li>\n<li>Layup en carbone Ultra Haut Module<\/li>\n<li>Conception Structurelle Dynamique optimis\u00e9e et structure SPINE renforc\u00e9<\/li>\n<li>Construction Monobloc<\/li>\n<li>Rigidit\u00e9 et contr\u00f4le \u00e0 n\u2019importe quelle vitesse<\/li>\n<li>Retour direct dans les turns<\/li>\n<li>Connexion TITAN 2 pour plus de pr\u00e9cision et sensations directes<\/li>\n<\/ul>\n","protected":false},"featured_media":27565,"comment_status":"open","ping_status":"closed","template":"","meta":[],"product_cat":[1040,1050],"product_tag":[],"class_list":{"0":"post-27569","1":"product","2":"type-product","3":"status-publish","4":"has-post-thumbnail","6":"product_cat-foil","7":"product_cat-mats","8":"product_brand-indiana-suisse","10":"first","11":"outofstock","12":"shipping-taxable","13":"purchasable","14":"product-type-simple"},"yoast_head":"<!-- This site is optimized with the Yoast SEO plugin v22.8 - https:\/\/yoast.com\/wordpress\/plugins\/seo\/ -->\n<title>UHM CARBON MAST 14 - 95 CM - Elevatesurf<\/title>\n<meta name=\"description\" content=\"Elevatesurf UHM CARBON MAST 14 - 95 CM\" \/>\n<meta name=\"robots\" content=\"index, follow, max-snippet:-1, max-image-preview:large, max-video-preview:-1\" \/>\n<link rel=\"canonical\" href=\"https:\/\/elevatesurf.ch\/fr\/product\/uhm-carbon-mast-14-95-cm\/\" \/>\n<meta property=\"og:locale\" content=\"fr_FR\" \/>\n<meta property=\"og:type\" content=\"article\" \/>\n<meta property=\"og:title\" content=\"UHM CARBON MAST 14 - 95 CM - Elevatesurf\" \/>\n<meta property=\"og:description\" content=\"Elevatesurf UHM CARBON MAST 14 - 95 CM\" \/>\n<meta property=\"og:url\" content=\"https:\/\/elevatesurf.ch\/fr\/product\/uhm-carbon-mast-14-95-cm\/\" \/>\n<meta property=\"og:site_name\" content=\"Elevatesurf\" \/>\n<meta property=\"article:modified_time\" content=\"2026-05-10T20:35:43+00:00\" \/>\n<meta name=\"twitter:card\" content=\"summary_large_image\" \/>\n<meta name=\"twitter:label1\" content=\"Dur\u00e9e de lecture estim\u00e9e\" \/>\n\t<meta name=\"twitter:data1\" content=\"1 minute\" \/>\n<script type=\"application\/ld+json\" class=\"yoast-schema-graph\">{\"@context\":\"https:\/\/schema.org\",\"@graph\":[{\"@type\":[\"WebPage\",\"ItemPage\"],\"@id\":\"https:\/\/elevatesurf.ch\/fr\/product\/uhm-carbon-mast-14-95-cm\/\",\"url\":\"https:\/\/elevatesurf.ch\/fr\/product\/uhm-carbon-mast-14-95-cm\/\",\"name\":\"UHM CARBON MAST 14 - 95 CM - Elevatesurf\",\"isPartOf\":{\"@id\":\"https:\/\/elevatesurf.ch\/#website\"},\"primaryImageOfPage\":{\"@id\":\"https:\/\/elevatesurf.ch\/fr\/product\/uhm-carbon-mast-14-95-cm\/#primaryimage\"},\"image\":{\"@id\":\"https:\/\/elevatesurf.ch\/fr\/product\/uhm-carbon-mast-14-95-cm\/#primaryimage\"},\"thumbnailUrl\":\"https:\/\/elevatesurf.ch\/wp-content\/uploads\/2026\/05\/uhm-carbon-mast-14-95-cm.png\",\"datePublished\":\"2026-05-10T17:17:55+00:00\",\"dateModified\":\"2026-05-10T20:35:43+00:00\",\"description\":\"Elevatesurf UHM CARBON MAST 14 - 95 CM\",\"breadcrumb\":{\"@id\":\"https:\/\/elevatesurf.ch\/fr\/product\/uhm-carbon-mast-14-95-cm\/#breadcrumb\"},\"inLanguage\":\"fr-FR\",\"potentialAction\":[{\"@type\":\"ReadAction\",\"target\":[\"https:\/\/elevatesurf.ch\/fr\/product\/uhm-carbon-mast-14-95-cm\/\"]}]},{\"@type\":\"ImageObject\",\"inLanguage\":\"fr-FR\",\"@id\":\"https:\/\/elevatesurf.ch\/fr\/product\/uhm-carbon-mast-14-95-cm\/#primaryimage\",\"url\":\"https:\/\/elevatesurf.ch\/wp-content\/uploads\/2026\/05\/uhm-carbon-mast-14-95-cm.png\",\"contentUrl\":\"https:\/\/elevatesurf.ch\/wp-content\/uploads\/2026\/05\/uhm-carbon-mast-14-95-cm.png\",\"width\":2000,\"height\":2000},{\"@type\":\"BreadcrumbList\",\"@id\":\"https:\/\/elevatesurf.ch\/fr\/product\/uhm-carbon-mast-14-95-cm\/#breadcrumb\",\"itemListElement\":[{\"@type\":\"ListItem\",\"position\":1,\"name\":\"Accueil\",\"item\":\"https:\/\/elevatesurf.ch\/\"},{\"@type\":\"ListItem\",\"position\":2,\"name\":\"Shop &#8211; \u00c9levez Votre Exp\u00e9rience de Surf avec Notre Collection\",\"item\":\"https:\/\/elevatesurf.ch\/shop\/\"},{\"@type\":\"ListItem\",\"position\":3,\"name\":\"UHM CARBON MAST 14 &#8211; 95 CM\"}]},{\"@type\":\"WebSite\",\"@id\":\"https:\/\/elevatesurf.ch\/#website\",\"url\":\"https:\/\/elevatesurf.ch\/\",\"name\":\"Elevatesurf\",\"description\":\"Surfez vers de nouveaux sommets avec ElevateSurf ! Kiteshop, Wingshop\",\"publisher\":{\"@id\":\"https:\/\/elevatesurf.ch\/#organization\"},\"potentialAction\":[{\"@type\":\"SearchAction\",\"target\":{\"@type\":\"EntryPoint\",\"urlTemplate\":\"https:\/\/elevatesurf.ch\/?s={search_term_string}\"},\"query-input\":\"required name=search_term_string\"}],\"inLanguage\":\"fr-FR\"},{\"@type\":\"Organization\",\"@id\":\"https:\/\/elevatesurf.ch\/#organization\",\"name\":\"Elevatesurf\",\"url\":\"https:\/\/elevatesurf.ch\/\",\"logo\":{\"@type\":\"ImageObject\",\"inLanguage\":\"fr-FR\",\"@id\":\"https:\/\/elevatesurf.ch\/#\/schema\/logo\/image\/\",\"url\":\"https:\/\/elevatesurf.ch\/wp-content\/uploads\/2024\/06\/67c2ec70-bdf5-4c14-898a-ded5b2051398.jpg\",\"contentUrl\":\"https:\/\/elevatesurf.ch\/wp-content\/uploads\/2024\/06\/67c2ec70-bdf5-4c14-898a-ded5b2051398.jpg\",\"width\":1024,\"height\":1024,\"caption\":\"Elevatesurf\"},\"image\":{\"@id\":\"https:\/\/elevatesurf.ch\/#\/schema\/logo\/image\/\"},\"sameAs\":[\"https:\/\/www.instagram.com\/elevate__surf\/\"]}]}<\/script>\n<!-- \/ Yoast SEO plugin. -->","yoast_head_json":{"title":"UHM CARBON MAST 14 - 95 CM - Elevatesurf","description":"Elevatesurf UHM CARBON MAST 14 - 95 CM","robots":{"index":"index","follow":"follow","max-snippet":"max-snippet:-1","max-image-preview":"max-image-preview:large","max-video-preview":"max-video-preview:-1"},"canonical":"https:\/\/elevatesurf.ch\/fr\/product\/uhm-carbon-mast-14-95-cm\/","og_locale":"fr_FR","og_type":"article","og_title":"UHM CARBON MAST 14 - 95 CM - Elevatesurf","og_description":"Elevatesurf UHM CARBON MAST 14 - 95 CM","og_url":"https:\/\/elevatesurf.ch\/fr\/product\/uhm-carbon-mast-14-95-cm\/","og_site_name":"Elevatesurf","article_modified_time":"2026-05-10T20:35:43+00:00","twitter_card":"summary_large_image","twitter_misc":{"Dur\u00e9e de lecture estim\u00e9e":"1 minute"},"schema":{"@context":"https:\/\/schema.org","@graph":[{"@type":["WebPage","ItemPage"],"@id":"https:\/\/elevatesurf.ch\/fr\/product\/uhm-carbon-mast-14-95-cm\/","url":"https:\/\/elevatesurf.ch\/fr\/product\/uhm-carbon-mast-14-95-cm\/","name":"UHM CARBON MAST 14 - 95 CM - Elevatesurf","isPartOf":{"@id":"https:\/\/elevatesurf.ch\/#website"},"primaryImageOfPage":{"@id":"https:\/\/elevatesurf.ch\/fr\/product\/uhm-carbon-mast-14-95-cm\/#primaryimage"},"image":{"@id":"https:\/\/elevatesurf.ch\/fr\/product\/uhm-carbon-mast-14-95-cm\/#primaryimage"},"thumbnailUrl":"https:\/\/elevatesurf.ch\/wp-content\/uploads\/2026\/05\/uhm-carbon-mast-14-95-cm.png","datePublished":"2026-05-10T17:17:55+00:00","dateModified":"2026-05-10T20:35:43+00:00","description":"Elevatesurf UHM CARBON MAST 14 - 95 CM","breadcrumb":{"@id":"https:\/\/elevatesurf.ch\/fr\/product\/uhm-carbon-mast-14-95-cm\/#breadcrumb"},"inLanguage":"fr-FR","potentialAction":[{"@type":"ReadAction","target":["https:\/\/elevatesurf.ch\/fr\/product\/uhm-carbon-mast-14-95-cm\/"]}]},{"@type":"ImageObject","inLanguage":"fr-FR","@id":"https:\/\/elevatesurf.ch\/fr\/product\/uhm-carbon-mast-14-95-cm\/#primaryimage","url":"https:\/\/elevatesurf.ch\/wp-content\/uploads\/2026\/05\/uhm-carbon-mast-14-95-cm.png","contentUrl":"https:\/\/elevatesurf.ch\/wp-content\/uploads\/2026\/05\/uhm-carbon-mast-14-95-cm.png","width":2000,"height":2000},{"@type":"BreadcrumbList","@id":"https:\/\/elevatesurf.ch\/fr\/product\/uhm-carbon-mast-14-95-cm\/#breadcrumb","itemListElement":[{"@type":"ListItem","position":1,"name":"Accueil","item":"https:\/\/elevatesurf.ch\/"},{"@type":"ListItem","position":2,"name":"Shop &#8211; \u00c9levez Votre Exp\u00e9rience de Surf avec Notre Collection","item":"https:\/\/elevatesurf.ch\/shop\/"},{"@type":"ListItem","position":3,"name":"UHM CARBON MAST 14 &#8211; 95 CM"}]},{"@type":"WebSite","@id":"https:\/\/elevatesurf.ch\/#website","url":"https:\/\/elevatesurf.ch\/","name":"Elevatesurf","description":"Surfez vers de nouveaux sommets avec ElevateSurf ! Kiteshop, Wingshop","publisher":{"@id":"https:\/\/elevatesurf.ch\/#organization"},"potentialAction":[{"@type":"SearchAction","target":{"@type":"EntryPoint","urlTemplate":"https:\/\/elevatesurf.ch\/?s={search_term_string}"},"query-input":"required name=search_term_string"}],"inLanguage":"fr-FR"},{"@type":"Organization","@id":"https:\/\/elevatesurf.ch\/#organization","name":"Elevatesurf","url":"https:\/\/elevatesurf.ch\/","logo":{"@type":"ImageObject","inLanguage":"fr-FR","@id":"https:\/\/elevatesurf.ch\/#\/schema\/logo\/image\/","url":"https:\/\/elevatesurf.ch\/wp-content\/uploads\/2024\/06\/67c2ec70-bdf5-4c14-898a-ded5b2051398.jpg","contentUrl":"https:\/\/elevatesurf.ch\/wp-content\/uploads\/2024\/06\/67c2ec70-bdf5-4c14-898a-ded5b2051398.jpg","width":1024,"height":1024,"caption":"Elevatesurf"},"image":{"@id":"https:\/\/elevatesurf.ch\/#\/schema\/logo\/image\/"},"sameAs":["https:\/\/www.instagram.com\/elevate__surf\/"]}]}},"_links":{"self":[{"href":"https:\/\/elevatesurf.ch\/fr\/wp-json\/wp\/v2\/product\/27569","targetHints":{"allow":["GET"]}}],"collection":[{"href":"https:\/\/elevatesurf.ch\/fr\/wp-json\/wp\/v2\/product"}],"about":[{"href":"https:\/\/elevatesurf.ch\/fr\/wp-json\/wp\/v2\/types\/product"}],"replies":[{"embeddable":true,"href":"https:\/\/elevatesurf.ch\/fr\/wp-json\/wp\/v2\/comments?post=27569"}],"wp:featuredmedia":[{"embeddable":true,"href":"https:\/\/elevatesurf.ch\/fr\/wp-json\/wp\/v2\/media\/27565"}],"wp:attachment":[{"href":"https:\/\/elevatesurf.ch\/fr\/wp-json\/wp\/v2\/media?parent=27569"}],"wp:term":[{"taxonomy":"product_cat","embeddable":true,"href":"https:\/\/elevatesurf.ch\/fr\/wp-json\/wp\/v2\/product_cat?post=27569"},{"taxonomy":"product_tag","embeddable":true,"href":"https:\/\/elevatesurf.ch\/fr\/wp-json\/wp\/v2\/product_tag?post=27569"}],"curies":[{"name":"wp","href":"https:\/\/api.w.org\/{rel}","templated":true}]}}