{"id":27630,"date":"2026-05-10T17:21:14","date_gmt":"2026-05-10T17:21:14","guid":{"rendered":"https:\/\/elevatesurf.ch\/fr\/product\/rocket-air\/"},"modified":"2026-05-10T20:36:33","modified_gmt":"2026-05-10T20:36:33","slug":"rocket-air","status":"publish","type":"product","link":"https:\/\/elevatesurf.ch\/fr\/product\/rocket-air\/","title":{"rendered":"ROCKET AIR"},"content":{"rendered":"<p>D\u00e9velopp\u00e9e en collaboration avec les \u00e9coles, la gamme a \u00e9t\u00e9 optimis\u00e9e pour r\u00e9pondre aux besoins des pratiquants comme des instructeurs. Reprenant les shapes qui ont fait leurs preuves, la nouvelle ROCKET AIR int\u00e8gre d\u00e9sormais une plaque carbone avec Twin-Tracks, apportant plus de rigidit\u00e9 et permettant d\u2019ajuster la position du foil pour des performances optimales. De nouveaux rep\u00e8res sur le pont aident \u00e0 placer correctement les pieds, rendant l\u2019apprentissage plus facile et plus rapide.<\/p>\n<p>Fabriqu\u00e9e en Dropstitch de qualit\u00e9 sup\u00e9rieure, la planche est rigide sous les pieds tout en \u00e9tant plus douce et tol\u00e9rante en cas de chute. La construction gonflable apporte \u00e9galement une grande stabilit\u00e9 gr\u00e2ce au volume suppl\u00e9mentaire, tout en restant incroyablement l\u00e9g\u00e8re et facile \u00e0 manier, sur l\u2019eau comme \u00e0 terre. Enfin, ce format compact et gonflable rend la planche toujours aussi facile \u00e0 plier, transporter et stocker.<\/p>\n<p>La gamme a \u00e9t\u00e9 revue pour mieux correspondre aux besoins des riders et des disciplines, et propose d\u00e9sormais cinq tailles allant de 5\u201910 \u00e0 7\u201911. Les plus grandes tailles, \u00e0 partir de la 7\u20192, sont \u00e9quip\u00e9es de trois ailerons amovibles, ce qui permet de les utiliser sans foil. Dans cette configuration, ces tailles sont les meilleures pour apprendre \u00e0 manier une wing avant d\u2019apprendre \u00e0 faire du foil plus tard.<\/p>\n<p>Que vous d\u00e9butiez ou que vous cherchiez une planche facile \u00e0 transporter, la ROCKET AIR rend le foil simple et accessible, avec un vrai potentiel de progression.<\/p>\n","protected":false},"excerpt":{"rendered":"<p>La ROCKET AIR est la gamme de planches gonflables F-ONE d\u00e9di\u00e9e \u00e0 toutes les pratiques du foil, de l\u2019apprentissage du maniement d\u2019une wing aux premiers vols en foil. Ultra l\u00e9g\u00e8re, compacte et solide, cette planche est id\u00e9ale pour apprendre et progresser en toute confiance.<\/p>\n<ul>\n<li>Nouvelle plaque carbone avec Twin-Tracks pour plus de rigidit\u00e9 et d\u2019ajustement du foil<\/li>\n<li>Nouveaux marquages sur le pont pour aider au placement des pieds<\/li>\n<li>Polyvalente avec ou sans foil<\/li>\n<li>\u00c9quilibr\u00e9e et l\u00e9g\u00e8re pour un vol facilit\u00e9<\/li>\n<li>Facile \u00e0 transporter et \u00e0 ranger<\/li>\n<li>Mat\u00e9riel Dropstitch sup\u00e9rieur et extra rigide pour une durabilit\u00e9 maximale<\/li>\n<\/ul>\n","protected":false},"featured_media":27628,"comment_status":"open","ping_status":"closed","template":"","meta":[],"product_cat":[1020],"product_tag":[],"class_list":{"0":"post-27630","1":"product","2":"type-product","3":"status-publish","4":"has-post-thumbnail","6":"product_cat-foilboard","7":"product_brand-f-one","9":"first","10":"instock","11":"shipping-taxable","12":"purchasable","13":"product-type-variable"},"yoast_head":"<!-- This site is optimized with the Yoast SEO plugin v22.8 - https:\/\/yoast.com\/wordpress\/plugins\/seo\/ -->\n<title>ROCKET AIR - Elevatesurf<\/title>\n<meta name=\"description\" content=\"Elevatesurf ROCKET AIR\" \/>\n<meta name=\"robots\" content=\"index, follow, max-snippet:-1, max-image-preview:large, max-video-preview:-1\" \/>\n<link rel=\"canonical\" href=\"https:\/\/elevatesurf.ch\/fr\/product\/rocket-air\/\" \/>\n<meta property=\"og:locale\" content=\"fr_FR\" \/>\n<meta property=\"og:type\" content=\"article\" \/>\n<meta property=\"og:title\" content=\"ROCKET AIR - Elevatesurf\" \/>\n<meta property=\"og:description\" content=\"Elevatesurf ROCKET AIR\" \/>\n<meta property=\"og:url\" content=\"https:\/\/elevatesurf.ch\/fr\/product\/rocket-air\/\" \/>\n<meta property=\"og:site_name\" content=\"Elevatesurf\" \/>\n<meta property=\"article:modified_time\" content=\"2026-05-10T20:36:33+00:00\" \/>\n<meta name=\"twitter:card\" content=\"summary_large_image\" \/>\n<meta name=\"twitter:label1\" content=\"Dur\u00e9e de lecture estim\u00e9e\" \/>\n\t<meta name=\"twitter:data1\" content=\"1 minute\" \/>\n<script type=\"application\/ld+json\" class=\"yoast-schema-graph\">{\"@context\":\"https:\/\/schema.org\",\"@graph\":[{\"@type\":[\"WebPage\",\"ItemPage\"],\"@id\":\"https:\/\/elevatesurf.ch\/fr\/product\/rocket-air\/\",\"url\":\"https:\/\/elevatesurf.ch\/fr\/product\/rocket-air\/\",\"name\":\"ROCKET AIR - Elevatesurf\",\"isPartOf\":{\"@id\":\"https:\/\/elevatesurf.ch\/#website\"},\"primaryImageOfPage\":{\"@id\":\"https:\/\/elevatesurf.ch\/fr\/product\/rocket-air\/#primaryimage\"},\"image\":{\"@id\":\"https:\/\/elevatesurf.ch\/fr\/product\/rocket-air\/#primaryimage\"},\"thumbnailUrl\":\"https:\/\/elevatesurf.ch\/wp-content\/uploads\/2026\/05\/rocket-air-2.png\",\"datePublished\":\"2026-05-10T17:21:14+00:00\",\"dateModified\":\"2026-05-10T20:36:33+00:00\",\"description\":\"Elevatesurf ROCKET AIR\",\"breadcrumb\":{\"@id\":\"https:\/\/elevatesurf.ch\/fr\/product\/rocket-air\/#breadcrumb\"},\"inLanguage\":\"fr-FR\",\"potentialAction\":[{\"@type\":\"ReadAction\",\"target\":[\"https:\/\/elevatesurf.ch\/fr\/product\/rocket-air\/\"]}]},{\"@type\":\"ImageObject\",\"inLanguage\":\"fr-FR\",\"@id\":\"https:\/\/elevatesurf.ch\/fr\/product\/rocket-air\/#primaryimage\",\"url\":\"https:\/\/elevatesurf.ch\/wp-content\/uploads\/2026\/05\/rocket-air-2.png\",\"contentUrl\":\"https:\/\/elevatesurf.ch\/wp-content\/uploads\/2026\/05\/rocket-air-2.png\",\"width\":2000,\"height\":2000},{\"@type\":\"BreadcrumbList\",\"@id\":\"https:\/\/elevatesurf.ch\/fr\/product\/rocket-air\/#breadcrumb\",\"itemListElement\":[{\"@type\":\"ListItem\",\"position\":1,\"name\":\"Accueil\",\"item\":\"https:\/\/elevatesurf.ch\/\"},{\"@type\":\"ListItem\",\"position\":2,\"name\":\"Shop &#8211; \u00c9levez Votre Exp\u00e9rience de Surf avec Notre Collection\",\"item\":\"https:\/\/elevatesurf.ch\/shop\/\"},{\"@type\":\"ListItem\",\"position\":3,\"name\":\"ROCKET AIR\"}]},{\"@type\":\"WebSite\",\"@id\":\"https:\/\/elevatesurf.ch\/#website\",\"url\":\"https:\/\/elevatesurf.ch\/\",\"name\":\"Elevatesurf\",\"description\":\"Surfez vers de nouveaux sommets avec ElevateSurf ! Kiteshop, Wingshop\",\"publisher\":{\"@id\":\"https:\/\/elevatesurf.ch\/#organization\"},\"potentialAction\":[{\"@type\":\"SearchAction\",\"target\":{\"@type\":\"EntryPoint\",\"urlTemplate\":\"https:\/\/elevatesurf.ch\/?s={search_term_string}\"},\"query-input\":\"required name=search_term_string\"}],\"inLanguage\":\"fr-FR\"},{\"@type\":\"Organization\",\"@id\":\"https:\/\/elevatesurf.ch\/#organization\",\"name\":\"Elevatesurf\",\"url\":\"https:\/\/elevatesurf.ch\/\",\"logo\":{\"@type\":\"ImageObject\",\"inLanguage\":\"fr-FR\",\"@id\":\"https:\/\/elevatesurf.ch\/#\/schema\/logo\/image\/\",\"url\":\"https:\/\/elevatesurf.ch\/wp-content\/uploads\/2024\/06\/67c2ec70-bdf5-4c14-898a-ded5b2051398.jpg\",\"contentUrl\":\"https:\/\/elevatesurf.ch\/wp-content\/uploads\/2024\/06\/67c2ec70-bdf5-4c14-898a-ded5b2051398.jpg\",\"width\":1024,\"height\":1024,\"caption\":\"Elevatesurf\"},\"image\":{\"@id\":\"https:\/\/elevatesurf.ch\/#\/schema\/logo\/image\/\"},\"sameAs\":[\"https:\/\/www.instagram.com\/elevate__surf\/\"]}]}<\/script>\n<!-- \/ Yoast SEO plugin. -->","yoast_head_json":{"title":"ROCKET AIR - Elevatesurf","description":"Elevatesurf ROCKET AIR","robots":{"index":"index","follow":"follow","max-snippet":"max-snippet:-1","max-image-preview":"max-image-preview:large","max-video-preview":"max-video-preview:-1"},"canonical":"https:\/\/elevatesurf.ch\/fr\/product\/rocket-air\/","og_locale":"fr_FR","og_type":"article","og_title":"ROCKET AIR - Elevatesurf","og_description":"Elevatesurf ROCKET AIR","og_url":"https:\/\/elevatesurf.ch\/fr\/product\/rocket-air\/","og_site_name":"Elevatesurf","article_modified_time":"2026-05-10T20:36:33+00:00","twitter_card":"summary_large_image","twitter_misc":{"Dur\u00e9e de lecture estim\u00e9e":"1 minute"},"schema":{"@context":"https:\/\/schema.org","@graph":[{"@type":["WebPage","ItemPage"],"@id":"https:\/\/elevatesurf.ch\/fr\/product\/rocket-air\/","url":"https:\/\/elevatesurf.ch\/fr\/product\/rocket-air\/","name":"ROCKET AIR - Elevatesurf","isPartOf":{"@id":"https:\/\/elevatesurf.ch\/#website"},"primaryImageOfPage":{"@id":"https:\/\/elevatesurf.ch\/fr\/product\/rocket-air\/#primaryimage"},"image":{"@id":"https:\/\/elevatesurf.ch\/fr\/product\/rocket-air\/#primaryimage"},"thumbnailUrl":"https:\/\/elevatesurf.ch\/wp-content\/uploads\/2026\/05\/rocket-air-2.png","datePublished":"2026-05-10T17:21:14+00:00","dateModified":"2026-05-10T20:36:33+00:00","description":"Elevatesurf ROCKET AIR","breadcrumb":{"@id":"https:\/\/elevatesurf.ch\/fr\/product\/rocket-air\/#breadcrumb"},"inLanguage":"fr-FR","potentialAction":[{"@type":"ReadAction","target":["https:\/\/elevatesurf.ch\/fr\/product\/rocket-air\/"]}]},{"@type":"ImageObject","inLanguage":"fr-FR","@id":"https:\/\/elevatesurf.ch\/fr\/product\/rocket-air\/#primaryimage","url":"https:\/\/elevatesurf.ch\/wp-content\/uploads\/2026\/05\/rocket-air-2.png","contentUrl":"https:\/\/elevatesurf.ch\/wp-content\/uploads\/2026\/05\/rocket-air-2.png","width":2000,"height":2000},{"@type":"BreadcrumbList","@id":"https:\/\/elevatesurf.ch\/fr\/product\/rocket-air\/#breadcrumb","itemListElement":[{"@type":"ListItem","position":1,"name":"Accueil","item":"https:\/\/elevatesurf.ch\/"},{"@type":"ListItem","position":2,"name":"Shop &#8211; \u00c9levez Votre Exp\u00e9rience de Surf avec Notre Collection","item":"https:\/\/elevatesurf.ch\/shop\/"},{"@type":"ListItem","position":3,"name":"ROCKET AIR"}]},{"@type":"WebSite","@id":"https:\/\/elevatesurf.ch\/#website","url":"https:\/\/elevatesurf.ch\/","name":"Elevatesurf","description":"Surfez vers de nouveaux sommets avec ElevateSurf ! Kiteshop, Wingshop","publisher":{"@id":"https:\/\/elevatesurf.ch\/#organization"},"potentialAction":[{"@type":"SearchAction","target":{"@type":"EntryPoint","urlTemplate":"https:\/\/elevatesurf.ch\/?s={search_term_string}"},"query-input":"required name=search_term_string"}],"inLanguage":"fr-FR"},{"@type":"Organization","@id":"https:\/\/elevatesurf.ch\/#organization","name":"Elevatesurf","url":"https:\/\/elevatesurf.ch\/","logo":{"@type":"ImageObject","inLanguage":"fr-FR","@id":"https:\/\/elevatesurf.ch\/#\/schema\/logo\/image\/","url":"https:\/\/elevatesurf.ch\/wp-content\/uploads\/2024\/06\/67c2ec70-bdf5-4c14-898a-ded5b2051398.jpg","contentUrl":"https:\/\/elevatesurf.ch\/wp-content\/uploads\/2024\/06\/67c2ec70-bdf5-4c14-898a-ded5b2051398.jpg","width":1024,"height":1024,"caption":"Elevatesurf"},"image":{"@id":"https:\/\/elevatesurf.ch\/#\/schema\/logo\/image\/"},"sameAs":["https:\/\/www.instagram.com\/elevate__surf\/"]}]}},"_links":{"self":[{"href":"https:\/\/elevatesurf.ch\/fr\/wp-json\/wp\/v2\/product\/27630","targetHints":{"allow":["GET"]}}],"collection":[{"href":"https:\/\/elevatesurf.ch\/fr\/wp-json\/wp\/v2\/product"}],"about":[{"href":"https:\/\/elevatesurf.ch\/fr\/wp-json\/wp\/v2\/types\/product"}],"replies":[{"embeddable":true,"href":"https:\/\/elevatesurf.ch\/fr\/wp-json\/wp\/v2\/comments?post=27630"}],"wp:featuredmedia":[{"embeddable":true,"href":"https:\/\/elevatesurf.ch\/fr\/wp-json\/wp\/v2\/media\/27628"}],"wp:attachment":[{"href":"https:\/\/elevatesurf.ch\/fr\/wp-json\/wp\/v2\/media?parent=27630"}],"wp:term":[{"taxonomy":"product_cat","embeddable":true,"href":"https:\/\/elevatesurf.ch\/fr\/wp-json\/wp\/v2\/product_cat?post=27630"},{"taxonomy":"product_tag","embeddable":true,"href":"https:\/\/elevatesurf.ch\/fr\/wp-json\/wp\/v2\/product_tag?post=27630"}],"curies":[{"name":"wp","href":"https:\/\/api.w.org\/{rel}","templated":true}]}}