{"id":27642,"date":"2026-05-10T17:21:47","date_gmt":"2026-05-10T17:21:47","guid":{"rendered":"https:\/\/elevatesurf.ch\/fr\/product\/fw-eagle-990\/"},"modified":"2026-05-10T20:36:33","modified_gmt":"2026-05-10T20:36:33","slug":"fw-eagle-990","status":"publish","type":"product","link":"https:\/\/elevatesurf.ch\/fr\/product\/fw-eagle-990\/","title":{"rendered":"FW EAGLE 990"},"content":{"rendered":"<ul>\n<li>Con\u00e7u pour le surf au large Outline optimis\u00e9 et winglets r\u00e9duits pour une maniabilit\u00e9 exceptionnelle<\/li>\n<li>Drive dynamique et acc\u00e9l\u00e9ration<\/li>\n<li>Lift et accessibilit\u00e9<\/li>\n<li>Polyvalent dans toutes les disciplines et conditions<\/li>\n<li>Dynamic Structural Design: Layup optimis\u00e9 pour plus de contr\u00f4le et stabilit\u00e9<\/li>\n<li>Connection TITAN 2 pour plus de pr\u00e9cision et sensations directes<\/li>\n<\/ul>\n<p>L\u2019\u00e9mergence de nouvelles disciplines comme la K-WING ou la Pocket Wing ouvre la voie \u00e0 une pratique du downwind plus accessible, sans les inconv\u00e9nients d\u2019une wing encombrante en freefly ou d\u2019un take-off exigeant \u00e0 la pagaie.<\/p>\n<p>Dans cette dynamique, de plus en plus de riders vont se tourner vers une approche \u201cOcean Surfing\u201d : une pratique du downwind ax\u00e9e sur le carving, en surfant les bumps comme une vague infinie, au large, loin de la foule. La seconde version de la EAGLE est la r\u00e9ponse id\u00e9ale \u00e0 cette discipline, gr\u00e2ce \u00e0 son \u00e9quilibre unique entre performance et accessibilit\u00e9, glide et maniabilit\u00e9. Sa plage basse rassurante permet un d\u00e9collage facile et un ride fluide, en toute confiance. Son allongement (AR 9.5) lui apporte la glisse n\u00e9cessaire pour connecter les bumps sans effort, avec un maximum de flow.<\/p>\n<p>L\u00e0 o\u00f9 la EAGLE se distingue vraiment des autres foils de downwind, c\u2019est par sa maniabilit\u00e9, largement optimis\u00e9e gr\u00e2ce \u00e0 ses winglets r\u00e9duits et son nouvel outline affin\u00e9 aux extr\u00e9mit\u00e9s. Nous avons particuli\u00e8rement travaill\u00e9 sur les diff\u00e9rentes phases d\u2019un turn : du roll (rail-to-rail) jusqu\u2019\u00e0 la sortie de courbe en passant par la stabilit\u00e9 en pitch. Chaque mouvement s\u2019encha\u00eene naturellement, sans effort, tout en restant parfaitement stable. Un comportement id\u00e9al, aussi bien pour les riders qui d\u00e9couvrent le carving que pour les plus engag\u00e9s qui veulent appuyer fort et dessiner des courbes serr\u00e9es.<\/p>\n<p>Enfin, c\u2019est le profil sp\u00e9cifique de cette nouvelle EAGLE qui fait toute la diff\u00e9rence. M\u00eame avec une excellente plage basse, elle conserve un drive puissant et efficace : elle capte la moindre \u00e9nergie des bumps et la transforme en acc\u00e9l\u00e9ration vers l\u2019avant.<\/p>\n<p>Un foil capable de projeter vers l\u2019avant permet de sortir de la trajectoire lin\u00e9aire et de carver librement sur les bumps, car l\u2019acc\u00e9l\u00e9ration g\u00e9n\u00e9r\u00e9e compense la distance suppl\u00e9mentaire.\u00a0 C\u2019est exactement ce que propose la EAGLE : un foil qui g\u00e9n\u00e8re naturellement du drive et de la vitesse, pour conserver l\u2019\u00e9nergie dans les courbes et tracer sa propre ligne, sans se faire doubler par le bump ni perdre involontairement son \u00e9lan.<\/p>\n<p>Dans ce programme \u00ab Ocean Surfing \u00bb, la EAGLE excelle dans des bumps plut\u00f4t raides et\/ou lents (vent fort, p\u00e9riode courte), tandis que la EAGLE X sera plus adapt\u00e9e \u00e0 des bumps rapides et\/ou plus arrondis (vent faible, houle longue).<\/p>\n<p>Disponible en sept tailles (690 \u00e0 1290 cm\u00b2), la EAGLE est id\u00e9ale pour les riders \u00e0 la recherche de performance en downwind carving, ainsi que d\u2019une polyvalence totale que ce soit en Pocket Wing, K-Wing, freeride, ou pour tracer des lignes infinies en downwind avec un SUP.<\/p>\n","protected":false},"excerpt":{"rendered":"<p>Le nouvel EAGLE est un foil downwind de performance con\u00e7u pour le carving au large. Avec son allongement de 9.5, ce foil offre une glisse sans effort et un take-off rapide, tandis que ses winglets r\u00e9duits et ses wingtips affin\u00e9s apportent un niveau de maniabilit\u00e9 rarement rencontr\u00e9 sur les foils de downwind. Combin\u00e9 \u00e0 un drive efficace, il vous permet de carver librement et d\u2019encha\u00eener les bumps avec fluidit\u00e9 et pr\u00e9cision.<\/p>\n","protected":false},"featured_media":27639,"comment_status":"open","ping_status":"closed","template":"","meta":[],"product_cat":[1040,1044],"product_tag":[],"class_list":{"0":"post-27642","1":"product","2":"type-product","3":"status-publish","4":"has-post-thumbnail","6":"product_cat-foil","7":"product_cat-front-wing","8":"product_brand-f-one","10":"first","11":"outofstock","12":"shipping-taxable","13":"purchasable","14":"product-type-simple"},"yoast_head":"<!-- This site is optimized with the Yoast SEO plugin v22.8 - https:\/\/yoast.com\/wordpress\/plugins\/seo\/ -->\n<title>FW EAGLE 990 - Elevatesurf<\/title>\n<meta name=\"description\" content=\"Elevatesurf FW EAGLE 990\" \/>\n<meta name=\"robots\" content=\"index, follow, max-snippet:-1, max-image-preview:large, max-video-preview:-1\" \/>\n<link rel=\"canonical\" href=\"https:\/\/elevatesurf.ch\/fr\/product\/fw-eagle-990\/\" \/>\n<meta property=\"og:locale\" content=\"fr_FR\" \/>\n<meta property=\"og:type\" content=\"article\" \/>\n<meta property=\"og:title\" content=\"FW EAGLE 990 - Elevatesurf\" \/>\n<meta property=\"og:description\" content=\"Elevatesurf FW EAGLE 990\" \/>\n<meta property=\"og:url\" content=\"https:\/\/elevatesurf.ch\/fr\/product\/fw-eagle-990\/\" \/>\n<meta property=\"og:site_name\" content=\"Elevatesurf\" \/>\n<meta property=\"article:modified_time\" content=\"2026-05-10T20:36:33+00:00\" \/>\n<meta name=\"twitter:card\" content=\"summary_large_image\" \/>\n<meta name=\"twitter:label1\" content=\"Dur\u00e9e de lecture estim\u00e9e\" \/>\n\t<meta name=\"twitter:data1\" content=\"3 minutes\" \/>\n<script type=\"application\/ld+json\" class=\"yoast-schema-graph\">{\"@context\":\"https:\/\/schema.org\",\"@graph\":[{\"@type\":[\"WebPage\",\"ItemPage\"],\"@id\":\"https:\/\/elevatesurf.ch\/fr\/product\/fw-eagle-990\/\",\"url\":\"https:\/\/elevatesurf.ch\/fr\/product\/fw-eagle-990\/\",\"name\":\"FW EAGLE 990 - Elevatesurf\",\"isPartOf\":{\"@id\":\"https:\/\/elevatesurf.ch\/#website\"},\"primaryImageOfPage\":{\"@id\":\"https:\/\/elevatesurf.ch\/fr\/product\/fw-eagle-990\/#primaryimage\"},\"image\":{\"@id\":\"https:\/\/elevatesurf.ch\/fr\/product\/fw-eagle-990\/#primaryimage\"},\"thumbnailUrl\":\"https:\/\/elevatesurf.ch\/wp-content\/uploads\/2026\/05\/fw-eagle-990.png\",\"datePublished\":\"2026-05-10T17:21:47+00:00\",\"dateModified\":\"2026-05-10T20:36:33+00:00\",\"description\":\"Elevatesurf FW EAGLE 990\",\"breadcrumb\":{\"@id\":\"https:\/\/elevatesurf.ch\/fr\/product\/fw-eagle-990\/#breadcrumb\"},\"inLanguage\":\"fr-FR\",\"potentialAction\":[{\"@type\":\"ReadAction\",\"target\":[\"https:\/\/elevatesurf.ch\/fr\/product\/fw-eagle-990\/\"]}]},{\"@type\":\"ImageObject\",\"inLanguage\":\"fr-FR\",\"@id\":\"https:\/\/elevatesurf.ch\/fr\/product\/fw-eagle-990\/#primaryimage\",\"url\":\"https:\/\/elevatesurf.ch\/wp-content\/uploads\/2026\/05\/fw-eagle-990.png\",\"contentUrl\":\"https:\/\/elevatesurf.ch\/wp-content\/uploads\/2026\/05\/fw-eagle-990.png\",\"width\":2000,\"height\":2000},{\"@type\":\"BreadcrumbList\",\"@id\":\"https:\/\/elevatesurf.ch\/fr\/product\/fw-eagle-990\/#breadcrumb\",\"itemListElement\":[{\"@type\":\"ListItem\",\"position\":1,\"name\":\"Accueil\",\"item\":\"https:\/\/elevatesurf.ch\/\"},{\"@type\":\"ListItem\",\"position\":2,\"name\":\"Shop &#8211; \u00c9levez Votre Exp\u00e9rience de Surf avec Notre Collection\",\"item\":\"https:\/\/elevatesurf.ch\/shop\/\"},{\"@type\":\"ListItem\",\"position\":3,\"name\":\"FW EAGLE 990\"}]},{\"@type\":\"WebSite\",\"@id\":\"https:\/\/elevatesurf.ch\/#website\",\"url\":\"https:\/\/elevatesurf.ch\/\",\"name\":\"Elevatesurf\",\"description\":\"Surfez vers de nouveaux sommets avec ElevateSurf ! Kiteshop, Wingshop\",\"publisher\":{\"@id\":\"https:\/\/elevatesurf.ch\/#organization\"},\"potentialAction\":[{\"@type\":\"SearchAction\",\"target\":{\"@type\":\"EntryPoint\",\"urlTemplate\":\"https:\/\/elevatesurf.ch\/?s={search_term_string}\"},\"query-input\":\"required name=search_term_string\"}],\"inLanguage\":\"fr-FR\"},{\"@type\":\"Organization\",\"@id\":\"https:\/\/elevatesurf.ch\/#organization\",\"name\":\"Elevatesurf\",\"url\":\"https:\/\/elevatesurf.ch\/\",\"logo\":{\"@type\":\"ImageObject\",\"inLanguage\":\"fr-FR\",\"@id\":\"https:\/\/elevatesurf.ch\/#\/schema\/logo\/image\/\",\"url\":\"https:\/\/elevatesurf.ch\/wp-content\/uploads\/2024\/06\/67c2ec70-bdf5-4c14-898a-ded5b2051398.jpg\",\"contentUrl\":\"https:\/\/elevatesurf.ch\/wp-content\/uploads\/2024\/06\/67c2ec70-bdf5-4c14-898a-ded5b2051398.jpg\",\"width\":1024,\"height\":1024,\"caption\":\"Elevatesurf\"},\"image\":{\"@id\":\"https:\/\/elevatesurf.ch\/#\/schema\/logo\/image\/\"},\"sameAs\":[\"https:\/\/www.instagram.com\/elevate__surf\/\"]}]}<\/script>\n<!-- \/ Yoast SEO plugin. -->","yoast_head_json":{"title":"FW EAGLE 990 - Elevatesurf","description":"Elevatesurf FW EAGLE 990","robots":{"index":"index","follow":"follow","max-snippet":"max-snippet:-1","max-image-preview":"max-image-preview:large","max-video-preview":"max-video-preview:-1"},"canonical":"https:\/\/elevatesurf.ch\/fr\/product\/fw-eagle-990\/","og_locale":"fr_FR","og_type":"article","og_title":"FW EAGLE 990 - Elevatesurf","og_description":"Elevatesurf FW EAGLE 990","og_url":"https:\/\/elevatesurf.ch\/fr\/product\/fw-eagle-990\/","og_site_name":"Elevatesurf","article_modified_time":"2026-05-10T20:36:33+00:00","twitter_card":"summary_large_image","twitter_misc":{"Dur\u00e9e de lecture estim\u00e9e":"3 minutes"},"schema":{"@context":"https:\/\/schema.org","@graph":[{"@type":["WebPage","ItemPage"],"@id":"https:\/\/elevatesurf.ch\/fr\/product\/fw-eagle-990\/","url":"https:\/\/elevatesurf.ch\/fr\/product\/fw-eagle-990\/","name":"FW EAGLE 990 - Elevatesurf","isPartOf":{"@id":"https:\/\/elevatesurf.ch\/#website"},"primaryImageOfPage":{"@id":"https:\/\/elevatesurf.ch\/fr\/product\/fw-eagle-990\/#primaryimage"},"image":{"@id":"https:\/\/elevatesurf.ch\/fr\/product\/fw-eagle-990\/#primaryimage"},"thumbnailUrl":"https:\/\/elevatesurf.ch\/wp-content\/uploads\/2026\/05\/fw-eagle-990.png","datePublished":"2026-05-10T17:21:47+00:00","dateModified":"2026-05-10T20:36:33+00:00","description":"Elevatesurf FW EAGLE 990","breadcrumb":{"@id":"https:\/\/elevatesurf.ch\/fr\/product\/fw-eagle-990\/#breadcrumb"},"inLanguage":"fr-FR","potentialAction":[{"@type":"ReadAction","target":["https:\/\/elevatesurf.ch\/fr\/product\/fw-eagle-990\/"]}]},{"@type":"ImageObject","inLanguage":"fr-FR","@id":"https:\/\/elevatesurf.ch\/fr\/product\/fw-eagle-990\/#primaryimage","url":"https:\/\/elevatesurf.ch\/wp-content\/uploads\/2026\/05\/fw-eagle-990.png","contentUrl":"https:\/\/elevatesurf.ch\/wp-content\/uploads\/2026\/05\/fw-eagle-990.png","width":2000,"height":2000},{"@type":"BreadcrumbList","@id":"https:\/\/elevatesurf.ch\/fr\/product\/fw-eagle-990\/#breadcrumb","itemListElement":[{"@type":"ListItem","position":1,"name":"Accueil","item":"https:\/\/elevatesurf.ch\/"},{"@type":"ListItem","position":2,"name":"Shop &#8211; \u00c9levez Votre Exp\u00e9rience de Surf avec Notre Collection","item":"https:\/\/elevatesurf.ch\/shop\/"},{"@type":"ListItem","position":3,"name":"FW EAGLE 990"}]},{"@type":"WebSite","@id":"https:\/\/elevatesurf.ch\/#website","url":"https:\/\/elevatesurf.ch\/","name":"Elevatesurf","description":"Surfez vers de nouveaux sommets avec ElevateSurf ! Kiteshop, Wingshop","publisher":{"@id":"https:\/\/elevatesurf.ch\/#organization"},"potentialAction":[{"@type":"SearchAction","target":{"@type":"EntryPoint","urlTemplate":"https:\/\/elevatesurf.ch\/?s={search_term_string}"},"query-input":"required name=search_term_string"}],"inLanguage":"fr-FR"},{"@type":"Organization","@id":"https:\/\/elevatesurf.ch\/#organization","name":"Elevatesurf","url":"https:\/\/elevatesurf.ch\/","logo":{"@type":"ImageObject","inLanguage":"fr-FR","@id":"https:\/\/elevatesurf.ch\/#\/schema\/logo\/image\/","url":"https:\/\/elevatesurf.ch\/wp-content\/uploads\/2024\/06\/67c2ec70-bdf5-4c14-898a-ded5b2051398.jpg","contentUrl":"https:\/\/elevatesurf.ch\/wp-content\/uploads\/2024\/06\/67c2ec70-bdf5-4c14-898a-ded5b2051398.jpg","width":1024,"height":1024,"caption":"Elevatesurf"},"image":{"@id":"https:\/\/elevatesurf.ch\/#\/schema\/logo\/image\/"},"sameAs":["https:\/\/www.instagram.com\/elevate__surf\/"]}]}},"_links":{"self":[{"href":"https:\/\/elevatesurf.ch\/fr\/wp-json\/wp\/v2\/product\/27642","targetHints":{"allow":["GET"]}}],"collection":[{"href":"https:\/\/elevatesurf.ch\/fr\/wp-json\/wp\/v2\/product"}],"about":[{"href":"https:\/\/elevatesurf.ch\/fr\/wp-json\/wp\/v2\/types\/product"}],"replies":[{"embeddable":true,"href":"https:\/\/elevatesurf.ch\/fr\/wp-json\/wp\/v2\/comments?post=27642"}],"wp:featuredmedia":[{"embeddable":true,"href":"https:\/\/elevatesurf.ch\/fr\/wp-json\/wp\/v2\/media\/27639"}],"wp:attachment":[{"href":"https:\/\/elevatesurf.ch\/fr\/wp-json\/wp\/v2\/media?parent=27642"}],"wp:term":[{"taxonomy":"product_cat","embeddable":true,"href":"https:\/\/elevatesurf.ch\/fr\/wp-json\/wp\/v2\/product_cat?post=27642"},{"taxonomy":"product_tag","embeddable":true,"href":"https:\/\/elevatesurf.ch\/fr\/wp-json\/wp\/v2\/product_tag?post=27642"}],"curies":[{"name":"wp","href":"https:\/\/api.w.org\/{rel}","templated":true}]}}