{"id":27644,"date":"2026-05-10T17:21:53","date_gmt":"2026-05-10T17:21:53","guid":{"rendered":"https:\/\/elevatesurf.ch\/fr\/product\/push-away-quick-release-freestyle\/"},"modified":"2026-05-10T20:36:41","modified_gmt":"2026-05-10T20:36:41","slug":"push-away-quick-release-freestyle","status":"publish","type":"product","link":"https:\/\/elevatesurf.ch\/fr\/product\/push-away-quick-release-freestyle\/","title":{"rendered":"PUSH AWAY QUICK RELEASE FREESTYLE"},"content":{"rendered":"<p>Con\u00e7u afin de fonctionner dans toutes les situations critiques, il peut \u00eatre d\u00e9clench\u00e9 aussi bien sous charge que lorsque les lignes sont d\u00e9tendues.<\/p>\n<p>Dans certaines situations d\u2019urgence la barre peut rester bloqu\u00e9e en position bord\u00e9e. Le largueur F-ONE est dot\u00e9 d\u2019une but\u00e9e haute permettant\u00a0 assez de d\u00e9gagement pour toujours pouvoir actionner le largueur dans cette situation critique.<\/p>\n<p>Facile d\u2019utilisation, les gauchers et les droitiers auront autant de facilit\u00e9 \u00e0 le d\u00e9clencher.<\/p>\n<p>La poign\u00e9e du largueur a \u00e9t\u00e9 con\u00e7ue avec une forme ergonomique permettant de facilement la prendre en main pour d\u00e9clencher. Une collerette en mati\u00e8re souple a \u00e9t\u00e9 ajout\u00e9e sur le haut de celle-ci pour am\u00e9liorer le grip et le confort, car lorsque la barre est compl\u00e8tement pivot\u00e9e lors de la navigation, il peut arriver que les mains du rider viennent toucher le largueur.<\/p>\n<p>Sa construction en mat\u00e9riaux haute r\u00e9sistance avec des empi\u00e8cements en acier inoxydable a \u00e9t\u00e9 optimis\u00e9e afin d\u2019offrir un largueur compl\u00e8tement fiable, robuste, et qui ne s\u2019alt\u00e8re pas au fil des utilisations.<\/p>\n<p>Le largueur est dot\u00e9 d\u2019\u00e9lastiques plus rigides et la partie sup\u00e9rieure a \u00e9t\u00e9 raccourcie d\u2019un centim\u00e8tre afin d\u2019obtenir un border\/choquer l\u00e9g\u00e8rement plus long. Il a \u00e9t\u00e9 \u00e9t\u00e9 con\u00e7u afin d\u2019\u00eatre facilement mont\u00e9 sur les barres sans outils.<\/p>\n<p>Test\u00e9 en laboratoire sur plus 1 000 largages, et dans des conditions extr\u00eames, le largueur F-ONE a notamment r\u00e9sist\u00e9 \u00e0 des tests de rupture allant jusqu\u2019\u00e0 700 kilos*.<\/p>\n<p>Son m\u00e9canisme de fonctionnement a \u00e9t\u00e9 optimis\u00e9 afin de\u00a0 pouvoir l\u2019actionner avec un effort minime et ce, m\u00eame sous charge extr\u00eame. Pour une charge de 200 kilos, une force inf\u00e9rieure \u00e0 5 kilos est n\u00e9cessaire pour larguer*. M\u00eame sous une traction de 400 kilos, il est possible de larguer en exer\u00e7ant une force d\u2019environ 10 kilos*.<\/p>\n","protected":false},"excerpt":{"rendered":"<p>Le largueur F-ONE a \u00e9t\u00e9 con\u00e7u afin d\u2019\u00eatre facilement mont\u00e9 sur les barres sans outils.<\/p>\n<p>Il est dot\u00e9 d\u2019\u00e9lastiques rigides et la partie sup\u00e9rieure a \u00e9t\u00e9 raccourcie d\u2019un centim\u00e8tre afin d\u2019obtenir un border\/choquer l\u00e9g\u00e8rement plus long.<\/p>\n<\/p>\n<p>\u00a0<\/p>\n","protected":false},"featured_media":27643,"comment_status":"open","ping_status":"closed","template":"","meta":[],"product_cat":[977,134],"product_tag":[],"class_list":{"0":"post-27644","1":"product","2":"type-product","3":"status-publish","4":"has-post-thumbnail","6":"product_cat-accessoires","7":"product_cat-kites","8":"product_brand-f-one","10":"first","11":"outofstock","12":"shipping-taxable","13":"purchasable","14":"product-type-simple"},"yoast_head":"<!-- This site is optimized with the Yoast SEO plugin v22.8 - https:\/\/yoast.com\/wordpress\/plugins\/seo\/ -->\n<title>PUSH AWAY QUICK RELEASE FREESTYLE - Elevatesurf<\/title>\n<meta name=\"description\" content=\"Elevatesurf PUSH AWAY QUICK RELEASE FREESTYLE\" \/>\n<meta name=\"robots\" content=\"index, follow, max-snippet:-1, max-image-preview:large, max-video-preview:-1\" \/>\n<link rel=\"canonical\" href=\"https:\/\/elevatesurf.ch\/fr\/product\/push-away-quick-release-freestyle\/\" \/>\n<meta property=\"og:locale\" content=\"fr_FR\" \/>\n<meta property=\"og:type\" content=\"article\" \/>\n<meta property=\"og:title\" content=\"PUSH AWAY QUICK RELEASE FREESTYLE - Elevatesurf\" \/>\n<meta property=\"og:description\" content=\"Elevatesurf PUSH AWAY QUICK RELEASE FREESTYLE\" \/>\n<meta property=\"og:url\" content=\"https:\/\/elevatesurf.ch\/fr\/product\/push-away-quick-release-freestyle\/\" \/>\n<meta property=\"og:site_name\" content=\"Elevatesurf\" \/>\n<meta property=\"article:modified_time\" content=\"2026-05-10T20:36:41+00:00\" \/>\n<meta name=\"twitter:card\" content=\"summary_large_image\" \/>\n<meta name=\"twitter:label1\" content=\"Dur\u00e9e de lecture estim\u00e9e\" \/>\n\t<meta name=\"twitter:data1\" content=\"2 minutes\" \/>\n<script type=\"application\/ld+json\" class=\"yoast-schema-graph\">{\"@context\":\"https:\/\/schema.org\",\"@graph\":[{\"@type\":[\"WebPage\",\"ItemPage\"],\"@id\":\"https:\/\/elevatesurf.ch\/fr\/product\/push-away-quick-release-freestyle\/\",\"url\":\"https:\/\/elevatesurf.ch\/fr\/product\/push-away-quick-release-freestyle\/\",\"name\":\"PUSH AWAY QUICK RELEASE FREESTYLE - Elevatesurf\",\"isPartOf\":{\"@id\":\"https:\/\/elevatesurf.ch\/#website\"},\"primaryImageOfPage\":{\"@id\":\"https:\/\/elevatesurf.ch\/fr\/product\/push-away-quick-release-freestyle\/#primaryimage\"},\"image\":{\"@id\":\"https:\/\/elevatesurf.ch\/fr\/product\/push-away-quick-release-freestyle\/#primaryimage\"},\"thumbnailUrl\":\"https:\/\/elevatesurf.ch\/wp-content\/uploads\/2026\/05\/push-away-quick-release-freestyle.jpg\",\"datePublished\":\"2026-05-10T17:21:53+00:00\",\"dateModified\":\"2026-05-10T20:36:41+00:00\",\"description\":\"Elevatesurf PUSH AWAY QUICK RELEASE FREESTYLE\",\"breadcrumb\":{\"@id\":\"https:\/\/elevatesurf.ch\/fr\/product\/push-away-quick-release-freestyle\/#breadcrumb\"},\"inLanguage\":\"fr-FR\",\"potentialAction\":[{\"@type\":\"ReadAction\",\"target\":[\"https:\/\/elevatesurf.ch\/fr\/product\/push-away-quick-release-freestyle\/\"]}]},{\"@type\":\"ImageObject\",\"inLanguage\":\"fr-FR\",\"@id\":\"https:\/\/elevatesurf.ch\/fr\/product\/push-away-quick-release-freestyle\/#primaryimage\",\"url\":\"https:\/\/elevatesurf.ch\/wp-content\/uploads\/2026\/05\/push-away-quick-release-freestyle.jpg\",\"contentUrl\":\"https:\/\/elevatesurf.ch\/wp-content\/uploads\/2026\/05\/push-away-quick-release-freestyle.jpg\",\"width\":1200,\"height\":1200},{\"@type\":\"BreadcrumbList\",\"@id\":\"https:\/\/elevatesurf.ch\/fr\/product\/push-away-quick-release-freestyle\/#breadcrumb\",\"itemListElement\":[{\"@type\":\"ListItem\",\"position\":1,\"name\":\"Accueil\",\"item\":\"https:\/\/elevatesurf.ch\/\"},{\"@type\":\"ListItem\",\"position\":2,\"name\":\"Shop &#8211; \u00c9levez Votre Exp\u00e9rience de Surf avec Notre Collection\",\"item\":\"https:\/\/elevatesurf.ch\/shop\/\"},{\"@type\":\"ListItem\",\"position\":3,\"name\":\"PUSH AWAY QUICK RELEASE FREESTYLE\"}]},{\"@type\":\"WebSite\",\"@id\":\"https:\/\/elevatesurf.ch\/#website\",\"url\":\"https:\/\/elevatesurf.ch\/\",\"name\":\"Elevatesurf\",\"description\":\"Surfez vers de nouveaux sommets avec ElevateSurf ! Kiteshop, Wingshop\",\"publisher\":{\"@id\":\"https:\/\/elevatesurf.ch\/#organization\"},\"potentialAction\":[{\"@type\":\"SearchAction\",\"target\":{\"@type\":\"EntryPoint\",\"urlTemplate\":\"https:\/\/elevatesurf.ch\/?s={search_term_string}\"},\"query-input\":\"required name=search_term_string\"}],\"inLanguage\":\"fr-FR\"},{\"@type\":\"Organization\",\"@id\":\"https:\/\/elevatesurf.ch\/#organization\",\"name\":\"Elevatesurf\",\"url\":\"https:\/\/elevatesurf.ch\/\",\"logo\":{\"@type\":\"ImageObject\",\"inLanguage\":\"fr-FR\",\"@id\":\"https:\/\/elevatesurf.ch\/#\/schema\/logo\/image\/\",\"url\":\"https:\/\/elevatesurf.ch\/wp-content\/uploads\/2024\/06\/67c2ec70-bdf5-4c14-898a-ded5b2051398.jpg\",\"contentUrl\":\"https:\/\/elevatesurf.ch\/wp-content\/uploads\/2024\/06\/67c2ec70-bdf5-4c14-898a-ded5b2051398.jpg\",\"width\":1024,\"height\":1024,\"caption\":\"Elevatesurf\"},\"image\":{\"@id\":\"https:\/\/elevatesurf.ch\/#\/schema\/logo\/image\/\"},\"sameAs\":[\"https:\/\/www.instagram.com\/elevate__surf\/\"]}]}<\/script>\n<!-- \/ Yoast SEO plugin. -->","yoast_head_json":{"title":"PUSH AWAY QUICK RELEASE FREESTYLE - Elevatesurf","description":"Elevatesurf PUSH AWAY QUICK RELEASE FREESTYLE","robots":{"index":"index","follow":"follow","max-snippet":"max-snippet:-1","max-image-preview":"max-image-preview:large","max-video-preview":"max-video-preview:-1"},"canonical":"https:\/\/elevatesurf.ch\/fr\/product\/push-away-quick-release-freestyle\/","og_locale":"fr_FR","og_type":"article","og_title":"PUSH AWAY QUICK RELEASE FREESTYLE - Elevatesurf","og_description":"Elevatesurf PUSH AWAY QUICK RELEASE FREESTYLE","og_url":"https:\/\/elevatesurf.ch\/fr\/product\/push-away-quick-release-freestyle\/","og_site_name":"Elevatesurf","article_modified_time":"2026-05-10T20:36:41+00:00","twitter_card":"summary_large_image","twitter_misc":{"Dur\u00e9e de lecture estim\u00e9e":"2 minutes"},"schema":{"@context":"https:\/\/schema.org","@graph":[{"@type":["WebPage","ItemPage"],"@id":"https:\/\/elevatesurf.ch\/fr\/product\/push-away-quick-release-freestyle\/","url":"https:\/\/elevatesurf.ch\/fr\/product\/push-away-quick-release-freestyle\/","name":"PUSH AWAY QUICK RELEASE FREESTYLE - Elevatesurf","isPartOf":{"@id":"https:\/\/elevatesurf.ch\/#website"},"primaryImageOfPage":{"@id":"https:\/\/elevatesurf.ch\/fr\/product\/push-away-quick-release-freestyle\/#primaryimage"},"image":{"@id":"https:\/\/elevatesurf.ch\/fr\/product\/push-away-quick-release-freestyle\/#primaryimage"},"thumbnailUrl":"https:\/\/elevatesurf.ch\/wp-content\/uploads\/2026\/05\/push-away-quick-release-freestyle.jpg","datePublished":"2026-05-10T17:21:53+00:00","dateModified":"2026-05-10T20:36:41+00:00","description":"Elevatesurf PUSH AWAY QUICK RELEASE FREESTYLE","breadcrumb":{"@id":"https:\/\/elevatesurf.ch\/fr\/product\/push-away-quick-release-freestyle\/#breadcrumb"},"inLanguage":"fr-FR","potentialAction":[{"@type":"ReadAction","target":["https:\/\/elevatesurf.ch\/fr\/product\/push-away-quick-release-freestyle\/"]}]},{"@type":"ImageObject","inLanguage":"fr-FR","@id":"https:\/\/elevatesurf.ch\/fr\/product\/push-away-quick-release-freestyle\/#primaryimage","url":"https:\/\/elevatesurf.ch\/wp-content\/uploads\/2026\/05\/push-away-quick-release-freestyle.jpg","contentUrl":"https:\/\/elevatesurf.ch\/wp-content\/uploads\/2026\/05\/push-away-quick-release-freestyle.jpg","width":1200,"height":1200},{"@type":"BreadcrumbList","@id":"https:\/\/elevatesurf.ch\/fr\/product\/push-away-quick-release-freestyle\/#breadcrumb","itemListElement":[{"@type":"ListItem","position":1,"name":"Accueil","item":"https:\/\/elevatesurf.ch\/"},{"@type":"ListItem","position":2,"name":"Shop &#8211; \u00c9levez Votre Exp\u00e9rience de Surf avec Notre Collection","item":"https:\/\/elevatesurf.ch\/shop\/"},{"@type":"ListItem","position":3,"name":"PUSH AWAY QUICK RELEASE FREESTYLE"}]},{"@type":"WebSite","@id":"https:\/\/elevatesurf.ch\/#website","url":"https:\/\/elevatesurf.ch\/","name":"Elevatesurf","description":"Surfez vers de nouveaux sommets avec ElevateSurf ! Kiteshop, Wingshop","publisher":{"@id":"https:\/\/elevatesurf.ch\/#organization"},"potentialAction":[{"@type":"SearchAction","target":{"@type":"EntryPoint","urlTemplate":"https:\/\/elevatesurf.ch\/?s={search_term_string}"},"query-input":"required name=search_term_string"}],"inLanguage":"fr-FR"},{"@type":"Organization","@id":"https:\/\/elevatesurf.ch\/#organization","name":"Elevatesurf","url":"https:\/\/elevatesurf.ch\/","logo":{"@type":"ImageObject","inLanguage":"fr-FR","@id":"https:\/\/elevatesurf.ch\/#\/schema\/logo\/image\/","url":"https:\/\/elevatesurf.ch\/wp-content\/uploads\/2024\/06\/67c2ec70-bdf5-4c14-898a-ded5b2051398.jpg","contentUrl":"https:\/\/elevatesurf.ch\/wp-content\/uploads\/2024\/06\/67c2ec70-bdf5-4c14-898a-ded5b2051398.jpg","width":1024,"height":1024,"caption":"Elevatesurf"},"image":{"@id":"https:\/\/elevatesurf.ch\/#\/schema\/logo\/image\/"},"sameAs":["https:\/\/www.instagram.com\/elevate__surf\/"]}]}},"_links":{"self":[{"href":"https:\/\/elevatesurf.ch\/fr\/wp-json\/wp\/v2\/product\/27644","targetHints":{"allow":["GET"]}}],"collection":[{"href":"https:\/\/elevatesurf.ch\/fr\/wp-json\/wp\/v2\/product"}],"about":[{"href":"https:\/\/elevatesurf.ch\/fr\/wp-json\/wp\/v2\/types\/product"}],"replies":[{"embeddable":true,"href":"https:\/\/elevatesurf.ch\/fr\/wp-json\/wp\/v2\/comments?post=27644"}],"wp:featuredmedia":[{"embeddable":true,"href":"https:\/\/elevatesurf.ch\/fr\/wp-json\/wp\/v2\/media\/27643"}],"wp:attachment":[{"href":"https:\/\/elevatesurf.ch\/fr\/wp-json\/wp\/v2\/media?parent=27644"}],"wp:term":[{"taxonomy":"product_cat","embeddable":true,"href":"https:\/\/elevatesurf.ch\/fr\/wp-json\/wp\/v2\/product_cat?post=27644"},{"taxonomy":"product_tag","embeddable":true,"href":"https:\/\/elevatesurf.ch\/fr\/wp-json\/wp\/v2\/product_tag?post=27644"}],"curies":[{"name":"wp","href":"https:\/\/api.w.org\/{rel}","templated":true}]}}