{"id":27680,"date":"2026-05-10T17:23:37","date_gmt":"2026-05-10T17:23:37","guid":{"rendered":"https:\/\/elevatesurf.ch\/fr\/product\/shadow-2\/"},"modified":"2026-05-10T20:36:57","modified_gmt":"2026-05-10T20:36:57","slug":"shadow-2","status":"publish","type":"product","link":"https:\/\/elevatesurf.ch\/fr\/product\/shadow-2\/","title":{"rendered":"SHADOW"},"content":{"rendered":"<p>Pour cette nouvelle \u00e9dition de la SHADOW, nous avons gard\u00e9 toutes les qualit\u00e9s de la planche existante tout en la rendant un peu plus rapide avec encore plus de contr\u00f4le.<\/p>\n<p>Sa car\u00e8ne et son round pintail sont dessin\u00e9s pour une glisse, une maniabilit\u00e9 et une fluidit\u00e9 impressionnante. Con\u00e7ue pour donner confiance dans chaque turns et passage de rail \u00e0 rail, son ergonomie de pont avec le camel deck et son volume mod\u00e9r\u00e9 procurent un contr\u00f4le hors-pair<\/p>\n<p>Cette ann\u00e9e, la SHADOW pr\u00e9sente un concave l\u00e9g\u00e8rement plus profond sur la car\u00e8ne dans la zone entre les pieds avant et arri\u00e8re, ce qui augmente son potentiel de vitesse et de planing. Ainsi, la planche remonte encore mieux au vent pour prendre toujours plus de vagues. Cette nouvelle SHADOW est encore plus performante dans une plus grande vari\u00e9t\u00e9 de vagues et vous surprendra par son potentiel d\u2019acc\u00e9l\u00e9ration dans les turns, vous projetant facilement vers le prochain move ou la prochaine section.<\/p>\n<p>La transition vers le tail est l\u00e9g\u00e8rement plus large, ce qui redresse l\u2019outline de la planche dans la zone des pieds. Cela augmente ainsi la stabilit\u00e9 pour un ride plus d\u00e9tendu et une meilleure plage basse, d\u00e9voilant ainsi un nouveau potentiel dans les vents plus l\u00e9gers. Les rails sont \u00e9galement plus marqu\u00e9s et plus fins vers le tail, ce qui permet un meilleur contr\u00f4le et des virages plus nets.<\/p>\n<p>Parfaitement \u00e9quilibr\u00e9e et confortable, cette nouvelle SHADOW g\u00e8re la vitesse exceptionnellement bien et adore faire des carves longs tout autant que des turns incisifs. Changer de pieds, tourner et jiber se fait facilement et sans effort. Le retour d\u2019information de la board est instantan\u00e9 et vous donne le flow dont vous avez besoin pour engager de gros bottoms. Les vagues puissantes conviennent particuli\u00e8rement \u00e0 cette planche et sa r\u00e9activit\u00e9 impressionnante, o\u00f9 elle peut v\u00e9ritablement faire valoir son potentiel de vitesse et de carving.<\/p>\n<p>Cette planche est construite en mousse haute densit\u00e9 (HD Foam Flex Composite) avec un flex optimis\u00e9 pour am\u00e9liorer la fiabilit\u00e9, le confort et la maniabilit\u00e9. Les caract\u00e9ristiques m\u00e9caniques de cette construction permettent d\u2019all\u00e9ger le poids de la planche tout en conservant un vrai feeling de surf.<\/p>\n<p>Des \u00ab shocks absorbers \u00bb sont plac\u00e9s sous le pad pour amortir au maximum les impacts pour le rider, ce qui am\u00e8ne plus de confort et accroit la durabilit\u00e9 de la planche.<\/p>\n<p>La SHADOW est disponible en 5\u20194, 5\u20196 et 5\u20198. Toutes les tailles sont \u00e9quip\u00e9es d\u2019un pad entier et d\u2019inserts de straps. La 5\u20194 est livr\u00e9e avec un set d\u2019ailerons F-ONE Flow Carbon XS. Les 5\u20196 et 5\u20198 sont livr\u00e9es avec un set d\u2019ailerons F-ONE Flow Carbon M.<\/p>\n<p>Incroyablement efficace et intuitive, la SHADOW a \u00e9t\u00e9 con\u00e7ue pour un surf d\u00e9di\u00e9 \u00e0 la vague. Agile, r\u00e9active, rapide et pr\u00e9cise, cette planche vous permettra de charger comme jamais auparavant.<\/p>\n","protected":false},"excerpt":{"rendered":"<p>Il n\u2019y a pas de vague que la SHADOW ne puisse surfer. B\u00e9n\u00e9ficiant d\u2019un shape et d\u2019un outline am\u00e9lior\u00e9s, la nouvelle SHADOW apporte plus de vitesse et de contr\u00f4le pour des sensations de surf encore plus pures et authentiques.<\/p>\n<p>Nouveau shape et outline pour plus de vitesse et contr\u00f4le<\/p>\n<p>Surf d\u00e9di\u00e9 \u00e0 la vague<\/p>\n<p>Agile, directe et tr\u00e8s r\u00e9active<\/p>\n<p>Parfaitement \u00e9quilibr\u00e9e et intuitive<\/p>\n","protected":false},"featured_media":27679,"comment_status":"open","ping_status":"closed","template":"","meta":[],"product_cat":[1045,134],"product_tag":[],"class_list":{"0":"post-27680","1":"product","2":"type-product","3":"status-publish","4":"has-post-thumbnail","6":"product_cat-surf","7":"product_cat-kites","8":"product_brand-f-one","10":"first","11":"outofstock","12":"shipping-taxable","13":"purchasable","14":"product-type-variable"},"yoast_head":"<!-- This site is optimized with the Yoast SEO plugin v22.8 - https:\/\/yoast.com\/wordpress\/plugins\/seo\/ -->\n<title>SHADOW - Elevatesurf<\/title>\n<meta name=\"description\" content=\"Elevatesurf SHADOW\" \/>\n<meta name=\"robots\" content=\"index, follow, max-snippet:-1, max-image-preview:large, max-video-preview:-1\" \/>\n<link rel=\"canonical\" href=\"https:\/\/elevatesurf.ch\/fr\/product\/shadow-2\/\" \/>\n<meta property=\"og:locale\" content=\"fr_FR\" \/>\n<meta property=\"og:type\" content=\"article\" \/>\n<meta property=\"og:title\" content=\"SHADOW - Elevatesurf\" \/>\n<meta property=\"og:description\" content=\"Elevatesurf SHADOW\" \/>\n<meta property=\"og:url\" content=\"https:\/\/elevatesurf.ch\/fr\/product\/shadow-2\/\" \/>\n<meta property=\"og:site_name\" content=\"Elevatesurf\" \/>\n<meta property=\"article:modified_time\" content=\"2026-05-10T20:36:57+00:00\" \/>\n<meta name=\"twitter:card\" content=\"summary_large_image\" \/>\n<meta name=\"twitter:label1\" content=\"Dur\u00e9e de lecture estim\u00e9e\" \/>\n\t<meta name=\"twitter:data1\" content=\"3 minutes\" \/>\n<script type=\"application\/ld+json\" class=\"yoast-schema-graph\">{\"@context\":\"https:\/\/schema.org\",\"@graph\":[{\"@type\":[\"WebPage\",\"ItemPage\"],\"@id\":\"https:\/\/elevatesurf.ch\/fr\/product\/shadow-2\/\",\"url\":\"https:\/\/elevatesurf.ch\/fr\/product\/shadow-2\/\",\"name\":\"SHADOW - Elevatesurf\",\"isPartOf\":{\"@id\":\"https:\/\/elevatesurf.ch\/#website\"},\"primaryImageOfPage\":{\"@id\":\"https:\/\/elevatesurf.ch\/fr\/product\/shadow-2\/#primaryimage\"},\"image\":{\"@id\":\"https:\/\/elevatesurf.ch\/fr\/product\/shadow-2\/#primaryimage\"},\"thumbnailUrl\":\"https:\/\/elevatesurf.ch\/wp-content\/uploads\/2026\/05\/shadow-1-scaled.jpg\",\"datePublished\":\"2026-05-10T17:23:37+00:00\",\"dateModified\":\"2026-05-10T20:36:57+00:00\",\"description\":\"Elevatesurf SHADOW\",\"breadcrumb\":{\"@id\":\"https:\/\/elevatesurf.ch\/fr\/product\/shadow-2\/#breadcrumb\"},\"inLanguage\":\"fr-FR\",\"potentialAction\":[{\"@type\":\"ReadAction\",\"target\":[\"https:\/\/elevatesurf.ch\/fr\/product\/shadow-2\/\"]}]},{\"@type\":\"ImageObject\",\"inLanguage\":\"fr-FR\",\"@id\":\"https:\/\/elevatesurf.ch\/fr\/product\/shadow-2\/#primaryimage\",\"url\":\"https:\/\/elevatesurf.ch\/wp-content\/uploads\/2026\/05\/shadow-1-scaled.jpg\",\"contentUrl\":\"https:\/\/elevatesurf.ch\/wp-content\/uploads\/2026\/05\/shadow-1-scaled.jpg\",\"width\":2560,\"height\":2560},{\"@type\":\"BreadcrumbList\",\"@id\":\"https:\/\/elevatesurf.ch\/fr\/product\/shadow-2\/#breadcrumb\",\"itemListElement\":[{\"@type\":\"ListItem\",\"position\":1,\"name\":\"Accueil\",\"item\":\"https:\/\/elevatesurf.ch\/\"},{\"@type\":\"ListItem\",\"position\":2,\"name\":\"Shop &#8211; \u00c9levez Votre Exp\u00e9rience de Surf avec Notre Collection\",\"item\":\"https:\/\/elevatesurf.ch\/shop\/\"},{\"@type\":\"ListItem\",\"position\":3,\"name\":\"SHADOW\"}]},{\"@type\":\"WebSite\",\"@id\":\"https:\/\/elevatesurf.ch\/#website\",\"url\":\"https:\/\/elevatesurf.ch\/\",\"name\":\"Elevatesurf\",\"description\":\"Surfez vers de nouveaux sommets avec ElevateSurf ! Kiteshop, Wingshop\",\"publisher\":{\"@id\":\"https:\/\/elevatesurf.ch\/#organization\"},\"potentialAction\":[{\"@type\":\"SearchAction\",\"target\":{\"@type\":\"EntryPoint\",\"urlTemplate\":\"https:\/\/elevatesurf.ch\/?s={search_term_string}\"},\"query-input\":\"required name=search_term_string\"}],\"inLanguage\":\"fr-FR\"},{\"@type\":\"Organization\",\"@id\":\"https:\/\/elevatesurf.ch\/#organization\",\"name\":\"Elevatesurf\",\"url\":\"https:\/\/elevatesurf.ch\/\",\"logo\":{\"@type\":\"ImageObject\",\"inLanguage\":\"fr-FR\",\"@id\":\"https:\/\/elevatesurf.ch\/#\/schema\/logo\/image\/\",\"url\":\"https:\/\/elevatesurf.ch\/wp-content\/uploads\/2024\/06\/67c2ec70-bdf5-4c14-898a-ded5b2051398.jpg\",\"contentUrl\":\"https:\/\/elevatesurf.ch\/wp-content\/uploads\/2024\/06\/67c2ec70-bdf5-4c14-898a-ded5b2051398.jpg\",\"width\":1024,\"height\":1024,\"caption\":\"Elevatesurf\"},\"image\":{\"@id\":\"https:\/\/elevatesurf.ch\/#\/schema\/logo\/image\/\"},\"sameAs\":[\"https:\/\/www.instagram.com\/elevate__surf\/\"]}]}<\/script>\n<!-- \/ Yoast SEO plugin. -->","yoast_head_json":{"title":"SHADOW - Elevatesurf","description":"Elevatesurf SHADOW","robots":{"index":"index","follow":"follow","max-snippet":"max-snippet:-1","max-image-preview":"max-image-preview:large","max-video-preview":"max-video-preview:-1"},"canonical":"https:\/\/elevatesurf.ch\/fr\/product\/shadow-2\/","og_locale":"fr_FR","og_type":"article","og_title":"SHADOW - Elevatesurf","og_description":"Elevatesurf SHADOW","og_url":"https:\/\/elevatesurf.ch\/fr\/product\/shadow-2\/","og_site_name":"Elevatesurf","article_modified_time":"2026-05-10T20:36:57+00:00","twitter_card":"summary_large_image","twitter_misc":{"Dur\u00e9e de lecture estim\u00e9e":"3 minutes"},"schema":{"@context":"https:\/\/schema.org","@graph":[{"@type":["WebPage","ItemPage"],"@id":"https:\/\/elevatesurf.ch\/fr\/product\/shadow-2\/","url":"https:\/\/elevatesurf.ch\/fr\/product\/shadow-2\/","name":"SHADOW - Elevatesurf","isPartOf":{"@id":"https:\/\/elevatesurf.ch\/#website"},"primaryImageOfPage":{"@id":"https:\/\/elevatesurf.ch\/fr\/product\/shadow-2\/#primaryimage"},"image":{"@id":"https:\/\/elevatesurf.ch\/fr\/product\/shadow-2\/#primaryimage"},"thumbnailUrl":"https:\/\/elevatesurf.ch\/wp-content\/uploads\/2026\/05\/shadow-1-scaled.jpg","datePublished":"2026-05-10T17:23:37+00:00","dateModified":"2026-05-10T20:36:57+00:00","description":"Elevatesurf SHADOW","breadcrumb":{"@id":"https:\/\/elevatesurf.ch\/fr\/product\/shadow-2\/#breadcrumb"},"inLanguage":"fr-FR","potentialAction":[{"@type":"ReadAction","target":["https:\/\/elevatesurf.ch\/fr\/product\/shadow-2\/"]}]},{"@type":"ImageObject","inLanguage":"fr-FR","@id":"https:\/\/elevatesurf.ch\/fr\/product\/shadow-2\/#primaryimage","url":"https:\/\/elevatesurf.ch\/wp-content\/uploads\/2026\/05\/shadow-1-scaled.jpg","contentUrl":"https:\/\/elevatesurf.ch\/wp-content\/uploads\/2026\/05\/shadow-1-scaled.jpg","width":2560,"height":2560},{"@type":"BreadcrumbList","@id":"https:\/\/elevatesurf.ch\/fr\/product\/shadow-2\/#breadcrumb","itemListElement":[{"@type":"ListItem","position":1,"name":"Accueil","item":"https:\/\/elevatesurf.ch\/"},{"@type":"ListItem","position":2,"name":"Shop &#8211; \u00c9levez Votre Exp\u00e9rience de Surf avec Notre Collection","item":"https:\/\/elevatesurf.ch\/shop\/"},{"@type":"ListItem","position":3,"name":"SHADOW"}]},{"@type":"WebSite","@id":"https:\/\/elevatesurf.ch\/#website","url":"https:\/\/elevatesurf.ch\/","name":"Elevatesurf","description":"Surfez vers de nouveaux sommets avec ElevateSurf ! Kiteshop, Wingshop","publisher":{"@id":"https:\/\/elevatesurf.ch\/#organization"},"potentialAction":[{"@type":"SearchAction","target":{"@type":"EntryPoint","urlTemplate":"https:\/\/elevatesurf.ch\/?s={search_term_string}"},"query-input":"required name=search_term_string"}],"inLanguage":"fr-FR"},{"@type":"Organization","@id":"https:\/\/elevatesurf.ch\/#organization","name":"Elevatesurf","url":"https:\/\/elevatesurf.ch\/","logo":{"@type":"ImageObject","inLanguage":"fr-FR","@id":"https:\/\/elevatesurf.ch\/#\/schema\/logo\/image\/","url":"https:\/\/elevatesurf.ch\/wp-content\/uploads\/2024\/06\/67c2ec70-bdf5-4c14-898a-ded5b2051398.jpg","contentUrl":"https:\/\/elevatesurf.ch\/wp-content\/uploads\/2024\/06\/67c2ec70-bdf5-4c14-898a-ded5b2051398.jpg","width":1024,"height":1024,"caption":"Elevatesurf"},"image":{"@id":"https:\/\/elevatesurf.ch\/#\/schema\/logo\/image\/"},"sameAs":["https:\/\/www.instagram.com\/elevate__surf\/"]}]}},"_links":{"self":[{"href":"https:\/\/elevatesurf.ch\/fr\/wp-json\/wp\/v2\/product\/27680","targetHints":{"allow":["GET"]}}],"collection":[{"href":"https:\/\/elevatesurf.ch\/fr\/wp-json\/wp\/v2\/product"}],"about":[{"href":"https:\/\/elevatesurf.ch\/fr\/wp-json\/wp\/v2\/types\/product"}],"replies":[{"embeddable":true,"href":"https:\/\/elevatesurf.ch\/fr\/wp-json\/wp\/v2\/comments?post=27680"}],"wp:featuredmedia":[{"embeddable":true,"href":"https:\/\/elevatesurf.ch\/fr\/wp-json\/wp\/v2\/media\/27679"}],"wp:attachment":[{"href":"https:\/\/elevatesurf.ch\/fr\/wp-json\/wp\/v2\/media?parent=27680"}],"wp:term":[{"taxonomy":"product_cat","embeddable":true,"href":"https:\/\/elevatesurf.ch\/fr\/wp-json\/wp\/v2\/product_cat?post=27680"},{"taxonomy":"product_tag","embeddable":true,"href":"https:\/\/elevatesurf.ch\/fr\/wp-json\/wp\/v2\/product_tag?post=27680"}],"curies":[{"name":"wp","href":"https:\/\/api.w.org\/{rel}","templated":true}]}}