{"id":27707,"date":"2026-05-10T17:25:09","date_gmt":"2026-05-10T17:25:09","guid":{"rendered":"https:\/\/elevatesurf.ch\/fr\/product\/swing-v5\/"},"modified":"2026-05-10T20:37:13","modified_gmt":"2026-05-10T20:37:13","slug":"swing-v5","status":"publish","type":"product","link":"https:\/\/elevatesurf.ch\/fr\/product\/swing-v5\/","title":{"rendered":"SWING V5"},"content":{"rendered":"<p>La SWING a \u00e9t\u00e9 con\u00e7ue pour offrir le plus de sensations possibles tout en garantissant confort et l\u00e9g\u00e8ret\u00e9. Forte du succ\u00e8s des \u00e9ditions pr\u00e9c\u00e9dentes, cette cinqui\u00e8me SWING est encore plus intuitive, b\u00e9n\u00e9ficiant d\u2019une stabilit\u00e9, facilit\u00e9 d\u2019utilisation et d\u2019un \u00e9quilibre am\u00e9lior\u00e9s.<\/p>\n<\/p>\n<p>Son incroyable stabilit\u00e9 permet ainsi d\u2019avoir un contr\u00f4le total du foil, vous permettant de profiter pleinement de vos sensations sur l\u2019eau. Son excellent cap permet de remonter au vent facilement pour partir en downwind, o\u00f9 sa position neutre en freefly vous permet de vous concentrer enti\u00e8rement sur vos trajectoires et la houle.<\/p>\n<\/p>\n<p>Le design compact et l\u2019envergure plus r\u00e9duite de la SWING rendent l\u2019aile plus l\u00e9g\u00e8re, facilitent le pumping pour le d\u00e9part au planing, am\u00e8nent une maniabilit\u00e9 exceptionnelle, et permettent aussi de naviguer les bras moins haut, parfait pour les petits gabarits. Cette cinqui\u00e8me SWING h\u00e9rite \u00e9galement du travail de traction vers l\u2019avant de notre derni\u00e8re STRIKE, qui transforme ainsi vos navigations et vous permet de d\u00e9coller en un instant.<\/p>\n<\/p>\n<p>Le nouveau design de cette cinqui\u00e8me SWING offre une plus grande efficacit\u00e9 et un meilleur confort dans le vent fort, tout en conservant un excellent d\u00e9part au planing gr\u00e2ce \u00e0 un pumping efficace et intuitif. La nouvelle coupe radiale et le Load Diffuser plus long minimisent les d\u00e9formations de la wing et r\u00e9partissent les tensions efficacement.<\/p>\n<\/p>\n<p>Cette SWING b\u00e9n\u00e9ficie \u00e9galement de notre innovant Sweep Control Panel qui r\u00e9gule la tension du bord de fuite, garantissant stabilit\u00e9, cap, vitesse et durabilit\u00e9 des performances dans le temps. Ce Sweep Control Panel, ici en HITEX 178g, renforce la partie avant du bord d\u2019attaque et permet de contr\u00f4ler sa d\u00e9formation vers l\u2019arri\u00e8re, tout en laissant du flex lat\u00e9ral pour le confort et le renvoi d\u2019\u00e9nergie au pumping.<\/p>\n<\/p>\n<p>La SWING excelle dans tous types de vents et de conditions, de la plage basse \u00e0 la plage haute, offrant un meilleur contr\u00f4le lors des acc\u00e9l\u00e9rations et \u00e0 vitesse \u00e9lev\u00e9e, ce qui permet de g\u00e9rer les conditions de mer plus difficiles et de tirer le meilleur parti des vagues.<\/p>\n<\/p>\n<p>Le positionnement optimis\u00e9 des sangles permet \u00e0 un seul Carbon Boom de s\u2019adapter \u00e0 plusieurs tailles et mod\u00e8les sur l\u2019ensemble de la gamme de wing F-ONE.<\/p>\n<\/p>\n<p>Que vous pr\u00e9f\u00e9riez le surf ou un long downwind, la SWING est le choix id\u00e9al gr\u00e2ce \u00e0 ses performances accessibles et son \u00e9quilibre parfait, offrant l\u00e9g\u00e8ret\u00e9, stabilit\u00e9 et confort pour un ride contr\u00f4l\u00e9 et intuitif \u00e0 chaque instant.<\/p>\n","protected":false},"excerpt":{"rendered":"<ul>\n<li>Nouveau design et envergure r\u00e9duite pour offrir l\u00e9g\u00e8ret\u00e9, maniabilit\u00e9 et un excellent d\u00e9part au planing<\/li>\n<li>Sweep Control Panel pour un contr\u00f4le id\u00e9al de la tension du bord de fuite<\/li>\n<li>Stabilit\u00e9 et confort en toutes situations<\/li>\n<li>Vitesse et acc\u00e9l\u00e9rations contr\u00f4l\u00e9es pour des performances accessibles et un ride tr\u00e8s intuitif<\/li>\n<li>Excellente en freefly Position optimis\u00e9e des sangles pour la compatibilit\u00e9 d\u2019un seul<\/li>\n<li>Boom \u00e0 plusieurs tailles et mod\u00e8les de wing de la gamme<\/li>\n<\/ul>\n","protected":false},"featured_media":27702,"comment_status":"open","ping_status":"closed","template":"","meta":[],"product_cat":[138,139],"product_tag":[],"class_list":{"0":"post-27707","1":"product","2":"type-product","3":"status-publish","4":"has-post-thumbnail","6":"product_cat-wingfoil-suisse-acheter","7":"product_cat-wings","8":"product_brand-f-one","10":"first","11":"instock","12":"shipping-taxable","13":"purchasable","14":"product-type-variable"},"yoast_head":"<!-- This site is optimized with the Yoast SEO plugin v22.8 - https:\/\/yoast.com\/wordpress\/plugins\/seo\/ -->\n<title>SWING V5 - Elevatesurf<\/title>\n<meta name=\"description\" content=\"Elevatesurf SWING V5\" \/>\n<meta name=\"robots\" content=\"index, follow, max-snippet:-1, max-image-preview:large, max-video-preview:-1\" \/>\n<link rel=\"canonical\" href=\"https:\/\/elevatesurf.ch\/fr\/product\/swing-v5\/\" \/>\n<meta property=\"og:locale\" content=\"fr_FR\" \/>\n<meta property=\"og:type\" content=\"article\" \/>\n<meta property=\"og:title\" content=\"SWING V5 - Elevatesurf\" \/>\n<meta property=\"og:description\" content=\"Elevatesurf SWING V5\" \/>\n<meta property=\"og:url\" content=\"https:\/\/elevatesurf.ch\/fr\/product\/swing-v5\/\" \/>\n<meta property=\"og:site_name\" content=\"Elevatesurf\" \/>\n<meta property=\"article:modified_time\" content=\"2026-05-10T20:37:13+00:00\" \/>\n<meta name=\"twitter:card\" content=\"summary_large_image\" \/>\n<meta name=\"twitter:label1\" content=\"Dur\u00e9e de lecture estim\u00e9e\" \/>\n\t<meta name=\"twitter:data1\" content=\"2 minutes\" \/>\n<script type=\"application\/ld+json\" class=\"yoast-schema-graph\">{\"@context\":\"https:\/\/schema.org\",\"@graph\":[{\"@type\":[\"WebPage\",\"ItemPage\"],\"@id\":\"https:\/\/elevatesurf.ch\/fr\/product\/swing-v5\/\",\"url\":\"https:\/\/elevatesurf.ch\/fr\/product\/swing-v5\/\",\"name\":\"SWING V5 - Elevatesurf\",\"isPartOf\":{\"@id\":\"https:\/\/elevatesurf.ch\/#website\"},\"primaryImageOfPage\":{\"@id\":\"https:\/\/elevatesurf.ch\/fr\/product\/swing-v5\/#primaryimage\"},\"image\":{\"@id\":\"https:\/\/elevatesurf.ch\/fr\/product\/swing-v5\/#primaryimage\"},\"thumbnailUrl\":\"https:\/\/elevatesurf.ch\/wp-content\/uploads\/2026\/05\/swing-v5.png\",\"datePublished\":\"2026-05-10T17:25:09+00:00\",\"dateModified\":\"2026-05-10T20:37:13+00:00\",\"description\":\"Elevatesurf SWING V5\",\"breadcrumb\":{\"@id\":\"https:\/\/elevatesurf.ch\/fr\/product\/swing-v5\/#breadcrumb\"},\"inLanguage\":\"fr-FR\",\"potentialAction\":[{\"@type\":\"ReadAction\",\"target\":[\"https:\/\/elevatesurf.ch\/fr\/product\/swing-v5\/\"]}]},{\"@type\":\"ImageObject\",\"inLanguage\":\"fr-FR\",\"@id\":\"https:\/\/elevatesurf.ch\/fr\/product\/swing-v5\/#primaryimage\",\"url\":\"https:\/\/elevatesurf.ch\/wp-content\/uploads\/2026\/05\/swing-v5.png\",\"contentUrl\":\"https:\/\/elevatesurf.ch\/wp-content\/uploads\/2026\/05\/swing-v5.png\",\"width\":1920,\"height\":1080},{\"@type\":\"BreadcrumbList\",\"@id\":\"https:\/\/elevatesurf.ch\/fr\/product\/swing-v5\/#breadcrumb\",\"itemListElement\":[{\"@type\":\"ListItem\",\"position\":1,\"name\":\"Accueil\",\"item\":\"https:\/\/elevatesurf.ch\/\"},{\"@type\":\"ListItem\",\"position\":2,\"name\":\"Shop &#8211; \u00c9levez Votre Exp\u00e9rience de Surf avec Notre Collection\",\"item\":\"https:\/\/elevatesurf.ch\/shop\/\"},{\"@type\":\"ListItem\",\"position\":3,\"name\":\"SWING V5\"}]},{\"@type\":\"WebSite\",\"@id\":\"https:\/\/elevatesurf.ch\/#website\",\"url\":\"https:\/\/elevatesurf.ch\/\",\"name\":\"Elevatesurf\",\"description\":\"Surfez vers de nouveaux sommets avec ElevateSurf ! Kiteshop, Wingshop\",\"publisher\":{\"@id\":\"https:\/\/elevatesurf.ch\/#organization\"},\"potentialAction\":[{\"@type\":\"SearchAction\",\"target\":{\"@type\":\"EntryPoint\",\"urlTemplate\":\"https:\/\/elevatesurf.ch\/?s={search_term_string}\"},\"query-input\":\"required name=search_term_string\"}],\"inLanguage\":\"fr-FR\"},{\"@type\":\"Organization\",\"@id\":\"https:\/\/elevatesurf.ch\/#organization\",\"name\":\"Elevatesurf\",\"url\":\"https:\/\/elevatesurf.ch\/\",\"logo\":{\"@type\":\"ImageObject\",\"inLanguage\":\"fr-FR\",\"@id\":\"https:\/\/elevatesurf.ch\/#\/schema\/logo\/image\/\",\"url\":\"https:\/\/elevatesurf.ch\/wp-content\/uploads\/2024\/06\/67c2ec70-bdf5-4c14-898a-ded5b2051398.jpg\",\"contentUrl\":\"https:\/\/elevatesurf.ch\/wp-content\/uploads\/2024\/06\/67c2ec70-bdf5-4c14-898a-ded5b2051398.jpg\",\"width\":1024,\"height\":1024,\"caption\":\"Elevatesurf\"},\"image\":{\"@id\":\"https:\/\/elevatesurf.ch\/#\/schema\/logo\/image\/\"},\"sameAs\":[\"https:\/\/www.instagram.com\/elevate__surf\/\"]}]}<\/script>\n<!-- \/ Yoast SEO plugin. -->","yoast_head_json":{"title":"SWING V5 - Elevatesurf","description":"Elevatesurf SWING V5","robots":{"index":"index","follow":"follow","max-snippet":"max-snippet:-1","max-image-preview":"max-image-preview:large","max-video-preview":"max-video-preview:-1"},"canonical":"https:\/\/elevatesurf.ch\/fr\/product\/swing-v5\/","og_locale":"fr_FR","og_type":"article","og_title":"SWING V5 - Elevatesurf","og_description":"Elevatesurf SWING V5","og_url":"https:\/\/elevatesurf.ch\/fr\/product\/swing-v5\/","og_site_name":"Elevatesurf","article_modified_time":"2026-05-10T20:37:13+00:00","twitter_card":"summary_large_image","twitter_misc":{"Dur\u00e9e de lecture estim\u00e9e":"2 minutes"},"schema":{"@context":"https:\/\/schema.org","@graph":[{"@type":["WebPage","ItemPage"],"@id":"https:\/\/elevatesurf.ch\/fr\/product\/swing-v5\/","url":"https:\/\/elevatesurf.ch\/fr\/product\/swing-v5\/","name":"SWING V5 - Elevatesurf","isPartOf":{"@id":"https:\/\/elevatesurf.ch\/#website"},"primaryImageOfPage":{"@id":"https:\/\/elevatesurf.ch\/fr\/product\/swing-v5\/#primaryimage"},"image":{"@id":"https:\/\/elevatesurf.ch\/fr\/product\/swing-v5\/#primaryimage"},"thumbnailUrl":"https:\/\/elevatesurf.ch\/wp-content\/uploads\/2026\/05\/swing-v5.png","datePublished":"2026-05-10T17:25:09+00:00","dateModified":"2026-05-10T20:37:13+00:00","description":"Elevatesurf SWING V5","breadcrumb":{"@id":"https:\/\/elevatesurf.ch\/fr\/product\/swing-v5\/#breadcrumb"},"inLanguage":"fr-FR","potentialAction":[{"@type":"ReadAction","target":["https:\/\/elevatesurf.ch\/fr\/product\/swing-v5\/"]}]},{"@type":"ImageObject","inLanguage":"fr-FR","@id":"https:\/\/elevatesurf.ch\/fr\/product\/swing-v5\/#primaryimage","url":"https:\/\/elevatesurf.ch\/wp-content\/uploads\/2026\/05\/swing-v5.png","contentUrl":"https:\/\/elevatesurf.ch\/wp-content\/uploads\/2026\/05\/swing-v5.png","width":1920,"height":1080},{"@type":"BreadcrumbList","@id":"https:\/\/elevatesurf.ch\/fr\/product\/swing-v5\/#breadcrumb","itemListElement":[{"@type":"ListItem","position":1,"name":"Accueil","item":"https:\/\/elevatesurf.ch\/"},{"@type":"ListItem","position":2,"name":"Shop &#8211; \u00c9levez Votre Exp\u00e9rience de Surf avec Notre Collection","item":"https:\/\/elevatesurf.ch\/shop\/"},{"@type":"ListItem","position":3,"name":"SWING V5"}]},{"@type":"WebSite","@id":"https:\/\/elevatesurf.ch\/#website","url":"https:\/\/elevatesurf.ch\/","name":"Elevatesurf","description":"Surfez vers de nouveaux sommets avec ElevateSurf ! Kiteshop, Wingshop","publisher":{"@id":"https:\/\/elevatesurf.ch\/#organization"},"potentialAction":[{"@type":"SearchAction","target":{"@type":"EntryPoint","urlTemplate":"https:\/\/elevatesurf.ch\/?s={search_term_string}"},"query-input":"required name=search_term_string"}],"inLanguage":"fr-FR"},{"@type":"Organization","@id":"https:\/\/elevatesurf.ch\/#organization","name":"Elevatesurf","url":"https:\/\/elevatesurf.ch\/","logo":{"@type":"ImageObject","inLanguage":"fr-FR","@id":"https:\/\/elevatesurf.ch\/#\/schema\/logo\/image\/","url":"https:\/\/elevatesurf.ch\/wp-content\/uploads\/2024\/06\/67c2ec70-bdf5-4c14-898a-ded5b2051398.jpg","contentUrl":"https:\/\/elevatesurf.ch\/wp-content\/uploads\/2024\/06\/67c2ec70-bdf5-4c14-898a-ded5b2051398.jpg","width":1024,"height":1024,"caption":"Elevatesurf"},"image":{"@id":"https:\/\/elevatesurf.ch\/#\/schema\/logo\/image\/"},"sameAs":["https:\/\/www.instagram.com\/elevate__surf\/"]}]}},"_links":{"self":[{"href":"https:\/\/elevatesurf.ch\/fr\/wp-json\/wp\/v2\/product\/27707","targetHints":{"allow":["GET"]}}],"collection":[{"href":"https:\/\/elevatesurf.ch\/fr\/wp-json\/wp\/v2\/product"}],"about":[{"href":"https:\/\/elevatesurf.ch\/fr\/wp-json\/wp\/v2\/types\/product"}],"replies":[{"embeddable":true,"href":"https:\/\/elevatesurf.ch\/fr\/wp-json\/wp\/v2\/comments?post=27707"}],"wp:featuredmedia":[{"embeddable":true,"href":"https:\/\/elevatesurf.ch\/fr\/wp-json\/wp\/v2\/media\/27702"}],"wp:attachment":[{"href":"https:\/\/elevatesurf.ch\/fr\/wp-json\/wp\/v2\/media?parent=27707"}],"wp:term":[{"taxonomy":"product_cat","embeddable":true,"href":"https:\/\/elevatesurf.ch\/fr\/wp-json\/wp\/v2\/product_cat?post=27707"},{"taxonomy":"product_tag","embeddable":true,"href":"https:\/\/elevatesurf.ch\/fr\/wp-json\/wp\/v2\/product_tag?post=27707"}],"curies":[{"name":"wp","href":"https:\/\/api.w.org\/{rel}","templated":true}]}}