{"id":27763,"date":"2026-05-10T17:27:39","date_gmt":"2026-05-10T17:27:39","guid":{"rendered":"https:\/\/elevatesurf.ch\/fr\/product\/hm-carbon-mast-14-105-cm\/"},"modified":"2026-05-10T20:37:38","modified_gmt":"2026-05-10T20:37:38","slug":"hm-carbon-mast-14-105-cm","status":"publish","type":"product","link":"https:\/\/elevatesurf.ch\/fr\/product\/hm-carbon-mast-14-105-cm\/","title":{"rendered":"HM CARBON MAST 14 &#8211; 105 CM"},"content":{"rendered":"<p>D\u00e8s le premier vol, vous ressentez la l\u00e9g\u00e8ret\u00e9, la r\u00e9activit\u00e9 et l&rsquo;efficacit\u00e9 de ce m\u00e2t. Son profil fin de 14 mm fend l&rsquo;eau avec aisance, r\u00e9duisant la tra\u00een\u00e9e et am\u00e9liorant votre capacit\u00e9 \u00e0 acc\u00e9l\u00e9rer, pomper et maintenir votre vitesse.<\/p>\n<p>Id\u00e9al pour le downwind, le freestyle ou le freeride, ce m\u00e2t convertit efficacement l\u2019\u00e9nergie transmise par vos appuis en propulsion avant continue, garantissant une vitesse stable et un rendement optimal. Chaque mouvement de pumping est maximis\u00e9, offrant la meilleure des glisses.<\/p>\n<p>Enti\u00e8rement moul\u00e9 et durci en une seule fois \u00e0 partir de carbone pr\u00e9-preg, sa construction monobloc int\u00e8gre la structure interne SPINE d\u00e9sormais renforc\u00e9e, et b\u00e9n\u00e9ficie de la Conception Structurelle Dynamique de F-ONE. Les couches de fibres de carbone ont \u00e9t\u00e9 soigneusement dispos\u00e9es \u00e0 des angles de 0\u00b0 dans le sens de la longueur pour optimiser la rigidit\u00e9 en flexion et \u00e0 environ 45\u00b0 pour optimiser la rigidit\u00e9 en torsion. Enfin, ce drapage carbone a \u00e9t\u00e9 finement ajust\u00e9 et optimis\u00e9 pour chaque longueur de m\u00e2t pour offrir les meilleures performances dans chaque sport.<\/p>\n<p>Ce m\u00e2t est \u00e9quip\u00e9 de notre nouvelle top plate et du nouveau pied de m\u00e2t TITAN 2. La top plate revue est d\u00e9sormais compatible avec nos T-nuts verrouillables et comprend \u00e9galement notre syst\u00e8me \u00ab Quick-Attach \u00bb en forme de serrure pour un montage plus rapide. Le m\u00e2t est compatible avec la plupart des planches du march\u00e9 \u00e9quip\u00e9es du syst\u00e8me Twin-Tracks ainsi qu\u2019avec les ailes avant disposant de la nouvelle connexion TITAN 2.<\/p>\n<p>Disponible de 75 \u00e0 105 cm, le m\u00e2t HM carbone 14 est destin\u00e9 aux riders \u00e0 la recherche de vitesse, de glisse et d&rsquo;un contr\u00f4le optimal, que ce soit pour pomper \u00e0 la sortie des turns, encha\u00eener les bumps ou r\u00e9aliser des tricks.<\/p>\n<p>Laissez-vous glisser encore plus loin et ressentez la diff\u00e9rence.<\/p>\n","protected":false},"excerpt":{"rendered":"<p>Le m\u00e2t HM carbone 14 de F-ONE offre un \u00e9quilibre exceptionnel entre glisse, contr\u00f4le et rigidit\u00e9 pour les riders qui cherchent \u00e0 am\u00e9liorer leurs performances dans toutes les disciplines. Construit avec un layup optimis\u00e9 en carbone haut module, ce m\u00e2t procure des sensations de glisse impressionnantes, un retour direct et une efficacit\u00e9 ind\u00e9niable \u00e0 chaque session.<\/p>\n<ul>\n<li>Profil fin de 14 mm<\/li>\n<li>Structure SPINE et drapage carbone haut module optimis\u00e9s<\/li>\n<li>Construction monobloc<\/li>\n<li>Excellente glisse et rigidit\u00e9<\/li>\n<li>Connexion TITAN 2 pour plus de pr\u00e9cision et sensations directes<\/li>\n<\/ul>\n","protected":false},"featured_media":27760,"comment_status":"open","ping_status":"closed","template":"","meta":[],"product_cat":[1040,1050],"product_tag":[],"class_list":{"0":"post-27763","1":"product","2":"type-product","3":"status-publish","4":"has-post-thumbnail","6":"product_cat-foil","7":"product_cat-mats","8":"product_brand-f-one","10":"first","11":"instock","12":"shipping-taxable","13":"purchasable","14":"product-type-simple"},"yoast_head":"<!-- This site is optimized with the Yoast SEO plugin v22.8 - https:\/\/yoast.com\/wordpress\/plugins\/seo\/ -->\n<title>HM CARBON MAST 14 - 105 CM - Elevatesurf<\/title>\n<meta name=\"description\" content=\"Elevatesurf HM CARBON MAST 14 - 105 CM\" \/>\n<meta name=\"robots\" content=\"index, follow, max-snippet:-1, max-image-preview:large, max-video-preview:-1\" \/>\n<link rel=\"canonical\" href=\"https:\/\/elevatesurf.ch\/fr\/product\/hm-carbon-mast-14-105-cm\/\" \/>\n<meta property=\"og:locale\" content=\"fr_FR\" \/>\n<meta property=\"og:type\" content=\"article\" \/>\n<meta property=\"og:title\" content=\"HM CARBON MAST 14 - 105 CM - Elevatesurf\" \/>\n<meta property=\"og:description\" content=\"Elevatesurf HM CARBON MAST 14 - 105 CM\" \/>\n<meta property=\"og:url\" content=\"https:\/\/elevatesurf.ch\/fr\/product\/hm-carbon-mast-14-105-cm\/\" \/>\n<meta property=\"og:site_name\" content=\"Elevatesurf\" \/>\n<meta property=\"article:modified_time\" content=\"2026-05-10T20:37:38+00:00\" \/>\n<meta name=\"twitter:card\" content=\"summary_large_image\" \/>\n<meta name=\"twitter:label1\" content=\"Dur\u00e9e de lecture estim\u00e9e\" \/>\n\t<meta name=\"twitter:data1\" content=\"2 minutes\" \/>\n<script type=\"application\/ld+json\" class=\"yoast-schema-graph\">{\"@context\":\"https:\/\/schema.org\",\"@graph\":[{\"@type\":[\"WebPage\",\"ItemPage\"],\"@id\":\"https:\/\/elevatesurf.ch\/fr\/product\/hm-carbon-mast-14-105-cm\/\",\"url\":\"https:\/\/elevatesurf.ch\/fr\/product\/hm-carbon-mast-14-105-cm\/\",\"name\":\"HM CARBON MAST 14 - 105 CM - Elevatesurf\",\"isPartOf\":{\"@id\":\"https:\/\/elevatesurf.ch\/#website\"},\"primaryImageOfPage\":{\"@id\":\"https:\/\/elevatesurf.ch\/fr\/product\/hm-carbon-mast-14-105-cm\/#primaryimage\"},\"image\":{\"@id\":\"https:\/\/elevatesurf.ch\/fr\/product\/hm-carbon-mast-14-105-cm\/#primaryimage\"},\"thumbnailUrl\":\"https:\/\/elevatesurf.ch\/wp-content\/uploads\/2026\/05\/hm-carbon-mast-14-105-cm.png\",\"datePublished\":\"2026-05-10T17:27:39+00:00\",\"dateModified\":\"2026-05-10T20:37:38+00:00\",\"description\":\"Elevatesurf HM CARBON MAST 14 - 105 CM\",\"breadcrumb\":{\"@id\":\"https:\/\/elevatesurf.ch\/fr\/product\/hm-carbon-mast-14-105-cm\/#breadcrumb\"},\"inLanguage\":\"fr-FR\",\"potentialAction\":[{\"@type\":\"ReadAction\",\"target\":[\"https:\/\/elevatesurf.ch\/fr\/product\/hm-carbon-mast-14-105-cm\/\"]}]},{\"@type\":\"ImageObject\",\"inLanguage\":\"fr-FR\",\"@id\":\"https:\/\/elevatesurf.ch\/fr\/product\/hm-carbon-mast-14-105-cm\/#primaryimage\",\"url\":\"https:\/\/elevatesurf.ch\/wp-content\/uploads\/2026\/05\/hm-carbon-mast-14-105-cm.png\",\"contentUrl\":\"https:\/\/elevatesurf.ch\/wp-content\/uploads\/2026\/05\/hm-carbon-mast-14-105-cm.png\",\"width\":2000,\"height\":2000},{\"@type\":\"BreadcrumbList\",\"@id\":\"https:\/\/elevatesurf.ch\/fr\/product\/hm-carbon-mast-14-105-cm\/#breadcrumb\",\"itemListElement\":[{\"@type\":\"ListItem\",\"position\":1,\"name\":\"Accueil\",\"item\":\"https:\/\/elevatesurf.ch\/\"},{\"@type\":\"ListItem\",\"position\":2,\"name\":\"Shop &#8211; \u00c9levez Votre Exp\u00e9rience de Surf avec Notre Collection\",\"item\":\"https:\/\/elevatesurf.ch\/shop\/\"},{\"@type\":\"ListItem\",\"position\":3,\"name\":\"HM CARBON MAST 14 &#8211; 105 CM\"}]},{\"@type\":\"WebSite\",\"@id\":\"https:\/\/elevatesurf.ch\/#website\",\"url\":\"https:\/\/elevatesurf.ch\/\",\"name\":\"Elevatesurf\",\"description\":\"Surfez vers de nouveaux sommets avec ElevateSurf ! Kiteshop, Wingshop\",\"publisher\":{\"@id\":\"https:\/\/elevatesurf.ch\/#organization\"},\"potentialAction\":[{\"@type\":\"SearchAction\",\"target\":{\"@type\":\"EntryPoint\",\"urlTemplate\":\"https:\/\/elevatesurf.ch\/?s={search_term_string}\"},\"query-input\":\"required name=search_term_string\"}],\"inLanguage\":\"fr-FR\"},{\"@type\":\"Organization\",\"@id\":\"https:\/\/elevatesurf.ch\/#organization\",\"name\":\"Elevatesurf\",\"url\":\"https:\/\/elevatesurf.ch\/\",\"logo\":{\"@type\":\"ImageObject\",\"inLanguage\":\"fr-FR\",\"@id\":\"https:\/\/elevatesurf.ch\/#\/schema\/logo\/image\/\",\"url\":\"https:\/\/elevatesurf.ch\/wp-content\/uploads\/2024\/06\/67c2ec70-bdf5-4c14-898a-ded5b2051398.jpg\",\"contentUrl\":\"https:\/\/elevatesurf.ch\/wp-content\/uploads\/2024\/06\/67c2ec70-bdf5-4c14-898a-ded5b2051398.jpg\",\"width\":1024,\"height\":1024,\"caption\":\"Elevatesurf\"},\"image\":{\"@id\":\"https:\/\/elevatesurf.ch\/#\/schema\/logo\/image\/\"},\"sameAs\":[\"https:\/\/www.instagram.com\/elevate__surf\/\"]}]}<\/script>\n<!-- \/ Yoast SEO plugin. -->","yoast_head_json":{"title":"HM CARBON MAST 14 - 105 CM - Elevatesurf","description":"Elevatesurf HM CARBON MAST 14 - 105 CM","robots":{"index":"index","follow":"follow","max-snippet":"max-snippet:-1","max-image-preview":"max-image-preview:large","max-video-preview":"max-video-preview:-1"},"canonical":"https:\/\/elevatesurf.ch\/fr\/product\/hm-carbon-mast-14-105-cm\/","og_locale":"fr_FR","og_type":"article","og_title":"HM CARBON MAST 14 - 105 CM - Elevatesurf","og_description":"Elevatesurf HM CARBON MAST 14 - 105 CM","og_url":"https:\/\/elevatesurf.ch\/fr\/product\/hm-carbon-mast-14-105-cm\/","og_site_name":"Elevatesurf","article_modified_time":"2026-05-10T20:37:38+00:00","twitter_card":"summary_large_image","twitter_misc":{"Dur\u00e9e de lecture estim\u00e9e":"2 minutes"},"schema":{"@context":"https:\/\/schema.org","@graph":[{"@type":["WebPage","ItemPage"],"@id":"https:\/\/elevatesurf.ch\/fr\/product\/hm-carbon-mast-14-105-cm\/","url":"https:\/\/elevatesurf.ch\/fr\/product\/hm-carbon-mast-14-105-cm\/","name":"HM CARBON MAST 14 - 105 CM - Elevatesurf","isPartOf":{"@id":"https:\/\/elevatesurf.ch\/#website"},"primaryImageOfPage":{"@id":"https:\/\/elevatesurf.ch\/fr\/product\/hm-carbon-mast-14-105-cm\/#primaryimage"},"image":{"@id":"https:\/\/elevatesurf.ch\/fr\/product\/hm-carbon-mast-14-105-cm\/#primaryimage"},"thumbnailUrl":"https:\/\/elevatesurf.ch\/wp-content\/uploads\/2026\/05\/hm-carbon-mast-14-105-cm.png","datePublished":"2026-05-10T17:27:39+00:00","dateModified":"2026-05-10T20:37:38+00:00","description":"Elevatesurf HM CARBON MAST 14 - 105 CM","breadcrumb":{"@id":"https:\/\/elevatesurf.ch\/fr\/product\/hm-carbon-mast-14-105-cm\/#breadcrumb"},"inLanguage":"fr-FR","potentialAction":[{"@type":"ReadAction","target":["https:\/\/elevatesurf.ch\/fr\/product\/hm-carbon-mast-14-105-cm\/"]}]},{"@type":"ImageObject","inLanguage":"fr-FR","@id":"https:\/\/elevatesurf.ch\/fr\/product\/hm-carbon-mast-14-105-cm\/#primaryimage","url":"https:\/\/elevatesurf.ch\/wp-content\/uploads\/2026\/05\/hm-carbon-mast-14-105-cm.png","contentUrl":"https:\/\/elevatesurf.ch\/wp-content\/uploads\/2026\/05\/hm-carbon-mast-14-105-cm.png","width":2000,"height":2000},{"@type":"BreadcrumbList","@id":"https:\/\/elevatesurf.ch\/fr\/product\/hm-carbon-mast-14-105-cm\/#breadcrumb","itemListElement":[{"@type":"ListItem","position":1,"name":"Accueil","item":"https:\/\/elevatesurf.ch\/"},{"@type":"ListItem","position":2,"name":"Shop &#8211; \u00c9levez Votre Exp\u00e9rience de Surf avec Notre Collection","item":"https:\/\/elevatesurf.ch\/shop\/"},{"@type":"ListItem","position":3,"name":"HM CARBON MAST 14 &#8211; 105 CM"}]},{"@type":"WebSite","@id":"https:\/\/elevatesurf.ch\/#website","url":"https:\/\/elevatesurf.ch\/","name":"Elevatesurf","description":"Surfez vers de nouveaux sommets avec ElevateSurf ! Kiteshop, Wingshop","publisher":{"@id":"https:\/\/elevatesurf.ch\/#organization"},"potentialAction":[{"@type":"SearchAction","target":{"@type":"EntryPoint","urlTemplate":"https:\/\/elevatesurf.ch\/?s={search_term_string}"},"query-input":"required name=search_term_string"}],"inLanguage":"fr-FR"},{"@type":"Organization","@id":"https:\/\/elevatesurf.ch\/#organization","name":"Elevatesurf","url":"https:\/\/elevatesurf.ch\/","logo":{"@type":"ImageObject","inLanguage":"fr-FR","@id":"https:\/\/elevatesurf.ch\/#\/schema\/logo\/image\/","url":"https:\/\/elevatesurf.ch\/wp-content\/uploads\/2024\/06\/67c2ec70-bdf5-4c14-898a-ded5b2051398.jpg","contentUrl":"https:\/\/elevatesurf.ch\/wp-content\/uploads\/2024\/06\/67c2ec70-bdf5-4c14-898a-ded5b2051398.jpg","width":1024,"height":1024,"caption":"Elevatesurf"},"image":{"@id":"https:\/\/elevatesurf.ch\/#\/schema\/logo\/image\/"},"sameAs":["https:\/\/www.instagram.com\/elevate__surf\/"]}]}},"_links":{"self":[{"href":"https:\/\/elevatesurf.ch\/fr\/wp-json\/wp\/v2\/product\/27763","targetHints":{"allow":["GET"]}}],"collection":[{"href":"https:\/\/elevatesurf.ch\/fr\/wp-json\/wp\/v2\/product"}],"about":[{"href":"https:\/\/elevatesurf.ch\/fr\/wp-json\/wp\/v2\/types\/product"}],"replies":[{"embeddable":true,"href":"https:\/\/elevatesurf.ch\/fr\/wp-json\/wp\/v2\/comments?post=27763"}],"wp:featuredmedia":[{"embeddable":true,"href":"https:\/\/elevatesurf.ch\/fr\/wp-json\/wp\/v2\/media\/27760"}],"wp:attachment":[{"href":"https:\/\/elevatesurf.ch\/fr\/wp-json\/wp\/v2\/media?parent=27763"}],"wp:term":[{"taxonomy":"product_cat","embeddable":true,"href":"https:\/\/elevatesurf.ch\/fr\/wp-json\/wp\/v2\/product_cat?post=27763"},{"taxonomy":"product_tag","embeddable":true,"href":"https:\/\/elevatesurf.ch\/fr\/wp-json\/wp\/v2\/product_tag?post=27763"}],"curies":[{"name":"wp","href":"https:\/\/api.w.org\/{rel}","templated":true}]}}