{"id":27829,"date":"2026-05-10T17:30:58","date_gmt":"2026-05-10T17:30:58","guid":{"rendered":"https:\/\/elevatesurf.ch\/fr\/product\/plane-jam-1900-pumping-200-xxs\/"},"modified":"2026-05-10T20:38:26","modified_gmt":"2026-05-10T20:38:26","slug":"plane-jam-1900-pumping-200-xxs","status":"publish","type":"product","link":"https:\/\/elevatesurf.ch\/fr\/product\/plane-jam-1900-pumping-200-xxs\/","title":{"rendered":"PLANE JAM 1900 (PUMPING 200 XXS)"},"content":{"rendered":"<p>Il suffit de quelques impulsions \u00e0 la JAM pour sortir de l\u2019eau et glisser. M\u00eame si vous arr\u00eatez de pomper pendant quelques secondes, le foil continuera sa glisse. Son design, angle d\u2019attaque et profil sp\u00e9cifique r\u00e9duisent la tra\u00een\u00e9e induite et apportent plus d\u2019efficacit\u00e9 et de performance. Les wingtips ont \u00e9t\u00e9 con\u00e7us pour offrir une bonne maniabilit\u00e9 ; la JAM n\u2019est donc pas seulement une machine \u00e0 pumping, mais aussi un foil agr\u00e9able en navigation.<\/p>\n<p>Combinant avec succ\u00e8s des capacit\u00e9s de take-off rapide avec une bonne vitesse, la JAM offre une navigation douce et pr\u00e9cise.<\/p>\n<p>Son allongement tr\u00e8s \u00e9lev\u00e9 et son efficacit\u00e9 impressionnante \u00e0 faible vitesse en font un foil id\u00e9al pour le wing foil et le downwind dans des conditions marginales. La JAM peut \u00e9galement prendre de la vitesse si n\u00e9cessaire, ce qui permet au rider d\u2019aller plus vite, de l\u2019utiliser pour de la wing par vent faible et m\u00eame de surfer sur de petites vagues avec facilit\u00e9.<\/p>\n<p>La JAM est disponible en trois tailles : 1440 cm\u00b2, 1600 cm\u00b2 et 1900 cm\u00b2.<\/p>\n<ul>\n<li>La JAM 1400 cm\u00b2 sera le foil parfait pour des pratiquants de dockstart\/pumping exp\u00e9riment\u00e9s, pour d\u00e9buter en SUP downwind, pour la wing dans le light wind, et enfin pour surfer des micros-houles en surf foil.<\/li>\n<li>La 1600 cm\u00b2 est id\u00e9ale pour le wing foil ou le SUP foil dans des conditions marginales et le vent l\u00e9ger, ou pour les riders qui savent d\u00e9j\u00e0 faire du dock start. C\u2019est aussi le foil parfait pour apprendre le SUP downwind.<\/li>\n<li>La 1900 cm\u00b2 est parfaite pour le dock start, le pump foil en eaux plates et pour les plus grands gabarits.<\/li>\n<\/ul>\n<p>La JAM s\u2019adresse \u00e0 tous les niveaux, qu\u2019il s\u2019agisse de d\u00e9butants souhaitant se lancer dans le pump foil, ou de riders plus avanc\u00e9s recherchant un foil efficace dans cette discipline et le petit temps.<\/p>\n<p>Profitez d\u2019une session JAM entre d\u2019amis \u00e0 tout moment et o\u00f9 que vous soyez !<\/p>\n","protected":false},"excerpt":{"rendered":"<p>La JAM a \u00e9t\u00e9 con\u00e7ue pour le dock start et le pump foil. Avec sa surface importante et son allongement de 10, ce foil apporte une glisse infinie, une portance incroyable, des d\u00e9collages faciles et rapides et une grande efficacit\u00e9.<\/p>\n<ul>\n<li>Exceptionnel pour le dock start et le pump foil<\/li>\n<li>Aspect ratio : 10<\/li>\n<li>Extr\u00eame efficacit\u00e9 et glisse exceptionnelle<\/li>\n<li>Take-offs faciles et rapides<\/li>\n<li>Efficace \u00e0 basse vitesse et capable d\u2019acc\u00e9l\u00e9rations sur commande<\/li>\n<li>Connexion TITAN 2 pour une efficacit\u00e9 structurelle renforc\u00e9e, ainsi que plus de pr\u00e9cision et sensations directes<\/li>\n<\/ul>\n","protected":false},"featured_media":27825,"comment_status":"open","ping_status":"closed","template":"","meta":[],"product_cat":[1040,1046],"product_tag":[],"class_list":{"0":"post-27829","1":"product","2":"type-product","3":"status-publish","4":"has-post-thumbnail","6":"product_cat-foil","7":"product_cat-plane","8":"product_brand-indiana-suisse","10":"first","11":"instock","12":"shipping-taxable","13":"purchasable","14":"product-type-simple"},"yoast_head":"<!-- This site is optimized with the Yoast SEO plugin v22.8 - https:\/\/yoast.com\/wordpress\/plugins\/seo\/ -->\n<title>PLANE JAM 1900 (PUMPING 200 XXS) - Elevatesurf<\/title>\n<meta name=\"description\" content=\"Elevatesurf PLANE JAM 1900 (PUMPING 200 XXS)\" \/>\n<meta name=\"robots\" content=\"index, follow, max-snippet:-1, max-image-preview:large, max-video-preview:-1\" \/>\n<link rel=\"canonical\" href=\"https:\/\/elevatesurf.ch\/fr\/product\/plane-jam-1900-pumping-200-xxs\/\" \/>\n<meta property=\"og:locale\" content=\"fr_FR\" \/>\n<meta property=\"og:type\" content=\"article\" \/>\n<meta property=\"og:title\" content=\"PLANE JAM 1900 (PUMPING 200 XXS) - Elevatesurf\" \/>\n<meta property=\"og:description\" content=\"Elevatesurf PLANE JAM 1900 (PUMPING 200 XXS)\" \/>\n<meta property=\"og:url\" content=\"https:\/\/elevatesurf.ch\/fr\/product\/plane-jam-1900-pumping-200-xxs\/\" \/>\n<meta property=\"og:site_name\" content=\"Elevatesurf\" \/>\n<meta property=\"article:modified_time\" content=\"2026-05-10T20:38:26+00:00\" \/>\n<meta name=\"twitter:card\" content=\"summary_large_image\" \/>\n<meta name=\"twitter:label1\" content=\"Dur\u00e9e de lecture estim\u00e9e\" \/>\n\t<meta name=\"twitter:data1\" content=\"2 minutes\" \/>\n<script type=\"application\/ld+json\" class=\"yoast-schema-graph\">{\"@context\":\"https:\/\/schema.org\",\"@graph\":[{\"@type\":[\"WebPage\",\"ItemPage\"],\"@id\":\"https:\/\/elevatesurf.ch\/fr\/product\/plane-jam-1900-pumping-200-xxs\/\",\"url\":\"https:\/\/elevatesurf.ch\/fr\/product\/plane-jam-1900-pumping-200-xxs\/\",\"name\":\"PLANE JAM 1900 (PUMPING 200 XXS) - Elevatesurf\",\"isPartOf\":{\"@id\":\"https:\/\/elevatesurf.ch\/#website\"},\"primaryImageOfPage\":{\"@id\":\"https:\/\/elevatesurf.ch\/fr\/product\/plane-jam-1900-pumping-200-xxs\/#primaryimage\"},\"image\":{\"@id\":\"https:\/\/elevatesurf.ch\/fr\/product\/plane-jam-1900-pumping-200-xxs\/#primaryimage\"},\"thumbnailUrl\":\"https:\/\/elevatesurf.ch\/wp-content\/uploads\/2026\/05\/plane-jam-1900-pumping-200-xxs.png\",\"datePublished\":\"2026-05-10T17:30:58+00:00\",\"dateModified\":\"2026-05-10T20:38:26+00:00\",\"description\":\"Elevatesurf PLANE JAM 1900 (PUMPING 200 XXS)\",\"breadcrumb\":{\"@id\":\"https:\/\/elevatesurf.ch\/fr\/product\/plane-jam-1900-pumping-200-xxs\/#breadcrumb\"},\"inLanguage\":\"fr-FR\",\"potentialAction\":[{\"@type\":\"ReadAction\",\"target\":[\"https:\/\/elevatesurf.ch\/fr\/product\/plane-jam-1900-pumping-200-xxs\/\"]}]},{\"@type\":\"ImageObject\",\"inLanguage\":\"fr-FR\",\"@id\":\"https:\/\/elevatesurf.ch\/fr\/product\/plane-jam-1900-pumping-200-xxs\/#primaryimage\",\"url\":\"https:\/\/elevatesurf.ch\/wp-content\/uploads\/2026\/05\/plane-jam-1900-pumping-200-xxs.png\",\"contentUrl\":\"https:\/\/elevatesurf.ch\/wp-content\/uploads\/2026\/05\/plane-jam-1900-pumping-200-xxs.png\",\"width\":2000,\"height\":2000},{\"@type\":\"BreadcrumbList\",\"@id\":\"https:\/\/elevatesurf.ch\/fr\/product\/plane-jam-1900-pumping-200-xxs\/#breadcrumb\",\"itemListElement\":[{\"@type\":\"ListItem\",\"position\":1,\"name\":\"Accueil\",\"item\":\"https:\/\/elevatesurf.ch\/\"},{\"@type\":\"ListItem\",\"position\":2,\"name\":\"Shop &#8211; \u00c9levez Votre Exp\u00e9rience de Surf avec Notre Collection\",\"item\":\"https:\/\/elevatesurf.ch\/shop\/\"},{\"@type\":\"ListItem\",\"position\":3,\"name\":\"PLANE JAM 1900 (PUMPING 200 XXS)\"}]},{\"@type\":\"WebSite\",\"@id\":\"https:\/\/elevatesurf.ch\/#website\",\"url\":\"https:\/\/elevatesurf.ch\/\",\"name\":\"Elevatesurf\",\"description\":\"Surfez vers de nouveaux sommets avec ElevateSurf ! Kiteshop, Wingshop\",\"publisher\":{\"@id\":\"https:\/\/elevatesurf.ch\/#organization\"},\"potentialAction\":[{\"@type\":\"SearchAction\",\"target\":{\"@type\":\"EntryPoint\",\"urlTemplate\":\"https:\/\/elevatesurf.ch\/?s={search_term_string}\"},\"query-input\":\"required name=search_term_string\"}],\"inLanguage\":\"fr-FR\"},{\"@type\":\"Organization\",\"@id\":\"https:\/\/elevatesurf.ch\/#organization\",\"name\":\"Elevatesurf\",\"url\":\"https:\/\/elevatesurf.ch\/\",\"logo\":{\"@type\":\"ImageObject\",\"inLanguage\":\"fr-FR\",\"@id\":\"https:\/\/elevatesurf.ch\/#\/schema\/logo\/image\/\",\"url\":\"https:\/\/elevatesurf.ch\/wp-content\/uploads\/2024\/06\/67c2ec70-bdf5-4c14-898a-ded5b2051398.jpg\",\"contentUrl\":\"https:\/\/elevatesurf.ch\/wp-content\/uploads\/2024\/06\/67c2ec70-bdf5-4c14-898a-ded5b2051398.jpg\",\"width\":1024,\"height\":1024,\"caption\":\"Elevatesurf\"},\"image\":{\"@id\":\"https:\/\/elevatesurf.ch\/#\/schema\/logo\/image\/\"},\"sameAs\":[\"https:\/\/www.instagram.com\/elevate__surf\/\"]}]}<\/script>\n<!-- \/ Yoast SEO plugin. -->","yoast_head_json":{"title":"PLANE JAM 1900 (PUMPING 200 XXS) - Elevatesurf","description":"Elevatesurf PLANE JAM 1900 (PUMPING 200 XXS)","robots":{"index":"index","follow":"follow","max-snippet":"max-snippet:-1","max-image-preview":"max-image-preview:large","max-video-preview":"max-video-preview:-1"},"canonical":"https:\/\/elevatesurf.ch\/fr\/product\/plane-jam-1900-pumping-200-xxs\/","og_locale":"fr_FR","og_type":"article","og_title":"PLANE JAM 1900 (PUMPING 200 XXS) - Elevatesurf","og_description":"Elevatesurf PLANE JAM 1900 (PUMPING 200 XXS)","og_url":"https:\/\/elevatesurf.ch\/fr\/product\/plane-jam-1900-pumping-200-xxs\/","og_site_name":"Elevatesurf","article_modified_time":"2026-05-10T20:38:26+00:00","twitter_card":"summary_large_image","twitter_misc":{"Dur\u00e9e de lecture estim\u00e9e":"2 minutes"},"schema":{"@context":"https:\/\/schema.org","@graph":[{"@type":["WebPage","ItemPage"],"@id":"https:\/\/elevatesurf.ch\/fr\/product\/plane-jam-1900-pumping-200-xxs\/","url":"https:\/\/elevatesurf.ch\/fr\/product\/plane-jam-1900-pumping-200-xxs\/","name":"PLANE JAM 1900 (PUMPING 200 XXS) - Elevatesurf","isPartOf":{"@id":"https:\/\/elevatesurf.ch\/#website"},"primaryImageOfPage":{"@id":"https:\/\/elevatesurf.ch\/fr\/product\/plane-jam-1900-pumping-200-xxs\/#primaryimage"},"image":{"@id":"https:\/\/elevatesurf.ch\/fr\/product\/plane-jam-1900-pumping-200-xxs\/#primaryimage"},"thumbnailUrl":"https:\/\/elevatesurf.ch\/wp-content\/uploads\/2026\/05\/plane-jam-1900-pumping-200-xxs.png","datePublished":"2026-05-10T17:30:58+00:00","dateModified":"2026-05-10T20:38:26+00:00","description":"Elevatesurf PLANE JAM 1900 (PUMPING 200 XXS)","breadcrumb":{"@id":"https:\/\/elevatesurf.ch\/fr\/product\/plane-jam-1900-pumping-200-xxs\/#breadcrumb"},"inLanguage":"fr-FR","potentialAction":[{"@type":"ReadAction","target":["https:\/\/elevatesurf.ch\/fr\/product\/plane-jam-1900-pumping-200-xxs\/"]}]},{"@type":"ImageObject","inLanguage":"fr-FR","@id":"https:\/\/elevatesurf.ch\/fr\/product\/plane-jam-1900-pumping-200-xxs\/#primaryimage","url":"https:\/\/elevatesurf.ch\/wp-content\/uploads\/2026\/05\/plane-jam-1900-pumping-200-xxs.png","contentUrl":"https:\/\/elevatesurf.ch\/wp-content\/uploads\/2026\/05\/plane-jam-1900-pumping-200-xxs.png","width":2000,"height":2000},{"@type":"BreadcrumbList","@id":"https:\/\/elevatesurf.ch\/fr\/product\/plane-jam-1900-pumping-200-xxs\/#breadcrumb","itemListElement":[{"@type":"ListItem","position":1,"name":"Accueil","item":"https:\/\/elevatesurf.ch\/"},{"@type":"ListItem","position":2,"name":"Shop &#8211; \u00c9levez Votre Exp\u00e9rience de Surf avec Notre Collection","item":"https:\/\/elevatesurf.ch\/shop\/"},{"@type":"ListItem","position":3,"name":"PLANE JAM 1900 (PUMPING 200 XXS)"}]},{"@type":"WebSite","@id":"https:\/\/elevatesurf.ch\/#website","url":"https:\/\/elevatesurf.ch\/","name":"Elevatesurf","description":"Surfez vers de nouveaux sommets avec ElevateSurf ! Kiteshop, Wingshop","publisher":{"@id":"https:\/\/elevatesurf.ch\/#organization"},"potentialAction":[{"@type":"SearchAction","target":{"@type":"EntryPoint","urlTemplate":"https:\/\/elevatesurf.ch\/?s={search_term_string}"},"query-input":"required name=search_term_string"}],"inLanguage":"fr-FR"},{"@type":"Organization","@id":"https:\/\/elevatesurf.ch\/#organization","name":"Elevatesurf","url":"https:\/\/elevatesurf.ch\/","logo":{"@type":"ImageObject","inLanguage":"fr-FR","@id":"https:\/\/elevatesurf.ch\/#\/schema\/logo\/image\/","url":"https:\/\/elevatesurf.ch\/wp-content\/uploads\/2024\/06\/67c2ec70-bdf5-4c14-898a-ded5b2051398.jpg","contentUrl":"https:\/\/elevatesurf.ch\/wp-content\/uploads\/2024\/06\/67c2ec70-bdf5-4c14-898a-ded5b2051398.jpg","width":1024,"height":1024,"caption":"Elevatesurf"},"image":{"@id":"https:\/\/elevatesurf.ch\/#\/schema\/logo\/image\/"},"sameAs":["https:\/\/www.instagram.com\/elevate__surf\/"]}]}},"_links":{"self":[{"href":"https:\/\/elevatesurf.ch\/fr\/wp-json\/wp\/v2\/product\/27829","targetHints":{"allow":["GET"]}}],"collection":[{"href":"https:\/\/elevatesurf.ch\/fr\/wp-json\/wp\/v2\/product"}],"about":[{"href":"https:\/\/elevatesurf.ch\/fr\/wp-json\/wp\/v2\/types\/product"}],"replies":[{"embeddable":true,"href":"https:\/\/elevatesurf.ch\/fr\/wp-json\/wp\/v2\/comments?post=27829"}],"wp:featuredmedia":[{"embeddable":true,"href":"https:\/\/elevatesurf.ch\/fr\/wp-json\/wp\/v2\/media\/27825"}],"wp:attachment":[{"href":"https:\/\/elevatesurf.ch\/fr\/wp-json\/wp\/v2\/media?parent=27829"}],"wp:term":[{"taxonomy":"product_cat","embeddable":true,"href":"https:\/\/elevatesurf.ch\/fr\/wp-json\/wp\/v2\/product_cat?post=27829"},{"taxonomy":"product_tag","embeddable":true,"href":"https:\/\/elevatesurf.ch\/fr\/wp-json\/wp\/v2\/product_tag?post=27829"}],"curies":[{"name":"wp","href":"https:\/\/api.w.org\/{rel}","templated":true}]}}