{"id":27890,"date":"2026-05-10T17:34:05","date_gmt":"2026-05-10T17:34:05","guid":{"rendered":"https:\/\/elevatesurf.ch\/fr\/product\/carbon-mast-16-80-cm-2\/"},"modified":"2026-05-10T20:39:14","modified_gmt":"2026-05-10T20:39:14","slug":"carbon-mast-16-80-cm-2","status":"publish","type":"product","link":"https:\/\/elevatesurf.ch\/fr\/product\/carbon-mast-16-80-cm-2\/","title":{"rendered":"CARBON MAST 16 &#8211; 80 CM"},"content":{"rendered":"<p>Le M\u00e2t Carbone de 16mm d\u2019\u00e9paisseur est intrins\u00e8quement tr\u00e8s rigide et offre le meilleur compromis entre rigidit\u00e9, glisse et durabilit\u00e9. Sa construction enti\u00e8rement monobloc apporte une incroyable rigidit\u00e9 et permet de r\u00e9duire la tra\u00een\u00e9e au minimum, ce qui facilite les d\u00e9parts et apporte des sensations encore plus directes. Chaque mouvement se traduira imm\u00e9diatement sur votre foil. Le m\u00e2t est d\u2019une seule pi\u00e8ce, construit en carbone pr\u00e9-preg, moul\u00e9 et durci en une fois.<\/p>\n<p>Notre structure interne SPINE assure rigidit\u00e9 et contr\u00f4le pendant la navigation. Les couches de fibres de carbone ont \u00e9t\u00e9 soigneusement dispos\u00e9es \u00e0 des angles de 0\u00b0 dans le sens de la longueur pour optimiser la rigidit\u00e9 en flexion et \u00e0 environ 45\u00b0 pour optimiser la rigidit\u00e9 en torsion. Ce s\u00e9quen\u00e7age de couches permet d\u2019obtenir le meilleur compromis de rigidit\u00e9 en flexion et en torsion afin de garder un contr\u00f4le total dans toutes les situations et \u00e0 grande vitesse.<\/p>\n<p>Ce m\u00e2t est \u00e9quip\u00e9 de notre nouvelle top plate et du nouveau pied de m\u00e2t TITAN 2. La top plate revue est d\u00e9sormais compatible avec nos T-nuts verrouillables et comprend \u00e9galement notre syst\u00e8me \u00ab Quick-Attach \u00bb en forme de serrure pour un montage plus rapide. Le m\u00e2t est compatible avec la plupart des planches du march\u00e9 \u00e9quip\u00e9es du syst\u00e8me Twin-Tracks ainsi qu\u2019avec les ailes avant disposant de la nouvelle connexion TITAN 2.<\/p>\n<p>Disponible en 80 et 85 cm, ce m\u00e2t excelle dans toutes les disciplines, la version 80 cm \u00e9tant sp\u00e9cialement optimis\u00e9e pour le surf foil : meilleur pumping, moins de sorties de bout d\u2019aile, et maniabilit\u00e9 pr\u00e9cise.<\/p>\n<p>Laissez-vous glisser avec le M\u00e2t Carbone 16 de F-ONE, un m\u00e2t exceptionnel et efficace qui am\u00e8ne des sensations ultra directes, des virages faciles, d\u2019excellentes man\u0153uvres et des d\u00e9parts en pumping efficaces.<\/p>\n","protected":false},"excerpt":{"rendered":"<p>Ultra-rigide et durable, le m\u00e2t carbone 16 de F-ONE apporte des sensations directes et un retour instantan\u00e9 lors de chacune de vos sessions en foil.<\/p>\n<ul>\n<li>Profil de 16mm<\/li>\n<li>M\u00e2t tr\u00e8s raide pour des sensations encore plus directes<\/li>\n<li>Construction Monobloc<\/li>\n<li>Parfaite connexion entre le foil et la planche<\/li>\n<li>Durabilit\u00e9 accrue<\/li>\n<li>Connexion TITAN 2 pour plus de pr\u00e9cision et sensations directes<\/li>\n<\/ul>\n","protected":false},"featured_media":27887,"comment_status":"open","ping_status":"closed","template":"","meta":[],"product_cat":[1040,1050],"product_tag":[],"class_list":{"0":"post-27890","1":"product","2":"type-product","3":"status-publish","4":"has-post-thumbnail","6":"product_cat-foil","7":"product_cat-mats","8":"product_brand-f-one","10":"first","11":"instock","12":"shipping-taxable","13":"purchasable","14":"product-type-simple"},"yoast_head":"<!-- This site is optimized with the Yoast SEO plugin v22.8 - https:\/\/yoast.com\/wordpress\/plugins\/seo\/ -->\n<title>CARBON MAST 16 - 80 CM - Elevatesurf<\/title>\n<meta name=\"description\" content=\"Elevatesurf CARBON MAST 16 - 80 CM\" \/>\n<meta name=\"robots\" content=\"index, follow, max-snippet:-1, max-image-preview:large, max-video-preview:-1\" \/>\n<link rel=\"canonical\" href=\"https:\/\/elevatesurf.ch\/fr\/product\/carbon-mast-16-80-cm-2\/\" \/>\n<meta property=\"og:locale\" content=\"fr_FR\" \/>\n<meta property=\"og:type\" content=\"article\" \/>\n<meta property=\"og:title\" content=\"CARBON MAST 16 - 80 CM - Elevatesurf\" \/>\n<meta property=\"og:description\" content=\"Elevatesurf CARBON MAST 16 - 80 CM\" \/>\n<meta property=\"og:url\" content=\"https:\/\/elevatesurf.ch\/fr\/product\/carbon-mast-16-80-cm-2\/\" \/>\n<meta property=\"og:site_name\" content=\"Elevatesurf\" \/>\n<meta property=\"article:modified_time\" content=\"2026-05-10T20:39:14+00:00\" \/>\n<meta name=\"twitter:card\" content=\"summary_large_image\" \/>\n<meta name=\"twitter:label1\" content=\"Dur\u00e9e de lecture estim\u00e9e\" \/>\n\t<meta name=\"twitter:data1\" content=\"2 minutes\" \/>\n<script type=\"application\/ld+json\" class=\"yoast-schema-graph\">{\"@context\":\"https:\/\/schema.org\",\"@graph\":[{\"@type\":[\"WebPage\",\"ItemPage\"],\"@id\":\"https:\/\/elevatesurf.ch\/fr\/product\/carbon-mast-16-80-cm-2\/\",\"url\":\"https:\/\/elevatesurf.ch\/fr\/product\/carbon-mast-16-80-cm-2\/\",\"name\":\"CARBON MAST 16 - 80 CM - Elevatesurf\",\"isPartOf\":{\"@id\":\"https:\/\/elevatesurf.ch\/#website\"},\"primaryImageOfPage\":{\"@id\":\"https:\/\/elevatesurf.ch\/fr\/product\/carbon-mast-16-80-cm-2\/#primaryimage\"},\"image\":{\"@id\":\"https:\/\/elevatesurf.ch\/fr\/product\/carbon-mast-16-80-cm-2\/#primaryimage\"},\"thumbnailUrl\":\"https:\/\/elevatesurf.ch\/wp-content\/uploads\/2026\/05\/carbon-mast-16-80-cm.png\",\"datePublished\":\"2026-05-10T17:34:05+00:00\",\"dateModified\":\"2026-05-10T20:39:14+00:00\",\"description\":\"Elevatesurf CARBON MAST 16 - 80 CM\",\"breadcrumb\":{\"@id\":\"https:\/\/elevatesurf.ch\/fr\/product\/carbon-mast-16-80-cm-2\/#breadcrumb\"},\"inLanguage\":\"fr-FR\",\"potentialAction\":[{\"@type\":\"ReadAction\",\"target\":[\"https:\/\/elevatesurf.ch\/fr\/product\/carbon-mast-16-80-cm-2\/\"]}]},{\"@type\":\"ImageObject\",\"inLanguage\":\"fr-FR\",\"@id\":\"https:\/\/elevatesurf.ch\/fr\/product\/carbon-mast-16-80-cm-2\/#primaryimage\",\"url\":\"https:\/\/elevatesurf.ch\/wp-content\/uploads\/2026\/05\/carbon-mast-16-80-cm.png\",\"contentUrl\":\"https:\/\/elevatesurf.ch\/wp-content\/uploads\/2026\/05\/carbon-mast-16-80-cm.png\",\"width\":2000,\"height\":2000},{\"@type\":\"BreadcrumbList\",\"@id\":\"https:\/\/elevatesurf.ch\/fr\/product\/carbon-mast-16-80-cm-2\/#breadcrumb\",\"itemListElement\":[{\"@type\":\"ListItem\",\"position\":1,\"name\":\"Accueil\",\"item\":\"https:\/\/elevatesurf.ch\/\"},{\"@type\":\"ListItem\",\"position\":2,\"name\":\"Shop &#8211; \u00c9levez Votre Exp\u00e9rience de Surf avec Notre Collection\",\"item\":\"https:\/\/elevatesurf.ch\/shop\/\"},{\"@type\":\"ListItem\",\"position\":3,\"name\":\"CARBON MAST 16 &#8211; 80 CM\"}]},{\"@type\":\"WebSite\",\"@id\":\"https:\/\/elevatesurf.ch\/#website\",\"url\":\"https:\/\/elevatesurf.ch\/\",\"name\":\"Elevatesurf\",\"description\":\"Surfez vers de nouveaux sommets avec ElevateSurf ! Kiteshop, Wingshop\",\"publisher\":{\"@id\":\"https:\/\/elevatesurf.ch\/#organization\"},\"potentialAction\":[{\"@type\":\"SearchAction\",\"target\":{\"@type\":\"EntryPoint\",\"urlTemplate\":\"https:\/\/elevatesurf.ch\/?s={search_term_string}\"},\"query-input\":\"required name=search_term_string\"}],\"inLanguage\":\"fr-FR\"},{\"@type\":\"Organization\",\"@id\":\"https:\/\/elevatesurf.ch\/#organization\",\"name\":\"Elevatesurf\",\"url\":\"https:\/\/elevatesurf.ch\/\",\"logo\":{\"@type\":\"ImageObject\",\"inLanguage\":\"fr-FR\",\"@id\":\"https:\/\/elevatesurf.ch\/#\/schema\/logo\/image\/\",\"url\":\"https:\/\/elevatesurf.ch\/wp-content\/uploads\/2024\/06\/67c2ec70-bdf5-4c14-898a-ded5b2051398.jpg\",\"contentUrl\":\"https:\/\/elevatesurf.ch\/wp-content\/uploads\/2024\/06\/67c2ec70-bdf5-4c14-898a-ded5b2051398.jpg\",\"width\":1024,\"height\":1024,\"caption\":\"Elevatesurf\"},\"image\":{\"@id\":\"https:\/\/elevatesurf.ch\/#\/schema\/logo\/image\/\"},\"sameAs\":[\"https:\/\/www.instagram.com\/elevate__surf\/\"]}]}<\/script>\n<!-- \/ Yoast SEO plugin. -->","yoast_head_json":{"title":"CARBON MAST 16 - 80 CM - Elevatesurf","description":"Elevatesurf CARBON MAST 16 - 80 CM","robots":{"index":"index","follow":"follow","max-snippet":"max-snippet:-1","max-image-preview":"max-image-preview:large","max-video-preview":"max-video-preview:-1"},"canonical":"https:\/\/elevatesurf.ch\/fr\/product\/carbon-mast-16-80-cm-2\/","og_locale":"fr_FR","og_type":"article","og_title":"CARBON MAST 16 - 80 CM - Elevatesurf","og_description":"Elevatesurf CARBON MAST 16 - 80 CM","og_url":"https:\/\/elevatesurf.ch\/fr\/product\/carbon-mast-16-80-cm-2\/","og_site_name":"Elevatesurf","article_modified_time":"2026-05-10T20:39:14+00:00","twitter_card":"summary_large_image","twitter_misc":{"Dur\u00e9e de lecture estim\u00e9e":"2 minutes"},"schema":{"@context":"https:\/\/schema.org","@graph":[{"@type":["WebPage","ItemPage"],"@id":"https:\/\/elevatesurf.ch\/fr\/product\/carbon-mast-16-80-cm-2\/","url":"https:\/\/elevatesurf.ch\/fr\/product\/carbon-mast-16-80-cm-2\/","name":"CARBON MAST 16 - 80 CM - Elevatesurf","isPartOf":{"@id":"https:\/\/elevatesurf.ch\/#website"},"primaryImageOfPage":{"@id":"https:\/\/elevatesurf.ch\/fr\/product\/carbon-mast-16-80-cm-2\/#primaryimage"},"image":{"@id":"https:\/\/elevatesurf.ch\/fr\/product\/carbon-mast-16-80-cm-2\/#primaryimage"},"thumbnailUrl":"https:\/\/elevatesurf.ch\/wp-content\/uploads\/2026\/05\/carbon-mast-16-80-cm.png","datePublished":"2026-05-10T17:34:05+00:00","dateModified":"2026-05-10T20:39:14+00:00","description":"Elevatesurf CARBON MAST 16 - 80 CM","breadcrumb":{"@id":"https:\/\/elevatesurf.ch\/fr\/product\/carbon-mast-16-80-cm-2\/#breadcrumb"},"inLanguage":"fr-FR","potentialAction":[{"@type":"ReadAction","target":["https:\/\/elevatesurf.ch\/fr\/product\/carbon-mast-16-80-cm-2\/"]}]},{"@type":"ImageObject","inLanguage":"fr-FR","@id":"https:\/\/elevatesurf.ch\/fr\/product\/carbon-mast-16-80-cm-2\/#primaryimage","url":"https:\/\/elevatesurf.ch\/wp-content\/uploads\/2026\/05\/carbon-mast-16-80-cm.png","contentUrl":"https:\/\/elevatesurf.ch\/wp-content\/uploads\/2026\/05\/carbon-mast-16-80-cm.png","width":2000,"height":2000},{"@type":"BreadcrumbList","@id":"https:\/\/elevatesurf.ch\/fr\/product\/carbon-mast-16-80-cm-2\/#breadcrumb","itemListElement":[{"@type":"ListItem","position":1,"name":"Accueil","item":"https:\/\/elevatesurf.ch\/"},{"@type":"ListItem","position":2,"name":"Shop &#8211; \u00c9levez Votre Exp\u00e9rience de Surf avec Notre Collection","item":"https:\/\/elevatesurf.ch\/shop\/"},{"@type":"ListItem","position":3,"name":"CARBON MAST 16 &#8211; 80 CM"}]},{"@type":"WebSite","@id":"https:\/\/elevatesurf.ch\/#website","url":"https:\/\/elevatesurf.ch\/","name":"Elevatesurf","description":"Surfez vers de nouveaux sommets avec ElevateSurf ! Kiteshop, Wingshop","publisher":{"@id":"https:\/\/elevatesurf.ch\/#organization"},"potentialAction":[{"@type":"SearchAction","target":{"@type":"EntryPoint","urlTemplate":"https:\/\/elevatesurf.ch\/?s={search_term_string}"},"query-input":"required name=search_term_string"}],"inLanguage":"fr-FR"},{"@type":"Organization","@id":"https:\/\/elevatesurf.ch\/#organization","name":"Elevatesurf","url":"https:\/\/elevatesurf.ch\/","logo":{"@type":"ImageObject","inLanguage":"fr-FR","@id":"https:\/\/elevatesurf.ch\/#\/schema\/logo\/image\/","url":"https:\/\/elevatesurf.ch\/wp-content\/uploads\/2024\/06\/67c2ec70-bdf5-4c14-898a-ded5b2051398.jpg","contentUrl":"https:\/\/elevatesurf.ch\/wp-content\/uploads\/2024\/06\/67c2ec70-bdf5-4c14-898a-ded5b2051398.jpg","width":1024,"height":1024,"caption":"Elevatesurf"},"image":{"@id":"https:\/\/elevatesurf.ch\/#\/schema\/logo\/image\/"},"sameAs":["https:\/\/www.instagram.com\/elevate__surf\/"]}]}},"_links":{"self":[{"href":"https:\/\/elevatesurf.ch\/fr\/wp-json\/wp\/v2\/product\/27890","targetHints":{"allow":["GET"]}}],"collection":[{"href":"https:\/\/elevatesurf.ch\/fr\/wp-json\/wp\/v2\/product"}],"about":[{"href":"https:\/\/elevatesurf.ch\/fr\/wp-json\/wp\/v2\/types\/product"}],"replies":[{"embeddable":true,"href":"https:\/\/elevatesurf.ch\/fr\/wp-json\/wp\/v2\/comments?post=27890"}],"wp:featuredmedia":[{"embeddable":true,"href":"https:\/\/elevatesurf.ch\/fr\/wp-json\/wp\/v2\/media\/27887"}],"wp:attachment":[{"href":"https:\/\/elevatesurf.ch\/fr\/wp-json\/wp\/v2\/media?parent=27890"}],"wp:term":[{"taxonomy":"product_cat","embeddable":true,"href":"https:\/\/elevatesurf.ch\/fr\/wp-json\/wp\/v2\/product_cat?post=27890"},{"taxonomy":"product_tag","embeddable":true,"href":"https:\/\/elevatesurf.ch\/fr\/wp-json\/wp\/v2\/product_tag?post=27890"}],"curies":[{"name":"wp","href":"https:\/\/api.w.org\/{rel}","templated":true}]}}