{"id":27894,"date":"2026-05-10T17:34:17","date_gmt":"2026-05-10T17:34:17","guid":{"rendered":"https:\/\/elevatesurf.ch\/fr\/product\/bandit-limited-edition-by-brainchild\/"},"modified":"2026-05-10T20:39:14","modified_gmt":"2026-05-10T20:39:14","slug":"bandit-limited-edition-by-brainchild","status":"publish","type":"product","link":"https:\/\/elevatesurf.ch\/fr\/product\/bandit-limited-edition-by-brainchild\/","title":{"rendered":"BANDIT LIMITED EDITION BY BRAINCHILD"},"content":{"rendered":"<p>D\u00e8s les premiers essais d\u2019ailes Brainchild, nous avons d\u00e9couvert un potentiel de r\u00e9action et de performance en vol totalement in\u00e9dit, nous incitant imm\u00e9diatement \u00e0 envisager une nouvelle version de notre c\u00e9l\u00e8bre BANDIT. Apr\u00e8s avoir \u00e9tudi\u00e9 et adapt\u00e9 nos designs \u00e0 cette technologie novatrice, la BANDIT a fortement \u00e9volu\u00e9 et offre de nouvelles sensations.<\/p>\n<p>La plage haute b\u00e9n\u00e9ficie d\u2019une am\u00e9lioration significative en mati\u00e8re de confort et de contr\u00f4le. Une caract\u00e9ristique novatrice de cette aile, lorsqu\u2019elle est choqu\u00e9e, est sa capacit\u00e9 unique \u00e0 se diriger vers le bord de la fen\u00eatre, ce qui r\u00e9duit consid\u00e9rablement la traction ressentie.<\/p>\n<p>La diff\u00e9rence est nettement perceptible lorsque l\u2019on navigue au pr\u00e8s dans des conditions de vent fort, avec une diminution notable de la traction exerc\u00e9e sur le dos et les jambes. En ce qui concerne la plage basse, le kite est positionn\u00e9 de mani\u00e8re optimale dans la fen\u00eatre, offrant ainsi une traction stable et constante ainsi qu\u2019un meilleur angle au pr\u00e8s.<\/p>\n<p>Cette configuration fonctionne \u00e9galement \u00e0 merveille lorsqu\u2019on envoie l\u2019aile au z\u00e9nith pour un saut. La capacit\u00e9 de cette BANDIT \u00e0 monter haut et \u00e0 porter davantage, combin\u00e9e \u00e0 sa maniabilit\u00e9 exceptionnelle et \u00e0 sa qualit\u00e9 de vol en virage, en fait un kite id\u00e9al pour les kiteloops. Le feeling de barre est plus l\u00e9ger et plus pr\u00e9cis sur toute la plage d\u2019utilisation.<\/p>\n<p>Brainchild Productions est une nouvelle usine de fabrication situ\u00e9e en Mac\u00e9doine du Nord, dans le sud-est de l\u2019Europe, et dirig\u00e9e par Ralf Gr\u00f6sel. Elle se distingue par l\u2019adoption de technologies d\u2019assemblage innovantes et un engagement sans pr\u00e9c\u00e9dent envers l\u2019\u00e9cologie, offrant ainsi un bilan environnemental in\u00e9gal\u00e9 dans le monde du kite.<\/p>\n<p>Brainchild utilise de nouveaux mat\u00e9riaux de pointe ultra l\u00e9gers, ainsi que des techniques innovantes telles que PROWELD, o\u00f9 tous les segments du bord d\u2019attaque sont soud\u00e9s au lieu d\u2019\u00eatre cousus, ce qui permet d\u2019augmenter la rigidit\u00e9 globale de l\u2019aile et d\u2019en r\u00e9duire encore le poids. En outre, les kites sont d\u00e9sormais enti\u00e8rement imprim\u00e9s plut\u00f4t que s\u00e9rigraphi\u00e9s. La libert\u00e9 offerte par ce processus d\u2019impression nous permet d\u2019explorer de nouveaux graphismes et couleurs.<\/p>\n<p>Encore plus l\u00e9g\u00e8re, r\u00e9active et performante, la BANDIT Limited Edition de Brainchild rend chaque session plus dynamique et plus agr\u00e9able, partout, \u00e0 tout moment et dans toutes les conditions.<\/p>\n","protected":false},"excerpt":{"rendered":"<p><strong><em>Everywhere, anytime, in every condition.<\/em><\/strong><\/p>\n<p>La BANDIT Edition Limit\u00e9e par Brainchild promet des sensations in\u00e9dites, avec un kite plus l\u00e9ger, plus r\u00e9actif et un retour en barre impressionnant. Avec sa conception r\u00e9volutionnaire, ce kite incarne une fusion parfaite entre innovations technologiques et passion, ouvrant la voie \u00e0 de nouvelles performances sur l\u2019eau tout en gardant son ADN l\u00e9gendaire.<\/p>\n<p>&#8211; L\u2019alliance parfaite entre notre l\u00e9gendaire BANDIT et les technologies r\u00e9volutionnaires de Brainchild<br \/>&#8211; Kite l\u00e9ger, ultra r\u00e9actif et stable dans toutes les conditions<br \/>&#8211; Contr\u00f4le absolu et traction r\u00e9duite dans le vent fort<br \/>&#8211; Remont\u00e9e au vent impressionnante en plage basse<br \/>&#8211; Feeling de barre pr\u00e9cis et l\u00e9ger<br \/>&#8211; Hangtime et maniabilit\u00e9 pour les kiteloops<\/p>\n","protected":false},"featured_media":27893,"comment_status":"open","ping_status":"closed","template":"","meta":[],"product_cat":[1039,134],"product_tag":[],"class_list":{"0":"post-27894","1":"product","2":"type-product","3":"status-publish","4":"has-post-thumbnail","6":"product_cat-kite","7":"product_cat-kites","8":"product_brand-f-one","10":"first","11":"instock","12":"shipping-taxable","13":"purchasable","14":"product-type-variable"},"yoast_head":"<!-- This site is optimized with the Yoast SEO plugin v22.8 - https:\/\/yoast.com\/wordpress\/plugins\/seo\/ -->\n<title>BANDIT LIMITED EDITION BY BRAINCHILD - Elevatesurf<\/title>\n<meta name=\"description\" content=\"Elevatesurf BANDIT LIMITED EDITION BY BRAINCHILD\" \/>\n<meta name=\"robots\" content=\"index, follow, max-snippet:-1, max-image-preview:large, max-video-preview:-1\" \/>\n<link rel=\"canonical\" href=\"https:\/\/elevatesurf.ch\/fr\/product\/bandit-limited-edition-by-brainchild\/\" \/>\n<meta property=\"og:locale\" content=\"fr_FR\" \/>\n<meta property=\"og:type\" content=\"article\" \/>\n<meta property=\"og:title\" content=\"BANDIT LIMITED EDITION BY BRAINCHILD - Elevatesurf\" \/>\n<meta property=\"og:description\" content=\"Elevatesurf BANDIT LIMITED EDITION BY BRAINCHILD\" \/>\n<meta property=\"og:url\" content=\"https:\/\/elevatesurf.ch\/fr\/product\/bandit-limited-edition-by-brainchild\/\" \/>\n<meta property=\"og:site_name\" content=\"Elevatesurf\" \/>\n<meta property=\"article:modified_time\" content=\"2026-05-10T20:39:14+00:00\" \/>\n<meta name=\"twitter:card\" content=\"summary_large_image\" \/>\n<meta name=\"twitter:label1\" content=\"Dur\u00e9e de lecture estim\u00e9e\" \/>\n\t<meta name=\"twitter:data1\" content=\"2 minutes\" \/>\n<script type=\"application\/ld+json\" class=\"yoast-schema-graph\">{\"@context\":\"https:\/\/schema.org\",\"@graph\":[{\"@type\":[\"WebPage\",\"ItemPage\"],\"@id\":\"https:\/\/elevatesurf.ch\/fr\/product\/bandit-limited-edition-by-brainchild\/\",\"url\":\"https:\/\/elevatesurf.ch\/fr\/product\/bandit-limited-edition-by-brainchild\/\",\"name\":\"BANDIT LIMITED EDITION BY BRAINCHILD - Elevatesurf\",\"isPartOf\":{\"@id\":\"https:\/\/elevatesurf.ch\/#website\"},\"primaryImageOfPage\":{\"@id\":\"https:\/\/elevatesurf.ch\/fr\/product\/bandit-limited-edition-by-brainchild\/#primaryimage\"},\"image\":{\"@id\":\"https:\/\/elevatesurf.ch\/fr\/product\/bandit-limited-edition-by-brainchild\/#primaryimage\"},\"thumbnailUrl\":\"https:\/\/elevatesurf.ch\/wp-content\/uploads\/2026\/05\/bandit-limited-edition-by-brainchild.jpg\",\"datePublished\":\"2026-05-10T17:34:17+00:00\",\"dateModified\":\"2026-05-10T20:39:14+00:00\",\"description\":\"Elevatesurf BANDIT LIMITED EDITION BY BRAINCHILD\",\"breadcrumb\":{\"@id\":\"https:\/\/elevatesurf.ch\/fr\/product\/bandit-limited-edition-by-brainchild\/#breadcrumb\"},\"inLanguage\":\"fr-FR\",\"potentialAction\":[{\"@type\":\"ReadAction\",\"target\":[\"https:\/\/elevatesurf.ch\/fr\/product\/bandit-limited-edition-by-brainchild\/\"]}]},{\"@type\":\"ImageObject\",\"inLanguage\":\"fr-FR\",\"@id\":\"https:\/\/elevatesurf.ch\/fr\/product\/bandit-limited-edition-by-brainchild\/#primaryimage\",\"url\":\"https:\/\/elevatesurf.ch\/wp-content\/uploads\/2026\/05\/bandit-limited-edition-by-brainchild.jpg\",\"contentUrl\":\"https:\/\/elevatesurf.ch\/wp-content\/uploads\/2026\/05\/bandit-limited-edition-by-brainchild.jpg\",\"width\":1200,\"height\":1200},{\"@type\":\"BreadcrumbList\",\"@id\":\"https:\/\/elevatesurf.ch\/fr\/product\/bandit-limited-edition-by-brainchild\/#breadcrumb\",\"itemListElement\":[{\"@type\":\"ListItem\",\"position\":1,\"name\":\"Accueil\",\"item\":\"https:\/\/elevatesurf.ch\/\"},{\"@type\":\"ListItem\",\"position\":2,\"name\":\"Shop &#8211; \u00c9levez Votre Exp\u00e9rience de Surf avec Notre Collection\",\"item\":\"https:\/\/elevatesurf.ch\/shop\/\"},{\"@type\":\"ListItem\",\"position\":3,\"name\":\"BANDIT LIMITED EDITION BY BRAINCHILD\"}]},{\"@type\":\"WebSite\",\"@id\":\"https:\/\/elevatesurf.ch\/#website\",\"url\":\"https:\/\/elevatesurf.ch\/\",\"name\":\"Elevatesurf\",\"description\":\"Surfez vers de nouveaux sommets avec ElevateSurf ! Kiteshop, Wingshop\",\"publisher\":{\"@id\":\"https:\/\/elevatesurf.ch\/#organization\"},\"potentialAction\":[{\"@type\":\"SearchAction\",\"target\":{\"@type\":\"EntryPoint\",\"urlTemplate\":\"https:\/\/elevatesurf.ch\/?s={search_term_string}\"},\"query-input\":\"required name=search_term_string\"}],\"inLanguage\":\"fr-FR\"},{\"@type\":\"Organization\",\"@id\":\"https:\/\/elevatesurf.ch\/#organization\",\"name\":\"Elevatesurf\",\"url\":\"https:\/\/elevatesurf.ch\/\",\"logo\":{\"@type\":\"ImageObject\",\"inLanguage\":\"fr-FR\",\"@id\":\"https:\/\/elevatesurf.ch\/#\/schema\/logo\/image\/\",\"url\":\"https:\/\/elevatesurf.ch\/wp-content\/uploads\/2024\/06\/67c2ec70-bdf5-4c14-898a-ded5b2051398.jpg\",\"contentUrl\":\"https:\/\/elevatesurf.ch\/wp-content\/uploads\/2024\/06\/67c2ec70-bdf5-4c14-898a-ded5b2051398.jpg\",\"width\":1024,\"height\":1024,\"caption\":\"Elevatesurf\"},\"image\":{\"@id\":\"https:\/\/elevatesurf.ch\/#\/schema\/logo\/image\/\"},\"sameAs\":[\"https:\/\/www.instagram.com\/elevate__surf\/\"]}]}<\/script>\n<!-- \/ Yoast SEO plugin. -->","yoast_head_json":{"title":"BANDIT LIMITED EDITION BY BRAINCHILD - Elevatesurf","description":"Elevatesurf BANDIT LIMITED EDITION BY BRAINCHILD","robots":{"index":"index","follow":"follow","max-snippet":"max-snippet:-1","max-image-preview":"max-image-preview:large","max-video-preview":"max-video-preview:-1"},"canonical":"https:\/\/elevatesurf.ch\/fr\/product\/bandit-limited-edition-by-brainchild\/","og_locale":"fr_FR","og_type":"article","og_title":"BANDIT LIMITED EDITION BY BRAINCHILD - Elevatesurf","og_description":"Elevatesurf BANDIT LIMITED EDITION BY BRAINCHILD","og_url":"https:\/\/elevatesurf.ch\/fr\/product\/bandit-limited-edition-by-brainchild\/","og_site_name":"Elevatesurf","article_modified_time":"2026-05-10T20:39:14+00:00","twitter_card":"summary_large_image","twitter_misc":{"Dur\u00e9e de lecture estim\u00e9e":"2 minutes"},"schema":{"@context":"https:\/\/schema.org","@graph":[{"@type":["WebPage","ItemPage"],"@id":"https:\/\/elevatesurf.ch\/fr\/product\/bandit-limited-edition-by-brainchild\/","url":"https:\/\/elevatesurf.ch\/fr\/product\/bandit-limited-edition-by-brainchild\/","name":"BANDIT LIMITED EDITION BY BRAINCHILD - Elevatesurf","isPartOf":{"@id":"https:\/\/elevatesurf.ch\/#website"},"primaryImageOfPage":{"@id":"https:\/\/elevatesurf.ch\/fr\/product\/bandit-limited-edition-by-brainchild\/#primaryimage"},"image":{"@id":"https:\/\/elevatesurf.ch\/fr\/product\/bandit-limited-edition-by-brainchild\/#primaryimage"},"thumbnailUrl":"https:\/\/elevatesurf.ch\/wp-content\/uploads\/2026\/05\/bandit-limited-edition-by-brainchild.jpg","datePublished":"2026-05-10T17:34:17+00:00","dateModified":"2026-05-10T20:39:14+00:00","description":"Elevatesurf BANDIT LIMITED EDITION BY BRAINCHILD","breadcrumb":{"@id":"https:\/\/elevatesurf.ch\/fr\/product\/bandit-limited-edition-by-brainchild\/#breadcrumb"},"inLanguage":"fr-FR","potentialAction":[{"@type":"ReadAction","target":["https:\/\/elevatesurf.ch\/fr\/product\/bandit-limited-edition-by-brainchild\/"]}]},{"@type":"ImageObject","inLanguage":"fr-FR","@id":"https:\/\/elevatesurf.ch\/fr\/product\/bandit-limited-edition-by-brainchild\/#primaryimage","url":"https:\/\/elevatesurf.ch\/wp-content\/uploads\/2026\/05\/bandit-limited-edition-by-brainchild.jpg","contentUrl":"https:\/\/elevatesurf.ch\/wp-content\/uploads\/2026\/05\/bandit-limited-edition-by-brainchild.jpg","width":1200,"height":1200},{"@type":"BreadcrumbList","@id":"https:\/\/elevatesurf.ch\/fr\/product\/bandit-limited-edition-by-brainchild\/#breadcrumb","itemListElement":[{"@type":"ListItem","position":1,"name":"Accueil","item":"https:\/\/elevatesurf.ch\/"},{"@type":"ListItem","position":2,"name":"Shop &#8211; \u00c9levez Votre Exp\u00e9rience de Surf avec Notre Collection","item":"https:\/\/elevatesurf.ch\/shop\/"},{"@type":"ListItem","position":3,"name":"BANDIT LIMITED EDITION BY BRAINCHILD"}]},{"@type":"WebSite","@id":"https:\/\/elevatesurf.ch\/#website","url":"https:\/\/elevatesurf.ch\/","name":"Elevatesurf","description":"Surfez vers de nouveaux sommets avec ElevateSurf ! Kiteshop, Wingshop","publisher":{"@id":"https:\/\/elevatesurf.ch\/#organization"},"potentialAction":[{"@type":"SearchAction","target":{"@type":"EntryPoint","urlTemplate":"https:\/\/elevatesurf.ch\/?s={search_term_string}"},"query-input":"required name=search_term_string"}],"inLanguage":"fr-FR"},{"@type":"Organization","@id":"https:\/\/elevatesurf.ch\/#organization","name":"Elevatesurf","url":"https:\/\/elevatesurf.ch\/","logo":{"@type":"ImageObject","inLanguage":"fr-FR","@id":"https:\/\/elevatesurf.ch\/#\/schema\/logo\/image\/","url":"https:\/\/elevatesurf.ch\/wp-content\/uploads\/2024\/06\/67c2ec70-bdf5-4c14-898a-ded5b2051398.jpg","contentUrl":"https:\/\/elevatesurf.ch\/wp-content\/uploads\/2024\/06\/67c2ec70-bdf5-4c14-898a-ded5b2051398.jpg","width":1024,"height":1024,"caption":"Elevatesurf"},"image":{"@id":"https:\/\/elevatesurf.ch\/#\/schema\/logo\/image\/"},"sameAs":["https:\/\/www.instagram.com\/elevate__surf\/"]}]}},"_links":{"self":[{"href":"https:\/\/elevatesurf.ch\/fr\/wp-json\/wp\/v2\/product\/27894","targetHints":{"allow":["GET"]}}],"collection":[{"href":"https:\/\/elevatesurf.ch\/fr\/wp-json\/wp\/v2\/product"}],"about":[{"href":"https:\/\/elevatesurf.ch\/fr\/wp-json\/wp\/v2\/types\/product"}],"replies":[{"embeddable":true,"href":"https:\/\/elevatesurf.ch\/fr\/wp-json\/wp\/v2\/comments?post=27894"}],"wp:featuredmedia":[{"embeddable":true,"href":"https:\/\/elevatesurf.ch\/fr\/wp-json\/wp\/v2\/media\/27893"}],"wp:attachment":[{"href":"https:\/\/elevatesurf.ch\/fr\/wp-json\/wp\/v2\/media?parent=27894"}],"wp:term":[{"taxonomy":"product_cat","embeddable":true,"href":"https:\/\/elevatesurf.ch\/fr\/wp-json\/wp\/v2\/product_cat?post=27894"},{"taxonomy":"product_tag","embeddable":true,"href":"https:\/\/elevatesurf.ch\/fr\/wp-json\/wp\/v2\/product_tag?post=27894"}],"curies":[{"name":"wp","href":"https:\/\/api.w.org\/{rel}","templated":true}]}}