{"id":27956,"date":"2026-05-10T17:37:36","date_gmt":"2026-05-10T17:37:36","guid":{"rendered":"https:\/\/elevatesurf.ch\/fr\/product\/plane-eagle-x-500-dw-136-xs\/"},"modified":"2026-05-10T20:39:54","modified_gmt":"2026-05-10T20:39:54","slug":"plane-eagle-x-500-dw-136-xs","status":"publish","type":"product","link":"https:\/\/elevatesurf.ch\/fr\/product\/plane-eagle-x-500-dw-136-xs\/","title":{"rendered":"PLANE EAGLE X 500 (DW 136 XS)"},"content":{"rendered":"<ul>\n<li>Nouveau profil en bout d\u2019aile pour une meilleure glisse, une projection vers l\u2019avant accrue, et contr\u00f4le et stabilit\u00e9 am\u00e9lior\u00e9s Aspect ratio \u00e9lev\u00e9 de 12<\/li>\n<li>Glisse et efficacit\u00e9 exceptionnelles<\/li>\n<li>Plage de vitesse large, combinant une vitesse de pointe \u00e9lev\u00e9e, des d\u00e9collages faciles et une vitesse moyenne \u00e9lev\u00e9e<\/li>\n<li>Construction optimis\u00e9e pour un ride pr\u00e9cis et r\u00e9actif<\/li>\n<li>Nouvelle connexion TITAN 2 pour plus de pr\u00e9cision et sensations directes<\/li>\n<\/ul>\n<p>Con\u00e7u pour des riders interm\u00e9diaires \u00e0 confirm\u00e9s, cette nouvelle EAGLE X conserve son aspect ratio \u00e9lev\u00e9 de 12 et son orientation clairement tourn\u00e9e vers la vitesse dans les bumps, tout en offrant un contr\u00f4le accru et une stabilit\u00e9 renforc\u00e9e gr\u00e2ce au nouveau profil.<\/p>\n<p>En downwind, l\u2019am\u00e9lioration apport\u00e9e par ce nouveau profil se ressent imm\u00e9diatement.\u00a0 En r\u00e9duisant la portance des wingtips, le foil est plus sain et stable, sans avoir de surpuissance sur les extr\u00e9mit\u00e9s. Il en r\u00e9sulte une glisse, une relance et une vitesse accrues, ce qui vous permet d&rsquo;attaquer encore plus fort, sans pour autant sacrifier sa plage basse. Chaque mouvement de pumping se transforme en \u00e9nergie vers l\u2019avant, rendant les longues sessions plus dynamiques et moins exigeantes physiquement.<\/p>\n<p>La majeure partie de la surface du foil reste concentr\u00e9e au centre, garantissant ainsi une bonne maniabilit\u00e9, particuli\u00e8rement appr\u00e9ciable pour un foil \u00e0 aspect ratio aussi \u00e9lev\u00e9. Son nouveau profil et ses wingtips plus neutres apportent \u00e9galement \u00e0 la EAGLE X un meilleur contr\u00f4le dans cette maniabilit\u00e9.<\/p>\n<p>Ainsi, la EAGLE X est encore plus facile et rassurante en carving en downwind, avec des mont\u00e9es en puissance plus progressives et ma\u00eetrisables. Cela vous permet \u00e9galement d\u2019attaquer des pentes qui auparavant pouvaient sembler impressionnantes, tandis que le roll additionnel rend le foil plus versatile dans les surfs plus serr\u00e9s.<\/p>\n<p>La EAGLE X offre une plage de vitesse tr\u00e8s \u00e9tendue, permettant de maintenir facilement une vitesse moyenne \u00e9lev\u00e9e tout en acc\u00e9dant \u00e0 une excellente vitesse de pointe. Sa plage basse efficace garantit des d\u00e9parts confortables et un vol stable, m\u00eame lorsque les conditions faiblissent. Ce foil peut ainsi \u00e9voluer aussi bien \u00e0 tr\u00e8s haute vitesse qu\u2019\u00e0 tr\u00e8s basse vitesse, rendant les downwinders confortables et accessibles, tout en conservant une moyenne \u00e9lev\u00e9e.<\/p>\n<p>Sa construction optimis\u00e9e et son layup carbone revisit\u00e9 assurent le juste \u00e9quilibre entre rigidit\u00e9 et l\u00e9g\u00e8ret\u00e9, pour un foil qui reste pr\u00e9cis et r\u00e9actif \u00e0 haute vitesse.<\/p>\n<p>Que ce soit en DW SUP foil ou en wing foil, la EAGLE X est con\u00e7ue pour les riders qui veulent aller plus loin, plus vite, et exploiter pleinement l\u2019\u00e9nergie de l\u2019oc\u00e9an. Rapide quand vous le souhaitez, facile quand vous en avez besoin, elle est toujours pr\u00eate \u00e0 transformer chaque houle, chaque bump ou chaque longue ligne en une exp\u00e9rience inoubliable.<\/p>\n","protected":false},"excerpt":{"rendered":"<p>La deuxi\u00e8me version de la EAGLE X s\u2019appuie sur l\u2019ADN du mod\u00e8le original en affinant encore ses performances gr\u00e2ce \u00e0 un nouveau profil en bout d\u2019aile, con\u00e7u pour offrir davantage de glisse, une propulsion vers l\u2019avant plus marqu\u00e9e et un contr\u00f4le am\u00e9lior\u00e9 dans les man\u0153uvres. Si son outline reste inchang\u00e9 et imm\u00e9diatement reconnaissable, cette \u00e9volution de profil apporte un gain de performance clair et perceptible, mais aussi plus de stabilit\u00e9.<\/p>\n","protected":false},"featured_media":27952,"comment_status":"open","ping_status":"closed","template":"","meta":[],"product_cat":[1040,1046],"product_tag":[],"class_list":{"0":"post-27956","1":"product","2":"type-product","3":"status-publish","4":"has-post-thumbnail","6":"product_cat-foil","7":"product_cat-plane","8":"product_brand-f-one","10":"first","11":"instock","12":"shipping-taxable","13":"purchasable","14":"product-type-simple"},"yoast_head":"<!-- This site is optimized with the Yoast SEO plugin v22.8 - https:\/\/yoast.com\/wordpress\/plugins\/seo\/ -->\n<title>PLANE EAGLE X 500 (DW 136 XS) - Elevatesurf<\/title>\n<meta name=\"description\" content=\"Elevatesurf PLANE EAGLE X 500 (DW 136 XS)\" \/>\n<meta name=\"robots\" content=\"index, follow, max-snippet:-1, max-image-preview:large, max-video-preview:-1\" \/>\n<link rel=\"canonical\" href=\"https:\/\/elevatesurf.ch\/fr\/product\/plane-eagle-x-500-dw-136-xs\/\" \/>\n<meta property=\"og:locale\" content=\"fr_FR\" \/>\n<meta property=\"og:type\" content=\"article\" \/>\n<meta property=\"og:title\" content=\"PLANE EAGLE X 500 (DW 136 XS) - Elevatesurf\" \/>\n<meta property=\"og:description\" content=\"Elevatesurf PLANE EAGLE X 500 (DW 136 XS)\" \/>\n<meta property=\"og:url\" content=\"https:\/\/elevatesurf.ch\/fr\/product\/plane-eagle-x-500-dw-136-xs\/\" \/>\n<meta property=\"og:site_name\" content=\"Elevatesurf\" \/>\n<meta property=\"article:modified_time\" content=\"2026-05-10T20:39:54+00:00\" \/>\n<meta name=\"twitter:card\" content=\"summary_large_image\" \/>\n<meta name=\"twitter:label1\" content=\"Dur\u00e9e de lecture estim\u00e9e\" \/>\n\t<meta name=\"twitter:data1\" content=\"2 minutes\" \/>\n<script type=\"application\/ld+json\" class=\"yoast-schema-graph\">{\"@context\":\"https:\/\/schema.org\",\"@graph\":[{\"@type\":[\"WebPage\",\"ItemPage\"],\"@id\":\"https:\/\/elevatesurf.ch\/fr\/product\/plane-eagle-x-500-dw-136-xs\/\",\"url\":\"https:\/\/elevatesurf.ch\/fr\/product\/plane-eagle-x-500-dw-136-xs\/\",\"name\":\"PLANE EAGLE X 500 (DW 136 XS) - Elevatesurf\",\"isPartOf\":{\"@id\":\"https:\/\/elevatesurf.ch\/#website\"},\"primaryImageOfPage\":{\"@id\":\"https:\/\/elevatesurf.ch\/fr\/product\/plane-eagle-x-500-dw-136-xs\/#primaryimage\"},\"image\":{\"@id\":\"https:\/\/elevatesurf.ch\/fr\/product\/plane-eagle-x-500-dw-136-xs\/#primaryimage\"},\"thumbnailUrl\":\"https:\/\/elevatesurf.ch\/wp-content\/uploads\/2026\/05\/plane-eagle-x-500-dw-136-xs.png\",\"datePublished\":\"2026-05-10T17:37:36+00:00\",\"dateModified\":\"2026-05-10T20:39:54+00:00\",\"description\":\"Elevatesurf PLANE EAGLE X 500 (DW 136 XS)\",\"breadcrumb\":{\"@id\":\"https:\/\/elevatesurf.ch\/fr\/product\/plane-eagle-x-500-dw-136-xs\/#breadcrumb\"},\"inLanguage\":\"fr-FR\",\"potentialAction\":[{\"@type\":\"ReadAction\",\"target\":[\"https:\/\/elevatesurf.ch\/fr\/product\/plane-eagle-x-500-dw-136-xs\/\"]}]},{\"@type\":\"ImageObject\",\"inLanguage\":\"fr-FR\",\"@id\":\"https:\/\/elevatesurf.ch\/fr\/product\/plane-eagle-x-500-dw-136-xs\/#primaryimage\",\"url\":\"https:\/\/elevatesurf.ch\/wp-content\/uploads\/2026\/05\/plane-eagle-x-500-dw-136-xs.png\",\"contentUrl\":\"https:\/\/elevatesurf.ch\/wp-content\/uploads\/2026\/05\/plane-eagle-x-500-dw-136-xs.png\",\"width\":2000,\"height\":2000},{\"@type\":\"BreadcrumbList\",\"@id\":\"https:\/\/elevatesurf.ch\/fr\/product\/plane-eagle-x-500-dw-136-xs\/#breadcrumb\",\"itemListElement\":[{\"@type\":\"ListItem\",\"position\":1,\"name\":\"Accueil\",\"item\":\"https:\/\/elevatesurf.ch\/\"},{\"@type\":\"ListItem\",\"position\":2,\"name\":\"Shop &#8211; \u00c9levez Votre Exp\u00e9rience de Surf avec Notre Collection\",\"item\":\"https:\/\/elevatesurf.ch\/shop\/\"},{\"@type\":\"ListItem\",\"position\":3,\"name\":\"PLANE EAGLE X 500 (DW 136 XS)\"}]},{\"@type\":\"WebSite\",\"@id\":\"https:\/\/elevatesurf.ch\/#website\",\"url\":\"https:\/\/elevatesurf.ch\/\",\"name\":\"Elevatesurf\",\"description\":\"Surfez vers de nouveaux sommets avec ElevateSurf ! Kiteshop, Wingshop\",\"publisher\":{\"@id\":\"https:\/\/elevatesurf.ch\/#organization\"},\"potentialAction\":[{\"@type\":\"SearchAction\",\"target\":{\"@type\":\"EntryPoint\",\"urlTemplate\":\"https:\/\/elevatesurf.ch\/?s={search_term_string}\"},\"query-input\":\"required name=search_term_string\"}],\"inLanguage\":\"fr-FR\"},{\"@type\":\"Organization\",\"@id\":\"https:\/\/elevatesurf.ch\/#organization\",\"name\":\"Elevatesurf\",\"url\":\"https:\/\/elevatesurf.ch\/\",\"logo\":{\"@type\":\"ImageObject\",\"inLanguage\":\"fr-FR\",\"@id\":\"https:\/\/elevatesurf.ch\/#\/schema\/logo\/image\/\",\"url\":\"https:\/\/elevatesurf.ch\/wp-content\/uploads\/2024\/06\/67c2ec70-bdf5-4c14-898a-ded5b2051398.jpg\",\"contentUrl\":\"https:\/\/elevatesurf.ch\/wp-content\/uploads\/2024\/06\/67c2ec70-bdf5-4c14-898a-ded5b2051398.jpg\",\"width\":1024,\"height\":1024,\"caption\":\"Elevatesurf\"},\"image\":{\"@id\":\"https:\/\/elevatesurf.ch\/#\/schema\/logo\/image\/\"},\"sameAs\":[\"https:\/\/www.instagram.com\/elevate__surf\/\"]}]}<\/script>\n<!-- \/ Yoast SEO plugin. -->","yoast_head_json":{"title":"PLANE EAGLE X 500 (DW 136 XS) - Elevatesurf","description":"Elevatesurf PLANE EAGLE X 500 (DW 136 XS)","robots":{"index":"index","follow":"follow","max-snippet":"max-snippet:-1","max-image-preview":"max-image-preview:large","max-video-preview":"max-video-preview:-1"},"canonical":"https:\/\/elevatesurf.ch\/fr\/product\/plane-eagle-x-500-dw-136-xs\/","og_locale":"fr_FR","og_type":"article","og_title":"PLANE EAGLE X 500 (DW 136 XS) - Elevatesurf","og_description":"Elevatesurf PLANE EAGLE X 500 (DW 136 XS)","og_url":"https:\/\/elevatesurf.ch\/fr\/product\/plane-eagle-x-500-dw-136-xs\/","og_site_name":"Elevatesurf","article_modified_time":"2026-05-10T20:39:54+00:00","twitter_card":"summary_large_image","twitter_misc":{"Dur\u00e9e de lecture estim\u00e9e":"2 minutes"},"schema":{"@context":"https:\/\/schema.org","@graph":[{"@type":["WebPage","ItemPage"],"@id":"https:\/\/elevatesurf.ch\/fr\/product\/plane-eagle-x-500-dw-136-xs\/","url":"https:\/\/elevatesurf.ch\/fr\/product\/plane-eagle-x-500-dw-136-xs\/","name":"PLANE EAGLE X 500 (DW 136 XS) - Elevatesurf","isPartOf":{"@id":"https:\/\/elevatesurf.ch\/#website"},"primaryImageOfPage":{"@id":"https:\/\/elevatesurf.ch\/fr\/product\/plane-eagle-x-500-dw-136-xs\/#primaryimage"},"image":{"@id":"https:\/\/elevatesurf.ch\/fr\/product\/plane-eagle-x-500-dw-136-xs\/#primaryimage"},"thumbnailUrl":"https:\/\/elevatesurf.ch\/wp-content\/uploads\/2026\/05\/plane-eagle-x-500-dw-136-xs.png","datePublished":"2026-05-10T17:37:36+00:00","dateModified":"2026-05-10T20:39:54+00:00","description":"Elevatesurf PLANE EAGLE X 500 (DW 136 XS)","breadcrumb":{"@id":"https:\/\/elevatesurf.ch\/fr\/product\/plane-eagle-x-500-dw-136-xs\/#breadcrumb"},"inLanguage":"fr-FR","potentialAction":[{"@type":"ReadAction","target":["https:\/\/elevatesurf.ch\/fr\/product\/plane-eagle-x-500-dw-136-xs\/"]}]},{"@type":"ImageObject","inLanguage":"fr-FR","@id":"https:\/\/elevatesurf.ch\/fr\/product\/plane-eagle-x-500-dw-136-xs\/#primaryimage","url":"https:\/\/elevatesurf.ch\/wp-content\/uploads\/2026\/05\/plane-eagle-x-500-dw-136-xs.png","contentUrl":"https:\/\/elevatesurf.ch\/wp-content\/uploads\/2026\/05\/plane-eagle-x-500-dw-136-xs.png","width":2000,"height":2000},{"@type":"BreadcrumbList","@id":"https:\/\/elevatesurf.ch\/fr\/product\/plane-eagle-x-500-dw-136-xs\/#breadcrumb","itemListElement":[{"@type":"ListItem","position":1,"name":"Accueil","item":"https:\/\/elevatesurf.ch\/"},{"@type":"ListItem","position":2,"name":"Shop &#8211; \u00c9levez Votre Exp\u00e9rience de Surf avec Notre Collection","item":"https:\/\/elevatesurf.ch\/shop\/"},{"@type":"ListItem","position":3,"name":"PLANE EAGLE X 500 (DW 136 XS)"}]},{"@type":"WebSite","@id":"https:\/\/elevatesurf.ch\/#website","url":"https:\/\/elevatesurf.ch\/","name":"Elevatesurf","description":"Surfez vers de nouveaux sommets avec ElevateSurf ! Kiteshop, Wingshop","publisher":{"@id":"https:\/\/elevatesurf.ch\/#organization"},"potentialAction":[{"@type":"SearchAction","target":{"@type":"EntryPoint","urlTemplate":"https:\/\/elevatesurf.ch\/?s={search_term_string}"},"query-input":"required name=search_term_string"}],"inLanguage":"fr-FR"},{"@type":"Organization","@id":"https:\/\/elevatesurf.ch\/#organization","name":"Elevatesurf","url":"https:\/\/elevatesurf.ch\/","logo":{"@type":"ImageObject","inLanguage":"fr-FR","@id":"https:\/\/elevatesurf.ch\/#\/schema\/logo\/image\/","url":"https:\/\/elevatesurf.ch\/wp-content\/uploads\/2024\/06\/67c2ec70-bdf5-4c14-898a-ded5b2051398.jpg","contentUrl":"https:\/\/elevatesurf.ch\/wp-content\/uploads\/2024\/06\/67c2ec70-bdf5-4c14-898a-ded5b2051398.jpg","width":1024,"height":1024,"caption":"Elevatesurf"},"image":{"@id":"https:\/\/elevatesurf.ch\/#\/schema\/logo\/image\/"},"sameAs":["https:\/\/www.instagram.com\/elevate__surf\/"]}]}},"_links":{"self":[{"href":"https:\/\/elevatesurf.ch\/fr\/wp-json\/wp\/v2\/product\/27956","targetHints":{"allow":["GET"]}}],"collection":[{"href":"https:\/\/elevatesurf.ch\/fr\/wp-json\/wp\/v2\/product"}],"about":[{"href":"https:\/\/elevatesurf.ch\/fr\/wp-json\/wp\/v2\/types\/product"}],"replies":[{"embeddable":true,"href":"https:\/\/elevatesurf.ch\/fr\/wp-json\/wp\/v2\/comments?post=27956"}],"wp:featuredmedia":[{"embeddable":true,"href":"https:\/\/elevatesurf.ch\/fr\/wp-json\/wp\/v2\/media\/27952"}],"wp:attachment":[{"href":"https:\/\/elevatesurf.ch\/fr\/wp-json\/wp\/v2\/media?parent=27956"}],"wp:term":[{"taxonomy":"product_cat","embeddable":true,"href":"https:\/\/elevatesurf.ch\/fr\/wp-json\/wp\/v2\/product_cat?post=27956"},{"taxonomy":"product_tag","embeddable":true,"href":"https:\/\/elevatesurf.ch\/fr\/wp-json\/wp\/v2\/product_tag?post=27956"}],"curies":[{"name":"wp","href":"https:\/\/api.w.org\/{rel}","templated":true}]}}