{"id":27958,"date":"2026-05-10T17:37:54","date_gmt":"2026-05-10T17:37:54","guid":{"rendered":"https:\/\/elevatesurf.ch\/fr\/product\/keahi-pro\/"},"modified":"2026-05-10T20:39:54","modified_gmt":"2026-05-10T20:39:54","slug":"keahi-pro","status":"publish","type":"product","link":"https:\/\/elevatesurf.ch\/fr\/product\/keahi-pro\/","title":{"rendered":"KEAHI PRO"},"content":{"rendered":"<p>Polyvalente dans toutes les vagues et conditions, la KEAHI PRO offre les sensations d&rsquo;une planche de surf tout en b\u00e9n\u00e9ficiant d&rsquo;une construction renforc\u00e9e pour r\u00e9pondre aux exigences du kitesurf. Con\u00e7ue et optimis\u00e9e pour un surf pied arri\u00e8re, cette nouvelle planche permet un maximum de contr\u00f4le, de performance radicale et de pr\u00e9cision pour un ride incisif et agr\u00e9able.\u00a0\u00a0<\/p>\n<p>Son outline, r\u00e9solument ancr\u00e9 dans l\u2019ADN surf, pr\u00e9sente un nose allong\u00e9 et un squash tail plut\u00f4t large, assurant un \u00e9quilibre parfait entre contr\u00f4le, maniabilit\u00e9 et performance. Son \u00e9quilibre est orient\u00e9 100% surf, alors que le volume, majoritairement r\u00e9parti vers l\u2019arri\u00e8re et le tail, conf\u00e8re une excellente stabilit\u00e9, une bonne capacit\u00e9 pour le d\u00e9part au planing et une maniabilit\u00e9 incomparable dans la vague. Sa car\u00e8ne et son rocker tendu renforcent encore la vitesse, la projection et la fluidit\u00e9 dans les man\u0153uvres.\u00a0<\/p>\n<p>Avec la KEAHI PRO, les turns s\u2019enchainent sans probl\u00e8me avec beaucoup de maniabilit\u00e9. Les rails fins et le nose pinc\u00e9 am\u00e9liorent le grip sur la face et permettent des virages rapides et agressifs dans les parties creuses et puissantes, tout en vous aidant \u00e0 passer facilement la barre pour retourner au peak. Cette board offre un tr\u00e8s bon pivot et une r\u00e9activit\u00e9 incroyable, amenant \u00e0 la fois contr\u00f4le et performance lorsque vous chargez dans les vagues petites ou grandes, onshore ou side shore.\u00a0<\/p>\n<p>Gr\u00e2ce \u00e0 une nouvelle construction HD Foam Flex Composite, la KEAHI PRO est l\u00e9g\u00e8re tout en conservant une solidit\u00e9 et une accessibilit\u00e9 exceptionnelles. Cette mousse haute densit\u00e9 au flex optimis\u00e9 am\u00e9liore la fiabilit\u00e9, le confort et la maniabilit\u00e9. Les caract\u00e9ristiques m\u00e9caniques de cette construction permettent d\u2019all\u00e9ger le poids de la planche tout en conservant ce vrai feeling de surf.\u00a0<\/p>\n<p>Avec son outline de planche de surf traditionnel, la KEAHI PRO est incroyablement joueuse et performante sur la vague, que ce soit pour les top turns serr\u00e9s, les longs carves, ou pour tracer des lignes rapides dans les vagues d\u00e9ferlantes.\u00a0<\/p>\n<\/p>\n<p>\u00a0<\/p>\n<\/p>\n<p>\u00a0<\/p>\n","protected":false},"excerpt":{"rendered":"<p>La toute nouvelle KEAHI PRO est con\u00e7ue pour les riders qui recherchent le feeling de surf le plus pur en kite. D\u00e9velopp\u00e9e en collaboration avec le quadruple champion du monde et l\u00e9gende du kitesurf Keahi de Aboitiz, cette planche combine son expertise in\u00e9gal\u00e9e en mati\u00e8re de shape et de sensations avec tout le savoir-faire de F-ONE.\u00a0<\/p>\n<p>&#8211; Shape d\u00e9di\u00e9 au kitesurf\u00a0\u00a0<\/p>\n<p>&#8211; Equilibr\u00e9e, intuitive et contr\u00f4lable dans les turns et les man\u0153uvres\u00a0<\/p>\n<p>&#8211; Drive et contr\u00f4le exceptionnels\u00a0<\/p>\n<p>&#8211; Polyvalente et performante dans toutes les vagues\u00a0<\/p>\n<p>&#8211; Construction HD Foam Flex optimis\u00e9e\u00a0<\/p>\n","protected":false},"featured_media":27957,"comment_status":"open","ping_status":"closed","template":"","meta":[],"product_cat":[1045,134],"product_tag":[],"class_list":{"0":"post-27958","1":"product","2":"type-product","3":"status-publish","4":"has-post-thumbnail","6":"product_cat-surf","7":"product_cat-kites","8":"product_brand-indiana-suisse","10":"first","11":"instock","12":"shipping-taxable","13":"purchasable","14":"product-type-variable"},"yoast_head":"<!-- This site is optimized with the Yoast SEO plugin v22.8 - https:\/\/yoast.com\/wordpress\/plugins\/seo\/ -->\n<title>KEAHI PRO - Elevatesurf<\/title>\n<meta name=\"description\" content=\"Elevatesurf KEAHI PRO\" \/>\n<meta name=\"robots\" content=\"index, follow, max-snippet:-1, max-image-preview:large, max-video-preview:-1\" \/>\n<link rel=\"canonical\" href=\"https:\/\/elevatesurf.ch\/fr\/product\/keahi-pro\/\" \/>\n<meta property=\"og:locale\" content=\"fr_FR\" \/>\n<meta property=\"og:type\" content=\"article\" \/>\n<meta property=\"og:title\" content=\"KEAHI PRO - Elevatesurf\" \/>\n<meta property=\"og:description\" content=\"Elevatesurf KEAHI PRO\" \/>\n<meta property=\"og:url\" content=\"https:\/\/elevatesurf.ch\/fr\/product\/keahi-pro\/\" \/>\n<meta property=\"og:site_name\" content=\"Elevatesurf\" \/>\n<meta property=\"article:modified_time\" content=\"2026-05-10T20:39:54+00:00\" \/>\n<meta name=\"twitter:card\" content=\"summary_large_image\" \/>\n<meta name=\"twitter:label1\" content=\"Dur\u00e9e de lecture estim\u00e9e\" \/>\n\t<meta name=\"twitter:data1\" content=\"2 minutes\" \/>\n<script type=\"application\/ld+json\" class=\"yoast-schema-graph\">{\"@context\":\"https:\/\/schema.org\",\"@graph\":[{\"@type\":[\"WebPage\",\"ItemPage\"],\"@id\":\"https:\/\/elevatesurf.ch\/fr\/product\/keahi-pro\/\",\"url\":\"https:\/\/elevatesurf.ch\/fr\/product\/keahi-pro\/\",\"name\":\"KEAHI PRO - Elevatesurf\",\"isPartOf\":{\"@id\":\"https:\/\/elevatesurf.ch\/#website\"},\"primaryImageOfPage\":{\"@id\":\"https:\/\/elevatesurf.ch\/fr\/product\/keahi-pro\/#primaryimage\"},\"image\":{\"@id\":\"https:\/\/elevatesurf.ch\/fr\/product\/keahi-pro\/#primaryimage\"},\"thumbnailUrl\":\"https:\/\/elevatesurf.ch\/wp-content\/uploads\/2026\/05\/keahi-pro-scaled.png\",\"datePublished\":\"2026-05-10T17:37:54+00:00\",\"dateModified\":\"2026-05-10T20:39:54+00:00\",\"description\":\"Elevatesurf KEAHI PRO\",\"breadcrumb\":{\"@id\":\"https:\/\/elevatesurf.ch\/fr\/product\/keahi-pro\/#breadcrumb\"},\"inLanguage\":\"fr-FR\",\"potentialAction\":[{\"@type\":\"ReadAction\",\"target\":[\"https:\/\/elevatesurf.ch\/fr\/product\/keahi-pro\/\"]}]},{\"@type\":\"ImageObject\",\"inLanguage\":\"fr-FR\",\"@id\":\"https:\/\/elevatesurf.ch\/fr\/product\/keahi-pro\/#primaryimage\",\"url\":\"https:\/\/elevatesurf.ch\/wp-content\/uploads\/2026\/05\/keahi-pro-scaled.png\",\"contentUrl\":\"https:\/\/elevatesurf.ch\/wp-content\/uploads\/2026\/05\/keahi-pro-scaled.png\",\"width\":2560,\"height\":2560},{\"@type\":\"BreadcrumbList\",\"@id\":\"https:\/\/elevatesurf.ch\/fr\/product\/keahi-pro\/#breadcrumb\",\"itemListElement\":[{\"@type\":\"ListItem\",\"position\":1,\"name\":\"Accueil\",\"item\":\"https:\/\/elevatesurf.ch\/\"},{\"@type\":\"ListItem\",\"position\":2,\"name\":\"Shop &#8211; \u00c9levez Votre Exp\u00e9rience de Surf avec Notre Collection\",\"item\":\"https:\/\/elevatesurf.ch\/shop\/\"},{\"@type\":\"ListItem\",\"position\":3,\"name\":\"KEAHI PRO\"}]},{\"@type\":\"WebSite\",\"@id\":\"https:\/\/elevatesurf.ch\/#website\",\"url\":\"https:\/\/elevatesurf.ch\/\",\"name\":\"Elevatesurf\",\"description\":\"Surfez vers de nouveaux sommets avec ElevateSurf ! Kiteshop, Wingshop\",\"publisher\":{\"@id\":\"https:\/\/elevatesurf.ch\/#organization\"},\"potentialAction\":[{\"@type\":\"SearchAction\",\"target\":{\"@type\":\"EntryPoint\",\"urlTemplate\":\"https:\/\/elevatesurf.ch\/?s={search_term_string}\"},\"query-input\":\"required name=search_term_string\"}],\"inLanguage\":\"fr-FR\"},{\"@type\":\"Organization\",\"@id\":\"https:\/\/elevatesurf.ch\/#organization\",\"name\":\"Elevatesurf\",\"url\":\"https:\/\/elevatesurf.ch\/\",\"logo\":{\"@type\":\"ImageObject\",\"inLanguage\":\"fr-FR\",\"@id\":\"https:\/\/elevatesurf.ch\/#\/schema\/logo\/image\/\",\"url\":\"https:\/\/elevatesurf.ch\/wp-content\/uploads\/2024\/06\/67c2ec70-bdf5-4c14-898a-ded5b2051398.jpg\",\"contentUrl\":\"https:\/\/elevatesurf.ch\/wp-content\/uploads\/2024\/06\/67c2ec70-bdf5-4c14-898a-ded5b2051398.jpg\",\"width\":1024,\"height\":1024,\"caption\":\"Elevatesurf\"},\"image\":{\"@id\":\"https:\/\/elevatesurf.ch\/#\/schema\/logo\/image\/\"},\"sameAs\":[\"https:\/\/www.instagram.com\/elevate__surf\/\"]}]}<\/script>\n<!-- \/ Yoast SEO plugin. -->","yoast_head_json":{"title":"KEAHI PRO - Elevatesurf","description":"Elevatesurf KEAHI PRO","robots":{"index":"index","follow":"follow","max-snippet":"max-snippet:-1","max-image-preview":"max-image-preview:large","max-video-preview":"max-video-preview:-1"},"canonical":"https:\/\/elevatesurf.ch\/fr\/product\/keahi-pro\/","og_locale":"fr_FR","og_type":"article","og_title":"KEAHI PRO - Elevatesurf","og_description":"Elevatesurf KEAHI PRO","og_url":"https:\/\/elevatesurf.ch\/fr\/product\/keahi-pro\/","og_site_name":"Elevatesurf","article_modified_time":"2026-05-10T20:39:54+00:00","twitter_card":"summary_large_image","twitter_misc":{"Dur\u00e9e de lecture estim\u00e9e":"2 minutes"},"schema":{"@context":"https:\/\/schema.org","@graph":[{"@type":["WebPage","ItemPage"],"@id":"https:\/\/elevatesurf.ch\/fr\/product\/keahi-pro\/","url":"https:\/\/elevatesurf.ch\/fr\/product\/keahi-pro\/","name":"KEAHI PRO - Elevatesurf","isPartOf":{"@id":"https:\/\/elevatesurf.ch\/#website"},"primaryImageOfPage":{"@id":"https:\/\/elevatesurf.ch\/fr\/product\/keahi-pro\/#primaryimage"},"image":{"@id":"https:\/\/elevatesurf.ch\/fr\/product\/keahi-pro\/#primaryimage"},"thumbnailUrl":"https:\/\/elevatesurf.ch\/wp-content\/uploads\/2026\/05\/keahi-pro-scaled.png","datePublished":"2026-05-10T17:37:54+00:00","dateModified":"2026-05-10T20:39:54+00:00","description":"Elevatesurf KEAHI PRO","breadcrumb":{"@id":"https:\/\/elevatesurf.ch\/fr\/product\/keahi-pro\/#breadcrumb"},"inLanguage":"fr-FR","potentialAction":[{"@type":"ReadAction","target":["https:\/\/elevatesurf.ch\/fr\/product\/keahi-pro\/"]}]},{"@type":"ImageObject","inLanguage":"fr-FR","@id":"https:\/\/elevatesurf.ch\/fr\/product\/keahi-pro\/#primaryimage","url":"https:\/\/elevatesurf.ch\/wp-content\/uploads\/2026\/05\/keahi-pro-scaled.png","contentUrl":"https:\/\/elevatesurf.ch\/wp-content\/uploads\/2026\/05\/keahi-pro-scaled.png","width":2560,"height":2560},{"@type":"BreadcrumbList","@id":"https:\/\/elevatesurf.ch\/fr\/product\/keahi-pro\/#breadcrumb","itemListElement":[{"@type":"ListItem","position":1,"name":"Accueil","item":"https:\/\/elevatesurf.ch\/"},{"@type":"ListItem","position":2,"name":"Shop &#8211; \u00c9levez Votre Exp\u00e9rience de Surf avec Notre Collection","item":"https:\/\/elevatesurf.ch\/shop\/"},{"@type":"ListItem","position":3,"name":"KEAHI PRO"}]},{"@type":"WebSite","@id":"https:\/\/elevatesurf.ch\/#website","url":"https:\/\/elevatesurf.ch\/","name":"Elevatesurf","description":"Surfez vers de nouveaux sommets avec ElevateSurf ! Kiteshop, Wingshop","publisher":{"@id":"https:\/\/elevatesurf.ch\/#organization"},"potentialAction":[{"@type":"SearchAction","target":{"@type":"EntryPoint","urlTemplate":"https:\/\/elevatesurf.ch\/?s={search_term_string}"},"query-input":"required name=search_term_string"}],"inLanguage":"fr-FR"},{"@type":"Organization","@id":"https:\/\/elevatesurf.ch\/#organization","name":"Elevatesurf","url":"https:\/\/elevatesurf.ch\/","logo":{"@type":"ImageObject","inLanguage":"fr-FR","@id":"https:\/\/elevatesurf.ch\/#\/schema\/logo\/image\/","url":"https:\/\/elevatesurf.ch\/wp-content\/uploads\/2024\/06\/67c2ec70-bdf5-4c14-898a-ded5b2051398.jpg","contentUrl":"https:\/\/elevatesurf.ch\/wp-content\/uploads\/2024\/06\/67c2ec70-bdf5-4c14-898a-ded5b2051398.jpg","width":1024,"height":1024,"caption":"Elevatesurf"},"image":{"@id":"https:\/\/elevatesurf.ch\/#\/schema\/logo\/image\/"},"sameAs":["https:\/\/www.instagram.com\/elevate__surf\/"]}]}},"_links":{"self":[{"href":"https:\/\/elevatesurf.ch\/fr\/wp-json\/wp\/v2\/product\/27958","targetHints":{"allow":["GET"]}}],"collection":[{"href":"https:\/\/elevatesurf.ch\/fr\/wp-json\/wp\/v2\/product"}],"about":[{"href":"https:\/\/elevatesurf.ch\/fr\/wp-json\/wp\/v2\/types\/product"}],"replies":[{"embeddable":true,"href":"https:\/\/elevatesurf.ch\/fr\/wp-json\/wp\/v2\/comments?post=27958"}],"wp:featuredmedia":[{"embeddable":true,"href":"https:\/\/elevatesurf.ch\/fr\/wp-json\/wp\/v2\/media\/27957"}],"wp:attachment":[{"href":"https:\/\/elevatesurf.ch\/fr\/wp-json\/wp\/v2\/media?parent=27958"}],"wp:term":[{"taxonomy":"product_cat","embeddable":true,"href":"https:\/\/elevatesurf.ch\/fr\/wp-json\/wp\/v2\/product_cat?post=27958"},{"taxonomy":"product_tag","embeddable":true,"href":"https:\/\/elevatesurf.ch\/fr\/wp-json\/wp\/v2\/product_tag?post=27958"}],"curies":[{"name":"wp","href":"https:\/\/api.w.org\/{rel}","templated":true}]}}