{"id":27999,"date":"2026-05-10T17:39:54","date_gmt":"2026-05-10T17:39:54","guid":{"rendered":"https:\/\/elevatesurf.ch\/fr\/product\/rocket-sup-dw\/"},"modified":"2026-05-10T20:40:18","modified_gmt":"2026-05-10T20:40:18","slug":"rocket-sup-dw","status":"publish","type":"product","link":"https:\/\/elevatesurf.ch\/fr\/product\/rocket-sup-dw\/","title":{"rendered":"ROCKET SUP DW"},"content":{"rendered":"<p>Avec cinq tailles disponibles (19,5\u2033 \u00e0 22,5\u2033 de large, 100 \u00e0 150L de volume), cette planche apporte un \u00e9quilibre parfait entre performance et facilit\u00e9. Gr\u00e2ce \u00e0 son nouveau shape, la ROCKET SUP DW offre plus de volume dans un design plus \u00e9troit, offrant une meilleure glisse et stabilit\u00e9 sans compromettre la facilit\u00e9 d\u2019utilisation.<\/p>\n<\/p>\n<p>Ces planches sont tr\u00e8s stables gr\u00e2ce \u00e0 leur outline parall\u00e8le et \u00e0 leurs rails carr\u00e9s sur la partie centrale. En cons\u00e9quent, la planche a beaucoup plus de glisse, ce qui est beaucoup plus facile pour la rame et le d\u00e9collage. Avec un nose et un bottom l\u00e9g\u00e8rement revus, la ROCKET SUP DW est \u00e9galement plus tol\u00e9rante et plus intuitive pendant la phase de take-off.<\/p>\n<\/p>\n<p>Un kick large au niveau du tail permet au rider de pomper la planche sans plonger le tail dans l\u2019eau \u00e0 chaque mouvement. Une deuxi\u00e8me petite marche au niveau du kick arri\u00e8re sur la car\u00e8ne a \u00e9galement \u00e9t\u00e9 ajout\u00e9e, en plus de celle d\u00e9j\u00e0 pr\u00e9sente devant les twin tracks. Ces deux steps r\u00e9duisent efficacement la tra\u00een\u00e9e lors des acc\u00e9l\u00e9rations au take-off et des touchettes. Le deuxi\u00e8me step augmente encore plus la cr\u00e9ation d\u2019une rupture franche pour canaliser les \u00e9coulements vers l\u2019arri\u00e8re sans g\u00e9n\u00e9rer une tra\u00een\u00e9e excessive en mouvement. Il limite \u00e9galement la perte de vitesse lors des touchettes occasionnelles.<\/p>\n<\/p>\n<p>Une fois en l\u2019air, la ROCKET SUP DW est extr\u00eamement intuitive, stable et confortable gr\u00e2ce \u00e0 une grande facilit\u00e9 au pumping et dans les turns . Le pont concave l\u00e9g\u00e8rement creus\u00e9 semblable \u00e0 un cockpit est d\u00e9sormais un peu plus prononc\u00e9 pour plus de volume \u00e0 l\u2019avant et \u00e0 l\u2019arrive, tout en vous rapprochant plus du foil et permettant ainsi un excellent contr\u00f4le en vol.<\/p>\n<\/p>\n<p>Avec ses capacit\u00e9s exceptionnelles de d\u00e9collage facile, cette planche satisfera tous les riders et rendra le downwind accessible \u00e0 ceux qui ont toujours voulu essayer. Elle est \u00e9galement incroyable en wing dans le vent plus l\u00e9ger et peut tr\u00e8s bien surfer, m\u00eame dans de tr\u00e8s petites vagues. D\u00e9coller loin \u00e0 l\u2019ext\u00e9rieur sur des vagues non d\u00e9ferlantes et profiter de la maniabilit\u00e9 de la planche et de son feeling direct pour surfer jusqu\u2019au shore break.<\/p>\n<\/p>\n<p>La ROCKET SUP DW b\u00e9n\u00e9ficie d\u2019une construction ultra-l\u00e9g\u00e8re en bambou. En utilisant une couche de bambou uniquement sur le pont, cette construction a \u00e9t\u00e9 optimis\u00e9e pour garantir que la planche soit aussi l\u00e9g\u00e8re que possible, tout en assurant sa solidit\u00e9 et sa durabilit\u00e9. La sensation du foil est tr\u00e8s directe et le contr\u00f4le est absolu tout au long du downwind, m\u00eame \u00e0 grande vitesse.<\/p>\n<\/p>\n<p>Un double rail saver ainsi qu\u2019une construction renforc\u00e9e le long des rails et autour du cockpit, prot\u00e8gent la planche des impacts et des coups de pagaie.<\/p>\n<\/p>\n<p>La ROCKET SUP DW offre le meilleur compromis entre longueur, largeur et volume afin de rester accessible au plus grand nombre, ainsi que pour apporter une incroyable glisse, des vitesses \u00e9lev\u00e9es pour le d\u00e9part \u00e0 la rame, et une bonne stabilit\u00e9.<\/p>\n<\/p>\n<p>*Attention : Les downwinds n\u00e9cessitent une pr\u00e9paration physique, des dispositifs de s\u00e9curit\u00e9 appropri\u00e9s (leash, flashlight, gilet\u2026) et une assistance en mer. N\u2019essayez pas de faire un downwind seul ni sans entrainement ad\u00e9quat.<\/p>\n","protected":false},"excerpt":{"rendered":"<p class=\"p1\">La nouvelle ROCKET SUP DW est la planche la plus accessible de la gamme de boards de SUP downwind de F-ONE, r\u00e9cemment revue. Elle est id\u00e9ale pour les riders de tous niveaux qui souhaitent d\u00e9couvrir le monde du downwind SUP foil.<\/p>\n<ul class=\"ul1\">\n<li class=\"li1\"><span>Stable et accessible<\/span><\/li>\n<li class=\"li1\"><span>Shape retravaill\u00e9 pour plus de glisse et de facilit\u00e9 au take-off<\/span><\/li>\n<li class=\"li1\"><span>Ride intuitif et confortable<\/span><\/li>\n<li class=\"li1\"><span>Equilibre avant\/arri\u00e8re contr\u00f4l\u00e9<\/span><\/li>\n<li class=\"li1\"><span>Construction ultra-l\u00e9g\u00e8re en bambou<\/span><\/li>\n<\/ul>\n","protected":false},"featured_media":27998,"comment_status":"open","ping_status":"closed","template":"","meta":[],"product_cat":[572],"product_tag":[],"class_list":{"0":"post-27999","1":"product","2":"type-product","3":"status-publish","4":"has-post-thumbnail","6":"product_cat-downwind","7":"product_brand-f-one","9":"first","10":"instock","11":"shipping-taxable","12":"purchasable","13":"product-type-variable"},"yoast_head":"<!-- This site is optimized with the Yoast SEO plugin v22.8 - https:\/\/yoast.com\/wordpress\/plugins\/seo\/ -->\n<title>ROCKET SUP DW - Elevatesurf<\/title>\n<meta name=\"description\" content=\"Elevatesurf ROCKET SUP DW\" \/>\n<meta name=\"robots\" content=\"index, follow, max-snippet:-1, max-image-preview:large, max-video-preview:-1\" \/>\n<link rel=\"canonical\" href=\"https:\/\/elevatesurf.ch\/fr\/product\/rocket-sup-dw\/\" \/>\n<meta property=\"og:locale\" content=\"fr_FR\" \/>\n<meta property=\"og:type\" content=\"article\" \/>\n<meta property=\"og:title\" content=\"ROCKET SUP DW - Elevatesurf\" \/>\n<meta property=\"og:description\" content=\"Elevatesurf ROCKET SUP DW\" \/>\n<meta property=\"og:url\" content=\"https:\/\/elevatesurf.ch\/fr\/product\/rocket-sup-dw\/\" \/>\n<meta property=\"og:site_name\" content=\"Elevatesurf\" \/>\n<meta property=\"article:modified_time\" content=\"2026-05-10T20:40:18+00:00\" \/>\n<meta name=\"twitter:card\" content=\"summary_large_image\" \/>\n<meta name=\"twitter:label1\" content=\"Dur\u00e9e de lecture estim\u00e9e\" \/>\n\t<meta name=\"twitter:data1\" content=\"3 minutes\" \/>\n<script type=\"application\/ld+json\" class=\"yoast-schema-graph\">{\"@context\":\"https:\/\/schema.org\",\"@graph\":[{\"@type\":[\"WebPage\",\"ItemPage\"],\"@id\":\"https:\/\/elevatesurf.ch\/fr\/product\/rocket-sup-dw\/\",\"url\":\"https:\/\/elevatesurf.ch\/fr\/product\/rocket-sup-dw\/\",\"name\":\"ROCKET SUP DW - Elevatesurf\",\"isPartOf\":{\"@id\":\"https:\/\/elevatesurf.ch\/#website\"},\"primaryImageOfPage\":{\"@id\":\"https:\/\/elevatesurf.ch\/fr\/product\/rocket-sup-dw\/#primaryimage\"},\"image\":{\"@id\":\"https:\/\/elevatesurf.ch\/fr\/product\/rocket-sup-dw\/#primaryimage\"},\"thumbnailUrl\":\"https:\/\/elevatesurf.ch\/wp-content\/uploads\/2026\/05\/rocket-sup-dw.jpg\",\"datePublished\":\"2026-05-10T17:39:54+00:00\",\"dateModified\":\"2026-05-10T20:40:18+00:00\",\"description\":\"Elevatesurf ROCKET SUP DW\",\"breadcrumb\":{\"@id\":\"https:\/\/elevatesurf.ch\/fr\/product\/rocket-sup-dw\/#breadcrumb\"},\"inLanguage\":\"fr-FR\",\"potentialAction\":[{\"@type\":\"ReadAction\",\"target\":[\"https:\/\/elevatesurf.ch\/fr\/product\/rocket-sup-dw\/\"]}]},{\"@type\":\"ImageObject\",\"inLanguage\":\"fr-FR\",\"@id\":\"https:\/\/elevatesurf.ch\/fr\/product\/rocket-sup-dw\/#primaryimage\",\"url\":\"https:\/\/elevatesurf.ch\/wp-content\/uploads\/2026\/05\/rocket-sup-dw.jpg\",\"contentUrl\":\"https:\/\/elevatesurf.ch\/wp-content\/uploads\/2026\/05\/rocket-sup-dw.jpg\",\"width\":2000,\"height\":2000},{\"@type\":\"BreadcrumbList\",\"@id\":\"https:\/\/elevatesurf.ch\/fr\/product\/rocket-sup-dw\/#breadcrumb\",\"itemListElement\":[{\"@type\":\"ListItem\",\"position\":1,\"name\":\"Accueil\",\"item\":\"https:\/\/elevatesurf.ch\/\"},{\"@type\":\"ListItem\",\"position\":2,\"name\":\"Shop &#8211; \u00c9levez Votre Exp\u00e9rience de Surf avec Notre Collection\",\"item\":\"https:\/\/elevatesurf.ch\/shop\/\"},{\"@type\":\"ListItem\",\"position\":3,\"name\":\"ROCKET SUP DW\"}]},{\"@type\":\"WebSite\",\"@id\":\"https:\/\/elevatesurf.ch\/#website\",\"url\":\"https:\/\/elevatesurf.ch\/\",\"name\":\"Elevatesurf\",\"description\":\"Surfez vers de nouveaux sommets avec ElevateSurf ! Kiteshop, Wingshop\",\"publisher\":{\"@id\":\"https:\/\/elevatesurf.ch\/#organization\"},\"potentialAction\":[{\"@type\":\"SearchAction\",\"target\":{\"@type\":\"EntryPoint\",\"urlTemplate\":\"https:\/\/elevatesurf.ch\/?s={search_term_string}\"},\"query-input\":\"required name=search_term_string\"}],\"inLanguage\":\"fr-FR\"},{\"@type\":\"Organization\",\"@id\":\"https:\/\/elevatesurf.ch\/#organization\",\"name\":\"Elevatesurf\",\"url\":\"https:\/\/elevatesurf.ch\/\",\"logo\":{\"@type\":\"ImageObject\",\"inLanguage\":\"fr-FR\",\"@id\":\"https:\/\/elevatesurf.ch\/#\/schema\/logo\/image\/\",\"url\":\"https:\/\/elevatesurf.ch\/wp-content\/uploads\/2024\/06\/67c2ec70-bdf5-4c14-898a-ded5b2051398.jpg\",\"contentUrl\":\"https:\/\/elevatesurf.ch\/wp-content\/uploads\/2024\/06\/67c2ec70-bdf5-4c14-898a-ded5b2051398.jpg\",\"width\":1024,\"height\":1024,\"caption\":\"Elevatesurf\"},\"image\":{\"@id\":\"https:\/\/elevatesurf.ch\/#\/schema\/logo\/image\/\"},\"sameAs\":[\"https:\/\/www.instagram.com\/elevate__surf\/\"]}]}<\/script>\n<!-- \/ Yoast SEO plugin. -->","yoast_head_json":{"title":"ROCKET SUP DW - Elevatesurf","description":"Elevatesurf ROCKET SUP DW","robots":{"index":"index","follow":"follow","max-snippet":"max-snippet:-1","max-image-preview":"max-image-preview:large","max-video-preview":"max-video-preview:-1"},"canonical":"https:\/\/elevatesurf.ch\/fr\/product\/rocket-sup-dw\/","og_locale":"fr_FR","og_type":"article","og_title":"ROCKET SUP DW - Elevatesurf","og_description":"Elevatesurf ROCKET SUP DW","og_url":"https:\/\/elevatesurf.ch\/fr\/product\/rocket-sup-dw\/","og_site_name":"Elevatesurf","article_modified_time":"2026-05-10T20:40:18+00:00","twitter_card":"summary_large_image","twitter_misc":{"Dur\u00e9e de lecture estim\u00e9e":"3 minutes"},"schema":{"@context":"https:\/\/schema.org","@graph":[{"@type":["WebPage","ItemPage"],"@id":"https:\/\/elevatesurf.ch\/fr\/product\/rocket-sup-dw\/","url":"https:\/\/elevatesurf.ch\/fr\/product\/rocket-sup-dw\/","name":"ROCKET SUP DW - Elevatesurf","isPartOf":{"@id":"https:\/\/elevatesurf.ch\/#website"},"primaryImageOfPage":{"@id":"https:\/\/elevatesurf.ch\/fr\/product\/rocket-sup-dw\/#primaryimage"},"image":{"@id":"https:\/\/elevatesurf.ch\/fr\/product\/rocket-sup-dw\/#primaryimage"},"thumbnailUrl":"https:\/\/elevatesurf.ch\/wp-content\/uploads\/2026\/05\/rocket-sup-dw.jpg","datePublished":"2026-05-10T17:39:54+00:00","dateModified":"2026-05-10T20:40:18+00:00","description":"Elevatesurf ROCKET SUP DW","breadcrumb":{"@id":"https:\/\/elevatesurf.ch\/fr\/product\/rocket-sup-dw\/#breadcrumb"},"inLanguage":"fr-FR","potentialAction":[{"@type":"ReadAction","target":["https:\/\/elevatesurf.ch\/fr\/product\/rocket-sup-dw\/"]}]},{"@type":"ImageObject","inLanguage":"fr-FR","@id":"https:\/\/elevatesurf.ch\/fr\/product\/rocket-sup-dw\/#primaryimage","url":"https:\/\/elevatesurf.ch\/wp-content\/uploads\/2026\/05\/rocket-sup-dw.jpg","contentUrl":"https:\/\/elevatesurf.ch\/wp-content\/uploads\/2026\/05\/rocket-sup-dw.jpg","width":2000,"height":2000},{"@type":"BreadcrumbList","@id":"https:\/\/elevatesurf.ch\/fr\/product\/rocket-sup-dw\/#breadcrumb","itemListElement":[{"@type":"ListItem","position":1,"name":"Accueil","item":"https:\/\/elevatesurf.ch\/"},{"@type":"ListItem","position":2,"name":"Shop &#8211; \u00c9levez Votre Exp\u00e9rience de Surf avec Notre Collection","item":"https:\/\/elevatesurf.ch\/shop\/"},{"@type":"ListItem","position":3,"name":"ROCKET SUP DW"}]},{"@type":"WebSite","@id":"https:\/\/elevatesurf.ch\/#website","url":"https:\/\/elevatesurf.ch\/","name":"Elevatesurf","description":"Surfez vers de nouveaux sommets avec ElevateSurf ! Kiteshop, Wingshop","publisher":{"@id":"https:\/\/elevatesurf.ch\/#organization"},"potentialAction":[{"@type":"SearchAction","target":{"@type":"EntryPoint","urlTemplate":"https:\/\/elevatesurf.ch\/?s={search_term_string}"},"query-input":"required name=search_term_string"}],"inLanguage":"fr-FR"},{"@type":"Organization","@id":"https:\/\/elevatesurf.ch\/#organization","name":"Elevatesurf","url":"https:\/\/elevatesurf.ch\/","logo":{"@type":"ImageObject","inLanguage":"fr-FR","@id":"https:\/\/elevatesurf.ch\/#\/schema\/logo\/image\/","url":"https:\/\/elevatesurf.ch\/wp-content\/uploads\/2024\/06\/67c2ec70-bdf5-4c14-898a-ded5b2051398.jpg","contentUrl":"https:\/\/elevatesurf.ch\/wp-content\/uploads\/2024\/06\/67c2ec70-bdf5-4c14-898a-ded5b2051398.jpg","width":1024,"height":1024,"caption":"Elevatesurf"},"image":{"@id":"https:\/\/elevatesurf.ch\/#\/schema\/logo\/image\/"},"sameAs":["https:\/\/www.instagram.com\/elevate__surf\/"]}]}},"_links":{"self":[{"href":"https:\/\/elevatesurf.ch\/fr\/wp-json\/wp\/v2\/product\/27999","targetHints":{"allow":["GET"]}}],"collection":[{"href":"https:\/\/elevatesurf.ch\/fr\/wp-json\/wp\/v2\/product"}],"about":[{"href":"https:\/\/elevatesurf.ch\/fr\/wp-json\/wp\/v2\/types\/product"}],"replies":[{"embeddable":true,"href":"https:\/\/elevatesurf.ch\/fr\/wp-json\/wp\/v2\/comments?post=27999"}],"wp:featuredmedia":[{"embeddable":true,"href":"https:\/\/elevatesurf.ch\/fr\/wp-json\/wp\/v2\/media\/27998"}],"wp:attachment":[{"href":"https:\/\/elevatesurf.ch\/fr\/wp-json\/wp\/v2\/media?parent=27999"}],"wp:term":[{"taxonomy":"product_cat","embeddable":true,"href":"https:\/\/elevatesurf.ch\/fr\/wp-json\/wp\/v2\/product_cat?post=27999"},{"taxonomy":"product_tag","embeddable":true,"href":"https:\/\/elevatesurf.ch\/fr\/wp-json\/wp\/v2\/product_tag?post=27999"}],"curies":[{"name":"wp","href":"https:\/\/api.w.org\/{rel}","templated":true}]}}