{"id":28014,"date":"2026-05-10T17:40:34","date_gmt":"2026-05-10T17:40:34","guid":{"rendered":"https:\/\/elevatesurf.ch\/fr\/product\/bandit-brainchild\/"},"modified":"2026-05-10T20:40:26","modified_gmt":"2026-05-10T20:40:26","slug":"bandit-brainchild","status":"publish","type":"product","link":"https:\/\/elevatesurf.ch\/fr\/product\/bandit-brainchild\/","title":{"rendered":"BANDIT BRAINCHILD"},"content":{"rendered":"<p>Le kite pr\u00e9sente un nouveau syst\u00e8me de bridage hybride, qui offre plus de contr\u00f4le, un meilleur pilotage et une connexion plus directe. Les riders appr\u00e9cieront un feeling de barre plus vif et un retour en barre constant, ainsi que son caract\u00e8re pr\u00e9visible dans toute la plage de vent, que ce soit en plage basse ou haute.<\/p>\n<p>L\u2019aspect ratio du kite a \u00e9galement \u00e9t\u00e9 l\u00e9g\u00e8rement augment\u00e9, le plus \u00e9lev\u00e9 jamais atteint sur une BANDIT, ce qui optimise le flux d\u2019air pour des virages plus faciles et intuitifs, tout en am\u00e9liorant l\u2019efficacit\u00e9 du depower. Le syst\u00e8me de depower a \u00e9t\u00e9 \u00e9galement am\u00e9lior\u00e9, en mettant l&rsquo;accent sur l&rsquo;accessibilit\u00e9, permettant un positionnement du kite plus pr\u00e9cis dans la fen\u00eatre de vent.<\/p>\n<p>Les tissus plus l\u00e9gers de Brainchild garantissent une meilleure r\u00e9activit\u00e9 sans compromettre les sensations et les performances qui ont fait de la BANDIT une l\u00e9gende. Le shape, les caract\u00e9ristiques de vol et la polyvalence restent intemporelles, pr\u00eats \u00e0 r\u00e9pondre aux besoins de tous les riders, dans toutes les disciplines et toutes les conditions.<\/p>\n","protected":false},"excerpt":{"rendered":"<p>La 18e \u00e9dition de l&#8217;embl\u00e9matique BANDIT de F-ONE apporte une nouvelle \u00e9volution tout en restant fid\u00e8le \u00e0 son ADN que les riders connaissent et appr\u00e9cient. Cette nouvelle BANDIT est intuitive et stable, offrant une polyvalence et un contr\u00f4le exceptionnels.<\/p>\n<ul>\n<li>Con\u00e7ue par Ralf Gr\u00f6sel et b\u00e9n\u00e9ficiant de toutes les technologies Brainchild<\/li>\n<li>Syst\u00e8me de bridage hybride avec pigtails avant fixes et poulie flottante aux extr\u00e9mit\u00e9s pour une rigidit\u00e9 structurelle am\u00e9lior\u00e9e et une maniabilit\u00e9 ultra pr\u00e9cise<\/li>\n<li>Aspect ratio accru pour un flux d\u2019air optimis\u00e9, des turns facilit\u00e9s et une meilleure efficacit\u00e9 du depower<\/li>\n<li>Depower plus rapide, progressif et lin\u00e9aire<\/li>\n<li>Pilotage intuitif avec un retour en barre l\u00e9ger et imm\u00e9diat<\/li>\n<li>Ultra l\u00e9g\u00e8re gr\u00e2ce \u00e0 des mat\u00e9riaux de pointe<\/li>\n<\/ul>\n","protected":false},"featured_media":28011,"comment_status":"open","ping_status":"closed","template":"","meta":[],"product_cat":[1039,134],"product_tag":[],"class_list":{"0":"post-28014","1":"product","2":"type-product","3":"status-publish","4":"has-post-thumbnail","6":"product_cat-kite","7":"product_cat-kites","8":"product_brand-f-one","10":"first","11":"instock","12":"shipping-taxable","13":"purchasable","14":"product-type-variable"},"yoast_head":"<!-- This site is optimized with the Yoast SEO plugin v22.8 - https:\/\/yoast.com\/wordpress\/plugins\/seo\/ -->\n<title>BANDIT BRAINCHILD - Elevatesurf<\/title>\n<meta name=\"description\" content=\"Elevatesurf BANDIT BRAINCHILD\" \/>\n<meta name=\"robots\" content=\"index, follow, max-snippet:-1, max-image-preview:large, max-video-preview:-1\" \/>\n<link rel=\"canonical\" href=\"https:\/\/elevatesurf.ch\/fr\/product\/bandit-brainchild\/\" \/>\n<meta property=\"og:locale\" content=\"fr_FR\" \/>\n<meta property=\"og:type\" content=\"article\" \/>\n<meta property=\"og:title\" content=\"BANDIT BRAINCHILD - Elevatesurf\" \/>\n<meta property=\"og:description\" content=\"Elevatesurf BANDIT BRAINCHILD\" \/>\n<meta property=\"og:url\" content=\"https:\/\/elevatesurf.ch\/fr\/product\/bandit-brainchild\/\" \/>\n<meta property=\"og:site_name\" content=\"Elevatesurf\" \/>\n<meta property=\"article:modified_time\" content=\"2026-05-10T20:40:26+00:00\" \/>\n<meta name=\"twitter:card\" content=\"summary_large_image\" \/>\n<meta name=\"twitter:label1\" content=\"Dur\u00e9e de lecture estim\u00e9e\" \/>\n\t<meta name=\"twitter:data1\" content=\"1 minute\" \/>\n<script type=\"application\/ld+json\" class=\"yoast-schema-graph\">{\"@context\":\"https:\/\/schema.org\",\"@graph\":[{\"@type\":[\"WebPage\",\"ItemPage\"],\"@id\":\"https:\/\/elevatesurf.ch\/fr\/product\/bandit-brainchild\/\",\"url\":\"https:\/\/elevatesurf.ch\/fr\/product\/bandit-brainchild\/\",\"name\":\"BANDIT BRAINCHILD - Elevatesurf\",\"isPartOf\":{\"@id\":\"https:\/\/elevatesurf.ch\/#website\"},\"primaryImageOfPage\":{\"@id\":\"https:\/\/elevatesurf.ch\/fr\/product\/bandit-brainchild\/#primaryimage\"},\"image\":{\"@id\":\"https:\/\/elevatesurf.ch\/fr\/product\/bandit-brainchild\/#primaryimage\"},\"thumbnailUrl\":\"https:\/\/elevatesurf.ch\/wp-content\/uploads\/2026\/05\/bandit-brainchild.png\",\"datePublished\":\"2026-05-10T17:40:34+00:00\",\"dateModified\":\"2026-05-10T20:40:26+00:00\",\"description\":\"Elevatesurf BANDIT BRAINCHILD\",\"breadcrumb\":{\"@id\":\"https:\/\/elevatesurf.ch\/fr\/product\/bandit-brainchild\/#breadcrumb\"},\"inLanguage\":\"fr-FR\",\"potentialAction\":[{\"@type\":\"ReadAction\",\"target\":[\"https:\/\/elevatesurf.ch\/fr\/product\/bandit-brainchild\/\"]}]},{\"@type\":\"ImageObject\",\"inLanguage\":\"fr-FR\",\"@id\":\"https:\/\/elevatesurf.ch\/fr\/product\/bandit-brainchild\/#primaryimage\",\"url\":\"https:\/\/elevatesurf.ch\/wp-content\/uploads\/2026\/05\/bandit-brainchild.png\",\"contentUrl\":\"https:\/\/elevatesurf.ch\/wp-content\/uploads\/2026\/05\/bandit-brainchild.png\",\"width\":1920,\"height\":1080},{\"@type\":\"BreadcrumbList\",\"@id\":\"https:\/\/elevatesurf.ch\/fr\/product\/bandit-brainchild\/#breadcrumb\",\"itemListElement\":[{\"@type\":\"ListItem\",\"position\":1,\"name\":\"Accueil\",\"item\":\"https:\/\/elevatesurf.ch\/\"},{\"@type\":\"ListItem\",\"position\":2,\"name\":\"Shop &#8211; \u00c9levez Votre Exp\u00e9rience de Surf avec Notre Collection\",\"item\":\"https:\/\/elevatesurf.ch\/shop\/\"},{\"@type\":\"ListItem\",\"position\":3,\"name\":\"BANDIT BRAINCHILD\"}]},{\"@type\":\"WebSite\",\"@id\":\"https:\/\/elevatesurf.ch\/#website\",\"url\":\"https:\/\/elevatesurf.ch\/\",\"name\":\"Elevatesurf\",\"description\":\"Surfez vers de nouveaux sommets avec ElevateSurf ! Kiteshop, Wingshop\",\"publisher\":{\"@id\":\"https:\/\/elevatesurf.ch\/#organization\"},\"potentialAction\":[{\"@type\":\"SearchAction\",\"target\":{\"@type\":\"EntryPoint\",\"urlTemplate\":\"https:\/\/elevatesurf.ch\/?s={search_term_string}\"},\"query-input\":\"required name=search_term_string\"}],\"inLanguage\":\"fr-FR\"},{\"@type\":\"Organization\",\"@id\":\"https:\/\/elevatesurf.ch\/#organization\",\"name\":\"Elevatesurf\",\"url\":\"https:\/\/elevatesurf.ch\/\",\"logo\":{\"@type\":\"ImageObject\",\"inLanguage\":\"fr-FR\",\"@id\":\"https:\/\/elevatesurf.ch\/#\/schema\/logo\/image\/\",\"url\":\"https:\/\/elevatesurf.ch\/wp-content\/uploads\/2024\/06\/67c2ec70-bdf5-4c14-898a-ded5b2051398.jpg\",\"contentUrl\":\"https:\/\/elevatesurf.ch\/wp-content\/uploads\/2024\/06\/67c2ec70-bdf5-4c14-898a-ded5b2051398.jpg\",\"width\":1024,\"height\":1024,\"caption\":\"Elevatesurf\"},\"image\":{\"@id\":\"https:\/\/elevatesurf.ch\/#\/schema\/logo\/image\/\"},\"sameAs\":[\"https:\/\/www.instagram.com\/elevate__surf\/\"]}]}<\/script>\n<!-- \/ Yoast SEO plugin. -->","yoast_head_json":{"title":"BANDIT BRAINCHILD - Elevatesurf","description":"Elevatesurf BANDIT BRAINCHILD","robots":{"index":"index","follow":"follow","max-snippet":"max-snippet:-1","max-image-preview":"max-image-preview:large","max-video-preview":"max-video-preview:-1"},"canonical":"https:\/\/elevatesurf.ch\/fr\/product\/bandit-brainchild\/","og_locale":"fr_FR","og_type":"article","og_title":"BANDIT BRAINCHILD - Elevatesurf","og_description":"Elevatesurf BANDIT BRAINCHILD","og_url":"https:\/\/elevatesurf.ch\/fr\/product\/bandit-brainchild\/","og_site_name":"Elevatesurf","article_modified_time":"2026-05-10T20:40:26+00:00","twitter_card":"summary_large_image","twitter_misc":{"Dur\u00e9e de lecture estim\u00e9e":"1 minute"},"schema":{"@context":"https:\/\/schema.org","@graph":[{"@type":["WebPage","ItemPage"],"@id":"https:\/\/elevatesurf.ch\/fr\/product\/bandit-brainchild\/","url":"https:\/\/elevatesurf.ch\/fr\/product\/bandit-brainchild\/","name":"BANDIT BRAINCHILD - Elevatesurf","isPartOf":{"@id":"https:\/\/elevatesurf.ch\/#website"},"primaryImageOfPage":{"@id":"https:\/\/elevatesurf.ch\/fr\/product\/bandit-brainchild\/#primaryimage"},"image":{"@id":"https:\/\/elevatesurf.ch\/fr\/product\/bandit-brainchild\/#primaryimage"},"thumbnailUrl":"https:\/\/elevatesurf.ch\/wp-content\/uploads\/2026\/05\/bandit-brainchild.png","datePublished":"2026-05-10T17:40:34+00:00","dateModified":"2026-05-10T20:40:26+00:00","description":"Elevatesurf BANDIT BRAINCHILD","breadcrumb":{"@id":"https:\/\/elevatesurf.ch\/fr\/product\/bandit-brainchild\/#breadcrumb"},"inLanguage":"fr-FR","potentialAction":[{"@type":"ReadAction","target":["https:\/\/elevatesurf.ch\/fr\/product\/bandit-brainchild\/"]}]},{"@type":"ImageObject","inLanguage":"fr-FR","@id":"https:\/\/elevatesurf.ch\/fr\/product\/bandit-brainchild\/#primaryimage","url":"https:\/\/elevatesurf.ch\/wp-content\/uploads\/2026\/05\/bandit-brainchild.png","contentUrl":"https:\/\/elevatesurf.ch\/wp-content\/uploads\/2026\/05\/bandit-brainchild.png","width":1920,"height":1080},{"@type":"BreadcrumbList","@id":"https:\/\/elevatesurf.ch\/fr\/product\/bandit-brainchild\/#breadcrumb","itemListElement":[{"@type":"ListItem","position":1,"name":"Accueil","item":"https:\/\/elevatesurf.ch\/"},{"@type":"ListItem","position":2,"name":"Shop &#8211; \u00c9levez Votre Exp\u00e9rience de Surf avec Notre Collection","item":"https:\/\/elevatesurf.ch\/shop\/"},{"@type":"ListItem","position":3,"name":"BANDIT BRAINCHILD"}]},{"@type":"WebSite","@id":"https:\/\/elevatesurf.ch\/#website","url":"https:\/\/elevatesurf.ch\/","name":"Elevatesurf","description":"Surfez vers de nouveaux sommets avec ElevateSurf ! Kiteshop, Wingshop","publisher":{"@id":"https:\/\/elevatesurf.ch\/#organization"},"potentialAction":[{"@type":"SearchAction","target":{"@type":"EntryPoint","urlTemplate":"https:\/\/elevatesurf.ch\/?s={search_term_string}"},"query-input":"required name=search_term_string"}],"inLanguage":"fr-FR"},{"@type":"Organization","@id":"https:\/\/elevatesurf.ch\/#organization","name":"Elevatesurf","url":"https:\/\/elevatesurf.ch\/","logo":{"@type":"ImageObject","inLanguage":"fr-FR","@id":"https:\/\/elevatesurf.ch\/#\/schema\/logo\/image\/","url":"https:\/\/elevatesurf.ch\/wp-content\/uploads\/2024\/06\/67c2ec70-bdf5-4c14-898a-ded5b2051398.jpg","contentUrl":"https:\/\/elevatesurf.ch\/wp-content\/uploads\/2024\/06\/67c2ec70-bdf5-4c14-898a-ded5b2051398.jpg","width":1024,"height":1024,"caption":"Elevatesurf"},"image":{"@id":"https:\/\/elevatesurf.ch\/#\/schema\/logo\/image\/"},"sameAs":["https:\/\/www.instagram.com\/elevate__surf\/"]}]}},"_links":{"self":[{"href":"https:\/\/elevatesurf.ch\/fr\/wp-json\/wp\/v2\/product\/28014","targetHints":{"allow":["GET"]}}],"collection":[{"href":"https:\/\/elevatesurf.ch\/fr\/wp-json\/wp\/v2\/product"}],"about":[{"href":"https:\/\/elevatesurf.ch\/fr\/wp-json\/wp\/v2\/types\/product"}],"replies":[{"embeddable":true,"href":"https:\/\/elevatesurf.ch\/fr\/wp-json\/wp\/v2\/comments?post=28014"}],"wp:featuredmedia":[{"embeddable":true,"href":"https:\/\/elevatesurf.ch\/fr\/wp-json\/wp\/v2\/media\/28011"}],"wp:attachment":[{"href":"https:\/\/elevatesurf.ch\/fr\/wp-json\/wp\/v2\/media?parent=28014"}],"wp:term":[{"taxonomy":"product_cat","embeddable":true,"href":"https:\/\/elevatesurf.ch\/fr\/wp-json\/wp\/v2\/product_cat?post=28014"},{"taxonomy":"product_tag","embeddable":true,"href":"https:\/\/elevatesurf.ch\/fr\/wp-json\/wp\/v2\/product_tag?post=28014"}],"curies":[{"name":"wp","href":"https:\/\/api.w.org\/{rel}","templated":true}]}}