{"id":28034,"date":"2026-05-10T17:41:26","date_gmt":"2026-05-10T17:41:26","guid":{"rendered":"https:\/\/elevatesurf.ch\/fr\/product\/plane-seven-seas-carbon-1100-monobloc-xxs-170-dw\/"},"modified":"2026-05-10T20:40:34","modified_gmt":"2026-05-10T20:40:34","slug":"plane-seven-seas-carbon-1100-monobloc-xxs-170-dw","status":"publish","type":"product","link":"https:\/\/elevatesurf.ch\/fr\/product\/plane-seven-seas-carbon-1100-monobloc-xxs-170-dw\/","title":{"rendered":"PLANE SEVEN SEAS CARBON 1100 (MONOBLOC XXS 170 DW)"},"content":{"rendered":"<p>Le nouveau foil SEVEN SEAS garde le m\u00eame programme que son pr\u00e9d\u00e9cesseur, dans un design plus moderne. Avec un outline plus fin, un AR plus \u00e9lev\u00e9 et des surfaces revues, ce foil garde l\u2019accessibilit\u00e9 l\u00e9gendaire de notre gamme SEVEN SEAS tout en boostant ses performances.<\/p>\n<p>La SEVEN SEAS reste un foil orient\u00e9 downwind. En wing, elle permet un take-off progressif et facile, puis une bonne glisse au pr\u00e8s et dans les bumps. Gr\u00e2ce \u00e0 son glide, elle rendra les man\u0153uvres comme le jibe ou le tack plus faciles. Il ne faut pas craindre de passer d\u2019une PHANTOM \u00e0 une SEVEN SEAS d\u00e8s que l\u2019on s\u2019attaque \u00e0 l\u2019apprentissage des jibes.<\/p>\n<p>En SUP, la SEVEN SEAS est diablement facile \u00e0 d\u00e9coller, puis offre un glide et une vitesse moyenne inattendus compar\u00e9s \u00e0 son accessibilit\u00e9 et sa surface. C\u2019est m\u00eame un foil de choix pour des riders avanc\u00e9s dans les petites conditions.<\/p>\n<p>Chez F-ONE, notre but est de faire des foils funs. Nous voulons donc que chaque foil soit capable de carver, m\u00eame dans un programme downwind. Nous avons donc sp\u00e9cifiquement travaill\u00e9 les bouts d\u2019ailes de cette nouvelle SEVEN SEAS pour augmenter sa maniabilit\u00e9 et la rendre donc encore plus fun \u00e0 rider.<\/p>\n<p>Fabriqu\u00e9 en carbone pr\u00e9-preg avec la structure Monobloc, ce foil est \u00e0 la fois tr\u00e8s l\u00e9ger et r\u00e9sistant. Cette configuration offre une meilleure transmission de la charge et une meilleure rigidit\u00e9 \u00e0 travers les diff\u00e9rentes parties pour un contr\u00f4le maximum. La connexion TITAN permet de raccorder un m\u00e2t en aluminium ou en carbone.<\/p>\n<p>La SEVEN SEAS est le foil parfait pour d\u00e9couvrir les sensations d\u2019un foil de downwind performant. Sa capacit\u00e9 \u00e0 glisser vers l\u2019avant, sa maniabilit\u00e9 et sa plage basse imbattables la rendent fun et facile \u00e0 naviguer. C\u2019est un foil que l\u2019on garde toujours dans son quiver.<\/p>\n<p>* Attention : Les downwinds n\u00e9cessitent une pr\u00e9paration physique, des dispositifs de s\u00e9curit\u00e9 appropri\u00e9s (leash, flashlight, gilet\u2026) et une assistance en mer. N\u2019essayez pas de faire un downwind seul ni sans entrainement ad\u00e9quat.<\/p>\n","protected":false},"excerpt":{"rendered":"<p><span>Une glisse facile et efficiente, pour tous !<\/span><br \/><span>Gr\u00e2ce \u00e0 son ratio performance \/ accessibilit\u00e9 impressionnant, la SEVEN SEAS peut convenir \u00e0 un d\u00e9butant tout comme \u00e0 un pro.<\/span><br \/><span>Un foil con\u00e7u pour tous<\/span><br \/><span>Aspect ratio : 8.0<\/span><br \/><span>Ratio facilit\u00e9 \/ performance impressionnant<\/span><br \/><span>Disponible en 1100 cm\u00b2\/1300 cm\u00b2 \/ 1500 cm\u00b2<\/span><\/p>\n","protected":false},"featured_media":28031,"comment_status":"open","ping_status":"closed","template":"","meta":[],"product_cat":[1040,1046],"product_tag":[],"class_list":{"0":"post-28034","1":"product","2":"type-product","3":"status-publish","4":"has-post-thumbnail","6":"product_cat-foil","7":"product_cat-plane","8":"product_brand-indiana-suisse","10":"first","11":"outofstock","12":"shipping-taxable","13":"purchasable","14":"product-type-simple"},"yoast_head":"<!-- This site is optimized with the Yoast SEO plugin v22.8 - https:\/\/yoast.com\/wordpress\/plugins\/seo\/ -->\n<title>PLANE SEVEN SEAS CARBON 1100 (MONOBLOC XXS 170 DW) - Elevatesurf<\/title>\n<meta name=\"description\" content=\"Elevatesurf PLANE SEVEN SEAS CARBON 1100 (MONOBLOC XXS 170 DW)\" \/>\n<meta name=\"robots\" content=\"index, follow, max-snippet:-1, max-image-preview:large, max-video-preview:-1\" \/>\n<link rel=\"canonical\" href=\"https:\/\/elevatesurf.ch\/fr\/product\/plane-seven-seas-carbon-1100-monobloc-xxs-170-dw\/\" \/>\n<meta property=\"og:locale\" content=\"fr_FR\" \/>\n<meta property=\"og:type\" content=\"article\" \/>\n<meta property=\"og:title\" content=\"PLANE SEVEN SEAS CARBON 1100 (MONOBLOC XXS 170 DW) - Elevatesurf\" \/>\n<meta property=\"og:description\" content=\"Elevatesurf PLANE SEVEN SEAS CARBON 1100 (MONOBLOC XXS 170 DW)\" \/>\n<meta property=\"og:url\" content=\"https:\/\/elevatesurf.ch\/fr\/product\/plane-seven-seas-carbon-1100-monobloc-xxs-170-dw\/\" \/>\n<meta property=\"og:site_name\" content=\"Elevatesurf\" \/>\n<meta property=\"article:modified_time\" content=\"2026-05-10T20:40:34+00:00\" \/>\n<meta name=\"twitter:card\" content=\"summary_large_image\" \/>\n<meta name=\"twitter:label1\" content=\"Dur\u00e9e de lecture estim\u00e9e\" \/>\n\t<meta name=\"twitter:data1\" content=\"2 minutes\" \/>\n<script type=\"application\/ld+json\" class=\"yoast-schema-graph\">{\"@context\":\"https:\/\/schema.org\",\"@graph\":[{\"@type\":[\"WebPage\",\"ItemPage\"],\"@id\":\"https:\/\/elevatesurf.ch\/fr\/product\/plane-seven-seas-carbon-1100-monobloc-xxs-170-dw\/\",\"url\":\"https:\/\/elevatesurf.ch\/fr\/product\/plane-seven-seas-carbon-1100-monobloc-xxs-170-dw\/\",\"name\":\"PLANE SEVEN SEAS CARBON 1100 (MONOBLOC XXS 170 DW) - Elevatesurf\",\"isPartOf\":{\"@id\":\"https:\/\/elevatesurf.ch\/#website\"},\"primaryImageOfPage\":{\"@id\":\"https:\/\/elevatesurf.ch\/fr\/product\/plane-seven-seas-carbon-1100-monobloc-xxs-170-dw\/#primaryimage\"},\"image\":{\"@id\":\"https:\/\/elevatesurf.ch\/fr\/product\/plane-seven-seas-carbon-1100-monobloc-xxs-170-dw\/#primaryimage\"},\"thumbnailUrl\":\"https:\/\/elevatesurf.ch\/wp-content\/uploads\/2026\/05\/plane-seven-seas-carbon-1100-monobloc-xxs-170-dw.png\",\"datePublished\":\"2026-05-10T17:41:26+00:00\",\"dateModified\":\"2026-05-10T20:40:34+00:00\",\"description\":\"Elevatesurf PLANE SEVEN SEAS CARBON 1100 (MONOBLOC XXS 170 DW)\",\"breadcrumb\":{\"@id\":\"https:\/\/elevatesurf.ch\/fr\/product\/plane-seven-seas-carbon-1100-monobloc-xxs-170-dw\/#breadcrumb\"},\"inLanguage\":\"fr-FR\",\"potentialAction\":[{\"@type\":\"ReadAction\",\"target\":[\"https:\/\/elevatesurf.ch\/fr\/product\/plane-seven-seas-carbon-1100-monobloc-xxs-170-dw\/\"]}]},{\"@type\":\"ImageObject\",\"inLanguage\":\"fr-FR\",\"@id\":\"https:\/\/elevatesurf.ch\/fr\/product\/plane-seven-seas-carbon-1100-monobloc-xxs-170-dw\/#primaryimage\",\"url\":\"https:\/\/elevatesurf.ch\/wp-content\/uploads\/2026\/05\/plane-seven-seas-carbon-1100-monobloc-xxs-170-dw.png\",\"contentUrl\":\"https:\/\/elevatesurf.ch\/wp-content\/uploads\/2026\/05\/plane-seven-seas-carbon-1100-monobloc-xxs-170-dw.png\",\"width\":1280,\"height\":1280},{\"@type\":\"BreadcrumbList\",\"@id\":\"https:\/\/elevatesurf.ch\/fr\/product\/plane-seven-seas-carbon-1100-monobloc-xxs-170-dw\/#breadcrumb\",\"itemListElement\":[{\"@type\":\"ListItem\",\"position\":1,\"name\":\"Accueil\",\"item\":\"https:\/\/elevatesurf.ch\/\"},{\"@type\":\"ListItem\",\"position\":2,\"name\":\"Shop &#8211; \u00c9levez Votre Exp\u00e9rience de Surf avec Notre Collection\",\"item\":\"https:\/\/elevatesurf.ch\/shop\/\"},{\"@type\":\"ListItem\",\"position\":3,\"name\":\"PLANE SEVEN SEAS CARBON 1100 (MONOBLOC XXS 170 DW)\"}]},{\"@type\":\"WebSite\",\"@id\":\"https:\/\/elevatesurf.ch\/#website\",\"url\":\"https:\/\/elevatesurf.ch\/\",\"name\":\"Elevatesurf\",\"description\":\"Surfez vers de nouveaux sommets avec ElevateSurf ! Kiteshop, Wingshop\",\"publisher\":{\"@id\":\"https:\/\/elevatesurf.ch\/#organization\"},\"potentialAction\":[{\"@type\":\"SearchAction\",\"target\":{\"@type\":\"EntryPoint\",\"urlTemplate\":\"https:\/\/elevatesurf.ch\/?s={search_term_string}\"},\"query-input\":\"required name=search_term_string\"}],\"inLanguage\":\"fr-FR\"},{\"@type\":\"Organization\",\"@id\":\"https:\/\/elevatesurf.ch\/#organization\",\"name\":\"Elevatesurf\",\"url\":\"https:\/\/elevatesurf.ch\/\",\"logo\":{\"@type\":\"ImageObject\",\"inLanguage\":\"fr-FR\",\"@id\":\"https:\/\/elevatesurf.ch\/#\/schema\/logo\/image\/\",\"url\":\"https:\/\/elevatesurf.ch\/wp-content\/uploads\/2024\/06\/67c2ec70-bdf5-4c14-898a-ded5b2051398.jpg\",\"contentUrl\":\"https:\/\/elevatesurf.ch\/wp-content\/uploads\/2024\/06\/67c2ec70-bdf5-4c14-898a-ded5b2051398.jpg\",\"width\":1024,\"height\":1024,\"caption\":\"Elevatesurf\"},\"image\":{\"@id\":\"https:\/\/elevatesurf.ch\/#\/schema\/logo\/image\/\"},\"sameAs\":[\"https:\/\/www.instagram.com\/elevate__surf\/\"]}]}<\/script>\n<!-- \/ Yoast SEO plugin. -->","yoast_head_json":{"title":"PLANE SEVEN SEAS CARBON 1100 (MONOBLOC XXS 170 DW) - Elevatesurf","description":"Elevatesurf PLANE SEVEN SEAS CARBON 1100 (MONOBLOC XXS 170 DW)","robots":{"index":"index","follow":"follow","max-snippet":"max-snippet:-1","max-image-preview":"max-image-preview:large","max-video-preview":"max-video-preview:-1"},"canonical":"https:\/\/elevatesurf.ch\/fr\/product\/plane-seven-seas-carbon-1100-monobloc-xxs-170-dw\/","og_locale":"fr_FR","og_type":"article","og_title":"PLANE SEVEN SEAS CARBON 1100 (MONOBLOC XXS 170 DW) - Elevatesurf","og_description":"Elevatesurf PLANE SEVEN SEAS CARBON 1100 (MONOBLOC XXS 170 DW)","og_url":"https:\/\/elevatesurf.ch\/fr\/product\/plane-seven-seas-carbon-1100-monobloc-xxs-170-dw\/","og_site_name":"Elevatesurf","article_modified_time":"2026-05-10T20:40:34+00:00","twitter_card":"summary_large_image","twitter_misc":{"Dur\u00e9e de lecture estim\u00e9e":"2 minutes"},"schema":{"@context":"https:\/\/schema.org","@graph":[{"@type":["WebPage","ItemPage"],"@id":"https:\/\/elevatesurf.ch\/fr\/product\/plane-seven-seas-carbon-1100-monobloc-xxs-170-dw\/","url":"https:\/\/elevatesurf.ch\/fr\/product\/plane-seven-seas-carbon-1100-monobloc-xxs-170-dw\/","name":"PLANE SEVEN SEAS CARBON 1100 (MONOBLOC XXS 170 DW) - Elevatesurf","isPartOf":{"@id":"https:\/\/elevatesurf.ch\/#website"},"primaryImageOfPage":{"@id":"https:\/\/elevatesurf.ch\/fr\/product\/plane-seven-seas-carbon-1100-monobloc-xxs-170-dw\/#primaryimage"},"image":{"@id":"https:\/\/elevatesurf.ch\/fr\/product\/plane-seven-seas-carbon-1100-monobloc-xxs-170-dw\/#primaryimage"},"thumbnailUrl":"https:\/\/elevatesurf.ch\/wp-content\/uploads\/2026\/05\/plane-seven-seas-carbon-1100-monobloc-xxs-170-dw.png","datePublished":"2026-05-10T17:41:26+00:00","dateModified":"2026-05-10T20:40:34+00:00","description":"Elevatesurf PLANE SEVEN SEAS CARBON 1100 (MONOBLOC XXS 170 DW)","breadcrumb":{"@id":"https:\/\/elevatesurf.ch\/fr\/product\/plane-seven-seas-carbon-1100-monobloc-xxs-170-dw\/#breadcrumb"},"inLanguage":"fr-FR","potentialAction":[{"@type":"ReadAction","target":["https:\/\/elevatesurf.ch\/fr\/product\/plane-seven-seas-carbon-1100-monobloc-xxs-170-dw\/"]}]},{"@type":"ImageObject","inLanguage":"fr-FR","@id":"https:\/\/elevatesurf.ch\/fr\/product\/plane-seven-seas-carbon-1100-monobloc-xxs-170-dw\/#primaryimage","url":"https:\/\/elevatesurf.ch\/wp-content\/uploads\/2026\/05\/plane-seven-seas-carbon-1100-monobloc-xxs-170-dw.png","contentUrl":"https:\/\/elevatesurf.ch\/wp-content\/uploads\/2026\/05\/plane-seven-seas-carbon-1100-monobloc-xxs-170-dw.png","width":1280,"height":1280},{"@type":"BreadcrumbList","@id":"https:\/\/elevatesurf.ch\/fr\/product\/plane-seven-seas-carbon-1100-monobloc-xxs-170-dw\/#breadcrumb","itemListElement":[{"@type":"ListItem","position":1,"name":"Accueil","item":"https:\/\/elevatesurf.ch\/"},{"@type":"ListItem","position":2,"name":"Shop &#8211; \u00c9levez Votre Exp\u00e9rience de Surf avec Notre Collection","item":"https:\/\/elevatesurf.ch\/shop\/"},{"@type":"ListItem","position":3,"name":"PLANE SEVEN SEAS CARBON 1100 (MONOBLOC XXS 170 DW)"}]},{"@type":"WebSite","@id":"https:\/\/elevatesurf.ch\/#website","url":"https:\/\/elevatesurf.ch\/","name":"Elevatesurf","description":"Surfez vers de nouveaux sommets avec ElevateSurf ! Kiteshop, Wingshop","publisher":{"@id":"https:\/\/elevatesurf.ch\/#organization"},"potentialAction":[{"@type":"SearchAction","target":{"@type":"EntryPoint","urlTemplate":"https:\/\/elevatesurf.ch\/?s={search_term_string}"},"query-input":"required name=search_term_string"}],"inLanguage":"fr-FR"},{"@type":"Organization","@id":"https:\/\/elevatesurf.ch\/#organization","name":"Elevatesurf","url":"https:\/\/elevatesurf.ch\/","logo":{"@type":"ImageObject","inLanguage":"fr-FR","@id":"https:\/\/elevatesurf.ch\/#\/schema\/logo\/image\/","url":"https:\/\/elevatesurf.ch\/wp-content\/uploads\/2024\/06\/67c2ec70-bdf5-4c14-898a-ded5b2051398.jpg","contentUrl":"https:\/\/elevatesurf.ch\/wp-content\/uploads\/2024\/06\/67c2ec70-bdf5-4c14-898a-ded5b2051398.jpg","width":1024,"height":1024,"caption":"Elevatesurf"},"image":{"@id":"https:\/\/elevatesurf.ch\/#\/schema\/logo\/image\/"},"sameAs":["https:\/\/www.instagram.com\/elevate__surf\/"]}]}},"_links":{"self":[{"href":"https:\/\/elevatesurf.ch\/fr\/wp-json\/wp\/v2\/product\/28034","targetHints":{"allow":["GET"]}}],"collection":[{"href":"https:\/\/elevatesurf.ch\/fr\/wp-json\/wp\/v2\/product"}],"about":[{"href":"https:\/\/elevatesurf.ch\/fr\/wp-json\/wp\/v2\/types\/product"}],"replies":[{"embeddable":true,"href":"https:\/\/elevatesurf.ch\/fr\/wp-json\/wp\/v2\/comments?post=28034"}],"wp:featuredmedia":[{"embeddable":true,"href":"https:\/\/elevatesurf.ch\/fr\/wp-json\/wp\/v2\/media\/28031"}],"wp:attachment":[{"href":"https:\/\/elevatesurf.ch\/fr\/wp-json\/wp\/v2\/media?parent=28034"}],"wp:term":[{"taxonomy":"product_cat","embeddable":true,"href":"https:\/\/elevatesurf.ch\/fr\/wp-json\/wp\/v2\/product_cat?post=28034"},{"taxonomy":"product_tag","embeddable":true,"href":"https:\/\/elevatesurf.ch\/fr\/wp-json\/wp\/v2\/product_tag?post=28034"}],"curies":[{"name":"wp","href":"https:\/\/api.w.org\/{rel}","templated":true}]}}