{"id":28040,"date":"2026-05-10T17:41:47","date_gmt":"2026-05-10T17:41:47","guid":{"rendered":"https:\/\/elevatesurf.ch\/fr\/product\/uhm-carbon-mast-12-75-cm\/"},"modified":"2026-05-10T20:40:34","modified_gmt":"2026-05-10T20:40:34","slug":"uhm-carbon-mast-12-75-cm","status":"publish","type":"product","link":"https:\/\/elevatesurf.ch\/fr\/product\/uhm-carbon-mast-12-75-cm\/","title":{"rendered":"UHM CARBON MAST 12 &#8211; 75 CM"},"content":{"rendered":"<p>Ce nouveau m\u00e2t pr\u00e9sente un profil tr\u00e8s fin avec une corde et une \u00e9paisseur d\u00e9gressives : l\u00e9g\u00e8rement plus large et plus \u00e9pais en haut, et s\u2019affine progressivement vers l\u2019avion. Ce design, avec seulement 12\u202fmm au point le plus fin, maximise la glisse et la vitesse dans toutes les disciplines. Il vous permet d\u2019acc\u00e9l\u00e9rer en downwind, d\u2019obtenir plus de pop pour monter plus haut en freestyle, et d\u2019atteindre de nouvelles vitesses en wing foil ou en kite foil.<\/p>\n<p>Le drapage carbone UHM, sp\u00e9cialement optimis\u00e9 pour ce m\u00e2t, le rend 25 % plus rigide en flexion que le HM Carbon 14, offrant une rigidit\u00e9 exceptionnelle et un contr\u00f4le pr\u00e9cis en flexion comme en torsion, pour plus de maniabilit\u00e9 et pr\u00e9cision sur l\u2019eau, ainsi qu\u2019une connexion maximale avec le foil.<\/p>\n<p>Moul\u00e9 et durci en une seule fois \u00e0 partir de carbone pr\u00e9-preg, ce m\u00e2t monobloc int\u00e8gre notre structure interne SPINE optimis\u00e9e pour plus de rigidit\u00e9, d\u2019efficacit\u00e9 et de contr\u00f4le, notamment dans les turns. Cette construction avanc\u00e9e offre un nouveau niveau de raideur, de pr\u00e9cision et de performance.<\/p>\n<p>Ce m\u00e2t est \u00e9quip\u00e9 de notre nouvelle top plate et du nouveau pied de m\u00e2t TITAN 2 \u00e0 sa base. La top plate est compatible avec nos T-nuts verrouillables et comprend \u00e9galement notre syst\u00e8me \u00ab Quick-Attach \u00bb en forme de serrure pour un montage plus rapide. Le m\u00e2t est compatible avec la plupart des planches du march\u00e9 \u00e9quip\u00e9es du syst\u00e8me Twin-Tracks ainsi qu\u2019avec les ailes avant disposant de la nouvelle connexion TITAN 2.<\/p>\n<p>Disponible en 80, 85 et 95 cm, ce nouveau m\u00e2t UHM Carbone 12 offre l&rsquo;\u00e9volution que vous recherchiez en mati\u00e8re de performances et constitue le choix id\u00e9al pour le downwind ou toute autre discipline o\u00f9 la glisse est primordiale.<\/p>\n","protected":false},"excerpt":{"rendered":"<p>Con\u00e7u pour les riders qui exigent le meilleur, le nouveau m\u00e2t UHM Carbone 12 de F-ONE offre une glisse et des performances maximales.<\/p>\n<ul>\n<li>Profil ultra-fin de 12 mm<\/li>\n<li>Glisse et vitesse maximales<\/li>\n<li>Rigidit\u00e9 augment\u00e9e pour une sensation plus directe et un contr\u00f4le total<\/li>\n<li>Utilisation de carbone Ultra Haut Module (UHM)<\/li>\n<li>Technologie SPINE optimis\u00e9e<\/li>\n<li>Connexion TITAN 2 pour plus de pr\u00e9cision et sensations directes<\/li>\n<\/ul>\n","protected":false},"featured_media":28037,"comment_status":"open","ping_status":"closed","template":"","meta":[],"product_cat":[1040,1050],"product_tag":[],"class_list":{"0":"post-28040","1":"product","2":"type-product","3":"status-publish","4":"has-post-thumbnail","6":"product_cat-foil","7":"product_cat-mats","8":"product_brand-f-one","10":"first","11":"outofstock","12":"shipping-taxable","13":"purchasable","14":"product-type-simple"},"yoast_head":"<!-- This site is optimized with the Yoast SEO plugin v22.8 - https:\/\/yoast.com\/wordpress\/plugins\/seo\/ -->\n<title>UHM CARBON MAST 12 - 75 CM - Elevatesurf<\/title>\n<meta name=\"description\" content=\"Elevatesurf UHM CARBON MAST 12 - 75 CM\" \/>\n<meta name=\"robots\" content=\"index, follow, max-snippet:-1, max-image-preview:large, max-video-preview:-1\" \/>\n<link rel=\"canonical\" href=\"https:\/\/elevatesurf.ch\/fr\/product\/uhm-carbon-mast-12-75-cm\/\" \/>\n<meta property=\"og:locale\" content=\"fr_FR\" \/>\n<meta property=\"og:type\" content=\"article\" \/>\n<meta property=\"og:title\" content=\"UHM CARBON MAST 12 - 75 CM - Elevatesurf\" \/>\n<meta property=\"og:description\" content=\"Elevatesurf UHM CARBON MAST 12 - 75 CM\" \/>\n<meta property=\"og:url\" content=\"https:\/\/elevatesurf.ch\/fr\/product\/uhm-carbon-mast-12-75-cm\/\" \/>\n<meta property=\"og:site_name\" content=\"Elevatesurf\" \/>\n<meta property=\"article:modified_time\" content=\"2026-05-10T20:40:34+00:00\" \/>\n<meta name=\"twitter:card\" content=\"summary_large_image\" \/>\n<meta name=\"twitter:label1\" content=\"Dur\u00e9e de lecture estim\u00e9e\" \/>\n\t<meta name=\"twitter:data1\" content=\"2 minutes\" \/>\n<script type=\"application\/ld+json\" class=\"yoast-schema-graph\">{\"@context\":\"https:\/\/schema.org\",\"@graph\":[{\"@type\":[\"WebPage\",\"ItemPage\"],\"@id\":\"https:\/\/elevatesurf.ch\/fr\/product\/uhm-carbon-mast-12-75-cm\/\",\"url\":\"https:\/\/elevatesurf.ch\/fr\/product\/uhm-carbon-mast-12-75-cm\/\",\"name\":\"UHM CARBON MAST 12 - 75 CM - Elevatesurf\",\"isPartOf\":{\"@id\":\"https:\/\/elevatesurf.ch\/#website\"},\"primaryImageOfPage\":{\"@id\":\"https:\/\/elevatesurf.ch\/fr\/product\/uhm-carbon-mast-12-75-cm\/#primaryimage\"},\"image\":{\"@id\":\"https:\/\/elevatesurf.ch\/fr\/product\/uhm-carbon-mast-12-75-cm\/#primaryimage\"},\"thumbnailUrl\":\"https:\/\/elevatesurf.ch\/wp-content\/uploads\/2026\/05\/uhm-carbon-mast-12-75-cm.png\",\"datePublished\":\"2026-05-10T17:41:47+00:00\",\"dateModified\":\"2026-05-10T20:40:34+00:00\",\"description\":\"Elevatesurf UHM CARBON MAST 12 - 75 CM\",\"breadcrumb\":{\"@id\":\"https:\/\/elevatesurf.ch\/fr\/product\/uhm-carbon-mast-12-75-cm\/#breadcrumb\"},\"inLanguage\":\"fr-FR\",\"potentialAction\":[{\"@type\":\"ReadAction\",\"target\":[\"https:\/\/elevatesurf.ch\/fr\/product\/uhm-carbon-mast-12-75-cm\/\"]}]},{\"@type\":\"ImageObject\",\"inLanguage\":\"fr-FR\",\"@id\":\"https:\/\/elevatesurf.ch\/fr\/product\/uhm-carbon-mast-12-75-cm\/#primaryimage\",\"url\":\"https:\/\/elevatesurf.ch\/wp-content\/uploads\/2026\/05\/uhm-carbon-mast-12-75-cm.png\",\"contentUrl\":\"https:\/\/elevatesurf.ch\/wp-content\/uploads\/2026\/05\/uhm-carbon-mast-12-75-cm.png\",\"width\":2000,\"height\":2000},{\"@type\":\"BreadcrumbList\",\"@id\":\"https:\/\/elevatesurf.ch\/fr\/product\/uhm-carbon-mast-12-75-cm\/#breadcrumb\",\"itemListElement\":[{\"@type\":\"ListItem\",\"position\":1,\"name\":\"Accueil\",\"item\":\"https:\/\/elevatesurf.ch\/\"},{\"@type\":\"ListItem\",\"position\":2,\"name\":\"Shop &#8211; \u00c9levez Votre Exp\u00e9rience de Surf avec Notre Collection\",\"item\":\"https:\/\/elevatesurf.ch\/shop\/\"},{\"@type\":\"ListItem\",\"position\":3,\"name\":\"UHM CARBON MAST 12 &#8211; 75 CM\"}]},{\"@type\":\"WebSite\",\"@id\":\"https:\/\/elevatesurf.ch\/#website\",\"url\":\"https:\/\/elevatesurf.ch\/\",\"name\":\"Elevatesurf\",\"description\":\"Surfez vers de nouveaux sommets avec ElevateSurf ! Kiteshop, Wingshop\",\"publisher\":{\"@id\":\"https:\/\/elevatesurf.ch\/#organization\"},\"potentialAction\":[{\"@type\":\"SearchAction\",\"target\":{\"@type\":\"EntryPoint\",\"urlTemplate\":\"https:\/\/elevatesurf.ch\/?s={search_term_string}\"},\"query-input\":\"required name=search_term_string\"}],\"inLanguage\":\"fr-FR\"},{\"@type\":\"Organization\",\"@id\":\"https:\/\/elevatesurf.ch\/#organization\",\"name\":\"Elevatesurf\",\"url\":\"https:\/\/elevatesurf.ch\/\",\"logo\":{\"@type\":\"ImageObject\",\"inLanguage\":\"fr-FR\",\"@id\":\"https:\/\/elevatesurf.ch\/#\/schema\/logo\/image\/\",\"url\":\"https:\/\/elevatesurf.ch\/wp-content\/uploads\/2024\/06\/67c2ec70-bdf5-4c14-898a-ded5b2051398.jpg\",\"contentUrl\":\"https:\/\/elevatesurf.ch\/wp-content\/uploads\/2024\/06\/67c2ec70-bdf5-4c14-898a-ded5b2051398.jpg\",\"width\":1024,\"height\":1024,\"caption\":\"Elevatesurf\"},\"image\":{\"@id\":\"https:\/\/elevatesurf.ch\/#\/schema\/logo\/image\/\"},\"sameAs\":[\"https:\/\/www.instagram.com\/elevate__surf\/\"]}]}<\/script>\n<!-- \/ Yoast SEO plugin. -->","yoast_head_json":{"title":"UHM CARBON MAST 12 - 75 CM - Elevatesurf","description":"Elevatesurf UHM CARBON MAST 12 - 75 CM","robots":{"index":"index","follow":"follow","max-snippet":"max-snippet:-1","max-image-preview":"max-image-preview:large","max-video-preview":"max-video-preview:-1"},"canonical":"https:\/\/elevatesurf.ch\/fr\/product\/uhm-carbon-mast-12-75-cm\/","og_locale":"fr_FR","og_type":"article","og_title":"UHM CARBON MAST 12 - 75 CM - Elevatesurf","og_description":"Elevatesurf UHM CARBON MAST 12 - 75 CM","og_url":"https:\/\/elevatesurf.ch\/fr\/product\/uhm-carbon-mast-12-75-cm\/","og_site_name":"Elevatesurf","article_modified_time":"2026-05-10T20:40:34+00:00","twitter_card":"summary_large_image","twitter_misc":{"Dur\u00e9e de lecture estim\u00e9e":"2 minutes"},"schema":{"@context":"https:\/\/schema.org","@graph":[{"@type":["WebPage","ItemPage"],"@id":"https:\/\/elevatesurf.ch\/fr\/product\/uhm-carbon-mast-12-75-cm\/","url":"https:\/\/elevatesurf.ch\/fr\/product\/uhm-carbon-mast-12-75-cm\/","name":"UHM CARBON MAST 12 - 75 CM - Elevatesurf","isPartOf":{"@id":"https:\/\/elevatesurf.ch\/#website"},"primaryImageOfPage":{"@id":"https:\/\/elevatesurf.ch\/fr\/product\/uhm-carbon-mast-12-75-cm\/#primaryimage"},"image":{"@id":"https:\/\/elevatesurf.ch\/fr\/product\/uhm-carbon-mast-12-75-cm\/#primaryimage"},"thumbnailUrl":"https:\/\/elevatesurf.ch\/wp-content\/uploads\/2026\/05\/uhm-carbon-mast-12-75-cm.png","datePublished":"2026-05-10T17:41:47+00:00","dateModified":"2026-05-10T20:40:34+00:00","description":"Elevatesurf UHM CARBON MAST 12 - 75 CM","breadcrumb":{"@id":"https:\/\/elevatesurf.ch\/fr\/product\/uhm-carbon-mast-12-75-cm\/#breadcrumb"},"inLanguage":"fr-FR","potentialAction":[{"@type":"ReadAction","target":["https:\/\/elevatesurf.ch\/fr\/product\/uhm-carbon-mast-12-75-cm\/"]}]},{"@type":"ImageObject","inLanguage":"fr-FR","@id":"https:\/\/elevatesurf.ch\/fr\/product\/uhm-carbon-mast-12-75-cm\/#primaryimage","url":"https:\/\/elevatesurf.ch\/wp-content\/uploads\/2026\/05\/uhm-carbon-mast-12-75-cm.png","contentUrl":"https:\/\/elevatesurf.ch\/wp-content\/uploads\/2026\/05\/uhm-carbon-mast-12-75-cm.png","width":2000,"height":2000},{"@type":"BreadcrumbList","@id":"https:\/\/elevatesurf.ch\/fr\/product\/uhm-carbon-mast-12-75-cm\/#breadcrumb","itemListElement":[{"@type":"ListItem","position":1,"name":"Accueil","item":"https:\/\/elevatesurf.ch\/"},{"@type":"ListItem","position":2,"name":"Shop &#8211; \u00c9levez Votre Exp\u00e9rience de Surf avec Notre Collection","item":"https:\/\/elevatesurf.ch\/shop\/"},{"@type":"ListItem","position":3,"name":"UHM CARBON MAST 12 &#8211; 75 CM"}]},{"@type":"WebSite","@id":"https:\/\/elevatesurf.ch\/#website","url":"https:\/\/elevatesurf.ch\/","name":"Elevatesurf","description":"Surfez vers de nouveaux sommets avec ElevateSurf ! Kiteshop, Wingshop","publisher":{"@id":"https:\/\/elevatesurf.ch\/#organization"},"potentialAction":[{"@type":"SearchAction","target":{"@type":"EntryPoint","urlTemplate":"https:\/\/elevatesurf.ch\/?s={search_term_string}"},"query-input":"required name=search_term_string"}],"inLanguage":"fr-FR"},{"@type":"Organization","@id":"https:\/\/elevatesurf.ch\/#organization","name":"Elevatesurf","url":"https:\/\/elevatesurf.ch\/","logo":{"@type":"ImageObject","inLanguage":"fr-FR","@id":"https:\/\/elevatesurf.ch\/#\/schema\/logo\/image\/","url":"https:\/\/elevatesurf.ch\/wp-content\/uploads\/2024\/06\/67c2ec70-bdf5-4c14-898a-ded5b2051398.jpg","contentUrl":"https:\/\/elevatesurf.ch\/wp-content\/uploads\/2024\/06\/67c2ec70-bdf5-4c14-898a-ded5b2051398.jpg","width":1024,"height":1024,"caption":"Elevatesurf"},"image":{"@id":"https:\/\/elevatesurf.ch\/#\/schema\/logo\/image\/"},"sameAs":["https:\/\/www.instagram.com\/elevate__surf\/"]}]}},"_links":{"self":[{"href":"https:\/\/elevatesurf.ch\/fr\/wp-json\/wp\/v2\/product\/28040","targetHints":{"allow":["GET"]}}],"collection":[{"href":"https:\/\/elevatesurf.ch\/fr\/wp-json\/wp\/v2\/product"}],"about":[{"href":"https:\/\/elevatesurf.ch\/fr\/wp-json\/wp\/v2\/types\/product"}],"replies":[{"embeddable":true,"href":"https:\/\/elevatesurf.ch\/fr\/wp-json\/wp\/v2\/comments?post=28040"}],"wp:featuredmedia":[{"embeddable":true,"href":"https:\/\/elevatesurf.ch\/fr\/wp-json\/wp\/v2\/media\/28037"}],"wp:attachment":[{"href":"https:\/\/elevatesurf.ch\/fr\/wp-json\/wp\/v2\/media?parent=28040"}],"wp:term":[{"taxonomy":"product_cat","embeddable":true,"href":"https:\/\/elevatesurf.ch\/fr\/wp-json\/wp\/v2\/product_cat?post=28040"},{"taxonomy":"product_tag","embeddable":true,"href":"https:\/\/elevatesurf.ch\/fr\/wp-json\/wp\/v2\/product_tag?post=28040"}],"curies":[{"name":"wp","href":"https:\/\/api.w.org\/{rel}","templated":true}]}}