{"id":28054,"date":"2026-05-10T17:42:34","date_gmt":"2026-05-10T17:42:34","guid":{"rendered":"https:\/\/elevatesurf.ch\/fr\/product\/rocket-free-downwind-carbon\/"},"modified":"2026-05-10T20:40:43","modified_gmt":"2026-05-10T20:40:43","slug":"rocket-free-downwind-carbon","status":"publish","type":"product","link":"https:\/\/elevatesurf.ch\/fr\/product\/rocket-free-downwind-carbon\/","title":{"rendered":"ROCKET FREE DOWNWIND CARBON"},"content":{"rendered":"<p class=\"MsoNormal\">La gamme ROCKET FREE a \u00e9t\u00e9 d\u00e9velopp\u00e9e pour r\u00e9pondre aux besoins des disciplines \u00e9mergentes centr\u00e9es sur le freefly et le downwind. Dans ces pratiques, la libert\u00e9 prime : l\u2019aile ou la pagaie ne servent qu\u2019\u00e0 d\u00e9coller, avant d\u2019\u00eatre rang\u00e9es ou tenues en position freefly pour profiter au maximum de la houle et de l\u2019\u00e9nergie de la mer.<\/p>\n<\/p>\n<p class=\"MsoNormal\">Cela exige donc des planches plus longues pour favoriser la glisse et l\u2019acc\u00e9l\u00e9ration, tout en conservant assez de volume <a><\/a>pour avoir de la stabilit\u00e9 et partir au planing facilement, m\u00eame avec peu de puissance. Comme les d\u00e9collages dans ces disciplines sont en effet plus exigeants qu\u2019en wing foil, ces planches vous offrent l\u2019avantage n\u00e9cessaire pour partir ais\u00e9ment.<\/p>\n<\/p>\n<p class=\"MsoNormal\">Dans cet esprit, la ROCKET FREE DOWNWIND CARBON reprend les fondamentaux de la MIDLENGTH\u00a0: \u00e9quilibre avant\/arri\u00e8re naturel, stabilit\u00e9 et glisse, tout en allant plus loin. Son shape plus long et son outline \u00e9tir\u00e9 am\u00e9liorent encore la glisse. Gr\u00e2ce \u00e0 son step arri\u00e8re et \u00e0 son kicktail, la board gagne en acc\u00e9l\u00e9ration au d\u00e9collage et g\u00e8re les touchettes avec plus de tol\u00e9rance. Le cockpit peu profond assure un bon contr\u00f4le sous les pieds sans ajouter trop d\u2019\u00e9paisseur, et le ratio largeur\/\u00e9paisseur offre le bon compromis entre stabilit\u00e9 et acc\u00e9l\u00e9ration, m\u00eame sous-toil\u00e9.<\/p>\n<\/p>\n<p class=\"MsoNormal\">Compar\u00e9e \u00e0 la FREE SURF, la FREE DOWNWIND est une planche plus stable, avec une \u00e9paisseur accrue, un nose et une car\u00e8ne plus larges, ainsi que des rails plus carr\u00e9s. L\u2019appui des pieds est l\u00e9g\u00e8rement avanc\u00e9, offrant la sensation des planches plus classiques F-ONE. Globalement, elle est con\u00e7ue pour les riders qui privil\u00e9gient la stabilit\u00e9 et les take-offs faciles, m\u00eame dans des conditions difficiles ou dans le clapot.<\/p>\n<\/p>\n<p class=\"MsoNormal\">Ce mod\u00e8le est disponible en HD Foam Carbon Composite, une construction tr\u00e8s l\u00e9g\u00e8re et rigide qui renforce la maniabilit\u00e9 et offre une sensation encore plus directe sous les pieds. Plus nerveuse au pumping, cette version carbone partage n\u00e9anmoins le m\u00eame shape et le m\u00eame programme que la version bambou.<\/p>\n<\/p>\n<p class=\"MsoNormal\">Disponible de 6\u20194\u201d au 7\u20198\u201d (85 \u00e0 124L), la ROCKET FREE DOWNWIND CARBON est une planche accessible, performante et polyvalente, que ce soit pour aller chercher des bumps au large ou partir au planing dans toutes les conditions.<\/p><\/p>\n","protected":false},"excerpt":{"rendered":"<p class=\"MsoNormal\"><i><span lang=\"en-us\" xml:lang=\"en-us\">It\u2019s all downwind from here<\/span><\/i><\/p>\n<p><i><\/i><\/p>\n<p><i><\/i><\/p>\n<p class=\"MsoNormal\"><b><span lang=\"en-us\" xml:lang=\"en-us\">\u00a0<\/span><\/b><\/p>\n<p class=\"MsoNormal\">Pens\u00e9e pour la libert\u00e9, con\u00e7ue pour la performance. La nouvelle ROCKET FREE DOWNWIND CARBON allie glisse, volume et acc\u00e9l\u00e9ration dans un shape allong\u00e9, parfaitement adapt\u00e9 aux nouvelles pratiques en plein essor comme la Pocket Wing et la K-Wing.<\/p>\n<\/p>\n<ul>\n<li class=\"MsoNormal\">Glisse\u00a0<b><span lang=\"en-us\" xml:lang=\"en-us\">maximale et take-off rapide<\/span><\/b><span><\/span><\/li>\n<li class=\"MsoNormal\"><b><span lang=\"en-us\" xml:lang=\"en-us\">Planche id\u00e9ale\u00a0<\/span><\/b><b><span>pour la pocket wing, K-Wing, ou le SUP foil<\/span><\/b><span><\/span><\/li>\n<li class=\"MsoNormal\"><b><span>Volume\u00a0<\/span><\/b><b><span>optimis\u00e9 pour la stabilit\u00e9, l&rsquo;acc\u00e9l\u00e9ration et un d\u00e9collage rapide<\/span><\/b><span><\/span><\/li>\n<li class=\"MsoNormal\"><b><span>Construction <\/span><\/b><b><span>en carbone ultra-l\u00e9g\u00e8re et rigide<\/span><\/b><span><\/span><\/li>\n<\/ul>\n","protected":false},"featured_media":28053,"comment_status":"open","ping_status":"closed","template":"","meta":[],"product_cat":[572],"product_tag":[],"class_list":{"0":"post-28054","1":"product","2":"type-product","3":"status-publish","4":"has-post-thumbnail","6":"product_cat-downwind","7":"product_brand-f-one","9":"first","10":"instock","11":"shipping-taxable","12":"purchasable","13":"product-type-variable"},"yoast_head":"<!-- This site is optimized with the Yoast SEO plugin v22.8 - https:\/\/yoast.com\/wordpress\/plugins\/seo\/ -->\n<title>ROCKET FREE DOWNWIND CARBON - Elevatesurf<\/title>\n<meta name=\"description\" content=\"Elevatesurf ROCKET FREE DOWNWIND CARBON\" \/>\n<meta name=\"robots\" content=\"index, follow, max-snippet:-1, max-image-preview:large, max-video-preview:-1\" \/>\n<link rel=\"canonical\" href=\"https:\/\/elevatesurf.ch\/fr\/product\/rocket-free-downwind-carbon\/\" \/>\n<meta property=\"og:locale\" content=\"fr_FR\" \/>\n<meta property=\"og:type\" content=\"article\" \/>\n<meta property=\"og:title\" content=\"ROCKET FREE DOWNWIND CARBON - Elevatesurf\" \/>\n<meta property=\"og:description\" content=\"Elevatesurf ROCKET FREE DOWNWIND CARBON\" \/>\n<meta property=\"og:url\" content=\"https:\/\/elevatesurf.ch\/fr\/product\/rocket-free-downwind-carbon\/\" \/>\n<meta property=\"og:site_name\" content=\"Elevatesurf\" \/>\n<meta property=\"article:modified_time\" content=\"2026-05-10T20:40:43+00:00\" \/>\n<meta name=\"twitter:card\" content=\"summary_large_image\" \/>\n<meta name=\"twitter:label1\" content=\"Dur\u00e9e de lecture estim\u00e9e\" \/>\n\t<meta name=\"twitter:data1\" content=\"2 minutes\" \/>\n<script type=\"application\/ld+json\" class=\"yoast-schema-graph\">{\"@context\":\"https:\/\/schema.org\",\"@graph\":[{\"@type\":[\"WebPage\",\"ItemPage\"],\"@id\":\"https:\/\/elevatesurf.ch\/fr\/product\/rocket-free-downwind-carbon\/\",\"url\":\"https:\/\/elevatesurf.ch\/fr\/product\/rocket-free-downwind-carbon\/\",\"name\":\"ROCKET FREE DOWNWIND CARBON - Elevatesurf\",\"isPartOf\":{\"@id\":\"https:\/\/elevatesurf.ch\/#website\"},\"primaryImageOfPage\":{\"@id\":\"https:\/\/elevatesurf.ch\/fr\/product\/rocket-free-downwind-carbon\/#primaryimage\"},\"image\":{\"@id\":\"https:\/\/elevatesurf.ch\/fr\/product\/rocket-free-downwind-carbon\/#primaryimage\"},\"thumbnailUrl\":\"https:\/\/elevatesurf.ch\/wp-content\/uploads\/2026\/05\/rocket-free-downwind-carbon.png\",\"datePublished\":\"2026-05-10T17:42:34+00:00\",\"dateModified\":\"2026-05-10T20:40:43+00:00\",\"description\":\"Elevatesurf ROCKET FREE DOWNWIND CARBON\",\"breadcrumb\":{\"@id\":\"https:\/\/elevatesurf.ch\/fr\/product\/rocket-free-downwind-carbon\/#breadcrumb\"},\"inLanguage\":\"fr-FR\",\"potentialAction\":[{\"@type\":\"ReadAction\",\"target\":[\"https:\/\/elevatesurf.ch\/fr\/product\/rocket-free-downwind-carbon\/\"]}]},{\"@type\":\"ImageObject\",\"inLanguage\":\"fr-FR\",\"@id\":\"https:\/\/elevatesurf.ch\/fr\/product\/rocket-free-downwind-carbon\/#primaryimage\",\"url\":\"https:\/\/elevatesurf.ch\/wp-content\/uploads\/2026\/05\/rocket-free-downwind-carbon.png\",\"contentUrl\":\"https:\/\/elevatesurf.ch\/wp-content\/uploads\/2026\/05\/rocket-free-downwind-carbon.png\",\"width\":2000,\"height\":2000},{\"@type\":\"BreadcrumbList\",\"@id\":\"https:\/\/elevatesurf.ch\/fr\/product\/rocket-free-downwind-carbon\/#breadcrumb\",\"itemListElement\":[{\"@type\":\"ListItem\",\"position\":1,\"name\":\"Accueil\",\"item\":\"https:\/\/elevatesurf.ch\/\"},{\"@type\":\"ListItem\",\"position\":2,\"name\":\"Shop &#8211; \u00c9levez Votre Exp\u00e9rience de Surf avec Notre Collection\",\"item\":\"https:\/\/elevatesurf.ch\/shop\/\"},{\"@type\":\"ListItem\",\"position\":3,\"name\":\"ROCKET FREE DOWNWIND CARBON\"}]},{\"@type\":\"WebSite\",\"@id\":\"https:\/\/elevatesurf.ch\/#website\",\"url\":\"https:\/\/elevatesurf.ch\/\",\"name\":\"Elevatesurf\",\"description\":\"Surfez vers de nouveaux sommets avec ElevateSurf ! Kiteshop, Wingshop\",\"publisher\":{\"@id\":\"https:\/\/elevatesurf.ch\/#organization\"},\"potentialAction\":[{\"@type\":\"SearchAction\",\"target\":{\"@type\":\"EntryPoint\",\"urlTemplate\":\"https:\/\/elevatesurf.ch\/?s={search_term_string}\"},\"query-input\":\"required name=search_term_string\"}],\"inLanguage\":\"fr-FR\"},{\"@type\":\"Organization\",\"@id\":\"https:\/\/elevatesurf.ch\/#organization\",\"name\":\"Elevatesurf\",\"url\":\"https:\/\/elevatesurf.ch\/\",\"logo\":{\"@type\":\"ImageObject\",\"inLanguage\":\"fr-FR\",\"@id\":\"https:\/\/elevatesurf.ch\/#\/schema\/logo\/image\/\",\"url\":\"https:\/\/elevatesurf.ch\/wp-content\/uploads\/2024\/06\/67c2ec70-bdf5-4c14-898a-ded5b2051398.jpg\",\"contentUrl\":\"https:\/\/elevatesurf.ch\/wp-content\/uploads\/2024\/06\/67c2ec70-bdf5-4c14-898a-ded5b2051398.jpg\",\"width\":1024,\"height\":1024,\"caption\":\"Elevatesurf\"},\"image\":{\"@id\":\"https:\/\/elevatesurf.ch\/#\/schema\/logo\/image\/\"},\"sameAs\":[\"https:\/\/www.instagram.com\/elevate__surf\/\"]}]}<\/script>\n<!-- \/ Yoast SEO plugin. -->","yoast_head_json":{"title":"ROCKET FREE DOWNWIND CARBON - Elevatesurf","description":"Elevatesurf ROCKET FREE DOWNWIND CARBON","robots":{"index":"index","follow":"follow","max-snippet":"max-snippet:-1","max-image-preview":"max-image-preview:large","max-video-preview":"max-video-preview:-1"},"canonical":"https:\/\/elevatesurf.ch\/fr\/product\/rocket-free-downwind-carbon\/","og_locale":"fr_FR","og_type":"article","og_title":"ROCKET FREE DOWNWIND CARBON - Elevatesurf","og_description":"Elevatesurf ROCKET FREE DOWNWIND CARBON","og_url":"https:\/\/elevatesurf.ch\/fr\/product\/rocket-free-downwind-carbon\/","og_site_name":"Elevatesurf","article_modified_time":"2026-05-10T20:40:43+00:00","twitter_card":"summary_large_image","twitter_misc":{"Dur\u00e9e de lecture estim\u00e9e":"2 minutes"},"schema":{"@context":"https:\/\/schema.org","@graph":[{"@type":["WebPage","ItemPage"],"@id":"https:\/\/elevatesurf.ch\/fr\/product\/rocket-free-downwind-carbon\/","url":"https:\/\/elevatesurf.ch\/fr\/product\/rocket-free-downwind-carbon\/","name":"ROCKET FREE DOWNWIND CARBON - Elevatesurf","isPartOf":{"@id":"https:\/\/elevatesurf.ch\/#website"},"primaryImageOfPage":{"@id":"https:\/\/elevatesurf.ch\/fr\/product\/rocket-free-downwind-carbon\/#primaryimage"},"image":{"@id":"https:\/\/elevatesurf.ch\/fr\/product\/rocket-free-downwind-carbon\/#primaryimage"},"thumbnailUrl":"https:\/\/elevatesurf.ch\/wp-content\/uploads\/2026\/05\/rocket-free-downwind-carbon.png","datePublished":"2026-05-10T17:42:34+00:00","dateModified":"2026-05-10T20:40:43+00:00","description":"Elevatesurf ROCKET FREE DOWNWIND CARBON","breadcrumb":{"@id":"https:\/\/elevatesurf.ch\/fr\/product\/rocket-free-downwind-carbon\/#breadcrumb"},"inLanguage":"fr-FR","potentialAction":[{"@type":"ReadAction","target":["https:\/\/elevatesurf.ch\/fr\/product\/rocket-free-downwind-carbon\/"]}]},{"@type":"ImageObject","inLanguage":"fr-FR","@id":"https:\/\/elevatesurf.ch\/fr\/product\/rocket-free-downwind-carbon\/#primaryimage","url":"https:\/\/elevatesurf.ch\/wp-content\/uploads\/2026\/05\/rocket-free-downwind-carbon.png","contentUrl":"https:\/\/elevatesurf.ch\/wp-content\/uploads\/2026\/05\/rocket-free-downwind-carbon.png","width":2000,"height":2000},{"@type":"BreadcrumbList","@id":"https:\/\/elevatesurf.ch\/fr\/product\/rocket-free-downwind-carbon\/#breadcrumb","itemListElement":[{"@type":"ListItem","position":1,"name":"Accueil","item":"https:\/\/elevatesurf.ch\/"},{"@type":"ListItem","position":2,"name":"Shop &#8211; \u00c9levez Votre Exp\u00e9rience de Surf avec Notre Collection","item":"https:\/\/elevatesurf.ch\/shop\/"},{"@type":"ListItem","position":3,"name":"ROCKET FREE DOWNWIND CARBON"}]},{"@type":"WebSite","@id":"https:\/\/elevatesurf.ch\/#website","url":"https:\/\/elevatesurf.ch\/","name":"Elevatesurf","description":"Surfez vers de nouveaux sommets avec ElevateSurf ! Kiteshop, Wingshop","publisher":{"@id":"https:\/\/elevatesurf.ch\/#organization"},"potentialAction":[{"@type":"SearchAction","target":{"@type":"EntryPoint","urlTemplate":"https:\/\/elevatesurf.ch\/?s={search_term_string}"},"query-input":"required name=search_term_string"}],"inLanguage":"fr-FR"},{"@type":"Organization","@id":"https:\/\/elevatesurf.ch\/#organization","name":"Elevatesurf","url":"https:\/\/elevatesurf.ch\/","logo":{"@type":"ImageObject","inLanguage":"fr-FR","@id":"https:\/\/elevatesurf.ch\/#\/schema\/logo\/image\/","url":"https:\/\/elevatesurf.ch\/wp-content\/uploads\/2024\/06\/67c2ec70-bdf5-4c14-898a-ded5b2051398.jpg","contentUrl":"https:\/\/elevatesurf.ch\/wp-content\/uploads\/2024\/06\/67c2ec70-bdf5-4c14-898a-ded5b2051398.jpg","width":1024,"height":1024,"caption":"Elevatesurf"},"image":{"@id":"https:\/\/elevatesurf.ch\/#\/schema\/logo\/image\/"},"sameAs":["https:\/\/www.instagram.com\/elevate__surf\/"]}]}},"_links":{"self":[{"href":"https:\/\/elevatesurf.ch\/fr\/wp-json\/wp\/v2\/product\/28054","targetHints":{"allow":["GET"]}}],"collection":[{"href":"https:\/\/elevatesurf.ch\/fr\/wp-json\/wp\/v2\/product"}],"about":[{"href":"https:\/\/elevatesurf.ch\/fr\/wp-json\/wp\/v2\/types\/product"}],"replies":[{"embeddable":true,"href":"https:\/\/elevatesurf.ch\/fr\/wp-json\/wp\/v2\/comments?post=28054"}],"wp:featuredmedia":[{"embeddable":true,"href":"https:\/\/elevatesurf.ch\/fr\/wp-json\/wp\/v2\/media\/28053"}],"wp:attachment":[{"href":"https:\/\/elevatesurf.ch\/fr\/wp-json\/wp\/v2\/media?parent=28054"}],"wp:term":[{"taxonomy":"product_cat","embeddable":true,"href":"https:\/\/elevatesurf.ch\/fr\/wp-json\/wp\/v2\/product_cat?post=28054"},{"taxonomy":"product_tag","embeddable":true,"href":"https:\/\/elevatesurf.ch\/fr\/wp-json\/wp\/v2\/product_tag?post=28054"}],"curies":[{"name":"wp","href":"https:\/\/api.w.org\/{rel}","templated":true}]}}