{"id":28104,"date":"2026-05-10T17:45:15","date_gmt":"2026-05-10T17:45:15","guid":{"rendered":"https:\/\/elevatesurf.ch\/fr\/product\/strike-6\/"},"modified":"2026-05-10T20:41:07","modified_gmt":"2026-05-10T20:41:07","slug":"strike-6","status":"publish","type":"product","link":"https:\/\/elevatesurf.ch\/fr\/product\/strike-6\/","title":{"rendered":"STRIKE 6"},"content":{"rendered":"<ul>\n<li>Tensions des tissus optimis\u00e9s pour une stabilit\u00e9 accrue sur toute la plage de vent<\/li>\n<li>Sweep Control Panel pour un contr\u00f4le optimal de la tension du bord de fuite<\/li>\n<li>Traction vers l\u2019avant am\u00e9lior\u00e9e et excellent d\u00e9part au planing<\/li>\n<li>Pumping efficace et cap facilit\u00e9<\/li>\n<li>Plage haute \u00e9largie, toujours avec un confort remarquable<\/li>\n<\/ul>\n<p>Cette sixi\u00e8me STRIKE b\u00e9n\u00e9ficie d\u2019une stabilit\u00e9 am\u00e9lior\u00e9e, d\u2019un excellent cap et d\u2019une vitesse r\u00e9guli\u00e8re. Elle gagne encore plus en traction vers l\u2019avant et en efficacit\u00e9 au pumping, \u00e9largissant sa plage haute tout en restant intuitive et confortable. Le Sweep Control Panel, conserv\u00e9 sur le bord d\u2019attaque, optimise la tension du bord de fuite et renforce la partie avant tout en contr\u00f4lant la d\u00e9formation vers l\u2019arri\u00e8re, laissant juste ce qu\u2019il faut de flex lat\u00e9ral pour le confort et le renvoi d\u2019\u00e9nergie au pumping. Sur l\u2019eau, la STRIKE impressionne par sa douceur et sa capacit\u00e9 \u00e0 travailler avec vous : chaque rafale est transform\u00e9e en propulsion efficace, avec un effort r\u00e9duit dans les bras, un cap facilit\u00e9 et un contr\u00f4le impeccable. L\u00e9g\u00e8re, stable et polyvalente, la sixi\u00e8me STRIKE excelle dans toutes les disciplines. Performante en freeride, incisive en freestyle et toujours aussi agr\u00e9able en freefly, elle s\u2019impose comme la r\u00e9f\u00e9rence pour ceux qui recherchent une wing \u00e0 la fois accessible et performante dans toutes les conditions.<\/p>\n","protected":false},"excerpt":{"rendered":"<p>Pour cette sixi\u00e8me g\u00e9n\u00e9ration, la STRIKE conserve tout ce qui a fait sa r\u00e9putation, avec un design parfaitement \u00e9quilibr\u00e9 et un travail approfondi sur les tensions du tissu pour maintenir un profil stable m\u00eame surtoil\u00e9. Ces ajustements essentiels rendent ainsi cette nouvelle STRIKE encore plus performante et facile d\u2019utilisation dans toutes les disciplines et conditions.<\/p>\n","protected":false},"featured_media":28090,"comment_status":"open","ping_status":"closed","template":"","meta":[],"product_cat":[138,139],"product_tag":[],"class_list":{"0":"post-28104","1":"product","2":"type-product","3":"status-publish","4":"has-post-thumbnail","6":"product_cat-wingfoil-suisse-acheter","7":"product_cat-wings","8":"product_brand-f-one","10":"first","11":"instock","12":"shipping-taxable","13":"purchasable","14":"product-type-variable"},"yoast_head":"<!-- This site is optimized with the Yoast SEO plugin v22.8 - https:\/\/yoast.com\/wordpress\/plugins\/seo\/ -->\n<title>STRIKE 6 - Elevatesurf<\/title>\n<meta name=\"description\" content=\"Elevatesurf STRIKE 6\" \/>\n<meta name=\"robots\" content=\"index, follow, max-snippet:-1, max-image-preview:large, max-video-preview:-1\" \/>\n<link rel=\"canonical\" href=\"https:\/\/elevatesurf.ch\/fr\/product\/strike-6\/\" \/>\n<meta property=\"og:locale\" content=\"fr_FR\" \/>\n<meta property=\"og:type\" content=\"article\" \/>\n<meta property=\"og:title\" content=\"STRIKE 6 - Elevatesurf\" \/>\n<meta property=\"og:description\" content=\"Elevatesurf STRIKE 6\" \/>\n<meta property=\"og:url\" content=\"https:\/\/elevatesurf.ch\/fr\/product\/strike-6\/\" \/>\n<meta property=\"og:site_name\" content=\"Elevatesurf\" \/>\n<meta property=\"article:modified_time\" content=\"2026-05-10T20:41:07+00:00\" \/>\n<meta name=\"twitter:card\" content=\"summary_large_image\" \/>\n<meta name=\"twitter:label1\" content=\"Dur\u00e9e de lecture estim\u00e9e\" \/>\n\t<meta name=\"twitter:data1\" content=\"1 minute\" \/>\n<script type=\"application\/ld+json\" class=\"yoast-schema-graph\">{\"@context\":\"https:\/\/schema.org\",\"@graph\":[{\"@type\":[\"WebPage\",\"ItemPage\"],\"@id\":\"https:\/\/elevatesurf.ch\/fr\/product\/strike-6\/\",\"url\":\"https:\/\/elevatesurf.ch\/fr\/product\/strike-6\/\",\"name\":\"STRIKE 6 - Elevatesurf\",\"isPartOf\":{\"@id\":\"https:\/\/elevatesurf.ch\/#website\"},\"primaryImageOfPage\":{\"@id\":\"https:\/\/elevatesurf.ch\/fr\/product\/strike-6\/#primaryimage\"},\"image\":{\"@id\":\"https:\/\/elevatesurf.ch\/fr\/product\/strike-6\/#primaryimage\"},\"thumbnailUrl\":\"https:\/\/elevatesurf.ch\/wp-content\/uploads\/2026\/05\/strike-6.png\",\"datePublished\":\"2026-05-10T17:45:15+00:00\",\"dateModified\":\"2026-05-10T20:41:07+00:00\",\"description\":\"Elevatesurf STRIKE 6\",\"breadcrumb\":{\"@id\":\"https:\/\/elevatesurf.ch\/fr\/product\/strike-6\/#breadcrumb\"},\"inLanguage\":\"fr-FR\",\"potentialAction\":[{\"@type\":\"ReadAction\",\"target\":[\"https:\/\/elevatesurf.ch\/fr\/product\/strike-6\/\"]}]},{\"@type\":\"ImageObject\",\"inLanguage\":\"fr-FR\",\"@id\":\"https:\/\/elevatesurf.ch\/fr\/product\/strike-6\/#primaryimage\",\"url\":\"https:\/\/elevatesurf.ch\/wp-content\/uploads\/2026\/05\/strike-6.png\",\"contentUrl\":\"https:\/\/elevatesurf.ch\/wp-content\/uploads\/2026\/05\/strike-6.png\",\"width\":1920,\"height\":1080},{\"@type\":\"BreadcrumbList\",\"@id\":\"https:\/\/elevatesurf.ch\/fr\/product\/strike-6\/#breadcrumb\",\"itemListElement\":[{\"@type\":\"ListItem\",\"position\":1,\"name\":\"Accueil\",\"item\":\"https:\/\/elevatesurf.ch\/\"},{\"@type\":\"ListItem\",\"position\":2,\"name\":\"Shop &#8211; \u00c9levez Votre Exp\u00e9rience de Surf avec Notre Collection\",\"item\":\"https:\/\/elevatesurf.ch\/shop\/\"},{\"@type\":\"ListItem\",\"position\":3,\"name\":\"STRIKE 6\"}]},{\"@type\":\"WebSite\",\"@id\":\"https:\/\/elevatesurf.ch\/#website\",\"url\":\"https:\/\/elevatesurf.ch\/\",\"name\":\"Elevatesurf\",\"description\":\"Surfez vers de nouveaux sommets avec ElevateSurf ! Kiteshop, Wingshop\",\"publisher\":{\"@id\":\"https:\/\/elevatesurf.ch\/#organization\"},\"potentialAction\":[{\"@type\":\"SearchAction\",\"target\":{\"@type\":\"EntryPoint\",\"urlTemplate\":\"https:\/\/elevatesurf.ch\/?s={search_term_string}\"},\"query-input\":\"required name=search_term_string\"}],\"inLanguage\":\"fr-FR\"},{\"@type\":\"Organization\",\"@id\":\"https:\/\/elevatesurf.ch\/#organization\",\"name\":\"Elevatesurf\",\"url\":\"https:\/\/elevatesurf.ch\/\",\"logo\":{\"@type\":\"ImageObject\",\"inLanguage\":\"fr-FR\",\"@id\":\"https:\/\/elevatesurf.ch\/#\/schema\/logo\/image\/\",\"url\":\"https:\/\/elevatesurf.ch\/wp-content\/uploads\/2024\/06\/67c2ec70-bdf5-4c14-898a-ded5b2051398.jpg\",\"contentUrl\":\"https:\/\/elevatesurf.ch\/wp-content\/uploads\/2024\/06\/67c2ec70-bdf5-4c14-898a-ded5b2051398.jpg\",\"width\":1024,\"height\":1024,\"caption\":\"Elevatesurf\"},\"image\":{\"@id\":\"https:\/\/elevatesurf.ch\/#\/schema\/logo\/image\/\"},\"sameAs\":[\"https:\/\/www.instagram.com\/elevate__surf\/\"]}]}<\/script>\n<!-- \/ Yoast SEO plugin. -->","yoast_head_json":{"title":"STRIKE 6 - Elevatesurf","description":"Elevatesurf STRIKE 6","robots":{"index":"index","follow":"follow","max-snippet":"max-snippet:-1","max-image-preview":"max-image-preview:large","max-video-preview":"max-video-preview:-1"},"canonical":"https:\/\/elevatesurf.ch\/fr\/product\/strike-6\/","og_locale":"fr_FR","og_type":"article","og_title":"STRIKE 6 - Elevatesurf","og_description":"Elevatesurf STRIKE 6","og_url":"https:\/\/elevatesurf.ch\/fr\/product\/strike-6\/","og_site_name":"Elevatesurf","article_modified_time":"2026-05-10T20:41:07+00:00","twitter_card":"summary_large_image","twitter_misc":{"Dur\u00e9e de lecture estim\u00e9e":"1 minute"},"schema":{"@context":"https:\/\/schema.org","@graph":[{"@type":["WebPage","ItemPage"],"@id":"https:\/\/elevatesurf.ch\/fr\/product\/strike-6\/","url":"https:\/\/elevatesurf.ch\/fr\/product\/strike-6\/","name":"STRIKE 6 - Elevatesurf","isPartOf":{"@id":"https:\/\/elevatesurf.ch\/#website"},"primaryImageOfPage":{"@id":"https:\/\/elevatesurf.ch\/fr\/product\/strike-6\/#primaryimage"},"image":{"@id":"https:\/\/elevatesurf.ch\/fr\/product\/strike-6\/#primaryimage"},"thumbnailUrl":"https:\/\/elevatesurf.ch\/wp-content\/uploads\/2026\/05\/strike-6.png","datePublished":"2026-05-10T17:45:15+00:00","dateModified":"2026-05-10T20:41:07+00:00","description":"Elevatesurf STRIKE 6","breadcrumb":{"@id":"https:\/\/elevatesurf.ch\/fr\/product\/strike-6\/#breadcrumb"},"inLanguage":"fr-FR","potentialAction":[{"@type":"ReadAction","target":["https:\/\/elevatesurf.ch\/fr\/product\/strike-6\/"]}]},{"@type":"ImageObject","inLanguage":"fr-FR","@id":"https:\/\/elevatesurf.ch\/fr\/product\/strike-6\/#primaryimage","url":"https:\/\/elevatesurf.ch\/wp-content\/uploads\/2026\/05\/strike-6.png","contentUrl":"https:\/\/elevatesurf.ch\/wp-content\/uploads\/2026\/05\/strike-6.png","width":1920,"height":1080},{"@type":"BreadcrumbList","@id":"https:\/\/elevatesurf.ch\/fr\/product\/strike-6\/#breadcrumb","itemListElement":[{"@type":"ListItem","position":1,"name":"Accueil","item":"https:\/\/elevatesurf.ch\/"},{"@type":"ListItem","position":2,"name":"Shop &#8211; \u00c9levez Votre Exp\u00e9rience de Surf avec Notre Collection","item":"https:\/\/elevatesurf.ch\/shop\/"},{"@type":"ListItem","position":3,"name":"STRIKE 6"}]},{"@type":"WebSite","@id":"https:\/\/elevatesurf.ch\/#website","url":"https:\/\/elevatesurf.ch\/","name":"Elevatesurf","description":"Surfez vers de nouveaux sommets avec ElevateSurf ! Kiteshop, Wingshop","publisher":{"@id":"https:\/\/elevatesurf.ch\/#organization"},"potentialAction":[{"@type":"SearchAction","target":{"@type":"EntryPoint","urlTemplate":"https:\/\/elevatesurf.ch\/?s={search_term_string}"},"query-input":"required name=search_term_string"}],"inLanguage":"fr-FR"},{"@type":"Organization","@id":"https:\/\/elevatesurf.ch\/#organization","name":"Elevatesurf","url":"https:\/\/elevatesurf.ch\/","logo":{"@type":"ImageObject","inLanguage":"fr-FR","@id":"https:\/\/elevatesurf.ch\/#\/schema\/logo\/image\/","url":"https:\/\/elevatesurf.ch\/wp-content\/uploads\/2024\/06\/67c2ec70-bdf5-4c14-898a-ded5b2051398.jpg","contentUrl":"https:\/\/elevatesurf.ch\/wp-content\/uploads\/2024\/06\/67c2ec70-bdf5-4c14-898a-ded5b2051398.jpg","width":1024,"height":1024,"caption":"Elevatesurf"},"image":{"@id":"https:\/\/elevatesurf.ch\/#\/schema\/logo\/image\/"},"sameAs":["https:\/\/www.instagram.com\/elevate__surf\/"]}]}},"_links":{"self":[{"href":"https:\/\/elevatesurf.ch\/fr\/wp-json\/wp\/v2\/product\/28104","targetHints":{"allow":["GET"]}}],"collection":[{"href":"https:\/\/elevatesurf.ch\/fr\/wp-json\/wp\/v2\/product"}],"about":[{"href":"https:\/\/elevatesurf.ch\/fr\/wp-json\/wp\/v2\/types\/product"}],"replies":[{"embeddable":true,"href":"https:\/\/elevatesurf.ch\/fr\/wp-json\/wp\/v2\/comments?post=28104"}],"wp:featuredmedia":[{"embeddable":true,"href":"https:\/\/elevatesurf.ch\/fr\/wp-json\/wp\/v2\/media\/28090"}],"wp:attachment":[{"href":"https:\/\/elevatesurf.ch\/fr\/wp-json\/wp\/v2\/media?parent=28104"}],"wp:term":[{"taxonomy":"product_cat","embeddable":true,"href":"https:\/\/elevatesurf.ch\/fr\/wp-json\/wp\/v2\/product_cat?post=28104"},{"taxonomy":"product_tag","embeddable":true,"href":"https:\/\/elevatesurf.ch\/fr\/wp-json\/wp\/v2\/product_tag?post=28104"}],"curies":[{"name":"wp","href":"https:\/\/api.w.org\/{rel}","templated":true}]}}