{"id":28126,"date":"2026-05-10T17:46:08","date_gmt":"2026-05-10T17:46:08","guid":{"rendered":"https:\/\/elevatesurf.ch\/fr\/product\/plane-phantom-carbon-980-monobloc-xxs-200-carving\/"},"modified":"2026-05-10T20:41:15","modified_gmt":"2026-05-10T20:41:15","slug":"plane-phantom-carbon-980-monobloc-xxs-200-carving","status":"publish","type":"product","link":"https:\/\/elevatesurf.ch\/fr\/product\/plane-phantom-carbon-980-monobloc-xxs-200-carving\/","title":{"rendered":"PLANE PHANTOM CARBON 980 (MONOBLOC XXS 200 CARVING)"},"content":{"rendered":"<p>Connecter les vagues, que ce soit en wing, en surf ou en downwind, est facile et agr\u00e9able avec le foil PHANTOM CARBON. Cependant, aller vite ou connecter des dizaines de vagues sans avoir la man\u0153uvrabilit\u00e9 pour pouvoir surfer n\u2019aurait que peu d\u2019int\u00e9r\u00eat. C\u2019est pourquoi le carving fait aussi partie de son ADN. Gr\u00e2ce \u00e0 un travail sur la r\u00e9partition de la portance, la forme du lobe et d\u2019autres d\u00e9tails, le PHANTOM est un foil performant qui permet de tracer de belles courbes sur les vagues et dans la houle.<\/p>\n<p>La gamme PHANTOM CARBON est bien \u00e9quilibr\u00e9e avec beaucoup de potentiel, et satisfera une grande vari\u00e9t\u00e9 de riders gr\u00e2ce \u00e0 son large choix de tailles. Si vous recherchez une belle glisse, un bon d\u00e9part au planing, et un carving incroyable, ces foils sont faits pour vous.<\/p>\n<p>La PHANTOM 980 est notre nouvelle taille. C\u2019est un foil qui vous permettra de passer au niveau sup\u00e9rieur dans votre pratique du surf foil ou du wing foil. Atteignez de nouvelles sensations tout en conservant de bonnes capacit\u00e9s de carving et de pumping.<\/p>\n<p>Fabriqu\u00e9 en carbone pr\u00e9-preg avec la structure Monobloc, le foil est \u00e0 la fois tr\u00e8s l\u00e9ger et r\u00e9sistant. Cette configuration offre une meilleure transmission de la charge et une meilleure rigidit\u00e9 \u00e0 travers les diff\u00e9rentes parties pour un contr\u00f4le maximum. La connexion TITAN permet de raccorder un m\u00e2t en aluminium ou en carbone, et le fuselage est divis\u00e9 en deux parties pour faciliter le transport.<\/p>\n","protected":false},"excerpt":{"rendered":"<p>Les foils de la ligne PHANTOM sont con\u00e7us pour glisser sans effort et connecter plusieurs vagues tout en se montrant pr\u00e9cis et agiles une fois dans le surf ou en wing.<\/p>\n<p>Vitesse et glisse<\/p>\n<p>Permet d\u2019effectuer des courbes serr\u00e9s et un carving habile<\/p>\n<p>Pumping et d\u00e9part au planing efficaces<\/p>\n<p>Incroyables aptitudes en freestyle<\/p>\n<p>Disponible en 980 cm\u00b2\/1080 cm\u00b2 \/ 1280 cm\u00b2 \/ 1480 cm\u00b2 \/ 1780 cm\u00b2<\/p>\n","protected":false},"featured_media":28123,"comment_status":"open","ping_status":"closed","template":"","meta":[],"product_cat":[1040,1046],"product_tag":[],"class_list":{"0":"post-28126","1":"product","2":"type-product","3":"status-publish","4":"has-post-thumbnail","6":"product_cat-foil","7":"product_cat-plane","8":"product_brand-f-one","10":"first","11":"instock","12":"shipping-taxable","13":"purchasable","14":"product-type-simple"},"yoast_head":"<!-- This site is optimized with the Yoast SEO plugin v22.8 - https:\/\/yoast.com\/wordpress\/plugins\/seo\/ -->\n<title>PLANE PHANTOM CARBON 980 (MONOBLOC XXS 200 CARVING) - Elevatesurf<\/title>\n<meta name=\"description\" content=\"Elevatesurf PLANE PHANTOM CARBON 980 (MONOBLOC XXS 200 CARVING)\" \/>\n<meta name=\"robots\" content=\"index, follow, max-snippet:-1, max-image-preview:large, max-video-preview:-1\" \/>\n<link rel=\"canonical\" href=\"https:\/\/elevatesurf.ch\/fr\/product\/plane-phantom-carbon-980-monobloc-xxs-200-carving\/\" \/>\n<meta property=\"og:locale\" content=\"fr_FR\" \/>\n<meta property=\"og:type\" content=\"article\" \/>\n<meta property=\"og:title\" content=\"PLANE PHANTOM CARBON 980 (MONOBLOC XXS 200 CARVING) - Elevatesurf\" \/>\n<meta property=\"og:description\" content=\"Elevatesurf PLANE PHANTOM CARBON 980 (MONOBLOC XXS 200 CARVING)\" \/>\n<meta property=\"og:url\" content=\"https:\/\/elevatesurf.ch\/fr\/product\/plane-phantom-carbon-980-monobloc-xxs-200-carving\/\" \/>\n<meta property=\"og:site_name\" content=\"Elevatesurf\" \/>\n<meta property=\"article:modified_time\" content=\"2026-05-10T20:41:15+00:00\" \/>\n<meta name=\"twitter:card\" content=\"summary_large_image\" \/>\n<meta name=\"twitter:label1\" content=\"Dur\u00e9e de lecture estim\u00e9e\" \/>\n\t<meta name=\"twitter:data1\" content=\"1 minute\" \/>\n<script type=\"application\/ld+json\" class=\"yoast-schema-graph\">{\"@context\":\"https:\/\/schema.org\",\"@graph\":[{\"@type\":[\"WebPage\",\"ItemPage\"],\"@id\":\"https:\/\/elevatesurf.ch\/fr\/product\/plane-phantom-carbon-980-monobloc-xxs-200-carving\/\",\"url\":\"https:\/\/elevatesurf.ch\/fr\/product\/plane-phantom-carbon-980-monobloc-xxs-200-carving\/\",\"name\":\"PLANE PHANTOM CARBON 980 (MONOBLOC XXS 200 CARVING) - Elevatesurf\",\"isPartOf\":{\"@id\":\"https:\/\/elevatesurf.ch\/#website\"},\"primaryImageOfPage\":{\"@id\":\"https:\/\/elevatesurf.ch\/fr\/product\/plane-phantom-carbon-980-monobloc-xxs-200-carving\/#primaryimage\"},\"image\":{\"@id\":\"https:\/\/elevatesurf.ch\/fr\/product\/plane-phantom-carbon-980-monobloc-xxs-200-carving\/#primaryimage\"},\"thumbnailUrl\":\"https:\/\/elevatesurf.ch\/wp-content\/uploads\/2026\/05\/plane-phantom-carbon-980-monobloc-xxs-200-carving.png\",\"datePublished\":\"2026-05-10T17:46:08+00:00\",\"dateModified\":\"2026-05-10T20:41:15+00:00\",\"description\":\"Elevatesurf PLANE PHANTOM CARBON 980 (MONOBLOC XXS 200 CARVING)\",\"breadcrumb\":{\"@id\":\"https:\/\/elevatesurf.ch\/fr\/product\/plane-phantom-carbon-980-monobloc-xxs-200-carving\/#breadcrumb\"},\"inLanguage\":\"fr-FR\",\"potentialAction\":[{\"@type\":\"ReadAction\",\"target\":[\"https:\/\/elevatesurf.ch\/fr\/product\/plane-phantom-carbon-980-monobloc-xxs-200-carving\/\"]}]},{\"@type\":\"ImageObject\",\"inLanguage\":\"fr-FR\",\"@id\":\"https:\/\/elevatesurf.ch\/fr\/product\/plane-phantom-carbon-980-monobloc-xxs-200-carving\/#primaryimage\",\"url\":\"https:\/\/elevatesurf.ch\/wp-content\/uploads\/2026\/05\/plane-phantom-carbon-980-monobloc-xxs-200-carving.png\",\"contentUrl\":\"https:\/\/elevatesurf.ch\/wp-content\/uploads\/2026\/05\/plane-phantom-carbon-980-monobloc-xxs-200-carving.png\",\"width\":2000,\"height\":2000},{\"@type\":\"BreadcrumbList\",\"@id\":\"https:\/\/elevatesurf.ch\/fr\/product\/plane-phantom-carbon-980-monobloc-xxs-200-carving\/#breadcrumb\",\"itemListElement\":[{\"@type\":\"ListItem\",\"position\":1,\"name\":\"Accueil\",\"item\":\"https:\/\/elevatesurf.ch\/\"},{\"@type\":\"ListItem\",\"position\":2,\"name\":\"Shop &#8211; \u00c9levez Votre Exp\u00e9rience de Surf avec Notre Collection\",\"item\":\"https:\/\/elevatesurf.ch\/shop\/\"},{\"@type\":\"ListItem\",\"position\":3,\"name\":\"PLANE PHANTOM CARBON 980 (MONOBLOC XXS 200 CARVING)\"}]},{\"@type\":\"WebSite\",\"@id\":\"https:\/\/elevatesurf.ch\/#website\",\"url\":\"https:\/\/elevatesurf.ch\/\",\"name\":\"Elevatesurf\",\"description\":\"Surfez vers de nouveaux sommets avec ElevateSurf ! Kiteshop, Wingshop\",\"publisher\":{\"@id\":\"https:\/\/elevatesurf.ch\/#organization\"},\"potentialAction\":[{\"@type\":\"SearchAction\",\"target\":{\"@type\":\"EntryPoint\",\"urlTemplate\":\"https:\/\/elevatesurf.ch\/?s={search_term_string}\"},\"query-input\":\"required name=search_term_string\"}],\"inLanguage\":\"fr-FR\"},{\"@type\":\"Organization\",\"@id\":\"https:\/\/elevatesurf.ch\/#organization\",\"name\":\"Elevatesurf\",\"url\":\"https:\/\/elevatesurf.ch\/\",\"logo\":{\"@type\":\"ImageObject\",\"inLanguage\":\"fr-FR\",\"@id\":\"https:\/\/elevatesurf.ch\/#\/schema\/logo\/image\/\",\"url\":\"https:\/\/elevatesurf.ch\/wp-content\/uploads\/2024\/06\/67c2ec70-bdf5-4c14-898a-ded5b2051398.jpg\",\"contentUrl\":\"https:\/\/elevatesurf.ch\/wp-content\/uploads\/2024\/06\/67c2ec70-bdf5-4c14-898a-ded5b2051398.jpg\",\"width\":1024,\"height\":1024,\"caption\":\"Elevatesurf\"},\"image\":{\"@id\":\"https:\/\/elevatesurf.ch\/#\/schema\/logo\/image\/\"},\"sameAs\":[\"https:\/\/www.instagram.com\/elevate__surf\/\"]}]}<\/script>\n<!-- \/ Yoast SEO plugin. -->","yoast_head_json":{"title":"PLANE PHANTOM CARBON 980 (MONOBLOC XXS 200 CARVING) - Elevatesurf","description":"Elevatesurf PLANE PHANTOM CARBON 980 (MONOBLOC XXS 200 CARVING)","robots":{"index":"index","follow":"follow","max-snippet":"max-snippet:-1","max-image-preview":"max-image-preview:large","max-video-preview":"max-video-preview:-1"},"canonical":"https:\/\/elevatesurf.ch\/fr\/product\/plane-phantom-carbon-980-monobloc-xxs-200-carving\/","og_locale":"fr_FR","og_type":"article","og_title":"PLANE PHANTOM CARBON 980 (MONOBLOC XXS 200 CARVING) - Elevatesurf","og_description":"Elevatesurf PLANE PHANTOM CARBON 980 (MONOBLOC XXS 200 CARVING)","og_url":"https:\/\/elevatesurf.ch\/fr\/product\/plane-phantom-carbon-980-monobloc-xxs-200-carving\/","og_site_name":"Elevatesurf","article_modified_time":"2026-05-10T20:41:15+00:00","twitter_card":"summary_large_image","twitter_misc":{"Dur\u00e9e de lecture estim\u00e9e":"1 minute"},"schema":{"@context":"https:\/\/schema.org","@graph":[{"@type":["WebPage","ItemPage"],"@id":"https:\/\/elevatesurf.ch\/fr\/product\/plane-phantom-carbon-980-monobloc-xxs-200-carving\/","url":"https:\/\/elevatesurf.ch\/fr\/product\/plane-phantom-carbon-980-monobloc-xxs-200-carving\/","name":"PLANE PHANTOM CARBON 980 (MONOBLOC XXS 200 CARVING) - Elevatesurf","isPartOf":{"@id":"https:\/\/elevatesurf.ch\/#website"},"primaryImageOfPage":{"@id":"https:\/\/elevatesurf.ch\/fr\/product\/plane-phantom-carbon-980-monobloc-xxs-200-carving\/#primaryimage"},"image":{"@id":"https:\/\/elevatesurf.ch\/fr\/product\/plane-phantom-carbon-980-monobloc-xxs-200-carving\/#primaryimage"},"thumbnailUrl":"https:\/\/elevatesurf.ch\/wp-content\/uploads\/2026\/05\/plane-phantom-carbon-980-monobloc-xxs-200-carving.png","datePublished":"2026-05-10T17:46:08+00:00","dateModified":"2026-05-10T20:41:15+00:00","description":"Elevatesurf PLANE PHANTOM CARBON 980 (MONOBLOC XXS 200 CARVING)","breadcrumb":{"@id":"https:\/\/elevatesurf.ch\/fr\/product\/plane-phantom-carbon-980-monobloc-xxs-200-carving\/#breadcrumb"},"inLanguage":"fr-FR","potentialAction":[{"@type":"ReadAction","target":["https:\/\/elevatesurf.ch\/fr\/product\/plane-phantom-carbon-980-monobloc-xxs-200-carving\/"]}]},{"@type":"ImageObject","inLanguage":"fr-FR","@id":"https:\/\/elevatesurf.ch\/fr\/product\/plane-phantom-carbon-980-monobloc-xxs-200-carving\/#primaryimage","url":"https:\/\/elevatesurf.ch\/wp-content\/uploads\/2026\/05\/plane-phantom-carbon-980-monobloc-xxs-200-carving.png","contentUrl":"https:\/\/elevatesurf.ch\/wp-content\/uploads\/2026\/05\/plane-phantom-carbon-980-monobloc-xxs-200-carving.png","width":2000,"height":2000},{"@type":"BreadcrumbList","@id":"https:\/\/elevatesurf.ch\/fr\/product\/plane-phantom-carbon-980-monobloc-xxs-200-carving\/#breadcrumb","itemListElement":[{"@type":"ListItem","position":1,"name":"Accueil","item":"https:\/\/elevatesurf.ch\/"},{"@type":"ListItem","position":2,"name":"Shop &#8211; \u00c9levez Votre Exp\u00e9rience de Surf avec Notre Collection","item":"https:\/\/elevatesurf.ch\/shop\/"},{"@type":"ListItem","position":3,"name":"PLANE PHANTOM CARBON 980 (MONOBLOC XXS 200 CARVING)"}]},{"@type":"WebSite","@id":"https:\/\/elevatesurf.ch\/#website","url":"https:\/\/elevatesurf.ch\/","name":"Elevatesurf","description":"Surfez vers de nouveaux sommets avec ElevateSurf ! Kiteshop, Wingshop","publisher":{"@id":"https:\/\/elevatesurf.ch\/#organization"},"potentialAction":[{"@type":"SearchAction","target":{"@type":"EntryPoint","urlTemplate":"https:\/\/elevatesurf.ch\/?s={search_term_string}"},"query-input":"required name=search_term_string"}],"inLanguage":"fr-FR"},{"@type":"Organization","@id":"https:\/\/elevatesurf.ch\/#organization","name":"Elevatesurf","url":"https:\/\/elevatesurf.ch\/","logo":{"@type":"ImageObject","inLanguage":"fr-FR","@id":"https:\/\/elevatesurf.ch\/#\/schema\/logo\/image\/","url":"https:\/\/elevatesurf.ch\/wp-content\/uploads\/2024\/06\/67c2ec70-bdf5-4c14-898a-ded5b2051398.jpg","contentUrl":"https:\/\/elevatesurf.ch\/wp-content\/uploads\/2024\/06\/67c2ec70-bdf5-4c14-898a-ded5b2051398.jpg","width":1024,"height":1024,"caption":"Elevatesurf"},"image":{"@id":"https:\/\/elevatesurf.ch\/#\/schema\/logo\/image\/"},"sameAs":["https:\/\/www.instagram.com\/elevate__surf\/"]}]}},"_links":{"self":[{"href":"https:\/\/elevatesurf.ch\/fr\/wp-json\/wp\/v2\/product\/28126","targetHints":{"allow":["GET"]}}],"collection":[{"href":"https:\/\/elevatesurf.ch\/fr\/wp-json\/wp\/v2\/product"}],"about":[{"href":"https:\/\/elevatesurf.ch\/fr\/wp-json\/wp\/v2\/types\/product"}],"replies":[{"embeddable":true,"href":"https:\/\/elevatesurf.ch\/fr\/wp-json\/wp\/v2\/comments?post=28126"}],"wp:featuredmedia":[{"embeddable":true,"href":"https:\/\/elevatesurf.ch\/fr\/wp-json\/wp\/v2\/media\/28123"}],"wp:attachment":[{"href":"https:\/\/elevatesurf.ch\/fr\/wp-json\/wp\/v2\/media?parent=28126"}],"wp:term":[{"taxonomy":"product_cat","embeddable":true,"href":"https:\/\/elevatesurf.ch\/fr\/wp-json\/wp\/v2\/product_cat?post=28126"},{"taxonomy":"product_tag","embeddable":true,"href":"https:\/\/elevatesurf.ch\/fr\/wp-json\/wp\/v2\/product_tag?post=28126"}],"curies":[{"name":"wp","href":"https:\/\/api.w.org\/{rel}","templated":true}]}}