{"id":28138,"date":"2026-05-10T17:46:48","date_gmt":"2026-05-10T17:46:48","guid":{"rendered":"https:\/\/elevatesurf.ch\/fr\/product\/tail-carving-158-xs\/"},"modified":"2026-05-10T20:41:15","modified_gmt":"2026-05-10T20:41:15","slug":"tail-carving-158-xs","status":"publish","type":"product","link":"https:\/\/elevatesurf.ch\/fr\/product\/tail-carving-158-xs\/","title":{"rendered":"TAIL CARVING 158 XS"},"content":{"rendered":"<p>Con\u00e7u pour exceller dans chaque virage et chaque transition, ce Monobloc Tail offre l&rsquo;efficacit\u00e9 au pumping et le feeling plus joueur et \u00ab loose \u00bb de la premi\u00e8re gamme Carving, avec en plus la stabilit\u00e9, le contr\u00f4le \u00e0 grande vitesse et le confort de la gamme Carving W. Elle permet un pumping facile et rapide sur le plat, tandis que sa glisse est parfaite pour vous permettre de maintenir votre vitesse et de surfer sans effort.<\/p>\n<p>Le nouveau profil offre une maniabilit\u00e9 et une glisse am\u00e9lior\u00e9es, vous donnant la confiance n\u00e9cessaire pour pousser plus fort, carver plus serr\u00e9 et rider plus vite, m\u00eame dans des conditions puissantes.<\/p>\n<p>Le fuselage plus long augmente la stabilit\u00e9 en pitch, vous permettant d\u2019appuyer dans les turns. Leur surface r\u00e9duite contribue \u00e9galement \u00e0 gagner en vitesse, r\u00e9activit\u00e9 et maniabilit\u00e9, ce qui permet de mieux carver et de rester dans le creux de la vague.<\/p>\n<p>Du wing foil au surf foil en passant par la K-Wing et la pocket wing, le nouveau Monobloc Tail Carving offre le m\u00e9lange parfait entre maniabilit\u00e9, contr\u00f4le, r\u00e9activit\u00e9 et plaisir. Un design vraiment polyvalent pour les riders qui veulent tout, dans toutes les sessions et toutes les conditions.<\/p>\n","protected":false},"excerpt":{"rendered":"<p>La nouvelle gamme Monobloc Tail Carving r\u00e9unit le meilleur des gammes Carving et Carving W dans un seul Monobloc Tail retravaill\u00e9, plus polyvalent et plus performant. Avec un outline revu, ce Monobloc Tail offre une maniabilit\u00e9 et vitesse exceptionnelles, un pumping efficace et des virages serr\u00e9s.<\/p>\n<ul>\n<li>Outline retravaill\u00e9 pour une meilleure glisse et une meilleure maniabilit\u00e9<\/li>\n<li>Super \u00e9quilibre entre le pied avant et le pied arri\u00e8re pour plus de confort et des carves plus appuy\u00e9s<\/li>\n<li>Pumping rapide et efficace<\/li>\n<li>Grande portance, stabilit\u00e9, et des turns plus r\u00e9actifs<\/li>\n<\/ul>\n","protected":false},"featured_media":28135,"comment_status":"open","ping_status":"closed","template":"","meta":[],"product_cat":[1040,1043],"product_tag":[],"class_list":{"0":"post-28138","1":"product","2":"type-product","3":"status-publish","4":"has-post-thumbnail","6":"product_cat-foil","7":"product_cat-monoblocs","8":"product_brand-f-one","10":"first","11":"outofstock","12":"shipping-taxable","13":"purchasable","14":"product-type-simple"},"yoast_head":"<!-- This site is optimized with the Yoast SEO plugin v22.8 - https:\/\/yoast.com\/wordpress\/plugins\/seo\/ -->\n<title>TAIL CARVING 158 XS - Elevatesurf<\/title>\n<meta name=\"description\" content=\"Elevatesurf TAIL CARVING 158 XS\" \/>\n<meta name=\"robots\" content=\"index, follow, max-snippet:-1, max-image-preview:large, max-video-preview:-1\" \/>\n<link rel=\"canonical\" href=\"https:\/\/elevatesurf.ch\/fr\/product\/tail-carving-158-xs\/\" \/>\n<meta property=\"og:locale\" content=\"fr_FR\" \/>\n<meta property=\"og:type\" content=\"article\" \/>\n<meta property=\"og:title\" content=\"TAIL CARVING 158 XS - Elevatesurf\" \/>\n<meta property=\"og:description\" content=\"Elevatesurf TAIL CARVING 158 XS\" \/>\n<meta property=\"og:url\" content=\"https:\/\/elevatesurf.ch\/fr\/product\/tail-carving-158-xs\/\" \/>\n<meta property=\"og:site_name\" content=\"Elevatesurf\" \/>\n<meta property=\"article:modified_time\" content=\"2026-05-10T20:41:15+00:00\" \/>\n<meta name=\"twitter:card\" content=\"summary_large_image\" \/>\n<meta name=\"twitter:label1\" content=\"Dur\u00e9e de lecture estim\u00e9e\" \/>\n\t<meta name=\"twitter:data1\" content=\"1 minute\" \/>\n<script type=\"application\/ld+json\" class=\"yoast-schema-graph\">{\"@context\":\"https:\/\/schema.org\",\"@graph\":[{\"@type\":[\"WebPage\",\"ItemPage\"],\"@id\":\"https:\/\/elevatesurf.ch\/fr\/product\/tail-carving-158-xs\/\",\"url\":\"https:\/\/elevatesurf.ch\/fr\/product\/tail-carving-158-xs\/\",\"name\":\"TAIL CARVING 158 XS - Elevatesurf\",\"isPartOf\":{\"@id\":\"https:\/\/elevatesurf.ch\/#website\"},\"primaryImageOfPage\":{\"@id\":\"https:\/\/elevatesurf.ch\/fr\/product\/tail-carving-158-xs\/#primaryimage\"},\"image\":{\"@id\":\"https:\/\/elevatesurf.ch\/fr\/product\/tail-carving-158-xs\/#primaryimage\"},\"thumbnailUrl\":\"https:\/\/elevatesurf.ch\/wp-content\/uploads\/2026\/05\/tail-carving-158-xs.png\",\"datePublished\":\"2026-05-10T17:46:48+00:00\",\"dateModified\":\"2026-05-10T20:41:15+00:00\",\"description\":\"Elevatesurf TAIL CARVING 158 XS\",\"breadcrumb\":{\"@id\":\"https:\/\/elevatesurf.ch\/fr\/product\/tail-carving-158-xs\/#breadcrumb\"},\"inLanguage\":\"fr-FR\",\"potentialAction\":[{\"@type\":\"ReadAction\",\"target\":[\"https:\/\/elevatesurf.ch\/fr\/product\/tail-carving-158-xs\/\"]}]},{\"@type\":\"ImageObject\",\"inLanguage\":\"fr-FR\",\"@id\":\"https:\/\/elevatesurf.ch\/fr\/product\/tail-carving-158-xs\/#primaryimage\",\"url\":\"https:\/\/elevatesurf.ch\/wp-content\/uploads\/2026\/05\/tail-carving-158-xs.png\",\"contentUrl\":\"https:\/\/elevatesurf.ch\/wp-content\/uploads\/2026\/05\/tail-carving-158-xs.png\",\"width\":2000,\"height\":2000},{\"@type\":\"BreadcrumbList\",\"@id\":\"https:\/\/elevatesurf.ch\/fr\/product\/tail-carving-158-xs\/#breadcrumb\",\"itemListElement\":[{\"@type\":\"ListItem\",\"position\":1,\"name\":\"Accueil\",\"item\":\"https:\/\/elevatesurf.ch\/\"},{\"@type\":\"ListItem\",\"position\":2,\"name\":\"Shop &#8211; \u00c9levez Votre Exp\u00e9rience de Surf avec Notre Collection\",\"item\":\"https:\/\/elevatesurf.ch\/shop\/\"},{\"@type\":\"ListItem\",\"position\":3,\"name\":\"TAIL CARVING 158 XS\"}]},{\"@type\":\"WebSite\",\"@id\":\"https:\/\/elevatesurf.ch\/#website\",\"url\":\"https:\/\/elevatesurf.ch\/\",\"name\":\"Elevatesurf\",\"description\":\"Surfez vers de nouveaux sommets avec ElevateSurf ! Kiteshop, Wingshop\",\"publisher\":{\"@id\":\"https:\/\/elevatesurf.ch\/#organization\"},\"potentialAction\":[{\"@type\":\"SearchAction\",\"target\":{\"@type\":\"EntryPoint\",\"urlTemplate\":\"https:\/\/elevatesurf.ch\/?s={search_term_string}\"},\"query-input\":\"required name=search_term_string\"}],\"inLanguage\":\"fr-FR\"},{\"@type\":\"Organization\",\"@id\":\"https:\/\/elevatesurf.ch\/#organization\",\"name\":\"Elevatesurf\",\"url\":\"https:\/\/elevatesurf.ch\/\",\"logo\":{\"@type\":\"ImageObject\",\"inLanguage\":\"fr-FR\",\"@id\":\"https:\/\/elevatesurf.ch\/#\/schema\/logo\/image\/\",\"url\":\"https:\/\/elevatesurf.ch\/wp-content\/uploads\/2024\/06\/67c2ec70-bdf5-4c14-898a-ded5b2051398.jpg\",\"contentUrl\":\"https:\/\/elevatesurf.ch\/wp-content\/uploads\/2024\/06\/67c2ec70-bdf5-4c14-898a-ded5b2051398.jpg\",\"width\":1024,\"height\":1024,\"caption\":\"Elevatesurf\"},\"image\":{\"@id\":\"https:\/\/elevatesurf.ch\/#\/schema\/logo\/image\/\"},\"sameAs\":[\"https:\/\/www.instagram.com\/elevate__surf\/\"]}]}<\/script>\n<!-- \/ Yoast SEO plugin. -->","yoast_head_json":{"title":"TAIL CARVING 158 XS - Elevatesurf","description":"Elevatesurf TAIL CARVING 158 XS","robots":{"index":"index","follow":"follow","max-snippet":"max-snippet:-1","max-image-preview":"max-image-preview:large","max-video-preview":"max-video-preview:-1"},"canonical":"https:\/\/elevatesurf.ch\/fr\/product\/tail-carving-158-xs\/","og_locale":"fr_FR","og_type":"article","og_title":"TAIL CARVING 158 XS - Elevatesurf","og_description":"Elevatesurf TAIL CARVING 158 XS","og_url":"https:\/\/elevatesurf.ch\/fr\/product\/tail-carving-158-xs\/","og_site_name":"Elevatesurf","article_modified_time":"2026-05-10T20:41:15+00:00","twitter_card":"summary_large_image","twitter_misc":{"Dur\u00e9e de lecture estim\u00e9e":"1 minute"},"schema":{"@context":"https:\/\/schema.org","@graph":[{"@type":["WebPage","ItemPage"],"@id":"https:\/\/elevatesurf.ch\/fr\/product\/tail-carving-158-xs\/","url":"https:\/\/elevatesurf.ch\/fr\/product\/tail-carving-158-xs\/","name":"TAIL CARVING 158 XS - Elevatesurf","isPartOf":{"@id":"https:\/\/elevatesurf.ch\/#website"},"primaryImageOfPage":{"@id":"https:\/\/elevatesurf.ch\/fr\/product\/tail-carving-158-xs\/#primaryimage"},"image":{"@id":"https:\/\/elevatesurf.ch\/fr\/product\/tail-carving-158-xs\/#primaryimage"},"thumbnailUrl":"https:\/\/elevatesurf.ch\/wp-content\/uploads\/2026\/05\/tail-carving-158-xs.png","datePublished":"2026-05-10T17:46:48+00:00","dateModified":"2026-05-10T20:41:15+00:00","description":"Elevatesurf TAIL CARVING 158 XS","breadcrumb":{"@id":"https:\/\/elevatesurf.ch\/fr\/product\/tail-carving-158-xs\/#breadcrumb"},"inLanguage":"fr-FR","potentialAction":[{"@type":"ReadAction","target":["https:\/\/elevatesurf.ch\/fr\/product\/tail-carving-158-xs\/"]}]},{"@type":"ImageObject","inLanguage":"fr-FR","@id":"https:\/\/elevatesurf.ch\/fr\/product\/tail-carving-158-xs\/#primaryimage","url":"https:\/\/elevatesurf.ch\/wp-content\/uploads\/2026\/05\/tail-carving-158-xs.png","contentUrl":"https:\/\/elevatesurf.ch\/wp-content\/uploads\/2026\/05\/tail-carving-158-xs.png","width":2000,"height":2000},{"@type":"BreadcrumbList","@id":"https:\/\/elevatesurf.ch\/fr\/product\/tail-carving-158-xs\/#breadcrumb","itemListElement":[{"@type":"ListItem","position":1,"name":"Accueil","item":"https:\/\/elevatesurf.ch\/"},{"@type":"ListItem","position":2,"name":"Shop &#8211; \u00c9levez Votre Exp\u00e9rience de Surf avec Notre Collection","item":"https:\/\/elevatesurf.ch\/shop\/"},{"@type":"ListItem","position":3,"name":"TAIL CARVING 158 XS"}]},{"@type":"WebSite","@id":"https:\/\/elevatesurf.ch\/#website","url":"https:\/\/elevatesurf.ch\/","name":"Elevatesurf","description":"Surfez vers de nouveaux sommets avec ElevateSurf ! Kiteshop, Wingshop","publisher":{"@id":"https:\/\/elevatesurf.ch\/#organization"},"potentialAction":[{"@type":"SearchAction","target":{"@type":"EntryPoint","urlTemplate":"https:\/\/elevatesurf.ch\/?s={search_term_string}"},"query-input":"required name=search_term_string"}],"inLanguage":"fr-FR"},{"@type":"Organization","@id":"https:\/\/elevatesurf.ch\/#organization","name":"Elevatesurf","url":"https:\/\/elevatesurf.ch\/","logo":{"@type":"ImageObject","inLanguage":"fr-FR","@id":"https:\/\/elevatesurf.ch\/#\/schema\/logo\/image\/","url":"https:\/\/elevatesurf.ch\/wp-content\/uploads\/2024\/06\/67c2ec70-bdf5-4c14-898a-ded5b2051398.jpg","contentUrl":"https:\/\/elevatesurf.ch\/wp-content\/uploads\/2024\/06\/67c2ec70-bdf5-4c14-898a-ded5b2051398.jpg","width":1024,"height":1024,"caption":"Elevatesurf"},"image":{"@id":"https:\/\/elevatesurf.ch\/#\/schema\/logo\/image\/"},"sameAs":["https:\/\/www.instagram.com\/elevate__surf\/"]}]}},"_links":{"self":[{"href":"https:\/\/elevatesurf.ch\/fr\/wp-json\/wp\/v2\/product\/28138","targetHints":{"allow":["GET"]}}],"collection":[{"href":"https:\/\/elevatesurf.ch\/fr\/wp-json\/wp\/v2\/product"}],"about":[{"href":"https:\/\/elevatesurf.ch\/fr\/wp-json\/wp\/v2\/types\/product"}],"replies":[{"embeddable":true,"href":"https:\/\/elevatesurf.ch\/fr\/wp-json\/wp\/v2\/comments?post=28138"}],"wp:featuredmedia":[{"embeddable":true,"href":"https:\/\/elevatesurf.ch\/fr\/wp-json\/wp\/v2\/media\/28135"}],"wp:attachment":[{"href":"https:\/\/elevatesurf.ch\/fr\/wp-json\/wp\/v2\/media?parent=28138"}],"wp:term":[{"taxonomy":"product_cat","embeddable":true,"href":"https:\/\/elevatesurf.ch\/fr\/wp-json\/wp\/v2\/product_cat?post=28138"},{"taxonomy":"product_tag","embeddable":true,"href":"https:\/\/elevatesurf.ch\/fr\/wp-json\/wp\/v2\/product_tag?post=28138"}],"curies":[{"name":"wp","href":"https:\/\/api.w.org\/{rel}","templated":true}]}}