{"id":28151,"date":"2026-05-10T17:47:22","date_gmt":"2026-05-10T17:47:22","guid":{"rendered":"https:\/\/elevatesurf.ch\/fr\/product\/f-one-baseball-cap-black\/"},"modified":"2026-05-10T20:41:23","modified_gmt":"2026-05-10T20:41:23","slug":"f-one-baseball-cap-black","status":"publish","type":"product","link":"https:\/\/elevatesurf.ch\/fr\/product\/f-one-baseball-cap-black\/","title":{"rendered":"F-ONE BASEBALL CAP BLACK"},"content":{"rendered":"<p>Red\u00e9couvrez l\u2019indispensable casquette Baseball aux couleurs de F-ONE. Un mod\u00e8le intemporel, en coton doux pour un look simple et \u00e9pur\u00e9, avec une visi\u00e8re incurv\u00e9e et un logo central brod\u00e9 sur le devant. La casquette est dot\u00e9e d\u2019un velcro r\u00e9glable \u00e0 l\u2019arri\u00e8re pour s\u2019adapter parfaitement \u00e0 la forme de votre t\u00eate.<\/p>\n<p>Couleurs : \u00a0black \/ sand<\/p>\n<p>Taille unique<\/p>\n<p>Composition: 100 % coton<\/p>\n","protected":false},"excerpt":{"rendered":"<p>Red\u00e9couvrez l\u2019indispensable casquette Baseball aux couleurs de F-ONE. Un mod\u00e8le intemporel, en coton doux pour un look simple et \u00e9pur\u00e9, avec une visi\u00e8re incurv\u00e9e et un logo central brod\u00e9 sur le devant. La casquette est dot\u00e9e d\u2019un velcro r\u00e9glable \u00e0 l\u2019arri\u00e8re pour s\u2019adapter parfaitement \u00e0 la forme de votre t\u00eate.<\/p>\n<p>Couleurs : \u00a0black \/ sand<\/p>\n<p>Taille unique<\/p>\n<p>Composition: 100 % coton<\/p>\n","protected":false},"featured_media":28150,"comment_status":"open","ping_status":"closed","template":"","meta":[],"product_cat":[1037],"product_tag":[],"class_list":{"0":"post-28151","1":"product","2":"type-product","3":"status-publish","4":"has-post-thumbnail","6":"product_cat-textile","7":"product_brand-f-one","9":"first","10":"instock","11":"shipping-taxable","12":"purchasable","13":"product-type-simple"},"yoast_head":"<!-- This site is optimized with the Yoast SEO plugin v22.8 - https:\/\/yoast.com\/wordpress\/plugins\/seo\/ -->\n<title>F-ONE BASEBALL CAP BLACK - Elevatesurf<\/title>\n<meta name=\"description\" content=\"Elevatesurf F-ONE BASEBALL CAP BLACK\" \/>\n<meta name=\"robots\" content=\"index, follow, max-snippet:-1, max-image-preview:large, max-video-preview:-1\" \/>\n<link rel=\"canonical\" href=\"https:\/\/elevatesurf.ch\/fr\/product\/f-one-baseball-cap-black\/\" \/>\n<meta property=\"og:locale\" content=\"fr_FR\" \/>\n<meta property=\"og:type\" content=\"article\" \/>\n<meta property=\"og:title\" content=\"F-ONE BASEBALL CAP BLACK - Elevatesurf\" \/>\n<meta property=\"og:description\" content=\"Elevatesurf F-ONE BASEBALL CAP BLACK\" \/>\n<meta property=\"og:url\" content=\"https:\/\/elevatesurf.ch\/fr\/product\/f-one-baseball-cap-black\/\" \/>\n<meta property=\"og:site_name\" content=\"Elevatesurf\" \/>\n<meta property=\"article:modified_time\" content=\"2026-05-10T20:41:23+00:00\" \/>\n<meta name=\"twitter:card\" content=\"summary_large_image\" \/>\n<script type=\"application\/ld+json\" class=\"yoast-schema-graph\">{\"@context\":\"https:\/\/schema.org\",\"@graph\":[{\"@type\":[\"WebPage\",\"ItemPage\"],\"@id\":\"https:\/\/elevatesurf.ch\/fr\/product\/f-one-baseball-cap-black\/\",\"url\":\"https:\/\/elevatesurf.ch\/fr\/product\/f-one-baseball-cap-black\/\",\"name\":\"F-ONE BASEBALL CAP BLACK - Elevatesurf\",\"isPartOf\":{\"@id\":\"https:\/\/elevatesurf.ch\/#website\"},\"primaryImageOfPage\":{\"@id\":\"https:\/\/elevatesurf.ch\/fr\/product\/f-one-baseball-cap-black\/#primaryimage\"},\"image\":{\"@id\":\"https:\/\/elevatesurf.ch\/fr\/product\/f-one-baseball-cap-black\/#primaryimage\"},\"thumbnailUrl\":\"https:\/\/elevatesurf.ch\/wp-content\/uploads\/2026\/05\/f-one-baseball-cap-black.jpg\",\"datePublished\":\"2026-05-10T17:47:22+00:00\",\"dateModified\":\"2026-05-10T20:41:23+00:00\",\"description\":\"Elevatesurf F-ONE BASEBALL CAP BLACK\",\"breadcrumb\":{\"@id\":\"https:\/\/elevatesurf.ch\/fr\/product\/f-one-baseball-cap-black\/#breadcrumb\"},\"inLanguage\":\"fr-FR\",\"potentialAction\":[{\"@type\":\"ReadAction\",\"target\":[\"https:\/\/elevatesurf.ch\/fr\/product\/f-one-baseball-cap-black\/\"]}]},{\"@type\":\"ImageObject\",\"inLanguage\":\"fr-FR\",\"@id\":\"https:\/\/elevatesurf.ch\/fr\/product\/f-one-baseball-cap-black\/#primaryimage\",\"url\":\"https:\/\/elevatesurf.ch\/wp-content\/uploads\/2026\/05\/f-one-baseball-cap-black.jpg\",\"contentUrl\":\"https:\/\/elevatesurf.ch\/wp-content\/uploads\/2026\/05\/f-one-baseball-cap-black.jpg\",\"width\":800,\"height\":800},{\"@type\":\"BreadcrumbList\",\"@id\":\"https:\/\/elevatesurf.ch\/fr\/product\/f-one-baseball-cap-black\/#breadcrumb\",\"itemListElement\":[{\"@type\":\"ListItem\",\"position\":1,\"name\":\"Accueil\",\"item\":\"https:\/\/elevatesurf.ch\/\"},{\"@type\":\"ListItem\",\"position\":2,\"name\":\"Shop &#8211; \u00c9levez Votre Exp\u00e9rience de Surf avec Notre Collection\",\"item\":\"https:\/\/elevatesurf.ch\/shop\/\"},{\"@type\":\"ListItem\",\"position\":3,\"name\":\"F-ONE BASEBALL CAP BLACK\"}]},{\"@type\":\"WebSite\",\"@id\":\"https:\/\/elevatesurf.ch\/#website\",\"url\":\"https:\/\/elevatesurf.ch\/\",\"name\":\"Elevatesurf\",\"description\":\"Surfez vers de nouveaux sommets avec ElevateSurf ! Kiteshop, Wingshop\",\"publisher\":{\"@id\":\"https:\/\/elevatesurf.ch\/#organization\"},\"potentialAction\":[{\"@type\":\"SearchAction\",\"target\":{\"@type\":\"EntryPoint\",\"urlTemplate\":\"https:\/\/elevatesurf.ch\/?s={search_term_string}\"},\"query-input\":\"required name=search_term_string\"}],\"inLanguage\":\"fr-FR\"},{\"@type\":\"Organization\",\"@id\":\"https:\/\/elevatesurf.ch\/#organization\",\"name\":\"Elevatesurf\",\"url\":\"https:\/\/elevatesurf.ch\/\",\"logo\":{\"@type\":\"ImageObject\",\"inLanguage\":\"fr-FR\",\"@id\":\"https:\/\/elevatesurf.ch\/#\/schema\/logo\/image\/\",\"url\":\"https:\/\/elevatesurf.ch\/wp-content\/uploads\/2024\/06\/67c2ec70-bdf5-4c14-898a-ded5b2051398.jpg\",\"contentUrl\":\"https:\/\/elevatesurf.ch\/wp-content\/uploads\/2024\/06\/67c2ec70-bdf5-4c14-898a-ded5b2051398.jpg\",\"width\":1024,\"height\":1024,\"caption\":\"Elevatesurf\"},\"image\":{\"@id\":\"https:\/\/elevatesurf.ch\/#\/schema\/logo\/image\/\"},\"sameAs\":[\"https:\/\/www.instagram.com\/elevate__surf\/\"]}]}<\/script>\n<!-- \/ Yoast SEO plugin. -->","yoast_head_json":{"title":"F-ONE BASEBALL CAP BLACK - Elevatesurf","description":"Elevatesurf F-ONE BASEBALL CAP BLACK","robots":{"index":"index","follow":"follow","max-snippet":"max-snippet:-1","max-image-preview":"max-image-preview:large","max-video-preview":"max-video-preview:-1"},"canonical":"https:\/\/elevatesurf.ch\/fr\/product\/f-one-baseball-cap-black\/","og_locale":"fr_FR","og_type":"article","og_title":"F-ONE BASEBALL CAP BLACK - Elevatesurf","og_description":"Elevatesurf F-ONE BASEBALL CAP BLACK","og_url":"https:\/\/elevatesurf.ch\/fr\/product\/f-one-baseball-cap-black\/","og_site_name":"Elevatesurf","article_modified_time":"2026-05-10T20:41:23+00:00","twitter_card":"summary_large_image","schema":{"@context":"https:\/\/schema.org","@graph":[{"@type":["WebPage","ItemPage"],"@id":"https:\/\/elevatesurf.ch\/fr\/product\/f-one-baseball-cap-black\/","url":"https:\/\/elevatesurf.ch\/fr\/product\/f-one-baseball-cap-black\/","name":"F-ONE BASEBALL CAP BLACK - Elevatesurf","isPartOf":{"@id":"https:\/\/elevatesurf.ch\/#website"},"primaryImageOfPage":{"@id":"https:\/\/elevatesurf.ch\/fr\/product\/f-one-baseball-cap-black\/#primaryimage"},"image":{"@id":"https:\/\/elevatesurf.ch\/fr\/product\/f-one-baseball-cap-black\/#primaryimage"},"thumbnailUrl":"https:\/\/elevatesurf.ch\/wp-content\/uploads\/2026\/05\/f-one-baseball-cap-black.jpg","datePublished":"2026-05-10T17:47:22+00:00","dateModified":"2026-05-10T20:41:23+00:00","description":"Elevatesurf F-ONE BASEBALL CAP BLACK","breadcrumb":{"@id":"https:\/\/elevatesurf.ch\/fr\/product\/f-one-baseball-cap-black\/#breadcrumb"},"inLanguage":"fr-FR","potentialAction":[{"@type":"ReadAction","target":["https:\/\/elevatesurf.ch\/fr\/product\/f-one-baseball-cap-black\/"]}]},{"@type":"ImageObject","inLanguage":"fr-FR","@id":"https:\/\/elevatesurf.ch\/fr\/product\/f-one-baseball-cap-black\/#primaryimage","url":"https:\/\/elevatesurf.ch\/wp-content\/uploads\/2026\/05\/f-one-baseball-cap-black.jpg","contentUrl":"https:\/\/elevatesurf.ch\/wp-content\/uploads\/2026\/05\/f-one-baseball-cap-black.jpg","width":800,"height":800},{"@type":"BreadcrumbList","@id":"https:\/\/elevatesurf.ch\/fr\/product\/f-one-baseball-cap-black\/#breadcrumb","itemListElement":[{"@type":"ListItem","position":1,"name":"Accueil","item":"https:\/\/elevatesurf.ch\/"},{"@type":"ListItem","position":2,"name":"Shop &#8211; \u00c9levez Votre Exp\u00e9rience de Surf avec Notre Collection","item":"https:\/\/elevatesurf.ch\/shop\/"},{"@type":"ListItem","position":3,"name":"F-ONE BASEBALL CAP BLACK"}]},{"@type":"WebSite","@id":"https:\/\/elevatesurf.ch\/#website","url":"https:\/\/elevatesurf.ch\/","name":"Elevatesurf","description":"Surfez vers de nouveaux sommets avec ElevateSurf ! Kiteshop, Wingshop","publisher":{"@id":"https:\/\/elevatesurf.ch\/#organization"},"potentialAction":[{"@type":"SearchAction","target":{"@type":"EntryPoint","urlTemplate":"https:\/\/elevatesurf.ch\/?s={search_term_string}"},"query-input":"required name=search_term_string"}],"inLanguage":"fr-FR"},{"@type":"Organization","@id":"https:\/\/elevatesurf.ch\/#organization","name":"Elevatesurf","url":"https:\/\/elevatesurf.ch\/","logo":{"@type":"ImageObject","inLanguage":"fr-FR","@id":"https:\/\/elevatesurf.ch\/#\/schema\/logo\/image\/","url":"https:\/\/elevatesurf.ch\/wp-content\/uploads\/2024\/06\/67c2ec70-bdf5-4c14-898a-ded5b2051398.jpg","contentUrl":"https:\/\/elevatesurf.ch\/wp-content\/uploads\/2024\/06\/67c2ec70-bdf5-4c14-898a-ded5b2051398.jpg","width":1024,"height":1024,"caption":"Elevatesurf"},"image":{"@id":"https:\/\/elevatesurf.ch\/#\/schema\/logo\/image\/"},"sameAs":["https:\/\/www.instagram.com\/elevate__surf\/"]}]}},"_links":{"self":[{"href":"https:\/\/elevatesurf.ch\/fr\/wp-json\/wp\/v2\/product\/28151","targetHints":{"allow":["GET"]}}],"collection":[{"href":"https:\/\/elevatesurf.ch\/fr\/wp-json\/wp\/v2\/product"}],"about":[{"href":"https:\/\/elevatesurf.ch\/fr\/wp-json\/wp\/v2\/types\/product"}],"replies":[{"embeddable":true,"href":"https:\/\/elevatesurf.ch\/fr\/wp-json\/wp\/v2\/comments?post=28151"}],"wp:featuredmedia":[{"embeddable":true,"href":"https:\/\/elevatesurf.ch\/fr\/wp-json\/wp\/v2\/media\/28150"}],"wp:attachment":[{"href":"https:\/\/elevatesurf.ch\/fr\/wp-json\/wp\/v2\/media?parent=28151"}],"wp:term":[{"taxonomy":"product_cat","embeddable":true,"href":"https:\/\/elevatesurf.ch\/fr\/wp-json\/wp\/v2\/product_cat?post=28151"},{"taxonomy":"product_tag","embeddable":true,"href":"https:\/\/elevatesurf.ch\/fr\/wp-json\/wp\/v2\/product_tag?post=28151"}],"curies":[{"name":"wp","href":"https:\/\/api.w.org\/{rel}","templated":true}]}}