{"id":28166,"date":"2026-05-10T17:48:18","date_gmt":"2026-05-10T17:48:18","guid":{"rendered":"https:\/\/elevatesurf.ch\/fr\/product\/strike-6-quadx\/"},"modified":"2026-05-10T20:41:23","modified_gmt":"2026-05-10T20:41:23","slug":"strike-6-quadx","status":"publish","type":"product","link":"https:\/\/elevatesurf.ch\/fr\/product\/strike-6-quadx\/","title":{"rendered":"STRIKE 6 QUADX"},"content":{"rendered":"<p>Toute la structure gonflable de cette nouvelle STRIKE est d\u00e9sormais en QuadX Composite, dont les propri\u00e9t\u00e9s m\u00e9caniques uniques assurent un contr\u00f4le optimal de la d\u00e9formation, une r\u00e9activit\u00e9 accrue, une durabilit\u00e9 renforc\u00e9e et une navigation sans effort.<\/p>\n<p>Le Sweep Control Panel, conserv\u00e9 sur le bord d\u2019attaque, optimise la tension du bord de fuite et renforce la partie avant tout en contr\u00f4lant la d\u00e9formation vers l\u2019arri\u00e8re, laissant juste ce qu\u2019il faut de flex lat\u00e9ral pour le confort et le renvoi d\u2019\u00e9nergie au pumping.<\/p>\n<p>Sur l\u2019eau, la STRIKE QuadX se distingue par une traction vers l\u2019avant saisissante et constante, m\u00eame quand le vent monte, un pumping efficace gr\u00e2ce \u00e0 une \u00e9lasticit\u00e9 ma\u00eetris\u00e9e, une plage d\u2019utilisation impressionnante, et une polyvalence totale du freeride au freefly en passant bien s\u00fbr par le freestyle.<\/p>\n<p>D\u00e8s les premi\u00e8res sessions, on sent que la wing travaille avec vous, r\u00e9duisant l\u2019effort dans les bras et maximisant chaque rafale. Son confort surprenant s&rsquo;accompagne des performances incroyables que l&rsquo;on attend de notre l\u00e9gendaire STRIKE : toute l\u2019\u00e9nergie du vent est exploit\u00e9e, chaque man\u0153uvre optimis\u00e9e.<\/p>\n<p>La STRIKE QuadX ouvre une nouvelle dimension de performance, o\u00f9 l\u2019effort s\u2019efface pour ne laisser place qu\u2019au plaisir pur de la glisse.<\/p>\n","protected":false},"excerpt":{"rendered":"<p>Pour cette sixi\u00e8me g\u00e9n\u00e9ration, la STRIKE franchit un cap avec l\u2019arriv\u00e9e du QuadX Composite, notre nouveau tissu lamin\u00e9. Avec cette STRIKE QuadX, b\u00e9n\u00e9ficiez d\u2019un gain net en performance et en confort, tout en conservant l\u2019ADN de la STRIKE : vitesse, cap, stabilit\u00e9, l\u00e9g\u00e8ret\u00e9 et efficacit\u00e9 au planing.<\/p>\n<ul>\n<li>Structure gonflable en QuadX Composite pour plus de l\u00e9g\u00e8ret\u00e9, r\u00e9activit\u00e9, et durabilit\u00e9<\/li>\n<li>\u00ab Sweep Control Panel \u00bb pour un contr\u00f4le id\u00e9al de la tension du bord de fuite<\/li>\n<li>Performance et confort dans une plage de vent \u00e9largie<\/li>\n<li>Pumping efficace et traction vers l\u2019avant am\u00e9lior\u00e9e, m\u00eame quand le vent monte<\/li>\n<li>Vitesse et maniabilit\u00e9 exceptionnelles pour le freestyle et le freeride<\/li>\n<\/ul>\n","protected":false},"featured_media":28152,"comment_status":"open","ping_status":"closed","template":"","meta":[],"product_cat":[138,139],"product_tag":[],"class_list":{"0":"post-28166","1":"product","2":"type-product","3":"status-publish","4":"has-post-thumbnail","6":"product_cat-wingfoil-suisse-acheter","7":"product_cat-wings","8":"product_brand-f-one","10":"first","11":"outofstock","12":"shipping-taxable","13":"product-type-variable"},"yoast_head":"<!-- This site is optimized with the Yoast SEO plugin v22.8 - https:\/\/yoast.com\/wordpress\/plugins\/seo\/ -->\n<title>STRIKE 6 QUADX - Elevatesurf<\/title>\n<meta name=\"description\" content=\"Elevatesurf STRIKE 6 QUADX\" \/>\n<meta name=\"robots\" content=\"index, follow, max-snippet:-1, max-image-preview:large, max-video-preview:-1\" \/>\n<link rel=\"canonical\" href=\"https:\/\/elevatesurf.ch\/fr\/product\/strike-6-quadx\/\" \/>\n<meta property=\"og:locale\" content=\"fr_FR\" \/>\n<meta property=\"og:type\" content=\"article\" \/>\n<meta property=\"og:title\" content=\"STRIKE 6 QUADX - Elevatesurf\" \/>\n<meta property=\"og:description\" content=\"Elevatesurf STRIKE 6 QUADX\" \/>\n<meta property=\"og:url\" content=\"https:\/\/elevatesurf.ch\/fr\/product\/strike-6-quadx\/\" \/>\n<meta property=\"og:site_name\" content=\"Elevatesurf\" \/>\n<meta property=\"article:modified_time\" content=\"2026-05-10T20:41:23+00:00\" \/>\n<meta name=\"twitter:card\" content=\"summary_large_image\" \/>\n<meta name=\"twitter:label1\" content=\"Dur\u00e9e de lecture estim\u00e9e\" \/>\n\t<meta name=\"twitter:data1\" content=\"1 minute\" \/>\n<script type=\"application\/ld+json\" class=\"yoast-schema-graph\">{\"@context\":\"https:\/\/schema.org\",\"@graph\":[{\"@type\":[\"WebPage\",\"ItemPage\"],\"@id\":\"https:\/\/elevatesurf.ch\/fr\/product\/strike-6-quadx\/\",\"url\":\"https:\/\/elevatesurf.ch\/fr\/product\/strike-6-quadx\/\",\"name\":\"STRIKE 6 QUADX - Elevatesurf\",\"isPartOf\":{\"@id\":\"https:\/\/elevatesurf.ch\/#website\"},\"primaryImageOfPage\":{\"@id\":\"https:\/\/elevatesurf.ch\/fr\/product\/strike-6-quadx\/#primaryimage\"},\"image\":{\"@id\":\"https:\/\/elevatesurf.ch\/fr\/product\/strike-6-quadx\/#primaryimage\"},\"thumbnailUrl\":\"https:\/\/elevatesurf.ch\/wp-content\/uploads\/2026\/05\/strike-6-quadx.png\",\"datePublished\":\"2026-05-10T17:48:18+00:00\",\"dateModified\":\"2026-05-10T20:41:23+00:00\",\"description\":\"Elevatesurf STRIKE 6 QUADX\",\"breadcrumb\":{\"@id\":\"https:\/\/elevatesurf.ch\/fr\/product\/strike-6-quadx\/#breadcrumb\"},\"inLanguage\":\"fr-FR\",\"potentialAction\":[{\"@type\":\"ReadAction\",\"target\":[\"https:\/\/elevatesurf.ch\/fr\/product\/strike-6-quadx\/\"]}]},{\"@type\":\"ImageObject\",\"inLanguage\":\"fr-FR\",\"@id\":\"https:\/\/elevatesurf.ch\/fr\/product\/strike-6-quadx\/#primaryimage\",\"url\":\"https:\/\/elevatesurf.ch\/wp-content\/uploads\/2026\/05\/strike-6-quadx.png\",\"contentUrl\":\"https:\/\/elevatesurf.ch\/wp-content\/uploads\/2026\/05\/strike-6-quadx.png\",\"width\":1920,\"height\":1080},{\"@type\":\"BreadcrumbList\",\"@id\":\"https:\/\/elevatesurf.ch\/fr\/product\/strike-6-quadx\/#breadcrumb\",\"itemListElement\":[{\"@type\":\"ListItem\",\"position\":1,\"name\":\"Accueil\",\"item\":\"https:\/\/elevatesurf.ch\/\"},{\"@type\":\"ListItem\",\"position\":2,\"name\":\"Shop &#8211; \u00c9levez Votre Exp\u00e9rience de Surf avec Notre Collection\",\"item\":\"https:\/\/elevatesurf.ch\/shop\/\"},{\"@type\":\"ListItem\",\"position\":3,\"name\":\"STRIKE 6 QUADX\"}]},{\"@type\":\"WebSite\",\"@id\":\"https:\/\/elevatesurf.ch\/#website\",\"url\":\"https:\/\/elevatesurf.ch\/\",\"name\":\"Elevatesurf\",\"description\":\"Surfez vers de nouveaux sommets avec ElevateSurf ! Kiteshop, Wingshop\",\"publisher\":{\"@id\":\"https:\/\/elevatesurf.ch\/#organization\"},\"potentialAction\":[{\"@type\":\"SearchAction\",\"target\":{\"@type\":\"EntryPoint\",\"urlTemplate\":\"https:\/\/elevatesurf.ch\/?s={search_term_string}\"},\"query-input\":\"required name=search_term_string\"}],\"inLanguage\":\"fr-FR\"},{\"@type\":\"Organization\",\"@id\":\"https:\/\/elevatesurf.ch\/#organization\",\"name\":\"Elevatesurf\",\"url\":\"https:\/\/elevatesurf.ch\/\",\"logo\":{\"@type\":\"ImageObject\",\"inLanguage\":\"fr-FR\",\"@id\":\"https:\/\/elevatesurf.ch\/#\/schema\/logo\/image\/\",\"url\":\"https:\/\/elevatesurf.ch\/wp-content\/uploads\/2024\/06\/67c2ec70-bdf5-4c14-898a-ded5b2051398.jpg\",\"contentUrl\":\"https:\/\/elevatesurf.ch\/wp-content\/uploads\/2024\/06\/67c2ec70-bdf5-4c14-898a-ded5b2051398.jpg\",\"width\":1024,\"height\":1024,\"caption\":\"Elevatesurf\"},\"image\":{\"@id\":\"https:\/\/elevatesurf.ch\/#\/schema\/logo\/image\/\"},\"sameAs\":[\"https:\/\/www.instagram.com\/elevate__surf\/\"]}]}<\/script>\n<!-- \/ Yoast SEO plugin. -->","yoast_head_json":{"title":"STRIKE 6 QUADX - Elevatesurf","description":"Elevatesurf STRIKE 6 QUADX","robots":{"index":"index","follow":"follow","max-snippet":"max-snippet:-1","max-image-preview":"max-image-preview:large","max-video-preview":"max-video-preview:-1"},"canonical":"https:\/\/elevatesurf.ch\/fr\/product\/strike-6-quadx\/","og_locale":"fr_FR","og_type":"article","og_title":"STRIKE 6 QUADX - Elevatesurf","og_description":"Elevatesurf STRIKE 6 QUADX","og_url":"https:\/\/elevatesurf.ch\/fr\/product\/strike-6-quadx\/","og_site_name":"Elevatesurf","article_modified_time":"2026-05-10T20:41:23+00:00","twitter_card":"summary_large_image","twitter_misc":{"Dur\u00e9e de lecture estim\u00e9e":"1 minute"},"schema":{"@context":"https:\/\/schema.org","@graph":[{"@type":["WebPage","ItemPage"],"@id":"https:\/\/elevatesurf.ch\/fr\/product\/strike-6-quadx\/","url":"https:\/\/elevatesurf.ch\/fr\/product\/strike-6-quadx\/","name":"STRIKE 6 QUADX - Elevatesurf","isPartOf":{"@id":"https:\/\/elevatesurf.ch\/#website"},"primaryImageOfPage":{"@id":"https:\/\/elevatesurf.ch\/fr\/product\/strike-6-quadx\/#primaryimage"},"image":{"@id":"https:\/\/elevatesurf.ch\/fr\/product\/strike-6-quadx\/#primaryimage"},"thumbnailUrl":"https:\/\/elevatesurf.ch\/wp-content\/uploads\/2026\/05\/strike-6-quadx.png","datePublished":"2026-05-10T17:48:18+00:00","dateModified":"2026-05-10T20:41:23+00:00","description":"Elevatesurf STRIKE 6 QUADX","breadcrumb":{"@id":"https:\/\/elevatesurf.ch\/fr\/product\/strike-6-quadx\/#breadcrumb"},"inLanguage":"fr-FR","potentialAction":[{"@type":"ReadAction","target":["https:\/\/elevatesurf.ch\/fr\/product\/strike-6-quadx\/"]}]},{"@type":"ImageObject","inLanguage":"fr-FR","@id":"https:\/\/elevatesurf.ch\/fr\/product\/strike-6-quadx\/#primaryimage","url":"https:\/\/elevatesurf.ch\/wp-content\/uploads\/2026\/05\/strike-6-quadx.png","contentUrl":"https:\/\/elevatesurf.ch\/wp-content\/uploads\/2026\/05\/strike-6-quadx.png","width":1920,"height":1080},{"@type":"BreadcrumbList","@id":"https:\/\/elevatesurf.ch\/fr\/product\/strike-6-quadx\/#breadcrumb","itemListElement":[{"@type":"ListItem","position":1,"name":"Accueil","item":"https:\/\/elevatesurf.ch\/"},{"@type":"ListItem","position":2,"name":"Shop &#8211; \u00c9levez Votre Exp\u00e9rience de Surf avec Notre Collection","item":"https:\/\/elevatesurf.ch\/shop\/"},{"@type":"ListItem","position":3,"name":"STRIKE 6 QUADX"}]},{"@type":"WebSite","@id":"https:\/\/elevatesurf.ch\/#website","url":"https:\/\/elevatesurf.ch\/","name":"Elevatesurf","description":"Surfez vers de nouveaux sommets avec ElevateSurf ! Kiteshop, Wingshop","publisher":{"@id":"https:\/\/elevatesurf.ch\/#organization"},"potentialAction":[{"@type":"SearchAction","target":{"@type":"EntryPoint","urlTemplate":"https:\/\/elevatesurf.ch\/?s={search_term_string}"},"query-input":"required name=search_term_string"}],"inLanguage":"fr-FR"},{"@type":"Organization","@id":"https:\/\/elevatesurf.ch\/#organization","name":"Elevatesurf","url":"https:\/\/elevatesurf.ch\/","logo":{"@type":"ImageObject","inLanguage":"fr-FR","@id":"https:\/\/elevatesurf.ch\/#\/schema\/logo\/image\/","url":"https:\/\/elevatesurf.ch\/wp-content\/uploads\/2024\/06\/67c2ec70-bdf5-4c14-898a-ded5b2051398.jpg","contentUrl":"https:\/\/elevatesurf.ch\/wp-content\/uploads\/2024\/06\/67c2ec70-bdf5-4c14-898a-ded5b2051398.jpg","width":1024,"height":1024,"caption":"Elevatesurf"},"image":{"@id":"https:\/\/elevatesurf.ch\/#\/schema\/logo\/image\/"},"sameAs":["https:\/\/www.instagram.com\/elevate__surf\/"]}]}},"_links":{"self":[{"href":"https:\/\/elevatesurf.ch\/fr\/wp-json\/wp\/v2\/product\/28166","targetHints":{"allow":["GET"]}}],"collection":[{"href":"https:\/\/elevatesurf.ch\/fr\/wp-json\/wp\/v2\/product"}],"about":[{"href":"https:\/\/elevatesurf.ch\/fr\/wp-json\/wp\/v2\/types\/product"}],"replies":[{"embeddable":true,"href":"https:\/\/elevatesurf.ch\/fr\/wp-json\/wp\/v2\/comments?post=28166"}],"wp:featuredmedia":[{"embeddable":true,"href":"https:\/\/elevatesurf.ch\/fr\/wp-json\/wp\/v2\/media\/28152"}],"wp:attachment":[{"href":"https:\/\/elevatesurf.ch\/fr\/wp-json\/wp\/v2\/media?parent=28166"}],"wp:term":[{"taxonomy":"product_cat","embeddable":true,"href":"https:\/\/elevatesurf.ch\/fr\/wp-json\/wp\/v2\/product_cat?post=28166"},{"taxonomy":"product_tag","embeddable":true,"href":"https:\/\/elevatesurf.ch\/fr\/wp-json\/wp\/v2\/product_tag?post=28166"}],"curies":[{"name":"wp","href":"https:\/\/api.w.org\/{rel}","templated":true}]}}