{"id":28268,"date":"2026-05-10T20:26:57","date_gmt":"2026-05-10T20:26:57","guid":{"rendered":"https:\/\/elevatesurf.ch\/fr\/product\/monobloc-tail-xxs-180-carving\/"},"modified":"2026-05-10T20:26:57","modified_gmt":"2026-05-10T20:26:57","slug":"monobloc-tail-xxs-180-carving","status":"publish","type":"product","link":"https:\/\/elevatesurf.ch\/fr\/product\/monobloc-tail-xxs-180-carving\/","title":{"rendered":"MONOBLOC TAIL XXS 180 CARVING"},"content":{"rendered":"<p>La construction monobloc am\u00e9liore la rigidit\u00e9 et r\u00e9duit les turbulences en supprimant des connexions et en proposant ainsi un design plus \u00e9pur\u00e9. Cette connexion premium rendra n\u2019importe quel foil plus joueur, plus stable et plus rapide. Le monobloc supprime aussi deux vis ; vous serez \u00e0 l\u2019eau plus vite !<\/p>\n<p>L\u2019utilisation de carbone Haut Module permet aux Monobloc Tails de gagner davantage de raideur, ce qui les rendent encore plus fiables et vous permet de pousser vos limites \u00e0 chaque session.<\/p>\n","protected":false},"excerpt":{"rendered":"<p><em><strong>Feel the connection<\/strong><\/em><\/p>\n<p>&#8211; Aspect ratio: 6.8<br \/>&#8211; Maniabilit\u00e9, vitesse, pumping rapide et un feeling plus \u00ab loose \u00bb et \u00ab vif \u00bb<br \/>&#8211; Construction Monobloc pour plus de rigidit\u00e9 et moins de turbulences<\/p>\n<p>Avec un profil fin et un allongement plus \u00e9lev\u00e9, la gamme Carving est le choix id\u00e9al si vous avez besoin de vitesse et de maniabilit\u00e9. En utilisant les monobloc tails vous obtiendrez un feeling plus \u00ab loose \u00bb et \u00ab vif \u00bb, ainsi qu\u2019un pumping plus rapide.<\/p>\n","protected":false},"featured_media":28267,"comment_status":"open","ping_status":"closed","template":"","meta":[],"product_cat":[1040,1043],"product_tag":[],"class_list":{"0":"post-28268","1":"product","2":"type-product","3":"status-publish","4":"has-post-thumbnail","6":"product_cat-foil","7":"product_cat-monoblocs","8":"product_brand-f-one","10":"first","11":"instock","12":"shipping-taxable","13":"purchasable","14":"product-type-simple"},"yoast_head":"<!-- This site is optimized with the Yoast SEO plugin v22.8 - https:\/\/yoast.com\/wordpress\/plugins\/seo\/ -->\n<title>MONOBLOC TAIL XXS 180 CARVING - Elevatesurf<\/title>\n<meta name=\"description\" content=\"Elevatesurf MONOBLOC TAIL XXS 180 CARVING\" \/>\n<meta name=\"robots\" content=\"index, follow, max-snippet:-1, max-image-preview:large, max-video-preview:-1\" \/>\n<link rel=\"canonical\" href=\"https:\/\/elevatesurf.ch\/fr\/product\/monobloc-tail-xxs-180-carving\/\" \/>\n<meta property=\"og:locale\" content=\"fr_FR\" \/>\n<meta property=\"og:type\" content=\"article\" \/>\n<meta property=\"og:title\" content=\"MONOBLOC TAIL XXS 180 CARVING - Elevatesurf\" \/>\n<meta property=\"og:description\" content=\"Elevatesurf MONOBLOC TAIL XXS 180 CARVING\" \/>\n<meta property=\"og:url\" content=\"https:\/\/elevatesurf.ch\/fr\/product\/monobloc-tail-xxs-180-carving\/\" \/>\n<meta property=\"og:site_name\" content=\"Elevatesurf\" \/>\n<meta name=\"twitter:card\" content=\"summary_large_image\" \/>\n<script type=\"application\/ld+json\" class=\"yoast-schema-graph\">{\"@context\":\"https:\/\/schema.org\",\"@graph\":[{\"@type\":[\"WebPage\",\"ItemPage\"],\"@id\":\"https:\/\/elevatesurf.ch\/fr\/product\/monobloc-tail-xxs-180-carving\/\",\"url\":\"https:\/\/elevatesurf.ch\/fr\/product\/monobloc-tail-xxs-180-carving\/\",\"name\":\"MONOBLOC TAIL XXS 180 CARVING - Elevatesurf\",\"isPartOf\":{\"@id\":\"https:\/\/elevatesurf.ch\/#website\"},\"primaryImageOfPage\":{\"@id\":\"https:\/\/elevatesurf.ch\/fr\/product\/monobloc-tail-xxs-180-carving\/#primaryimage\"},\"image\":{\"@id\":\"https:\/\/elevatesurf.ch\/fr\/product\/monobloc-tail-xxs-180-carving\/#primaryimage\"},\"thumbnailUrl\":\"https:\/\/elevatesurf.ch\/wp-content\/uploads\/2026\/05\/monobloc-tail-xxs-180-carving.jpg\",\"datePublished\":\"2026-05-10T20:26:57+00:00\",\"dateModified\":\"2026-05-10T20:26:57+00:00\",\"description\":\"Elevatesurf MONOBLOC TAIL XXS 180 CARVING\",\"breadcrumb\":{\"@id\":\"https:\/\/elevatesurf.ch\/fr\/product\/monobloc-tail-xxs-180-carving\/#breadcrumb\"},\"inLanguage\":\"fr-FR\",\"potentialAction\":[{\"@type\":\"ReadAction\",\"target\":[\"https:\/\/elevatesurf.ch\/fr\/product\/monobloc-tail-xxs-180-carving\/\"]}]},{\"@type\":\"ImageObject\",\"inLanguage\":\"fr-FR\",\"@id\":\"https:\/\/elevatesurf.ch\/fr\/product\/monobloc-tail-xxs-180-carving\/#primaryimage\",\"url\":\"https:\/\/elevatesurf.ch\/wp-content\/uploads\/2026\/05\/monobloc-tail-xxs-180-carving.jpg\",\"contentUrl\":\"https:\/\/elevatesurf.ch\/wp-content\/uploads\/2026\/05\/monobloc-tail-xxs-180-carving.jpg\",\"width\":2000,\"height\":2000},{\"@type\":\"BreadcrumbList\",\"@id\":\"https:\/\/elevatesurf.ch\/fr\/product\/monobloc-tail-xxs-180-carving\/#breadcrumb\",\"itemListElement\":[{\"@type\":\"ListItem\",\"position\":1,\"name\":\"Accueil\",\"item\":\"https:\/\/elevatesurf.ch\/\"},{\"@type\":\"ListItem\",\"position\":2,\"name\":\"Shop &#8211; \u00c9levez Votre Exp\u00e9rience de Surf avec Notre Collection\",\"item\":\"https:\/\/elevatesurf.ch\/shop\/\"},{\"@type\":\"ListItem\",\"position\":3,\"name\":\"MONOBLOC TAIL XXS 180 CARVING\"}]},{\"@type\":\"WebSite\",\"@id\":\"https:\/\/elevatesurf.ch\/#website\",\"url\":\"https:\/\/elevatesurf.ch\/\",\"name\":\"Elevatesurf\",\"description\":\"Surfez vers de nouveaux sommets avec ElevateSurf ! Kiteshop, Wingshop\",\"publisher\":{\"@id\":\"https:\/\/elevatesurf.ch\/#organization\"},\"potentialAction\":[{\"@type\":\"SearchAction\",\"target\":{\"@type\":\"EntryPoint\",\"urlTemplate\":\"https:\/\/elevatesurf.ch\/?s={search_term_string}\"},\"query-input\":\"required name=search_term_string\"}],\"inLanguage\":\"fr-FR\"},{\"@type\":\"Organization\",\"@id\":\"https:\/\/elevatesurf.ch\/#organization\",\"name\":\"Elevatesurf\",\"url\":\"https:\/\/elevatesurf.ch\/\",\"logo\":{\"@type\":\"ImageObject\",\"inLanguage\":\"fr-FR\",\"@id\":\"https:\/\/elevatesurf.ch\/#\/schema\/logo\/image\/\",\"url\":\"https:\/\/elevatesurf.ch\/wp-content\/uploads\/2024\/06\/67c2ec70-bdf5-4c14-898a-ded5b2051398.jpg\",\"contentUrl\":\"https:\/\/elevatesurf.ch\/wp-content\/uploads\/2024\/06\/67c2ec70-bdf5-4c14-898a-ded5b2051398.jpg\",\"width\":1024,\"height\":1024,\"caption\":\"Elevatesurf\"},\"image\":{\"@id\":\"https:\/\/elevatesurf.ch\/#\/schema\/logo\/image\/\"},\"sameAs\":[\"https:\/\/www.instagram.com\/elevate__surf\/\"]}]}<\/script>\n<!-- \/ Yoast SEO plugin. -->","yoast_head_json":{"title":"MONOBLOC TAIL XXS 180 CARVING - Elevatesurf","description":"Elevatesurf MONOBLOC TAIL XXS 180 CARVING","robots":{"index":"index","follow":"follow","max-snippet":"max-snippet:-1","max-image-preview":"max-image-preview:large","max-video-preview":"max-video-preview:-1"},"canonical":"https:\/\/elevatesurf.ch\/fr\/product\/monobloc-tail-xxs-180-carving\/","og_locale":"fr_FR","og_type":"article","og_title":"MONOBLOC TAIL XXS 180 CARVING - Elevatesurf","og_description":"Elevatesurf MONOBLOC TAIL XXS 180 CARVING","og_url":"https:\/\/elevatesurf.ch\/fr\/product\/monobloc-tail-xxs-180-carving\/","og_site_name":"Elevatesurf","twitter_card":"summary_large_image","schema":{"@context":"https:\/\/schema.org","@graph":[{"@type":["WebPage","ItemPage"],"@id":"https:\/\/elevatesurf.ch\/fr\/product\/monobloc-tail-xxs-180-carving\/","url":"https:\/\/elevatesurf.ch\/fr\/product\/monobloc-tail-xxs-180-carving\/","name":"MONOBLOC TAIL XXS 180 CARVING - Elevatesurf","isPartOf":{"@id":"https:\/\/elevatesurf.ch\/#website"},"primaryImageOfPage":{"@id":"https:\/\/elevatesurf.ch\/fr\/product\/monobloc-tail-xxs-180-carving\/#primaryimage"},"image":{"@id":"https:\/\/elevatesurf.ch\/fr\/product\/monobloc-tail-xxs-180-carving\/#primaryimage"},"thumbnailUrl":"https:\/\/elevatesurf.ch\/wp-content\/uploads\/2026\/05\/monobloc-tail-xxs-180-carving.jpg","datePublished":"2026-05-10T20:26:57+00:00","dateModified":"2026-05-10T20:26:57+00:00","description":"Elevatesurf MONOBLOC TAIL XXS 180 CARVING","breadcrumb":{"@id":"https:\/\/elevatesurf.ch\/fr\/product\/monobloc-tail-xxs-180-carving\/#breadcrumb"},"inLanguage":"fr-FR","potentialAction":[{"@type":"ReadAction","target":["https:\/\/elevatesurf.ch\/fr\/product\/monobloc-tail-xxs-180-carving\/"]}]},{"@type":"ImageObject","inLanguage":"fr-FR","@id":"https:\/\/elevatesurf.ch\/fr\/product\/monobloc-tail-xxs-180-carving\/#primaryimage","url":"https:\/\/elevatesurf.ch\/wp-content\/uploads\/2026\/05\/monobloc-tail-xxs-180-carving.jpg","contentUrl":"https:\/\/elevatesurf.ch\/wp-content\/uploads\/2026\/05\/monobloc-tail-xxs-180-carving.jpg","width":2000,"height":2000},{"@type":"BreadcrumbList","@id":"https:\/\/elevatesurf.ch\/fr\/product\/monobloc-tail-xxs-180-carving\/#breadcrumb","itemListElement":[{"@type":"ListItem","position":1,"name":"Accueil","item":"https:\/\/elevatesurf.ch\/"},{"@type":"ListItem","position":2,"name":"Shop &#8211; \u00c9levez Votre Exp\u00e9rience de Surf avec Notre Collection","item":"https:\/\/elevatesurf.ch\/shop\/"},{"@type":"ListItem","position":3,"name":"MONOBLOC TAIL XXS 180 CARVING"}]},{"@type":"WebSite","@id":"https:\/\/elevatesurf.ch\/#website","url":"https:\/\/elevatesurf.ch\/","name":"Elevatesurf","description":"Surfez vers de nouveaux sommets avec ElevateSurf ! Kiteshop, Wingshop","publisher":{"@id":"https:\/\/elevatesurf.ch\/#organization"},"potentialAction":[{"@type":"SearchAction","target":{"@type":"EntryPoint","urlTemplate":"https:\/\/elevatesurf.ch\/?s={search_term_string}"},"query-input":"required name=search_term_string"}],"inLanguage":"fr-FR"},{"@type":"Organization","@id":"https:\/\/elevatesurf.ch\/#organization","name":"Elevatesurf","url":"https:\/\/elevatesurf.ch\/","logo":{"@type":"ImageObject","inLanguage":"fr-FR","@id":"https:\/\/elevatesurf.ch\/#\/schema\/logo\/image\/","url":"https:\/\/elevatesurf.ch\/wp-content\/uploads\/2024\/06\/67c2ec70-bdf5-4c14-898a-ded5b2051398.jpg","contentUrl":"https:\/\/elevatesurf.ch\/wp-content\/uploads\/2024\/06\/67c2ec70-bdf5-4c14-898a-ded5b2051398.jpg","width":1024,"height":1024,"caption":"Elevatesurf"},"image":{"@id":"https:\/\/elevatesurf.ch\/#\/schema\/logo\/image\/"},"sameAs":["https:\/\/www.instagram.com\/elevate__surf\/"]}]}},"_links":{"self":[{"href":"https:\/\/elevatesurf.ch\/fr\/wp-json\/wp\/v2\/product\/28268","targetHints":{"allow":["GET"]}}],"collection":[{"href":"https:\/\/elevatesurf.ch\/fr\/wp-json\/wp\/v2\/product"}],"about":[{"href":"https:\/\/elevatesurf.ch\/fr\/wp-json\/wp\/v2\/types\/product"}],"replies":[{"embeddable":true,"href":"https:\/\/elevatesurf.ch\/fr\/wp-json\/wp\/v2\/comments?post=28268"}],"wp:featuredmedia":[{"embeddable":true,"href":"https:\/\/elevatesurf.ch\/fr\/wp-json\/wp\/v2\/media\/28267"}],"wp:attachment":[{"href":"https:\/\/elevatesurf.ch\/fr\/wp-json\/wp\/v2\/media?parent=28268"}],"wp:term":[{"taxonomy":"product_cat","embeddable":true,"href":"https:\/\/elevatesurf.ch\/fr\/wp-json\/wp\/v2\/product_cat?post=28268"},{"taxonomy":"product_tag","embeddable":true,"href":"https:\/\/elevatesurf.ch\/fr\/wp-json\/wp\/v2\/product_tag?post=28268"}],"curies":[{"name":"wp","href":"https:\/\/api.w.org\/{rel}","templated":true}]}}