{"id":28284,"date":"2026-05-10T20:27:41","date_gmt":"2026-05-10T20:27:41","guid":{"rendered":"https:\/\/elevatesurf.ch\/fr\/product\/alu-mast-80-cm\/"},"modified":"2026-05-10T20:27:41","modified_gmt":"2026-05-10T20:27:41","slug":"alu-mast-80-cm","status":"publish","type":"product","link":"https:\/\/elevatesurf.ch\/fr\/product\/alu-mast-80-cm\/","title":{"rendered":"ALU MAST 80 CM"},"content":{"rendered":"<p>Le m\u00e2t en aluminium F-ONE peut \u00eatre utilis\u00e9 pour toutes les disciplines : kite foil, surf foil, wing foil, SUP foil et windfoil. Le profil est extrud\u00e9 avec pr\u00e9cision \u00e0 partir d\u2019un bloc d\u2019aluminium 6063.<\/p>\n<p>La forme de sa section b\u00e9n\u00e9ficie de nos ann\u00e9es d\u2019exp\u00e9rience dans le foil pour fournir la meilleure sensation de glisse tout en gardant un poids l\u00e9ger. Il est livr\u00e9 avec deux inserts h\u00e9lico\u00efdaux en acier inoxydable en bas et en haut pour fixer les pi\u00e8ces de liaison et est donc enti\u00e8rement modulable.<\/p>\n<p>Le m\u00e2t en aluminium peut \u00eatre utilis\u00e9 sur tous les foils de la gamme, et il est tr\u00e8s facile de passer d\u2019une longueur \u00e0 l\u2019autre (45 \/ 55 \/ 65 \/ 75 \/ 80 \/ 85 \/ 95 cm).<\/p>\n<p>Un certain nombre de pi\u00e8ces sont disponibles pour la connexion des planches (Plate, KF, Deep KF, Tuttle).<\/p>\n","protected":false},"excerpt":{"rendered":"<p>Le m\u00e2t en aluminium F-ONE peut \u00eatre utilis\u00e9 pour toutes les disciplines : kite foil, surf foil, wing foil, SUP foil et windfoil. Le profil est extrud\u00e9 avec pr\u00e9cision \u00e0 partir d\u2019un bloc d\u2019aluminium 6063.<\/p>\n<p>La forme de sa section b\u00e9n\u00e9ficie de nos ann\u00e9es d\u2019exp\u00e9rience dans le foil pour fournir la meilleure sensation de glisse tout en gardant un poids l\u00e9ger. Il est livr\u00e9 avec deux inserts h\u00e9lico\u00efdaux en acier inoxydable en bas et en haut pour fixer les pi\u00e8ces de liaison et est donc enti\u00e8rement modulable.<\/p>\n<p>Le m\u00e2t en aluminium peut \u00eatre utilis\u00e9 sur tous les foils de la gamme, et il est tr\u00e8s facile de passer d\u2019une longueur \u00e0 l\u2019autre (45 \/ 55 \/ 65 \/ 75 \/ 80 \/ 85 \/ 95 cm).<\/p>\n<p>Un certain nombre de pi\u00e8ces sont disponibles pour la connexion des planches (Plate, KF, Deep KF, Tuttle).<\/p>\n","protected":false},"featured_media":28283,"comment_status":"open","ping_status":"closed","template":"","meta":[],"product_cat":[1040,1050],"product_tag":[],"class_list":{"0":"post-28284","1":"product","2":"type-product","3":"status-publish","4":"has-post-thumbnail","6":"product_cat-foil","7":"product_cat-mats","8":"product_brand-f-one","10":"first","11":"instock","12":"shipping-taxable","13":"purchasable","14":"product-type-simple"},"yoast_head":"<!-- This site is optimized with the Yoast SEO plugin v22.8 - https:\/\/yoast.com\/wordpress\/plugins\/seo\/ -->\n<title>ALU MAST 80 CM - Elevatesurf<\/title>\n<meta name=\"description\" content=\"Elevatesurf ALU MAST 80 CM\" \/>\n<meta name=\"robots\" content=\"index, follow, max-snippet:-1, max-image-preview:large, max-video-preview:-1\" \/>\n<link rel=\"canonical\" href=\"https:\/\/elevatesurf.ch\/fr\/product\/alu-mast-80-cm\/\" \/>\n<meta property=\"og:locale\" content=\"fr_FR\" \/>\n<meta property=\"og:type\" content=\"article\" \/>\n<meta property=\"og:title\" content=\"ALU MAST 80 CM - Elevatesurf\" \/>\n<meta property=\"og:description\" content=\"Elevatesurf ALU MAST 80 CM\" \/>\n<meta property=\"og:url\" content=\"https:\/\/elevatesurf.ch\/fr\/product\/alu-mast-80-cm\/\" \/>\n<meta property=\"og:site_name\" content=\"Elevatesurf\" \/>\n<meta name=\"twitter:card\" content=\"summary_large_image\" \/>\n<meta name=\"twitter:label1\" content=\"Dur\u00e9e de lecture estim\u00e9e\" \/>\n\t<meta name=\"twitter:data1\" content=\"1 minute\" \/>\n<script type=\"application\/ld+json\" class=\"yoast-schema-graph\">{\"@context\":\"https:\/\/schema.org\",\"@graph\":[{\"@type\":[\"WebPage\",\"ItemPage\"],\"@id\":\"https:\/\/elevatesurf.ch\/fr\/product\/alu-mast-80-cm\/\",\"url\":\"https:\/\/elevatesurf.ch\/fr\/product\/alu-mast-80-cm\/\",\"name\":\"ALU MAST 80 CM - Elevatesurf\",\"isPartOf\":{\"@id\":\"https:\/\/elevatesurf.ch\/#website\"},\"primaryImageOfPage\":{\"@id\":\"https:\/\/elevatesurf.ch\/fr\/product\/alu-mast-80-cm\/#primaryimage\"},\"image\":{\"@id\":\"https:\/\/elevatesurf.ch\/fr\/product\/alu-mast-80-cm\/#primaryimage\"},\"thumbnailUrl\":\"https:\/\/elevatesurf.ch\/wp-content\/uploads\/2026\/05\/alu-mast-80-cm.jpg\",\"datePublished\":\"2026-05-10T20:27:41+00:00\",\"dateModified\":\"2026-05-10T20:27:41+00:00\",\"description\":\"Elevatesurf ALU MAST 80 CM\",\"breadcrumb\":{\"@id\":\"https:\/\/elevatesurf.ch\/fr\/product\/alu-mast-80-cm\/#breadcrumb\"},\"inLanguage\":\"fr-FR\",\"potentialAction\":[{\"@type\":\"ReadAction\",\"target\":[\"https:\/\/elevatesurf.ch\/fr\/product\/alu-mast-80-cm\/\"]}]},{\"@type\":\"ImageObject\",\"inLanguage\":\"fr-FR\",\"@id\":\"https:\/\/elevatesurf.ch\/fr\/product\/alu-mast-80-cm\/#primaryimage\",\"url\":\"https:\/\/elevatesurf.ch\/wp-content\/uploads\/2026\/05\/alu-mast-80-cm.jpg\",\"contentUrl\":\"https:\/\/elevatesurf.ch\/wp-content\/uploads\/2026\/05\/alu-mast-80-cm.jpg\",\"width\":1200,\"height\":1200},{\"@type\":\"BreadcrumbList\",\"@id\":\"https:\/\/elevatesurf.ch\/fr\/product\/alu-mast-80-cm\/#breadcrumb\",\"itemListElement\":[{\"@type\":\"ListItem\",\"position\":1,\"name\":\"Accueil\",\"item\":\"https:\/\/elevatesurf.ch\/\"},{\"@type\":\"ListItem\",\"position\":2,\"name\":\"Shop &#8211; \u00c9levez Votre Exp\u00e9rience de Surf avec Notre Collection\",\"item\":\"https:\/\/elevatesurf.ch\/shop\/\"},{\"@type\":\"ListItem\",\"position\":3,\"name\":\"ALU MAST 80 CM\"}]},{\"@type\":\"WebSite\",\"@id\":\"https:\/\/elevatesurf.ch\/#website\",\"url\":\"https:\/\/elevatesurf.ch\/\",\"name\":\"Elevatesurf\",\"description\":\"Surfez vers de nouveaux sommets avec ElevateSurf ! Kiteshop, Wingshop\",\"publisher\":{\"@id\":\"https:\/\/elevatesurf.ch\/#organization\"},\"potentialAction\":[{\"@type\":\"SearchAction\",\"target\":{\"@type\":\"EntryPoint\",\"urlTemplate\":\"https:\/\/elevatesurf.ch\/?s={search_term_string}\"},\"query-input\":\"required name=search_term_string\"}],\"inLanguage\":\"fr-FR\"},{\"@type\":\"Organization\",\"@id\":\"https:\/\/elevatesurf.ch\/#organization\",\"name\":\"Elevatesurf\",\"url\":\"https:\/\/elevatesurf.ch\/\",\"logo\":{\"@type\":\"ImageObject\",\"inLanguage\":\"fr-FR\",\"@id\":\"https:\/\/elevatesurf.ch\/#\/schema\/logo\/image\/\",\"url\":\"https:\/\/elevatesurf.ch\/wp-content\/uploads\/2024\/06\/67c2ec70-bdf5-4c14-898a-ded5b2051398.jpg\",\"contentUrl\":\"https:\/\/elevatesurf.ch\/wp-content\/uploads\/2024\/06\/67c2ec70-bdf5-4c14-898a-ded5b2051398.jpg\",\"width\":1024,\"height\":1024,\"caption\":\"Elevatesurf\"},\"image\":{\"@id\":\"https:\/\/elevatesurf.ch\/#\/schema\/logo\/image\/\"},\"sameAs\":[\"https:\/\/www.instagram.com\/elevate__surf\/\"]}]}<\/script>\n<!-- \/ Yoast SEO plugin. -->","yoast_head_json":{"title":"ALU MAST 80 CM - Elevatesurf","description":"Elevatesurf ALU MAST 80 CM","robots":{"index":"index","follow":"follow","max-snippet":"max-snippet:-1","max-image-preview":"max-image-preview:large","max-video-preview":"max-video-preview:-1"},"canonical":"https:\/\/elevatesurf.ch\/fr\/product\/alu-mast-80-cm\/","og_locale":"fr_FR","og_type":"article","og_title":"ALU MAST 80 CM - Elevatesurf","og_description":"Elevatesurf ALU MAST 80 CM","og_url":"https:\/\/elevatesurf.ch\/fr\/product\/alu-mast-80-cm\/","og_site_name":"Elevatesurf","twitter_card":"summary_large_image","twitter_misc":{"Dur\u00e9e de lecture estim\u00e9e":"1 minute"},"schema":{"@context":"https:\/\/schema.org","@graph":[{"@type":["WebPage","ItemPage"],"@id":"https:\/\/elevatesurf.ch\/fr\/product\/alu-mast-80-cm\/","url":"https:\/\/elevatesurf.ch\/fr\/product\/alu-mast-80-cm\/","name":"ALU MAST 80 CM - Elevatesurf","isPartOf":{"@id":"https:\/\/elevatesurf.ch\/#website"},"primaryImageOfPage":{"@id":"https:\/\/elevatesurf.ch\/fr\/product\/alu-mast-80-cm\/#primaryimage"},"image":{"@id":"https:\/\/elevatesurf.ch\/fr\/product\/alu-mast-80-cm\/#primaryimage"},"thumbnailUrl":"https:\/\/elevatesurf.ch\/wp-content\/uploads\/2026\/05\/alu-mast-80-cm.jpg","datePublished":"2026-05-10T20:27:41+00:00","dateModified":"2026-05-10T20:27:41+00:00","description":"Elevatesurf ALU MAST 80 CM","breadcrumb":{"@id":"https:\/\/elevatesurf.ch\/fr\/product\/alu-mast-80-cm\/#breadcrumb"},"inLanguage":"fr-FR","potentialAction":[{"@type":"ReadAction","target":["https:\/\/elevatesurf.ch\/fr\/product\/alu-mast-80-cm\/"]}]},{"@type":"ImageObject","inLanguage":"fr-FR","@id":"https:\/\/elevatesurf.ch\/fr\/product\/alu-mast-80-cm\/#primaryimage","url":"https:\/\/elevatesurf.ch\/wp-content\/uploads\/2026\/05\/alu-mast-80-cm.jpg","contentUrl":"https:\/\/elevatesurf.ch\/wp-content\/uploads\/2026\/05\/alu-mast-80-cm.jpg","width":1200,"height":1200},{"@type":"BreadcrumbList","@id":"https:\/\/elevatesurf.ch\/fr\/product\/alu-mast-80-cm\/#breadcrumb","itemListElement":[{"@type":"ListItem","position":1,"name":"Accueil","item":"https:\/\/elevatesurf.ch\/"},{"@type":"ListItem","position":2,"name":"Shop &#8211; \u00c9levez Votre Exp\u00e9rience de Surf avec Notre Collection","item":"https:\/\/elevatesurf.ch\/shop\/"},{"@type":"ListItem","position":3,"name":"ALU MAST 80 CM"}]},{"@type":"WebSite","@id":"https:\/\/elevatesurf.ch\/#website","url":"https:\/\/elevatesurf.ch\/","name":"Elevatesurf","description":"Surfez vers de nouveaux sommets avec ElevateSurf ! Kiteshop, Wingshop","publisher":{"@id":"https:\/\/elevatesurf.ch\/#organization"},"potentialAction":[{"@type":"SearchAction","target":{"@type":"EntryPoint","urlTemplate":"https:\/\/elevatesurf.ch\/?s={search_term_string}"},"query-input":"required name=search_term_string"}],"inLanguage":"fr-FR"},{"@type":"Organization","@id":"https:\/\/elevatesurf.ch\/#organization","name":"Elevatesurf","url":"https:\/\/elevatesurf.ch\/","logo":{"@type":"ImageObject","inLanguage":"fr-FR","@id":"https:\/\/elevatesurf.ch\/#\/schema\/logo\/image\/","url":"https:\/\/elevatesurf.ch\/wp-content\/uploads\/2024\/06\/67c2ec70-bdf5-4c14-898a-ded5b2051398.jpg","contentUrl":"https:\/\/elevatesurf.ch\/wp-content\/uploads\/2024\/06\/67c2ec70-bdf5-4c14-898a-ded5b2051398.jpg","width":1024,"height":1024,"caption":"Elevatesurf"},"image":{"@id":"https:\/\/elevatesurf.ch\/#\/schema\/logo\/image\/"},"sameAs":["https:\/\/www.instagram.com\/elevate__surf\/"]}]}},"_links":{"self":[{"href":"https:\/\/elevatesurf.ch\/fr\/wp-json\/wp\/v2\/product\/28284","targetHints":{"allow":["GET"]}}],"collection":[{"href":"https:\/\/elevatesurf.ch\/fr\/wp-json\/wp\/v2\/product"}],"about":[{"href":"https:\/\/elevatesurf.ch\/fr\/wp-json\/wp\/v2\/types\/product"}],"replies":[{"embeddable":true,"href":"https:\/\/elevatesurf.ch\/fr\/wp-json\/wp\/v2\/comments?post=28284"}],"wp:featuredmedia":[{"embeddable":true,"href":"https:\/\/elevatesurf.ch\/fr\/wp-json\/wp\/v2\/media\/28283"}],"wp:attachment":[{"href":"https:\/\/elevatesurf.ch\/fr\/wp-json\/wp\/v2\/media?parent=28284"}],"wp:term":[{"taxonomy":"product_cat","embeddable":true,"href":"https:\/\/elevatesurf.ch\/fr\/wp-json\/wp\/v2\/product_cat?post=28284"},{"taxonomy":"product_tag","embeddable":true,"href":"https:\/\/elevatesurf.ch\/fr\/wp-json\/wp\/v2\/product_tag?post=28284"}],"curies":[{"name":"wp","href":"https:\/\/api.w.org\/{rel}","templated":true}]}}