{"id":28422,"date":"2026-05-10T20:34:52","date_gmt":"2026-05-10T20:34:52","guid":{"rendered":"https:\/\/elevatesurf.ch\/fr\/product\/f-one-5-panels-mesh-cap\/"},"modified":"2026-05-10T20:34:52","modified_gmt":"2026-05-10T20:34:52","slug":"f-one-5-panels-mesh-cap","status":"publish","type":"product","link":"https:\/\/elevatesurf.ch\/fr\/product\/f-one-5-panels-mesh-cap\/","title":{"rendered":"F-ONE 5 PANELS &#8211; MESH CAP"},"content":{"rendered":"<p>Cette casquette \u00e0 5 panneaux, simple et \u00e9l\u00e9gante, est dot\u00e9e de panneaux lat\u00e9raux en maille pour une meilleure respirabilit\u00e9. Elle peut \u00eatre facilement ajust\u00e9e gr\u00e2ce \u00e0 l\u2019attache nylon et un clip plastique. Cette casquette pr\u00e9sente \u00e9galement un bord plat et un logo F-ONE brod\u00e9 au centre sur le devant.<\/p>\n<p>Couleur : Black<\/p>\n<p>Taille unique<\/p>\n<p>Composition : 90% coton \/ 10% polyester<\/p>\n","protected":false},"excerpt":{"rendered":"<p>Cette casquette \u00e0 5 panneaux, simple et \u00e9l\u00e9gante, est dot\u00e9e de panneaux lat\u00e9raux en maille pour une meilleure respirabilit\u00e9. Elle peut \u00eatre facilement ajust\u00e9e gr\u00e2ce \u00e0 l\u2019attache nylon et un clip plastique. Cette casquette pr\u00e9sente \u00e9galement un bord plat et un logo F-ONE brod\u00e9 au centre sur le devant.<\/p>\n<p>Couleur : Black<\/p>\n<p>Taille unique<\/p>\n<p>Composition : 90% coton \/ 10% polyester<\/p>\n","protected":false},"featured_media":28421,"comment_status":"open","ping_status":"closed","template":"","meta":[],"product_cat":[1037],"product_tag":[],"class_list":{"0":"post-28422","1":"product","2":"type-product","3":"status-publish","4":"has-post-thumbnail","6":"product_cat-textile","7":"product_brand-f-one","9":"first","10":"instock","11":"shipping-taxable","12":"purchasable","13":"product-type-simple"},"yoast_head":"<!-- This site is optimized with the Yoast SEO plugin v22.8 - https:\/\/yoast.com\/wordpress\/plugins\/seo\/ -->\n<title>F-ONE 5 PANELS - MESH CAP - Elevatesurf<\/title>\n<meta name=\"description\" content=\"Elevatesurf F-ONE 5 PANELS - MESH CAP\" \/>\n<meta name=\"robots\" content=\"index, follow, max-snippet:-1, max-image-preview:large, max-video-preview:-1\" \/>\n<link rel=\"canonical\" href=\"https:\/\/elevatesurf.ch\/fr\/product\/f-one-5-panels-mesh-cap\/\" \/>\n<meta property=\"og:locale\" content=\"fr_FR\" \/>\n<meta property=\"og:type\" content=\"article\" \/>\n<meta property=\"og:title\" content=\"F-ONE 5 PANELS - MESH CAP - Elevatesurf\" \/>\n<meta property=\"og:description\" content=\"Elevatesurf F-ONE 5 PANELS - MESH CAP\" \/>\n<meta property=\"og:url\" content=\"https:\/\/elevatesurf.ch\/fr\/product\/f-one-5-panels-mesh-cap\/\" \/>\n<meta property=\"og:site_name\" content=\"Elevatesurf\" \/>\n<meta name=\"twitter:card\" content=\"summary_large_image\" \/>\n<script type=\"application\/ld+json\" class=\"yoast-schema-graph\">{\"@context\":\"https:\/\/schema.org\",\"@graph\":[{\"@type\":[\"WebPage\",\"ItemPage\"],\"@id\":\"https:\/\/elevatesurf.ch\/fr\/product\/f-one-5-panels-mesh-cap\/\",\"url\":\"https:\/\/elevatesurf.ch\/fr\/product\/f-one-5-panels-mesh-cap\/\",\"name\":\"F-ONE 5 PANELS - MESH CAP - Elevatesurf\",\"isPartOf\":{\"@id\":\"https:\/\/elevatesurf.ch\/#website\"},\"primaryImageOfPage\":{\"@id\":\"https:\/\/elevatesurf.ch\/fr\/product\/f-one-5-panels-mesh-cap\/#primaryimage\"},\"image\":{\"@id\":\"https:\/\/elevatesurf.ch\/fr\/product\/f-one-5-panels-mesh-cap\/#primaryimage\"},\"thumbnailUrl\":\"https:\/\/elevatesurf.ch\/wp-content\/uploads\/2026\/05\/f-one-5-panels-mesh-cap.jpg\",\"datePublished\":\"2026-05-10T20:34:52+00:00\",\"dateModified\":\"2026-05-10T20:34:52+00:00\",\"description\":\"Elevatesurf F-ONE 5 PANELS - MESH CAP\",\"breadcrumb\":{\"@id\":\"https:\/\/elevatesurf.ch\/fr\/product\/f-one-5-panels-mesh-cap\/#breadcrumb\"},\"inLanguage\":\"fr-FR\",\"potentialAction\":[{\"@type\":\"ReadAction\",\"target\":[\"https:\/\/elevatesurf.ch\/fr\/product\/f-one-5-panels-mesh-cap\/\"]}]},{\"@type\":\"ImageObject\",\"inLanguage\":\"fr-FR\",\"@id\":\"https:\/\/elevatesurf.ch\/fr\/product\/f-one-5-panels-mesh-cap\/#primaryimage\",\"url\":\"https:\/\/elevatesurf.ch\/wp-content\/uploads\/2026\/05\/f-one-5-panels-mesh-cap.jpg\",\"contentUrl\":\"https:\/\/elevatesurf.ch\/wp-content\/uploads\/2026\/05\/f-one-5-panels-mesh-cap.jpg\",\"width\":800,\"height\":800},{\"@type\":\"BreadcrumbList\",\"@id\":\"https:\/\/elevatesurf.ch\/fr\/product\/f-one-5-panels-mesh-cap\/#breadcrumb\",\"itemListElement\":[{\"@type\":\"ListItem\",\"position\":1,\"name\":\"Accueil\",\"item\":\"https:\/\/elevatesurf.ch\/\"},{\"@type\":\"ListItem\",\"position\":2,\"name\":\"Shop &#8211; \u00c9levez Votre Exp\u00e9rience de Surf avec Notre Collection\",\"item\":\"https:\/\/elevatesurf.ch\/shop\/\"},{\"@type\":\"ListItem\",\"position\":3,\"name\":\"F-ONE 5 PANELS &#8211; MESH CAP\"}]},{\"@type\":\"WebSite\",\"@id\":\"https:\/\/elevatesurf.ch\/#website\",\"url\":\"https:\/\/elevatesurf.ch\/\",\"name\":\"Elevatesurf\",\"description\":\"Surfez vers de nouveaux sommets avec ElevateSurf ! Kiteshop, Wingshop\",\"publisher\":{\"@id\":\"https:\/\/elevatesurf.ch\/#organization\"},\"potentialAction\":[{\"@type\":\"SearchAction\",\"target\":{\"@type\":\"EntryPoint\",\"urlTemplate\":\"https:\/\/elevatesurf.ch\/?s={search_term_string}\"},\"query-input\":\"required name=search_term_string\"}],\"inLanguage\":\"fr-FR\"},{\"@type\":\"Organization\",\"@id\":\"https:\/\/elevatesurf.ch\/#organization\",\"name\":\"Elevatesurf\",\"url\":\"https:\/\/elevatesurf.ch\/\",\"logo\":{\"@type\":\"ImageObject\",\"inLanguage\":\"fr-FR\",\"@id\":\"https:\/\/elevatesurf.ch\/#\/schema\/logo\/image\/\",\"url\":\"https:\/\/elevatesurf.ch\/wp-content\/uploads\/2024\/06\/67c2ec70-bdf5-4c14-898a-ded5b2051398.jpg\",\"contentUrl\":\"https:\/\/elevatesurf.ch\/wp-content\/uploads\/2024\/06\/67c2ec70-bdf5-4c14-898a-ded5b2051398.jpg\",\"width\":1024,\"height\":1024,\"caption\":\"Elevatesurf\"},\"image\":{\"@id\":\"https:\/\/elevatesurf.ch\/#\/schema\/logo\/image\/\"},\"sameAs\":[\"https:\/\/www.instagram.com\/elevate__surf\/\"]}]}<\/script>\n<!-- \/ Yoast SEO plugin. -->","yoast_head_json":{"title":"F-ONE 5 PANELS - MESH CAP - Elevatesurf","description":"Elevatesurf F-ONE 5 PANELS - MESH CAP","robots":{"index":"index","follow":"follow","max-snippet":"max-snippet:-1","max-image-preview":"max-image-preview:large","max-video-preview":"max-video-preview:-1"},"canonical":"https:\/\/elevatesurf.ch\/fr\/product\/f-one-5-panels-mesh-cap\/","og_locale":"fr_FR","og_type":"article","og_title":"F-ONE 5 PANELS - MESH CAP - Elevatesurf","og_description":"Elevatesurf F-ONE 5 PANELS - MESH CAP","og_url":"https:\/\/elevatesurf.ch\/fr\/product\/f-one-5-panels-mesh-cap\/","og_site_name":"Elevatesurf","twitter_card":"summary_large_image","schema":{"@context":"https:\/\/schema.org","@graph":[{"@type":["WebPage","ItemPage"],"@id":"https:\/\/elevatesurf.ch\/fr\/product\/f-one-5-panels-mesh-cap\/","url":"https:\/\/elevatesurf.ch\/fr\/product\/f-one-5-panels-mesh-cap\/","name":"F-ONE 5 PANELS - MESH CAP - Elevatesurf","isPartOf":{"@id":"https:\/\/elevatesurf.ch\/#website"},"primaryImageOfPage":{"@id":"https:\/\/elevatesurf.ch\/fr\/product\/f-one-5-panels-mesh-cap\/#primaryimage"},"image":{"@id":"https:\/\/elevatesurf.ch\/fr\/product\/f-one-5-panels-mesh-cap\/#primaryimage"},"thumbnailUrl":"https:\/\/elevatesurf.ch\/wp-content\/uploads\/2026\/05\/f-one-5-panels-mesh-cap.jpg","datePublished":"2026-05-10T20:34:52+00:00","dateModified":"2026-05-10T20:34:52+00:00","description":"Elevatesurf F-ONE 5 PANELS - MESH CAP","breadcrumb":{"@id":"https:\/\/elevatesurf.ch\/fr\/product\/f-one-5-panels-mesh-cap\/#breadcrumb"},"inLanguage":"fr-FR","potentialAction":[{"@type":"ReadAction","target":["https:\/\/elevatesurf.ch\/fr\/product\/f-one-5-panels-mesh-cap\/"]}]},{"@type":"ImageObject","inLanguage":"fr-FR","@id":"https:\/\/elevatesurf.ch\/fr\/product\/f-one-5-panels-mesh-cap\/#primaryimage","url":"https:\/\/elevatesurf.ch\/wp-content\/uploads\/2026\/05\/f-one-5-panels-mesh-cap.jpg","contentUrl":"https:\/\/elevatesurf.ch\/wp-content\/uploads\/2026\/05\/f-one-5-panels-mesh-cap.jpg","width":800,"height":800},{"@type":"BreadcrumbList","@id":"https:\/\/elevatesurf.ch\/fr\/product\/f-one-5-panels-mesh-cap\/#breadcrumb","itemListElement":[{"@type":"ListItem","position":1,"name":"Accueil","item":"https:\/\/elevatesurf.ch\/"},{"@type":"ListItem","position":2,"name":"Shop &#8211; \u00c9levez Votre Exp\u00e9rience de Surf avec Notre Collection","item":"https:\/\/elevatesurf.ch\/shop\/"},{"@type":"ListItem","position":3,"name":"F-ONE 5 PANELS &#8211; MESH CAP"}]},{"@type":"WebSite","@id":"https:\/\/elevatesurf.ch\/#website","url":"https:\/\/elevatesurf.ch\/","name":"Elevatesurf","description":"Surfez vers de nouveaux sommets avec ElevateSurf ! Kiteshop, Wingshop","publisher":{"@id":"https:\/\/elevatesurf.ch\/#organization"},"potentialAction":[{"@type":"SearchAction","target":{"@type":"EntryPoint","urlTemplate":"https:\/\/elevatesurf.ch\/?s={search_term_string}"},"query-input":"required name=search_term_string"}],"inLanguage":"fr-FR"},{"@type":"Organization","@id":"https:\/\/elevatesurf.ch\/#organization","name":"Elevatesurf","url":"https:\/\/elevatesurf.ch\/","logo":{"@type":"ImageObject","inLanguage":"fr-FR","@id":"https:\/\/elevatesurf.ch\/#\/schema\/logo\/image\/","url":"https:\/\/elevatesurf.ch\/wp-content\/uploads\/2024\/06\/67c2ec70-bdf5-4c14-898a-ded5b2051398.jpg","contentUrl":"https:\/\/elevatesurf.ch\/wp-content\/uploads\/2024\/06\/67c2ec70-bdf5-4c14-898a-ded5b2051398.jpg","width":1024,"height":1024,"caption":"Elevatesurf"},"image":{"@id":"https:\/\/elevatesurf.ch\/#\/schema\/logo\/image\/"},"sameAs":["https:\/\/www.instagram.com\/elevate__surf\/"]}]}},"_links":{"self":[{"href":"https:\/\/elevatesurf.ch\/fr\/wp-json\/wp\/v2\/product\/28422","targetHints":{"allow":["GET"]}}],"collection":[{"href":"https:\/\/elevatesurf.ch\/fr\/wp-json\/wp\/v2\/product"}],"about":[{"href":"https:\/\/elevatesurf.ch\/fr\/wp-json\/wp\/v2\/types\/product"}],"replies":[{"embeddable":true,"href":"https:\/\/elevatesurf.ch\/fr\/wp-json\/wp\/v2\/comments?post=28422"}],"wp:featuredmedia":[{"embeddable":true,"href":"https:\/\/elevatesurf.ch\/fr\/wp-json\/wp\/v2\/media\/28421"}],"wp:attachment":[{"href":"https:\/\/elevatesurf.ch\/fr\/wp-json\/wp\/v2\/media?parent=28422"}],"wp:term":[{"taxonomy":"product_cat","embeddable":true,"href":"https:\/\/elevatesurf.ch\/fr\/wp-json\/wp\/v2\/product_cat?post=28422"},{"taxonomy":"product_tag","embeddable":true,"href":"https:\/\/elevatesurf.ch\/fr\/wp-json\/wp\/v2\/product_tag?post=28422"}],"curies":[{"name":"wp","href":"https:\/\/api.w.org\/{rel}","templated":true}]}}