{"id":28607,"date":"2026-05-10T20:44:30","date_gmt":"2026-05-10T20:44:30","guid":{"rendered":"https:\/\/elevatesurf.ch\/fr\/product\/rocket-free-downwind\/"},"modified":"2026-05-15T09:18:45","modified_gmt":"2026-05-15T09:18:45","slug":"rocket-free-downwind","status":"publish","type":"product","link":"https:\/\/elevatesurf.ch\/fr\/product\/rocket-free-downwind\/","title":{"rendered":"ROCKET FREE DOWNWIND"},"content":{"rendered":"<p class=\"MsoNormal\">La gamme ROCKET FREE a \u00e9t\u00e9 d\u00e9velopp\u00e9e pour r\u00e9pondre aux besoins des disciplines \u00e9mergentes centr\u00e9es sur le freefly et le downwind. Dans ces pratiques, la libert\u00e9 prime : l\u2019aile ou la pagaie ne servent qu\u2019\u00e0 d\u00e9coller, avant d\u2019\u00eatre rang\u00e9es ou tenues en position freefly pour profiter au maximum de la houle et de l\u2019\u00e9nergie de la mer.<\/p>\n<\/p>\n<p class=\"MsoNormal\">Cela exige donc des planches plus longues pour favoriser la glisse et l\u2019acc\u00e9l\u00e9ration, tout en conservant assez de volume pour avoir de la stabilit\u00e9 et partir au planing facilement, m\u00eame avec peu de puissance. Comme les d\u00e9collages dans ces disciplines sont en effet plus exigeants qu\u2019en wing foil, ces planches vous offrent l\u2019avantage n\u00e9cessaire pour partir ais\u00e9ment.<\/p>\n<\/p>\n<p class=\"MsoNormal\">Dans cet esprit, la ROCKET FREE DOWNWIND reprend les fondamentaux de la MIDLENGTH\u00a0: \u00e9quilibre avant\/arri\u00e8re naturel, stabilit\u00e9 et glisse, tout en allant plus loin. Son shape plus long et son outline \u00e9tir\u00e9 am\u00e9liorent encore la glisse. Gr\u00e2ce \u00e0 son step arri\u00e8re et \u00e0 son kicktail, la board gagne en acc\u00e9l\u00e9ration au d\u00e9collage et g\u00e8re les touchettes avec plus de tol\u00e9rance. Le cockpit peu profond assure un bon contr\u00f4le sous les pieds sans ajouter trop d\u2019\u00e9paisseur, et le ratio largeur\/\u00e9paisseur offre le bon compromis entre stabilit\u00e9 et acc\u00e9l\u00e9ration, m\u00eame sous-toil\u00e9.<\/p>\n<\/p>\n<p class=\"MsoNormal\">Compar\u00e9e \u00e0 la FREE SURF, la FREE DOWNWIND est une planche plus stable, avec une \u00e9paisseur accrue, un nose et une car\u00e8ne plus larges, ainsi que des rails plus carr\u00e9s. L\u2019appui des pieds est l\u00e9g\u00e8rement avanc\u00e9, offrant la sensation des planches plus classiques F-ONE. Globalement, elle est con\u00e7ue pour les riders qui privil\u00e9gient la stabilit\u00e9 et les take-offs faciles, m\u00eame dans des conditions difficiles ou dans le clapot.<\/p>\n<\/p>\n<p class=\"MsoNormal\"><a><\/a>Construite avec notre Bamboo Deck Construction, la planche reste l\u00e9g\u00e8re et r\u00e9active tout en conservant solidit\u00e9 et durabilit\u00e9. La sensation du foil est tr\u00e8s directe et le contr\u00f4le est absolu, m\u00eame \u00e0 grande vitesse.<\/p>\n<\/p>\n<p><span><\/span><span><\/span><\/p>\n<p class=\"MsoNormal\"><a><\/a>Disponible de 6\u20194\u201d au 7\u20198\u201d (85 \u00e0 124L), la ROCKET FREE DOWNWIND est une planche accessible, performante et polyvalente, que ce soit pour aller chercher des bumps au large ou partir au planing dans toutes les conditions.<\/p><\/p>\n","protected":false},"excerpt":{"rendered":"<p class=\"MsoNormal\"><b>\u00a0<\/b><i><span lang=\"en-us\" xml:lang=\"en-us\">It\u2019s all downwind from here<\/span><\/i><\/p>\n<p><i><\/i><\/p>\n<p><i><\/i><\/p>\n<p class=\"MsoNormal\"><b><span lang=\"en-us\" xml:lang=\"en-us\">\u00a0<\/span><\/b><\/p>\n<p class=\"MsoNormal\">Pens\u00e9e pour la libert\u00e9, con\u00e7ue pour la performance. La nouvelle ROCKET FREE DOWNWIND allie glisse, volume et acc\u00e9l\u00e9ration dans un shape allong\u00e9, parfaitement adapt\u00e9 aux nouvelles pratiques en plein essor comme la Pocket Wing et la K-Wing.<\/p>\n<\/p>\n<ul>\n<li class=\"MsoNormal\"><strong>Glisse maximale et take-off rapide<\/strong><\/li>\n<li class=\"MsoNormal\"><strong>Planche id\u00e9ale pour la Pocket Wing, K-Wing, ou le SUP foil<\/strong><\/li>\n<li class=\"MsoNormal\"><strong>Volume optimis\u00e9 pour la stabilit\u00e9, l&rsquo;acc\u00e9l\u00e9ration et un d\u00e9collage rapide<\/strong><\/li>\n<li class=\"MsoNormal\"><strong>Construction l\u00e9g\u00e8re en bambou pour des sensations directes<\/strong><\/li>\n<\/ul>\n","protected":false},"featured_media":28606,"comment_status":"open","ping_status":"closed","template":"","meta":[],"product_cat":[1080,1079],"product_tag":[],"class_list":{"0":"post-28607","1":"product","2":"type-product","3":"status-publish","4":"has-post-thumbnail","6":"product_cat-planches-dw","7":"product_cat-sup","8":"product_brand-f-one","10":"first","11":"instock","12":"shipping-taxable","13":"purchasable","14":"product-type-variable"},"yoast_head":"<!-- This site is optimized with the Yoast SEO plugin v22.8 - https:\/\/yoast.com\/wordpress\/plugins\/seo\/ -->\n<title>ROCKET FREE DOWNWIND | Elevatesurf<\/title>\n<meta name=\"description\" content=\"It\u2019s all downwind from here Pens\u00e9e pour la libert\u00e9, con\u00e7ue pour la performance Disponible chez Elevatesurf, shop wingfoil &amp; kitesurf \u00e0 Neuch\u00e2tel.\" \/>\n<meta name=\"robots\" content=\"index, follow, max-snippet:-1, max-image-preview:large, max-video-preview:-1\" \/>\n<link rel=\"canonical\" href=\"https:\/\/elevatesurf.ch\/fr\/product\/rocket-free-downwind\/\" \/>\n<meta property=\"og:locale\" content=\"fr_FR\" \/>\n<meta property=\"og:type\" content=\"article\" \/>\n<meta property=\"og:title\" content=\"ROCKET FREE DOWNWIND | Elevatesurf\" \/>\n<meta property=\"og:description\" content=\"It\u2019s all downwind from here Pens\u00e9e pour la libert\u00e9, con\u00e7ue pour la performance Disponible chez Elevatesurf, shop wingfoil &amp; kitesurf \u00e0 Neuch\u00e2tel.\" \/>\n<meta property=\"og:url\" content=\"https:\/\/elevatesurf.ch\/fr\/product\/rocket-free-downwind\/\" \/>\n<meta property=\"og:site_name\" content=\"Elevatesurf\" \/>\n<meta property=\"article:modified_time\" content=\"2026-05-15T09:18:45+00:00\" \/>\n<meta property=\"og:image\" content=\"https:\/\/elevatesurf.ch\/wp-content\/uploads\/2026\/05\/rocket-free-downwind.png\" \/>\n\t<meta property=\"og:image:width\" content=\"2000\" \/>\n\t<meta property=\"og:image:height\" content=\"2000\" \/>\n\t<meta property=\"og:image:type\" content=\"image\/png\" \/>\n<meta name=\"twitter:card\" content=\"summary_large_image\" \/>\n<meta name=\"twitter:label1\" content=\"Dur\u00e9e de lecture estim\u00e9e\" \/>\n\t<meta name=\"twitter:data1\" content=\"2 minutes\" \/>\n<script type=\"application\/ld+json\" class=\"yoast-schema-graph\">{\"@context\":\"https:\/\/schema.org\",\"@graph\":[{\"@type\":[\"WebPage\",\"ItemPage\"],\"@id\":\"https:\/\/elevatesurf.ch\/product\/rocket-free-downwind\/\",\"url\":\"https:\/\/elevatesurf.ch\/product\/rocket-free-downwind\/\",\"name\":\"ROCKET FREE DOWNWIND | Elevatesurf\",\"isPartOf\":{\"@id\":\"https:\/\/elevatesurf.ch\/#website\"},\"primaryImageOfPage\":{\"@id\":\"https:\/\/elevatesurf.ch\/product\/rocket-free-downwind\/#primaryimage\"},\"image\":{\"@id\":\"https:\/\/elevatesurf.ch\/product\/rocket-free-downwind\/#primaryimage\"},\"thumbnailUrl\":\"https:\/\/elevatesurf.ch\/wp-content\/uploads\/2026\/05\/rocket-free-downwind.png\",\"datePublished\":\"2026-05-10T20:44:30+00:00\",\"dateModified\":\"2026-05-15T09:18:45+00:00\",\"description\":\"It\u2019s all downwind from here Pens\u00e9e pour la libert\u00e9, con\u00e7ue pour la performance Disponible chez Elevatesurf, shop wingfoil & kitesurf \u00e0 Neuch\u00e2tel.\",\"breadcrumb\":{\"@id\":\"https:\/\/elevatesurf.ch\/product\/rocket-free-downwind\/#breadcrumb\"},\"inLanguage\":\"fr-FR\",\"potentialAction\":[{\"@type\":\"ReadAction\",\"target\":[\"https:\/\/elevatesurf.ch\/product\/rocket-free-downwind\/\"]}]},{\"@type\":\"ImageObject\",\"inLanguage\":\"fr-FR\",\"@id\":\"https:\/\/elevatesurf.ch\/product\/rocket-free-downwind\/#primaryimage\",\"url\":\"https:\/\/elevatesurf.ch\/wp-content\/uploads\/2026\/05\/rocket-free-downwind.png\",\"contentUrl\":\"https:\/\/elevatesurf.ch\/wp-content\/uploads\/2026\/05\/rocket-free-downwind.png\",\"width\":2000,\"height\":2000,\"caption\":\"F-One ROCKET FREE DOWNWIND | Elevatesurf\"},{\"@type\":\"BreadcrumbList\",\"@id\":\"https:\/\/elevatesurf.ch\/product\/rocket-free-downwind\/#breadcrumb\",\"itemListElement\":[{\"@type\":\"ListItem\",\"position\":1,\"name\":\"Accueil\",\"item\":\"https:\/\/elevatesurf.ch\/\"},{\"@type\":\"ListItem\",\"position\":2,\"name\":\"Boutique \u2013 Wingfoil, Kitesurf &#038; Accessoires\",\"item\":\"https:\/\/elevatesurf.ch\/shop\/\"},{\"@type\":\"ListItem\",\"position\":3,\"name\":\"ROCKET FREE DOWNWIND\"}]},{\"@type\":\"WebSite\",\"@id\":\"https:\/\/elevatesurf.ch\/#website\",\"url\":\"https:\/\/elevatesurf.ch\/\",\"name\":\"Elevatesurf\",\"description\":\"Surfez vers de nouveaux sommets avec ElevateSurf ! Kiteshop, Wingshop\",\"publisher\":{\"@id\":\"https:\/\/elevatesurf.ch\/#organization\"},\"potentialAction\":[{\"@type\":\"SearchAction\",\"target\":{\"@type\":\"EntryPoint\",\"urlTemplate\":\"https:\/\/elevatesurf.ch\/?s={search_term_string}\"},\"query-input\":\"required name=search_term_string\"}],\"inLanguage\":\"fr-FR\"},{\"@type\":\"Organization\",\"@id\":\"https:\/\/elevatesurf.ch\/#organization\",\"name\":\"Elevatesurf\",\"url\":\"https:\/\/elevatesurf.ch\/\",\"logo\":{\"@type\":\"ImageObject\",\"inLanguage\":\"fr-FR\",\"@id\":\"https:\/\/elevatesurf.ch\/#\/schema\/logo\/image\/\",\"url\":\"https:\/\/elevatesurf.ch\/wp-content\/uploads\/2024\/06\/67c2ec70-bdf5-4c14-898a-ded5b2051398.jpg\",\"contentUrl\":\"https:\/\/elevatesurf.ch\/wp-content\/uploads\/2024\/06\/67c2ec70-bdf5-4c14-898a-ded5b2051398.jpg\",\"width\":1024,\"height\":1024,\"caption\":\"Elevatesurf\"},\"image\":{\"@id\":\"https:\/\/elevatesurf.ch\/#\/schema\/logo\/image\/\"},\"sameAs\":[\"https:\/\/www.instagram.com\/elevate__surf\/\"]}]}<\/script>\n<!-- \/ Yoast SEO plugin. -->","yoast_head_json":{"title":"ROCKET FREE DOWNWIND | Elevatesurf","description":"It\u2019s all downwind from here Pens\u00e9e pour la libert\u00e9, con\u00e7ue pour la performance Disponible chez Elevatesurf, shop wingfoil & kitesurf \u00e0 Neuch\u00e2tel.","robots":{"index":"index","follow":"follow","max-snippet":"max-snippet:-1","max-image-preview":"max-image-preview:large","max-video-preview":"max-video-preview:-1"},"canonical":"https:\/\/elevatesurf.ch\/fr\/product\/rocket-free-downwind\/","og_locale":"fr_FR","og_type":"article","og_title":"ROCKET FREE DOWNWIND | Elevatesurf","og_description":"It\u2019s all downwind from here Pens\u00e9e pour la libert\u00e9, con\u00e7ue pour la performance Disponible chez Elevatesurf, shop wingfoil & kitesurf \u00e0 Neuch\u00e2tel.","og_url":"https:\/\/elevatesurf.ch\/fr\/product\/rocket-free-downwind\/","og_site_name":"Elevatesurf","article_modified_time":"2026-05-15T09:18:45+00:00","og_image":[{"width":2000,"height":2000,"url":"https:\/\/elevatesurf.ch\/wp-content\/uploads\/2026\/05\/rocket-free-downwind.png","type":"image\/png"}],"twitter_card":"summary_large_image","twitter_misc":{"Dur\u00e9e de lecture estim\u00e9e":"2 minutes"},"schema":{"@context":"https:\/\/schema.org","@graph":[{"@type":["WebPage","ItemPage"],"@id":"https:\/\/elevatesurf.ch\/product\/rocket-free-downwind\/","url":"https:\/\/elevatesurf.ch\/product\/rocket-free-downwind\/","name":"ROCKET FREE DOWNWIND | Elevatesurf","isPartOf":{"@id":"https:\/\/elevatesurf.ch\/#website"},"primaryImageOfPage":{"@id":"https:\/\/elevatesurf.ch\/product\/rocket-free-downwind\/#primaryimage"},"image":{"@id":"https:\/\/elevatesurf.ch\/product\/rocket-free-downwind\/#primaryimage"},"thumbnailUrl":"https:\/\/elevatesurf.ch\/wp-content\/uploads\/2026\/05\/rocket-free-downwind.png","datePublished":"2026-05-10T20:44:30+00:00","dateModified":"2026-05-15T09:18:45+00:00","description":"It\u2019s all downwind from here Pens\u00e9e pour la libert\u00e9, con\u00e7ue pour la performance Disponible chez Elevatesurf, shop wingfoil & kitesurf \u00e0 Neuch\u00e2tel.","breadcrumb":{"@id":"https:\/\/elevatesurf.ch\/product\/rocket-free-downwind\/#breadcrumb"},"inLanguage":"fr-FR","potentialAction":[{"@type":"ReadAction","target":["https:\/\/elevatesurf.ch\/product\/rocket-free-downwind\/"]}]},{"@type":"ImageObject","inLanguage":"fr-FR","@id":"https:\/\/elevatesurf.ch\/product\/rocket-free-downwind\/#primaryimage","url":"https:\/\/elevatesurf.ch\/wp-content\/uploads\/2026\/05\/rocket-free-downwind.png","contentUrl":"https:\/\/elevatesurf.ch\/wp-content\/uploads\/2026\/05\/rocket-free-downwind.png","width":2000,"height":2000,"caption":"F-One ROCKET FREE DOWNWIND | Elevatesurf"},{"@type":"BreadcrumbList","@id":"https:\/\/elevatesurf.ch\/product\/rocket-free-downwind\/#breadcrumb","itemListElement":[{"@type":"ListItem","position":1,"name":"Accueil","item":"https:\/\/elevatesurf.ch\/"},{"@type":"ListItem","position":2,"name":"Boutique \u2013 Wingfoil, Kitesurf &#038; Accessoires","item":"https:\/\/elevatesurf.ch\/shop\/"},{"@type":"ListItem","position":3,"name":"ROCKET FREE DOWNWIND"}]},{"@type":"WebSite","@id":"https:\/\/elevatesurf.ch\/#website","url":"https:\/\/elevatesurf.ch\/","name":"Elevatesurf","description":"Surfez vers de nouveaux sommets avec ElevateSurf ! Kiteshop, Wingshop","publisher":{"@id":"https:\/\/elevatesurf.ch\/#organization"},"potentialAction":[{"@type":"SearchAction","target":{"@type":"EntryPoint","urlTemplate":"https:\/\/elevatesurf.ch\/?s={search_term_string}"},"query-input":"required name=search_term_string"}],"inLanguage":"fr-FR"},{"@type":"Organization","@id":"https:\/\/elevatesurf.ch\/#organization","name":"Elevatesurf","url":"https:\/\/elevatesurf.ch\/","logo":{"@type":"ImageObject","inLanguage":"fr-FR","@id":"https:\/\/elevatesurf.ch\/#\/schema\/logo\/image\/","url":"https:\/\/elevatesurf.ch\/wp-content\/uploads\/2024\/06\/67c2ec70-bdf5-4c14-898a-ded5b2051398.jpg","contentUrl":"https:\/\/elevatesurf.ch\/wp-content\/uploads\/2024\/06\/67c2ec70-bdf5-4c14-898a-ded5b2051398.jpg","width":1024,"height":1024,"caption":"Elevatesurf"},"image":{"@id":"https:\/\/elevatesurf.ch\/#\/schema\/logo\/image\/"},"sameAs":["https:\/\/www.instagram.com\/elevate__surf\/"]}]}},"_links":{"self":[{"href":"https:\/\/elevatesurf.ch\/fr\/wp-json\/wp\/v2\/product\/28607","targetHints":{"allow":["GET"]}}],"collection":[{"href":"https:\/\/elevatesurf.ch\/fr\/wp-json\/wp\/v2\/product"}],"about":[{"href":"https:\/\/elevatesurf.ch\/fr\/wp-json\/wp\/v2\/types\/product"}],"replies":[{"embeddable":true,"href":"https:\/\/elevatesurf.ch\/fr\/wp-json\/wp\/v2\/comments?post=28607"}],"wp:featuredmedia":[{"embeddable":true,"href":"https:\/\/elevatesurf.ch\/fr\/wp-json\/wp\/v2\/media\/28606"}],"wp:attachment":[{"href":"https:\/\/elevatesurf.ch\/fr\/wp-json\/wp\/v2\/media?parent=28607"}],"wp:term":[{"taxonomy":"product_cat","embeddable":true,"href":"https:\/\/elevatesurf.ch\/fr\/wp-json\/wp\/v2\/product_cat?post=28607"},{"taxonomy":"product_tag","embeddable":true,"href":"https:\/\/elevatesurf.ch\/fr\/wp-json\/wp\/v2\/product_tag?post=28607"}],"curies":[{"name":"wp","href":"https:\/\/api.w.org\/{rel}","templated":true}]}}