{"id":28694,"date":"2026-05-10T20:48:56","date_gmt":"2026-05-10T20:48:56","guid":{"rendered":"https:\/\/elevatesurf.ch\/fr\/product\/tail-dw-156-xxs\/"},"modified":"2026-05-10T20:48:56","modified_gmt":"2026-05-10T20:48:56","slug":"tail-dw-156-xxs","status":"publish","type":"product","link":"https:\/\/elevatesurf.ch\/fr\/product\/tail-dw-156-xxs\/","title":{"rendered":"TAIL DW 156 XXS"},"content":{"rendered":"<p>Avec un allongement de 9.0, ces Monobloc Tails DW sont optimis\u00e9s pour offrir encore plus de glisse, un take-off plus progressif et des performances am\u00e9lior\u00e9es en plage basse, tout en assurant un ride stable et confortable ainsi qu\u2019une excellente stabilit\u00e9 \u00e0 vitesse \u00e9lev\u00e9e.<\/p>\n<p>Le fuselage plus long permet de gagner de la stabilit\u00e9 en pitch, ce qui est un grand avantage dans des conditions de vent fort o\u00f9 le foil traversera les bumps sans secousses ou surpuissance. Il offre aussi une meilleure projection vers l\u2019avant avec un pumping plus efficace.<\/p>\n<p>Leur surface r\u00e9duite permet de gagner en vitesse et r\u00e9activit\u00e9. Un l\u00e9ger di\u00e8dre a \u00e9t\u00e9 ajout\u00e9 pour am\u00e9liorer le roll et rendre ce Tail plus joueur que le pr\u00e9c\u00e9dent. Ce di\u00e8dre apporte \u00e9galement une meilleure stabilit\u00e9 en pivot, et en fait un choix id\u00e9al pour accompagner les foils des gammes SEVEN SEAS et EAGLE X.<\/p>\n<p>Les Monobloc Tails DW sont incontournables pour des runs efficaces et pour chasser les bumps \u00e0 l\u2019infini.<\/p>\n","protected":false},"excerpt":{"rendered":"<p>Les nouveaux Monobloc Tails DW sont con\u00e7us pour apporter plus de glisse, de contr\u00f4le et d&rsquo;efficacit\u00e9 \u00e0 tous vos runs. Avec leurs outlines optimis\u00e9s et leurs fuselages plus longs, ils offrent un \u00e9quilibre parfait entre stabilit\u00e9 et projection vers l&rsquo;avant pour plus de performance dans toutes les conditions.<\/p>\n<ul>\n<li>Con\u00e7us pour des pratiquants de downwind aguerris<\/li>\n<li>Id\u00e9al naviguer \u00e0 pleine vitesse, les longs downwinds et pour surfer la houle<\/li>\n<li>Surface r\u00e9duite = Plus de vitesse \/ fuselage allong\u00e9 = Meilleure stabilit\u00e9<\/li>\n<li>Projection vers l\u2019avant maximale<\/li>\n<li>Con\u00e7u pour les foils SEVEN SEAS et EAGLE X<\/li>\n<\/ul>\n","protected":false},"featured_media":28691,"comment_status":"open","ping_status":"closed","template":"","meta":[],"product_cat":[1040,1043],"product_tag":[],"class_list":{"0":"post-28694","1":"product","2":"type-product","3":"status-publish","4":"has-post-thumbnail","6":"product_cat-foil","7":"product_cat-monoblocs","8":"product_brand-f-one","10":"first","11":"outofstock","12":"shipping-taxable","13":"purchasable","14":"product-type-simple"},"yoast_head":"<!-- This site is optimized with the Yoast SEO plugin v22.8 - https:\/\/yoast.com\/wordpress\/plugins\/seo\/ -->\n<title>TAIL DW 156 XXS - Elevatesurf<\/title>\n<meta name=\"description\" content=\"Elevatesurf TAIL DW 156 XXS\" \/>\n<meta name=\"robots\" content=\"index, follow, max-snippet:-1, max-image-preview:large, max-video-preview:-1\" \/>\n<link rel=\"canonical\" href=\"https:\/\/elevatesurf.ch\/fr\/product\/tail-dw-156-xxs\/\" \/>\n<meta property=\"og:locale\" content=\"fr_FR\" \/>\n<meta property=\"og:type\" content=\"article\" \/>\n<meta property=\"og:title\" content=\"TAIL DW 156 XXS - Elevatesurf\" \/>\n<meta property=\"og:description\" content=\"Elevatesurf TAIL DW 156 XXS\" \/>\n<meta property=\"og:url\" content=\"https:\/\/elevatesurf.ch\/fr\/product\/tail-dw-156-xxs\/\" \/>\n<meta property=\"og:site_name\" content=\"Elevatesurf\" \/>\n<meta name=\"twitter:card\" content=\"summary_large_image\" \/>\n<meta name=\"twitter:label1\" content=\"Dur\u00e9e de lecture estim\u00e9e\" \/>\n\t<meta name=\"twitter:data1\" content=\"1 minute\" \/>\n<script type=\"application\/ld+json\" class=\"yoast-schema-graph\">{\"@context\":\"https:\/\/schema.org\",\"@graph\":[{\"@type\":[\"WebPage\",\"ItemPage\"],\"@id\":\"https:\/\/elevatesurf.ch\/fr\/product\/tail-dw-156-xxs\/\",\"url\":\"https:\/\/elevatesurf.ch\/fr\/product\/tail-dw-156-xxs\/\",\"name\":\"TAIL DW 156 XXS - Elevatesurf\",\"isPartOf\":{\"@id\":\"https:\/\/elevatesurf.ch\/#website\"},\"primaryImageOfPage\":{\"@id\":\"https:\/\/elevatesurf.ch\/fr\/product\/tail-dw-156-xxs\/#primaryimage\"},\"image\":{\"@id\":\"https:\/\/elevatesurf.ch\/fr\/product\/tail-dw-156-xxs\/#primaryimage\"},\"thumbnailUrl\":\"https:\/\/elevatesurf.ch\/wp-content\/uploads\/2026\/05\/tail-dw-156-xxs.png\",\"datePublished\":\"2026-05-10T20:48:56+00:00\",\"dateModified\":\"2026-05-10T20:48:56+00:00\",\"description\":\"Elevatesurf TAIL DW 156 XXS\",\"breadcrumb\":{\"@id\":\"https:\/\/elevatesurf.ch\/fr\/product\/tail-dw-156-xxs\/#breadcrumb\"},\"inLanguage\":\"fr-FR\",\"potentialAction\":[{\"@type\":\"ReadAction\",\"target\":[\"https:\/\/elevatesurf.ch\/fr\/product\/tail-dw-156-xxs\/\"]}]},{\"@type\":\"ImageObject\",\"inLanguage\":\"fr-FR\",\"@id\":\"https:\/\/elevatesurf.ch\/fr\/product\/tail-dw-156-xxs\/#primaryimage\",\"url\":\"https:\/\/elevatesurf.ch\/wp-content\/uploads\/2026\/05\/tail-dw-156-xxs.png\",\"contentUrl\":\"https:\/\/elevatesurf.ch\/wp-content\/uploads\/2026\/05\/tail-dw-156-xxs.png\",\"width\":2000,\"height\":2000},{\"@type\":\"BreadcrumbList\",\"@id\":\"https:\/\/elevatesurf.ch\/fr\/product\/tail-dw-156-xxs\/#breadcrumb\",\"itemListElement\":[{\"@type\":\"ListItem\",\"position\":1,\"name\":\"Accueil\",\"item\":\"https:\/\/elevatesurf.ch\/\"},{\"@type\":\"ListItem\",\"position\":2,\"name\":\"Shop &#8211; \u00c9levez Votre Exp\u00e9rience de Surf avec Notre Collection\",\"item\":\"https:\/\/elevatesurf.ch\/shop\/\"},{\"@type\":\"ListItem\",\"position\":3,\"name\":\"TAIL DW 156 XXS\"}]},{\"@type\":\"WebSite\",\"@id\":\"https:\/\/elevatesurf.ch\/#website\",\"url\":\"https:\/\/elevatesurf.ch\/\",\"name\":\"Elevatesurf\",\"description\":\"Surfez vers de nouveaux sommets avec ElevateSurf ! Kiteshop, Wingshop\",\"publisher\":{\"@id\":\"https:\/\/elevatesurf.ch\/#organization\"},\"potentialAction\":[{\"@type\":\"SearchAction\",\"target\":{\"@type\":\"EntryPoint\",\"urlTemplate\":\"https:\/\/elevatesurf.ch\/?s={search_term_string}\"},\"query-input\":\"required name=search_term_string\"}],\"inLanguage\":\"fr-FR\"},{\"@type\":\"Organization\",\"@id\":\"https:\/\/elevatesurf.ch\/#organization\",\"name\":\"Elevatesurf\",\"url\":\"https:\/\/elevatesurf.ch\/\",\"logo\":{\"@type\":\"ImageObject\",\"inLanguage\":\"fr-FR\",\"@id\":\"https:\/\/elevatesurf.ch\/#\/schema\/logo\/image\/\",\"url\":\"https:\/\/elevatesurf.ch\/wp-content\/uploads\/2024\/06\/67c2ec70-bdf5-4c14-898a-ded5b2051398.jpg\",\"contentUrl\":\"https:\/\/elevatesurf.ch\/wp-content\/uploads\/2024\/06\/67c2ec70-bdf5-4c14-898a-ded5b2051398.jpg\",\"width\":1024,\"height\":1024,\"caption\":\"Elevatesurf\"},\"image\":{\"@id\":\"https:\/\/elevatesurf.ch\/#\/schema\/logo\/image\/\"},\"sameAs\":[\"https:\/\/www.instagram.com\/elevate__surf\/\"]}]}<\/script>\n<!-- \/ Yoast SEO plugin. -->","yoast_head_json":{"title":"TAIL DW 156 XXS - Elevatesurf","description":"Elevatesurf TAIL DW 156 XXS","robots":{"index":"index","follow":"follow","max-snippet":"max-snippet:-1","max-image-preview":"max-image-preview:large","max-video-preview":"max-video-preview:-1"},"canonical":"https:\/\/elevatesurf.ch\/fr\/product\/tail-dw-156-xxs\/","og_locale":"fr_FR","og_type":"article","og_title":"TAIL DW 156 XXS - Elevatesurf","og_description":"Elevatesurf TAIL DW 156 XXS","og_url":"https:\/\/elevatesurf.ch\/fr\/product\/tail-dw-156-xxs\/","og_site_name":"Elevatesurf","twitter_card":"summary_large_image","twitter_misc":{"Dur\u00e9e de lecture estim\u00e9e":"1 minute"},"schema":{"@context":"https:\/\/schema.org","@graph":[{"@type":["WebPage","ItemPage"],"@id":"https:\/\/elevatesurf.ch\/fr\/product\/tail-dw-156-xxs\/","url":"https:\/\/elevatesurf.ch\/fr\/product\/tail-dw-156-xxs\/","name":"TAIL DW 156 XXS - Elevatesurf","isPartOf":{"@id":"https:\/\/elevatesurf.ch\/#website"},"primaryImageOfPage":{"@id":"https:\/\/elevatesurf.ch\/fr\/product\/tail-dw-156-xxs\/#primaryimage"},"image":{"@id":"https:\/\/elevatesurf.ch\/fr\/product\/tail-dw-156-xxs\/#primaryimage"},"thumbnailUrl":"https:\/\/elevatesurf.ch\/wp-content\/uploads\/2026\/05\/tail-dw-156-xxs.png","datePublished":"2026-05-10T20:48:56+00:00","dateModified":"2026-05-10T20:48:56+00:00","description":"Elevatesurf TAIL DW 156 XXS","breadcrumb":{"@id":"https:\/\/elevatesurf.ch\/fr\/product\/tail-dw-156-xxs\/#breadcrumb"},"inLanguage":"fr-FR","potentialAction":[{"@type":"ReadAction","target":["https:\/\/elevatesurf.ch\/fr\/product\/tail-dw-156-xxs\/"]}]},{"@type":"ImageObject","inLanguage":"fr-FR","@id":"https:\/\/elevatesurf.ch\/fr\/product\/tail-dw-156-xxs\/#primaryimage","url":"https:\/\/elevatesurf.ch\/wp-content\/uploads\/2026\/05\/tail-dw-156-xxs.png","contentUrl":"https:\/\/elevatesurf.ch\/wp-content\/uploads\/2026\/05\/tail-dw-156-xxs.png","width":2000,"height":2000},{"@type":"BreadcrumbList","@id":"https:\/\/elevatesurf.ch\/fr\/product\/tail-dw-156-xxs\/#breadcrumb","itemListElement":[{"@type":"ListItem","position":1,"name":"Accueil","item":"https:\/\/elevatesurf.ch\/"},{"@type":"ListItem","position":2,"name":"Shop &#8211; \u00c9levez Votre Exp\u00e9rience de Surf avec Notre Collection","item":"https:\/\/elevatesurf.ch\/shop\/"},{"@type":"ListItem","position":3,"name":"TAIL DW 156 XXS"}]},{"@type":"WebSite","@id":"https:\/\/elevatesurf.ch\/#website","url":"https:\/\/elevatesurf.ch\/","name":"Elevatesurf","description":"Surfez vers de nouveaux sommets avec ElevateSurf ! Kiteshop, Wingshop","publisher":{"@id":"https:\/\/elevatesurf.ch\/#organization"},"potentialAction":[{"@type":"SearchAction","target":{"@type":"EntryPoint","urlTemplate":"https:\/\/elevatesurf.ch\/?s={search_term_string}"},"query-input":"required name=search_term_string"}],"inLanguage":"fr-FR"},{"@type":"Organization","@id":"https:\/\/elevatesurf.ch\/#organization","name":"Elevatesurf","url":"https:\/\/elevatesurf.ch\/","logo":{"@type":"ImageObject","inLanguage":"fr-FR","@id":"https:\/\/elevatesurf.ch\/#\/schema\/logo\/image\/","url":"https:\/\/elevatesurf.ch\/wp-content\/uploads\/2024\/06\/67c2ec70-bdf5-4c14-898a-ded5b2051398.jpg","contentUrl":"https:\/\/elevatesurf.ch\/wp-content\/uploads\/2024\/06\/67c2ec70-bdf5-4c14-898a-ded5b2051398.jpg","width":1024,"height":1024,"caption":"Elevatesurf"},"image":{"@id":"https:\/\/elevatesurf.ch\/#\/schema\/logo\/image\/"},"sameAs":["https:\/\/www.instagram.com\/elevate__surf\/"]}]}},"_links":{"self":[{"href":"https:\/\/elevatesurf.ch\/fr\/wp-json\/wp\/v2\/product\/28694","targetHints":{"allow":["GET"]}}],"collection":[{"href":"https:\/\/elevatesurf.ch\/fr\/wp-json\/wp\/v2\/product"}],"about":[{"href":"https:\/\/elevatesurf.ch\/fr\/wp-json\/wp\/v2\/types\/product"}],"replies":[{"embeddable":true,"href":"https:\/\/elevatesurf.ch\/fr\/wp-json\/wp\/v2\/comments?post=28694"}],"wp:featuredmedia":[{"embeddable":true,"href":"https:\/\/elevatesurf.ch\/fr\/wp-json\/wp\/v2\/media\/28691"}],"wp:attachment":[{"href":"https:\/\/elevatesurf.ch\/fr\/wp-json\/wp\/v2\/media?parent=28694"}],"wp:term":[{"taxonomy":"product_cat","embeddable":true,"href":"https:\/\/elevatesurf.ch\/fr\/wp-json\/wp\/v2\/product_cat?post=28694"},{"taxonomy":"product_tag","embeddable":true,"href":"https:\/\/elevatesurf.ch\/fr\/wp-json\/wp\/v2\/product_tag?post=28694"}],"curies":[{"name":"wp","href":"https:\/\/api.w.org\/{rel}","templated":true}]}}